{"id":184,"date":"2025-12-02T16:08:32","date_gmt":"2025-12-02T15:08:32","guid":{"rendered":"https:\/\/3sport2025.ppawebdesign.com\/a1\/?page_id=184"},"modified":"2025-12-04T16:01:12","modified_gmt":"2025-12-04T15:01:12","slug":"classement","status":"publish","type":"page","link":"https:\/\/3sport2025.ppawebdesign.com\/a1\/classement\/","title":{"rendered":"Classement"},"content":{"rendered":"<p>[et_pb_section fb_built=\u00a0\u00bb1&Prime; _builder_version=\u00a0\u00bb4.27.4&Prime; _module_preset=\u00a0\u00bbdefault\u00a0\u00bb global_colors_info=\u00a0\u00bb{}\u00a0\u00bb][et_pb_row column_structure=\u00a0\u00bb1_4,3_4&Prime; _builder_version=\u00a0\u00bb4.27.4&Prime; _module_preset=\u00a0\u00bbdefault\u00a0\u00bb global_colors_info=\u00a0\u00bb{}\u00a0\u00bb][et_pb_column type=\u00a0\u00bb1_4&Prime; _builder_version=\u00a0\u00bb4.27.4&Prime; _module_preset=\u00a0\u00bbdefault\u00a0\u00bb global_colors_info=\u00a0\u00bb{}\u00a0\u00bb][et_pb_image src=\u00a0\u00bbhttps:\/\/3sport2025.ppawebdesign.com\/a1\/wp-content\/uploads\/sites\/2\/2025\/12\/Screenshot-2025-12-04-10.59.24.png\u00a0\u00bb title_text=\u00a0\u00bbScreenshot 2025-12-04 10.59.24&Prime; url=\u00a0\u00bbhttps:\/\/www.instagram.com\/uni_move_\/\u00a0\u00bb url_new_window=\u00a0\u00bbon\u00a0\u00bb _builder_version=\u00a0\u00bb4.27.4&Prime; _module_preset=\u00a0\u00bbdefault\u00a0\u00bb global_colors_info=\u00a0\u00bb{}\u00a0\u00bb][\/et_pb_image][\/et_pb_column][et_pb_column type=\u00a0\u00bb3_4&Prime; _builder_version=\u00a0\u00bb4.27.4&Prime; _module_preset=\u00a0\u00bbdefault\u00a0\u00bb global_colors_info=\u00a0\u00bb{}\u00a0\u00bb][et_pb_text _builder_version=\u00a0\u00bb4.27.4&Prime; _module_preset=\u00a0\u00bbdefault\u00a0\u00bb text_font=\u00a0\u00bbUnna||||||||\u00a0\u00bb global_colors_info=\u00a0\u00bb{}\u00a0\u00bb]<\/p>\n<h1>Classement des \u00e9quipes et comment cela va fonctionner\u00a0<\/h1>\n<p>[\/et_pb_text][et_pb_text _builder_version=\u00a0\u00bb4.27.4&Prime; _module_preset=\u00a0\u00bbdefault\u00a0\u00bb text_font=\u00a0\u00bbSignika||||||||\u00a0\u00bb hover_enabled=\u00a0\u00bb0&Prime; global_colors_info=\u00a0\u00bb{}\u00a0\u00bb text_font_size=\u00a0\u00bb16px\u00a0\u00bb sticky_enabled=\u00a0\u00bb0&Prime;]<\/p>\n<p>Les \u00e9quipe seront s\u00e9l\u00e9ctionner en fonction du niveau mais aussi du nombre de points.<\/p>\n<p>[\/et_pb_text][et_pb_image src=\u00a0\u00bbhttps:\/\/3sport2025.ppawebdesign.com\/a1\/wp-content\/uploads\/sites\/2\/2025\/12\/Screenshot-2025-12-04-11.00.08.png\u00a0\u00bb title_text=\u00a0\u00bbScreenshot 2025-12-04 11.00.08&Prime; url=\u00a0\u00bbhttps:\/\/3sport2025.ppawebdesign.com\/a1\/deroule-evenement\/\u00a0\u00bb _builder_version=\u00a0\u00bb4.27.4&Prime; _module_preset=\u00a0\u00bbdefault\u00a0\u00bb global_colors_info=\u00a0\u00bb{}\u00a0\u00bb][\/et_pb_image][\/et_pb_column][\/et_pb_row][\/et_pb_section]<\/p>\n","protected":false},"excerpt":{"rendered":"<p>Classement des \u00e9quipes et comment cela va fonctionner\u00a0Les \u00e9quipe seront s\u00e9l\u00e9ctionner en fonction du niveau mais aussi du nombre de points.<\/p>\n","protected":false},"author":3,"featured_media":0,"parent":0,"menu_order":0,"comment_status":"closed","ping_status":"closed","template":"","meta":{"_et_pb_use_builder":"on","_et_pb_old_content":"","_et_gb_content_width":"","footnotes":""},"class_list":["post-184","page","type-page","status-publish","hentry"],"yoast_head":"<!-- This site is optimized with the Yoast SEO plugin v26.5 - https:\/\/yoast.com\/wordpress\/plugins\/seo\/ -->\n<title>Classement - Uni Move<\/title>\n<meta name=\"description\" content=\"Consultez le classement officiel Uni Move : suivez les scores, les points et le statut des \u00e9quipes\" \/>\n<meta name=\"robots\" content=\"index, follow, max-snippet:-1, max-image-preview:large, max-video-preview:-1\" \/>\n<link rel=\"canonical\" href=\"https:\/\/3sport2025.ppawebdesign.com\/a1\/classement\/\" \/>\n<meta property=\"og:locale\" content=\"fr_FR\" \/>\n<meta property=\"og:type\" content=\"article\" \/>\n<meta property=\"og:title\" content=\"Classement - Uni Move\" \/>\n<meta property=\"og:description\" content=\"Consultez le classement officiel Uni Move : suivez les scores, les points et le statut des \u00e9quipes\" \/>\n<meta property=\"og:url\" content=\"https:\/\/3sport2025.ppawebdesign.com\/a1\/classement\/\" \/>\n<meta property=\"og:site_name\" content=\"Uni Move\" \/>\n<meta property=\"article:modified_time\" content=\"2025-12-04T15:01:12+00:00\" \/>\n<meta name=\"twitter:card\" content=\"summary_large_image\" \/>\n<script type=\"application\/ld+json\" class=\"yoast-schema-graph\">{\"@context\":\"https:\/\/schema.org\",\"@graph\":[{\"@type\":\"WebPage\",\"@id\":\"https:\/\/3sport2025.ppawebdesign.com\/a1\/classement\/\",\"url\":\"https:\/\/3sport2025.ppawebdesign.com\/a1\/classement\/\",\"name\":\"Classement - Uni Move\",\"isPartOf\":{\"@id\":\"https:\/\/3sport2025.ppawebdesign.com\/a1\/#website\"},\"datePublished\":\"2025-12-02T15:08:32+00:00\",\"dateModified\":\"2025-12-04T15:01:12+00:00\",\"description\":\"Consultez le classement officiel Uni Move : suivez les scores, les points et le statut des \u00e9quipes\",\"breadcrumb\":{\"@id\":\"https:\/\/3sport2025.ppawebdesign.com\/a1\/classement\/#breadcrumb\"},\"inLanguage\":\"fr-FR\",\"potentialAction\":[{\"@type\":\"ReadAction\",\"target\":[\"https:\/\/3sport2025.ppawebdesign.com\/a1\/classement\/\"]}]},{\"@type\":\"BreadcrumbList\",\"@id\":\"https:\/\/3sport2025.ppawebdesign.com\/a1\/classement\/#breadcrumb\",\"itemListElement\":[{\"@type\":\"ListItem\",\"position\":1,\"name\":\"Accueil\",\"item\":\"https:\/\/3sport2025.ppawebdesign.com\/a1\/\"},{\"@type\":\"ListItem\",\"position\":2,\"name\":\"Classement\"}]},{\"@type\":\"WebSite\",\"@id\":\"https:\/\/3sport2025.ppawebdesign.com\/a1\/#website\",\"url\":\"https:\/\/3sport2025.ppawebdesign.com\/a1\/\",\"name\":\"Uni Move\",\"description\":\"\",\"potentialAction\":[{\"@type\":\"SearchAction\",\"target\":{\"@type\":\"EntryPoint\",\"urlTemplate\":\"https:\/\/3sport2025.ppawebdesign.com\/a1\/?s={search_term_string}\"},\"query-input\":{\"@type\":\"PropertyValueSpecification\",\"valueRequired\":true,\"valueName\":\"search_term_string\"}}],\"inLanguage\":\"fr-FR\"}]}<\/script>\n<!-- \/ Yoast SEO plugin. -->","yoast_head_json":{"title":"Classement - Uni Move","description":"Consultez le classement officiel Uni Move : suivez les scores, les points et le statut des \u00e9quipes","robots":{"index":"index","follow":"follow","max-snippet":"max-snippet:-1","max-image-preview":"max-image-preview:large","max-video-preview":"max-video-preview:-1"},"canonical":"https:\/\/3sport2025.ppawebdesign.com\/a1\/classement\/","og_locale":"fr_FR","og_type":"article","og_title":"Classement - Uni Move","og_description":"Consultez le classement officiel Uni Move : suivez les scores, les points et le statut des \u00e9quipes","og_url":"https:\/\/3sport2025.ppawebdesign.com\/a1\/classement\/","og_site_name":"Uni Move","article_modified_time":"2025-12-04T15:01:12+00:00","twitter_card":"summary_large_image","schema":{"@context":"https:\/\/schema.org","@graph":[{"@type":"WebPage","@id":"https:\/\/3sport2025.ppawebdesign.com\/a1\/classement\/","url":"https:\/\/3sport2025.ppawebdesign.com\/a1\/classement\/","name":"Classement - Uni Move","isPartOf":{"@id":"https:\/\/3sport2025.ppawebdesign.com\/a1\/#website"},"datePublished":"2025-12-02T15:08:32+00:00","dateModified":"2025-12-04T15:01:12+00:00","description":"Consultez le classement officiel Uni Move : suivez les scores, les points et le statut des \u00e9quipes","breadcrumb":{"@id":"https:\/\/3sport2025.ppawebdesign.com\/a1\/classement\/#breadcrumb"},"inLanguage":"fr-FR","potentialAction":[{"@type":"ReadAction","target":["https:\/\/3sport2025.ppawebdesign.com\/a1\/classement\/"]}]},{"@type":"BreadcrumbList","@id":"https:\/\/3sport2025.ppawebdesign.com\/a1\/classement\/#breadcrumb","itemListElement":[{"@type":"ListItem","position":1,"name":"Accueil","item":"https:\/\/3sport2025.ppawebdesign.com\/a1\/"},{"@type":"ListItem","position":2,"name":"Classement"}]},{"@type":"WebSite","@id":"https:\/\/3sport2025.ppawebdesign.com\/a1\/#website","url":"https:\/\/3sport2025.ppawebdesign.com\/a1\/","name":"Uni Move","description":"","potentialAction":[{"@type":"SearchAction","target":{"@type":"EntryPoint","urlTemplate":"https:\/\/3sport2025.ppawebdesign.com\/a1\/?s={search_term_string}"},"query-input":{"@type":"PropertyValueSpecification","valueRequired":true,"valueName":"search_term_string"}}],"inLanguage":"fr-FR"}]}},"_links":{"self":[{"href":"https:\/\/3sport2025.ppawebdesign.com\/a1\/wp-json\/wp\/v2\/pages\/184","targetHints":{"allow":["GET"]}}],"collection":[{"href":"https:\/\/3sport2025.ppawebdesign.com\/a1\/wp-json\/wp\/v2\/pages"}],"about":[{"href":"https:\/\/3sport2025.ppawebdesign.com\/a1\/wp-json\/wp\/v2\/types\/page"}],"author":[{"embeddable":true,"href":"https:\/\/3sport2025.ppawebdesign.com\/a1\/wp-json\/wp\/v2\/users\/3"}],"replies":[{"embeddable":true,"href":"https:\/\/3sport2025.ppawebdesign.com\/a1\/wp-json\/wp\/v2\/comments?post=184"}],"version-history":[{"count":12,"href":"https:\/\/3sport2025.ppawebdesign.com\/a1\/wp-json\/wp\/v2\/pages\/184\/revisions"}],"predecessor-version":[{"id":648,"href":"https:\/\/3sport2025.ppawebdesign.com\/a1\/wp-json\/wp\/v2\/pages\/184\/revisions\/648"}],"wp:attachment":[{"href":"https:\/\/3sport2025.ppawebdesign.com\/a1\/wp-json\/wp\/v2\/media?parent=184"}],"curies":[{"name":"wp","href":"https:\/\/api.w.org\/{rel}","templated":true}]}}