{"id":194,"date":"2025-12-02T16:24:47","date_gmt":"2025-12-02T15:24:47","guid":{"rendered":"https:\/\/3sport2025.ppawebdesign.com\/a1\/?page_id=194"},"modified":"2025-12-04T14:52:21","modified_gmt":"2025-12-04T13:52:21","slug":"equipes-inscrites","status":"publish","type":"page","link":"https:\/\/3sport2025.ppawebdesign.com\/a1\/equipes-inscrites\/","title":{"rendered":"\u00c9quipes"},"content":{"rendered":"<p>[et_pb_section fb_built=\u00a0\u00bb1&Prime; _builder_version=\u00a0\u00bb4.27.4&Prime; _module_preset=\u00a0\u00bbdefault\u00a0\u00bb min_height=\u00a0\u00bb756px\u00a0\u00bb global_colors_info=\u00a0\u00bb{}\u00a0\u00bb][et_pb_row _builder_version=\u00a0\u00bb4.27.4&Prime; _module_preset=\u00a0\u00bbdefault\u00a0\u00bb global_colors_info=\u00a0\u00bb{}\u00a0\u00bb][et_pb_column type=\u00a0\u00bb4_4&Prime; _builder_version=\u00a0\u00bb4.27.4&Prime; _module_preset=\u00a0\u00bbdefault\u00a0\u00bb global_colors_info=\u00a0\u00bb{}\u00a0\u00bb][et_pb_text _builder_version=\u00a0\u00bb4.27.4&Prime; _module_preset=\u00a0\u00bbdefault\u00a0\u00bb header_font=\u00a0\u00bbUnna||||||||\u00a0\u00bb header_text_align=\u00a0\u00bbcenter\u00a0\u00bb header_font_size=\u00a0\u00bb56px\u00a0\u00bb global_colors_info=\u00a0\u00bb{}\u00a0\u00bb]<\/p>\n<h1>Les \u00c9quipes inscrites &#8211; Move N Ball.<\/h1>\n<p>[\/et_pb_text][et_pb_text _builder_version=\u00a0\u00bb4.27.4&Prime; _module_preset=\u00a0\u00bbdefault\u00a0\u00bb hover_enabled=\u00a0\u00bb0&Prime; global_colors_info=\u00a0\u00bb{}\u00a0\u00bb header_font=\u00a0\u00bbUnna||||||||\u00a0\u00bb sticky_enabled=\u00a0\u00bb0&Prime;]<\/p>\n<p style=\"text-align: center\">Voici toutes les \u00c9quipes inscrites pour le tournoi de Uni Move<\/p>\n<p>[\/et_pb_text][et_pb_image src=\u00a0\u00bbhttps:\/\/3sport2025.ppawebdesign.com\/a1\/wp-content\/uploads\/sites\/2\/2025\/12\/Capture-decran-2025-12-04-a-11.16.21.jpg\u00a0\u00bb title_text=\u00a0\u00bbCapture d\u2019\u00e9cran 2025-12-04 \u00e0 11.16.21&Prime; url=\u00a0\u00bbhttps:\/\/www.instagram.com\/uni_move_\/\u00a0\u00bb url_new_window=\u00a0\u00bbon\u00a0\u00bb _builder_version=\u00a0\u00bb4.27.4&Prime; _module_preset=\u00a0\u00bbdefault\u00a0\u00bb global_colors_info=\u00a0\u00bb{}\u00a0\u00bb][\/et_pb_image][\/et_pb_column][\/et_pb_row][\/et_pb_section][et_pb_section fb_built=\u00a0\u00bb1&Prime; admin_label=\u00a0\u00bbFooter\u00a0\u00bb _builder_version=\u00a0\u00bb4.25.2&Prime; _module_preset=\u00a0\u00bbbc3d39af-8fcf-4cc6-bdc3-6d19a43014c7&Prime; saved_tabs=\u00a0\u00bball\u00a0\u00bb locked=\u00a0\u00bboff\u00a0\u00bb collapsed=\u00a0\u00bbon\u00a0\u00bb global_colors_info=\u00a0\u00bb{}\u00a0\u00bb][et_pb_row column_structure=\u00a0\u00bb1_2,1_4,1_4&Prime; _builder_version=\u00a0\u00bb4.27.4&Prime; _module_preset=\u00a0\u00bbdefault\u00a0\u00bb link_option_url=\u00a0\u00bbhttps:\/\/www.instagram.com\/uni_move_\/\u00a0\u00bb link_option_url_new_window=\u00a0\u00bbon\u00a0\u00bb locked=\u00a0\u00bboff\u00a0\u00bb global_colors_info=\u00a0\u00bb{}\u00a0\u00bb][et_pb_column type=\u00a0\u00bb1_2&Prime; _builder_version=\u00a0\u00bb4.25.1&Prime; _module_preset=\u00a0\u00bbdefault\u00a0\u00bb global_colors_info=\u00a0\u00bb{}\u00a0\u00bb][et_pb_image src=\u00a0\u00bb@ET-DC@eyJkeW5hbWljIjp0cnVlLCJjb250ZW50Ijoic2l0ZV9sb2dvIiwic2V0dGluZ3MiOnsiZW5hYmxlX2h0bWwiOiJvZmYifX0=@\u00a0\u00bb title_text=\u00a0\u00bbdivi-logo-mark-white\u00a0\u00bb url=\u00a0\u00bb@ET-DC@eyJkeW5hbWljIjp0cnVlLCJjb250ZW50IjoiaG9tZV91cmwiLCJzZXR0aW5ncyI6eyJlbmFibGVfaHRtbCI6Im9mZiJ9fQ==@\u00a0\u00bb _builder_version=\u00a0\u00bb4.25.2&Prime; _dynamic_attributes=\u00a0\u00bbsrc,url\u00a0\u00bb _module_preset=\u00a0\u00bbdefault\u00a0\u00bb max_height=\u00a0\u00bb64px\u00a0\u00bb custom_margin=\u00a0\u00bb||20px||false|false\u00a0\u00bb global_colors_info=\u00a0\u00bb{}\u00a0\u00bb][\/et_pb_image][et_pb_signup mailchimp_list=\u00a0\u00bbundefined|undefined|\u00a0\u00bb first_name_field=\u00a0\u00bboff\u00a0\u00bb last_name_field=\u00a0\u00bboff\u00a0\u00bb title=\u00a0\u00bbInscrivez-vous pour recevoir les news &amp; avancement .\u00a0\u00bb button_text=\u00a0\u00bbS&rsquo;abonner\u00a0\u00bb _builder_version=\u00a0\u00bb4.27.4&Prime; _module_preset=\u00a0\u00bb1a6b7eed-2df0-4859-bbab-fec97529b8a5&Prime; button_text_color=\u00a0\u00bb#FFFFFF\u00a0\u00bb button_bg_color=\u00a0\u00bb#0c49ce\u00a0\u00bb global_colors_info=\u00a0\u00bb{}\u00a0\u00bb][\/et_pb_signup][\/et_pb_column][et_pb_column type=\u00a0\u00bb1_4&Prime; _builder_version=\u00a0\u00bb4.25.1&Prime; _module_preset=\u00a0\u00bbdefault\u00a0\u00bb global_colors_info=\u00a0\u00bb{}\u00a0\u00bb][et_pb_heading title=\u00a0\u00bbLiens\u00a0\u00bb _builder_version=\u00a0\u00bb4.27.4&Prime; _module_preset=\u00a0\u00bbffaeb8fc-c34b-4fdd-aea9-11ed77d7d990&Prime; title_text_color=\u00a0\u00bb#FFFFFF\u00a0\u00bb custom_margin=\u00a0\u00bb||10px||false|false\u00a0\u00bb locked=\u00a0\u00bboff\u00a0\u00bb global_colors_info=\u00a0\u00bb{}\u00a0\u00bb][\/et_pb_heading][et_pb_text _builder_version=\u00a0\u00bb4.27.4&Prime; _module_preset=\u00a0\u00bbe8c105a7-e39f-48f6-977e-7a5af6708dca\u00a0\u00bb custom_margin=\u00a0\u00bb||8px||false|false\u00a0\u00bb]<\/p>\n<p><span style=\"text-decoration: underline\">Accueil<\/span><\/p>\n<p>[\/et_pb_text][et_pb_text _builder_version=\u00a0\u00bb4.27.4&Prime; _module_preset=\u00a0\u00bbe8c105a7-e39f-48f6-977e-7a5af6708dca\u00a0\u00bb custom_margin=\u00a0\u00bb||8px||false|false\u00a0\u00bb]<\/p>\n<p><span style=\"text-decoration: underline\">A propos de nous<\/span><\/p>\n<p>[\/et_pb_text][et_pb_text _builder_version=\u00a0\u00bb4.25.1&Prime; _module_preset=\u00a0\u00bbe8c105a7-e39f-48f6-977e-7a5af6708dca\u00a0\u00bb custom_margin=\u00a0\u00bb||8px||false|false\u00a0\u00bb]<\/p>\n<p><a href=\"#\">Contact<\/a><\/p>\n<p>[\/et_pb_text][et_pb_text _builder_version=\u00a0\u00bb4.25.1&Prime; _module_preset=\u00a0\u00bbe8c105a7-e39f-48f6-977e-7a5af6708dca\u00a0\u00bb custom_margin=\u00a0\u00bb||8px||false|false\u00a0\u00bb]<\/p>\n<p><a href=\"#\">Blog<\/a><\/p>\n<p>[\/et_pb_text][et_pb_text _builder_version=\u00a0\u00bb4.27.4&Prime; _module_preset=\u00a0\u00bbe8c105a7-e39f-48f6-977e-7a5af6708dca\u00a0\u00bb custom_margin=\u00a0\u00bb||8px||false|false\u00a0\u00bb]<\/p>\n<p><span style=\"text-decoration: underline\">donations<\/span><\/p>\n<p>[\/et_pb_text][et_pb_text _builder_version=\u00a0\u00bb4.27.4&Prime; _module_preset=\u00a0\u00bbe8c105a7-e39f-48f6-977e-7a5af6708dca\u00a0\u00bb custom_margin=\u00a0\u00bb||8px||false|false\u00a0\u00bb]<\/p>\n<p><span style=\"text-decoration: underline\">Evenements<\/span><\/p>\n<p>[\/et_pb_text][et_pb_text _builder_version=\u00a0\u00bb4.25.1&Prime; _module_preset=\u00a0\u00bbe8c105a7-e39f-48f6-977e-7a5af6708dca\u00a0\u00bb custom_margin=\u00a0\u00bb||8px||false|false\u00a0\u00bb]<\/p>\n<p><a href=\"#\">Services<\/a><\/p>\n<p>[\/et_pb_text][\/et_pb_column][et_pb_column type=\u00a0\u00bb1_4&Prime; _builder_version=\u00a0\u00bb4.25.1&Prime; _module_preset=\u00a0\u00bbdefault\u00a0\u00bb global_colors_info=\u00a0\u00bb{}\u00a0\u00bb][et_pb_heading title=\u00a0\u00bbProjets\u00a0\u00bb _builder_version=\u00a0\u00bb4.27.4&Prime; _module_preset=\u00a0\u00bbffaeb8fc-c34b-4fdd-aea9-11ed77d7d990&Prime; title_text_color=\u00a0\u00bb#FFFFFF\u00a0\u00bb custom_margin=\u00a0\u00bb||8px||false|false\u00a0\u00bb locked=\u00a0\u00bboff\u00a0\u00bb global_colors_info=\u00a0\u00bb{}\u00a0\u00bb][\/et_pb_heading][et_pb_text _builder_version=\u00a0\u00bb4.27.4&Prime; _module_preset=\u00a0\u00bbe8c105a7-e39f-48f6-977e-7a5af6708dca\u00a0\u00bb width=\u00a0\u00bb100%\u00a0\u00bb custom_margin=\u00a0\u00bb||8px||false|false\u00a0\u00bb animation_style=\u00a0\u00bbflip\u00a0\u00bb locked=\u00a0\u00bboff\u00a0\u00bb]<\/p>\n<p><span style=\"text-decoration: underline\">Tournois 3vs3 basketball Paris<\/span><\/p>\n<p>[\/et_pb_text][et_pb_text _builder_version=\u00a0\u00bb4.27.4&Prime; _module_preset=\u00a0\u00bbe8c105a7-e39f-48f6-977e-7a5af6708dca\u00a0\u00bb custom_margin=\u00a0\u00bb||8px||false|false\u00a0\u00bb locked=\u00a0\u00bboff\u00a0\u00bb]<\/p>\n<p><span style=\"text-decoration: underline\">Tournois 3vs3 basketball Epinal<\/span><\/p>\n<p>[\/et_pb_text][et_pb_text _builder_version=\u00a0\u00bb4.27.4&Prime; _module_preset=\u00a0\u00bbe8c105a7-e39f-48f6-977e-7a5af6708dca\u00a0\u00bb custom_margin=\u00a0\u00bb||5px||false|false\u00a0\u00bb locked=\u00a0\u00bboff\u00a0\u00bb]<\/p>\n<p><span style=\"text-decoration: underline\">Tournois 3vs3 basketball inter-club<\/span><\/p>\n<p>[\/et_pb_text][et_pb_text _builder_version=\u00a0\u00bb4.27.4&Prime; _module_preset=\u00a0\u00bbe8c105a7-e39f-48f6-977e-7a5af6708dca\u00a0\u00bb custom_margin=\u00a0\u00bb||8px||false|false\u00a0\u00bb locked=\u00a0\u00bboff\u00a0\u00bb]<\/p>\n<p><span style=\"text-decoration: underline\">Tournois 3vs3 basketball Lyon<\/span><\/p>\n<p>[\/et_pb_text][et_pb_button button_text=\u00a0\u00bbDonations\u00a0\u00bb _builder_version=\u00a0\u00bb4.27.4&Prime; _module_preset=\u00a0\u00bbc1d1c910-36ce-453b-bac3-b3e7ac3fa098&Prime; button_text_color=\u00a0\u00bb#FFFFFF\u00a0\u00bb button_bg_color=\u00a0\u00bb#0d1be0&Prime; button_icon_color=\u00a0\u00bb#FFFFFF\u00a0\u00bb custom_margin=\u00a0\u00bb30px||16px||false|false\u00a0\u00bb][\/et_pb_button][et_pb_button button_text=\u00a0\u00bbB\u00e9n\u00e9vole\u00a0\u00bb _builder_version=\u00a0\u00bb4.27.4&Prime; _module_preset=\u00a0\u00bb508f09f0-f5ed-4b63-b010-ada15533720f\u00a0\u00bb custom_padding=\u00a0\u00bb16px|50px|16px|52px|true|false\u00a0\u00bb global_colors_info=\u00a0\u00bb{}\u00a0\u00bb][\/et_pb_button][\/et_pb_column][\/et_pb_row][\/et_pb_section]<\/p>\n","protected":false},"excerpt":{"rendered":"<p>Les \u00c9quipes inscrites &#8211; Move N Ball.Voici toutes les \u00c9quipes inscrites pour le tournoi de Uni MoveAccueilA propos de nousContactBlogdonationsEvenementsServicesTournois 3vs3 basketball ParisTournois 3vs3 basketball EpinalTournois 3vs3 basketball inter-clubTournois 3vs3 basketball Lyon<\/p>\n","protected":false},"author":3,"featured_media":0,"parent":0,"menu_order":0,"comment_status":"closed","ping_status":"closed","template":"","meta":{"_et_pb_use_builder":"on","_et_pb_old_content":"","_et_gb_content_width":"","footnotes":""},"class_list":["post-194","page","type-page","status-publish","hentry"],"yoast_head":"<!-- This site is optimized with the Yoast SEO plugin v26.5 - https:\/\/yoast.com\/wordpress\/plugins\/seo\/ -->\n<title>\u00c9quipes inscrites - Uni Move<\/title>\n<meta name=\"description\" content=\"D\u00e9couvrez chaque \u00e9quipes inscrites aux \u00e9v\u00e9nements Uni Move : compositions et informations essentielles pour suivre la comp\u00e9tition.\" \/>\n<meta name=\"robots\" content=\"index, follow, max-snippet:-1, max-image-preview:large, max-video-preview:-1\" \/>\n<link rel=\"canonical\" href=\"https:\/\/3sport2025.ppawebdesign.com\/a1\/equipes-inscrites\/\" \/>\n<meta property=\"og:locale\" content=\"fr_FR\" \/>\n<meta property=\"og:type\" content=\"article\" \/>\n<meta property=\"og:title\" content=\"\u00c9quipes inscrites - Uni Move\" \/>\n<meta property=\"og:description\" content=\"D\u00e9couvrez chaque \u00e9quipes inscrites aux \u00e9v\u00e9nements Uni Move : compositions et informations essentielles pour suivre la comp\u00e9tition.\" \/>\n<meta property=\"og:url\" content=\"https:\/\/3sport2025.ppawebdesign.com\/a1\/equipes-inscrites\/\" \/>\n<meta property=\"og:site_name\" content=\"Uni Move\" \/>\n<meta property=\"article:modified_time\" content=\"2025-12-04T13:52:21+00:00\" \/>\n<meta name=\"twitter:card\" content=\"summary_large_image\" \/>\n<meta name=\"twitter:label1\" content=\"Dur\u00e9e de lecture estim\u00e9e\" \/>\n\t<meta name=\"twitter:data1\" content=\"1 minute\" \/>\n<script type=\"application\/ld+json\" class=\"yoast-schema-graph\">{\"@context\":\"https:\/\/schema.org\",\"@graph\":[{\"@type\":\"WebPage\",\"@id\":\"https:\/\/3sport2025.ppawebdesign.com\/a1\/equipes-inscrites\/\",\"url\":\"https:\/\/3sport2025.ppawebdesign.com\/a1\/equipes-inscrites\/\",\"name\":\"\u00c9quipes inscrites - Uni Move\",\"isPartOf\":{\"@id\":\"https:\/\/3sport2025.ppawebdesign.com\/a1\/#website\"},\"datePublished\":\"2025-12-02T15:24:47+00:00\",\"dateModified\":\"2025-12-04T13:52:21+00:00\",\"description\":\"D\u00e9couvrez chaque \u00e9quipes inscrites aux \u00e9v\u00e9nements Uni Move : compositions et informations essentielles pour suivre la comp\u00e9tition.\",\"breadcrumb\":{\"@id\":\"https:\/\/3sport2025.ppawebdesign.com\/a1\/equipes-inscrites\/#breadcrumb\"},\"inLanguage\":\"fr-FR\",\"potentialAction\":[{\"@type\":\"ReadAction\",\"target\":[\"https:\/\/3sport2025.ppawebdesign.com\/a1\/equipes-inscrites\/\"]}]},{\"@type\":\"BreadcrumbList\",\"@id\":\"https:\/\/3sport2025.ppawebdesign.com\/a1\/equipes-inscrites\/#breadcrumb\",\"itemListElement\":[{\"@type\":\"ListItem\",\"position\":1,\"name\":\"Accueil\",\"item\":\"https:\/\/3sport2025.ppawebdesign.com\/a1\/\"},{\"@type\":\"ListItem\",\"position\":2,\"name\":\"\u00c9quipes\"}]},{\"@type\":\"WebSite\",\"@id\":\"https:\/\/3sport2025.ppawebdesign.com\/a1\/#website\",\"url\":\"https:\/\/3sport2025.ppawebdesign.com\/a1\/\",\"name\":\"Uni Move\",\"description\":\"\",\"potentialAction\":[{\"@type\":\"SearchAction\",\"target\":{\"@type\":\"EntryPoint\",\"urlTemplate\":\"https:\/\/3sport2025.ppawebdesign.com\/a1\/?s={search_term_string}\"},\"query-input\":{\"@type\":\"PropertyValueSpecification\",\"valueRequired\":true,\"valueName\":\"search_term_string\"}}],\"inLanguage\":\"fr-FR\"}]}<\/script>\n<!-- \/ Yoast SEO plugin. -->","yoast_head_json":{"title":"\u00c9quipes inscrites - Uni Move","description":"D\u00e9couvrez chaque \u00e9quipes inscrites aux \u00e9v\u00e9nements Uni Move : compositions et informations essentielles pour suivre la comp\u00e9tition.","robots":{"index":"index","follow":"follow","max-snippet":"max-snippet:-1","max-image-preview":"max-image-preview:large","max-video-preview":"max-video-preview:-1"},"canonical":"https:\/\/3sport2025.ppawebdesign.com\/a1\/equipes-inscrites\/","og_locale":"fr_FR","og_type":"article","og_title":"\u00c9quipes inscrites - Uni Move","og_description":"D\u00e9couvrez chaque \u00e9quipes inscrites aux \u00e9v\u00e9nements Uni Move : compositions et informations essentielles pour suivre la comp\u00e9tition.","og_url":"https:\/\/3sport2025.ppawebdesign.com\/a1\/equipes-inscrites\/","og_site_name":"Uni Move","article_modified_time":"2025-12-04T13:52:21+00:00","twitter_card":"summary_large_image","twitter_misc":{"Dur\u00e9e de lecture estim\u00e9e":"1 minute"},"schema":{"@context":"https:\/\/schema.org","@graph":[{"@type":"WebPage","@id":"https:\/\/3sport2025.ppawebdesign.com\/a1\/equipes-inscrites\/","url":"https:\/\/3sport2025.ppawebdesign.com\/a1\/equipes-inscrites\/","name":"\u00c9quipes inscrites - Uni Move","isPartOf":{"@id":"https:\/\/3sport2025.ppawebdesign.com\/a1\/#website"},"datePublished":"2025-12-02T15:24:47+00:00","dateModified":"2025-12-04T13:52:21+00:00","description":"D\u00e9couvrez chaque \u00e9quipes inscrites aux \u00e9v\u00e9nements Uni Move : compositions et informations essentielles pour suivre la comp\u00e9tition.","breadcrumb":{"@id":"https:\/\/3sport2025.ppawebdesign.com\/a1\/equipes-inscrites\/#breadcrumb"},"inLanguage":"fr-FR","potentialAction":[{"@type":"ReadAction","target":["https:\/\/3sport2025.ppawebdesign.com\/a1\/equipes-inscrites\/"]}]},{"@type":"BreadcrumbList","@id":"https:\/\/3sport2025.ppawebdesign.com\/a1\/equipes-inscrites\/#breadcrumb","itemListElement":[{"@type":"ListItem","position":1,"name":"Accueil","item":"https:\/\/3sport2025.ppawebdesign.com\/a1\/"},{"@type":"ListItem","position":2,"name":"\u00c9quipes"}]},{"@type":"WebSite","@id":"https:\/\/3sport2025.ppawebdesign.com\/a1\/#website","url":"https:\/\/3sport2025.ppawebdesign.com\/a1\/","name":"Uni Move","description":"","potentialAction":[{"@type":"SearchAction","target":{"@type":"EntryPoint","urlTemplate":"https:\/\/3sport2025.ppawebdesign.com\/a1\/?s={search_term_string}"},"query-input":{"@type":"PropertyValueSpecification","valueRequired":true,"valueName":"search_term_string"}}],"inLanguage":"fr-FR"}]}},"_links":{"self":[{"href":"https:\/\/3sport2025.ppawebdesign.com\/a1\/wp-json\/wp\/v2\/pages\/194","targetHints":{"allow":["GET"]}}],"collection":[{"href":"https:\/\/3sport2025.ppawebdesign.com\/a1\/wp-json\/wp\/v2\/pages"}],"about":[{"href":"https:\/\/3sport2025.ppawebdesign.com\/a1\/wp-json\/wp\/v2\/types\/page"}],"author":[{"embeddable":true,"href":"https:\/\/3sport2025.ppawebdesign.com\/a1\/wp-json\/wp\/v2\/users\/3"}],"replies":[{"embeddable":true,"href":"https:\/\/3sport2025.ppawebdesign.com\/a1\/wp-json\/wp\/v2\/comments?post=194"}],"version-history":[{"count":13,"href":"https:\/\/3sport2025.ppawebdesign.com\/a1\/wp-json\/wp\/v2\/pages\/194\/revisions"}],"predecessor-version":[{"id":629,"href":"https:\/\/3sport2025.ppawebdesign.com\/a1\/wp-json\/wp\/v2\/pages\/194\/revisions\/629"}],"wp:attachment":[{"href":"https:\/\/3sport2025.ppawebdesign.com\/a1\/wp-json\/wp\/v2\/media?parent=194"}],"curies":[{"name":"wp","href":"https:\/\/api.w.org\/{rel}","templated":true}]}}