{"id":108,"date":"2025-12-02T14:34:41","date_gmt":"2025-12-02T13:34:41","guid":{"rendered":"https:\/\/3sport2025.ppawebdesign.com\/a2\/?page_id=108"},"modified":"2025-12-04T21:35:28","modified_gmt":"2025-12-04T20:35:28","slug":"le-disc-golf-why-not","status":"publish","type":"page","link":"https:\/\/3sport2025.ppawebdesign.com\/a2\/nos-sports-why-not\/le-disc-golf-why-not\/","title":{"rendered":"Le Disc Golf"},"content":{"rendered":"<p>[et_pb_section fb_built=\u00a0\u00bb1&Prime; _builder_version=\u00a0\u00bb4.27.4&Prime; _module_preset=\u00a0\u00bbdefault\u00a0\u00bb global_colors_info=\u00a0\u00bb{}\u00a0\u00bb][et_pb_row _builder_version=\u00a0\u00bb4.27.4&Prime; _module_preset=\u00a0\u00bbdefault\u00a0\u00bb global_colors_info=\u00a0\u00bb{}\u00a0\u00bb][et_pb_column type=\u00a0\u00bb4_4&Prime; _builder_version=\u00a0\u00bb4.27.4&Prime; _module_preset=\u00a0\u00bbdefault\u00a0\u00bb global_colors_info=\u00a0\u00bb{}\u00a0\u00bb][et_pb_text _builder_version=\u00a0\u00bb4.27.4&Prime; _module_preset=\u00a0\u00bbdefault\u00a0\u00bb text_text_color=\u00a0\u00bb#6871E8&Prime; header_font=\u00a0\u00bbDM Serif Display||||||||\u00a0\u00bb header_text_color=\u00a0\u00bb#6871E8&Prime; header_font_size=\u00a0\u00bb60px\u00a0\u00bb header_letter_spacing=\u00a0\u00bb1px\u00a0\u00bb border_radii=\u00a0\u00bbon|2px|2px|2px|2px\u00a0\u00bb global_colors_info=\u00a0\u00bb{}\u00a0\u00bb]<\/p>\n<h1 style=\"text-align: center\">Le Disc Golf<\/h1>\n<p>[\/et_pb_text][et_pb_button button_url=\u00a0\u00bb@ET-DC@eyJkeW5hbWljIjp0cnVlLCJjb250ZW50IjoicG9zdF9saW5rX3VybF9wYWdlIiwic2V0dGluZ3MiOnsicG9zdF9pZCI6IjE4IiwiZW5hYmxlX2h0bWwiOiJvZmYifX0=@\u00a0\u00bb button_text=\u00a0\u00bbRetour aux sports\u00a0\u00bb _builder_version=\u00a0\u00bb4.27.4&Prime; _dynamic_attributes=\u00a0\u00bbbutton_url\u00a0\u00bb _module_preset=\u00a0\u00bbdefault\u00a0\u00bb custom_button=\u00a0\u00bbon\u00a0\u00bb button_text_color=\u00a0\u00bb#6871E8&Prime; button_border_width=\u00a0\u00bb4px\u00a0\u00bb button_border_radius=\u00a0\u00bb100px\u00a0\u00bb button_font=\u00a0\u00bbPoppins||||||||\u00a0\u00bb button_icon=\u00a0\u00bb&#x34;||divi||400&Prime; button_icon_placement=\u00a0\u00bbleft\u00a0\u00bb hover_enabled=\u00a0\u00bb0&Prime; global_colors_info=\u00a0\u00bb{}\u00a0\u00bb transform_styles_last_edited=\u00a0\u00bbon|phone\u00a0\u00bb transform_scale_last_edited=\u00a0\u00bbon|phone\u00a0\u00bb transform_translate_last_edited=\u00a0\u00bbon|phone\u00a0\u00bb transform_rotate_last_edited=\u00a0\u00bbon|phone\u00a0\u00bb transform_skew_last_edited=\u00a0\u00bbon|phone\u00a0\u00bb transform_origin_last_edited=\u00a0\u00bbon|phone\u00a0\u00bb transform_translate_phone=\u00a0\u00bb49px|4px\u00a0\u00bb sticky_enabled=\u00a0\u00bb0&Prime;][\/et_pb_button][et_pb_image src=\u00a0\u00bbhttps:\/\/3sport2025.ppawebdesign.com\/a2\/wp-content\/uploads\/sites\/3\/2025\/12\/DISC-GOLF-Site.jpg\u00a0\u00bb alt=\u00a0\u00bbUn homme qui joue au disc golf\u00a0\u00bb title_text=\u00a0\u00bbDISC GOLF Site\u00a0\u00bb _builder_version=\u00a0\u00bb4.27.4&Prime; _module_preset=\u00a0\u00bbdefault\u00a0\u00bb global_colors_info=\u00a0\u00bb{}\u00a0\u00bb][\/et_pb_image][\/et_pb_column][\/et_pb_row][et_pb_row _builder_version=\u00a0\u00bb4.27.4&Prime; _module_preset=\u00a0\u00bbdefault\u00a0\u00bb global_colors_info=\u00a0\u00bb{}\u00a0\u00bb][et_pb_column type=\u00a0\u00bb4_4&Prime; _builder_version=\u00a0\u00bb4.27.4&Prime; _module_preset=\u00a0\u00bbdefault\u00a0\u00bb global_colors_info=\u00a0\u00bb{}\u00a0\u00bb][et_pb_divider _builder_version=\u00a0\u00bb4.27.4&Prime; _module_preset=\u00a0\u00bbdefault\u00a0\u00bb global_colors_info=\u00a0\u00bb{}\u00a0\u00bb][\/et_pb_divider][\/et_pb_column][\/et_pb_row][et_pb_row column_structure=\u00a0\u00bb1_3,1_3,1_3&Prime; _builder_version=\u00a0\u00bb4.27.4&Prime; _module_preset=\u00a0\u00bbdefault\u00a0\u00bb global_colors_info=\u00a0\u00bb{}\u00a0\u00bb][et_pb_column type=\u00a0\u00bb1_3&Prime; _builder_version=\u00a0\u00bb4.27.4&Prime; _module_preset=\u00a0\u00bbdefault\u00a0\u00bb global_colors_info=\u00a0\u00bb{}\u00a0\u00bb][et_pb_image src=\u00a0\u00bbhttps:\/\/3sport2025.ppawebdesign.com\/a2\/wp-content\/uploads\/sites\/3\/2025\/12\/HistoryofDiscGolf.png.webp\u00a0\u00bb alt=\u00a0\u00bbImage de l&rsquo;histoire du disc golf\u00a0\u00bb title_text=\u00a0\u00bbHistoryofDiscGolf.png\u00a0\u00bb _builder_version=\u00a0\u00bb4.27.4&Prime; _module_preset=\u00a0\u00bbdefault\u00a0\u00bb hover_enabled=\u00a0\u00bb0&Prime; global_colors_info=\u00a0\u00bb{}\u00a0\u00bb sticky_enabled=\u00a0\u00bb0&Prime;][\/et_pb_image][\/et_pb_column][et_pb_column type=\u00a0\u00bb1_3&Prime; _builder_version=\u00a0\u00bb4.27.4&Prime; _module_preset=\u00a0\u00bbdefault\u00a0\u00bb global_colors_info=\u00a0\u00bb{}\u00a0\u00bb][et_pb_text _builder_version=\u00a0\u00bb4.27.4&Prime; _module_preset=\u00a0\u00bbdefault\u00a0\u00bb text_font=\u00a0\u00bbPoppins||||||||\u00a0\u00bb text_font_size=\u00a0\u00bb16px\u00a0\u00bb hover_enabled=\u00a0\u00bb0&Prime; global_colors_info=\u00a0\u00bb{}\u00a0\u00bb transform_styles_last_edited=\u00a0\u00bbon|phone\u00a0\u00bb transform_scale_last_edited=\u00a0\u00bbon|phone\u00a0\u00bb transform_translate_last_edited=\u00a0\u00bbon|phone\u00a0\u00bb transform_rotate_last_edited=\u00a0\u00bbon|phone\u00a0\u00bb transform_skew_last_edited=\u00a0\u00bbon|phone\u00a0\u00bb transform_origin_last_edited=\u00a0\u00bbon|phone\u00a0\u00bb transform_translate_phone=\u00a0\u00bb-3px|52px\u00a0\u00bb sticky_enabled=\u00a0\u00bb0&Prime;]<\/p>\n<p style=\"text-align: center\"><span>N\u00e9 aux \u00c9tats-Unis dans les <strong>ann\u00e9es 1960<\/strong>, le disc golf a \u00e9t\u00e9 officiellement structur\u00e9 en 1975 avec l&rsquo;invention du premier panier m\u00e9tallique. Son d\u00e9veloppement a \u00e9t\u00e9 assur\u00e9 par la cr\u00e9ation de la f\u00e9d\u00e9ration professionnelle (<strong>PDGA<\/strong>) en 1976. Longtemps niche, il conna\u00eet un essor mondial majeur depuis les ann\u00e9es 2000.<\/span><\/p>\n<p style=\"text-align: center\"><span>Inspir\u00e9 du golf, le principe est de parcourir un <strong>circuit en nature<\/strong> en visant des paniers avec des <strong>disques sp\u00e9cialis\u00e9s<\/strong>, en un <strong>minimum de lancers<\/strong>. Il requiert pr\u00e9cision et strat\u00e9gie pour contourner les obstacles. Accessible et convivial, c&rsquo;est un sport complet alliant marche et technique.\u00a0<\/span><\/p>\n<p>[\/et_pb_text][\/et_pb_column][et_pb_column type=\u00a0\u00bb1_3&Prime; _builder_version=\u00a0\u00bb4.27.4&Prime; _module_preset=\u00a0\u00bbdefault\u00a0\u00bb global_colors_info=\u00a0\u00bb{}\u00a0\u00bb][et_pb_image src=\u00a0\u00bbhttps:\/\/3sport2025.ppawebdesign.com\/a2\/wp-content\/uploads\/sites\/3\/2025\/12\/disc-golf-3.jpg\u00a0\u00bb alt=\u00a0\u00bbTrois personnes qui jouent au disc golf\u00a0\u00bb title_text=\u00a0\u00bbdisc golf 3&Prime; _builder_version=\u00a0\u00bb4.27.4&Prime; _module_preset=\u00a0\u00bbdefault\u00a0\u00bb hover_enabled=\u00a0\u00bb0&Prime; global_colors_info=\u00a0\u00bb{}\u00a0\u00bb sticky_enabled=\u00a0\u00bb0&Prime; transform_translate=\u00a0\u00bb12px|72px\u00a0\u00bb transform_styles_last_edited=\u00a0\u00bbon|phone\u00a0\u00bb transform_scale_last_edited=\u00a0\u00bbon|phone\u00a0\u00bb transform_translate_last_edited=\u00a0\u00bbon|phone\u00a0\u00bb transform_rotate_last_edited=\u00a0\u00bbon|phone\u00a0\u00bb transform_skew_last_edited=\u00a0\u00bbon|phone\u00a0\u00bb transform_origin_last_edited=\u00a0\u00bbon|phone\u00a0\u00bb transform_translate_phone=\u00a0\u00bb1px|72px\u00a0\u00bb transform_translate_tablet=\u00a0\u00bb12px|72px\u00a0\u00bb][\/et_pb_image][et_pb_button button_url=\u00a0\u00bbhttps:\/\/fr.wikipedia.org\/wiki\/Disc_golf\u00a0\u00bb button_text=\u00a0\u00bbPlus d&rsquo;infos\u00a0\u00bb button_alignment=\u00a0\u00bbcenter\u00a0\u00bb _builder_version=\u00a0\u00bb4.27.4&Prime; _module_preset=\u00a0\u00bbdefault\u00a0\u00bb custom_button=\u00a0\u00bbon\u00a0\u00bb button_text_color=\u00a0\u00bb#6871E8&Prime; button_border_width=\u00a0\u00bb4px\u00a0\u00bb button_border_radius=\u00a0\u00bb100px\u00a0\u00bb hover_enabled=\u00a0\u00bb0&Prime; global_colors_info=\u00a0\u00bb{}\u00a0\u00bb transform_translate=\u00a0\u00bb16px|64px\u00a0\u00bb sticky_enabled=\u00a0\u00bb0&Prime; transform_styles_last_edited=\u00a0\u00bbon|phone\u00a0\u00bb transform_scale_last_edited=\u00a0\u00bbon|phone\u00a0\u00bb transform_translate_last_edited=\u00a0\u00bbon|phone\u00a0\u00bb transform_rotate_last_edited=\u00a0\u00bbon|phone\u00a0\u00bb transform_skew_last_edited=\u00a0\u00bbon|phone\u00a0\u00bb transform_origin_last_edited=\u00a0\u00bbon|phone\u00a0\u00bb transform_translate_phone=\u00a0\u00bb-3px|64px\u00a0\u00bb transform_translate_tablet=\u00a0\u00bb16px|64px\u00a0\u00bb][\/et_pb_button][\/et_pb_column][\/et_pb_row][\/et_pb_section]<\/p>\n","protected":false},"excerpt":{"rendered":"<p>Le Disc GolfN\u00e9 aux \u00c9tats-Unis dans les ann\u00e9es 1960, le disc golf a \u00e9t\u00e9 officiellement structur\u00e9 en 1975 avec l&rsquo;invention du premier panier m\u00e9tallique. Son d\u00e9veloppement a \u00e9t\u00e9 assur\u00e9 par la cr\u00e9ation de la f\u00e9d\u00e9ration professionnelle (PDGA) en 1976. Longtemps niche, il conna\u00eet un essor mondial majeur depuis les ann\u00e9es 2000. Inspir\u00e9 du golf, le [&hellip;]<\/p>\n","protected":false},"author":9,"featured_media":0,"parent":18,"menu_order":0,"comment_status":"closed","ping_status":"closed","template":"","meta":{"_et_pb_use_builder":"on","_et_pb_old_content":"","_et_gb_content_width":"","footnotes":""},"class_list":["post-108","page","type-page","status-publish","hentry"],"yoast_head":"<!-- This site is optimized with the Yoast SEO plugin v26.5 - https:\/\/yoast.com\/wordpress\/plugins\/seo\/ -->\n<title>Le Disc Golf - WHY NOT<\/title>\n<meta name=\"description\" content=\"Tu ne connais pas le Disc Golf ? Embarque tes amis et viens d\u00e9couvrir ce sport fun et d\u00e9lirant avec nous ! Disc Golf - WHY NOT\" \/>\n<meta name=\"robots\" content=\"index, follow, max-snippet:-1, max-image-preview:large, max-video-preview:-1\" \/>\n<link rel=\"canonical\" href=\"https:\/\/3sport2025.ppawebdesign.com\/a2\/nos-sports-why-not\/le-disc-golf-why-not\/\" \/>\n<meta property=\"og:locale\" content=\"fr_FR\" \/>\n<meta property=\"og:type\" content=\"article\" \/>\n<meta property=\"og:title\" content=\"Le Disc Golf - WHY NOT\" \/>\n<meta property=\"og:description\" content=\"Tu ne connais pas le Disc Golf ? Embarque tes amis et viens d\u00e9couvrir ce sport fun et d\u00e9lirant avec nous ! Disc Golf - WHY NOT\" \/>\n<meta property=\"og:url\" content=\"https:\/\/3sport2025.ppawebdesign.com\/a2\/nos-sports-why-not\/le-disc-golf-why-not\/\" \/>\n<meta property=\"og:site_name\" content=\"WHY NOT\" \/>\n<meta property=\"article:modified_time\" content=\"2025-12-04T20:35:28+00:00\" \/>\n<meta name=\"twitter:card\" content=\"summary_large_image\" \/>\n<meta name=\"twitter:label1\" content=\"Dur\u00e9e de lecture estim\u00e9e\" \/>\n\t<meta name=\"twitter:data1\" content=\"2 minutes\" \/>\n<script type=\"application\/ld+json\" class=\"yoast-schema-graph\">{\"@context\":\"https:\/\/schema.org\",\"@graph\":[{\"@type\":\"WebPage\",\"@id\":\"https:\/\/3sport2025.ppawebdesign.com\/a2\/nos-sports-why-not\/le-disc-golf-why-not\/\",\"url\":\"https:\/\/3sport2025.ppawebdesign.com\/a2\/nos-sports-why-not\/le-disc-golf-why-not\/\",\"name\":\"Le Disc Golf - WHY NOT\",\"isPartOf\":{\"@id\":\"https:\/\/3sport2025.ppawebdesign.com\/a2\/#website\"},\"datePublished\":\"2025-12-02T13:34:41+00:00\",\"dateModified\":\"2025-12-04T20:35:28+00:00\",\"description\":\"Tu ne connais pas le Disc Golf ? Embarque tes amis et viens d\u00e9couvrir ce sport fun et d\u00e9lirant avec nous ! Disc Golf - WHY NOT\",\"breadcrumb\":{\"@id\":\"https:\/\/3sport2025.ppawebdesign.com\/a2\/nos-sports-why-not\/le-disc-golf-why-not\/#breadcrumb\"},\"inLanguage\":\"fr-FR\",\"potentialAction\":[{\"@type\":\"ReadAction\",\"target\":[\"https:\/\/3sport2025.ppawebdesign.com\/a2\/nos-sports-why-not\/le-disc-golf-why-not\/\"]}]},{\"@type\":\"BreadcrumbList\",\"@id\":\"https:\/\/3sport2025.ppawebdesign.com\/a2\/nos-sports-why-not\/le-disc-golf-why-not\/#breadcrumb\",\"itemListElement\":[{\"@type\":\"ListItem\",\"position\":1,\"name\":\"Accueil\",\"item\":\"https:\/\/3sport2025.ppawebdesign.com\/a2\/\"},{\"@type\":\"ListItem\",\"position\":2,\"name\":\"Nos sports\",\"item\":\"https:\/\/3sport2025.ppawebdesign.com\/a2\/nos-sports-why-not\/\"},{\"@type\":\"ListItem\",\"position\":3,\"name\":\"Le Disc Golf\"}]},{\"@type\":\"WebSite\",\"@id\":\"https:\/\/3sport2025.ppawebdesign.com\/a2\/#website\",\"url\":\"https:\/\/3sport2025.ppawebdesign.com\/a2\/\",\"name\":\"WHY NOT\",\"description\":\"Parce que le sport \u00e9volue gr\u00e2ce \u00e0 vous\",\"potentialAction\":[{\"@type\":\"SearchAction\",\"target\":{\"@type\":\"EntryPoint\",\"urlTemplate\":\"https:\/\/3sport2025.ppawebdesign.com\/a2\/?s={search_term_string}\"},\"query-input\":{\"@type\":\"PropertyValueSpecification\",\"valueRequired\":true,\"valueName\":\"search_term_string\"}}],\"inLanguage\":\"fr-FR\"}]}<\/script>\n<!-- \/ Yoast SEO plugin. -->","yoast_head_json":{"title":"Le Disc Golf - WHY NOT","description":"Tu ne connais pas le Disc Golf ? Embarque tes amis et viens d\u00e9couvrir ce sport fun et d\u00e9lirant avec nous ! Disc Golf - WHY NOT","robots":{"index":"index","follow":"follow","max-snippet":"max-snippet:-1","max-image-preview":"max-image-preview:large","max-video-preview":"max-video-preview:-1"},"canonical":"https:\/\/3sport2025.ppawebdesign.com\/a2\/nos-sports-why-not\/le-disc-golf-why-not\/","og_locale":"fr_FR","og_type":"article","og_title":"Le Disc Golf - WHY NOT","og_description":"Tu ne connais pas le Disc Golf ? Embarque tes amis et viens d\u00e9couvrir ce sport fun et d\u00e9lirant avec nous ! Disc Golf - WHY NOT","og_url":"https:\/\/3sport2025.ppawebdesign.com\/a2\/nos-sports-why-not\/le-disc-golf-why-not\/","og_site_name":"WHY NOT","article_modified_time":"2025-12-04T20:35:28+00:00","twitter_card":"summary_large_image","twitter_misc":{"Dur\u00e9e de lecture estim\u00e9e":"2 minutes"},"schema":{"@context":"https:\/\/schema.org","@graph":[{"@type":"WebPage","@id":"https:\/\/3sport2025.ppawebdesign.com\/a2\/nos-sports-why-not\/le-disc-golf-why-not\/","url":"https:\/\/3sport2025.ppawebdesign.com\/a2\/nos-sports-why-not\/le-disc-golf-why-not\/","name":"Le Disc Golf - WHY NOT","isPartOf":{"@id":"https:\/\/3sport2025.ppawebdesign.com\/a2\/#website"},"datePublished":"2025-12-02T13:34:41+00:00","dateModified":"2025-12-04T20:35:28+00:00","description":"Tu ne connais pas le Disc Golf ? Embarque tes amis et viens d\u00e9couvrir ce sport fun et d\u00e9lirant avec nous ! Disc Golf - WHY NOT","breadcrumb":{"@id":"https:\/\/3sport2025.ppawebdesign.com\/a2\/nos-sports-why-not\/le-disc-golf-why-not\/#breadcrumb"},"inLanguage":"fr-FR","potentialAction":[{"@type":"ReadAction","target":["https:\/\/3sport2025.ppawebdesign.com\/a2\/nos-sports-why-not\/le-disc-golf-why-not\/"]}]},{"@type":"BreadcrumbList","@id":"https:\/\/3sport2025.ppawebdesign.com\/a2\/nos-sports-why-not\/le-disc-golf-why-not\/#breadcrumb","itemListElement":[{"@type":"ListItem","position":1,"name":"Accueil","item":"https:\/\/3sport2025.ppawebdesign.com\/a2\/"},{"@type":"ListItem","position":2,"name":"Nos sports","item":"https:\/\/3sport2025.ppawebdesign.com\/a2\/nos-sports-why-not\/"},{"@type":"ListItem","position":3,"name":"Le Disc Golf"}]},{"@type":"WebSite","@id":"https:\/\/3sport2025.ppawebdesign.com\/a2\/#website","url":"https:\/\/3sport2025.ppawebdesign.com\/a2\/","name":"WHY NOT","description":"Parce que le sport \u00e9volue gr\u00e2ce \u00e0 vous","potentialAction":[{"@type":"SearchAction","target":{"@type":"EntryPoint","urlTemplate":"https:\/\/3sport2025.ppawebdesign.com\/a2\/?s={search_term_string}"},"query-input":{"@type":"PropertyValueSpecification","valueRequired":true,"valueName":"search_term_string"}}],"inLanguage":"fr-FR"}]}},"_links":{"self":[{"href":"https:\/\/3sport2025.ppawebdesign.com\/a2\/wp-json\/wp\/v2\/pages\/108","targetHints":{"allow":["GET"]}}],"collection":[{"href":"https:\/\/3sport2025.ppawebdesign.com\/a2\/wp-json\/wp\/v2\/pages"}],"about":[{"href":"https:\/\/3sport2025.ppawebdesign.com\/a2\/wp-json\/wp\/v2\/types\/page"}],"author":[{"embeddable":true,"href":"https:\/\/3sport2025.ppawebdesign.com\/a2\/wp-json\/wp\/v2\/users\/9"}],"replies":[{"embeddable":true,"href":"https:\/\/3sport2025.ppawebdesign.com\/a2\/wp-json\/wp\/v2\/comments?post=108"}],"version-history":[{"count":15,"href":"https:\/\/3sport2025.ppawebdesign.com\/a2\/wp-json\/wp\/v2\/pages\/108\/revisions"}],"predecessor-version":[{"id":719,"href":"https:\/\/3sport2025.ppawebdesign.com\/a2\/wp-json\/wp\/v2\/pages\/108\/revisions\/719"}],"up":[{"embeddable":true,"href":"https:\/\/3sport2025.ppawebdesign.com\/a2\/wp-json\/wp\/v2\/pages\/18"}],"wp:attachment":[{"href":"https:\/\/3sport2025.ppawebdesign.com\/a2\/wp-json\/wp\/v2\/media?parent=108"}],"curies":[{"name":"wp","href":"https:\/\/api.w.org\/{rel}","templated":true}]}}