{"id":153,"date":"2025-12-02T15:49:37","date_gmt":"2025-12-02T14:49:37","guid":{"rendered":"https:\/\/3sport2025.ppawebdesign.com\/a2\/?page_id=153"},"modified":"2025-12-04T21:22:52","modified_gmt":"2025-12-04T20:22:52","slug":"teqball-why-not","status":"publish","type":"page","link":"https:\/\/3sport2025.ppawebdesign.com\/a2\/teqball-why-not\/","title":{"rendered":"Teqball"},"content":{"rendered":"<p>[et_pb_section fb_built=\u00a0\u00bb1&Prime; _builder_version=\u00a0\u00bb4.27.4&Prime; _module_preset=\u00a0\u00bbdefault\u00a0\u00bb global_colors_info=\u00a0\u00bb{}\u00a0\u00bb][et_pb_row _builder_version=\u00a0\u00bb4.27.4&Prime; _module_preset=\u00a0\u00bbdefault\u00a0\u00bb global_colors_info=\u00a0\u00bb{}\u00a0\u00bb][et_pb_column type=\u00a0\u00bb4_4&Prime; _builder_version=\u00a0\u00bb4.27.4&Prime; _module_preset=\u00a0\u00bbdefault\u00a0\u00bb global_colors_info=\u00a0\u00bb{}\u00a0\u00bb][et_pb_text _builder_version=\u00a0\u00bb4.27.4&Prime; _module_preset=\u00a0\u00bbdefault\u00a0\u00bb text_text_color=\u00a0\u00bb#6871E8&Prime; text_font_size=\u00a0\u00bb60px\u00a0\u00bb header_text_color=\u00a0\u00bb#6871E8&Prime; header_font_size=\u00a0\u00bb60px\u00a0\u00bb global_colors_info=\u00a0\u00bb{}\u00a0\u00bb]<\/p>\n<h1 style=\"text-align: center\">Teqball<\/h1>\n<p>[\/et_pb_text][et_pb_button button_url=\u00a0\u00bb@ET-DC@eyJkeW5hbWljIjp0cnVlLCJjb250ZW50IjoicG9zdF9saW5rX3VybF9wYWdlIiwic2V0dGluZ3MiOnsicG9zdF9pZCI6IjE4IiwiZW5hYmxlX2h0bWwiOiJvZmYifX0=@\u00a0\u00bb button_text=\u00a0\u00bbRetour aux sports\u00a0\u00bb _builder_version=\u00a0\u00bb4.27.4&Prime; _dynamic_attributes=\u00a0\u00bbbutton_url\u00a0\u00bb _module_preset=\u00a0\u00bbdefault\u00a0\u00bb custom_button=\u00a0\u00bbon\u00a0\u00bb button_text_color=\u00a0\u00bb#6871E8&Prime; button_border_width=\u00a0\u00bb4px\u00a0\u00bb button_border_radius=\u00a0\u00bb100px\u00a0\u00bb button_font=\u00a0\u00bbPoppins||||||||\u00a0\u00bb button_icon=\u00a0\u00bb&#x34;||divi||400&Prime; button_icon_placement=\u00a0\u00bbleft\u00a0\u00bb hover_enabled=\u00a0\u00bb0&Prime; global_colors_info=\u00a0\u00bb{}\u00a0\u00bb transform_styles_last_edited=\u00a0\u00bbon|phone\u00a0\u00bb transform_scale_last_edited=\u00a0\u00bbon|phone\u00a0\u00bb transform_translate_last_edited=\u00a0\u00bbon|phone\u00a0\u00bb transform_rotate_last_edited=\u00a0\u00bbon|phone\u00a0\u00bb transform_skew_last_edited=\u00a0\u00bbon|phone\u00a0\u00bb transform_origin_last_edited=\u00a0\u00bbon|phone\u00a0\u00bb transform_translate_phone=\u00a0\u00bb37px|-12px\u00a0\u00bb sticky_enabled=\u00a0\u00bb0&Prime;][\/et_pb_button][\/et_pb_column][\/et_pb_row][et_pb_row _builder_version=\u00a0\u00bb4.27.4&Prime; _module_preset=\u00a0\u00bbdefault\u00a0\u00bb global_colors_info=\u00a0\u00bb{}\u00a0\u00bb][et_pb_column type=\u00a0\u00bb4_4&Prime; _builder_version=\u00a0\u00bb4.27.4&Prime; _module_preset=\u00a0\u00bbdefault\u00a0\u00bb global_colors_info=\u00a0\u00bb{}\u00a0\u00bb][et_pb_image src=\u00a0\u00bbhttps:\/\/3sport2025.ppawebdesign.com\/a2\/wp-content\/uploads\/sites\/3\/2025\/12\/teqball-page.jpg\u00a0\u00bb alt=\u00a0\u00bb2 joueurs de foot sur table\u00a0\u00bb title_text=\u00a0\u00bbteqball page\u00a0\u00bb _builder_version=\u00a0\u00bb4.27.4&Prime; _module_preset=\u00a0\u00bbdefault\u00a0\u00bb global_colors_info=\u00a0\u00bb{}\u00a0\u00bb][\/et_pb_image][\/et_pb_column][\/et_pb_row][et_pb_row _builder_version=\u00a0\u00bb4.27.4&Prime; _module_preset=\u00a0\u00bbdefault\u00a0\u00bb global_colors_info=\u00a0\u00bb{}\u00a0\u00bb][et_pb_column type=\u00a0\u00bb4_4&Prime; _builder_version=\u00a0\u00bb4.27.4&Prime; _module_preset=\u00a0\u00bbdefault\u00a0\u00bb global_colors_info=\u00a0\u00bb{}\u00a0\u00bb][et_pb_divider _builder_version=\u00a0\u00bb4.27.4&Prime; _module_preset=\u00a0\u00bbdefault\u00a0\u00bb global_colors_info=\u00a0\u00bb{}\u00a0\u00bb][\/et_pb_divider][\/et_pb_column][\/et_pb_row][et_pb_row column_structure=\u00a0\u00bb1_3,1_3,1_3&Prime; _builder_version=\u00a0\u00bb4.27.4&Prime; _module_preset=\u00a0\u00bbdefault\u00a0\u00bb global_colors_info=\u00a0\u00bb{}\u00a0\u00bb][et_pb_column type=\u00a0\u00bb1_3&Prime; _builder_version=\u00a0\u00bb4.27.4&Prime; _module_preset=\u00a0\u00bbdefault\u00a0\u00bb global_colors_info=\u00a0\u00bb{}\u00a0\u00bb][et_pb_image src=\u00a0\u00bbhttps:\/\/3sport2025.ppawebdesign.com\/a2\/wp-content\/uploads\/sites\/3\/2025\/12\/teqball-histoire.jpg\u00a0\u00bb alt=\u00a0\u00bbTrois hommes qui posent avec un ballon\u00a0\u00bb title_text=\u00a0\u00bbteqball histoire\u00a0\u00bb _builder_version=\u00a0\u00bb4.27.4&Prime; _module_preset=\u00a0\u00bbdefault\u00a0\u00bb global_colors_info=\u00a0\u00bb{}\u00a0\u00bb][\/et_pb_image][et_pb_button button_url=\u00a0\u00bbhttps:\/\/fr.wikipedia.org\/wiki\/Teqball\u00a0\u00bb button_text=\u00a0\u00bbPlus d&rsquo;infos\u00a0\u00bb button_alignment=\u00a0\u00bbcenter\u00a0\u00bb _builder_version=\u00a0\u00bb4.27.4&Prime; _module_preset=\u00a0\u00bbf8a74312-099a-4847-a1e0-8824430fbb43&Prime; custom_button=\u00a0\u00bbon\u00a0\u00bb button_text_color=\u00a0\u00bb#6871E8&Prime; button_bg_color=\u00a0\u00bbRGBA(255,255,255,0)\u00a0\u00bb button_border_width=\u00a0\u00bb4px\u00a0\u00bb button_border_radius=\u00a0\u00bb100px\u00a0\u00bb button_font=\u00a0\u00bbPoppins||||||||\u00a0\u00bb hover_enabled=\u00a0\u00bb0&Prime; global_colors_info=\u00a0\u00bb{}\u00a0\u00bb transform_styles_last_edited=\u00a0\u00bbon|desktop\u00a0\u00bb transform_scale_last_edited=\u00a0\u00bbon|desktop\u00a0\u00bb transform_translate_last_edited=\u00a0\u00bbon|desktop\u00a0\u00bb transform_rotate_last_edited=\u00a0\u00bbon|desktop\u00a0\u00bb transform_skew_last_edited=\u00a0\u00bbon|desktop\u00a0\u00bb transform_origin_last_edited=\u00a0\u00bbon|desktop\u00a0\u00bb transform_translate=\u00a0\u00bb760px|-5px\u00a0\u00bb sticky_enabled=\u00a0\u00bb0&Prime; transform_translate_tablet=\u00a0\u00bb760px|-5px\u00a0\u00bb transform_translate_phone=\u00a0\u00bb760px|-5px\u00a0\u00bb][\/et_pb_button][\/et_pb_column][et_pb_column type=\u00a0\u00bb1_3&Prime; _builder_version=\u00a0\u00bb4.27.4&Prime; _module_preset=\u00a0\u00bbdefault\u00a0\u00bb global_colors_info=\u00a0\u00bb{}\u00a0\u00bb][et_pb_text _builder_version=\u00a0\u00bb4.27.4&Prime; _module_preset=\u00a0\u00bbdefault\u00a0\u00bb text_font=\u00a0\u00bbPoppins||||||||\u00a0\u00bb text_font_size=\u00a0\u00bb16px\u00a0\u00bb hover_enabled=\u00a0\u00bb0&Prime; global_colors_info=\u00a0\u00bb{}\u00a0\u00bb transform_styles_last_edited=\u00a0\u00bbon|phone\u00a0\u00bb transform_scale_last_edited=\u00a0\u00bbon|phone\u00a0\u00bb transform_translate_last_edited=\u00a0\u00bbon|phone\u00a0\u00bb transform_rotate_last_edited=\u00a0\u00bbon|phone\u00a0\u00bb transform_skew_last_edited=\u00a0\u00bbon|phone\u00a0\u00bb transform_origin_last_edited=\u00a0\u00bbon|phone\u00a0\u00bb transform_translate_phone=\u00a0\u00bb0px|-41px\u00a0\u00bb sticky_enabled=\u00a0\u00bb0&Prime;]<\/p>\n<p style=\"text-align: center\"><span>N\u00e9 en Hongrie en 2012, le teqball a \u00e9t\u00e9 invent\u00e9 par trois passionn\u00e9s de football, dont l&rsquo;ancien international G\u00e1bor Bors\u00e1nyi. Con\u00e7u comme un outil d&rsquo;entra\u00eenement pour <strong>am\u00e9liorer le toucher de balle,<\/strong> cette discipline hybride a rapidement \u00e9volu\u00e9 en un sport de comp\u00e9tition \u00e0 part enti\u00e8re.\u00a0<\/span><\/p>\n<p style=\"text-align: center\"><span><\/span><\/p>\n<p style=\"text-align: center\"><span>Le teqball se joue sur une <strong>table courb\u00e9e<\/strong> (<\/span><em><span>teqboard<\/span><\/em><span>), inspir\u00e9e d&rsquo;un terrain de tennis de table. Deux ou quatre joueurs s&rsquo;affrontent en se renvoyant un ballon de football, <strong>sans utiliser les bras ni les mains<\/strong>. La r\u00e8gle stricte de l&rsquo;<strong>interdiction de toucher deux fois la m\u00eame partie du corps<\/strong>. C&rsquo;est un sport spectaculaire qui combine football, gymnastique et strat\u00e9gie.<\/span><\/p>\n<p>[\/et_pb_text][\/et_pb_column][et_pb_column type=\u00a0\u00bb1_3&Prime; _builder_version=\u00a0\u00bb4.27.4&Prime; _module_preset=\u00a0\u00bbdefault\u00a0\u00bb global_colors_info=\u00a0\u00bb{}\u00a0\u00bb][et_pb_image src=\u00a0\u00bbhttps:\/\/3sport2025.ppawebdesign.com\/a2\/wp-content\/uploads\/sites\/3\/2025\/12\/teqball-2-e1764879582227.jpg\u00a0\u00bb alt=\u00a0\u00bbDeux joueurs de teqball en action\u00a0\u00bb title_text=\u00a0\u00bbteqball 2&Prime; _builder_version=\u00a0\u00bb4.27.4&Prime; _module_preset=\u00a0\u00bbdefault\u00a0\u00bb hover_enabled=\u00a0\u00bb0&Prime; global_colors_info=\u00a0\u00bb{}\u00a0\u00bb sticky_enabled=\u00a0\u00bb0&Prime;][\/et_pb_image][\/et_pb_column][\/et_pb_row][\/et_pb_section]<\/p>\n","protected":false},"excerpt":{"rendered":"<p>TeqballN\u00e9 en Hongrie en 2012, le teqball a \u00e9t\u00e9 invent\u00e9 par trois passionn\u00e9s de football, dont l&rsquo;ancien international G\u00e1bor Bors\u00e1nyi. Con\u00e7u comme un outil d&rsquo;entra\u00eenement pour am\u00e9liorer le toucher de balle, cette discipline hybride a rapidement \u00e9volu\u00e9 en un sport de comp\u00e9tition \u00e0 part enti\u00e8re.\u00a0 Le teqball se joue sur une table courb\u00e9e (teqboard), inspir\u00e9e [&hellip;]<\/p>\n","protected":false},"author":9,"featured_media":0,"parent":0,"menu_order":0,"comment_status":"closed","ping_status":"closed","template":"","meta":{"_et_pb_use_builder":"on","_et_pb_old_content":"","_et_gb_content_width":"","footnotes":""},"class_list":["post-153","page","type-page","status-publish","hentry"],"yoast_head":"<!-- This site is optimized with the Yoast SEO plugin v26.5 - https:\/\/yoast.com\/wordpress\/plugins\/seo\/ -->\n<title>Teqball - WHY NOT<\/title>\n<meta name=\"description\" content=\"Tu ne connais pas le Teqball ? Embarque tes amis et viens d\u00e9couvrir ce sport fun et d\u00e9lirant avec nous ! Teqball - WHY NOT\" \/>\n<meta name=\"robots\" content=\"index, follow, max-snippet:-1, max-image-preview:large, max-video-preview:-1\" \/>\n<link rel=\"canonical\" href=\"https:\/\/3sport2025.ppawebdesign.com\/a2\/teqball-why-not\/\" \/>\n<meta property=\"og:locale\" content=\"fr_FR\" \/>\n<meta property=\"og:type\" content=\"article\" \/>\n<meta property=\"og:title\" content=\"Teqball - WHY NOT\" \/>\n<meta property=\"og:description\" content=\"Tu ne connais pas le Teqball ? Embarque tes amis et viens d\u00e9couvrir ce sport fun et d\u00e9lirant avec nous ! Teqball - WHY NOT\" \/>\n<meta property=\"og:url\" content=\"https:\/\/3sport2025.ppawebdesign.com\/a2\/teqball-why-not\/\" \/>\n<meta property=\"og:site_name\" content=\"WHY NOT\" \/>\n<meta property=\"article:modified_time\" content=\"2025-12-04T20:22:52+00:00\" \/>\n<meta name=\"twitter:card\" content=\"summary_large_image\" \/>\n<meta name=\"twitter:label1\" content=\"Dur\u00e9e de lecture estim\u00e9e\" \/>\n\t<meta name=\"twitter:data1\" content=\"2 minutes\" \/>\n<script type=\"application\/ld+json\" class=\"yoast-schema-graph\">{\"@context\":\"https:\/\/schema.org\",\"@graph\":[{\"@type\":\"WebPage\",\"@id\":\"https:\/\/3sport2025.ppawebdesign.com\/a2\/teqball-why-not\/\",\"url\":\"https:\/\/3sport2025.ppawebdesign.com\/a2\/teqball-why-not\/\",\"name\":\"Teqball - WHY NOT\",\"isPartOf\":{\"@id\":\"https:\/\/3sport2025.ppawebdesign.com\/a2\/#website\"},\"datePublished\":\"2025-12-02T14:49:37+00:00\",\"dateModified\":\"2025-12-04T20:22:52+00:00\",\"description\":\"Tu ne connais pas le Teqball ? Embarque tes amis et viens d\u00e9couvrir ce sport fun et d\u00e9lirant avec nous ! Teqball - WHY NOT\",\"breadcrumb\":{\"@id\":\"https:\/\/3sport2025.ppawebdesign.com\/a2\/teqball-why-not\/#breadcrumb\"},\"inLanguage\":\"fr-FR\",\"potentialAction\":[{\"@type\":\"ReadAction\",\"target\":[\"https:\/\/3sport2025.ppawebdesign.com\/a2\/teqball-why-not\/\"]}]},{\"@type\":\"BreadcrumbList\",\"@id\":\"https:\/\/3sport2025.ppawebdesign.com\/a2\/teqball-why-not\/#breadcrumb\",\"itemListElement\":[{\"@type\":\"ListItem\",\"position\":1,\"name\":\"Accueil\",\"item\":\"https:\/\/3sport2025.ppawebdesign.com\/a2\/\"},{\"@type\":\"ListItem\",\"position\":2,\"name\":\"Teqball\"}]},{\"@type\":\"WebSite\",\"@id\":\"https:\/\/3sport2025.ppawebdesign.com\/a2\/#website\",\"url\":\"https:\/\/3sport2025.ppawebdesign.com\/a2\/\",\"name\":\"WHY NOT\",\"description\":\"Parce que le sport \u00e9volue gr\u00e2ce \u00e0 vous\",\"potentialAction\":[{\"@type\":\"SearchAction\",\"target\":{\"@type\":\"EntryPoint\",\"urlTemplate\":\"https:\/\/3sport2025.ppawebdesign.com\/a2\/?s={search_term_string}\"},\"query-input\":{\"@type\":\"PropertyValueSpecification\",\"valueRequired\":true,\"valueName\":\"search_term_string\"}}],\"inLanguage\":\"fr-FR\"}]}<\/script>\n<!-- \/ Yoast SEO plugin. -->","yoast_head_json":{"title":"Teqball - WHY NOT","description":"Tu ne connais pas le Teqball ? Embarque tes amis et viens d\u00e9couvrir ce sport fun et d\u00e9lirant avec nous ! Teqball - WHY NOT","robots":{"index":"index","follow":"follow","max-snippet":"max-snippet:-1","max-image-preview":"max-image-preview:large","max-video-preview":"max-video-preview:-1"},"canonical":"https:\/\/3sport2025.ppawebdesign.com\/a2\/teqball-why-not\/","og_locale":"fr_FR","og_type":"article","og_title":"Teqball - WHY NOT","og_description":"Tu ne connais pas le Teqball ? Embarque tes amis et viens d\u00e9couvrir ce sport fun et d\u00e9lirant avec nous ! Teqball - WHY NOT","og_url":"https:\/\/3sport2025.ppawebdesign.com\/a2\/teqball-why-not\/","og_site_name":"WHY NOT","article_modified_time":"2025-12-04T20:22:52+00:00","twitter_card":"summary_large_image","twitter_misc":{"Dur\u00e9e de lecture estim\u00e9e":"2 minutes"},"schema":{"@context":"https:\/\/schema.org","@graph":[{"@type":"WebPage","@id":"https:\/\/3sport2025.ppawebdesign.com\/a2\/teqball-why-not\/","url":"https:\/\/3sport2025.ppawebdesign.com\/a2\/teqball-why-not\/","name":"Teqball - WHY NOT","isPartOf":{"@id":"https:\/\/3sport2025.ppawebdesign.com\/a2\/#website"},"datePublished":"2025-12-02T14:49:37+00:00","dateModified":"2025-12-04T20:22:52+00:00","description":"Tu ne connais pas le Teqball ? Embarque tes amis et viens d\u00e9couvrir ce sport fun et d\u00e9lirant avec nous ! Teqball - WHY NOT","breadcrumb":{"@id":"https:\/\/3sport2025.ppawebdesign.com\/a2\/teqball-why-not\/#breadcrumb"},"inLanguage":"fr-FR","potentialAction":[{"@type":"ReadAction","target":["https:\/\/3sport2025.ppawebdesign.com\/a2\/teqball-why-not\/"]}]},{"@type":"BreadcrumbList","@id":"https:\/\/3sport2025.ppawebdesign.com\/a2\/teqball-why-not\/#breadcrumb","itemListElement":[{"@type":"ListItem","position":1,"name":"Accueil","item":"https:\/\/3sport2025.ppawebdesign.com\/a2\/"},{"@type":"ListItem","position":2,"name":"Teqball"}]},{"@type":"WebSite","@id":"https:\/\/3sport2025.ppawebdesign.com\/a2\/#website","url":"https:\/\/3sport2025.ppawebdesign.com\/a2\/","name":"WHY NOT","description":"Parce que le sport \u00e9volue gr\u00e2ce \u00e0 vous","potentialAction":[{"@type":"SearchAction","target":{"@type":"EntryPoint","urlTemplate":"https:\/\/3sport2025.ppawebdesign.com\/a2\/?s={search_term_string}"},"query-input":{"@type":"PropertyValueSpecification","valueRequired":true,"valueName":"search_term_string"}}],"inLanguage":"fr-FR"}]}},"_links":{"self":[{"href":"https:\/\/3sport2025.ppawebdesign.com\/a2\/wp-json\/wp\/v2\/pages\/153","targetHints":{"allow":["GET"]}}],"collection":[{"href":"https:\/\/3sport2025.ppawebdesign.com\/a2\/wp-json\/wp\/v2\/pages"}],"about":[{"href":"https:\/\/3sport2025.ppawebdesign.com\/a2\/wp-json\/wp\/v2\/types\/page"}],"author":[{"embeddable":true,"href":"https:\/\/3sport2025.ppawebdesign.com\/a2\/wp-json\/wp\/v2\/users\/9"}],"replies":[{"embeddable":true,"href":"https:\/\/3sport2025.ppawebdesign.com\/a2\/wp-json\/wp\/v2\/comments?post=153"}],"version-history":[{"count":19,"href":"https:\/\/3sport2025.ppawebdesign.com\/a2\/wp-json\/wp\/v2\/pages\/153\/revisions"}],"predecessor-version":[{"id":707,"href":"https:\/\/3sport2025.ppawebdesign.com\/a2\/wp-json\/wp\/v2\/pages\/153\/revisions\/707"}],"wp:attachment":[{"href":"https:\/\/3sport2025.ppawebdesign.com\/a2\/wp-json\/wp\/v2\/media?parent=153"}],"curies":[{"name":"wp","href":"https:\/\/api.w.org\/{rel}","templated":true}]}}