{"id":187,"date":"2025-12-02T16:34:42","date_gmt":"2025-12-02T15:34:42","guid":{"rendered":"https:\/\/3sport2025.ppawebdesign.com\/a2\/?page_id=187"},"modified":"2025-12-04T21:27:34","modified_gmt":"2025-12-04T20:27:34","slug":"chase-tag-why-not","status":"publish","type":"page","link":"https:\/\/3sport2025.ppawebdesign.com\/a2\/chase-tag-why-not\/","title":{"rendered":"Chase Tag"},"content":{"rendered":"<p>[et_pb_section fb_built=\u00a0\u00bb1&Prime; _builder_version=\u00a0\u00bb4.27.4&Prime; _module_preset=\u00a0\u00bbdefault\u00a0\u00bb background_color=\u00a0\u00bbRGBA(255,255,255,0)\u00a0\u00bb global_colors_info=\u00a0\u00bb{}\u00a0\u00bb][et_pb_row _builder_version=\u00a0\u00bb4.27.4&Prime; _module_preset=\u00a0\u00bbdefault\u00a0\u00bb global_colors_info=\u00a0\u00bb{}\u00a0\u00bb][et_pb_column type=\u00a0\u00bb4_4&Prime; _builder_version=\u00a0\u00bb4.27.4&Prime; _module_preset=\u00a0\u00bbdefault\u00a0\u00bb global_colors_info=\u00a0\u00bb{}\u00a0\u00bb][et_pb_text _builder_version=\u00a0\u00bb4.27.4&Prime; _module_preset=\u00a0\u00bbdefault\u00a0\u00bb header_font=\u00a0\u00bbDM Serif Display||||||||\u00a0\u00bb header_text_color=\u00a0\u00bb#6871E8&Prime; header_font_size=\u00a0\u00bb60px\u00a0\u00bb global_colors_info=\u00a0\u00bb{}\u00a0\u00bb]<\/p>\n<h1 style=\"text-align: center\">Le Chase Tag<\/h1>\n<p>[\/et_pb_text][et_pb_button button_url=\u00a0\u00bb@ET-DC@eyJkeW5hbWljIjp0cnVlLCJjb250ZW50IjoicG9zdF9saW5rX3VybF9wYWdlIiwic2V0dGluZ3MiOnsicG9zdF9pZCI6IjE4IiwiZW5hYmxlX2h0bWwiOiJvZmYifX0=@\u00a0\u00bb button_text=\u00a0\u00bbRetour aux sports\u00a0\u00bb _builder_version=\u00a0\u00bb4.27.4&Prime; _dynamic_attributes=\u00a0\u00bbbutton_url\u00a0\u00bb _module_preset=\u00a0\u00bbdefault\u00a0\u00bb custom_button=\u00a0\u00bbon\u00a0\u00bb button_text_color=\u00a0\u00bb#6871E8&Prime; button_border_width=\u00a0\u00bb4px\u00a0\u00bb button_border_radius=\u00a0\u00bb100px\u00a0\u00bb button_font=\u00a0\u00bbPoppins||||||||\u00a0\u00bb button_icon=\u00a0\u00bb&#x34;||divi||400&Prime; button_icon_placement=\u00a0\u00bbleft\u00a0\u00bb hover_enabled=\u00a0\u00bb0&Prime; global_colors_info=\u00a0\u00bb{}\u00a0\u00bb transform_styles_last_edited=\u00a0\u00bbon|phone\u00a0\u00bb transform_scale_last_edited=\u00a0\u00bbon|phone\u00a0\u00bb transform_translate_last_edited=\u00a0\u00bbon|phone\u00a0\u00bb transform_rotate_last_edited=\u00a0\u00bbon|phone\u00a0\u00bb transform_skew_last_edited=\u00a0\u00bbon|phone\u00a0\u00bb transform_origin_last_edited=\u00a0\u00bbon|phone\u00a0\u00bb transform_translate_phone=\u00a0\u00bb42px|-3px\u00a0\u00bb sticky_enabled=\u00a0\u00bb0&Prime;][\/et_pb_button][\/et_pb_column][\/et_pb_row][et_pb_row _builder_version=\u00a0\u00bb4.27.4&Prime; _module_preset=\u00a0\u00bbdefault\u00a0\u00bb global_colors_info=\u00a0\u00bb{}\u00a0\u00bb][et_pb_column type=\u00a0\u00bb4_4&Prime; _builder_version=\u00a0\u00bb4.27.4&Prime; _module_preset=\u00a0\u00bbdefault\u00a0\u00bb global_colors_info=\u00a0\u00bb{}\u00a0\u00bb][et_pb_image src=\u00a0\u00bbhttps:\/\/3sport2025.ppawebdesign.com\/a2\/wp-content\/uploads\/sites\/3\/2025\/12\/Chase-tag-fond-pdf.jpg\u00a0\u00bb alt=\u00a0\u00bb3 personnes en figure de chase tag \u00a0\u00bb title_text=\u00a0\u00bbChase tag fond\u00a0\u00bb _builder_version=\u00a0\u00bb4.27.4&Prime; _module_preset=\u00a0\u00bbdefault\u00a0\u00bb global_colors_info=\u00a0\u00bb{}\u00a0\u00bb][\/et_pb_image][\/et_pb_column][\/et_pb_row][et_pb_row _builder_version=\u00a0\u00bb4.27.4&Prime; _module_preset=\u00a0\u00bbdefault\u00a0\u00bb global_colors_info=\u00a0\u00bb{}\u00a0\u00bb][et_pb_column type=\u00a0\u00bb4_4&Prime; _builder_version=\u00a0\u00bb4.27.4&Prime; _module_preset=\u00a0\u00bbdefault\u00a0\u00bb global_colors_info=\u00a0\u00bb{}\u00a0\u00bb][et_pb_divider _builder_version=\u00a0\u00bb4.27.4&Prime; _module_preset=\u00a0\u00bbdefault\u00a0\u00bb global_colors_info=\u00a0\u00bb{}\u00a0\u00bb][\/et_pb_divider][\/et_pb_column][\/et_pb_row][et_pb_row column_structure=\u00a0\u00bb1_3,1_3,1_3&Prime; _builder_version=\u00a0\u00bb4.27.4&Prime; _module_preset=\u00a0\u00bbdefault\u00a0\u00bb global_colors_info=\u00a0\u00bb{}\u00a0\u00bb][et_pb_column type=\u00a0\u00bb1_3&Prime; _builder_version=\u00a0\u00bb4.27.4&Prime; _module_preset=\u00a0\u00bbdefault\u00a0\u00bb global_colors_info=\u00a0\u00bb{}\u00a0\u00bb][et_pb_image src=\u00a0\u00bbhttps:\/\/3sport2025.ppawebdesign.com\/a2\/wp-content\/uploads\/sites\/3\/2025\/12\/chase-tag-e1764879907927.webp\u00a0\u00bb alt=\u00a0\u00bbapprentissage du parkour\u00a0\u00bb title_text=\u00a0\u00bbchase tag\u00a0\u00bb _builder_version=\u00a0\u00bb4.27.4&Prime; _module_preset=\u00a0\u00bbdefault\u00a0\u00bb hover_enabled=\u00a0\u00bb0&Prime; global_colors_info=\u00a0\u00bb{}\u00a0\u00bb sticky_enabled=\u00a0\u00bb0&Prime;][\/et_pb_image][\/et_pb_column][et_pb_column type=\u00a0\u00bb1_3&Prime; _builder_version=\u00a0\u00bb4.27.4&Prime; _module_preset=\u00a0\u00bbdefault\u00a0\u00bb global_colors_info=\u00a0\u00bb{}\u00a0\u00bb][et_pb_text _builder_version=\u00a0\u00bb4.27.4&Prime; _module_preset=\u00a0\u00bbdefault\u00a0\u00bb text_font=\u00a0\u00bbPoppins||||||||\u00a0\u00bb text_font_size=\u00a0\u00bb16px\u00a0\u00bb hover_enabled=\u00a0\u00bb0&Prime; global_colors_info=\u00a0\u00bb{}\u00a0\u00bb transform_styles__hover_enabled=\u00a0\u00bbon|desktop\u00a0\u00bb transform_scale__hover_enabled=\u00a0\u00bbon|desktop\u00a0\u00bb transform_translate__hover_enabled=\u00a0\u00bbon|desktop\u00a0\u00bb transform_rotate__hover_enabled=\u00a0\u00bbon|desktop\u00a0\u00bb transform_skew__hover_enabled=\u00a0\u00bbon|desktop\u00a0\u00bb transform_origin__hover_enabled=\u00a0\u00bbon|desktop\u00a0\u00bb transform_styles_last_edited=\u00a0\u00bbon|phone\u00a0\u00bb transform_scale_last_edited=\u00a0\u00bbon|phone\u00a0\u00bb transform_translate_last_edited=\u00a0\u00bbon|phone\u00a0\u00bb transform_rotate_last_edited=\u00a0\u00bbon|phone\u00a0\u00bb transform_skew_last_edited=\u00a0\u00bbon|phone\u00a0\u00bb transform_origin_last_edited=\u00a0\u00bbon|phone\u00a0\u00bb transform_translate_phone=\u00a0\u00bb7px|10px\u00a0\u00bb sticky_enabled=\u00a0\u00bb0&Prime;]<\/p>\n<p style=\"text-align: center\"><span>N\u00e9 en Angleterre au <strong>d\u00e9but des ann\u00e9es 2010<\/strong>, le Chase Tag est l&rsquo;invention des fr\u00e8res Devaux, qui ont transform\u00e9 le simple <strong>jeu du chat<\/strong> en un sport de comp\u00e9tition. Son d\u00e9veloppement a \u00e9t\u00e9 port\u00e9 par la cr\u00e9ation d&rsquo;un <strong>terrain d&rsquo;obstacles modulaire sp\u00e9cifique<\/strong> et une diffusion massive de vid\u00e9os en ligne, menant \u00e0 l&rsquo;organisation de championnats mondiaux.<\/span><\/p>\n<div class=\"_4f9bf79 d7dc56a8 _43c05b5\">\n<div class=\"ds-message _63c77b1\">\n<div class=\"ds-markdown\">\n<p class=\"ds-markdown-paragraph\" style=\"text-align: center\"><span>Le Chase Tag est un <strong>duel d&rsquo;agilit\u00e9<\/strong> o\u00f9 deux joueurs s&rsquo;affrontent sur un parcours d&rsquo;obstacles. L&rsquo;un attaque et doit <strong>toucher l&rsquo;autre<\/strong>, qui d\u00e9fend et doit <strong>esquiver<\/strong>, le tout en <strong>moins de 20 secondes<\/strong>. Ce sport hybride combine la <strong>vitesse<\/strong>, les techniques de <strong>parkour<\/strong> et la strat\u00e9gie dans un format ultra-rapide et tr\u00e8s spectaculaire.<\/span><\/p>\n<\/div>\n<\/div>\n<\/div>\n<p><span><\/span><\/p>\n<p><span><\/span><\/p>\n<p>[\/et_pb_text][\/et_pb_column][et_pb_column type=\u00a0\u00bb1_3&Prime; _builder_version=\u00a0\u00bb4.27.4&Prime; _module_preset=\u00a0\u00bbdefault\u00a0\u00bb global_colors_info=\u00a0\u00bb{}\u00a0\u00bb][et_pb_image src=\u00a0\u00bbhttps:\/\/3sport2025.ppawebdesign.com\/a2\/wp-content\/uploads\/sites\/3\/2025\/12\/Chase-tag-2.jpg\u00a0\u00bb alt=\u00a0\u00bbjoueurs de chase tag en action\u00a0\u00bb title_text=\u00a0\u00bbChase tag 2&Prime; _builder_version=\u00a0\u00bb4.27.4&Prime; _module_preset=\u00a0\u00bbdefault\u00a0\u00bb hover_enabled=\u00a0\u00bb0&Prime; global_colors_info=\u00a0\u00bb{}\u00a0\u00bb sticky_enabled=\u00a0\u00bb0&Prime;][\/et_pb_image][et_pb_button button_url=\u00a0\u00bbhttps:\/\/fr.wikipedia.org\/wiki\/Championnat_du_monde_de_jeu_du_chat\u00a0\u00bb button_text=\u00a0\u00bbPlus d&rsquo;infos\u00a0\u00bb button_alignment=\u00a0\u00bbcenter\u00a0\u00bb _builder_version=\u00a0\u00bb4.27.4&Prime; _module_preset=\u00a0\u00bbdefault\u00a0\u00bb custom_button=\u00a0\u00bbon\u00a0\u00bb button_text_color=\u00a0\u00bb#6871E8&Prime; button_border_width=\u00a0\u00bb4px\u00a0\u00bb button_border_radius=\u00a0\u00bb100px\u00a0\u00bb global_colors_info=\u00a0\u00bb{}\u00a0\u00bb][\/et_pb_button][\/et_pb_column][\/et_pb_row][\/et_pb_section]<\/p>\n","protected":false},"excerpt":{"rendered":"<p>Le Chase TagN\u00e9 en Angleterre au d\u00e9but des ann\u00e9es 2010, le Chase Tag est l&rsquo;invention des fr\u00e8res Devaux, qui ont transform\u00e9 le simple jeu du chat en un sport de comp\u00e9tition. Son d\u00e9veloppement a \u00e9t\u00e9 port\u00e9 par la cr\u00e9ation d&rsquo;un terrain d&rsquo;obstacles modulaire sp\u00e9cifique et une diffusion massive de vid\u00e9os en ligne, menant \u00e0 l&rsquo;organisation [&hellip;]<\/p>\n","protected":false},"author":9,"featured_media":0,"parent":0,"menu_order":0,"comment_status":"closed","ping_status":"closed","template":"","meta":{"_et_pb_use_builder":"on","_et_pb_old_content":"","_et_gb_content_width":"","footnotes":""},"class_list":["post-187","page","type-page","status-publish","hentry"],"yoast_head":"<!-- This site is optimized with the Yoast SEO plugin v26.5 - https:\/\/yoast.com\/wordpress\/plugins\/seo\/ -->\n<title>Chase Tag - WHY NOT<\/title>\n<meta name=\"description\" content=\"Tu ne connais pas le Chase Tag ? Embarque tes amis et viens d\u00e9couvrir ce sport fun et d\u00e9lirant avec nous ! Chase Tag - WHY NOT\" \/>\n<meta name=\"robots\" content=\"index, follow, max-snippet:-1, max-image-preview:large, max-video-preview:-1\" \/>\n<link rel=\"canonical\" href=\"https:\/\/3sport2025.ppawebdesign.com\/a2\/chase-tag-why-not\/\" \/>\n<meta property=\"og:locale\" content=\"fr_FR\" \/>\n<meta property=\"og:type\" content=\"article\" \/>\n<meta property=\"og:title\" content=\"Chase Tag - WHY NOT\" \/>\n<meta property=\"og:description\" content=\"Tu ne connais pas le Chase Tag ? Embarque tes amis et viens d\u00e9couvrir ce sport fun et d\u00e9lirant avec nous ! Chase Tag - WHY NOT\" \/>\n<meta property=\"og:url\" content=\"https:\/\/3sport2025.ppawebdesign.com\/a2\/chase-tag-why-not\/\" \/>\n<meta property=\"og:site_name\" content=\"WHY NOT\" \/>\n<meta property=\"article:modified_time\" content=\"2025-12-04T20:27:34+00:00\" \/>\n<meta name=\"twitter:card\" content=\"summary_large_image\" \/>\n<meta name=\"twitter:label1\" content=\"Dur\u00e9e de lecture estim\u00e9e\" \/>\n\t<meta name=\"twitter:data1\" content=\"2 minutes\" \/>\n<script type=\"application\/ld+json\" class=\"yoast-schema-graph\">{\"@context\":\"https:\/\/schema.org\",\"@graph\":[{\"@type\":\"WebPage\",\"@id\":\"https:\/\/3sport2025.ppawebdesign.com\/a2\/chase-tag-why-not\/\",\"url\":\"https:\/\/3sport2025.ppawebdesign.com\/a2\/chase-tag-why-not\/\",\"name\":\"Chase Tag - WHY NOT\",\"isPartOf\":{\"@id\":\"https:\/\/3sport2025.ppawebdesign.com\/a2\/#website\"},\"datePublished\":\"2025-12-02T15:34:42+00:00\",\"dateModified\":\"2025-12-04T20:27:34+00:00\",\"description\":\"Tu ne connais pas le Chase Tag ? Embarque tes amis et viens d\u00e9couvrir ce sport fun et d\u00e9lirant avec nous ! Chase Tag - WHY NOT\",\"breadcrumb\":{\"@id\":\"https:\/\/3sport2025.ppawebdesign.com\/a2\/chase-tag-why-not\/#breadcrumb\"},\"inLanguage\":\"fr-FR\",\"potentialAction\":[{\"@type\":\"ReadAction\",\"target\":[\"https:\/\/3sport2025.ppawebdesign.com\/a2\/chase-tag-why-not\/\"]}]},{\"@type\":\"BreadcrumbList\",\"@id\":\"https:\/\/3sport2025.ppawebdesign.com\/a2\/chase-tag-why-not\/#breadcrumb\",\"itemListElement\":[{\"@type\":\"ListItem\",\"position\":1,\"name\":\"Accueil\",\"item\":\"https:\/\/3sport2025.ppawebdesign.com\/a2\/\"},{\"@type\":\"ListItem\",\"position\":2,\"name\":\"Chase Tag\"}]},{\"@type\":\"WebSite\",\"@id\":\"https:\/\/3sport2025.ppawebdesign.com\/a2\/#website\",\"url\":\"https:\/\/3sport2025.ppawebdesign.com\/a2\/\",\"name\":\"WHY NOT\",\"description\":\"Parce que le sport \u00e9volue gr\u00e2ce \u00e0 vous\",\"potentialAction\":[{\"@type\":\"SearchAction\",\"target\":{\"@type\":\"EntryPoint\",\"urlTemplate\":\"https:\/\/3sport2025.ppawebdesign.com\/a2\/?s={search_term_string}\"},\"query-input\":{\"@type\":\"PropertyValueSpecification\",\"valueRequired\":true,\"valueName\":\"search_term_string\"}}],\"inLanguage\":\"fr-FR\"}]}<\/script>\n<!-- \/ Yoast SEO plugin. -->","yoast_head_json":{"title":"Chase Tag - WHY NOT","description":"Tu ne connais pas le Chase Tag ? Embarque tes amis et viens d\u00e9couvrir ce sport fun et d\u00e9lirant avec nous ! Chase Tag - WHY NOT","robots":{"index":"index","follow":"follow","max-snippet":"max-snippet:-1","max-image-preview":"max-image-preview:large","max-video-preview":"max-video-preview:-1"},"canonical":"https:\/\/3sport2025.ppawebdesign.com\/a2\/chase-tag-why-not\/","og_locale":"fr_FR","og_type":"article","og_title":"Chase Tag - WHY NOT","og_description":"Tu ne connais pas le Chase Tag ? Embarque tes amis et viens d\u00e9couvrir ce sport fun et d\u00e9lirant avec nous ! Chase Tag - WHY NOT","og_url":"https:\/\/3sport2025.ppawebdesign.com\/a2\/chase-tag-why-not\/","og_site_name":"WHY NOT","article_modified_time":"2025-12-04T20:27:34+00:00","twitter_card":"summary_large_image","twitter_misc":{"Dur\u00e9e de lecture estim\u00e9e":"2 minutes"},"schema":{"@context":"https:\/\/schema.org","@graph":[{"@type":"WebPage","@id":"https:\/\/3sport2025.ppawebdesign.com\/a2\/chase-tag-why-not\/","url":"https:\/\/3sport2025.ppawebdesign.com\/a2\/chase-tag-why-not\/","name":"Chase Tag - WHY NOT","isPartOf":{"@id":"https:\/\/3sport2025.ppawebdesign.com\/a2\/#website"},"datePublished":"2025-12-02T15:34:42+00:00","dateModified":"2025-12-04T20:27:34+00:00","description":"Tu ne connais pas le Chase Tag ? Embarque tes amis et viens d\u00e9couvrir ce sport fun et d\u00e9lirant avec nous ! Chase Tag - WHY NOT","breadcrumb":{"@id":"https:\/\/3sport2025.ppawebdesign.com\/a2\/chase-tag-why-not\/#breadcrumb"},"inLanguage":"fr-FR","potentialAction":[{"@type":"ReadAction","target":["https:\/\/3sport2025.ppawebdesign.com\/a2\/chase-tag-why-not\/"]}]},{"@type":"BreadcrumbList","@id":"https:\/\/3sport2025.ppawebdesign.com\/a2\/chase-tag-why-not\/#breadcrumb","itemListElement":[{"@type":"ListItem","position":1,"name":"Accueil","item":"https:\/\/3sport2025.ppawebdesign.com\/a2\/"},{"@type":"ListItem","position":2,"name":"Chase Tag"}]},{"@type":"WebSite","@id":"https:\/\/3sport2025.ppawebdesign.com\/a2\/#website","url":"https:\/\/3sport2025.ppawebdesign.com\/a2\/","name":"WHY NOT","description":"Parce que le sport \u00e9volue gr\u00e2ce \u00e0 vous","potentialAction":[{"@type":"SearchAction","target":{"@type":"EntryPoint","urlTemplate":"https:\/\/3sport2025.ppawebdesign.com\/a2\/?s={search_term_string}"},"query-input":{"@type":"PropertyValueSpecification","valueRequired":true,"valueName":"search_term_string"}}],"inLanguage":"fr-FR"}]}},"_links":{"self":[{"href":"https:\/\/3sport2025.ppawebdesign.com\/a2\/wp-json\/wp\/v2\/pages\/187","targetHints":{"allow":["GET"]}}],"collection":[{"href":"https:\/\/3sport2025.ppawebdesign.com\/a2\/wp-json\/wp\/v2\/pages"}],"about":[{"href":"https:\/\/3sport2025.ppawebdesign.com\/a2\/wp-json\/wp\/v2\/types\/page"}],"author":[{"embeddable":true,"href":"https:\/\/3sport2025.ppawebdesign.com\/a2\/wp-json\/wp\/v2\/users\/9"}],"replies":[{"embeddable":true,"href":"https:\/\/3sport2025.ppawebdesign.com\/a2\/wp-json\/wp\/v2\/comments?post=187"}],"version-history":[{"count":18,"href":"https:\/\/3sport2025.ppawebdesign.com\/a2\/wp-json\/wp\/v2\/pages\/187\/revisions"}],"predecessor-version":[{"id":713,"href":"https:\/\/3sport2025.ppawebdesign.com\/a2\/wp-json\/wp\/v2\/pages\/187\/revisions\/713"}],"wp:attachment":[{"href":"https:\/\/3sport2025.ppawebdesign.com\/a2\/wp-json\/wp\/v2\/media?parent=187"}],"curies":[{"name":"wp","href":"https:\/\/api.w.org\/{rel}","templated":true}]}}