{"id":11,"date":"2025-12-02T11:35:03","date_gmt":"2025-12-02T10:35:03","guid":{"rendered":"https:\/\/3sport2025.ppawebdesign.com\/a3\/?page_id=11"},"modified":"2025-12-05T11:03:27","modified_gmt":"2025-12-05T10:03:27","slug":"a-propos","status":"publish","type":"page","link":"https:\/\/3sport2025.ppawebdesign.com\/a3\/a-propos\/","title":{"rendered":"A PROPOS"},"content":{"rendered":"\n[et_pb_section fb_built=\u00a0\u00bb1&Prime; _builder_version=\u00a0\u00bb4.27.4&Prime; _module_preset=\u00a0\u00bbdefault\u00a0\u00bb background_color=\u00a0\u00bb#0b0929&Prime; min_height=\u00a0\u00bb714px\u00a0\u00bb custom_padding=\u00a0\u00bb39px|||||\u00a0\u00bb global_colors_info=\u00a0\u00bb{}\u00a0\u00bb][et_pb_row _builder_version=\u00a0\u00bb4.27.4&Prime; _module_preset=\u00a0\u00bbdefault\u00a0\u00bb global_colors_info=\u00a0\u00bb{}\u00a0\u00bb][et_pb_column type=\u00a0\u00bb4_4&Prime; _builder_version=\u00a0\u00bb4.27.4&Prime; _module_preset=\u00a0\u00bbdefault\u00a0\u00bb global_colors_info=\u00a0\u00bb{}\u00a0\u00bb][et_pb_text _builder_version=\u00a0\u00bb4.27.4&Prime; _module_preset=\u00a0\u00bbdefault\u00a0\u00bb transform_translate=\u00a0\u00bb-3px|-32px\u00a0\u00bb border_width_all=\u00a0\u00bb6px\u00a0\u00bb border_color_all=\u00a0\u00bb#FFFFFF\u00a0\u00bb global_colors_info=\u00a0\u00bb{}\u00a0\u00bb]<h1><span style=\"color: #ffffff\">\u00a0A PROPOS DE NOUS&#8230;<\/span><\/h1>[\/et_pb_text][\/et_pb_column][\/et_pb_row][et_pb_row _builder_version=\u00a0\u00bb4.27.4&Prime; _module_preset=\u00a0\u00bbdefault\u00a0\u00bb column_structure=\u00a0\u00bb2_5,3_5&Prime;][et_pb_column _builder_version=\u00a0\u00bb4.27.4&Prime; _module_preset=\u00a0\u00bbdefault\u00a0\u00bb type=\u00a0\u00bb2_5&Prime;][et_pb_video src=\u00a0\u00bbhttps:\/\/youtube.com\/shorts\/jZlnF1_Zugg?si=BdiJP1My-03y8I18&Prime; _builder_version=\u00a0\u00bb4.27.4&Prime; _module_preset=\u00a0\u00bbdefault\u00a0\u00bb hover_enabled=\u00a0\u00bb0&Prime; sticky_enabled=\u00a0\u00bb0&Prime;][\/et_pb_video][\/et_pb_column][et_pb_column _builder_version=\u00a0\u00bb4.27.4&Prime; _module_preset=\u00a0\u00bbdefault\u00a0\u00bb type=\u00a0\u00bb3_5&Prime;][et_pb_text _builder_version=\u00a0\u00bb4.27.4&Prime; _module_preset=\u00a0\u00bbdefault\u00a0\u00bb hover_enabled=\u00a0\u00bb0&Prime; sticky_enabled=\u00a0\u00bb0&Prime;]<h1>Nos cibles<\/h1>\n<h3><span style=\"color: #ffffff\">&#8211; 1 grande \u00e9cole de commerce<\/span><\/h3>\n<h3><span style=\"color: #ffffff\">&#8211; 4 campus de l&rsquo;\u00e9cole PPA Sport<\/span><\/h3>\n<h3><span style=\"color: #ffffff\">&#8211; Plus de 300 \u00e9tudiants de la r\u00e9gion IDF<\/span><\/h3>[\/et_pb_text][\/et_pb_column][\/et_pb_row][et_pb_row column_structure=\u00a0\u00bb2_5,3_5&Prime; _builder_version=\u00a0\u00bb4.27.4&Prime; _module_preset=\u00a0\u00bbdefault\u00a0\u00bb global_colors_info=\u00a0\u00bb{}\u00a0\u00bb][et_pb_column type=\u00a0\u00bb2_5&Prime; _builder_version=\u00a0\u00bb4.27.4&Prime; _module_preset=\u00a0\u00bbdefault\u00a0\u00bb global_colors_info=\u00a0\u00bb{}\u00a0\u00bb][et_pb_text _builder_version=\u00a0\u00bb4.27.4&Prime; _module_preset=\u00a0\u00bbdefault\u00a0\u00bb hover_enabled=\u00a0\u00bb0&Prime; global_colors_info=\u00a0\u00bb{}\u00a0\u00bb sticky_enabled=\u00a0\u00bb0&Prime;]<h1>CE QU&rsquo;ON PROPOSE<\/h1>\n<h3><span style=\"color: #ffffff\"><span style=\"color: #24dbce\">&#8211; <\/span>S\u00e9minaires d&rsquo;int\u00e9gration pour \u00e9tudiants<\/span><\/h3>\n<h3><span style=\"color: #ffffff\"><span style=\"color: #24dbce\">&#8211;<\/span> Comp\u00e9tition sportive \u00e9tudiantes dans un cadre de qualit\u00e9<\/span><\/h3>\n<h3><span style=\"color: #ffffff\"><span style=\"color: #24dbce\">&#8211;<\/span> Ev\u00e8nements au sein des campus de l&rsquo;\u00e9cole PPA<\/span><\/h3>[\/et_pb_text][\/et_pb_column][et_pb_column type=\u00a0\u00bb3_5&Prime; _builder_version=\u00a0\u00bb4.27.4&Prime; _module_preset=\u00a0\u00bbdefault\u00a0\u00bb global_colors_info=\u00a0\u00bb{}\u00a0\u00bb][et_pb_image src=\u00a0\u00bbhttps:\/\/3sport2025.ppawebdesign.com\/a3\/wp-content\/uploads\/sites\/4\/2025\/12\/IMG_5043-1.jpeg\u00a0\u00bb title_text=\u00a0\u00bbIMG_5043 (1)\u00a0\u00bb _builder_version=\u00a0\u00bb4.27.4&Prime; _module_preset=\u00a0\u00bbdefault\u00a0\u00bb transform_scale=\u00a0\u00bb68%|68%\u00a0\u00bb transform_translate=\u00a0\u00bb20px|-217px\u00a0\u00bb animation_style=\u00a0\u00bbflip\u00a0\u00bb global_colors_info=\u00a0\u00bb{}\u00a0\u00bb][\/et_pb_image][\/et_pb_column][\/et_pb_row][et_pb_row column_structure=\u00a0\u00bb2_5,3_5&Prime; _builder_version=\u00a0\u00bb4.27.4&Prime; _module_preset=\u00a0\u00bbdefault\u00a0\u00bb animation_style=\u00a0\u00bbflip\u00a0\u00bb global_colors_info=\u00a0\u00bb{}\u00a0\u00bb][et_pb_column type=\u00a0\u00bb2_5&Prime; _builder_version=\u00a0\u00bb4.27.4&Prime; _module_preset=\u00a0\u00bbdefault\u00a0\u00bb global_colors_info=\u00a0\u00bb{}\u00a0\u00bb][et_pb_text _builder_version=\u00a0\u00bb4.27.4&Prime; _module_preset=\u00a0\u00bbdefault\u00a0\u00bb transform_translate=\u00a0\u00bb0px|-111px\u00a0\u00bb custom_margin=\u00a0\u00bb10px||||false|false\u00a0\u00bb global_colors_info=\u00a0\u00bb{}\u00a0\u00bb]<h1><span style=\"color: #9a42b7\">POUR L&rsquo;AVENIR<\/span><\/h1>\n<p><span style=\"font-size: large;color: #ffffff\">Nous aimerions organiser des TEAM Buildings pour des entreprises priv\u00e9s au sein du site d&rsquo;ATHLETICA qui a la capacit\u00e9 d&rsquo;offrir un service VIP. Et cela avec l&rsquo;objectif de d&rsquo;augmenter notre visibilit\u00e9 \u00e0 l&rsquo;echelle local.<\/span><\/p>[\/et_pb_text][\/et_pb_column][et_pb_column type=\u00a0\u00bb3_5&Prime; _builder_version=\u00a0\u00bb4.27.4&Prime; _module_preset=\u00a0\u00bbdefault\u00a0\u00bb global_colors_info=\u00a0\u00bb{}\u00a0\u00bb][et_pb_image src=\u00a0\u00bbhttps:\/\/3sport2025.ppawebdesign.com\/a3\/wp-content\/uploads\/sites\/4\/2025\/12\/IMG_5050.jpeg\u00a0\u00bb title_text=\u00a0\u00bbIMG_5050&Prime; _builder_version=\u00a0\u00bb4.27.4&Prime; _module_preset=\u00a0\u00bbdefault\u00a0\u00bb transform_scale=\u00a0\u00bb92%|92%\u00a0\u00bb transform_translate=\u00a0\u00bb111px|-139px\u00a0\u00bb animation_style=\u00a0\u00bbflip\u00a0\u00bb global_colors_info=\u00a0\u00bb{}\u00a0\u00bb][\/et_pb_image][\/et_pb_column][\/et_pb_row][et_pb_row _builder_version=\u00a0\u00bb4.27.4&Prime; _module_preset=\u00a0\u00bbdefault\u00a0\u00bb global_colors_info=\u00a0\u00bb{}\u00a0\u00bb][et_pb_column type=\u00a0\u00bb4_4&Prime; _builder_version=\u00a0\u00bb4.27.4&Prime; _module_preset=\u00a0\u00bbdefault\u00a0\u00bb global_colors_info=\u00a0\u00bb{}\u00a0\u00bb][et_pb_text _builder_version=\u00a0\u00bb4.27.4&Prime; _module_preset=\u00a0\u00bbdefault\u00a0\u00bb transform_translate=\u00a0\u00bb41px|-65px\u00a0\u00bb border_width_all=\u00a0\u00bb10px\u00a0\u00bb border_color_all=\u00a0\u00bb#FFFFFF\u00a0\u00bb global_colors_info=\u00a0\u00bb{}\u00a0\u00bb]<h1><span style=\"color: #ffffff\">\u00a0VOUS SOUHAITEZ REJOINDRE NOTRE AVENTURE ?\u00a0<\/span><\/h1>[\/et_pb_text][\/et_pb_column][\/et_pb_row][et_pb_row _builder_version=\u00a0\u00bb4.27.4&Prime; _module_preset=\u00a0\u00bbdefault\u00a0\u00bb link_option_url=\u00a0\u00bbhttps:\/\/3sport2025.ppawebdesign.com\/a3\/contact\/\u00a0\u00bb global_colors_info=\u00a0\u00bb{}\u00a0\u00bb][et_pb_column type=\u00a0\u00bb4_4&Prime; _builder_version=\u00a0\u00bb4.27.4&Prime; _module_preset=\u00a0\u00bbdefault\u00a0\u00bb global_colors_info=\u00a0\u00bb{}\u00a0\u00bb][et_pb_button button_url=\u00a0\u00bbhttps:\/\/3sport2025.ppawebdesign.com\/a3\/contact\/\u00a0\u00bb button_text=\u00a0\u00bbContactez-nous !\u00a0\u00bb _builder_version=\u00a0\u00bb4.27.4&Prime; _module_preset=\u00a0\u00bbdefault\u00a0\u00bb hover_enabled=\u00a0\u00bb0&Prime; global_colors_info=\u00a0\u00bb{}\u00a0\u00bb sticky_enabled=\u00a0\u00bb0&Prime;][\/et_pb_button][\/et_pb_column][\/et_pb_row][et_pb_row _builder_version=\u00a0\u00bb4.27.4&Prime; _module_preset=\u00a0\u00bbdefault\u00a0\u00bb global_colors_info=\u00a0\u00bb{}\u00a0\u00bb][et_pb_column type=\u00a0\u00bb4_4&Prime; _builder_version=\u00a0\u00bb4.27.4&Prime; _module_preset=\u00a0\u00bbdefault\u00a0\u00bb global_colors_info=\u00a0\u00bb{}\u00a0\u00bb][et_pb_text _builder_version=\u00a0\u00bb4.27.4&Prime; _module_preset=\u00a0\u00bbdefault\u00a0\u00bb global_colors_info=\u00a0\u00bb{}\u00a0\u00bb]<h1><span style=\"color: #ffffff\">NOS PARTENAIRES<\/span><\/h1>[\/et_pb_text][\/et_pb_column][\/et_pb_row][et_pb_row column_structure=\u00a0\u00bb1_3,1_3,1_3&Prime; _builder_version=\u00a0\u00bb4.27.4&Prime; _module_preset=\u00a0\u00bbdefault\u00a0\u00bb global_colors_info=\u00a0\u00bb{}\u00a0\u00bb][et_pb_column type=\u00a0\u00bb1_3&Prime; _builder_version=\u00a0\u00bb4.27.4&Prime; _module_preset=\u00a0\u00bbdefault\u00a0\u00bb global_colors_info=\u00a0\u00bb{}\u00a0\u00bb][et_pb_image src=\u00a0\u00bbhttps:\/\/3sport2025.ppawebdesign.com\/a3\/wp-content\/uploads\/sites\/4\/2025\/12\/Presentation-Quinexus-10.png\u00a0\u00bb title_text=\u00a0\u00bbPresentation Quinexus\u00a0\u00bb _builder_version=\u00a0\u00bb4.27.4&Prime; _module_preset=\u00a0\u00bbdefault\u00a0\u00bb hover_enabled=\u00a0\u00bb0&Prime; global_colors_info=\u00a0\u00bb{}\u00a0\u00bb url=\u00a0\u00bbhttps:\/\/www.ppa-sport.fr\/?utm_source=google&amp;gclid=Cj0KCQiA_8TJBhDNARIsAPX5qxQzrO-c0YeydJlnuVGJZEmDH2-l9bJmyFOPPRsqUn9UqFjp12LMShoaAoyuEALw_wcB&amp;CampaignId=19495188175&amp;AdGroupId=145869435078&amp;feeditemid&amp;targetid=kwd-2454924612452&amp;loc_interest_ms&amp;loc_physical_ms=9056504&amp;matchtype=e&amp;network=g&amp;device=c&amp;devicemodel&amp;creative=643917943641&amp;keyword=ppa%20sport&amp;placement&amp;target&amp;adposition&amp;utm_medium=search&amp;gad_source=1&amp;gad_campaignid=19495188175&amp;gbraid=0AAAAApKQ6HYeUgiOCxBoLVQqNtM96S-3I\u00a0\u00bb sticky_enabled=\u00a0\u00bb0&Prime;][\/et_pb_image][\/et_pb_column][et_pb_column type=\u00a0\u00bb1_3&Prime; _builder_version=\u00a0\u00bb4.27.4&Prime; _module_preset=\u00a0\u00bbdefault\u00a0\u00bb global_colors_info=\u00a0\u00bb{}\u00a0\u00bb][et_pb_image src=\u00a0\u00bbhttps:\/\/3sport2025.ppawebdesign.com\/a3\/wp-content\/uploads\/sites\/4\/2025\/12\/Presentation-Quinexus1.png\u00a0\u00bb title_text=\u00a0\u00bbPresentation Quinexus(1)\u00a0\u00bb _builder_version=\u00a0\u00bb4.27.4&Prime; _module_preset=\u00a0\u00bbdefault\u00a0\u00bb hover_enabled=\u00a0\u00bb0&Prime; global_colors_info=\u00a0\u00bb{}\u00a0\u00bb url=\u00a0\u00bbhttps:\/\/athletica.fr\/\u00a0\u00bb sticky_enabled=\u00a0\u00bb0&Prime;][\/et_pb_image][\/et_pb_column][et_pb_column type=\u00a0\u00bb1_3&Prime; _builder_version=\u00a0\u00bb4.27.4&Prime; _module_preset=\u00a0\u00bbdefault\u00a0\u00bb global_colors_info=\u00a0\u00bb{}\u00a0\u00bb][et_pb_image src=\u00a0\u00bbhttps:\/\/3sport2025.ppawebdesign.com\/a3\/wp-content\/uploads\/sites\/4\/2025\/12\/Presentation-Quinexus2-1.png\u00a0\u00bb title_text=\u00a0\u00bbPresentation Quinexus(2)\u00a0\u00bb _builder_version=\u00a0\u00bb4.27.4&Prime; _module_preset=\u00a0\u00bbdefault\u00a0\u00bb hover_enabled=\u00a0\u00bb0&Prime; global_colors_info=\u00a0\u00bb{}\u00a0\u00bb url=\u00a0\u00bbhttps:\/\/www.instagram.com\/bdetigers\/\u00a0\u00bb sticky_enabled=\u00a0\u00bb0&Prime;][\/et_pb_image][\/et_pb_column][\/et_pb_row][et_pb_row _builder_version=\u00a0\u00bb4.27.4&Prime; _module_preset=\u00a0\u00bbdefault\u00a0\u00bb global_colors_info=\u00a0\u00bb{}\u00a0\u00bb][et_pb_column type=\u00a0\u00bb4_4&Prime; _builder_version=\u00a0\u00bb4.27.4&Prime; _module_preset=\u00a0\u00bbdefault\u00a0\u00bb global_colors_info=\u00a0\u00bb{}\u00a0\u00bb][et_pb_divider color=\u00a0\u00bb#24dbce\u00a0\u00bb _builder_version=\u00a0\u00bb4.27.4&Prime; _module_preset=\u00a0\u00bbdefault\u00a0\u00bb global_colors_info=\u00a0\u00bb{}\u00a0\u00bb][\/et_pb_divider][\/et_pb_column][\/et_pb_row][et_pb_row column_structure=\u00a0\u00bb1_3,1_3,1_3&Prime; _builder_version=\u00a0\u00bb4.27.4&Prime; _module_preset=\u00a0\u00bbdefault\u00a0\u00bb custom_margin=\u00a0\u00bb|auto|117px|auto||\u00a0\u00bb locked=\u00a0\u00bboff\u00a0\u00bb global_colors_info=\u00a0\u00bb{}\u00a0\u00bb][et_pb_column type=\u00a0\u00bb1_3&Prime; _builder_version=\u00a0\u00bb4.27.4&Prime; _module_preset=\u00a0\u00bbdefault\u00a0\u00bb global_colors_info=\u00a0\u00bb{}\u00a0\u00bb][et_pb_text _builder_version=\u00a0\u00bb4.27.4&Prime; _module_preset=\u00a0\u00bbdefault\u00a0\u00bb link_option_url=\u00a0\u00bbhttps:\/\/www.ppa-sport.fr\/\u00a0\u00bb global_colors_info=\u00a0\u00bb{}\u00a0\u00bb]<p>\ud83d\udccd <span style=\"color: #ffffff\">28-32 Rue de l&rsquo;Amiral Mouchez, 75014 Paris<\/span><\/p>\n<p><img loading=\"lazy\" decoding=\"async\" id=\"\" src=\"https:\/\/www.google.com\/maps\/vt\/data=3rIoye229kNH9H9yxzDhM1IetxpFu4W7SXr-QNsqPE3H_edUehYtKRPuIh1iUDU9b9oSUBwjxhc4uiOOV7pqroKoc9uKMw2V8Wq1bVhOik9nh5A4q41McXvTRJUOG5-aIofh881owb0yPX3QjsO8vd9Htdgv8gHxJaK4S7sJ3hN-&amp;w=184&amp;h=80\" alt=\"PPA SPORT\u00a0: carte\" class=\"YQ4gaf\" height=\"80\" width=\"184\" data-csiid=\"6H8xaZquL4GB7M8PgZqr6Qs_9\" data-atf=\"1\" \/><\/p>\n<p>&nbsp;<\/p>\n<div id=\"urban-overlay\" style=\"left: -10px;top: -10px;width: 0px;height: 0px\"><\/div>[\/et_pb_text][\/et_pb_column][et_pb_column type=\u00a0\u00bb1_3&Prime; _builder_version=\u00a0\u00bb4.27.4&Prime; _module_preset=\u00a0\u00bbdefault\u00a0\u00bb global_colors_info=\u00a0\u00bb{}\u00a0\u00bb][et_pb_text _builder_version=\u00a0\u00bb4.27.4&Prime; _module_preset=\u00a0\u00bbdefault\u00a0\u00bb global_colors_info=\u00a0\u00bb{}\u00a0\u00bb]<p><span style=\"color: #ffffff\">Mentions l\u00e9gales<\/span><br \/><span style=\"color: #ffffff\">CGU<\/span><br \/><span style=\"color: #ffffff\">Protection des donn\u00e9es<\/span><br \/><span style=\"color: #ffffff\">Politique de protection des donn\u00e9es<\/span><\/p>[\/et_pb_text][\/et_pb_column][et_pb_column type=\u00a0\u00bb1_3&Prime; _builder_version=\u00a0\u00bb4.27.4&Prime; _module_preset=\u00a0\u00bbdefault\u00a0\u00bb global_colors_info=\u00a0\u00bb{}\u00a0\u00bb][et_pb_text _builder_version=\u00a0\u00bb4.27.4&Prime; _module_preset=\u00a0\u00bbdefault\u00a0\u00bb hover_enabled=\u00a0\u00bb0&Prime; global_colors_info=\u00a0\u00bb{}\u00a0\u00bb sticky_enabled=\u00a0\u00bb0&Prime;]<p><span style=\"color: #ffffff\">FAQ<\/span><br \/><span style=\"color: #ffffff\">Avis<\/span><br \/><span style=\"color: #ffffff\">Mentions l\u00e9gales<\/span><\/p>[\/et_pb_text][et_pb_image src=\u00a0\u00bbhttps:\/\/3sport2025.ppawebdesign.com\/a3\/wp-content\/uploads\/sites\/4\/2025\/12\/quinexus-blanc-1.png\u00a0\u00bb title_text=\u00a0\u00bbquinexus blanc\u00a0\u00bb _builder_version=\u00a0\u00bb4.27.4&Prime; _module_preset=\u00a0\u00bbdefault\u00a0\u00bb transform_scale=\u00a0\u00bb54%|54%\u00a0\u00bb transform_translate=\u00a0\u00bb132px|-84px\u00a0\u00bb global_colors_info=\u00a0\u00bb{}\u00a0\u00bb][\/et_pb_image][\/et_pb_column][\/et_pb_row][\/et_pb_section][et_pb_section fb_built=\u00a0\u00bb1&Prime; _builder_version=\u00a0\u00bb4.27.4&Prime; _module_preset=\u00a0\u00bbdefault\u00a0\u00bb global_colors_info=\u00a0\u00bb{}\u00a0\u00bb][\/et_pb_section]\n","protected":false},"excerpt":{"rendered":"<p>\u00a0A PROPOS DE NOUS&#8230;Nos cibles &#8211; 1 grande \u00e9cole de commerce &#8211; 4 campus de l&rsquo;\u00e9cole PPA Sport &#8211; Plus de 300 \u00e9tudiants de la r\u00e9gion IDFCE QU&rsquo;ON PROPOSE &#8211; S\u00e9minaires d&rsquo;int\u00e9gration pour \u00e9tudiants &#8211; Comp\u00e9tition sportive \u00e9tudiantes dans un cadre de qualit\u00e9 &#8211; Ev\u00e8nements au sein des campus de l&rsquo;\u00e9cole PPAPOUR L&rsquo;AVENIR Nous aimerions [&hellip;]<\/p>\n","protected":false},"author":13,"featured_media":0,"parent":0,"menu_order":0,"comment_status":"closed","ping_status":"closed","template":"","meta":{"_et_pb_use_builder":"on","_et_pb_old_content":"","_et_gb_content_width":"","footnotes":""},"class_list":["post-11","page","type-page","status-publish","hentry"],"yoast_head":"<!-- This site is optimized with the Yoast SEO plugin v26.5 - https:\/\/yoast.com\/wordpress\/plugins\/seo\/ -->\n<title>A PROPOS - Quinexus<\/title>\n<meta name=\"description\" content=\"Vous retrouverez ici un aper\u00e7u des \u00e9v\u00e9nements sportifs \u00e9tudiants que nous proposons ainsi que nos projets \u00e0 venir sur les prochains mois.\" \/>\n<meta name=\"robots\" content=\"index, follow, max-snippet:-1, max-image-preview:large, max-video-preview:-1\" \/>\n<link rel=\"canonical\" href=\"https:\/\/3sport2025.ppawebdesign.com\/a3\/a-propos\/\" \/>\n<meta property=\"og:locale\" content=\"fr_FR\" \/>\n<meta property=\"og:type\" content=\"article\" \/>\n<meta property=\"og:title\" content=\"A PROPOS - Quinexus\" \/>\n<meta property=\"og:description\" content=\"Vous retrouverez ici un aper\u00e7u des \u00e9v\u00e9nements sportifs \u00e9tudiants que nous proposons ainsi que nos projets \u00e0 venir sur les prochains mois.\" \/>\n<meta property=\"og:url\" content=\"https:\/\/3sport2025.ppawebdesign.com\/a3\/a-propos\/\" \/>\n<meta property=\"og:site_name\" content=\"Quinexus\" \/>\n<meta property=\"article:modified_time\" content=\"2025-12-05T10:03:27+00:00\" \/>\n<meta property=\"og:image\" content=\"https:\/\/www.google.com\/maps\/vt\/data=3rIoye229kNH9H9yxzDhM1IetxpFu4W7SXr-QNsqPE3H_edUehYtKRPuIh1iUDU9b9oSUBwjxhc4uiOOV7pqroKoc9uKMw2V8Wq1bVhOik9nh5A4q41McXvTRJUOG5-aIofh881owb0yPX3QjsO8vd9Htdgv8gHxJaK4S7sJ3hN-&amp;w=184&amp;h=80\" \/>\n<meta name=\"twitter:card\" content=\"summary_large_image\" \/>\n<meta name=\"twitter:label1\" content=\"Dur\u00e9e de lecture estim\u00e9e\" \/>\n\t<meta name=\"twitter:data1\" content=\"2 minutes\" \/>\n<script type=\"application\/ld+json\" class=\"yoast-schema-graph\">{\"@context\":\"https:\/\/schema.org\",\"@graph\":[{\"@type\":\"WebPage\",\"@id\":\"https:\/\/3sport2025.ppawebdesign.com\/a3\/a-propos\/\",\"url\":\"https:\/\/3sport2025.ppawebdesign.com\/a3\/a-propos\/\",\"name\":\"A PROPOS - Quinexus\",\"isPartOf\":{\"@id\":\"https:\/\/3sport2025.ppawebdesign.com\/a3\/#website\"},\"primaryImageOfPage\":{\"@id\":\"https:\/\/3sport2025.ppawebdesign.com\/a3\/a-propos\/#primaryimage\"},\"image\":{\"@id\":\"https:\/\/3sport2025.ppawebdesign.com\/a3\/a-propos\/#primaryimage\"},\"thumbnailUrl\":\"https:\/\/www.google.com\/maps\/vt\/data=3rIoye229kNH9H9yxzDhM1IetxpFu4W7SXr-QNsqPE3H_edUehYtKRPuIh1iUDU9b9oSUBwjxhc4uiOOV7pqroKoc9uKMw2V8Wq1bVhOik9nh5A4q41McXvTRJUOG5-aIofh881owb0yPX3QjsO8vd9Htdgv8gHxJaK4S7sJ3hN-&amp;w=184&amp;h=80\",\"datePublished\":\"2025-12-02T10:35:03+00:00\",\"dateModified\":\"2025-12-05T10:03:27+00:00\",\"description\":\"Vous retrouverez ici un aper\u00e7u des \u00e9v\u00e9nements sportifs \u00e9tudiants que nous proposons ainsi que nos projets \u00e0 venir sur les prochains mois.\",\"breadcrumb\":{\"@id\":\"https:\/\/3sport2025.ppawebdesign.com\/a3\/a-propos\/#breadcrumb\"},\"inLanguage\":\"fr-FR\",\"potentialAction\":[{\"@type\":\"ReadAction\",\"target\":[\"https:\/\/3sport2025.ppawebdesign.com\/a3\/a-propos\/\"]}]},{\"@type\":\"ImageObject\",\"inLanguage\":\"fr-FR\",\"@id\":\"https:\/\/3sport2025.ppawebdesign.com\/a3\/a-propos\/#primaryimage\",\"url\":\"https:\/\/www.google.com\/maps\/vt\/data=3rIoye229kNH9H9yxzDhM1IetxpFu4W7SXr-QNsqPE3H_edUehYtKRPuIh1iUDU9b9oSUBwjxhc4uiOOV7pqroKoc9uKMw2V8Wq1bVhOik9nh5A4q41McXvTRJUOG5-aIofh881owb0yPX3QjsO8vd9Htdgv8gHxJaK4S7sJ3hN-&amp;w=184&amp;h=80\",\"contentUrl\":\"https:\/\/www.google.com\/maps\/vt\/data=3rIoye229kNH9H9yxzDhM1IetxpFu4W7SXr-QNsqPE3H_edUehYtKRPuIh1iUDU9b9oSUBwjxhc4uiOOV7pqroKoc9uKMw2V8Wq1bVhOik9nh5A4q41McXvTRJUOG5-aIofh881owb0yPX3QjsO8vd9Htdgv8gHxJaK4S7sJ3hN-&amp;w=184&amp;h=80\"},{\"@type\":\"BreadcrumbList\",\"@id\":\"https:\/\/3sport2025.ppawebdesign.com\/a3\/a-propos\/#breadcrumb\",\"itemListElement\":[{\"@type\":\"ListItem\",\"position\":1,\"name\":\"Accueil\",\"item\":\"https:\/\/3sport2025.ppawebdesign.com\/a3\/\"},{\"@type\":\"ListItem\",\"position\":2,\"name\":\"A PROPOS\"}]},{\"@type\":\"WebSite\",\"@id\":\"https:\/\/3sport2025.ppawebdesign.com\/a3\/#website\",\"url\":\"https:\/\/3sport2025.ppawebdesign.com\/a3\/\",\"name\":\"Quinexus\",\"description\":\"Tous connect\u00e9s au sport\",\"potentialAction\":[{\"@type\":\"SearchAction\",\"target\":{\"@type\":\"EntryPoint\",\"urlTemplate\":\"https:\/\/3sport2025.ppawebdesign.com\/a3\/?s={search_term_string}\"},\"query-input\":{\"@type\":\"PropertyValueSpecification\",\"valueRequired\":true,\"valueName\":\"search_term_string\"}}],\"inLanguage\":\"fr-FR\"}]}<\/script>\n<!-- \/ Yoast SEO plugin. -->","yoast_head_json":{"title":"A PROPOS - Quinexus","description":"Vous retrouverez ici un aper\u00e7u des \u00e9v\u00e9nements sportifs \u00e9tudiants que nous proposons ainsi que nos projets \u00e0 venir sur les prochains mois.","robots":{"index":"index","follow":"follow","max-snippet":"max-snippet:-1","max-image-preview":"max-image-preview:large","max-video-preview":"max-video-preview:-1"},"canonical":"https:\/\/3sport2025.ppawebdesign.com\/a3\/a-propos\/","og_locale":"fr_FR","og_type":"article","og_title":"A PROPOS - Quinexus","og_description":"Vous retrouverez ici un aper\u00e7u des \u00e9v\u00e9nements sportifs \u00e9tudiants que nous proposons ainsi que nos projets \u00e0 venir sur les prochains mois.","og_url":"https:\/\/3sport2025.ppawebdesign.com\/a3\/a-propos\/","og_site_name":"Quinexus","article_modified_time":"2025-12-05T10:03:27+00:00","og_image":[{"url":"https:\/\/www.google.com\/maps\/vt\/data=3rIoye229kNH9H9yxzDhM1IetxpFu4W7SXr-QNsqPE3H_edUehYtKRPuIh1iUDU9b9oSUBwjxhc4uiOOV7pqroKoc9uKMw2V8Wq1bVhOik9nh5A4q41McXvTRJUOG5-aIofh881owb0yPX3QjsO8vd9Htdgv8gHxJaK4S7sJ3hN-&amp;w=184&amp;h=80","type":"","width":"","height":""}],"twitter_card":"summary_large_image","twitter_misc":{"Dur\u00e9e de lecture estim\u00e9e":"2 minutes"},"schema":{"@context":"https:\/\/schema.org","@graph":[{"@type":"WebPage","@id":"https:\/\/3sport2025.ppawebdesign.com\/a3\/a-propos\/","url":"https:\/\/3sport2025.ppawebdesign.com\/a3\/a-propos\/","name":"A PROPOS - Quinexus","isPartOf":{"@id":"https:\/\/3sport2025.ppawebdesign.com\/a3\/#website"},"primaryImageOfPage":{"@id":"https:\/\/3sport2025.ppawebdesign.com\/a3\/a-propos\/#primaryimage"},"image":{"@id":"https:\/\/3sport2025.ppawebdesign.com\/a3\/a-propos\/#primaryimage"},"thumbnailUrl":"https:\/\/www.google.com\/maps\/vt\/data=3rIoye229kNH9H9yxzDhM1IetxpFu4W7SXr-QNsqPE3H_edUehYtKRPuIh1iUDU9b9oSUBwjxhc4uiOOV7pqroKoc9uKMw2V8Wq1bVhOik9nh5A4q41McXvTRJUOG5-aIofh881owb0yPX3QjsO8vd9Htdgv8gHxJaK4S7sJ3hN-&amp;w=184&amp;h=80","datePublished":"2025-12-02T10:35:03+00:00","dateModified":"2025-12-05T10:03:27+00:00","description":"Vous retrouverez ici un aper\u00e7u des \u00e9v\u00e9nements sportifs \u00e9tudiants que nous proposons ainsi que nos projets \u00e0 venir sur les prochains mois.","breadcrumb":{"@id":"https:\/\/3sport2025.ppawebdesign.com\/a3\/a-propos\/#breadcrumb"},"inLanguage":"fr-FR","potentialAction":[{"@type":"ReadAction","target":["https:\/\/3sport2025.ppawebdesign.com\/a3\/a-propos\/"]}]},{"@type":"ImageObject","inLanguage":"fr-FR","@id":"https:\/\/3sport2025.ppawebdesign.com\/a3\/a-propos\/#primaryimage","url":"https:\/\/www.google.com\/maps\/vt\/data=3rIoye229kNH9H9yxzDhM1IetxpFu4W7SXr-QNsqPE3H_edUehYtKRPuIh1iUDU9b9oSUBwjxhc4uiOOV7pqroKoc9uKMw2V8Wq1bVhOik9nh5A4q41McXvTRJUOG5-aIofh881owb0yPX3QjsO8vd9Htdgv8gHxJaK4S7sJ3hN-&amp;w=184&amp;h=80","contentUrl":"https:\/\/www.google.com\/maps\/vt\/data=3rIoye229kNH9H9yxzDhM1IetxpFu4W7SXr-QNsqPE3H_edUehYtKRPuIh1iUDU9b9oSUBwjxhc4uiOOV7pqroKoc9uKMw2V8Wq1bVhOik9nh5A4q41McXvTRJUOG5-aIofh881owb0yPX3QjsO8vd9Htdgv8gHxJaK4S7sJ3hN-&amp;w=184&amp;h=80"},{"@type":"BreadcrumbList","@id":"https:\/\/3sport2025.ppawebdesign.com\/a3\/a-propos\/#breadcrumb","itemListElement":[{"@type":"ListItem","position":1,"name":"Accueil","item":"https:\/\/3sport2025.ppawebdesign.com\/a3\/"},{"@type":"ListItem","position":2,"name":"A PROPOS"}]},{"@type":"WebSite","@id":"https:\/\/3sport2025.ppawebdesign.com\/a3\/#website","url":"https:\/\/3sport2025.ppawebdesign.com\/a3\/","name":"Quinexus","description":"Tous connect\u00e9s au sport","potentialAction":[{"@type":"SearchAction","target":{"@type":"EntryPoint","urlTemplate":"https:\/\/3sport2025.ppawebdesign.com\/a3\/?s={search_term_string}"},"query-input":{"@type":"PropertyValueSpecification","valueRequired":true,"valueName":"search_term_string"}}],"inLanguage":"fr-FR"}]}},"_links":{"self":[{"href":"https:\/\/3sport2025.ppawebdesign.com\/a3\/wp-json\/wp\/v2\/pages\/11","targetHints":{"allow":["GET"]}}],"collection":[{"href":"https:\/\/3sport2025.ppawebdesign.com\/a3\/wp-json\/wp\/v2\/pages"}],"about":[{"href":"https:\/\/3sport2025.ppawebdesign.com\/a3\/wp-json\/wp\/v2\/types\/page"}],"author":[{"embeddable":true,"href":"https:\/\/3sport2025.ppawebdesign.com\/a3\/wp-json\/wp\/v2\/users\/13"}],"replies":[{"embeddable":true,"href":"https:\/\/3sport2025.ppawebdesign.com\/a3\/wp-json\/wp\/v2\/comments?post=11"}],"version-history":[{"count":19,"href":"https:\/\/3sport2025.ppawebdesign.com\/a3\/wp-json\/wp\/v2\/pages\/11\/revisions"}],"predecessor-version":[{"id":332,"href":"https:\/\/3sport2025.ppawebdesign.com\/a3\/wp-json\/wp\/v2\/pages\/11\/revisions\/332"}],"wp:attachment":[{"href":"https:\/\/3sport2025.ppawebdesign.com\/a3\/wp-json\/wp\/v2\/media?parent=11"}],"curies":[{"name":"wp","href":"https:\/\/api.w.org\/{rel}","templated":true}]}}