{"id":7,"date":"2025-12-02T11:29:07","date_gmt":"2025-12-02T10:29:07","guid":{"rendered":"https:\/\/3sport2025.ppawebdesign.com\/a3\/?page_id=7"},"modified":"2025-12-04T16:58:32","modified_gmt":"2025-12-04T15:58:32","slug":"presentation-de-quinexus","status":"publish","type":"page","link":"https:\/\/3sport2025.ppawebdesign.com\/a3\/","title":{"rendered":"ACCUEIL"},"content":{"rendered":"<p>[et_pb_section fb_built=\u00a0\u00bb1&Prime; _builder_version=\u00a0\u00bb4.27.4&Prime; _module_preset=\u00a0\u00bbdefault\u00a0\u00bb background_color=\u00a0\u00bb#0b0929&Prime; custom_padding=\u00a0\u00bb||0px|||\u00a0\u00bb global_colors_info=\u00a0\u00bb{}\u00a0\u00bb][et_pb_row _builder_version=\u00a0\u00bb4.27.4&Prime; _module_preset=\u00a0\u00bbdefault\u00a0\u00bb custom_padding=\u00a0\u00bb||8px|||\u00a0\u00bb global_colors_info=\u00a0\u00bb{}\u00a0\u00bb][et_pb_column type=\u00a0\u00bb4_4&Prime; _builder_version=\u00a0\u00bb4.27.4&Prime; _module_preset=\u00a0\u00bbdefault\u00a0\u00bb global_colors_info=\u00a0\u00bb{}\u00a0\u00bb][et_pb_text _builder_version=\u00a0\u00bb4.27.4&Prime; _module_preset=\u00a0\u00bbdefault\u00a0\u00bb custom_margin=\u00a0\u00bb||-12px|||\u00a0\u00bb border_width_all=\u00a0\u00bb5px\u00a0\u00bb border_color_all=\u00a0\u00bb#FFFFFF\u00a0\u00bb global_colors_info=\u00a0\u00bb{}\u00a0\u00bb]<\/p>\n<h1><span style=\"color: #ffffff\">\u00a0Pr\u00e9sentation de votre agence Quinexus !<\/span><\/h1>\n<p>[\/et_pb_text][\/et_pb_column][\/et_pb_row][et_pb_row _builder_version=\u00a0\u00bb4.27.4&Prime; _module_preset=\u00a0\u00bbdefault\u00a0\u00bb global_colors_info=\u00a0\u00bb{}\u00a0\u00bb column_structure=\u00a0\u00bb1_2,1_2&Prime;][et_pb_column type=\u00a0\u00bb1_2&Prime; _builder_version=\u00a0\u00bb4.27.4&Prime; _module_preset=\u00a0\u00bbdefault\u00a0\u00bb global_colors_info=\u00a0\u00bb{}\u00a0\u00bb][et_pb_text _builder_version=\u00a0\u00bb4.27.4&Prime; _module_preset=\u00a0\u00bbdefault\u00a0\u00bb global_colors_info=\u00a0\u00bb{}\u00a0\u00bb custom_padding=\u00a0\u00bb32px|||||\u00a0\u00bb]<\/p>\n<h2>Notre histoire&#8230;<\/h2>\n<p>[\/et_pb_text][et_pb_text _builder_version=\u00a0\u00bb4.27.4&Prime; _module_preset=\u00a0\u00bbdefault\u00a0\u00bb global_colors_info=\u00a0\u00bb{}\u00a0\u00bb]<\/p>\n<p><span>Quinexus est n\u00e9e de l\u2019initiative de cinq \u00e9tudiants passionn\u00e9s, anim\u00e9s par l\u2019envie de cr\u00e9er des \u00e9v\u00e9nements sportifs ambitieux et innovants. Le nom \u201cQuinexus\u201d tire ses racines du latin : <\/span><em data-start=\"274\" data-end=\"283\">quinque<\/em><span>, qui signifie \u201ccinq\u201d, et <\/span><em data-start=\"309\" data-end=\"316\">nexus<\/em><span>, qui renvoie \u00e0 la notion de lien, de connexion. Ce choix symbolise l\u2019unit\u00e9, la compl\u00e9mentarit\u00e9 et la force de ce groupe fondateur. Rapidement, un sixi\u00e8me membre a rejoint l\u2019aventure, apportant de nouvelles comp\u00e9tences et renfor\u00e7ant encore la dynamique de l\u2019\u00e9quipe. Ensemble, ces \u00e9tudiants d\u00e9termin\u00e9s se sont fix\u00e9 pour mission de concevoir et d\u2019organiser des \u00e9v\u00e9nements de grande envergure, capables de rassembler, d\u2019inspirer et de faire vivre des exp\u00e9riences sportives uniques. Quinexus incarne aujourd\u2019hui cette \u00e9nergie collective, m\u00ealant cr\u00e9ativit\u00e9, engagement et ambition.<\/span><\/p>\n<p>[\/et_pb_text][\/et_pb_column][et_pb_column type=\u00a0\u00bb1_2&Prime; _builder_version=\u00a0\u00bb4.27.4&Prime; _module_preset=\u00a0\u00bbdefault\u00a0\u00bb global_colors_info=\u00a0\u00bb{}\u00a0\u00bb][et_pb_image src=\u00a0\u00bbhttps:\/\/3sport2025.ppawebdesign.com\/a3\/wp-content\/uploads\/sites\/4\/2025\/12\/IMG_5041.jpeg\u00a0\u00bb _builder_version=\u00a0\u00bb4.27.4&Prime; _module_preset=\u00a0\u00bbdefault\u00a0\u00bb title_text=\u00a0\u00bbIMG_5041&Prime; hover_enabled=\u00a0\u00bb0&Prime; sticky_enabled=\u00a0\u00bb0&Prime;][\/et_pb_image][\/et_pb_column][\/et_pb_row][et_pb_row _builder_version=\u00a0\u00bb4.27.4&Prime; _module_preset=\u00a0\u00bbdefault\u00a0\u00bb global_colors_info=\u00a0\u00bb{}\u00a0\u00bb][et_pb_column type=\u00a0\u00bb4_4&Prime; _builder_version=\u00a0\u00bb4.27.4&Prime; _module_preset=\u00a0\u00bbdefault\u00a0\u00bb global_colors_info=\u00a0\u00bb{}\u00a0\u00bb][et_pb_text _builder_version=\u00a0\u00bb4.27.4&Prime; _module_preset=\u00a0\u00bbdefault\u00a0\u00bb global_colors_info=\u00a0\u00bb{}\u00a0\u00bb]<\/p>\n<h2>Notre logo&#8230;<\/h2>\n<p>[\/et_pb_text][\/et_pb_column][\/et_pb_row][et_pb_row column_structure=\u00a0\u00bb1_2,1_2&Prime; _builder_version=\u00a0\u00bb4.27.4&Prime; _module_preset=\u00a0\u00bbdefault\u00a0\u00bb custom_padding=\u00a0\u00bb1px|||||\u00a0\u00bb global_colors_info=\u00a0\u00bb{}\u00a0\u00bb][et_pb_column type=\u00a0\u00bb1_2&Prime; _builder_version=\u00a0\u00bb4.27.4&Prime; _module_preset=\u00a0\u00bbdefault\u00a0\u00bb global_colors_info=\u00a0\u00bb{}\u00a0\u00bb][et_pb_image src=\u00a0\u00bbhttps:\/\/3sport2025.ppawebdesign.com\/a3\/wp-content\/uploads\/sites\/4\/2025\/12\/Presentation-Quinexus.png\u00a0\u00bb title_text=\u00a0\u00bbPresentation Quinexus\u00a0\u00bb _builder_version=\u00a0\u00bb4.27.4&Prime; _module_preset=\u00a0\u00bbdefault\u00a0\u00bb width=\u00a0\u00bb75%\u00a0\u00bb max_width=\u00a0\u00bb75%\u00a0\u00bb global_colors_info=\u00a0\u00bb{}\u00a0\u00bb][\/et_pb_image][\/et_pb_column][et_pb_column type=\u00a0\u00bb1_2&Prime; _builder_version=\u00a0\u00bb4.27.4&Prime; _module_preset=\u00a0\u00bbdefault\u00a0\u00bb global_colors_info=\u00a0\u00bb{}\u00a0\u00bb][et_pb_text _builder_version=\u00a0\u00bb4.27.4&Prime; _module_preset=\u00a0\u00bbdefault\u00a0\u00bb global_colors_info=\u00a0\u00bb{}\u00a0\u00bb]<\/p>\n<p><span>Notre logo repr\u00e9sente un \u201cV\u201d, symbole du chiffre latin cinq, en hommage aux cinq membres fondateurs de l\u2019agence. Ce \u201cV\u201d fait \u00e9galement r\u00e9f\u00e9rence \u00e0 <\/span><em data-start=\"223\" data-end=\"232\">Victory<\/em><span>, incarnant l\u2019ambition, la r\u00e9ussite et la d\u00e9termination qui nous animent depuis nos d\u00e9buts. Les ailes qui l\u2019accompagnent illustrent l\u2019envol : celui d\u2019un projet \u00e9tudiant devenu une v\u00e9ritable aventure professionnelle, mais aussi celui de chacun des membres qui aspire \u00e0 prendre son essor et \u00e0 b\u00e2tir une carri\u00e8re dans l\u2019\u00e9v\u00e9nementiel sportif. Ce logo incarne donc notre identit\u00e9 : un m\u00e9lange de symboles forts, de valeurs partag\u00e9es et de la volont\u00e9 de toujours aller plus haut.<\/span><\/p>\n<p>[\/et_pb_text][\/et_pb_column][\/et_pb_row][et_pb_row disabled_on=\u00a0\u00bbon|off|off\u00a0\u00bb _builder_version=\u00a0\u00bb4.27.4&Prime; _module_preset=\u00a0\u00bbdefault\u00a0\u00bb global_colors_info=\u00a0\u00bb{}\u00a0\u00bb][et_pb_column type=\u00a0\u00bb4_4&Prime; _builder_version=\u00a0\u00bb4.27.4&Prime; _module_preset=\u00a0\u00bbdefault\u00a0\u00bb global_colors_info=\u00a0\u00bb{}\u00a0\u00bb][et_pb_text _builder_version=\u00a0\u00bb4.27.4&Prime; _module_preset=\u00a0\u00bbdefault\u00a0\u00bb link_option_url=\u00a0\u00bbhttps:\/\/3sport2025.ppawebdesign.com\/a3\/presentation-de-notre-equipe\/\u00a0\u00bb global_colors_info=\u00a0\u00bb{}\u00a0\u00bb]<\/p>\n<h2>Notre \u00e9quipe&#8230;<\/h2>\n<p>[\/et_pb_text][et_pb_image src=\u00a0\u00bbhttps:\/\/3sport2025.ppawebdesign.com\/a3\/wp-content\/uploads\/sites\/4\/2025\/12\/Presentation-Quinexus-4-1.png\u00a0\u00bb title_text=\u00a0\u00bbPresentation Quinexus (4)\u00a0\u00bb _builder_version=\u00a0\u00bb4.27.4&Prime; _module_preset=\u00a0\u00bbdefault\u00a0\u00bb custom_margin=\u00a0\u00bb||-68px|||\u00a0\u00bb global_colors_info=\u00a0\u00bb{}\u00a0\u00bb][\/et_pb_image][\/et_pb_column][\/et_pb_row][et_pb_row _builder_version=\u00a0\u00bb4.27.4&Prime; _module_preset=\u00a0\u00bbdefault\u00a0\u00bb custom_margin=\u00a0\u00bb-44px|auto||auto||\u00a0\u00bb global_colors_info=\u00a0\u00bb{}\u00a0\u00bb][et_pb_column type=\u00a0\u00bb4_4&Prime; _builder_version=\u00a0\u00bb4.27.4&Prime; _module_preset=\u00a0\u00bbdefault\u00a0\u00bb global_colors_info=\u00a0\u00bb{}\u00a0\u00bb][et_pb_button button_text=\u00a0\u00bb+ d&rsquo;infos !\u00a0\u00bb _builder_version=\u00a0\u00bb4.27.4&Prime; _module_preset=\u00a0\u00bbdefault\u00a0\u00bb button_url=\u00a0\u00bbhttps:\/\/3sport2025.ppawebdesign.com\/a3\/presentation-de-notre-equipe\/\u00a0\u00bb hover_enabled=\u00a0\u00bb0&Prime; sticky_enabled=\u00a0\u00bb0&Prime; custom_padding=\u00a0\u00bb0px|||||\u00a0\u00bb][\/et_pb_button][et_pb_text _builder_version=\u00a0\u00bb4.27.4&Prime; _module_preset=\u00a0\u00bbdefault\u00a0\u00bb global_colors_info=\u00a0\u00bb{}\u00a0\u00bb]<\/p>\n<h2>Nos valeurs et ambitions&#8230;<\/h2>\n<p>[\/et_pb_text][et_pb_text _builder_version=\u00a0\u00bb4.27.4&Prime; _module_preset=\u00a0\u00bbdefault\u00a0\u00bb custom_padding=\u00a0\u00bb||4px|||\u00a0\u00bb global_colors_info=\u00a0\u00bb{}\u00a0\u00bb]<\/p>\n<p><span>Au c\u0153ur de Quinexus, nos valeurs sont le moteur de chaque projet que nous entreprenons. La passion du sport est au centre de notre d\u00e9marche, convaincus qu\u2019il unit, inspire et d\u00e9passe toutes les fronti\u00e8res. L\u2019esprit d\u2019\u00e9quipe, le respect et l\u2019engagement guident chacune de nos actions. La cr\u00e9ativit\u00e9 et l\u2019exigence nous poussent \u00e0 toujours viser l\u2019excellence. Nos ambitions sont fortes : organiser des \u00e9v\u00e9nements marquants, offrir des exp\u00e9riences uniques aux participants et partenaires. Nous contribuons au d\u00e9veloppement d\u2019un environnement sportif dynamique et accessible. Nous aspirons \u00e0 grandir, innover et laisser une empreinte positive dans le monde de l\u2019\u00e9v\u00e9nementiel sportif. Quinexus, c\u2019est l\u2019alliance de valeurs solides et d\u2019une ambition collective tourn\u00e9e vers l\u2019avenir.<\/span><\/p>\n<p>[\/et_pb_text][\/et_pb_column][\/et_pb_row][\/et_pb_section][et_pb_section fb_built=\u00a0\u00bb1&Prime; _builder_version=\u00a0\u00bb4.27.4&Prime; _module_preset=\u00a0\u00bbdefault\u00a0\u00bb background_color=\u00a0\u00bb#0b0929&Prime; custom_padding=\u00a0\u00bb1px|||||\u00a0\u00bb locked=\u00a0\u00bboff\u00a0\u00bb global_colors_info=\u00a0\u00bb{}\u00a0\u00bb][et_pb_row _builder_version=\u00a0\u00bb4.27.4&Prime; _module_preset=\u00a0\u00bbdefault\u00a0\u00bb global_colors_info=\u00a0\u00bb{}\u00a0\u00bb][et_pb_column type=\u00a0\u00bb4_4&Prime; _builder_version=\u00a0\u00bb4.27.4&Prime; _module_preset=\u00a0\u00bbdefault\u00a0\u00bb global_colors_info=\u00a0\u00bb{}\u00a0\u00bb][et_pb_text _builder_version=\u00a0\u00bb4.27.4&Prime; _module_preset=\u00a0\u00bbdefault\u00a0\u00bb global_colors_info=\u00a0\u00bb{}\u00a0\u00bb]<\/p>\n<h2>NOS Partenaires&#8230;<\/h2>\n<p>[\/et_pb_text][\/et_pb_column][\/et_pb_row][et_pb_row column_structure=\u00a0\u00bb1_3,1_3,1_3&Prime; _builder_version=\u00a0\u00bb4.27.4&Prime; _module_preset=\u00a0\u00bbdefault\u00a0\u00bb global_colors_info=\u00a0\u00bb{}\u00a0\u00bb][et_pb_column type=\u00a0\u00bb1_3&Prime; _builder_version=\u00a0\u00bb4.27.4&Prime; _module_preset=\u00a0\u00bbdefault\u00a0\u00bb global_colors_info=\u00a0\u00bb{}\u00a0\u00bb][et_pb_image src=\u00a0\u00bbhttps:\/\/3sport2025.ppawebdesign.com\/a3\/wp-content\/uploads\/sites\/4\/2025\/12\/Presentation-Quinexus-10.png\u00a0\u00bb title_text=\u00a0\u00bbPresentation Quinexus\u00a0\u00bb url=\u00a0\u00bbhttps:\/\/www.ppa-sport.fr\/?utm_source=google&amp;gclid=Cj0KCQiA_8TJBhDNARIsAPX5qxQzrO-c0YeydJlnuVGJZEmDH2-l9bJmyFOPPRsqUn9UqFjp12LMShoaAoyuEALw_wcB&amp;CampaignId=19495188175&amp;AdGroupId=145869435078&amp;feeditemid&amp;targetid=kwd-2454924612452&amp;loc_interest_ms&amp;loc_physical_ms=9056504&amp;matchtype=e&amp;network=g&amp;device=c&amp;devicemodel&amp;creative=643917943641&amp;keyword=ppa%20sport&amp;placement&amp;target&amp;adposition&amp;utm_medium=search&amp;gad_source=1&amp;gad_campaignid=19495188175&amp;gbraid=0AAAAApKQ6HYeUgiOCxBoLVQqNtM96S-3I\u00a0\u00bb _builder_version=\u00a0\u00bb4.27.4&Prime; _module_preset=\u00a0\u00bbdefault\u00a0\u00bb global_colors_info=\u00a0\u00bb{}\u00a0\u00bb][\/et_pb_image][\/et_pb_column][et_pb_column type=\u00a0\u00bb1_3&Prime; _builder_version=\u00a0\u00bb4.27.4&Prime; _module_preset=\u00a0\u00bbdefault\u00a0\u00bb global_colors_info=\u00a0\u00bb{}\u00a0\u00bb][et_pb_image src=\u00a0\u00bbhttps:\/\/3sport2025.ppawebdesign.com\/a3\/wp-content\/uploads\/sites\/4\/2025\/12\/Presentation-Quinexus1.png\u00a0\u00bb title_text=\u00a0\u00bbPresentation Quinexus(1)\u00a0\u00bb url=\u00a0\u00bbhttps:\/\/athletica.fr\/\u00a0\u00bb url_new_window=\u00a0\u00bbon\u00a0\u00bb _builder_version=\u00a0\u00bb4.27.4&Prime; _module_preset=\u00a0\u00bbdefault\u00a0\u00bb global_colors_info=\u00a0\u00bb{}\u00a0\u00bb][\/et_pb_image][\/et_pb_column][et_pb_column type=\u00a0\u00bb1_3&Prime; _builder_version=\u00a0\u00bb4.27.4&Prime; _module_preset=\u00a0\u00bbdefault\u00a0\u00bb global_colors_info=\u00a0\u00bb{}\u00a0\u00bb][et_pb_image src=\u00a0\u00bbhttps:\/\/3sport2025.ppawebdesign.com\/a3\/wp-content\/uploads\/sites\/4\/2025\/12\/Presentation-Quinexus-3-1.png\u00a0\u00bb title_text=\u00a0\u00bbPresentation Quinexus (3)\u00a0\u00bb url=\u00a0\u00bbhttps:\/\/www.instagram.com\/bdetigers\/\u00a0\u00bb show_bottom_space=\u00a0\u00bboff\u00a0\u00bb _builder_version=\u00a0\u00bb4.27.4&Prime; _module_preset=\u00a0\u00bbdefault\u00a0\u00bb transform_translate=\u00a0\u00bb79px|-116px\u00a0\u00bb custom_margin=\u00a0\u00bb|||0px|false|false\u00a0\u00bb custom_padding=\u00a0\u00bb|||0px|false|false\u00a0\u00bb hover_enabled=\u00a0\u00bb0&Prime; global_colors_info=\u00a0\u00bb{}\u00a0\u00bb transform_styles_last_edited=\u00a0\u00bbon|phone\u00a0\u00bb transform_scale_last_edited=\u00a0\u00bbon|phone\u00a0\u00bb transform_translate_last_edited=\u00a0\u00bbon|phone\u00a0\u00bb transform_rotate_last_edited=\u00a0\u00bbon|phone\u00a0\u00bb transform_skew_last_edited=\u00a0\u00bbon|phone\u00a0\u00bb transform_origin_last_edited=\u00a0\u00bbon|phone\u00a0\u00bb transform_translate_linked_phone=\u00a0\u00bboff\u00a0\u00bb transform_translate_phone=\u00a0\u00bb0px|0px\u00a0\u00bb sticky_enabled=\u00a0\u00bb0&Prime; transform_translate_tablet=\u00a0\u00bb79px|-116px\u00a0\u00bb][\/et_pb_image][\/et_pb_column][\/et_pb_row][\/et_pb_section]<\/p>\n","protected":false},"excerpt":{"rendered":"<p>\u00a0Pr\u00e9sentation de votre agence Quinexus !Notre histoire&#8230;Quinexus est n\u00e9e de l\u2019initiative de cinq \u00e9tudiants passionn\u00e9s, anim\u00e9s par l\u2019envie de cr\u00e9er des \u00e9v\u00e9nements sportifs ambitieux et innovants. Le nom \u201cQuinexus\u201d tire ses racines du latin : quinque, qui signifie \u201ccinq\u201d, et nexus, qui renvoie \u00e0 la notion de lien, de connexion. Ce choix symbolise l\u2019unit\u00e9, la [&hellip;]<\/p>\n","protected":false},"author":13,"featured_media":0,"parent":0,"menu_order":0,"comment_status":"closed","ping_status":"closed","template":"","meta":{"_et_pb_use_builder":"on","_et_pb_old_content":"","_et_gb_content_width":"","footnotes":""},"class_list":["post-7","page","type-page","status-publish","hentry"],"yoast_head":"<!-- This site is optimized with the Yoast SEO plugin v26.5 - https:\/\/yoast.com\/wordpress\/plugins\/seo\/ -->\n<title>Pr\u00e9sentation de Quinexus ! ACCUEIL - Quinexus<\/title>\n<meta name=\"description\" content=\"Pr\u00e9sentation de Quinexus, notre histoire, notre logo, nos valeurs, nos partenaires... d\u00e9couvrez notre agence sportif !\" \/>\n<meta name=\"robots\" content=\"index, follow, max-snippet:-1, max-image-preview:large, max-video-preview:-1\" \/>\n<link rel=\"canonical\" href=\"https:\/\/3sport2025.ppawebdesign.com\/a3\/\" \/>\n<meta property=\"og:locale\" content=\"fr_FR\" \/>\n<meta property=\"og:type\" content=\"article\" \/>\n<meta property=\"og:title\" content=\"Pr\u00e9sentation de Quinexus ! ACCUEIL - Quinexus\" \/>\n<meta property=\"og:description\" content=\"Pr\u00e9sentation de Quinexus, notre histoire, notre logo, nos valeurs, nos partenaires... d\u00e9couvrez notre agence sportif !\" \/>\n<meta property=\"og:url\" content=\"https:\/\/3sport2025.ppawebdesign.com\/a3\/\" \/>\n<meta property=\"og:site_name\" content=\"Quinexus\" \/>\n<meta property=\"article:modified_time\" content=\"2025-12-04T15:58:32+00:00\" \/>\n<meta name=\"twitter:card\" content=\"summary_large_image\" \/>\n<meta name=\"twitter:label1\" content=\"Dur\u00e9e de lecture estim\u00e9e\" \/>\n\t<meta name=\"twitter:data1\" content=\"3 minutes\" \/>\n<script type=\"application\/ld+json\" class=\"yoast-schema-graph\">{\"@context\":\"https:\/\/schema.org\",\"@graph\":[{\"@type\":\"WebPage\",\"@id\":\"https:\/\/3sport2025.ppawebdesign.com\/a3\/\",\"url\":\"https:\/\/3sport2025.ppawebdesign.com\/a3\/\",\"name\":\"Pr\u00e9sentation de Quinexus ! ACCUEIL - Quinexus\",\"isPartOf\":{\"@id\":\"https:\/\/3sport2025.ppawebdesign.com\/a3\/#website\"},\"datePublished\":\"2025-12-02T10:29:07+00:00\",\"dateModified\":\"2025-12-04T15:58:32+00:00\",\"description\":\"Pr\u00e9sentation de Quinexus, notre histoire, notre logo, nos valeurs, nos partenaires... d\u00e9couvrez notre agence sportif !\",\"breadcrumb\":{\"@id\":\"https:\/\/3sport2025.ppawebdesign.com\/a3\/#breadcrumb\"},\"inLanguage\":\"fr-FR\",\"potentialAction\":[{\"@type\":\"ReadAction\",\"target\":[\"https:\/\/3sport2025.ppawebdesign.com\/a3\/\"]}]},{\"@type\":\"BreadcrumbList\",\"@id\":\"https:\/\/3sport2025.ppawebdesign.com\/a3\/#breadcrumb\",\"itemListElement\":[{\"@type\":\"ListItem\",\"position\":1,\"name\":\"Accueil\",\"item\":\"https:\/\/3sport2025.ppawebdesign.com\/a3\/\"},{\"@type\":\"ListItem\",\"position\":2,\"name\":\"ACCUEIL\"}]},{\"@type\":\"WebSite\",\"@id\":\"https:\/\/3sport2025.ppawebdesign.com\/a3\/#website\",\"url\":\"https:\/\/3sport2025.ppawebdesign.com\/a3\/\",\"name\":\"Quinexus\",\"description\":\"Tous connect\u00e9s au sport\",\"potentialAction\":[{\"@type\":\"SearchAction\",\"target\":{\"@type\":\"EntryPoint\",\"urlTemplate\":\"https:\/\/3sport2025.ppawebdesign.com\/a3\/?s={search_term_string}\"},\"query-input\":{\"@type\":\"PropertyValueSpecification\",\"valueRequired\":true,\"valueName\":\"search_term_string\"}}],\"inLanguage\":\"fr-FR\"}]}<\/script>\n<!-- \/ Yoast SEO plugin. -->","yoast_head_json":{"title":"Pr\u00e9sentation de Quinexus ! ACCUEIL - Quinexus","description":"Pr\u00e9sentation de Quinexus, notre histoire, notre logo, nos valeurs, nos partenaires... d\u00e9couvrez notre agence sportif !","robots":{"index":"index","follow":"follow","max-snippet":"max-snippet:-1","max-image-preview":"max-image-preview:large","max-video-preview":"max-video-preview:-1"},"canonical":"https:\/\/3sport2025.ppawebdesign.com\/a3\/","og_locale":"fr_FR","og_type":"article","og_title":"Pr\u00e9sentation de Quinexus ! ACCUEIL - Quinexus","og_description":"Pr\u00e9sentation de Quinexus, notre histoire, notre logo, nos valeurs, nos partenaires... d\u00e9couvrez notre agence sportif !","og_url":"https:\/\/3sport2025.ppawebdesign.com\/a3\/","og_site_name":"Quinexus","article_modified_time":"2025-12-04T15:58:32+00:00","twitter_card":"summary_large_image","twitter_misc":{"Dur\u00e9e de lecture estim\u00e9e":"3 minutes"},"schema":{"@context":"https:\/\/schema.org","@graph":[{"@type":"WebPage","@id":"https:\/\/3sport2025.ppawebdesign.com\/a3\/","url":"https:\/\/3sport2025.ppawebdesign.com\/a3\/","name":"Pr\u00e9sentation de Quinexus ! ACCUEIL - Quinexus","isPartOf":{"@id":"https:\/\/3sport2025.ppawebdesign.com\/a3\/#website"},"datePublished":"2025-12-02T10:29:07+00:00","dateModified":"2025-12-04T15:58:32+00:00","description":"Pr\u00e9sentation de Quinexus, notre histoire, notre logo, nos valeurs, nos partenaires... d\u00e9couvrez notre agence sportif !","breadcrumb":{"@id":"https:\/\/3sport2025.ppawebdesign.com\/a3\/#breadcrumb"},"inLanguage":"fr-FR","potentialAction":[{"@type":"ReadAction","target":["https:\/\/3sport2025.ppawebdesign.com\/a3\/"]}]},{"@type":"BreadcrumbList","@id":"https:\/\/3sport2025.ppawebdesign.com\/a3\/#breadcrumb","itemListElement":[{"@type":"ListItem","position":1,"name":"Accueil","item":"https:\/\/3sport2025.ppawebdesign.com\/a3\/"},{"@type":"ListItem","position":2,"name":"ACCUEIL"}]},{"@type":"WebSite","@id":"https:\/\/3sport2025.ppawebdesign.com\/a3\/#website","url":"https:\/\/3sport2025.ppawebdesign.com\/a3\/","name":"Quinexus","description":"Tous connect\u00e9s au sport","potentialAction":[{"@type":"SearchAction","target":{"@type":"EntryPoint","urlTemplate":"https:\/\/3sport2025.ppawebdesign.com\/a3\/?s={search_term_string}"},"query-input":{"@type":"PropertyValueSpecification","valueRequired":true,"valueName":"search_term_string"}}],"inLanguage":"fr-FR"}]}},"_links":{"self":[{"href":"https:\/\/3sport2025.ppawebdesign.com\/a3\/wp-json\/wp\/v2\/pages\/7","targetHints":{"allow":["GET"]}}],"collection":[{"href":"https:\/\/3sport2025.ppawebdesign.com\/a3\/wp-json\/wp\/v2\/pages"}],"about":[{"href":"https:\/\/3sport2025.ppawebdesign.com\/a3\/wp-json\/wp\/v2\/types\/page"}],"author":[{"embeddable":true,"href":"https:\/\/3sport2025.ppawebdesign.com\/a3\/wp-json\/wp\/v2\/users\/13"}],"replies":[{"embeddable":true,"href":"https:\/\/3sport2025.ppawebdesign.com\/a3\/wp-json\/wp\/v2\/comments?post=7"}],"version-history":[{"count":19,"href":"https:\/\/3sport2025.ppawebdesign.com\/a3\/wp-json\/wp\/v2\/pages\/7\/revisions"}],"predecessor-version":[{"id":333,"href":"https:\/\/3sport2025.ppawebdesign.com\/a3\/wp-json\/wp\/v2\/pages\/7\/revisions\/333"}],"wp:attachment":[{"href":"https:\/\/3sport2025.ppawebdesign.com\/a3\/wp-json\/wp\/v2\/media?parent=7"}],"curies":[{"name":"wp","href":"https:\/\/api.w.org\/{rel}","templated":true}]}}