{"id":16,"date":"2025-12-02T10:41:15","date_gmt":"2025-12-02T09:41:15","guid":{"rendered":"https:\/\/3sport2025.ppawebdesign.com\/a4\/?page_id=16"},"modified":"2025-12-04T15:59:59","modified_gmt":"2025-12-04T14:59:59","slug":"concept-hyrox-sstep","status":"publish","type":"page","link":"https:\/\/3sport2025.ppawebdesign.com\/a4\/concept-hyrox-sstep\/","title":{"rendered":"Concept HYROX SSTEP"},"content":{"rendered":"<p>[et_pb_section fb_built=\u00a0\u00bb1&Prime; _builder_version=\u00a0\u00bb4.27.4&Prime; _module_preset=\u00a0\u00bbdefault\u00a0\u00bb background_color=\u00a0\u00bb#3C6B28&Prime; global_colors_info=\u00a0\u00bb{}\u00a0\u00bb][et_pb_row _builder_version=\u00a0\u00bb4.27.4&Prime; _module_preset=\u00a0\u00bbdefault\u00a0\u00bb global_colors_info=\u00a0\u00bb{}\u00a0\u00bb][et_pb_column type=\u00a0\u00bb4_4&Prime; _builder_version=\u00a0\u00bb4.27.4&Prime; _module_preset=\u00a0\u00bbdefault\u00a0\u00bb global_colors_info=\u00a0\u00bb{}\u00a0\u00bb][et_pb_post_title meta=\u00a0\u00bboff\u00a0\u00bb featured_image=\u00a0\u00bboff\u00a0\u00bb _builder_version=\u00a0\u00bb4.27.4&Prime; _module_preset=\u00a0\u00bbdefault\u00a0\u00bb title_font=\u00a0\u00bbFjalla One|800|||||||\u00a0\u00bb title_text_align=\u00a0\u00bbcenter\u00a0\u00bb title_text_color=\u00a0\u00bb#000000&Prime; title_font_size=\u00a0\u00bb50px\u00a0\u00bb text_orientation=\u00a0\u00bbcenter\u00a0\u00bb global_colors_info=\u00a0\u00bb{}\u00a0\u00bb][\/et_pb_post_title][\/et_pb_column][\/et_pb_row][et_pb_row _builder_version=\u00a0\u00bb4.27.4&Prime; _module_preset=\u00a0\u00bbdefault\u00a0\u00bb global_colors_info=\u00a0\u00bb{}\u00a0\u00bb][et_pb_column type=\u00a0\u00bb4_4&Prime; _builder_version=\u00a0\u00bb4.27.4&Prime; _module_preset=\u00a0\u00bbdefault\u00a0\u00bb global_colors_info=\u00a0\u00bb{}\u00a0\u00bb][et_pb_text _builder_version=\u00a0\u00bb4.27.4&Prime; _module_preset=\u00a0\u00bbdefault\u00a0\u00bb text_font=\u00a0\u00bbFira Sans||||||||\u00a0\u00bb text_text_color=\u00a0\u00bb#FFFFFF\u00a0\u00bb text_orientation=\u00a0\u00bbcenter\u00a0\u00bb min_height=\u00a0\u00bb50.6px\u00a0\u00bb global_colors_info=\u00a0\u00bb{}\u00a0\u00bb]<\/p>\n<p data-start=\"1881\" data-end=\"2091\">HYROX SSTEP est un \u00e9v\u00e9nement qui m\u00e9lange course et exercices fonctionnels, sp\u00e9cialement adapt\u00e9 aux \u00e9tudiants.<br data-start=\"1990\" data-end=\"1993\" \/>L\u2019objectif : <strong data-start=\"2006\" data-end=\"2058\">proposer un challenge intense, fun et accessible<\/strong>, sans pression et ouvert \u00e0 tous.<\/p>\n<hr data-start=\"2093\" data-end=\"2096\" \/>[\/et_pb_text][et_pb_text _builder_version=\u00a0\u00bb4.27.4&Prime; _module_preset=\u00a0\u00bbdefault\u00a0\u00bb text_font=\u00a0\u00bbFjalla One||||||||\u00a0\u00bb text_text_color=\u00a0\u00bb#000000&Prime; text_font_size=\u00a0\u00bb33px\u00a0\u00bb text_orientation=\u00a0\u00bbcenter\u00a0\u00bb hover_enabled=\u00a0\u00bb0&Prime; global_colors_info=\u00a0\u00bb{}\u00a0\u00bb sticky_enabled=\u00a0\u00bb0&Prime; header_font_size=\u00a0\u00bb1px\u00a0\u00bb text_line_height=\u00a0\u00bb1em\u00a0\u00bb]<\/p>\n<p>Le format de comp\u00e9tition<\/p>\n<p>[\/et_pb_text][\/et_pb_column][\/et_pb_row][et_pb_row column_structure=\u00a0\u00bb1_2,1_2&Prime; _builder_version=\u00a0\u00bb4.27.4&Prime; _module_preset=\u00a0\u00bbdefault\u00a0\u00bb global_colors_info=\u00a0\u00bb{}\u00a0\u00bb][et_pb_column type=\u00a0\u00bb1_2&Prime; _builder_version=\u00a0\u00bb4.27.4&Prime; _module_preset=\u00a0\u00bbdefault\u00a0\u00bb global_colors_info=\u00a0\u00bb{}\u00a0\u00bb][et_pb_image src=\u00a0\u00bbhttps:\/\/3sport2025.ppawebdesign.com\/a4\/wp-content\/uploads\/sites\/5\/2025\/12\/IMG_5650-2.jpg\u00a0\u00bb title_text=\u00a0\u00bbIMG_5650 2&Prime; url=\u00a0\u00bbhttps:\/\/www.instagram.com\/sstep.agency?igsh=amo2a2E5bjZ6cWln\u00a0\u00bb url_new_window=\u00a0\u00bbon\u00a0\u00bb _builder_version=\u00a0\u00bb4.27.4&Prime; _module_preset=\u00a0\u00bbdefault\u00a0\u00bb global_colors_info=\u00a0\u00bb{}\u00a0\u00bb][\/et_pb_image][\/et_pb_column][et_pb_column type=\u00a0\u00bb1_2&Prime; _builder_version=\u00a0\u00bb4.27.4&Prime; _module_preset=\u00a0\u00bbdefault\u00a0\u00bb global_colors_info=\u00a0\u00bb{}\u00a0\u00bb][et_pb_text _builder_version=\u00a0\u00bb4.27.4&Prime; _module_preset=\u00a0\u00bbdefault\u00a0\u00bb text_font=\u00a0\u00bbFira Sans||||||||\u00a0\u00bb text_text_color=\u00a0\u00bb#FFFFFF\u00a0\u00bb header_text_color=\u00a0\u00bb#000000&Prime; global_colors_info=\u00a0\u00bb{}\u00a0\u00bb]<\/p>\n<p data-start=\"2127\" data-end=\"2154\">Le parcours alterne entre :<\/p>\n<h3 data-start=\"2156\" data-end=\"2185\"><span style=\"color: #ffffff\"><strong>Phases de course<\/strong><\/span><\/h3>\n<p data-start=\"2186\" data-end=\"2277\">Adapt\u00e9es \u00e0 un public \u00e9tudiant, elles servent \u00e0 rythmer le challenge sans \u00eatre trop longues.<\/p>\n<ul>\n<li data-start=\"2186\" data-end=\"2277\">Force<\/li>\n<li data-start=\"2186\" data-end=\"2277\">Agilit\u00e9<\/li>\n<li data-start=\"2186\" data-end=\"2277\">endurance<\/li>\n<li data-start=\"2127\" data-end=\"2154\">Pr\u00e9cision<\/li>\n<\/ul>\n<p>[\/et_pb_text][\/et_pb_column][\/et_pb_row][et_pb_row column_structure=\u00a0\u00bb1_2,1_2&Prime; _builder_version=\u00a0\u00bb4.27.4&Prime; _module_preset=\u00a0\u00bbdefault\u00a0\u00bb global_colors_info=\u00a0\u00bb{}\u00a0\u00bb][et_pb_column type=\u00a0\u00bb1_2&Prime; _builder_version=\u00a0\u00bb4.27.4&Prime; _module_preset=\u00a0\u00bbdefault\u00a0\u00bb global_colors_info=\u00a0\u00bb{}\u00a0\u00bb][et_pb_text _builder_version=\u00a0\u00bb4.27.4&Prime; _module_preset=\u00a0\u00bbdefault\u00a0\u00bb text_font=\u00a0\u00bbFira Sans||||||||\u00a0\u00bb text_text_color=\u00a0\u00bb#F1FF46&Prime; global_colors_info=\u00a0\u00bb{}\u00a0\u00bb]<\/p>\n<p><strong data-start=\"2286\" data-end=\"2311\" style=\"color: #333333;font-size: 22px\"><\/strong><\/p>\n<p><strong data-start=\"2286\" data-end=\"2311\" style=\"color: #333333;font-size: 22px\"><\/strong><\/p>\n<p><strong data-start=\"2286\" data-end=\"2311\" style=\"color: #333333;font-size: 22px\"><\/strong><\/p>\n<p><strong data-start=\"2286\" data-end=\"2311\" style=\"color: #333333;font-size: 22px\"><\/strong><\/p>\n<p><span style=\"color: #ffffff\"><strong data-start=\"2286\" data-end=\"2311\" style=\"font-size: 22px\">Ateliers fonctionnels<\/strong><\/span><\/p>\n<p data-start=\"2312\" data-end=\"2363\"><span style=\"color: #ffffff\">Des exercices simples, efficaces et accessibles :<\/span><\/p>\n<ul>\n<li data-start=\"2366\" data-end=\"2391\"><span style=\"color: #ffffff\">Renforcement musculaire<\/span><\/li>\n<li data-start=\"2394\" data-end=\"2402\"><span style=\"color: #ffffff\">Cardio<\/span><\/li>\n<li data-start=\"2405\" data-end=\"2430\"><span style=\"color: #ffffff\">Mouvements fonctionnels<\/span><\/li>\n<li data-start=\"2433\" data-end=\"2465\"><span style=\"color: #ffffff\">\u00c9preuves courtes mais intenses<\/span><\/li>\n<\/ul>\n<p>[\/et_pb_text][\/et_pb_column][et_pb_column type=\u00a0\u00bb1_2&Prime; _builder_version=\u00a0\u00bb4.27.4&Prime; _module_preset=\u00a0\u00bbdefault\u00a0\u00bb global_colors_info=\u00a0\u00bb{}\u00a0\u00bb][et_pb_image src=\u00a0\u00bbhttps:\/\/3sport2025.ppawebdesign.com\/a4\/wp-content\/uploads\/sites\/5\/2025\/12\/IMG_5649-2.jpg\u00a0\u00bb title_text=\u00a0\u00bbIMG_5649 2&Prime; disabled_on=\u00a0\u00bbon|off|off\u00a0\u00bb _builder_version=\u00a0\u00bb4.27.4&Prime; _module_preset=\u00a0\u00bbdefault\u00a0\u00bb global_colors_info=\u00a0\u00bb{}\u00a0\u00bb][\/et_pb_image][\/et_pb_column][\/et_pb_row][et_pb_row column_structure=\u00a0\u00bb1_2,1_2&Prime; _builder_version=\u00a0\u00bb4.27.4&Prime; _module_preset=\u00a0\u00bbdefault\u00a0\u00bb global_colors_info=\u00a0\u00bb{}\u00a0\u00bb][et_pb_column type=\u00a0\u00bb1_2&Prime; _builder_version=\u00a0\u00bb4.27.4&Prime; _module_preset=\u00a0\u00bbdefault\u00a0\u00bb global_colors_info=\u00a0\u00bb{}\u00a0\u00bb][et_pb_image src=\u00a0\u00bbhttps:\/\/3sport2025.ppawebdesign.com\/a4\/wp-content\/uploads\/sites\/5\/2025\/12\/IMG_5652.jpg\u00a0\u00bb title_text=\u00a0\u00bbIMG_5652&Prime; _builder_version=\u00a0\u00bb4.27.4&Prime; _module_preset=\u00a0\u00bbdefault\u00a0\u00bb global_colors_info=\u00a0\u00bb{}\u00a0\u00bb][\/et_pb_image][\/et_pb_column][et_pb_column type=\u00a0\u00bb1_2&Prime; _builder_version=\u00a0\u00bb4.27.4&Prime; _module_preset=\u00a0\u00bbdefault\u00a0\u00bb global_colors_info=\u00a0\u00bb{}\u00a0\u00bb][et_pb_text _builder_version=\u00a0\u00bb4.27.4&Prime; _module_preset=\u00a0\u00bbdefault\u00a0\u00bb text_font=\u00a0\u00bbFira Sans||||||||\u00a0\u00bb text_text_color=\u00a0\u00bb#F1FF46&Prime; header_text_color=\u00a0\u00bb#000000&Prime; global_colors_info=\u00a0\u00bb{}\u00a0\u00bb]<\/p>\n<p>&nbsp;<\/p>\n<h2 data-start=\"2472\" data-end=\"2508\"><strong data-start=\"2475\" data-end=\"2508\"><\/strong><\/h2>\n<h2 data-start=\"2472\" data-end=\"2508\"><strong data-start=\"2475\" data-end=\"2508\"><\/strong><\/h2>\n<h2 data-start=\"2472\" data-end=\"2508\"><strong data-start=\"2475\" data-end=\"2508\"><\/strong><\/h2>\n<h2 data-start=\"2472\" data-end=\"2508\"><span style=\"color: #ffffff\"><strong data-start=\"2475\" data-end=\"2508\">\u00c0 qui s\u2019adresse l&rsquo;\u00e9v\u00e9nement ?<\/strong><\/span><\/h2>\n<ul data-start=\"2509\" data-end=\"2733\">\n<li data-start=\"2509\" data-end=\"2565\">\n<p data-start=\"2511\" data-end=\"2565\"><span style=\"color: #fcf5f4\">A<\/span><span style=\"color: #fff7f7\">ux d\u00e9butants qui veulent essayer un nouveau concept<\/span><\/p>\n<\/li>\n<li data-start=\"2566\" data-end=\"2608\">\n<p data-start=\"2568\" data-end=\"2608\"><span style=\"color: #fff7f7\">Aux \u00e9tudiants qui aiment se challenger<\/span><\/p>\n<\/li>\n<li data-start=\"2609\" data-end=\"2669\">\n<p data-start=\"2611\" data-end=\"2669\"><span style=\"color: #fff7f7\">Aux sportifs r\u00e9guliers qui cherchent un effort diff\u00e9rent<\/span><\/p>\n<\/li>\n<li data-start=\"2670\" data-end=\"2733\">\n<p data-start=\"2672\" data-end=\"2733\"><span style=\"color: #fff7f7\">\u00c0 ceux qui veulent vivre un \u00e9v\u00e9nement motivant et convivial<\/span><\/p>\n<\/li>\n<\/ul>\n<p>[\/et_pb_text][\/et_pb_column][\/et_pb_row][et_pb_row _builder_version=\u00a0\u00bb4.27.4&Prime; _module_preset=\u00a0\u00bbdefault\u00a0\u00bb global_colors_info=\u00a0\u00bb{}\u00a0\u00bb][et_pb_column type=\u00a0\u00bb4_4&Prime; _builder_version=\u00a0\u00bb4.27.4&Prime; _module_preset=\u00a0\u00bbdefault\u00a0\u00bb global_colors_info=\u00a0\u00bb{}\u00a0\u00bb][et_pb_button button_url=\u00a0\u00bbhttps:\/\/3sport2025.ppawebdesign.com\/a4\/parcours-epreuves\/\u00a0\u00bb button_text=\u00a0\u00bbVOIR LES \u00c9PREUVES\u00a0\u00bb button_alignment=\u00a0\u00bbcenter\u00a0\u00bb _builder_version=\u00a0\u00bb4.27.4&Prime; _module_preset=\u00a0\u00bbdefault\u00a0\u00bb custom_button=\u00a0\u00bbon\u00a0\u00bb button_text_color=\u00a0\u00bb#F1FF46&Prime; button_border_width=\u00a0\u00bb3px\u00a0\u00bb button_border_radius=\u00a0\u00bb15px\u00a0\u00bb global_colors_info=\u00a0\u00bb{}\u00a0\u00bb][\/et_pb_button][\/et_pb_column][\/et_pb_row][\/et_pb_section]<\/p>\n","protected":false},"excerpt":{"rendered":"<p>HYROX SSTEP est un \u00e9v\u00e9nement qui m\u00e9lange course et exercices fonctionnels, sp\u00e9cialement adapt\u00e9 aux \u00e9tudiants.L\u2019objectif : proposer un challenge intense, fun et accessible, sans pression et ouvert \u00e0 tous. Le format de comp\u00e9titionLe parcours alterne entre : Phases de course Adapt\u00e9es \u00e0 un public \u00e9tudiant, elles servent \u00e0 rythmer le challenge sans \u00eatre trop longues. [&hellip;]<\/p>\n","protected":false},"author":18,"featured_media":0,"parent":0,"menu_order":0,"comment_status":"closed","ping_status":"closed","template":"","meta":{"_et_pb_use_builder":"on","_et_pb_old_content":"","_et_gb_content_width":"","footnotes":""},"class_list":["post-16","page","type-page","status-publish","hentry"],"yoast_head":"<!-- This site is optimized with the Yoast SEO plugin v26.5 - https:\/\/yoast.com\/wordpress\/plugins\/seo\/ -->\n<title>Concept HYROX SSTEP - SSTEPAGENCY<\/title>\n<meta name=\"description\" content=\"Concept HYROX SSTEP est un \u00e9v\u00e9nement qui m\u00e9lange course et exercices fonctionnels, sp\u00e9cialement adapt\u00e9 aux \u00e9tudiants.L\u2019objectif : proposer un challenge intense, fun et accessible, sans pression et ouvert \u00e0 tous.\" \/>\n<meta name=\"robots\" content=\"index, follow, max-snippet:-1, max-image-preview:large, max-video-preview:-1\" \/>\n<link rel=\"canonical\" href=\"https:\/\/3sport2025.ppawebdesign.com\/a4\/concept-hyrox-sstep\/\" \/>\n<meta property=\"og:locale\" content=\"fr_FR\" \/>\n<meta property=\"og:type\" content=\"article\" \/>\n<meta property=\"og:title\" content=\"Concept HYROX SSTEP - SSTEPAGENCY\" \/>\n<meta property=\"og:description\" content=\"Concept HYROX SSTEP est un \u00e9v\u00e9nement qui m\u00e9lange course et exercices fonctionnels, sp\u00e9cialement adapt\u00e9 aux \u00e9tudiants.L\u2019objectif : proposer un challenge intense, fun et accessible, sans pression et ouvert \u00e0 tous.\" \/>\n<meta property=\"og:url\" content=\"https:\/\/3sport2025.ppawebdesign.com\/a4\/concept-hyrox-sstep\/\" \/>\n<meta property=\"og:site_name\" content=\"SSTEPAGENCY\" \/>\n<meta property=\"article:modified_time\" content=\"2025-12-04T14:59:59+00:00\" \/>\n<meta name=\"twitter:card\" content=\"summary_large_image\" \/>\n<meta name=\"twitter:label1\" content=\"Dur\u00e9e de lecture estim\u00e9e\" \/>\n\t<meta name=\"twitter:data1\" content=\"2 minutes\" \/>\n<script type=\"application\/ld+json\" class=\"yoast-schema-graph\">{\"@context\":\"https:\/\/schema.org\",\"@graph\":[{\"@type\":\"WebPage\",\"@id\":\"https:\/\/3sport2025.ppawebdesign.com\/a4\/concept-hyrox-sstep\/\",\"url\":\"https:\/\/3sport2025.ppawebdesign.com\/a4\/concept-hyrox-sstep\/\",\"name\":\"Concept HYROX SSTEP - SSTEPAGENCY\",\"isPartOf\":{\"@id\":\"https:\/\/3sport2025.ppawebdesign.com\/a4\/#website\"},\"datePublished\":\"2025-12-02T09:41:15+00:00\",\"dateModified\":\"2025-12-04T14:59:59+00:00\",\"description\":\"Concept HYROX SSTEP est un \u00e9v\u00e9nement qui m\u00e9lange course et exercices fonctionnels, sp\u00e9cialement adapt\u00e9 aux \u00e9tudiants.L\u2019objectif : proposer un challenge intense, fun et accessible, sans pression et ouvert \u00e0 tous.\",\"breadcrumb\":{\"@id\":\"https:\/\/3sport2025.ppawebdesign.com\/a4\/concept-hyrox-sstep\/#breadcrumb\"},\"inLanguage\":\"fr-FR\",\"potentialAction\":[{\"@type\":\"ReadAction\",\"target\":[\"https:\/\/3sport2025.ppawebdesign.com\/a4\/concept-hyrox-sstep\/\"]}]},{\"@type\":\"BreadcrumbList\",\"@id\":\"https:\/\/3sport2025.ppawebdesign.com\/a4\/concept-hyrox-sstep\/#breadcrumb\",\"itemListElement\":[{\"@type\":\"ListItem\",\"position\":1,\"name\":\"Accueil\",\"item\":\"https:\/\/3sport2025.ppawebdesign.com\/a4\/\"},{\"@type\":\"ListItem\",\"position\":2,\"name\":\"Concept HYROX SSTEP\"}]},{\"@type\":\"WebSite\",\"@id\":\"https:\/\/3sport2025.ppawebdesign.com\/a4\/#website\",\"url\":\"https:\/\/3sport2025.ppawebdesign.com\/a4\/\",\"name\":\"SSTEPAGENCY\",\"description\":\"step by step, do it different\",\"potentialAction\":[{\"@type\":\"SearchAction\",\"target\":{\"@type\":\"EntryPoint\",\"urlTemplate\":\"https:\/\/3sport2025.ppawebdesign.com\/a4\/?s={search_term_string}\"},\"query-input\":{\"@type\":\"PropertyValueSpecification\",\"valueRequired\":true,\"valueName\":\"search_term_string\"}}],\"inLanguage\":\"fr-FR\"}]}<\/script>\n<!-- \/ Yoast SEO plugin. -->","yoast_head_json":{"title":"Concept HYROX SSTEP - SSTEPAGENCY","description":"Concept HYROX SSTEP est un \u00e9v\u00e9nement qui m\u00e9lange course et exercices fonctionnels, sp\u00e9cialement adapt\u00e9 aux \u00e9tudiants.L\u2019objectif : proposer un challenge intense, fun et accessible, sans pression et ouvert \u00e0 tous.","robots":{"index":"index","follow":"follow","max-snippet":"max-snippet:-1","max-image-preview":"max-image-preview:large","max-video-preview":"max-video-preview:-1"},"canonical":"https:\/\/3sport2025.ppawebdesign.com\/a4\/concept-hyrox-sstep\/","og_locale":"fr_FR","og_type":"article","og_title":"Concept HYROX SSTEP - SSTEPAGENCY","og_description":"Concept HYROX SSTEP est un \u00e9v\u00e9nement qui m\u00e9lange course et exercices fonctionnels, sp\u00e9cialement adapt\u00e9 aux \u00e9tudiants.L\u2019objectif : proposer un challenge intense, fun et accessible, sans pression et ouvert \u00e0 tous.","og_url":"https:\/\/3sport2025.ppawebdesign.com\/a4\/concept-hyrox-sstep\/","og_site_name":"SSTEPAGENCY","article_modified_time":"2025-12-04T14:59:59+00:00","twitter_card":"summary_large_image","twitter_misc":{"Dur\u00e9e de lecture estim\u00e9e":"2 minutes"},"schema":{"@context":"https:\/\/schema.org","@graph":[{"@type":"WebPage","@id":"https:\/\/3sport2025.ppawebdesign.com\/a4\/concept-hyrox-sstep\/","url":"https:\/\/3sport2025.ppawebdesign.com\/a4\/concept-hyrox-sstep\/","name":"Concept HYROX SSTEP - SSTEPAGENCY","isPartOf":{"@id":"https:\/\/3sport2025.ppawebdesign.com\/a4\/#website"},"datePublished":"2025-12-02T09:41:15+00:00","dateModified":"2025-12-04T14:59:59+00:00","description":"Concept HYROX SSTEP est un \u00e9v\u00e9nement qui m\u00e9lange course et exercices fonctionnels, sp\u00e9cialement adapt\u00e9 aux \u00e9tudiants.L\u2019objectif : proposer un challenge intense, fun et accessible, sans pression et ouvert \u00e0 tous.","breadcrumb":{"@id":"https:\/\/3sport2025.ppawebdesign.com\/a4\/concept-hyrox-sstep\/#breadcrumb"},"inLanguage":"fr-FR","potentialAction":[{"@type":"ReadAction","target":["https:\/\/3sport2025.ppawebdesign.com\/a4\/concept-hyrox-sstep\/"]}]},{"@type":"BreadcrumbList","@id":"https:\/\/3sport2025.ppawebdesign.com\/a4\/concept-hyrox-sstep\/#breadcrumb","itemListElement":[{"@type":"ListItem","position":1,"name":"Accueil","item":"https:\/\/3sport2025.ppawebdesign.com\/a4\/"},{"@type":"ListItem","position":2,"name":"Concept HYROX SSTEP"}]},{"@type":"WebSite","@id":"https:\/\/3sport2025.ppawebdesign.com\/a4\/#website","url":"https:\/\/3sport2025.ppawebdesign.com\/a4\/","name":"SSTEPAGENCY","description":"step by step, do it different","potentialAction":[{"@type":"SearchAction","target":{"@type":"EntryPoint","urlTemplate":"https:\/\/3sport2025.ppawebdesign.com\/a4\/?s={search_term_string}"},"query-input":{"@type":"PropertyValueSpecification","valueRequired":true,"valueName":"search_term_string"}}],"inLanguage":"fr-FR"}]}},"_links":{"self":[{"href":"https:\/\/3sport2025.ppawebdesign.com\/a4\/wp-json\/wp\/v2\/pages\/16","targetHints":{"allow":["GET"]}}],"collection":[{"href":"https:\/\/3sport2025.ppawebdesign.com\/a4\/wp-json\/wp\/v2\/pages"}],"about":[{"href":"https:\/\/3sport2025.ppawebdesign.com\/a4\/wp-json\/wp\/v2\/types\/page"}],"author":[{"embeddable":true,"href":"https:\/\/3sport2025.ppawebdesign.com\/a4\/wp-json\/wp\/v2\/users\/18"}],"replies":[{"embeddable":true,"href":"https:\/\/3sport2025.ppawebdesign.com\/a4\/wp-json\/wp\/v2\/comments?post=16"}],"version-history":[{"count":28,"href":"https:\/\/3sport2025.ppawebdesign.com\/a4\/wp-json\/wp\/v2\/pages\/16\/revisions"}],"predecessor-version":[{"id":244,"href":"https:\/\/3sport2025.ppawebdesign.com\/a4\/wp-json\/wp\/v2\/pages\/16\/revisions\/244"}],"wp:attachment":[{"href":"https:\/\/3sport2025.ppawebdesign.com\/a4\/wp-json\/wp\/v2\/media?parent=16"}],"curies":[{"name":"wp","href":"https:\/\/api.w.org\/{rel}","templated":true}]}}