{"id":20,"date":"2025-12-02T10:41:55","date_gmt":"2025-12-02T09:41:55","guid":{"rendered":"https:\/\/3sport2025.ppawebdesign.com\/a4\/?page_id=20"},"modified":"2025-12-04T16:06:26","modified_gmt":"2025-12-04T15:06:26","slug":"parcours-epreuves","status":"publish","type":"page","link":"https:\/\/3sport2025.ppawebdesign.com\/a4\/parcours-epreuves\/","title":{"rendered":"Parcours &amp; \u00c9preuves"},"content":{"rendered":"<p>[et_pb_section fb_built=\u00a0\u00bb1&Prime; _builder_version=\u00a0\u00bb4.27.4&Prime; _module_preset=\u00a0\u00bbdefault\u00a0\u00bb background_color=\u00a0\u00bb#F1FF46&Prime; global_colors_info=\u00a0\u00bb{}\u00a0\u00bb][et_pb_row _builder_version=\u00a0\u00bb4.27.4&Prime; _module_preset=\u00a0\u00bbdefault\u00a0\u00bb global_colors_info=\u00a0\u00bb{}\u00a0\u00bb][et_pb_column type=\u00a0\u00bb4_4&Prime; _builder_version=\u00a0\u00bb4.27.4&Prime; _module_preset=\u00a0\u00bbdefault\u00a0\u00bb global_colors_info=\u00a0\u00bb{}\u00a0\u00bb][et_pb_post_title meta=\u00a0\u00bboff\u00a0\u00bb featured_image=\u00a0\u00bboff\u00a0\u00bb _builder_version=\u00a0\u00bb4.27.4&Prime; _module_preset=\u00a0\u00bbdefault\u00a0\u00bb title_font=\u00a0\u00bbFjalla One||||||||\u00a0\u00bb title_font_size=\u00a0\u00bb50px\u00a0\u00bb text_orientation=\u00a0\u00bbcenter\u00a0\u00bb global_colors_info=\u00a0\u00bb{}\u00a0\u00bb][\/et_pb_post_title][\/et_pb_column][\/et_pb_row][et_pb_row column_structure=\u00a0\u00bb1_3,1_3,1_3&Prime; _builder_version=\u00a0\u00bb4.27.4&Prime; _module_preset=\u00a0\u00bbdefault\u00a0\u00bb global_colors_info=\u00a0\u00bb{}\u00a0\u00bb][et_pb_column type=\u00a0\u00bb1_3&Prime; _builder_version=\u00a0\u00bb4.27.4&Prime; _module_preset=\u00a0\u00bbdefault\u00a0\u00bb global_colors_info=\u00a0\u00bb{}\u00a0\u00bb][et_pb_image src=\u00a0\u00bbhttps:\/\/3sport2025.ppawebdesign.com\/a4\/wp-content\/uploads\/sites\/5\/2025\/12\/Capture-decran-2025-12-04-a-10.08.50.png\u00a0\u00bb title_text=\u00a0\u00bbCapture d\u2019e\u0301cran 2025-12-04 a\u0300 10.08.50&Prime; url=\u00a0\u00bbhttps:\/\/www.instagram.com\/sstep.agency?igsh=amo2a2E5bjZ6cWln\u00a0\u00bb url_new_window=\u00a0\u00bbon\u00a0\u00bb disabled_on=\u00a0\u00bbon|off|off\u00a0\u00bb _builder_version=\u00a0\u00bb4.27.4&Prime; _module_preset=\u00a0\u00bbdefault\u00a0\u00bb global_colors_info=\u00a0\u00bb{}\u00a0\u00bb][\/et_pb_image][\/et_pb_column][et_pb_column type=\u00a0\u00bb1_3&Prime; _builder_version=\u00a0\u00bb4.27.4&Prime; _module_preset=\u00a0\u00bbdefault\u00a0\u00bb global_colors_info=\u00a0\u00bb{}\u00a0\u00bb][et_pb_image src=\u00a0\u00bbhttps:\/\/3sport2025.ppawebdesign.com\/a4\/wp-content\/uploads\/sites\/5\/2025\/12\/Capture-decran-2025-12-04-a-10.09.26.png\u00a0\u00bb title_text=\u00a0\u00bbCapture d\u2019e\u0301cran 2025-12-04 a\u0300 10.09.26&Prime; disabled_on=\u00a0\u00bbon|off|off\u00a0\u00bb _builder_version=\u00a0\u00bb4.27.4&Prime; _module_preset=\u00a0\u00bbdefault\u00a0\u00bb min_height=\u00a0\u00bb322.3px\u00a0\u00bb global_colors_info=\u00a0\u00bb{}\u00a0\u00bb][\/et_pb_image][\/et_pb_column][et_pb_column type=\u00a0\u00bb1_3&Prime; _builder_version=\u00a0\u00bb4.27.4&Prime; _module_preset=\u00a0\u00bbdefault\u00a0\u00bb global_colors_info=\u00a0\u00bb{}\u00a0\u00bb][et_pb_image src=\u00a0\u00bbhttps:\/\/3sport2025.ppawebdesign.com\/a4\/wp-content\/uploads\/sites\/5\/2025\/12\/Capture-decran-2025-12-04-a-10.10.07.png\u00a0\u00bb title_text=\u00a0\u00bbCapture d\u2019e\u0301cran 2025-12-04 a\u0300 10.10.07&Prime; _builder_version=\u00a0\u00bb4.27.4&Prime; _module_preset=\u00a0\u00bbdefault\u00a0\u00bb min_height=\u00a0\u00bb320.6px\u00a0\u00bb custom_margin=\u00a0\u00bb||9px|||\u00a0\u00bb custom_padding=\u00a0\u00bb||7px|||\u00a0\u00bb global_colors_info=\u00a0\u00bb{}\u00a0\u00bb][\/et_pb_image][\/et_pb_column][\/et_pb_row][et_pb_row column_structure=\u00a0\u00bb1_3,1_3,1_3&Prime; _builder_version=\u00a0\u00bb4.27.4&Prime; _module_preset=\u00a0\u00bbdefault\u00a0\u00bb global_colors_info=\u00a0\u00bb{}\u00a0\u00bb][et_pb_column type=\u00a0\u00bb1_3&Prime; _builder_version=\u00a0\u00bb4.27.4&Prime; _module_preset=\u00a0\u00bbdefault\u00a0\u00bb global_colors_info=\u00a0\u00bb{}\u00a0\u00bb][et_pb_text _builder_version=\u00a0\u00bb4.27.4&Prime; _module_preset=\u00a0\u00bbdefault\u00a0\u00bb text_font=\u00a0\u00bbFira Sans||||||||\u00a0\u00bb text_font_size=\u00a0\u00bb15px\u00a0\u00bb text_orientation=\u00a0\u00bbcenter\u00a0\u00bb global_colors_info=\u00a0\u00bb{}\u00a0\u00bb]<\/p>\n<p class=\"p1\"><span style=\"text-decoration: underline;font-size: large\"><strong>11h15<\/strong><\/span><\/p>\n<p class=\"p1\">Jeux de fl\u00e9chettes<\/p>\n<p class=\"p3\">\u00c9preuve num\u00e9ro 1<\/p>\n<p class=\"p2\">Dur\u00e9e : 3 tirs<\/p>\n<p class=\"p2\">Points : 10 &#8211; 20 &#8211; 40<\/p>\n<p class=\"p1\"><span style=\"text-decoration: underline;font-size: large\"><strong>13H<\/strong><\/span><\/p>\n<p class=\"p2\">D\u00e9placer un poids (30kg)<\/p>\n<p class=\"p3\">Epreuve num\u00e9ro 2<\/p>\n<p class=\"p2\">Dur\u00e9e : 1 A-R de 20m<\/p>\n<p class=\"p2\">Points : +20sec \u2192 -10pts\/5sec<\/p>\n<p>[\/et_pb_text][\/et_pb_column][et_pb_column type=\u00a0\u00bb1_3&Prime; _builder_version=\u00a0\u00bb4.27.4&Prime; _module_preset=\u00a0\u00bbdefault\u00a0\u00bb global_colors_info=\u00a0\u00bb{}\u00a0\u00bb][et_pb_text _builder_version=\u00a0\u00bb4.27.4&Prime; _module_preset=\u00a0\u00bbdefault\u00a0\u00bb text_font=\u00a0\u00bbFira Sans||||||||\u00a0\u00bb text_font_size=\u00a0\u00bb15px\u00a0\u00bb text_orientation=\u00a0\u00bbcenter\u00a0\u00bb global_colors_info=\u00a0\u00bb{}\u00a0\u00bb]<\/p>\n<p class=\"p1\"><span style=\"text-decoration: underline;font-size: large\"><strong>13H<\/strong><\/span><\/p>\n<p class=\"p2\">Parcours avec sac (20kg)<\/p>\n<p class=\"p3\">Epreuve num\u00e9ro 3<\/p>\n<p class=\"p2\">Dur\u00e9e : 1 tour<\/p>\n<p class=\"p2\">Points : +20sec \u2192 -10pts\/5sec<\/p>\n<p class=\"p1\"><span style=\"text-decoration: underline;font-size: large\"><strong>13H<\/strong><\/span><\/p>\n<p class=\"p2\">Soulev\u00e9 de poids \u00e0 la poulie (10kg)<\/p>\n<p class=\"p3\">Epreuve num\u00e9ro 4<\/p>\n<p class=\"p2\">Dur\u00e9e : 1min<\/p>\n<p class=\"p2\">Points : 10pts\/ soulev\u00e9<\/p>\n<p>[\/et_pb_text][\/et_pb_column][et_pb_column type=\u00a0\u00bb1_3&Prime; _builder_version=\u00a0\u00bb4.27.4&Prime; _module_preset=\u00a0\u00bbdefault\u00a0\u00bb global_colors_info=\u00a0\u00bb{}\u00a0\u00bb][et_pb_image src=\u00a0\u00bbhttps:\/\/3sport2025.ppawebdesign.com\/a4\/wp-content\/uploads\/sites\/5\/2025\/12\/Capture-decran-2025-12-04-a-10.10.41.png\u00a0\u00bb title_text=\u00a0\u00bbCapture d\u2019e\u0301cran 2025-12-04 a\u0300 10.10.41&Prime; _builder_version=\u00a0\u00bb4.27.4&Prime; _module_preset=\u00a0\u00bbdefault\u00a0\u00bb width=\u00a0\u00bb100%\u00a0\u00bb max_width=\u00a0\u00bb100%\u00a0\u00bb height=\u00a0\u00bb380px\u00a0\u00bb global_colors_info=\u00a0\u00bb{}\u00a0\u00bb][\/et_pb_image][\/et_pb_column][\/et_pb_row][et_pb_row column_structure=\u00a0\u00bb3_4,1_4&Prime; _builder_version=\u00a0\u00bb4.27.4&Prime; _module_preset=\u00a0\u00bbdefault\u00a0\u00bb global_colors_info=\u00a0\u00bb{}\u00a0\u00bb][et_pb_column type=\u00a0\u00bb3_4&Prime; _builder_version=\u00a0\u00bb4.27.4&Prime; _module_preset=\u00a0\u00bbdefault\u00a0\u00bb global_colors_info=\u00a0\u00bb{}\u00a0\u00bb][et_pb_text _builder_version=\u00a0\u00bb4.27.4&Prime; _module_preset=\u00a0\u00bbdefault\u00a0\u00bb text_font=\u00a0\u00bbFira Sans||||||||\u00a0\u00bb text_orientation=\u00a0\u00bbcenter\u00a0\u00bb hover_enabled=\u00a0\u00bb0&Prime; global_colors_info=\u00a0\u00bb{}\u00a0\u00bb sticky_enabled=\u00a0\u00bb0&Prime;]<\/p>\n<p class=\"p1\"><span style=\"text-decoration: underline;font-size: large\"><strong>15H30<\/strong><\/span><\/p>\n<p class=\"p2\">Burpees<\/p>\n<p class=\"p3\">\u00c9preuve num\u00e9ro 5<\/p>\n<p class=\"p2\">Dur\u00e9e : 1min30<\/p>\n<p class=\"p2\">Points : 5 points par Burpees<\/p>\n<p>[\/et_pb_text][\/et_pb_column][et_pb_column type=\u00a0\u00bb1_4&Prime; _builder_version=\u00a0\u00bb4.27.4&Prime; _module_preset=\u00a0\u00bbdefault\u00a0\u00bb global_colors_info=\u00a0\u00bb{}\u00a0\u00bb][et_pb_image src=\u00a0\u00bbhttps:\/\/3sport2025.ppawebdesign.com\/a4\/wp-content\/uploads\/sites\/5\/2025\/12\/Capture-decran-2025-12-04-a-10.11.00.png\u00a0\u00bb title_text=\u00a0\u00bbCapture d\u2019e\u0301cran 2025-12-04 a\u0300 10.11.00&Prime; _builder_version=\u00a0\u00bb4.27.4&Prime; _module_preset=\u00a0\u00bbdefault\u00a0\u00bb width=\u00a0\u00bb100%\u00a0\u00bb global_colors_info=\u00a0\u00bb{}\u00a0\u00bb][\/et_pb_image][\/et_pb_column][\/et_pb_row][et_pb_row _builder_version=\u00a0\u00bb4.27.4&Prime; _module_preset=\u00a0\u00bbdefault\u00a0\u00bb global_colors_info=\u00a0\u00bb{}\u00a0\u00bb][et_pb_column type=\u00a0\u00bb4_4&Prime; _builder_version=\u00a0\u00bb4.27.4&Prime; _module_preset=\u00a0\u00bbdefault\u00a0\u00bb global_colors_info=\u00a0\u00bb{}\u00a0\u00bb][et_pb_button button_url=\u00a0\u00bbhttps:\/\/3sport2025.ppawebdesign.com\/a4\/inscription\/\u00a0\u00bb button_text=\u00a0\u00bbS&rsquo;INSCRIRE\u00a0\u00bb button_alignment=\u00a0\u00bbcenter\u00a0\u00bb _builder_version=\u00a0\u00bb4.27.4&Prime; _module_preset=\u00a0\u00bbdefault\u00a0\u00bb custom_button=\u00a0\u00bbon\u00a0\u00bb button_text_size=\u00a0\u00bb16px\u00a0\u00bb button_text_color=\u00a0\u00bb#3C6B28&Prime; button_border_width=\u00a0\u00bb2px\u00a0\u00bb button_border_radius=\u00a0\u00bb15px\u00a0\u00bb global_colors_info=\u00a0\u00bb{}\u00a0\u00bb][\/et_pb_button][et_pb_text _builder_version=\u00a0\u00bb4.27.4&Prime; _module_preset=\u00a0\u00bbdefault\u00a0\u00bb text_font=\u00a0\u00bbFira Sans||||||||\u00a0\u00bb global_colors_info=\u00a0\u00bb{}\u00a0\u00bb]<\/p>\n<h2 data-start=\"3602\" data-end=\"3646\"><strong data-start=\"3605\" data-end=\"3646\">Conseils pour r\u00e9ussir ton HYROX SSTEP<\/strong><\/h2>\n<ul data-start=\"3647\" data-end=\"3870\">\n<li data-start=\"3647\" data-end=\"3691\">\n<p data-start=\"3649\" data-end=\"3691\">Hydrate-toi avant et pendant l\u2019\u00e9v\u00e9nement<\/p>\n<\/li>\n<li data-start=\"3692\" data-end=\"3723\">\n<p data-start=\"3694\" data-end=\"3723\">Arrive 15 minutes en avance<\/p>\n<\/li>\n<li data-start=\"3724\" data-end=\"3759\">\n<p data-start=\"3726\" data-end=\"3759\">Prends des baskets confortables<\/p>\n<\/li>\n<li data-start=\"3760\" data-end=\"3814\">\n<p data-start=\"3762\" data-end=\"3814\">Ne te compare pas aux autres : avance \u00e0 ton rythme<\/p>\n<\/li>\n<li data-start=\"3815\" data-end=\"3870\">\n<p data-start=\"3817\" data-end=\"3870\">Profite de l\u2019ambiance et de la motivation du groupe<\/p>\n<\/li>\n<\/ul>\n<p>[\/et_pb_text][\/et_pb_column][\/et_pb_row][\/et_pb_section]<\/p>\n","protected":false},"excerpt":{"rendered":"<p>11h15 Jeux de fl\u00e9chettes \u00c9preuve num\u00e9ro 1 Dur\u00e9e : 3 tirs Points : 10 &#8211; 20 &#8211; 40 13H D\u00e9placer un poids (30kg) Epreuve num\u00e9ro 2 Dur\u00e9e : 1 A-R de 20m Points : +20sec \u2192 -10pts\/5sec13H Parcours avec sac (20kg) Epreuve num\u00e9ro 3 Dur\u00e9e : 1 tour Points : +20sec \u2192 -10pts\/5sec 13H Soulev\u00e9 [&hellip;]<\/p>\n","protected":false},"author":18,"featured_media":0,"parent":0,"menu_order":0,"comment_status":"closed","ping_status":"closed","template":"","meta":{"_et_pb_use_builder":"on","_et_pb_old_content":"<!-- wp:preformatted -->\n<pre class=\"wp-block-preformatted\"><\/pre>\n<!-- \/wp:preformatted -->","_et_gb_content_width":"","footnotes":""},"class_list":["post-20","page","type-page","status-publish","hentry"],"yoast_head":"<!-- This site is optimized with the Yoast SEO plugin v26.5 - https:\/\/yoast.com\/wordpress\/plugins\/seo\/ -->\n<title>Parcours &amp; \u00c9preuves - SSTEPAGENCY<\/title>\n<meta name=\"description\" content=\"11h15Jeux de fl\u00e9chettes\u00c9preuve num\u00e9ro 1Dur\u00e9e : 3 tirsPoints : 10 \u2013 20 \u2013 40\" \/>\n<meta name=\"robots\" content=\"index, follow, max-snippet:-1, max-image-preview:large, max-video-preview:-1\" \/>\n<link rel=\"canonical\" href=\"https:\/\/3sport2025.ppawebdesign.com\/a4\/parcours-epreuves\/\" \/>\n<meta property=\"og:locale\" content=\"fr_FR\" \/>\n<meta property=\"og:type\" content=\"article\" \/>\n<meta property=\"og:title\" content=\"Parcours &amp; \u00c9preuves - SSTEPAGENCY\" \/>\n<meta property=\"og:description\" content=\"11h15Jeux de fl\u00e9chettes\u00c9preuve num\u00e9ro 1Dur\u00e9e : 3 tirsPoints : 10 \u2013 20 \u2013 40\" \/>\n<meta property=\"og:url\" content=\"https:\/\/3sport2025.ppawebdesign.com\/a4\/parcours-epreuves\/\" \/>\n<meta property=\"og:site_name\" content=\"SSTEPAGENCY\" \/>\n<meta property=\"article:modified_time\" content=\"2025-12-04T15:06:26+00:00\" \/>\n<meta name=\"twitter:card\" content=\"summary_large_image\" \/>\n<meta name=\"twitter:label1\" content=\"Dur\u00e9e de lecture estim\u00e9e\" \/>\n\t<meta name=\"twitter:data1\" content=\"2 minutes\" \/>\n<script type=\"application\/ld+json\" class=\"yoast-schema-graph\">{\"@context\":\"https:\/\/schema.org\",\"@graph\":[{\"@type\":\"WebPage\",\"@id\":\"https:\/\/3sport2025.ppawebdesign.com\/a4\/parcours-epreuves\/\",\"url\":\"https:\/\/3sport2025.ppawebdesign.com\/a4\/parcours-epreuves\/\",\"name\":\"Parcours & \u00c9preuves - SSTEPAGENCY\",\"isPartOf\":{\"@id\":\"https:\/\/3sport2025.ppawebdesign.com\/a4\/#website\"},\"datePublished\":\"2025-12-02T09:41:55+00:00\",\"dateModified\":\"2025-12-04T15:06:26+00:00\",\"description\":\"11h15Jeux de fl\u00e9chettes\u00c9preuve num\u00e9ro 1Dur\u00e9e : 3 tirsPoints : 10 \u2013 20 \u2013 40\",\"breadcrumb\":{\"@id\":\"https:\/\/3sport2025.ppawebdesign.com\/a4\/parcours-epreuves\/#breadcrumb\"},\"inLanguage\":\"fr-FR\",\"potentialAction\":[{\"@type\":\"ReadAction\",\"target\":[\"https:\/\/3sport2025.ppawebdesign.com\/a4\/parcours-epreuves\/\"]}]},{\"@type\":\"BreadcrumbList\",\"@id\":\"https:\/\/3sport2025.ppawebdesign.com\/a4\/parcours-epreuves\/#breadcrumb\",\"itemListElement\":[{\"@type\":\"ListItem\",\"position\":1,\"name\":\"Accueil\",\"item\":\"https:\/\/3sport2025.ppawebdesign.com\/a4\/\"},{\"@type\":\"ListItem\",\"position\":2,\"name\":\"Parcours &amp; \u00c9preuves\"}]},{\"@type\":\"WebSite\",\"@id\":\"https:\/\/3sport2025.ppawebdesign.com\/a4\/#website\",\"url\":\"https:\/\/3sport2025.ppawebdesign.com\/a4\/\",\"name\":\"SSTEPAGENCY\",\"description\":\"step by step, do it different\",\"potentialAction\":[{\"@type\":\"SearchAction\",\"target\":{\"@type\":\"EntryPoint\",\"urlTemplate\":\"https:\/\/3sport2025.ppawebdesign.com\/a4\/?s={search_term_string}\"},\"query-input\":{\"@type\":\"PropertyValueSpecification\",\"valueRequired\":true,\"valueName\":\"search_term_string\"}}],\"inLanguage\":\"fr-FR\"}]}<\/script>\n<!-- \/ Yoast SEO plugin. -->","yoast_head_json":{"title":"Parcours & \u00c9preuves - SSTEPAGENCY","description":"11h15Jeux de fl\u00e9chettes\u00c9preuve num\u00e9ro 1Dur\u00e9e : 3 tirsPoints : 10 \u2013 20 \u2013 40","robots":{"index":"index","follow":"follow","max-snippet":"max-snippet:-1","max-image-preview":"max-image-preview:large","max-video-preview":"max-video-preview:-1"},"canonical":"https:\/\/3sport2025.ppawebdesign.com\/a4\/parcours-epreuves\/","og_locale":"fr_FR","og_type":"article","og_title":"Parcours & \u00c9preuves - SSTEPAGENCY","og_description":"11h15Jeux de fl\u00e9chettes\u00c9preuve num\u00e9ro 1Dur\u00e9e : 3 tirsPoints : 10 \u2013 20 \u2013 40","og_url":"https:\/\/3sport2025.ppawebdesign.com\/a4\/parcours-epreuves\/","og_site_name":"SSTEPAGENCY","article_modified_time":"2025-12-04T15:06:26+00:00","twitter_card":"summary_large_image","twitter_misc":{"Dur\u00e9e de lecture estim\u00e9e":"2 minutes"},"schema":{"@context":"https:\/\/schema.org","@graph":[{"@type":"WebPage","@id":"https:\/\/3sport2025.ppawebdesign.com\/a4\/parcours-epreuves\/","url":"https:\/\/3sport2025.ppawebdesign.com\/a4\/parcours-epreuves\/","name":"Parcours & \u00c9preuves - SSTEPAGENCY","isPartOf":{"@id":"https:\/\/3sport2025.ppawebdesign.com\/a4\/#website"},"datePublished":"2025-12-02T09:41:55+00:00","dateModified":"2025-12-04T15:06:26+00:00","description":"11h15Jeux de fl\u00e9chettes\u00c9preuve num\u00e9ro 1Dur\u00e9e : 3 tirsPoints : 10 \u2013 20 \u2013 40","breadcrumb":{"@id":"https:\/\/3sport2025.ppawebdesign.com\/a4\/parcours-epreuves\/#breadcrumb"},"inLanguage":"fr-FR","potentialAction":[{"@type":"ReadAction","target":["https:\/\/3sport2025.ppawebdesign.com\/a4\/parcours-epreuves\/"]}]},{"@type":"BreadcrumbList","@id":"https:\/\/3sport2025.ppawebdesign.com\/a4\/parcours-epreuves\/#breadcrumb","itemListElement":[{"@type":"ListItem","position":1,"name":"Accueil","item":"https:\/\/3sport2025.ppawebdesign.com\/a4\/"},{"@type":"ListItem","position":2,"name":"Parcours &amp; \u00c9preuves"}]},{"@type":"WebSite","@id":"https:\/\/3sport2025.ppawebdesign.com\/a4\/#website","url":"https:\/\/3sport2025.ppawebdesign.com\/a4\/","name":"SSTEPAGENCY","description":"step by step, do it different","potentialAction":[{"@type":"SearchAction","target":{"@type":"EntryPoint","urlTemplate":"https:\/\/3sport2025.ppawebdesign.com\/a4\/?s={search_term_string}"},"query-input":{"@type":"PropertyValueSpecification","valueRequired":true,"valueName":"search_term_string"}}],"inLanguage":"fr-FR"}]}},"_links":{"self":[{"href":"https:\/\/3sport2025.ppawebdesign.com\/a4\/wp-json\/wp\/v2\/pages\/20","targetHints":{"allow":["GET"]}}],"collection":[{"href":"https:\/\/3sport2025.ppawebdesign.com\/a4\/wp-json\/wp\/v2\/pages"}],"about":[{"href":"https:\/\/3sport2025.ppawebdesign.com\/a4\/wp-json\/wp\/v2\/types\/page"}],"author":[{"embeddable":true,"href":"https:\/\/3sport2025.ppawebdesign.com\/a4\/wp-json\/wp\/v2\/users\/18"}],"replies":[{"embeddable":true,"href":"https:\/\/3sport2025.ppawebdesign.com\/a4\/wp-json\/wp\/v2\/comments?post=20"}],"version-history":[{"count":17,"href":"https:\/\/3sport2025.ppawebdesign.com\/a4\/wp-json\/wp\/v2\/pages\/20\/revisions"}],"predecessor-version":[{"id":249,"href":"https:\/\/3sport2025.ppawebdesign.com\/a4\/wp-json\/wp\/v2\/pages\/20\/revisions\/249"}],"wp:attachment":[{"href":"https:\/\/3sport2025.ppawebdesign.com\/a4\/wp-json\/wp\/v2\/media?parent=20"}],"curies":[{"name":"wp","href":"https:\/\/api.w.org\/{rel}","templated":true}]}}