{"id":22,"date":"2025-12-02T10:42:12","date_gmt":"2025-12-02T09:42:12","guid":{"rendered":"https:\/\/3sport2025.ppawebdesign.com\/a4\/?page_id=22"},"modified":"2025-12-04T14:58:47","modified_gmt":"2025-12-04T13:58:47","slug":"infos-pratiques-lieu-adresse-materiel","status":"publish","type":"page","link":"https:\/\/3sport2025.ppawebdesign.com\/a4\/infos-pratiques-lieu-adresse-materiel\/","title":{"rendered":"Infos Pratiques"},"content":{"rendered":"<p>[et_pb_section fb_built=\u00a0\u00bb1&Prime; _builder_version=\u00a0\u00bb4.27.4&Prime; _module_preset=\u00a0\u00bbdefault\u00a0\u00bb background_color=\u00a0\u00bb#3C6B28&Prime; global_colors_info=\u00a0\u00bb{}\u00a0\u00bb][et_pb_row _builder_version=\u00a0\u00bb4.27.4&Prime; _module_preset=\u00a0\u00bbdefault\u00a0\u00bb global_colors_info=\u00a0\u00bb{}\u00a0\u00bb][et_pb_column type=\u00a0\u00bb4_4&Prime; _builder_version=\u00a0\u00bb4.27.4&Prime; _module_preset=\u00a0\u00bbdefault\u00a0\u00bb global_colors_info=\u00a0\u00bb{}\u00a0\u00bb][et_pb_post_title meta=\u00a0\u00bboff\u00a0\u00bb featured_image=\u00a0\u00bboff\u00a0\u00bb _builder_version=\u00a0\u00bb4.27.4&Prime; _module_preset=\u00a0\u00bbdefault\u00a0\u00bb title_font=\u00a0\u00bbFjalla One||||||||\u00a0\u00bb title_font_size=\u00a0\u00bb50px\u00a0\u00bb text_orientation=\u00a0\u00bbcenter\u00a0\u00bb hover_enabled=\u00a0\u00bb0&Prime; global_colors_info=\u00a0\u00bb{}\u00a0\u00bb sticky_enabled=\u00a0\u00bb0&Prime;][\/et_pb_post_title][\/et_pb_column][\/et_pb_row][et_pb_row column_structure=\u00a0\u00bb2_5,3_5&Prime; _builder_version=\u00a0\u00bb4.27.4&Prime; _module_preset=\u00a0\u00bbdefault\u00a0\u00bb global_colors_info=\u00a0\u00bb{}\u00a0\u00bb][et_pb_column type=\u00a0\u00bb2_5&Prime; _builder_version=\u00a0\u00bb4.27.4&Prime; _module_preset=\u00a0\u00bbdefault\u00a0\u00bb global_colors_info=\u00a0\u00bb{}\u00a0\u00bb][et_pb_text _builder_version=\u00a0\u00bb4.27.4&Prime; _module_preset=\u00a0\u00bbdefault\u00a0\u00bb text_font=\u00a0\u00bbFira Sans||||||||\u00a0\u00bb text_text_color=\u00a0\u00bb#FFFFFF\u00a0\u00bb global_colors_info=\u00a0\u00bb{}\u00a0\u00bb]<\/p>\n<h2 data-start=\"3958\" data-end=\"3982\"><strong data-start=\"3961\" data-end=\"3982\">\ud83d\udcc5 Date &amp; horaire<\/strong><\/h2>\n<p data-start=\"3983\" data-end=\"4028\"><strong data-start=\"3983\" data-end=\"4008\">Mardi 9 d\u00e9cembre 2025<\/strong><br data-start=\"4008\" data-end=\"4011\" \/><strong data-start=\"4011\" data-end=\"4028\">11h15 \u2013 17h15<\/strong><\/p>\n<h2 data-start=\"4035\" data-end=\"4049\"><strong data-start=\"4038\" data-end=\"4049\">\ud83d\udccd Lieu<\/strong><\/h2>\n<p data-start=\"4050\" data-end=\"4142\"><i>Campus PPA Montsuouris\u00a0 \u00a0 \u00a0 \u00a0 \u00a0 \u00a0 \u00a0 \u00a0 \u00a0 \u00a0 \u00a0 \u00a0 \u00a0 \u00a0 \u00a0 \u00a0 \u00a0 \u00a0 \u00a0 \u00a0 \u00a0 \u00a0 \u00a0 \u00a0 \u00a0 \u00a0 \u00a0 \u00a0 \u00a0 \u00a0 \u00a0 \u00a0 \u00a0 <\/i><i style=\"font-size: 14px\">33 rue de l&rsquo;amiral mouchez 75014 Paris\u00a0<\/i><\/p>\n<h2 data-start=\"4149\" data-end=\"4178\"><strong data-start=\"4152\" data-end=\"4178\"><\/strong><\/h2>\n<h2 data-start=\"4149\" data-end=\"4178\"><strong data-start=\"4152\" data-end=\"4178\">\ud83c\udf92 Mat\u00e9riel n\u00e9cessaire<\/strong><\/h2>\n<ul data-start=\"4179\" data-end=\"4253\">\n<li data-start=\"4179\" data-end=\"4197\">\n<p data-start=\"4181\" data-end=\"4197\">Tenue de sport<\/p>\n<\/li>\n<li data-start=\"4198\" data-end=\"4209\">\n<p data-start=\"4200\" data-end=\"4209\">Baskets<\/p>\n<\/li>\n<li data-start=\"4210\" data-end=\"4229\">\n<p data-start=\"4212\" data-end=\"4229\">Bouteille d\u2019eau<\/p>\n<\/li>\n<li data-start=\"4230\" data-end=\"4253\">\n<p data-start=\"4232\" data-end=\"4253\">Serviette (optionnel)<\/p>\n<\/li>\n<\/ul>\n<h2 data-start=\"4260\" data-end=\"4292\"><strong data-start=\"4263\" data-end=\"4292\">\ud83d\udd12 S\u00e9curit\u00e9 &amp; encadrement<\/strong><\/h2>\n<ul data-start=\"4293\" data-end=\"4457\">\n<li data-start=\"4293\" data-end=\"4333\">\n<p data-start=\"4295\" data-end=\"4333\">Briefing obligatoire avant le d\u00e9part<\/p>\n<\/li>\n<li data-start=\"4334\" data-end=\"4376\">\n<p data-start=\"4336\" data-end=\"4376\">Staff pr\u00e9sent tout au long du parcours<\/p>\n<\/li>\n<li data-start=\"4377\" data-end=\"4417\">\n<p data-start=\"4379\" data-end=\"4417\">Exercices adaptables selon le niveau<\/p>\n<\/li>\n<li data-start=\"4418\" data-end=\"4457\">\n<p data-start=\"4420\" data-end=\"4457\">S\u00e9curit\u00e9 et bienveillance garanties<\/p>\n<\/li>\n<\/ul>\n<p>[\/et_pb_text][\/et_pb_column][et_pb_column type=\u00a0\u00bb3_5&Prime; _builder_version=\u00a0\u00bb4.27.4&Prime; _module_preset=\u00a0\u00bbdefault\u00a0\u00bb global_colors_info=\u00a0\u00bb{}\u00a0\u00bb][et_pb_map address=\u00a0\u00bb33 rue de l&rsquo;amiral mouchez \u00a0\u00bb _builder_version=\u00a0\u00bb4.27.4&Prime; _module_preset=\u00a0\u00bbdefault\u00a0\u00bb link_option_url=\u00a0\u00bbhttps:\/\/www.google.com\/maps\/place\/PPA+SPORT\/@48.8243214,2.3411786,16z\/data=!3m1!4b1!4m6!3m5!1s0x47e671a296c7c295:0xff4f6583971042eb!8m2!3d48.8243214!4d2.3411786!16s%2Fg%2F11jgdf3ss6?entry=ttu&amp;g_ep=EgoyMDI1MTEzMC4wIKXMDSoASAFQAw%3D%3D\u00a0\u00bb global_colors_info=\u00a0\u00bb{}\u00a0\u00bb][\/et_pb_map][\/et_pb_column][\/et_pb_row][et_pb_row _builder_version=\u00a0\u00bb4.27.4&Prime; _module_preset=\u00a0\u00bbdefault\u00a0\u00bb global_colors_info=\u00a0\u00bb{}\u00a0\u00bb][et_pb_column type=\u00a0\u00bb4_4&Prime; _builder_version=\u00a0\u00bb4.27.4&Prime; _module_preset=\u00a0\u00bbdefault\u00a0\u00bb global_colors_info=\u00a0\u00bb{}\u00a0\u00bb][et_pb_text _builder_version=\u00a0\u00bb4.27.4&Prime; _module_preset=\u00a0\u00bbdefault\u00a0\u00bb text_font=\u00a0\u00bbFjalla One||||||||\u00a0\u00bb text_text_color=\u00a0\u00bb#000000&Prime; text_font_size=\u00a0\u00bb50px\u00a0\u00bb text_orientation=\u00a0\u00bbcenter\u00a0\u00bb global_colors_info=\u00a0\u00bb{}\u00a0\u00bb]<\/p>\n<p>Notre \u00e9quipe<\/p>\n<p>[\/et_pb_text][\/et_pb_column][\/et_pb_row][et_pb_row column_structure=\u00a0\u00bb1_2,1_2&Prime; _builder_version=\u00a0\u00bb4.27.4&Prime; _module_preset=\u00a0\u00bbdefault\u00a0\u00bb global_colors_info=\u00a0\u00bb{}\u00a0\u00bb][et_pb_column type=\u00a0\u00bb1_2&Prime; _builder_version=\u00a0\u00bb4.27.4&Prime; _module_preset=\u00a0\u00bbdefault\u00a0\u00bb global_colors_info=\u00a0\u00bb{}\u00a0\u00bb][et_pb_team_member name=\u00a0\u00bbNathan GINGA\u00a0\u00bb position=\u00a0\u00bbResponsable Contenu Event &amp; Animation\u00a0\u00bb image_url=\u00a0\u00bbhttps:\/\/3sport2025.ppawebdesign.com\/a4\/wp-content\/uploads\/sites\/5\/2025\/12\/IMG_1956.jpg\u00a0\u00bb _builder_version=\u00a0\u00bb4.27.4&Prime; _module_preset=\u00a0\u00bbdefault\u00a0\u00bb header_font=\u00a0\u00bbFjalla One|||on|||||\u00a0\u00bb body_font=\u00a0\u00bbFira Sans||||||||\u00a0\u00bb body_text_color=\u00a0\u00bb#FFFFFF\u00a0\u00bb global_colors_info=\u00a0\u00bb{}\u00a0\u00bb]<\/p>\n<p>\u00ab\u00a0Mon r\u00f4le est de r\u00e9fl\u00e9chir, confectionner et de mettre en place les \u00e9v\u00e9nements qui seront proposer par notre agence, ainsi que le choix \u00a0 \u00a0 \u00a0 \u00a0 \u00a0 des animations propos\u00e9s pendant ceux-ci.\u00a0\u00bb<\/p>\n<p>[\/et_pb_team_member][\/et_pb_column][et_pb_column type=\u00a0\u00bb1_2&Prime; _builder_version=\u00a0\u00bb4.27.4&Prime; _module_preset=\u00a0\u00bbdefault\u00a0\u00bb global_colors_info=\u00a0\u00bb{}\u00a0\u00bb][et_pb_team_member name=\u00a0\u00bbMathis TOUYA\u00a0\u00bb position=\u00a0\u00bbResponsable Administratif &amp; Financier\u00a0\u00bb image_url=\u00a0\u00bbhttps:\/\/3sport2025.ppawebdesign.com\/a4\/wp-content\/uploads\/sites\/5\/2025\/12\/IMG_1955.jpg\u00a0\u00bb _builder_version=\u00a0\u00bb4.27.4&Prime; _module_preset=\u00a0\u00bbdefault\u00a0\u00bb header_font=\u00a0\u00bbFjalla One||||||||\u00a0\u00bb body_font=\u00a0\u00bbFira Sans||||||||\u00a0\u00bb body_text_color=\u00a0\u00bb#FFFFFF\u00a0\u00bb global_colors_info=\u00a0\u00bb{}\u00a0\u00bb]<\/p>\n<p>\u00ab\u00a0Je suis en charge de l&rsquo;administration et de la gestion des finances de l&rsquo;\u00e9v\u00e9nement. Mon r\u00f4le est d&rsquo;assurer et de suivre un budget ainsi que les ressources humaines.\u00a0\u00bb<\/p>\n<p>[\/et_pb_team_member][\/et_pb_column][\/et_pb_row][et_pb_row column_structure=\u00a0\u00bb1_2,1_2&Prime; _builder_version=\u00a0\u00bb4.27.4&Prime; _module_preset=\u00a0\u00bbdefault\u00a0\u00bb global_colors_info=\u00a0\u00bb{}\u00a0\u00bb][et_pb_column type=\u00a0\u00bb1_2&Prime; _builder_version=\u00a0\u00bb4.27.4&Prime; _module_preset=\u00a0\u00bbdefault\u00a0\u00bb global_colors_info=\u00a0\u00bb{}\u00a0\u00bb][et_pb_team_member name=\u00a0\u00bbNoa POPOTTE\u00a0\u00bb position=\u00a0\u00bbResponsable Strat\u00e9gique Logistique &amp; Technique\u00a0\u00bb image_url=\u00a0\u00bbhttps:\/\/3sport2025.ppawebdesign.com\/a4\/wp-content\/uploads\/sites\/5\/2025\/12\/IMG_6271.jpg\u00a0\u00bb _builder_version=\u00a0\u00bb4.27.4&Prime; _module_preset=\u00a0\u00bbdefault\u00a0\u00bb header_font=\u00a0\u00bbFjalla One||||||||\u00a0\u00bb body_font=\u00a0\u00bbFira Sans||||||||\u00a0\u00bb global_colors_info=\u00a0\u00bb{}\u00a0\u00bb]<\/p>\n<p><span style=\"color: #ffffff\">\u00ab\u00a0Je serais charg\u00e9 de bien identifier les diff\u00e9rents type de besoins en terme de mat\u00e9riels, mobiliers et \u00e9quipements techniques, afin d&rsquo;\u00e9viter tout impr\u00e9vu.\u00a0\u00bb<\/span><\/p>\n<p>[\/et_pb_team_member][\/et_pb_column][et_pb_column type=\u00a0\u00bb1_2&Prime; _builder_version=\u00a0\u00bb4.27.4&Prime; _module_preset=\u00a0\u00bbdefault\u00a0\u00bb global_colors_info=\u00a0\u00bb{}\u00a0\u00bb][et_pb_team_member name=\u00a0\u00bbMatteo INSOGNA\u00a0\u00bb position=\u00a0\u00bbResponsable Op\u00e9rationnel Logistique &amp; Technique\u00a0\u00bb image_url=\u00a0\u00bbhttps:\/\/3sport2025.ppawebdesign.com\/a4\/wp-content\/uploads\/sites\/5\/2025\/12\/IMG_1954.jpg\u00a0\u00bb _builder_version=\u00a0\u00bb4.27.4&Prime; _module_preset=\u00a0\u00bbdefault\u00a0\u00bb header_font=\u00a0\u00bbFjalla One||||||||\u00a0\u00bb body_font=\u00a0\u00bbFira Sans||||||||\u00a0\u00bb global_colors_info=\u00a0\u00bb{}\u00a0\u00bb]<\/p>\n<p><span style=\"color: #ffffff\">\u00ab\u00a0Mon objectif sera de g\u00e9rer l&rsquo;accueil et la gestion du flux des spectateurs d\u00e8s le d\u00e9but de l&rsquo;\u00e9v\u00e9nement afin de proposer une exp\u00e9rience spectateur qualitative et la bonne gestion du transport du mat\u00e9riel.\u00a0\u00bb<\/span><\/p>\n<p>[\/et_pb_team_member][\/et_pb_column][\/et_pb_row][et_pb_row column_structure=\u00a0\u00bb1_2,1_2&Prime; _builder_version=\u00a0\u00bb4.27.4&Prime; _module_preset=\u00a0\u00bbdefault\u00a0\u00bb global_colors_info=\u00a0\u00bb{}\u00a0\u00bb][et_pb_column type=\u00a0\u00bb1_2&Prime; _builder_version=\u00a0\u00bb4.27.4&Prime; _module_preset=\u00a0\u00bbdefault\u00a0\u00bb global_colors_info=\u00a0\u00bb{}\u00a0\u00bb][et_pb_team_member name=\u00a0\u00bbKarim OUELHAZI\u00a0\u00bb position=\u00a0\u00bbCommercial \u00a0\u00bb image_url=\u00a0\u00bbhttps:\/\/3sport2025.ppawebdesign.com\/a4\/wp-content\/uploads\/sites\/5\/2025\/12\/IMG_1953.jpg\u00a0\u00bb _builder_version=\u00a0\u00bb4.27.4&Prime; _module_preset=\u00a0\u00bbdefault\u00a0\u00bb header_font=\u00a0\u00bbFjalla One||||||||\u00a0\u00bb body_font=\u00a0\u00bbFira Sans||||||||\u00a0\u00bb custom_padding=\u00a0\u00bb|||0px||\u00a0\u00bb global_colors_info=\u00a0\u00bb{}\u00a0\u00bb]<\/p>\n<p><span style=\"color: #f9f9f9\">\u00a0\u00bb Lors de l&rsquo;\u00e9v\u00e9nement vous me retrouverez au pr\u00e8s de nos dif<span style=\"color: #ffffff\">f\u00e9rents sponsor<\/span><\/span><span style=\"color: #ffffff\">s. je serais aussi en charge de la billetterie ainsi que du merchandising\u00a0\u00bb<\/span><\/p>\n<p>[\/et_pb_team_member][\/et_pb_column][et_pb_column type=\u00a0\u00bb1_2&Prime; _builder_version=\u00a0\u00bb4.27.4&Prime; _module_preset=\u00a0\u00bbdefault\u00a0\u00bb global_colors_info=\u00a0\u00bb{}\u00a0\u00bb][et_pb_team_member name=\u00a0\u00bbAntoine MARIE\u00a0\u00bb position=\u00a0\u00bbResponsable Communication\u00a0\u00bb image_url=\u00a0\u00bbhttps:\/\/3sport2025.ppawebdesign.com\/a4\/wp-content\/uploads\/sites\/5\/2025\/12\/IMG_1957.jpg\u00a0\u00bb _builder_version=\u00a0\u00bb4.27.4&Prime; _module_preset=\u00a0\u00bbdefault\u00a0\u00bb header_font=\u00a0\u00bbFjalla One||||||||\u00a0\u00bb body_font=\u00a0\u00bbFira Sans||||||||\u00a0\u00bb global_colors_info=\u00a0\u00bb{}\u00a0\u00bb]<\/p>\n<p><span style=\"color: #f9f9f9\">\u00ab\u00a0Mon r\u00f4le sera de g\u00e9rer les r\u00e9seaux sociaux de l&rsquo;agence, promouvoir l&rsquo;\u00e9v\u00e9nement via les diff\u00e9rents canaux de communication ainsi que les relations presse.\u00a0\u00bb<\/span><\/p>\n<p>[\/et_pb_team_member][\/et_pb_column][\/et_pb_row][et_pb_row _builder_version=\u00a0\u00bb4.27.4&Prime; _module_preset=\u00a0\u00bbdefault\u00a0\u00bb][et_pb_column _builder_version=\u00a0\u00bb4.27.4&Prime; _module_preset=\u00a0\u00bbdefault\u00a0\u00bb type=\u00a0\u00bb4_4&Prime;][et_pb_button button_text=\u00a0\u00bbRejoignez nous\u00a0\u00bb _builder_version=\u00a0\u00bb4.27.4&Prime; _module_preset=\u00a0\u00bbdefault\u00a0\u00bb button_url=\u00a0\u00bbmailto:hyroxsstep@gmail.com\u00a0\u00bb custom_button=\u00a0\u00bbon\u00a0\u00bb button_text_color=\u00a0\u00bb#F1FF46&Prime; button_border_radius=\u00a0\u00bb15px\u00a0\u00bb button_alignment=\u00a0\u00bbcenter\u00a0\u00bb hover_enabled=\u00a0\u00bb0&Prime; sticky_enabled=\u00a0\u00bb0&Prime;][\/et_pb_button][\/et_pb_column][\/et_pb_row][\/et_pb_section][et_pb_section fb_built=\u00a0\u00bb1&Prime; _builder_version=\u00a0\u00bb4.27.4&Prime; _module_preset=\u00a0\u00bbdefault\u00a0\u00bb background_color=\u00a0\u00bb#F1FF46&Prime; hover_enabled=\u00a0\u00bb0&Prime; global_colors_info=\u00a0\u00bb{}\u00a0\u00bb sticky_enabled=\u00a0\u00bb0&Prime;][et_pb_row _builder_version=\u00a0\u00bb4.27.4&Prime; _module_preset=\u00a0\u00bbdefault\u00a0\u00bb global_colors_info=\u00a0\u00bb{}\u00a0\u00bb][et_pb_column type=\u00a0\u00bb4_4&Prime; _builder_version=\u00a0\u00bb4.27.4&Prime; _module_preset=\u00a0\u00bbdefault\u00a0\u00bb global_colors_info=\u00a0\u00bb{}\u00a0\u00bb][et_pb_text _builder_version=\u00a0\u00bb4.27.4&Prime; _module_preset=\u00a0\u00bbdefault\u00a0\u00bb text_font=\u00a0\u00bbFira Sans||||||||\u00a0\u00bb text_text_color=\u00a0\u00bb#000000&Prime; hover_enabled=\u00a0\u00bb0&Prime; global_colors_info=\u00a0\u00bb{}\u00a0\u00bb sticky_enabled=\u00a0\u00bb0&Prime;]<\/p>\n<h2 data-start=\"4464\" data-end=\"4474\"><span style=\"color: #3c6b28\"><strong data-start=\"4467\" data-end=\"4474\">FAQ<\/strong><\/span><\/h2>\n<h3 data-start=\"4476\" data-end=\"4510\"><span style=\"color: #3c6b28\">\u2022 Est-ce que c\u2019est difficile ?<\/span><\/h3>\n<p data-start=\"4511\" data-end=\"4583\">Non. Le parcours est <strong data-start=\"4532\" data-end=\"4561\">adapt\u00e9 \u00e0 tous les niveaux<\/strong>, y compris d\u00e9butants.<\/p>\n<h3 data-start=\"4585\" data-end=\"4631\"><span style=\"color: #3c6b28\">\u2022 Est-ce que je peux venir avec mes amis ?<\/span><\/h3>\n<p data-start=\"4632\" data-end=\"4692\">Oui, bien s\u00fbr. Ils peuvent participer ou venir t\u2019encourager.<\/p>\n<h3 data-start=\"4694\" data-end=\"4715\"><span style=\"color: #3c6b28\">\u2022 Faut-il payer ?<\/span><\/h3>\n<p data-start=\"4716\" data-end=\"4760\">Non. <strong data-start=\"4721\" data-end=\"4760\">L\u2019\u00e9v\u00e9nement est totalement gratuit.<\/strong><\/p>\n<h3 data-start=\"4762\" data-end=\"4799\"><span style=\"color: #3c6b28\">\u2022 Quelle dur\u00e9e dure le parcours ?<\/span><\/h3>\n<p data-start=\"4800\" data-end=\"4840\">Entre 20 et 30 minutes selon ton rythme.<\/p>\n<p>[\/et_pb_text][et_pb_button button_url=\u00a0\u00bbhttps:\/\/3sport2025.ppawebdesign.com\/a4\/inscription\/\u00a0\u00bb button_text=\u00a0\u00bbS&rsquo;INSCRIRE\u00a0\u00bb button_alignment=\u00a0\u00bbcenter\u00a0\u00bb _builder_version=\u00a0\u00bb4.27.4&Prime; _module_preset=\u00a0\u00bbdefault\u00a0\u00bb custom_button=\u00a0\u00bbon\u00a0\u00bb button_text_size=\u00a0\u00bb15px\u00a0\u00bb button_text_color=\u00a0\u00bb#3C6B28&Prime; button_border_width=\u00a0\u00bb2px\u00a0\u00bb button_border_radius=\u00a0\u00bb15px\u00a0\u00bb button_font=\u00a0\u00bbFira Sans||||||||\u00a0\u00bb hover_enabled=\u00a0\u00bb0&Prime; global_colors_info=\u00a0\u00bb{}\u00a0\u00bb sticky_enabled=\u00a0\u00bb0&Prime;][\/et_pb_button][\/et_pb_column][\/et_pb_row][\/et_pb_section]<\/p>\n","protected":false},"excerpt":{"rendered":"<p>\ud83d\udcc5 Date &amp; horaire Mardi 9 d\u00e9cembre 202511h15 \u2013 17h15 \ud83d\udccd Lieu Campus PPA Montsuouris\u00a0 \u00a0 \u00a0 \u00a0 \u00a0 \u00a0 \u00a0 \u00a0 \u00a0 \u00a0 \u00a0 \u00a0 \u00a0 \u00a0 \u00a0 \u00a0 \u00a0 \u00a0 \u00a0 \u00a0 \u00a0 \u00a0 \u00a0 \u00a0 \u00a0 \u00a0 \u00a0 \u00a0 \u00a0 \u00a0 \u00a0 \u00a0 \u00a0 33 rue de l&rsquo;amiral mouchez 75014 Paris\u00a0 \ud83c\udf92 [&hellip;]<\/p>\n","protected":false},"author":18,"featured_media":0,"parent":0,"menu_order":0,"comment_status":"closed","ping_status":"closed","template":"","meta":{"_et_pb_use_builder":"on","_et_pb_old_content":"","_et_gb_content_width":"","footnotes":""},"class_list":["post-22","page","type-page","status-publish","hentry"],"yoast_head":"<!-- This site is optimized with the Yoast SEO plugin v26.5 - https:\/\/yoast.com\/wordpress\/plugins\/seo\/ -->\n<title>Infos Pratiques - SSTEPAGENCY<\/title>\n<meta name=\"description\" content=\"\ud83d\udcc5 Date &amp; horaireMardi 9 d\u00e9cembre 202511h15 \u2013 17h15. \ud83d\udccd LieuCampus PPA Montsuouris 33 rue de l\u2019amiral mouchez 75014 Paris\" \/>\n<meta name=\"robots\" content=\"index, follow, max-snippet:-1, max-image-preview:large, max-video-preview:-1\" \/>\n<link rel=\"canonical\" href=\"https:\/\/3sport2025.ppawebdesign.com\/a4\/infos-pratiques-lieu-adresse-materiel\/\" \/>\n<meta property=\"og:locale\" content=\"fr_FR\" \/>\n<meta property=\"og:type\" content=\"article\" \/>\n<meta property=\"og:title\" content=\"Infos Pratiques - SSTEPAGENCY\" \/>\n<meta property=\"og:description\" content=\"\ud83d\udcc5 Date &amp; horaireMardi 9 d\u00e9cembre 202511h15 \u2013 17h15. \ud83d\udccd LieuCampus PPA Montsuouris 33 rue de l\u2019amiral mouchez 75014 Paris\" \/>\n<meta property=\"og:url\" content=\"https:\/\/3sport2025.ppawebdesign.com\/a4\/infos-pratiques-lieu-adresse-materiel\/\" \/>\n<meta property=\"og:site_name\" content=\"SSTEPAGENCY\" \/>\n<meta property=\"article:modified_time\" content=\"2025-12-04T13:58:47+00:00\" \/>\n<meta name=\"twitter:card\" content=\"summary_large_image\" \/>\n<meta name=\"twitter:label1\" content=\"Dur\u00e9e de lecture estim\u00e9e\" \/>\n\t<meta name=\"twitter:data1\" content=\"3 minutes\" \/>\n<script type=\"application\/ld+json\" class=\"yoast-schema-graph\">{\"@context\":\"https:\/\/schema.org\",\"@graph\":[{\"@type\":\"WebPage\",\"@id\":\"https:\/\/3sport2025.ppawebdesign.com\/a4\/infos-pratiques-lieu-adresse-materiel\/\",\"url\":\"https:\/\/3sport2025.ppawebdesign.com\/a4\/infos-pratiques-lieu-adresse-materiel\/\",\"name\":\"Infos Pratiques - SSTEPAGENCY\",\"isPartOf\":{\"@id\":\"https:\/\/3sport2025.ppawebdesign.com\/a4\/#website\"},\"datePublished\":\"2025-12-02T09:42:12+00:00\",\"dateModified\":\"2025-12-04T13:58:47+00:00\",\"description\":\"\ud83d\udcc5 Date & horaireMardi 9 d\u00e9cembre 202511h15 \u2013 17h15. \ud83d\udccd LieuCampus PPA Montsuouris 33 rue de l\u2019amiral mouchez 75014 Paris\",\"breadcrumb\":{\"@id\":\"https:\/\/3sport2025.ppawebdesign.com\/a4\/infos-pratiques-lieu-adresse-materiel\/#breadcrumb\"},\"inLanguage\":\"fr-FR\",\"potentialAction\":[{\"@type\":\"ReadAction\",\"target\":[\"https:\/\/3sport2025.ppawebdesign.com\/a4\/infos-pratiques-lieu-adresse-materiel\/\"]}]},{\"@type\":\"BreadcrumbList\",\"@id\":\"https:\/\/3sport2025.ppawebdesign.com\/a4\/infos-pratiques-lieu-adresse-materiel\/#breadcrumb\",\"itemListElement\":[{\"@type\":\"ListItem\",\"position\":1,\"name\":\"Accueil\",\"item\":\"https:\/\/3sport2025.ppawebdesign.com\/a4\/\"},{\"@type\":\"ListItem\",\"position\":2,\"name\":\"Infos Pratiques\"}]},{\"@type\":\"WebSite\",\"@id\":\"https:\/\/3sport2025.ppawebdesign.com\/a4\/#website\",\"url\":\"https:\/\/3sport2025.ppawebdesign.com\/a4\/\",\"name\":\"SSTEPAGENCY\",\"description\":\"step by step, do it different\",\"potentialAction\":[{\"@type\":\"SearchAction\",\"target\":{\"@type\":\"EntryPoint\",\"urlTemplate\":\"https:\/\/3sport2025.ppawebdesign.com\/a4\/?s={search_term_string}\"},\"query-input\":{\"@type\":\"PropertyValueSpecification\",\"valueRequired\":true,\"valueName\":\"search_term_string\"}}],\"inLanguage\":\"fr-FR\"}]}<\/script>\n<!-- \/ Yoast SEO plugin. -->","yoast_head_json":{"title":"Infos Pratiques - SSTEPAGENCY","description":"\ud83d\udcc5 Date & horaireMardi 9 d\u00e9cembre 202511h15 \u2013 17h15. \ud83d\udccd LieuCampus PPA Montsuouris 33 rue de l\u2019amiral mouchez 75014 Paris","robots":{"index":"index","follow":"follow","max-snippet":"max-snippet:-1","max-image-preview":"max-image-preview:large","max-video-preview":"max-video-preview:-1"},"canonical":"https:\/\/3sport2025.ppawebdesign.com\/a4\/infos-pratiques-lieu-adresse-materiel\/","og_locale":"fr_FR","og_type":"article","og_title":"Infos Pratiques - SSTEPAGENCY","og_description":"\ud83d\udcc5 Date & horaireMardi 9 d\u00e9cembre 202511h15 \u2013 17h15. \ud83d\udccd LieuCampus PPA Montsuouris 33 rue de l\u2019amiral mouchez 75014 Paris","og_url":"https:\/\/3sport2025.ppawebdesign.com\/a4\/infos-pratiques-lieu-adresse-materiel\/","og_site_name":"SSTEPAGENCY","article_modified_time":"2025-12-04T13:58:47+00:00","twitter_card":"summary_large_image","twitter_misc":{"Dur\u00e9e de lecture estim\u00e9e":"3 minutes"},"schema":{"@context":"https:\/\/schema.org","@graph":[{"@type":"WebPage","@id":"https:\/\/3sport2025.ppawebdesign.com\/a4\/infos-pratiques-lieu-adresse-materiel\/","url":"https:\/\/3sport2025.ppawebdesign.com\/a4\/infos-pratiques-lieu-adresse-materiel\/","name":"Infos Pratiques - SSTEPAGENCY","isPartOf":{"@id":"https:\/\/3sport2025.ppawebdesign.com\/a4\/#website"},"datePublished":"2025-12-02T09:42:12+00:00","dateModified":"2025-12-04T13:58:47+00:00","description":"\ud83d\udcc5 Date & horaireMardi 9 d\u00e9cembre 202511h15 \u2013 17h15. \ud83d\udccd LieuCampus PPA Montsuouris 33 rue de l\u2019amiral mouchez 75014 Paris","breadcrumb":{"@id":"https:\/\/3sport2025.ppawebdesign.com\/a4\/infos-pratiques-lieu-adresse-materiel\/#breadcrumb"},"inLanguage":"fr-FR","potentialAction":[{"@type":"ReadAction","target":["https:\/\/3sport2025.ppawebdesign.com\/a4\/infos-pratiques-lieu-adresse-materiel\/"]}]},{"@type":"BreadcrumbList","@id":"https:\/\/3sport2025.ppawebdesign.com\/a4\/infos-pratiques-lieu-adresse-materiel\/#breadcrumb","itemListElement":[{"@type":"ListItem","position":1,"name":"Accueil","item":"https:\/\/3sport2025.ppawebdesign.com\/a4\/"},{"@type":"ListItem","position":2,"name":"Infos Pratiques"}]},{"@type":"WebSite","@id":"https:\/\/3sport2025.ppawebdesign.com\/a4\/#website","url":"https:\/\/3sport2025.ppawebdesign.com\/a4\/","name":"SSTEPAGENCY","description":"step by step, do it different","potentialAction":[{"@type":"SearchAction","target":{"@type":"EntryPoint","urlTemplate":"https:\/\/3sport2025.ppawebdesign.com\/a4\/?s={search_term_string}"},"query-input":{"@type":"PropertyValueSpecification","valueRequired":true,"valueName":"search_term_string"}}],"inLanguage":"fr-FR"}]}},"_links":{"self":[{"href":"https:\/\/3sport2025.ppawebdesign.com\/a4\/wp-json\/wp\/v2\/pages\/22","targetHints":{"allow":["GET"]}}],"collection":[{"href":"https:\/\/3sport2025.ppawebdesign.com\/a4\/wp-json\/wp\/v2\/pages"}],"about":[{"href":"https:\/\/3sport2025.ppawebdesign.com\/a4\/wp-json\/wp\/v2\/types\/page"}],"author":[{"embeddable":true,"href":"https:\/\/3sport2025.ppawebdesign.com\/a4\/wp-json\/wp\/v2\/users\/18"}],"replies":[{"embeddable":true,"href":"https:\/\/3sport2025.ppawebdesign.com\/a4\/wp-json\/wp\/v2\/comments?post=22"}],"version-history":[{"count":14,"href":"https:\/\/3sport2025.ppawebdesign.com\/a4\/wp-json\/wp\/v2\/pages\/22\/revisions"}],"predecessor-version":[{"id":237,"href":"https:\/\/3sport2025.ppawebdesign.com\/a4\/wp-json\/wp\/v2\/pages\/22\/revisions\/237"}],"wp:attachment":[{"href":"https:\/\/3sport2025.ppawebdesign.com\/a4\/wp-json\/wp\/v2\/media?parent=22"}],"curies":[{"name":"wp","href":"https:\/\/api.w.org\/{rel}","templated":true}]}}