{"id":15,"date":"2025-12-02T10:43:35","date_gmt":"2025-12-02T09:43:35","guid":{"rendered":"https:\/\/3sport2025.ppawebdesign.com\/a5\/?page_id=15"},"modified":"2025-12-05T10:28:22","modified_gmt":"2025-12-05T09:28:22","slug":"inscription-squad-up","status":"publish","type":"page","link":"https:\/\/3sport2025.ppawebdesign.com\/a5\/inscription-squad-up\/","title":{"rendered":"Inscriptions"},"content":{"rendered":"<p>[et_pb_section fb_built=\u00a0\u00bb1&Prime; _builder_version=\u00a0\u00bb4.27.4&Prime; _module_preset=\u00a0\u00bbdefault\u00a0\u00bb background_color=\u00a0\u00bb#161616&Prime; custom_padding=\u00a0\u00bb|||0px||\u00a0\u00bb global_colors_info=\u00a0\u00bb{}\u00a0\u00bb][et_pb_row _builder_version=\u00a0\u00bb4.27.4&Prime; _module_preset=\u00a0\u00bbdefault\u00a0\u00bb global_colors_info=\u00a0\u00bb{}\u00a0\u00bb][et_pb_column type=\u00a0\u00bb4_4&Prime; _builder_version=\u00a0\u00bb4.27.4&Prime; _module_preset=\u00a0\u00bbdefault\u00a0\u00bb global_colors_info=\u00a0\u00bb{}\u00a0\u00bb][et_pb_text _builder_version=\u00a0\u00bb4.27.4&Prime; _module_preset=\u00a0\u00bbdefault\u00a0\u00bb text_font=\u00a0\u00bbMontserrat|900|||||||\u00a0\u00bb text_text_color=\u00a0\u00bb#F9971C\u00a0\u00bb text_font_size=\u00a0\u00bb47px\u00a0\u00bb text_line_height=\u00a0\u00bb1.8em\u00a0\u00bb text_orientation=\u00a0\u00bbcenter\u00a0\u00bb custom_margin=\u00a0\u00bb||32px|||\u00a0\u00bb global_colors_info=\u00a0\u00bb{}\u00a0\u00bb]<\/p>\n<p style=\"text-align: center\">Inscrivez vous \u00e0 notre \u00e9v\u00e9nement !<\/p>\n<p>[\/et_pb_text][\/et_pb_column][\/et_pb_row][et_pb_row _builder_version=\u00a0\u00bb4.27.4&Prime; _module_preset=\u00a0\u00bbdefault\u00a0\u00bb global_colors_info=\u00a0\u00bb{}\u00a0\u00bb][et_pb_column type=\u00a0\u00bb4_4&Prime; _builder_version=\u00a0\u00bb4.27.4&Prime; _module_preset=\u00a0\u00bbdefault\u00a0\u00bb global_colors_info=\u00a0\u00bb{}\u00a0\u00bb][et_pb_text _builder_version=\u00a0\u00bb4.27.4&Prime; _module_preset=\u00a0\u00bbdefault\u00a0\u00bb text_font=\u00a0\u00bbMontserrat||||||||\u00a0\u00bb text_font_size=\u00a0\u00bb23px\u00a0\u00bb header_font_size=\u00a0\u00bb31px\u00a0\u00bb global_colors_info=\u00a0\u00bb{}\u00a0\u00bb]<\/p>\n<p><span style=\"text-decoration: underline\"><strong>Inscription \u00e9v\u00e9nement \u00e9tudiant Squad Up<\/strong><\/span> : ne rate pas l\u2019opportunit\u00e9 de rejoindre une journ\u00e9e fun et dynamique, relever des d\u00e9fis et rencontrer d\u2019autres \u00e9tudiants passionn\u00e9s.<\/p>\n<p>[\/et_pb_text][\/et_pb_column][\/et_pb_row][et_pb_row _builder_version=\u00a0\u00bb4.27.4&Prime; _module_preset=\u00a0\u00bbdefault\u00a0\u00bb background_enable_color=\u00a0\u00bboff\u00a0\u00bb transform_translate=\u00a0\u00bb0px|19px\u00a0\u00bb global_colors_info=\u00a0\u00bb{}\u00a0\u00bb][et_pb_column type=\u00a0\u00bb4_4&Prime; _builder_version=\u00a0\u00bb4.27.4&Prime; _module_preset=\u00a0\u00bbdefault\u00a0\u00bb global_colors_info=\u00a0\u00bb{}\u00a0\u00bb][et_pb_accordion icon_color=\u00a0\u00bb#FFFFFF\u00a0\u00bb _builder_version=\u00a0\u00bb4.27.4&Prime; _module_preset=\u00a0\u00bbdefault\u00a0\u00bb background_enable_color=\u00a0\u00bboff\u00a0\u00bb border_radii=\u00a0\u00bbon|32px|32px|32px|32px\u00a0\u00bb global_colors_info=\u00a0\u00bb{}\u00a0\u00bb][et_pb_accordion_item title=\u00a0\u00bbInscriptions\u00a0\u00bb open=\u00a0\u00bbon\u00a0\u00bb _builder_version=\u00a0\u00bb4.27.4&Prime; _module_preset=\u00a0\u00bbdefault\u00a0\u00bb inline_fonts=\u00a0\u00bbMontserrat\u00a0\u00bb global_colors_info=\u00a0\u00bb{}\u00a0\u00bb]<\/p>\n<h2 data-start=\"765\" data-end=\"795\"><span style=\"color: #ffffff\">\u26bd <strong><span style=\"font-family: Montserrat\">Pourquoi s\u2019inscrire ?<\/span><\/strong><\/span><\/h2>\n<ul data-start=\"796\" data-end=\"1125\">\n<li data-start=\"796\" data-end=\"912\">\n<p data-start=\"798\" data-end=\"912\"><span style=\"color: #ffffff\"><strong><span style=\"font-family: Montserrat\">Participer \u00e0 un \u00e9v\u00e9nement professionnel, inspir\u00e9 des meilleures comp\u00e9titions modernes comme la Kings League avec une exp\u00e9rience unique et captivante.<\/span><\/strong><\/span><\/p>\n<\/li>\n<li data-start=\"913\" data-end=\"970\">\n<p data-start=\"915\" data-end=\"970\"><span style=\"color: #ffffff\"><strong><span style=\"font-family: Montserrat\">Vivre une exp\u00e9rience fun, dynamique, immersive et m\u00e9morable, pens\u00e9e pour cr\u00e9er des moments forts.<\/span><\/strong><\/span><\/p>\n<\/li>\n<li data-start=\"971\" data-end=\"1045\">\n<p data-start=\"973\" data-end=\"1045\"><span style=\"color: #ffffff\"><strong><span style=\"font-family: Montserrat\">Repr\u00e9senter ton \u00e9quipe, d\u00e9fendre ses couleurs et tenter de monter au classement officiel tout au long de l\u2019\u00e9v\u00e9nement.<\/span><\/strong><\/span><\/p>\n<\/li>\n<li data-start=\"1046\" data-end=\"1125\">\n<p data-start=\"1048\" data-end=\"1125\"><span style=\"color: #ffffff\"><strong><span style=\"font-family: Montserrat\">Rencontrer une communaut\u00e9 passionn\u00e9e, m\u00ealant sport, animation, challenge et bonne humeur.<\/span><\/strong><\/span><\/p>\n<\/li>\n<\/ul>\n<p>[\/et_pb_accordion_item][et_pb_accordion_item title=\u00a0\u00bbParticipants\u00a0\u00bb _builder_version=\u00a0\u00bb4.27.4&Prime; _module_preset=\u00a0\u00bbdefault\u00a0\u00bb inline_fonts=\u00a0\u00bbMontserrat\u00a0\u00bb global_colors_info=\u00a0\u00bb{}\u00a0\u00bb open=\u00a0\u00bboff\u00a0\u00bb]<\/p>\n<h2 data-start=\"1132\" data-end=\"1163\">\ud83d\udc65 <span style=\"color: #ffffff\"><strong><span style=\"font-family: Montserrat\">Qui peut participer ?<\/span><\/strong><\/span><\/h2>\n<p data-start=\"1164\" data-end=\"1217\"><span style=\"color: #ffffff\"><strong><span style=\"font-family: Montserrat\">Nos inscriptions sont ouvertes \u00e0 diff\u00e9rents profils :<\/span><\/strong><\/span><\/p>\n<ul data-start=\"1218\" data-end=\"1538\">\n<li data-start=\"1218\" data-end=\"1287\">\n<p data-start=\"1220\" data-end=\"1287\"><span style=\"color: #ffffff\"><strong><span style=\"font-family: Montserrat\">\u00c9tudiants : \u00e0 la recherche d\u2019ambiance, de fun et de coh\u00e9sion et d&rsquo;une exp\u00e9rience marquante entre amis.<\/span><\/strong><\/span><\/p>\n<\/li>\n<li data-start=\"1288\" data-end=\"1363\">\n<p data-start=\"1290\" data-end=\"1363\"><span style=\"color: #ffffff\"><strong><span style=\"font-family: Montserrat\">Jeunes actifs : motiv\u00e9s par le d\u00e9fi, le sport, l\u2019esprit d\u2019\u00e9quipe et l\u2019envie de relever de nouveaux challenges.<\/span><\/strong><\/span><\/p>\n<\/li>\n<li data-start=\"1364\" data-end=\"1450\">\n<p data-start=\"1366\" data-end=\"1450\"><span style=\"color: #ffffff\"><strong><span style=\"font-family: Montserrat\">Passionn\u00e9s de foot : qui aiment les tournois, l\u2019intensit\u00e9 du jeu collectif et l\u2019\u00e9motion des comp\u00e9titions.<\/span><\/strong><\/span><\/p>\n<\/li>\n<li data-start=\"1451\" data-end=\"1538\">\n<p data-start=\"1453\" data-end=\"1538\"><span style=\"color: #ffffff\"><strong><span style=\"font-family: Montserrat\">Associations \/ entreprises : id\u00e9ales pour du team building, renforcer les liens et d\u00e9velopper une vraie dynamique collective.<\/span><\/strong><\/span><\/p>\n<\/li>\n<\/ul>\n<p>[\/et_pb_accordion_item][\/et_pb_accordion][\/et_pb_column][\/et_pb_row][et_pb_row column_structure=\u00a0\u00bb1_2,1_2&Prime; _builder_version=\u00a0\u00bb4.27.4&Prime; _module_preset=\u00a0\u00bbdefault\u00a0\u00bb global_colors_info=\u00a0\u00bb{}\u00a0\u00bb][et_pb_column type=\u00a0\u00bb1_2&Prime; _builder_version=\u00a0\u00bb4.27.4&Prime; _module_preset=\u00a0\u00bbdefault\u00a0\u00bb global_colors_info=\u00a0\u00bb{}\u00a0\u00bb][et_pb_signup provider=\u00a0\u00bbhubspot\u00a0\u00bb hubspot_list=\u00a0\u00bbundefined|none\u00a0\u00bb title=\u00a0\u00bbBUTTTTTTT !\u00a0\u00bb button_text=\u00a0\u00bbValider\u00a0\u00bb description=\u00a0\u00bb<\/p>\n<p>Tu es au bon endroit renseigne tes informations et nous te recontacterons.<\/p>\n<p>\u00a0\u00bb _builder_version=\u00a0\u00bb4.27.4&Prime; _module_preset=\u00a0\u00bbdefault\u00a0\u00bb background_color=\u00a0\u00bb#339F7E\u00a0\u00bb transform_translate=\u00a0\u00bb275px|41px\u00a0\u00bb hover_enabled=\u00a0\u00bb0&Prime; border_radii=\u00a0\u00bbon|28px|28px|28px|28px\u00a0\u00bb locked=\u00a0\u00bboff\u00a0\u00bb global_colors_info=\u00a0\u00bb{}\u00a0\u00bb transform_styles_last_edited=\u00a0\u00bbon|phone\u00a0\u00bb transform_scale_last_edited=\u00a0\u00bbon|phone\u00a0\u00bb transform_translate_last_edited=\u00a0\u00bbon|phone\u00a0\u00bb transform_rotate_last_edited=\u00a0\u00bbon|phone\u00a0\u00bb transform_skew_last_edited=\u00a0\u00bbon|phone\u00a0\u00bb transform_origin_last_edited=\u00a0\u00bbon|phone\u00a0\u00bb transform_translate_phone=\u00a0\u00bb-4px|-1px\u00a0\u00bb sticky_enabled=\u00a0\u00bb0&Prime; transform_translate_tablet=\u00a0\u00bb275px|41px\u00a0\u00bb][\/et_pb_signup][\/et_pb_column][et_pb_column type=\u00a0\u00bb1_2&Prime; _builder_version=\u00a0\u00bb4.27.4&Prime; _module_preset=\u00a0\u00bbdefault\u00a0\u00bb global_colors_info=\u00a0\u00bb{}\u00a0\u00bb][\/et_pb_column][\/et_pb_row][\/et_pb_section]<\/p>\n","protected":false},"excerpt":{"rendered":"<p>Inscrivez vous \u00e0 notre \u00e9v\u00e9nement !Inscription \u00e9v\u00e9nement \u00e9tudiant Squad Up : ne rate pas l\u2019opportunit\u00e9 de rejoindre une journ\u00e9e fun et dynamique, relever des d\u00e9fis et rencontrer d\u2019autres \u00e9tudiants passionn\u00e9s.\u26bd Pourquoi s\u2019inscrire ? Participer \u00e0 un \u00e9v\u00e9nement professionnel, inspir\u00e9 des meilleures comp\u00e9titions modernes comme la Kings League avec une exp\u00e9rience unique et captivante. Vivre une [&hellip;]<\/p>\n","protected":false},"author":22,"featured_media":0,"parent":0,"menu_order":0,"comment_status":"closed","ping_status":"closed","template":"","meta":{"_et_pb_use_builder":"on","_et_pb_old_content":"","_et_gb_content_width":"","footnotes":""},"class_list":["post-15","page","type-page","status-publish","hentry"],"yoast_head":"<!-- This site is optimized with the Yoast SEO plugin v26.5 - https:\/\/yoast.com\/wordpress\/plugins\/seo\/ -->\n<title>Inscription \u00e9v\u00e9nement \u00e9tudiant Squad Up \u2013 Rejoins-nous !<\/title>\n<meta name=\"description\" content=\"Inscription \u00e9v\u00e9nement \u00e9tudiant Squad Up : rejoins une journ\u00e9e fun et dynamique, rel\u00e8ve des d\u00e9fis et rencontre d\u2019autres \u00e9tudiants.\" \/>\n<meta name=\"robots\" content=\"index, follow, max-snippet:-1, max-image-preview:large, max-video-preview:-1\" \/>\n<link rel=\"canonical\" href=\"https:\/\/3sport2025.ppawebdesign.com\/a5\/inscription-squad-up\/\" \/>\n<meta property=\"og:locale\" content=\"fr_FR\" \/>\n<meta property=\"og:type\" content=\"article\" \/>\n<meta property=\"og:title\" content=\"Inscription \u00e9v\u00e9nement \u00e9tudiant Squad Up \u2013 Rejoins-nous !\" \/>\n<meta property=\"og:description\" content=\"Inscription \u00e9v\u00e9nement \u00e9tudiant Squad Up : rejoins une journ\u00e9e fun et dynamique, rel\u00e8ve des d\u00e9fis et rencontre d\u2019autres \u00e9tudiants.\" \/>\n<meta property=\"og:url\" content=\"https:\/\/3sport2025.ppawebdesign.com\/a5\/inscription-squad-up\/\" \/>\n<meta property=\"og:site_name\" content=\"Squad Up\" \/>\n<meta property=\"article:modified_time\" content=\"2025-12-05T09:28:22+00:00\" \/>\n<meta name=\"twitter:card\" content=\"summary_large_image\" \/>\n<meta name=\"twitter:label1\" content=\"Dur\u00e9e de lecture estim\u00e9e\" \/>\n\t<meta name=\"twitter:data1\" content=\"1 minute\" \/>\n<script type=\"application\/ld+json\" class=\"yoast-schema-graph\">{\"@context\":\"https:\/\/schema.org\",\"@graph\":[{\"@type\":\"WebPage\",\"@id\":\"https:\/\/3sport2025.ppawebdesign.com\/a5\/inscription-squad-up\/\",\"url\":\"https:\/\/3sport2025.ppawebdesign.com\/a5\/inscription-squad-up\/\",\"name\":\"Inscription \u00e9v\u00e9nement \u00e9tudiant Squad Up \u2013 Rejoins-nous !\",\"isPartOf\":{\"@id\":\"https:\/\/3sport2025.ppawebdesign.com\/a5\/#website\"},\"datePublished\":\"2025-12-02T09:43:35+00:00\",\"dateModified\":\"2025-12-05T09:28:22+00:00\",\"description\":\"Inscription \u00e9v\u00e9nement \u00e9tudiant Squad Up : rejoins une journ\u00e9e fun et dynamique, rel\u00e8ve des d\u00e9fis et rencontre d\u2019autres \u00e9tudiants.\",\"breadcrumb\":{\"@id\":\"https:\/\/3sport2025.ppawebdesign.com\/a5\/inscription-squad-up\/#breadcrumb\"},\"inLanguage\":\"fr-FR\",\"potentialAction\":[{\"@type\":\"ReadAction\",\"target\":[\"https:\/\/3sport2025.ppawebdesign.com\/a5\/inscription-squad-up\/\"]}]},{\"@type\":\"BreadcrumbList\",\"@id\":\"https:\/\/3sport2025.ppawebdesign.com\/a5\/inscription-squad-up\/#breadcrumb\",\"itemListElement\":[{\"@type\":\"ListItem\",\"position\":1,\"name\":\"Accueil\",\"item\":\"https:\/\/3sport2025.ppawebdesign.com\/a5\/\"},{\"@type\":\"ListItem\",\"position\":2,\"name\":\"Inscriptions\"}]},{\"@type\":\"WebSite\",\"@id\":\"https:\/\/3sport2025.ppawebdesign.com\/a5\/#website\",\"url\":\"https:\/\/3sport2025.ppawebdesign.com\/a5\/\",\"name\":\"Squad Up\",\"description\":\"\",\"potentialAction\":[{\"@type\":\"SearchAction\",\"target\":{\"@type\":\"EntryPoint\",\"urlTemplate\":\"https:\/\/3sport2025.ppawebdesign.com\/a5\/?s={search_term_string}\"},\"query-input\":{\"@type\":\"PropertyValueSpecification\",\"valueRequired\":true,\"valueName\":\"search_term_string\"}}],\"inLanguage\":\"fr-FR\"}]}<\/script>\n<!-- \/ Yoast SEO plugin. -->","yoast_head_json":{"title":"Inscription \u00e9v\u00e9nement \u00e9tudiant Squad Up \u2013 Rejoins-nous !","description":"Inscription \u00e9v\u00e9nement \u00e9tudiant Squad Up : rejoins une journ\u00e9e fun et dynamique, rel\u00e8ve des d\u00e9fis et rencontre d\u2019autres \u00e9tudiants.","robots":{"index":"index","follow":"follow","max-snippet":"max-snippet:-1","max-image-preview":"max-image-preview:large","max-video-preview":"max-video-preview:-1"},"canonical":"https:\/\/3sport2025.ppawebdesign.com\/a5\/inscription-squad-up\/","og_locale":"fr_FR","og_type":"article","og_title":"Inscription \u00e9v\u00e9nement \u00e9tudiant Squad Up \u2013 Rejoins-nous !","og_description":"Inscription \u00e9v\u00e9nement \u00e9tudiant Squad Up : rejoins une journ\u00e9e fun et dynamique, rel\u00e8ve des d\u00e9fis et rencontre d\u2019autres \u00e9tudiants.","og_url":"https:\/\/3sport2025.ppawebdesign.com\/a5\/inscription-squad-up\/","og_site_name":"Squad Up","article_modified_time":"2025-12-05T09:28:22+00:00","twitter_card":"summary_large_image","twitter_misc":{"Dur\u00e9e de lecture estim\u00e9e":"1 minute"},"schema":{"@context":"https:\/\/schema.org","@graph":[{"@type":"WebPage","@id":"https:\/\/3sport2025.ppawebdesign.com\/a5\/inscription-squad-up\/","url":"https:\/\/3sport2025.ppawebdesign.com\/a5\/inscription-squad-up\/","name":"Inscription \u00e9v\u00e9nement \u00e9tudiant Squad Up \u2013 Rejoins-nous !","isPartOf":{"@id":"https:\/\/3sport2025.ppawebdesign.com\/a5\/#website"},"datePublished":"2025-12-02T09:43:35+00:00","dateModified":"2025-12-05T09:28:22+00:00","description":"Inscription \u00e9v\u00e9nement \u00e9tudiant Squad Up : rejoins une journ\u00e9e fun et dynamique, rel\u00e8ve des d\u00e9fis et rencontre d\u2019autres \u00e9tudiants.","breadcrumb":{"@id":"https:\/\/3sport2025.ppawebdesign.com\/a5\/inscription-squad-up\/#breadcrumb"},"inLanguage":"fr-FR","potentialAction":[{"@type":"ReadAction","target":["https:\/\/3sport2025.ppawebdesign.com\/a5\/inscription-squad-up\/"]}]},{"@type":"BreadcrumbList","@id":"https:\/\/3sport2025.ppawebdesign.com\/a5\/inscription-squad-up\/#breadcrumb","itemListElement":[{"@type":"ListItem","position":1,"name":"Accueil","item":"https:\/\/3sport2025.ppawebdesign.com\/a5\/"},{"@type":"ListItem","position":2,"name":"Inscriptions"}]},{"@type":"WebSite","@id":"https:\/\/3sport2025.ppawebdesign.com\/a5\/#website","url":"https:\/\/3sport2025.ppawebdesign.com\/a5\/","name":"Squad Up","description":"","potentialAction":[{"@type":"SearchAction","target":{"@type":"EntryPoint","urlTemplate":"https:\/\/3sport2025.ppawebdesign.com\/a5\/?s={search_term_string}"},"query-input":{"@type":"PropertyValueSpecification","valueRequired":true,"valueName":"search_term_string"}}],"inLanguage":"fr-FR"}]}},"_links":{"self":[{"href":"https:\/\/3sport2025.ppawebdesign.com\/a5\/wp-json\/wp\/v2\/pages\/15","targetHints":{"allow":["GET"]}}],"collection":[{"href":"https:\/\/3sport2025.ppawebdesign.com\/a5\/wp-json\/wp\/v2\/pages"}],"about":[{"href":"https:\/\/3sport2025.ppawebdesign.com\/a5\/wp-json\/wp\/v2\/types\/page"}],"author":[{"embeddable":true,"href":"https:\/\/3sport2025.ppawebdesign.com\/a5\/wp-json\/wp\/v2\/users\/22"}],"replies":[{"embeddable":true,"href":"https:\/\/3sport2025.ppawebdesign.com\/a5\/wp-json\/wp\/v2\/comments?post=15"}],"version-history":[{"count":29,"href":"https:\/\/3sport2025.ppawebdesign.com\/a5\/wp-json\/wp\/v2\/pages\/15\/revisions"}],"predecessor-version":[{"id":288,"href":"https:\/\/3sport2025.ppawebdesign.com\/a5\/wp-json\/wp\/v2\/pages\/15\/revisions\/288"}],"wp:attachment":[{"href":"https:\/\/3sport2025.ppawebdesign.com\/a5\/wp-json\/wp\/v2\/media?parent=15"}],"curies":[{"name":"wp","href":"https:\/\/api.w.org\/{rel}","templated":true}]}}