{"id":9,"date":"2025-12-02T10:41:48","date_gmt":"2025-12-02T09:41:48","guid":{"rendered":"https:\/\/3sport2025.ppawebdesign.com\/a5\/?page_id=9"},"modified":"2025-12-04T14:59:06","modified_gmt":"2025-12-04T13:59:06","slug":"qui-sommes-nous-decouvrez-lequipe-squad-up","status":"publish","type":"page","link":"https:\/\/3sport2025.ppawebdesign.com\/a5\/qui-sommes-nous-decouvrez-lequipe-squad-up\/","title":{"rendered":"Qui sommes nous ?"},"content":{"rendered":"<p>[et_pb_section fb_built=\u00a0\u00bb1&Prime; _builder_version=\u00a0\u00bb4.27.4&Prime; _module_preset=\u00a0\u00bbdefault\u00a0\u00bb background_color=\u00a0\u00bb#161616&Prime; custom_margin=\u00a0\u00bb-148px||||false|false\u00a0\u00bb custom_margin_tablet=\u00a0\u00bb-148px||||false|false\u00a0\u00bb custom_margin_phone=\u00a0\u00bb-24px||||false|false\u00a0\u00bb custom_margin_last_edited=\u00a0\u00bbon|phone\u00a0\u00bb custom_padding=\u00a0\u00bb0px||||false|false\u00a0\u00bb global_colors_info=\u00a0\u00bb{}\u00a0\u00bb][et_pb_row _builder_version=\u00a0\u00bb4.27.4&Prime; _module_preset=\u00a0\u00bbdefault\u00a0\u00bb transform_translate_linked=\u00a0\u00bboff\u00a0\u00bb global_colors_info=\u00a0\u00bb{}\u00a0\u00bb][et_pb_column type=\u00a0\u00bb4_4&Prime; _builder_version=\u00a0\u00bb4.27.4&Prime; _module_preset=\u00a0\u00bbdefault\u00a0\u00bb global_colors_info=\u00a0\u00bb{}\u00a0\u00bb][et_pb_image src=\u00a0\u00bbhttps:\/\/3sport2025.ppawebdesign.com\/a5\/wp-content\/uploads\/sites\/6\/2025\/12\/logo-squad-upp-1-scaled.png\u00a0\u00bb title_text=\u00a0\u00bblogo squad upp\u00a0\u00bb align=\u00a0\u00bbcenter\u00a0\u00bb disabled_on=\u00a0\u00bboff|off|off\u00a0\u00bb _builder_version=\u00a0\u00bb4.27.4&Prime; _module_preset=\u00a0\u00bbdefault\u00a0\u00bb background_color=\u00a0\u00bbRGBA(255,255,255,0)\u00a0\u00bb transform_translate_linked=\u00a0\u00bboff\u00a0\u00bb width=\u00a0\u00bb100%\u00a0\u00bb width_tablet=\u00a0\u00bb100%\u00a0\u00bb width_phone=\u00a0\u00bb100%\u00a0\u00bb width_last_edited=\u00a0\u00bbon|phone\u00a0\u00bb max_width=\u00a0\u00bb100%\u00a0\u00bb min_height=\u00a0\u00bb505px\u00a0\u00bb min_height_tablet=\u00a0\u00bb505px\u00a0\u00bb min_height_phone=\u00a0\u00bb259px\u00a0\u00bb min_height_last_edited=\u00a0\u00bbon|phone\u00a0\u00bb height=\u00a0\u00bb462px\u00a0\u00bb height_tablet=\u00a0\u00bb462px\u00a0\u00bb height_phone=\u00a0\u00bb280px\u00a0\u00bb height_last_edited=\u00a0\u00bbon|phone\u00a0\u00bb max_height=\u00a0\u00bb966px\u00a0\u00bb max_height_tablet=\u00a0\u00bb966px\u00a0\u00bb max_height_phone=\u00a0\u00bb952px\u00a0\u00bb max_height_last_edited=\u00a0\u00bbon|phone\u00a0\u00bb custom_margin=\u00a0\u00bb48px||-79px||false|false\u00a0\u00bb custom_margin_tablet=\u00a0\u00bb48px||-79px||false|false\u00a0\u00bb custom_margin_phone=\u00a0\u00bb-38px||-51px||false|false\u00a0\u00bb custom_margin_last_edited=\u00a0\u00bbon|phone\u00a0\u00bb custom_padding_tablet=\u00a0\u00bb\u00a0\u00bb custom_padding_phone=\u00a0\u00bb0px||0px||false|false\u00a0\u00bb custom_padding_last_edited=\u00a0\u00bbon|phone\u00a0\u00bb animation_style=\u00a0\u00bbfold\u00a0\u00bb animation_duration=\u00a0\u00bb1200ms\u00a0\u00bb animation_delay=\u00a0\u00bb200ms\u00a0\u00bb border_radii=\u00a0\u00bbon|87px|87px|87px|87px\u00a0\u00bb global_colors_info=\u00a0\u00bb{}\u00a0\u00bb][\/et_pb_image][\/et_pb_column][\/et_pb_row][et_pb_row column_structure=\u00a0\u00bb1_2,1_2&Prime; _builder_version=\u00a0\u00bb4.27.4&Prime; _module_preset=\u00a0\u00bbdefault\u00a0\u00bb global_colors_info=\u00a0\u00bb{}\u00a0\u00bb][et_pb_column type=\u00a0\u00bb1_2&Prime; _builder_version=\u00a0\u00bb4.27.4&Prime; _module_preset=\u00a0\u00bbdefault\u00a0\u00bb global_colors_info=\u00a0\u00bb{}\u00a0\u00bb][et_pb_text _builder_version=\u00a0\u00bb4.27.4&Prime; _module_preset=\u00a0\u00bbdefault\u00a0\u00bb text_font=\u00a0\u00bbMontserrat|900|||||||\u00a0\u00bb text_text_color=\u00a0\u00bb#f9971c\u00a0\u00bb text_font_size=\u00a0\u00bb41px\u00a0\u00bb transform_translate_linked=\u00a0\u00bboff\u00a0\u00bb width=\u00a0\u00bb98%\u00a0\u00bb text_line_height_tablet=\u00a0\u00bb\u00a0\u00bb text_line_height_phone=\u00a0\u00bb0.8em\u00a0\u00bb text_line_height_last_edited=\u00a0\u00bbon|phone\u00a0\u00bb text_text_shadow_style=\u00a0\u00bbpreset5&Prime; text_text_shadow_horizontal_length=\u00a0\u00bb0.02em\u00a0\u00bb text_text_shadow_vertical_length=\u00a0\u00bb0.04em\u00a0\u00bb text_text_shadow_color=\u00a0\u00bbRGBA(255,255,255,0)\u00a0\u00bb global_colors_info=\u00a0\u00bb{}\u00a0\u00bb]<\/p>\n<p style=\"text-align: center\">NOTRE HISTOIRE<\/p>\n<p>[\/et_pb_text][et_pb_text _builder_version=\u00a0\u00bb4.27.4&Prime; _module_preset=\u00a0\u00bbdefault\u00a0\u00bb text_font=\u00a0\u00bbRubik|600|||||||\u00a0\u00bb text_text_color=\u00a0\u00bb#FFFFFF\u00a0\u00bb text_font_size=\u00a0\u00bb20px\u00a0\u00bb text_line_height=\u00a0\u00bb1.3em\u00a0\u00bb background_color=\u00a0\u00bb#339F7E\u00a0\u00bb transform_translate_linked=\u00a0\u00bboff\u00a0\u00bb custom_padding=\u00a0\u00bb||24px|||\u00a0\u00bb text_text_shadow_style=\u00a0\u00bbpreset2&Prime; text_text_shadow_color=\u00a0\u00bb#161616&Prime; global_colors_info=\u00a0\u00bb{}\u00a0\u00bb]<\/p>\n<p data-start=\"177\" data-end=\"447\" style=\"text-align: center\">\n<p data-start=\"177\" data-end=\"447\" style=\"text-align: center\">Notre agence est n\u00e9e d\u2019une id\u00e9e simple :cr\u00e9er des moments forts qui rassemblent. Anim\u00e9s par l\u2019envie de dynamiser la vie \u00e9tudiante et de proposer des exp\u00e9riences \u00e0 la fois accessibles et m\u00e9morables, nous avons imagin\u00e9 un concept qui combine sport, amusement et coh\u00e9sion.<\/p>\n<p data-start=\"449\" data-end=\"781\" style=\"text-align: center\">D\u00e8s le d\u00e9part, nous voulions offrir bien plus qu\u2019une simple activit\u00e9 : un v\u00e9ritable rendez-vous \u00e9nergisant, o\u00f9 chacun peut se d\u00e9fouler, se d\u00e9passer et partager un moment unique.<\/p>\n<p data-start=\"449\" data-end=\"781\" style=\"text-align: center\">Notre approche, \u00e0 la fois ludique et comp\u00e9titive, valorise l\u2019esprit d\u2019\u00e9quipe tout en r\u00e9veillant la rivalit\u00e9 saine qui anime les \u00e9tudiants.<\/p>\n<p>[\/et_pb_text][\/et_pb_column][et_pb_column type=\u00a0\u00bb1_2&Prime; _builder_version=\u00a0\u00bb4.27.4&Prime; _module_preset=\u00a0\u00bbdefault\u00a0\u00bb global_colors_info=\u00a0\u00bb{}\u00a0\u00bb][et_pb_text _builder_version=\u00a0\u00bb4.27.4&Prime; _module_preset=\u00a0\u00bbdefault\u00a0\u00bb text_font=\u00a0\u00bbMontserrat|900|||||||\u00a0\u00bb text_text_color=\u00a0\u00bb#f9971c\u00a0\u00bb text_font_size=\u00a0\u00bb41px\u00a0\u00bb transform_translate_linked=\u00a0\u00bboff\u00a0\u00bb text_line_height_tablet=\u00a0\u00bb\u00a0\u00bb text_line_height_phone=\u00a0\u00bb0.8em\u00a0\u00bb text_line_height_last_edited=\u00a0\u00bbon|phone\u00a0\u00bb text_text_shadow_style=\u00a0\u00bbpreset5&Prime; text_text_shadow_horizontal_length=\u00a0\u00bb0.02em\u00a0\u00bb text_text_shadow_vertical_length=\u00a0\u00bb0.04em\u00a0\u00bb text_text_shadow_color=\u00a0\u00bbRGBA(255,255,255,0)\u00a0\u00bb global_colors_info=\u00a0\u00bb{}\u00a0\u00bb]<\/p>\n<p style=\"text-align: center\">NOS MISSIONS<\/p>\n<p>[\/et_pb_text][et_pb_text _builder_version=\u00a0\u00bb4.27.4&Prime; _module_preset=\u00a0\u00bbdefault\u00a0\u00bb text_font=\u00a0\u00bbRubik|600|||||||\u00a0\u00bb text_text_color=\u00a0\u00bb#FFFFFF\u00a0\u00bb text_font_size=\u00a0\u00bb20px\u00a0\u00bb background_color=\u00a0\u00bb#339f7e\u00a0\u00bb transform_translate_linked=\u00a0\u00bboff\u00a0\u00bb text_text_shadow_style=\u00a0\u00bbpreset2&Prime; text_text_shadow_color=\u00a0\u00bb#161616&Prime; global_colors_info=\u00a0\u00bb{}\u00a0\u00bb]<\/p>\n<p style=\"text-align: center\"><span class=\"a_GcMg font-feature-liga-off font-feature-clig-off font-feature-calt-off text-decoration-none text-strikethrough-none\" style=\"--ys-xuq: none;font-weight: bold;font-style: normal\"><\/span><\/p>\n<p style=\"text-align: center\"><span class=\"a_GcMg font-feature-liga-off font-feature-clig-off font-feature-calt-off text-decoration-none text-strikethrough-none\" style=\"--ys-xuq: none;font-weight: bold;font-style: normal\">Squad UP c\u2019est inspirer, accompagner et promouvoir le sport \u00e9tudiant en cr\u00e9ant des exp\u00e9riences uniques qui mettent en lumi\u00e8re les talents sportifs, d\u00e9veloppent l\u2019esprit d\u2019\u00e9quipe et renforcent la visibilit\u00e9 des initiatives sportives.<\/span><\/p>\n<p style=\"text-align: center\"><span class=\"a_GcMg font-feature-liga-off font-feature-clig-off font-feature-calt-off text-decoration-none text-strikethrough-none\" style=\"--ys-xuq: none;font-weight: bold;font-style: normal\"><\/span><\/p>\n<p>[\/et_pb_text][et_pb_text _builder_version=\u00a0\u00bb4.27.4&Prime; _module_preset=\u00a0\u00bbdefault\u00a0\u00bb text_font=\u00a0\u00bbMontserrat|900|||||||\u00a0\u00bb text_text_color=\u00a0\u00bb#f9971c\u00a0\u00bb text_font_size=\u00a0\u00bb41px\u00a0\u00bb transform_translate_linked=\u00a0\u00bboff\u00a0\u00bb custom_margin=\u00a0\u00bb-2px||||false|false\u00a0\u00bb custom_margin_tablet=\u00a0\u00bb-2px||||false|false\u00a0\u00bb custom_margin_phone=\u00a0\u00bb48px||||false|false\u00a0\u00bb custom_margin_last_edited=\u00a0\u00bbon|phone\u00a0\u00bb text_text_shadow_style=\u00a0\u00bbpreset5&Prime; text_text_shadow_horizontal_length=\u00a0\u00bb0.02em\u00a0\u00bb text_text_shadow_vertical_length=\u00a0\u00bb0.04em\u00a0\u00bb text_text_shadow_color=\u00a0\u00bbRGBA(255,255,255,0)\u00a0\u00bb global_colors_info=\u00a0\u00bb{}\u00a0\u00bb]<\/p>\n<p style=\"text-align: center\">NOS VALEURS<\/p>\n<p>[\/et_pb_text][et_pb_text _builder_version=\u00a0\u00bb4.27.4&Prime; _module_preset=\u00a0\u00bbdefault\u00a0\u00bb text_font=\u00a0\u00bbRubik|600|||||||\u00a0\u00bb text_text_color=\u00a0\u00bb#FFFFFF\u00a0\u00bb text_font_size=\u00a0\u00bb32px\u00a0\u00bb background_enable_color=\u00a0\u00bboff\u00a0\u00bb background_enable_image=\u00a0\u00bboff\u00a0\u00bb transform_translate_linked=\u00a0\u00bboff\u00a0\u00bb module_alignment=\u00a0\u00bbleft\u00a0\u00bb height=\u00a0\u00bb151px\u00a0\u00bb custom_margin=\u00a0\u00bb53px||||false|false\u00a0\u00bb text_line_height_tablet=\u00a0\u00bb\u00a0\u00bb text_line_height_phone=\u00a0\u00bb1em\u00a0\u00bb text_line_height_last_edited=\u00a0\u00bbon|phone\u00a0\u00bb text_text_shadow_style=\u00a0\u00bbpreset2&Prime; text_text_shadow_color=\u00a0\u00bb#3a3a3a\u00a0\u00bb global_colors_info=\u00a0\u00bb{}\u00a0\u00bb]<\/p>\n<p style=\"text-align: center\"><span class=\"a_GcMg font-feature-liga-off font-feature-clig-off font-feature-calt-off text-decoration-none text-strikethrough-none\" style=\"--ys-xuq: none;font-weight: bold;font-style: normal\">Passion &#8211; Esprit d&rsquo;\u00e9quipe<\/span><span class=\"a_GcMg font-feature-liga-off font-feature-clig-off font-feature-calt-off text-decoration-none text-strikethrough-none\" style=\"--ys-xuq: none;font-weight: bold;font-style: normal\"><\/span><\/p>\n<p style=\"text-align: center\">Performance &#8211; Cr\u00e9ativit\u00e9<span class=\"a_GcMg font-feature-liga-off font-feature-clig-off font-feature-calt-off text-decoration-none text-strikethrough-none\" style=\"--ys-xuq: none;font-weight: bold;font-style: normal\"><\/span><\/p>\n<p>[\/et_pb_text][\/et_pb_column][\/et_pb_row][\/et_pb_section]<\/p>\n","protected":false},"excerpt":{"rendered":"<p>NOTRE HISTOIRE Notre agence est n\u00e9e d\u2019une id\u00e9e simple :cr\u00e9er des moments forts qui rassemblent. Anim\u00e9s par l\u2019envie de dynamiser la vie \u00e9tudiante et de proposer des exp\u00e9riences \u00e0 la fois accessibles et m\u00e9morables, nous avons imagin\u00e9 un concept qui combine sport, amusement et coh\u00e9sion. D\u00e8s le d\u00e9part, nous voulions offrir bien plus qu\u2019une simple [&hellip;]<\/p>\n","protected":false},"author":26,"featured_media":0,"parent":0,"menu_order":0,"comment_status":"closed","ping_status":"closed","template":"","meta":{"_et_pb_use_builder":"on","_et_pb_old_content":"","_et_gb_content_width":"","footnotes":""},"class_list":["post-9","page","type-page","status-publish","hentry"],"yoast_head":"<!-- This site is optimized with the Yoast SEO plugin v26.5 - https:\/\/yoast.com\/wordpress\/plugins\/seo\/ -->\n<title>Qui sommes-nous ? - D\u00e9couvrez l&#039;\u00e9quipe Squad Up<\/title>\n<meta name=\"description\" content=\"D\u00e9couvrez l&#039;\u00e9quipe Squad Up, une agence sp\u00e9cialis\u00e9e dans l&#039;organisation d&#039;\u00e9v\u00e8nements sportifs. Notre mission : cr\u00e9er des \u00e9v\u00e8nements uniques.\" \/>\n<meta name=\"robots\" content=\"index, follow, max-snippet:-1, max-image-preview:large, max-video-preview:-1\" \/>\n<link rel=\"canonical\" href=\"https:\/\/3sport2025.ppawebdesign.com\/a5\/qui-sommes-nous-decouvrez-lequipe-squad-up\/\" \/>\n<meta property=\"og:locale\" content=\"fr_FR\" \/>\n<meta property=\"og:type\" content=\"article\" \/>\n<meta property=\"og:title\" content=\"Qui sommes-nous ? - D\u00e9couvrez l&#039;\u00e9quipe Squad Up\" \/>\n<meta property=\"og:description\" content=\"D\u00e9couvrez l&#039;\u00e9quipe Squad Up, une agence sp\u00e9cialis\u00e9e dans l&#039;organisation d&#039;\u00e9v\u00e8nements sportifs. Notre mission : cr\u00e9er des \u00e9v\u00e8nements uniques.\" \/>\n<meta property=\"og:url\" content=\"https:\/\/3sport2025.ppawebdesign.com\/a5\/qui-sommes-nous-decouvrez-lequipe-squad-up\/\" \/>\n<meta property=\"og:site_name\" content=\"Squad Up\" \/>\n<meta property=\"article:modified_time\" content=\"2025-12-04T13:59:06+00:00\" \/>\n<meta name=\"twitter:card\" content=\"summary_large_image\" \/>\n<meta name=\"twitter:label1\" content=\"Dur\u00e9e de lecture estim\u00e9e\" \/>\n\t<meta name=\"twitter:data1\" content=\"1 minute\" \/>\n<script type=\"application\/ld+json\" class=\"yoast-schema-graph\">{\"@context\":\"https:\/\/schema.org\",\"@graph\":[{\"@type\":\"WebPage\",\"@id\":\"https:\/\/3sport2025.ppawebdesign.com\/a5\/qui-sommes-nous-decouvrez-lequipe-squad-up\/\",\"url\":\"https:\/\/3sport2025.ppawebdesign.com\/a5\/qui-sommes-nous-decouvrez-lequipe-squad-up\/\",\"name\":\"Qui sommes-nous ? - D\u00e9couvrez l'\u00e9quipe Squad Up\",\"isPartOf\":{\"@id\":\"https:\/\/3sport2025.ppawebdesign.com\/a5\/#website\"},\"datePublished\":\"2025-12-02T09:41:48+00:00\",\"dateModified\":\"2025-12-04T13:59:06+00:00\",\"description\":\"D\u00e9couvrez l'\u00e9quipe Squad Up, une agence sp\u00e9cialis\u00e9e dans l'organisation d'\u00e9v\u00e8nements sportifs. Notre mission : cr\u00e9er des \u00e9v\u00e8nements uniques.\",\"breadcrumb\":{\"@id\":\"https:\/\/3sport2025.ppawebdesign.com\/a5\/qui-sommes-nous-decouvrez-lequipe-squad-up\/#breadcrumb\"},\"inLanguage\":\"fr-FR\",\"potentialAction\":[{\"@type\":\"ReadAction\",\"target\":[\"https:\/\/3sport2025.ppawebdesign.com\/a5\/qui-sommes-nous-decouvrez-lequipe-squad-up\/\"]}]},{\"@type\":\"BreadcrumbList\",\"@id\":\"https:\/\/3sport2025.ppawebdesign.com\/a5\/qui-sommes-nous-decouvrez-lequipe-squad-up\/#breadcrumb\",\"itemListElement\":[{\"@type\":\"ListItem\",\"position\":1,\"name\":\"Accueil\",\"item\":\"https:\/\/3sport2025.ppawebdesign.com\/a5\/\"},{\"@type\":\"ListItem\",\"position\":2,\"name\":\"Qui sommes nous ?\"}]},{\"@type\":\"WebSite\",\"@id\":\"https:\/\/3sport2025.ppawebdesign.com\/a5\/#website\",\"url\":\"https:\/\/3sport2025.ppawebdesign.com\/a5\/\",\"name\":\"Squad Up\",\"description\":\"\",\"potentialAction\":[{\"@type\":\"SearchAction\",\"target\":{\"@type\":\"EntryPoint\",\"urlTemplate\":\"https:\/\/3sport2025.ppawebdesign.com\/a5\/?s={search_term_string}\"},\"query-input\":{\"@type\":\"PropertyValueSpecification\",\"valueRequired\":true,\"valueName\":\"search_term_string\"}}],\"inLanguage\":\"fr-FR\"}]}<\/script>\n<!-- \/ Yoast SEO plugin. -->","yoast_head_json":{"title":"Qui sommes-nous ? - D\u00e9couvrez l'\u00e9quipe Squad Up","description":"D\u00e9couvrez l'\u00e9quipe Squad Up, une agence sp\u00e9cialis\u00e9e dans l'organisation d'\u00e9v\u00e8nements sportifs. Notre mission : cr\u00e9er des \u00e9v\u00e8nements uniques.","robots":{"index":"index","follow":"follow","max-snippet":"max-snippet:-1","max-image-preview":"max-image-preview:large","max-video-preview":"max-video-preview:-1"},"canonical":"https:\/\/3sport2025.ppawebdesign.com\/a5\/qui-sommes-nous-decouvrez-lequipe-squad-up\/","og_locale":"fr_FR","og_type":"article","og_title":"Qui sommes-nous ? - D\u00e9couvrez l'\u00e9quipe Squad Up","og_description":"D\u00e9couvrez l'\u00e9quipe Squad Up, une agence sp\u00e9cialis\u00e9e dans l'organisation d'\u00e9v\u00e8nements sportifs. Notre mission : cr\u00e9er des \u00e9v\u00e8nements uniques.","og_url":"https:\/\/3sport2025.ppawebdesign.com\/a5\/qui-sommes-nous-decouvrez-lequipe-squad-up\/","og_site_name":"Squad Up","article_modified_time":"2025-12-04T13:59:06+00:00","twitter_card":"summary_large_image","twitter_misc":{"Dur\u00e9e de lecture estim\u00e9e":"1 minute"},"schema":{"@context":"https:\/\/schema.org","@graph":[{"@type":"WebPage","@id":"https:\/\/3sport2025.ppawebdesign.com\/a5\/qui-sommes-nous-decouvrez-lequipe-squad-up\/","url":"https:\/\/3sport2025.ppawebdesign.com\/a5\/qui-sommes-nous-decouvrez-lequipe-squad-up\/","name":"Qui sommes-nous ? - D\u00e9couvrez l'\u00e9quipe Squad Up","isPartOf":{"@id":"https:\/\/3sport2025.ppawebdesign.com\/a5\/#website"},"datePublished":"2025-12-02T09:41:48+00:00","dateModified":"2025-12-04T13:59:06+00:00","description":"D\u00e9couvrez l'\u00e9quipe Squad Up, une agence sp\u00e9cialis\u00e9e dans l'organisation d'\u00e9v\u00e8nements sportifs. Notre mission : cr\u00e9er des \u00e9v\u00e8nements uniques.","breadcrumb":{"@id":"https:\/\/3sport2025.ppawebdesign.com\/a5\/qui-sommes-nous-decouvrez-lequipe-squad-up\/#breadcrumb"},"inLanguage":"fr-FR","potentialAction":[{"@type":"ReadAction","target":["https:\/\/3sport2025.ppawebdesign.com\/a5\/qui-sommes-nous-decouvrez-lequipe-squad-up\/"]}]},{"@type":"BreadcrumbList","@id":"https:\/\/3sport2025.ppawebdesign.com\/a5\/qui-sommes-nous-decouvrez-lequipe-squad-up\/#breadcrumb","itemListElement":[{"@type":"ListItem","position":1,"name":"Accueil","item":"https:\/\/3sport2025.ppawebdesign.com\/a5\/"},{"@type":"ListItem","position":2,"name":"Qui sommes nous ?"}]},{"@type":"WebSite","@id":"https:\/\/3sport2025.ppawebdesign.com\/a5\/#website","url":"https:\/\/3sport2025.ppawebdesign.com\/a5\/","name":"Squad Up","description":"","potentialAction":[{"@type":"SearchAction","target":{"@type":"EntryPoint","urlTemplate":"https:\/\/3sport2025.ppawebdesign.com\/a5\/?s={search_term_string}"},"query-input":{"@type":"PropertyValueSpecification","valueRequired":true,"valueName":"search_term_string"}}],"inLanguage":"fr-FR"}]}},"_links":{"self":[{"href":"https:\/\/3sport2025.ppawebdesign.com\/a5\/wp-json\/wp\/v2\/pages\/9","targetHints":{"allow":["GET"]}}],"collection":[{"href":"https:\/\/3sport2025.ppawebdesign.com\/a5\/wp-json\/wp\/v2\/pages"}],"about":[{"href":"https:\/\/3sport2025.ppawebdesign.com\/a5\/wp-json\/wp\/v2\/types\/page"}],"author":[{"embeddable":true,"href":"https:\/\/3sport2025.ppawebdesign.com\/a5\/wp-json\/wp\/v2\/users\/26"}],"replies":[{"embeddable":true,"href":"https:\/\/3sport2025.ppawebdesign.com\/a5\/wp-json\/wp\/v2\/comments?post=9"}],"version-history":[{"count":25,"href":"https:\/\/3sport2025.ppawebdesign.com\/a5\/wp-json\/wp\/v2\/pages\/9\/revisions"}],"predecessor-version":[{"id":275,"href":"https:\/\/3sport2025.ppawebdesign.com\/a5\/wp-json\/wp\/v2\/pages\/9\/revisions\/275"}],"wp:attachment":[{"href":"https:\/\/3sport2025.ppawebdesign.com\/a5\/wp-json\/wp\/v2\/media?parent=9"}],"curies":[{"name":"wp","href":"https:\/\/api.w.org\/{rel}","templated":true}]}}