{"id":203,"date":"2025-12-03T16:23:53","date_gmt":"2025-12-03T15:23:53","guid":{"rendered":"https:\/\/3sport2025.ppawebdesign.com\/b1\/?page_id=203"},"modified":"2025-12-04T16:43:37","modified_gmt":"2025-12-04T15:43:37","slug":"valeurs","status":"publish","type":"page","link":"https:\/\/3sport2025.ppawebdesign.com\/b1\/valeurs\/","title":{"rendered":"Valeurs"},"content":{"rendered":"\n[et_pb_section fb_built=\u00a0\u00bb1&Prime; fullwidth=\u00a0\u00bbon\u00a0\u00bb _builder_version=\u00a0\u00bb4.27.4&Prime; _module_preset=\u00a0\u00bbdefault\u00a0\u00bb global_colors_info=\u00a0\u00bb{}\u00a0\u00bb][et_pb_fullwidth_header title=\u00a0\u00bbNos Valeurs\u00a0\u00bb _builder_version=\u00a0\u00bb4.27.4&Prime; _module_preset=\u00a0\u00bbdefault\u00a0\u00bb title_font=\u00a0\u00bbTimes New Roman|600|||||||\u00a0\u00bb title_text_align=\u00a0\u00bbcenter\u00a0\u00bb title_text_color=\u00a0\u00bb#d3a733&Prime; title_font_size=\u00a0\u00bb45px\u00a0\u00bb content_font=\u00a0\u00bbTimes New Roman||||||||\u00a0\u00bb content_text_align=\u00a0\u00bbleft\u00a0\u00bb content_text_color=\u00a0\u00bb#00285a\u00a0\u00bb content_line_height=\u00a0\u00bb2.4em\u00a0\u00bb background_color=\u00a0\u00bb#FFFFFF\u00a0\u00bb custom_padding=\u00a0\u00bb||0px|||\u00a0\u00bb inline_fonts=\u00a0\u00bbTimes New Roman\u00a0\u00bb global_colors_info=\u00a0\u00bb{}\u00a0\u00bb]<h3 style=\"text-align: center\"><strong><span style=\"color: #d3a733\">Goat Event : L\u2019esprit et les principes qui guident nos \u00e9v\u00e9nements<\/span><\/strong><\/h3>\n<p style=\"text-align: center\"><span style=\"color: #000000;font-family: 'Times New Roman';font-weight: normal;font-size: large\"><\/span><\/p>\n<p style=\"text-align: center\"><span style=\"color: #000000;font-family: 'Times New Roman';font-weight: normal;font-size: large\"><\/span><\/p>\n<p style=\"text-align: center\"><span style=\"color: #000000;font-family: 'Times New Roman';font-weight: normal;font-size: large\"><\/span><\/p>\n<p data-start=\"255\" data-end=\"394\" style=\"text-align: center\"><span style=\"font-family: 'Times New Roman';font-weight: normal;font-size: large\">D\u00e9couvrez les valeurs Goat Event : esprit d\u2019\u00e9quipe, audace, inclusivit\u00e9 et convivialit\u00e9 pour des \u00e9v\u00e9nements \u00e9tudiants uniques.<\/span><\/p>\n<p data-start=\"396\" data-end=\"529\" style=\"text-align: center\"><span style=\"font-family: 'Times New Roman';font-weight: normal;font-size: large\">\u00c0 travers la Course des Goats, notre agence porte des valeurs fortes qui guident tous nos projets et actions.<\/span><\/p>\n<p data-start=\"531\" data-end=\"675\" style=\"text-align: center\"><span style=\"font-family: 'Times New Roman';font-weight: normal;font-size: large\">Notre \u00e9quipe croit fermement en l\u2019esprit d\u2019\u00e9quipe, moteur de toute initiative \u00e9tudiante ambitieuse et de chaque \u00e9v\u00e9nement que nous organisons.<\/span><\/p>\n<p data-start=\"677\" data-end=\"839\" style=\"text-align: center\"><span style=\"font-family: 'Times New Roman';font-weight: normal;font-size: large\">Nous cultivons l\u2019audace, une valeur essentielle qui pousse \u00e0 innover, cr\u00e9er et toujours d\u00e9passer les limites, que ce soit sur le terrain ou dans l\u2019organisation.<\/span><\/p>\n<p data-start=\"841\" data-end=\"995\" style=\"text-align: center\"><span style=\"font-family: 'Times New Roman';font-weight: normal;font-size: large\">L\u2019inclusivit\u00e9 fait partie de nos valeurs Goat Event, car nous souhaitons que chaque participant trouve sa place et vive une exp\u00e9rience positive.<\/span><\/p>\n<p data-start=\"997\" data-end=\"1137\" style=\"text-align: center\"><span style=\"font-family: 'Times New Roman';font-weight: normal;font-size: large\">De plus, nous mettons un point d\u2019honneur \u00e0 promouvoir la convivialit\u00e9, car les meilleurs souvenirs naissent toujours dans la bonne humeur.<\/span><\/p>\n<p data-start=\"1139\" data-end=\"1267\" style=\"text-align: center\"><span style=\"font-family: 'Times New Roman';font-weight: normal;font-size: large\">Notre approche transforme une simple course en une v\u00e9ritable aventure humaine et festive, o\u00f9 chacun se sent int\u00e9gr\u00e9 et motiv\u00e9.<\/span><\/p>\n<p data-start=\"1269\" data-end=\"1399\" style=\"text-align: center\"><span style=\"font-family: 'Times New Roman';font-weight: normal;font-size: large\">Nous veillons \u00e9galement \u00e0 la s\u00e9curit\u00e9, \u00e0 l\u2019accueil et \u00e0 l\u2019encadrement pour que chaque coureur profite pleinement de l\u2019\u00e9v\u00e9nement.<\/span><\/p>\n<p data-start=\"1401\" data-end=\"1540\" style=\"text-align: center\"><span style=\"font-family: 'Times New Roman';font-weight: normal;font-size: large\">Par ailleurs, nos formats et animations refl\u00e8tent nos valeurs Goat Event, en alliant comp\u00e9tition, plaisir et esprit collectif.<\/span><\/p>\n<p data-start=\"1542\" data-end=\"1674\" style=\"text-align: center\"><span style=\"font-family: 'Times New Roman';font-weight: normal;font-size: large\">Chaque \u00e9v\u00e9nement devient ainsi un moment fort, qui renforce la coh\u00e9sion et cr\u00e9e des souvenirs durables pour tous les participants.<\/span><\/p>\n<p data-start=\"1676\" data-end=\"1814\" style=\"text-align: center\"><span style=\"font-family: 'Times New Roman';font-weight: normal;font-size: large\">En rejoignant nos courses, vous d\u00e9couvrez l\u2019\u00e9nergie, la cr\u00e9ativit\u00e9 et l\u2019engagement de notre \u00e9quipe, port\u00e9e par ces valeurs essentielles.<\/span><\/p>[\/et_pb_fullwidth_header][\/et_pb_section][et_pb_section fb_built=\u00a0\u00bb1&Prime; _builder_version=\u00a0\u00bb4.27.4&Prime; _module_preset=\u00a0\u00bbdefault\u00a0\u00bb global_colors_info=\u00a0\u00bb{}\u00a0\u00bb][et_pb_row _builder_version=\u00a0\u00bb4.27.4&Prime; _module_preset=\u00a0\u00bbdefault\u00a0\u00bb custom_padding=\u00a0\u00bb0px|||||\u00a0\u00bb global_colors_info=\u00a0\u00bb{}\u00a0\u00bb][et_pb_column type=\u00a0\u00bb4_4&Prime; _builder_version=\u00a0\u00bb4.27.4&Prime; _module_preset=\u00a0\u00bbdefault\u00a0\u00bb global_colors_info=\u00a0\u00bb{}\u00a0\u00bb][et_pb_image src=\u00a0\u00bbhttps:\/\/3sport2025.ppawebdesign.com\/b1\/wp-content\/uploads\/sites\/7\/2025\/12\/nos-valeurs-scaled.png\u00a0\u00bb title_text=\u00a0\u00bbnos-valeurs\u00a0\u00bb align=\u00a0\u00bbcenter\u00a0\u00bb _builder_version=\u00a0\u00bb4.27.4&Prime; _module_preset=\u00a0\u00bbdefault\u00a0\u00bb width=\u00a0\u00bb38%\u00a0\u00bb max_width=\u00a0\u00bb54%\u00a0\u00bb global_colors_info=\u00a0\u00bb{}\u00a0\u00bb][\/et_pb_image][\/et_pb_column][\/et_pb_row][et_pb_row _builder_version=\u00a0\u00bb4.27.4&Prime; _module_preset=\u00a0\u00bbdefault\u00a0\u00bb global_colors_info=\u00a0\u00bb{}\u00a0\u00bb][et_pb_column type=\u00a0\u00bb4_4&Prime; _builder_version=\u00a0\u00bb4.27.4&Prime; _module_preset=\u00a0\u00bbdefault\u00a0\u00bb global_colors_info=\u00a0\u00bb{}\u00a0\u00bb][et_pb_text _builder_version=\u00a0\u00bb4.27.4&Prime; _module_preset=\u00a0\u00bbdefault\u00a0\u00bb inline_fonts=\u00a0\u00bbTimes New Roman\u00a0\u00bb global_colors_info=\u00a0\u00bb{}\u00a0\u00bb]<p data-start=\"1816\" data-end=\"1838\" style=\"text-align: left\"><span style=\"text-decoration: underline;color: #d3a733\"><strong><span style=\"font-family: 'Times New Roman';font-size: large\">Liens internes :<\/span><\/strong><\/span><\/p>\n<ul data-start=\"1839\" data-end=\"1947\" style=\"text-align: left\">\n<li data-start=\"1839\" data-end=\"1886\">\n<p data-start=\"1841\" data-end=\"1886\"><span style=\"font-family: 'Times New Roman';font-weight: normal;font-size: large;color: #3f00ff\"><a href=\"https:\/\/3sport2025.ppawebdesign.com\/b1\/contact-goatevent\/\" style=\"color: #3f00ff\">Contactez-nous<\/a>\u00a0<\/span><\/p>\n<\/li>\n<li data-start=\"1887\" data-end=\"1947\">\n<p data-start=\"1889\" data-end=\"1947\"><a href=\"https:\/\/forms.gle\/coZQb87kS5LFiAMG7\"><span style=\"font-family: 'Times New Roman';font-size: large\"><span style=\"color: #00285a\"><span style=\"color: #3f00ff\">Inscrivez-vous \u00e0 la Course des Goats\u00a0<\/span><\/span><\/span><\/a><\/p>\n<\/li>\n<\/ul>\n<p data-start=\"1949\" data-end=\"1969\" style=\"text-align: left\"><span style=\"text-decoration: underline;color: #d3a733\"><strong><span style=\"font-family: 'Times New Roman';font-size: large\">Lien externe :<\/span><\/strong><\/span><\/p>\n<p data-start=\"1949\" data-end=\"1969\" style=\"text-align: left\"><\/p>\n<ul data-start=\"1970\" data-end=\"2052\" style=\"text-align: left\">\n<li data-start=\"1970\" data-end=\"2052\">\n<p data-start=\"1972\" data-end=\"2052\"><span style=\"font-family: 'Times New Roman';font-weight: normal;font-size: large;color: #3f00ff\"><a href=\"https:\/\/www.runnersworld.com\/\" style=\"color: #3f00ff\">Informations sur l\u2019esprit d\u2019\u00e9quipe et le sport<\/a>\u00a0<\/span><\/p>\n<\/li>\n<\/ul>[\/et_pb_text][\/et_pb_column][\/et_pb_row][\/et_pb_section][et_pb_section fb_built=\u00a0\u00bb1&Prime; _builder_version=\u00a0\u00bb4.27.4&Prime; _module_preset=\u00a0\u00bbdefault\u00a0\u00bb custom_padding=\u00a0\u00bb0px|||||\u00a0\u00bb global_colors_info=\u00a0\u00bb{}\u00a0\u00bb][et_pb_row _builder_version=\u00a0\u00bb4.27.4&Prime; _module_preset=\u00a0\u00bbdefault\u00a0\u00bb global_colors_info=\u00a0\u00bb{}\u00a0\u00bb][et_pb_column type=\u00a0\u00bb4_4&Prime; _builder_version=\u00a0\u00bb4.27.4&Prime; _module_preset=\u00a0\u00bbdefault\u00a0\u00bb global_colors_info=\u00a0\u00bb{}\u00a0\u00bb][et_pb_image src=\u00a0\u00bbhttps:\/\/3sport2025.ppawebdesign.com\/b1\/wp-content\/uploads\/sites\/7\/2025\/12\/Capture-decran-2025-12-03-a-14.43.39.png\u00a0\u00bb alt=\u00a0\u00bbEnsemble\u00a0\u00bb title_text=\u00a0\u00bbCapture d\u2019e\u0301cran 2025-12-03 a\u0300 14.43.39&Prime; _builder_version=\u00a0\u00bb4.27.4&Prime; _module_preset=\u00a0\u00bbdefault\u00a0\u00bb global_colors_info=\u00a0\u00bb{}\u00a0\u00bb][\/et_pb_image][\/et_pb_column][\/et_pb_row][\/et_pb_section]\n","protected":false},"excerpt":{"rendered":"<p>Goat Event : L\u2019esprit et les principes qui guident nos \u00e9v\u00e9nements D\u00e9couvrez les valeurs Goat Event : esprit d\u2019\u00e9quipe, audace, inclusivit\u00e9 et convivialit\u00e9 pour des \u00e9v\u00e9nements \u00e9tudiants uniques. \u00c0 travers la Course des Goats, notre agence porte des valeurs fortes qui guident tous nos projets et actions. Notre \u00e9quipe croit fermement en l\u2019esprit d\u2019\u00e9quipe, moteur [&hellip;]<\/p>\n","protected":false},"author":30,"featured_media":0,"parent":0,"menu_order":0,"comment_status":"closed","ping_status":"closed","template":"","meta":{"_et_pb_use_builder":"on","_et_pb_old_content":"","_et_gb_content_width":"","footnotes":""},"class_list":["post-203","page","type-page","status-publish","hentry"],"yoast_head":"<!-- This site is optimized with the Yoast SEO plugin v26.5 - https:\/\/yoast.com\/wordpress\/plugins\/seo\/ -->\n<title>Valeurs - Goat Event<\/title>\n<meta name=\"description\" content=\"Venez d\u00e9couvrir les valeurs fondamentales de Goat Event et comment nous les mettons en pratiques lors de nos \u00e9v\u00e8nements.\" \/>\n<meta name=\"robots\" content=\"index, follow, max-snippet:-1, max-image-preview:large, max-video-preview:-1\" \/>\n<link rel=\"canonical\" href=\"https:\/\/3sport2025.ppawebdesign.com\/b1\/valeurs\/\" \/>\n<meta property=\"og:locale\" content=\"fr_FR\" \/>\n<meta property=\"og:type\" content=\"article\" \/>\n<meta property=\"og:title\" content=\"Valeurs - Goat Event\" \/>\n<meta property=\"og:description\" content=\"Venez d\u00e9couvrir les valeurs fondamentales de Goat Event et comment nous les mettons en pratiques lors de nos \u00e9v\u00e8nements.\" \/>\n<meta property=\"og:url\" content=\"https:\/\/3sport2025.ppawebdesign.com\/b1\/valeurs\/\" \/>\n<meta property=\"og:site_name\" content=\"Goat Event\" \/>\n<meta property=\"article:modified_time\" content=\"2025-12-04T15:43:37+00:00\" \/>\n<meta name=\"twitter:card\" content=\"summary_large_image\" \/>\n<meta name=\"twitter:label1\" content=\"Dur\u00e9e de lecture estim\u00e9e\" \/>\n\t<meta name=\"twitter:data1\" content=\"2 minutes\" \/>\n<script type=\"application\/ld+json\" class=\"yoast-schema-graph\">{\"@context\":\"https:\/\/schema.org\",\"@graph\":[{\"@type\":\"WebPage\",\"@id\":\"https:\/\/3sport2025.ppawebdesign.com\/b1\/valeurs\/\",\"url\":\"https:\/\/3sport2025.ppawebdesign.com\/b1\/valeurs\/\",\"name\":\"Valeurs - Goat Event\",\"isPartOf\":{\"@id\":\"https:\/\/3sport2025.ppawebdesign.com\/b1\/#website\"},\"datePublished\":\"2025-12-03T15:23:53+00:00\",\"dateModified\":\"2025-12-04T15:43:37+00:00\",\"description\":\"Venez d\u00e9couvrir les valeurs fondamentales de Goat Event et comment nous les mettons en pratiques lors de nos \u00e9v\u00e8nements.\",\"breadcrumb\":{\"@id\":\"https:\/\/3sport2025.ppawebdesign.com\/b1\/valeurs\/#breadcrumb\"},\"inLanguage\":\"fr-FR\",\"potentialAction\":[{\"@type\":\"ReadAction\",\"target\":[\"https:\/\/3sport2025.ppawebdesign.com\/b1\/valeurs\/\"]}]},{\"@type\":\"BreadcrumbList\",\"@id\":\"https:\/\/3sport2025.ppawebdesign.com\/b1\/valeurs\/#breadcrumb\",\"itemListElement\":[{\"@type\":\"ListItem\",\"position\":1,\"name\":\"Accueil\",\"item\":\"https:\/\/3sport2025.ppawebdesign.com\/b1\/\"},{\"@type\":\"ListItem\",\"position\":2,\"name\":\"Valeurs\"}]},{\"@type\":\"WebSite\",\"@id\":\"https:\/\/3sport2025.ppawebdesign.com\/b1\/#website\",\"url\":\"https:\/\/3sport2025.ppawebdesign.com\/b1\/\",\"name\":\"Goat Event\",\"description\":\"\",\"potentialAction\":[{\"@type\":\"SearchAction\",\"target\":{\"@type\":\"EntryPoint\",\"urlTemplate\":\"https:\/\/3sport2025.ppawebdesign.com\/b1\/?s={search_term_string}\"},\"query-input\":{\"@type\":\"PropertyValueSpecification\",\"valueRequired\":true,\"valueName\":\"search_term_string\"}}],\"inLanguage\":\"fr-FR\"}]}<\/script>\n<!-- \/ Yoast SEO plugin. -->","yoast_head_json":{"title":"Valeurs - Goat Event","description":"Venez d\u00e9couvrir les valeurs fondamentales de Goat Event et comment nous les mettons en pratiques lors de nos \u00e9v\u00e8nements.","robots":{"index":"index","follow":"follow","max-snippet":"max-snippet:-1","max-image-preview":"max-image-preview:large","max-video-preview":"max-video-preview:-1"},"canonical":"https:\/\/3sport2025.ppawebdesign.com\/b1\/valeurs\/","og_locale":"fr_FR","og_type":"article","og_title":"Valeurs - Goat Event","og_description":"Venez d\u00e9couvrir les valeurs fondamentales de Goat Event et comment nous les mettons en pratiques lors de nos \u00e9v\u00e8nements.","og_url":"https:\/\/3sport2025.ppawebdesign.com\/b1\/valeurs\/","og_site_name":"Goat Event","article_modified_time":"2025-12-04T15:43:37+00:00","twitter_card":"summary_large_image","twitter_misc":{"Dur\u00e9e de lecture estim\u00e9e":"2 minutes"},"schema":{"@context":"https:\/\/schema.org","@graph":[{"@type":"WebPage","@id":"https:\/\/3sport2025.ppawebdesign.com\/b1\/valeurs\/","url":"https:\/\/3sport2025.ppawebdesign.com\/b1\/valeurs\/","name":"Valeurs - Goat Event","isPartOf":{"@id":"https:\/\/3sport2025.ppawebdesign.com\/b1\/#website"},"datePublished":"2025-12-03T15:23:53+00:00","dateModified":"2025-12-04T15:43:37+00:00","description":"Venez d\u00e9couvrir les valeurs fondamentales de Goat Event et comment nous les mettons en pratiques lors de nos \u00e9v\u00e8nements.","breadcrumb":{"@id":"https:\/\/3sport2025.ppawebdesign.com\/b1\/valeurs\/#breadcrumb"},"inLanguage":"fr-FR","potentialAction":[{"@type":"ReadAction","target":["https:\/\/3sport2025.ppawebdesign.com\/b1\/valeurs\/"]}]},{"@type":"BreadcrumbList","@id":"https:\/\/3sport2025.ppawebdesign.com\/b1\/valeurs\/#breadcrumb","itemListElement":[{"@type":"ListItem","position":1,"name":"Accueil","item":"https:\/\/3sport2025.ppawebdesign.com\/b1\/"},{"@type":"ListItem","position":2,"name":"Valeurs"}]},{"@type":"WebSite","@id":"https:\/\/3sport2025.ppawebdesign.com\/b1\/#website","url":"https:\/\/3sport2025.ppawebdesign.com\/b1\/","name":"Goat Event","description":"","potentialAction":[{"@type":"SearchAction","target":{"@type":"EntryPoint","urlTemplate":"https:\/\/3sport2025.ppawebdesign.com\/b1\/?s={search_term_string}"},"query-input":{"@type":"PropertyValueSpecification","valueRequired":true,"valueName":"search_term_string"}}],"inLanguage":"fr-FR"}]}},"_links":{"self":[{"href":"https:\/\/3sport2025.ppawebdesign.com\/b1\/wp-json\/wp\/v2\/pages\/203","targetHints":{"allow":["GET"]}}],"collection":[{"href":"https:\/\/3sport2025.ppawebdesign.com\/b1\/wp-json\/wp\/v2\/pages"}],"about":[{"href":"https:\/\/3sport2025.ppawebdesign.com\/b1\/wp-json\/wp\/v2\/types\/page"}],"author":[{"embeddable":true,"href":"https:\/\/3sport2025.ppawebdesign.com\/b1\/wp-json\/wp\/v2\/users\/30"}],"replies":[{"embeddable":true,"href":"https:\/\/3sport2025.ppawebdesign.com\/b1\/wp-json\/wp\/v2\/comments?post=203"}],"version-history":[{"count":23,"href":"https:\/\/3sport2025.ppawebdesign.com\/b1\/wp-json\/wp\/v2\/pages\/203\/revisions"}],"predecessor-version":[{"id":561,"href":"https:\/\/3sport2025.ppawebdesign.com\/b1\/wp-json\/wp\/v2\/pages\/203\/revisions\/561"}],"wp:attachment":[{"href":"https:\/\/3sport2025.ppawebdesign.com\/b1\/wp-json\/wp\/v2\/media?parent=203"}],"curies":[{"name":"wp","href":"https:\/\/api.w.org\/{rel}","templated":true}]}}