{"id":22,"date":"2025-12-02T11:55:44","date_gmt":"2025-12-02T10:55:44","guid":{"rendered":"https:\/\/3sport2025.ppawebdesign.com\/b1\/?page_id=22"},"modified":"2025-12-04T16:28:33","modified_gmt":"2025-12-04T15:28:33","slug":"accueil-course-etudiants-goat-event","status":"publish","type":"page","link":"https:\/\/3sport2025.ppawebdesign.com\/b1\/","title":{"rendered":"ACCUEIL"},"content":{"rendered":"<p>[et_pb_section fb_built=\u00a0\u00bb1&Prime; _builder_version=\u00a0\u00bb4.27.4&Prime; _module_preset=\u00a0\u00bbdefault\u00a0\u00bb global_colors_info=\u00a0\u00bb{}\u00a0\u00bb][et_pb_row _builder_version=\u00a0\u00bb4.27.4&Prime; _module_preset=\u00a0\u00bbdefault\u00a0\u00bb background_enable_image=\u00a0\u00bboff\u00a0\u00bb global_colors_info=\u00a0\u00bb{}\u00a0\u00bb][et_pb_column type=\u00a0\u00bb4_4&Prime; _builder_version=\u00a0\u00bb4.27.4&Prime; _module_preset=\u00a0\u00bbdefault\u00a0\u00bb global_colors_info=\u00a0\u00bb{}\u00a0\u00bb][et_pb_slider _builder_version=\u00a0\u00bb4.27.4&Prime; _module_preset=\u00a0\u00bbdefault\u00a0\u00bb header_level=\u00a0\u00bbh1&Prime; header_font=\u00a0\u00bb&#8211;et_global_heading_font|900||on|||||\u00a0\u00bb header_text_color=\u00a0\u00bb#00285a\u00a0\u00bb header_font_size=\u00a0\u00bb75px\u00a0\u00bb header_letter_spacing=\u00a0\u00bb20px\u00a0\u00bb background_enable_image=\u00a0\u00bboff\u00a0\u00bb custom_button=\u00a0\u00bbon\u00a0\u00bb button_text_color=\u00a0\u00bb#d3a733&Prime; button_bg_color=\u00a0\u00bb#00285a\u00a0\u00bb button_font=\u00a0\u00bbTimes New Roman|600|||||||\u00a0\u00bb custom_padding=\u00a0\u00bb||161px|||\u00a0\u00bb animation_style=\u00a0\u00bbfade\u00a0\u00bb hover_enabled=\u00a0\u00bb0&Prime; header_text_shadow_style=\u00a0\u00bbpreset1&Prime; global_colors_info=\u00a0\u00bb{}\u00a0\u00bb sticky_enabled=\u00a0\u00bb0&Prime;][et_pb_slide heading=\u00a0\u00bbgoat event\u00a0\u00bb button_text=\u00a0\u00bbJe m&rsquo;inscris !\u00a0\u00bb button_link=\u00a0\u00bbhttps:\/\/forms.gle\/87fTx2a7Ww5epkLN9&Prime; _builder_version=\u00a0\u00bb4.27.4&Prime; _module_preset=\u00a0\u00bbdefault\u00a0\u00bb header_level=\u00a0\u00bbh5&Prime; header_font=\u00a0\u00bb&#8211;et_global_heading_font|700|||||||\u00a0\u00bb header_text_color=\u00a0\u00bb#d3a733&Prime; header_font_size=\u00a0\u00bb68px\u00a0\u00bb header_letter_spacing=\u00a0\u00bb0px\u00a0\u00bb body_font=\u00a0\u00bb|700|||||||\u00a0\u00bb body_font_size=\u00a0\u00bb30px\u00a0\u00bb background_image=\u00a0\u00bbhttps:\/\/10kmhokapariscentre.com\/wp-content\/uploads\/sites\/121\/nggallery\/10km-paris-centre-2023\/4S5A7302.jpg\u00a0\u00bb background_enable_image=\u00a0\u00bbon\u00a0\u00bb header_text_shadow_style=\u00a0\u00bbpreset2&Prime; header_text_shadow_horizontal_length=\u00a0\u00bb0.15em\u00a0\u00bb header_text_shadow_vertical_length=\u00a0\u00bb0em\u00a0\u00bb inline_fonts=\u00a0\u00bbTimes New Roman\u00a0\u00bb global_colors_info=\u00a0\u00bb{}\u00a0\u00bb sticky_transition=\u00a0\u00bbon\u00a0\u00bb]<\/p>\n<h2><span style=\"font-family: 'Times New Roman';font-weight: normal;font-size: xx-large\"><strong>Course \u00e9tudiante by PPA Sport <\/strong><\/span><\/h2>\n<h2><span style=\"font-family: 'Times New Roman';font-weight: normal;font-size: xx-large\"><strong><\/strong><\/span><\/h2>\n<h2><span style=\"font-family: 'Times New Roman';font-weight: normal;font-size: xx-large\"><strong><\/strong><\/span><\/h2>\n<h2><span style=\"font-family: 'Times New Roman';font-weight: normal;font-size: xx-large\"><strong>Mardi 13 Janvier<\/strong><\/span><\/h2>\n<p>[\/et_pb_slide][et_pb_slide heading=\u00a0\u00bbnotre adn\u00a0\u00bb button_text=\u00a0\u00bbNos valeurs\u00a0\u00bb button_link=\u00a0\u00bbhttps:\/\/3sport2025.ppawebdesign.com\/b1\/?page_id=203&amp;preview=true\u00a0\u00bb _builder_version=\u00a0\u00bb4.27.4&Prime; _module_preset=\u00a0\u00bbdefault\u00a0\u00bb header_font=\u00a0\u00bb&#8211;et_global_heading_font|700|||||||\u00a0\u00bb header_text_color=\u00a0\u00bb#d3a733&Prime; header_font_size=\u00a0\u00bb65px\u00a0\u00bb header_letter_spacing=\u00a0\u00bb0px\u00a0\u00bb background_image=\u00a0\u00bbhttps:\/\/www.marathons.com\/wp-content\/uploads\/20241006RIL1060-min-scaled.jpg\u00a0\u00bb background_enable_image=\u00a0\u00bbon\u00a0\u00bb hover_enabled=\u00a0\u00bb0&Prime; header_text_shadow_style=\u00a0\u00bbpreset1&Prime; text_shadow_style=\u00a0\u00bbpreset1&Prime; global_colors_info=\u00a0\u00bb{}\u00a0\u00bb sticky_transition=\u00a0\u00bbon\u00a0\u00bb sticky_enabled=\u00a0\u00bb0&Prime;][\/et_pb_slide][et_pb_slide heading=\u00a0\u00bbles lots\u00a0\u00bb button_text=\u00a0\u00bbEn savoir plus\u00a0\u00bb button_link=\u00a0\u00bbhttps:\/\/3sport2025.ppawebdesign.com\/b1\/?page_id=244&amp;preview=true\u00a0\u00bb _builder_version=\u00a0\u00bb4.27.4&Prime; _module_preset=\u00a0\u00bbdefault\u00a0\u00bb header_text_color=\u00a0\u00bb#d3a733&Prime; header_letter_spacing=\u00a0\u00bb0px\u00a0\u00bb background_image=\u00a0\u00bbhttps:\/\/cdn-s-www.leprogres.fr\/images\/ED2897A6-BBD5-4470-9A01-94A17858D781\/NW_raw\/le-podium-du-marathon-masculin-mustapha-salmi-philippe-couvat-et-leo-photo-maxime-jegat-1759673870.jpg\u00a0\u00bb background_enable_image=\u00a0\u00bbon\u00a0\u00bb global_colors_info=\u00a0\u00bb{}\u00a0\u00bb sticky_transition=\u00a0\u00bbon\u00a0\u00bb][\/et_pb_slide][\/et_pb_slider][\/et_pb_column][\/et_pb_row][et_pb_row _builder_version=\u00a0\u00bb4.27.4&Prime; _module_preset=\u00a0\u00bbdefault\u00a0\u00bb global_colors_info=\u00a0\u00bb{}\u00a0\u00bb][et_pb_column type=\u00a0\u00bb4_4&Prime; _builder_version=\u00a0\u00bb4.27.4&Prime; _module_preset=\u00a0\u00bbdefault\u00a0\u00bb global_colors_info=\u00a0\u00bb{}\u00a0\u00bb][et_pb_text _builder_version=\u00a0\u00bb4.27.4&Prime; _module_preset=\u00a0\u00bbdefault\u00a0\u00bb module_alignment=\u00a0\u00bbcenter\u00a0\u00bb custom_margin=\u00a0\u00bb||-2px|||\u00a0\u00bb custom_padding=\u00a0\u00bb||32px|||\u00a0\u00bb inline_fonts=\u00a0\u00bbTimes New Roman\u00a0\u00bb global_colors_info=\u00a0\u00bb{}\u00a0\u00bb]<\/p>\n<p style=\"text-align: center\"><span style=\"color: #00285a;font-family: 'Times New Roman';font-weight: normal;font-size: large\"><em><strong><span>Course \u00e9tudiante by PPA Sport : entrez dans l\u2019univers d\u2019une course pas comme les autres. <\/span><\/strong><\/em><\/span><\/p>\n<p style=\"text-align: center\"><span style=\"color: #00285a;font-family: 'Times New Roman';font-weight: normal;font-size: large\"><em><strong><span>Ici, chaque participant devient acteur d\u2019une aventure sportive rythm\u00e9e, engag\u00e9e et f\u00e9d\u00e9ratrice. Pr\u00e9parez-vous \u00e0 vibrer, \u00e0 performer et \u00e0 partager un moment intense entour\u00e9 d\u2019une \u00e9nergie collective incroyable, o\u00f9 l\u2019esprit d\u2019\u00e9quipe, la motivation et le d\u00e9passement de soi prennent vie. Que vous veniez pour le d\u00e9fi, pour le fun ou pour soutenir vos amis, cette exp\u00e9rience unique promet des souvenirs m\u00e9morables et une ambiance inoubliable.<\/span><\/strong><\/em><\/span><\/p>\n<p>[\/et_pb_text][\/et_pb_column][\/et_pb_row][et_pb_row column_structure=\u00a0\u00bb1_2,1_2&Prime; _builder_version=\u00a0\u00bb4.27.4&Prime; _module_preset=\u00a0\u00bbdefault\u00a0\u00bb global_colors_info=\u00a0\u00bb{}\u00a0\u00bb][et_pb_column type=\u00a0\u00bb1_2&Prime; _builder_version=\u00a0\u00bb4.27.4&Prime; _module_preset=\u00a0\u00bbdefault\u00a0\u00bb global_colors_info=\u00a0\u00bb{}\u00a0\u00bb][et_pb_image src=\u00a0\u00bbhttps:\/\/3sport2025.ppawebdesign.com\/b1\/wp-content\/uploads\/sites\/7\/2025\/12\/compact-mark-rgb-block-bounding-box-1.jpg\u00a0\u00bb alt=\u00a0\u00bbIntersport\u00a0\u00bb title_text=\u00a0\u00bbcompact-mark-rgb-block-bounding-box (1)\u00a0\u00bb _builder_version=\u00a0\u00bb4.27.4&Prime; _module_preset=\u00a0\u00bbdefault\u00a0\u00bb global_colors_info=\u00a0\u00bb{}\u00a0\u00bb][\/et_pb_image][\/et_pb_column][et_pb_column type=\u00a0\u00bb1_2&Prime; _builder_version=\u00a0\u00bb4.27.4&Prime; _module_preset=\u00a0\u00bbdefault\u00a0\u00bb global_colors_info=\u00a0\u00bb{}\u00a0\u00bb][et_pb_image src=\u00a0\u00bbhttps:\/\/3sport2025.ppawebdesign.com\/b1\/wp-content\/uploads\/sites\/7\/2025\/12\/images.jpeg\u00a0\u00bb alt=\u00a0\u00bbLes Loges-en-Josas\u00a0\u00bb title_text=\u00a0\u00bbimages\u00a0\u00bb _builder_version=\u00a0\u00bb4.27.4&Prime; _module_preset=\u00a0\u00bbdefault\u00a0\u00bb global_colors_info=\u00a0\u00bb{}\u00a0\u00bb][\/et_pb_image][\/et_pb_column][\/et_pb_row][et_pb_row _builder_version=\u00a0\u00bb4.27.4&Prime; _module_preset=\u00a0\u00bbdefault\u00a0\u00bb global_colors_info=\u00a0\u00bb{}\u00a0\u00bb][et_pb_column type=\u00a0\u00bb4_4&Prime; _builder_version=\u00a0\u00bb4.27.4&Prime; _module_preset=\u00a0\u00bbdefault\u00a0\u00bb global_colors_info=\u00a0\u00bb{}\u00a0\u00bb][et_pb_text _builder_version=\u00a0\u00bb4.27.4&Prime; _module_preset=\u00a0\u00bbdefault\u00a0\u00bb module_alignment=\u00a0\u00bbcenter\u00a0\u00bb global_colors_info=\u00a0\u00bb{}\u00a0\u00bb]<\/p>\n<p style=\"text-align: center\"><span style=\"font-family: 'Times New Roman';font-weight: normal;font-size: large\"><strong><span style=\"color: #00285a\">Merci \u00e0 nos partenaires Les Loges-en-Josas et Intersport pour leur soutien essentiel dans l\u2019organisation de notre course !\u00a0<\/span><\/strong><\/span><\/p>\n<p>[\/et_pb_text][\/et_pb_column][\/et_pb_row][et_pb_row _builder_version=\u00a0\u00bb4.27.4&Prime; _module_preset=\u00a0\u00bbdefault\u00a0\u00bb global_colors_info=\u00a0\u00bb{}\u00a0\u00bb][et_pb_column type=\u00a0\u00bb4_4&Prime; _builder_version=\u00a0\u00bb4.27.4&Prime; _module_preset=\u00a0\u00bbdefault\u00a0\u00bb global_colors_info=\u00a0\u00bb{}\u00a0\u00bb][et_pb_image src=\u00a0\u00bbhttps:\/\/3sport2025.ppawebdesign.com\/b1\/wp-content\/uploads\/sites\/7\/2025\/12\/media_141a4af1df01b504eff4cb9d99254fb70c87e9d7a.jpg\u00a0\u00bb title_text=\u00a0\u00bbmedia_141a4af1df01b504eff4cb9d99254fb70c87e9d7a\u00a0\u00bb align=\u00a0\u00bbcenter\u00a0\u00bb _builder_version=\u00a0\u00bb4.27.4&Prime; _module_preset=\u00a0\u00bbdefault\u00a0\u00bb width=\u00a0\u00bb59%\u00a0\u00bb global_colors_info=\u00a0\u00bb{}\u00a0\u00bb][\/et_pb_image][\/et_pb_column][\/et_pb_row][\/et_pb_section]<\/p>\n","protected":false},"excerpt":{"rendered":"<p>Course \u00e9tudiante by PPA Sport Mardi 13 JanvierCourse \u00e9tudiante by PPA Sport : entrez dans l\u2019univers d\u2019une course pas comme les autres. Ici, chaque participant devient acteur d\u2019une aventure sportive rythm\u00e9e, engag\u00e9e et f\u00e9d\u00e9ratrice. Pr\u00e9parez-vous \u00e0 vibrer, \u00e0 performer et \u00e0 partager un moment intense entour\u00e9 d\u2019une \u00e9nergie collective incroyable, o\u00f9 l\u2019esprit d\u2019\u00e9quipe, la motivation [&hellip;]<\/p>\n","protected":false},"author":34,"featured_media":0,"parent":0,"menu_order":0,"comment_status":"closed","ping_status":"closed","template":"","meta":{"_et_pb_use_builder":"on","_et_pb_old_content":"","_et_gb_content_width":"","footnotes":""},"class_list":["post-22","page","type-page","status-publish","hentry"],"yoast_head":"<!-- This site is optimized with the Yoast SEO plugin v26.5 - https:\/\/yoast.com\/wordpress\/plugins\/seo\/ -->\n<title>Course \u00e9tudiante by PPA Sport - ACCUEIL - Goat Event<\/title>\n<meta name=\"description\" content=\"Pr\u00e9sentation de la course \u00e9tudiante by PPA Sport. Venez vous affronter sur la course des Goats pour gagner des r\u00e9compenses.\" \/>\n<meta name=\"robots\" content=\"index, follow, max-snippet:-1, max-image-preview:large, max-video-preview:-1\" \/>\n<link rel=\"canonical\" href=\"https:\/\/3sport2025.ppawebdesign.com\/b1\/\" \/>\n<meta property=\"og:locale\" content=\"fr_FR\" \/>\n<meta property=\"og:type\" content=\"article\" \/>\n<meta property=\"og:title\" content=\"Course \u00e9tudiante by PPA Sport - ACCUEIL - Goat Event\" \/>\n<meta property=\"og:description\" content=\"Pr\u00e9sentation de la course \u00e9tudiante by PPA Sport. Venez vous affronter sur la course des Goats pour gagner des r\u00e9compenses.\" \/>\n<meta property=\"og:url\" content=\"https:\/\/3sport2025.ppawebdesign.com\/b1\/\" \/>\n<meta property=\"og:site_name\" content=\"Goat Event\" \/>\n<meta property=\"article:modified_time\" content=\"2025-12-04T15:28:33+00:00\" \/>\n<meta name=\"twitter:card\" content=\"summary_large_image\" \/>\n<meta name=\"twitter:label1\" content=\"Dur\u00e9e de lecture estim\u00e9e\" \/>\n\t<meta name=\"twitter:data1\" content=\"2 minutes\" \/>\n<script type=\"application\/ld+json\" class=\"yoast-schema-graph\">{\"@context\":\"https:\/\/schema.org\",\"@graph\":[{\"@type\":[\"WebPage\",\"ItemPage\"],\"@id\":\"https:\/\/3sport2025.ppawebdesign.com\/b1\/\",\"url\":\"https:\/\/3sport2025.ppawebdesign.com\/b1\/\",\"name\":\"Course \u00e9tudiante by PPA Sport - ACCUEIL - Goat Event\",\"isPartOf\":{\"@id\":\"https:\/\/3sport2025.ppawebdesign.com\/b1\/#website\"},\"datePublished\":\"2025-12-02T10:55:44+00:00\",\"dateModified\":\"2025-12-04T15:28:33+00:00\",\"description\":\"Pr\u00e9sentation de la course \u00e9tudiante by PPA Sport. Venez vous affronter sur la course des Goats pour gagner des r\u00e9compenses.\",\"breadcrumb\":{\"@id\":\"https:\/\/3sport2025.ppawebdesign.com\/b1\/#breadcrumb\"},\"inLanguage\":\"fr-FR\",\"potentialAction\":[{\"@type\":\"ReadAction\",\"target\":[\"https:\/\/3sport2025.ppawebdesign.com\/b1\/\"]}]},{\"@type\":\"BreadcrumbList\",\"@id\":\"https:\/\/3sport2025.ppawebdesign.com\/b1\/#breadcrumb\",\"itemListElement\":[{\"@type\":\"ListItem\",\"position\":1,\"name\":\"Accueil\",\"item\":\"https:\/\/3sport2025.ppawebdesign.com\/b1\/\"},{\"@type\":\"ListItem\",\"position\":2,\"name\":\"ACCUEIL\"}]},{\"@type\":\"WebSite\",\"@id\":\"https:\/\/3sport2025.ppawebdesign.com\/b1\/#website\",\"url\":\"https:\/\/3sport2025.ppawebdesign.com\/b1\/\",\"name\":\"Goat Event\",\"description\":\"\",\"potentialAction\":[{\"@type\":\"SearchAction\",\"target\":{\"@type\":\"EntryPoint\",\"urlTemplate\":\"https:\/\/3sport2025.ppawebdesign.com\/b1\/?s={search_term_string}\"},\"query-input\":{\"@type\":\"PropertyValueSpecification\",\"valueRequired\":true,\"valueName\":\"search_term_string\"}}],\"inLanguage\":\"fr-FR\"},{\"@type\":\"Person\",\"@id\":\"https:\/\/3sport2025.ppawebdesign.com\/b1\/#\/schema\/person\/b5ea5e006a09117055d13598ef5ed942\",\"name\":\"Robin MASSIAS\",\"image\":{\"@type\":\"ImageObject\",\"inLanguage\":\"fr-FR\",\"@id\":\"https:\/\/3sport2025.ppawebdesign.com\/b1\/#\/schema\/person\/image\/\",\"url\":\"https:\/\/secure.gravatar.com\/avatar\/980b970ac228dccc097b0f69fff05f908d145665b96cfe955de3814ea1523ee8?s=96&d=mm&r=g\",\"contentUrl\":\"https:\/\/secure.gravatar.com\/avatar\/980b970ac228dccc097b0f69fff05f908d145665b96cfe955de3814ea1523ee8?s=96&d=mm&r=g\",\"caption\":\"Robin MASSIAS\"},\"url\":\"https:\/\/3sport2025.ppawebdesign.com\/b1\/author\/rmassias\/\"}]}<\/script>\n<!-- \/ Yoast SEO plugin. -->","yoast_head_json":{"title":"Course \u00e9tudiante by PPA Sport - ACCUEIL - Goat Event","description":"Pr\u00e9sentation de la course \u00e9tudiante by PPA Sport. Venez vous affronter sur la course des Goats pour gagner des r\u00e9compenses.","robots":{"index":"index","follow":"follow","max-snippet":"max-snippet:-1","max-image-preview":"max-image-preview:large","max-video-preview":"max-video-preview:-1"},"canonical":"https:\/\/3sport2025.ppawebdesign.com\/b1\/","og_locale":"fr_FR","og_type":"article","og_title":"Course \u00e9tudiante by PPA Sport - ACCUEIL - Goat Event","og_description":"Pr\u00e9sentation de la course \u00e9tudiante by PPA Sport. Venez vous affronter sur la course des Goats pour gagner des r\u00e9compenses.","og_url":"https:\/\/3sport2025.ppawebdesign.com\/b1\/","og_site_name":"Goat Event","article_modified_time":"2025-12-04T15:28:33+00:00","twitter_card":"summary_large_image","twitter_misc":{"Dur\u00e9e de lecture estim\u00e9e":"2 minutes"},"schema":{"@context":"https:\/\/schema.org","@graph":[{"@type":["WebPage","ItemPage"],"@id":"https:\/\/3sport2025.ppawebdesign.com\/b1\/","url":"https:\/\/3sport2025.ppawebdesign.com\/b1\/","name":"Course \u00e9tudiante by PPA Sport - ACCUEIL - Goat Event","isPartOf":{"@id":"https:\/\/3sport2025.ppawebdesign.com\/b1\/#website"},"datePublished":"2025-12-02T10:55:44+00:00","dateModified":"2025-12-04T15:28:33+00:00","description":"Pr\u00e9sentation de la course \u00e9tudiante by PPA Sport. Venez vous affronter sur la course des Goats pour gagner des r\u00e9compenses.","breadcrumb":{"@id":"https:\/\/3sport2025.ppawebdesign.com\/b1\/#breadcrumb"},"inLanguage":"fr-FR","potentialAction":[{"@type":"ReadAction","target":["https:\/\/3sport2025.ppawebdesign.com\/b1\/"]}]},{"@type":"BreadcrumbList","@id":"https:\/\/3sport2025.ppawebdesign.com\/b1\/#breadcrumb","itemListElement":[{"@type":"ListItem","position":1,"name":"Accueil","item":"https:\/\/3sport2025.ppawebdesign.com\/b1\/"},{"@type":"ListItem","position":2,"name":"ACCUEIL"}]},{"@type":"WebSite","@id":"https:\/\/3sport2025.ppawebdesign.com\/b1\/#website","url":"https:\/\/3sport2025.ppawebdesign.com\/b1\/","name":"Goat Event","description":"","potentialAction":[{"@type":"SearchAction","target":{"@type":"EntryPoint","urlTemplate":"https:\/\/3sport2025.ppawebdesign.com\/b1\/?s={search_term_string}"},"query-input":{"@type":"PropertyValueSpecification","valueRequired":true,"valueName":"search_term_string"}}],"inLanguage":"fr-FR"},{"@type":"Person","@id":"https:\/\/3sport2025.ppawebdesign.com\/b1\/#\/schema\/person\/b5ea5e006a09117055d13598ef5ed942","name":"Robin MASSIAS","image":{"@type":"ImageObject","inLanguage":"fr-FR","@id":"https:\/\/3sport2025.ppawebdesign.com\/b1\/#\/schema\/person\/image\/","url":"https:\/\/secure.gravatar.com\/avatar\/980b970ac228dccc097b0f69fff05f908d145665b96cfe955de3814ea1523ee8?s=96&d=mm&r=g","contentUrl":"https:\/\/secure.gravatar.com\/avatar\/980b970ac228dccc097b0f69fff05f908d145665b96cfe955de3814ea1523ee8?s=96&d=mm&r=g","caption":"Robin MASSIAS"},"url":"https:\/\/3sport2025.ppawebdesign.com\/b1\/author\/rmassias\/"}]}},"_links":{"self":[{"href":"https:\/\/3sport2025.ppawebdesign.com\/b1\/wp-json\/wp\/v2\/pages\/22","targetHints":{"allow":["GET"]}}],"collection":[{"href":"https:\/\/3sport2025.ppawebdesign.com\/b1\/wp-json\/wp\/v2\/pages"}],"about":[{"href":"https:\/\/3sport2025.ppawebdesign.com\/b1\/wp-json\/wp\/v2\/types\/page"}],"author":[{"embeddable":true,"href":"https:\/\/3sport2025.ppawebdesign.com\/b1\/wp-json\/wp\/v2\/users\/34"}],"replies":[{"embeddable":true,"href":"https:\/\/3sport2025.ppawebdesign.com\/b1\/wp-json\/wp\/v2\/comments?post=22"}],"version-history":[{"count":69,"href":"https:\/\/3sport2025.ppawebdesign.com\/b1\/wp-json\/wp\/v2\/pages\/22\/revisions"}],"predecessor-version":[{"id":613,"href":"https:\/\/3sport2025.ppawebdesign.com\/b1\/wp-json\/wp\/v2\/pages\/22\/revisions\/613"}],"wp:attachment":[{"href":"https:\/\/3sport2025.ppawebdesign.com\/b1\/wp-json\/wp\/v2\/media?parent=22"}],"curies":[{"name":"wp","href":"https:\/\/api.w.org\/{rel}","templated":true}]}}