{"id":244,"date":"2025-12-03T16:15:20","date_gmt":"2025-12-03T15:15:20","guid":{"rendered":"https:\/\/3sport2025.ppawebdesign.com\/b1\/?page_id=244"},"modified":"2025-12-04T15:16:04","modified_gmt":"2025-12-04T14:16:04","slug":"recompenses","status":"publish","type":"page","link":"https:\/\/3sport2025.ppawebdesign.com\/b1\/recompenses\/","title":{"rendered":"Les R\u00e9compenses"},"content":{"rendered":"\n[et_pb_section fb_built=\u00a0\u00bb1&Prime; fullwidth=\u00a0\u00bbon\u00a0\u00bb _builder_version=\u00a0\u00bb4.27.4&Prime; _module_preset=\u00a0\u00bbdefault\u00a0\u00bb global_colors_info=\u00a0\u00bb{}\u00a0\u00bb][et_pb_fullwidth_image src=\u00a0\u00bbhttps:\/\/3sport2025.ppawebdesign.com\/b1\/wp-content\/uploads\/sites\/7\/2025\/12\/1592316898226-Intersport-La-plus-belle-des-rencontres.png\u00a0\u00bb alt=\u00a0\u00bbIntersport\u00a0\u00bb title_text=\u00a0\u00bb1592316898226-Intersport La plus belle des rencontres\u00a0\u00bb _builder_version=\u00a0\u00bb4.27.4&Prime; _module_preset=\u00a0\u00bbdefault\u00a0\u00bb global_colors_info=\u00a0\u00bb{}\u00a0\u00bb][\/et_pb_fullwidth_image][\/et_pb_section][et_pb_section fb_built=\u00a0\u00bb1&Prime; fullwidth=\u00a0\u00bbon\u00a0\u00bb _builder_version=\u00a0\u00bb4.27.4&Prime; _module_preset=\u00a0\u00bbdefault\u00a0\u00bb global_colors_info=\u00a0\u00bb{}\u00a0\u00bb][et_pb_fullwidth_post_title meta=\u00a0\u00bboff\u00a0\u00bb _builder_version=\u00a0\u00bb4.27.4&Prime; _module_preset=\u00a0\u00bbdefault\u00a0\u00bb title_font=\u00a0\u00bbTimes New Roman|600|||||||\u00a0\u00bb title_text_color=\u00a0\u00bb#d3a733&Prime; title_font_size=\u00a0\u00bb45px\u00a0\u00bb global_colors_info=\u00a0\u00bb{}\u00a0\u00bb][\/et_pb_fullwidth_post_title][\/et_pb_section][et_pb_section fb_built=\u00a0\u00bb1&Prime; fullwidth=\u00a0\u00bbon\u00a0\u00bb _builder_version=\u00a0\u00bb4.27.4&Prime; _module_preset=\u00a0\u00bbdefault\u00a0\u00bb global_colors_info=\u00a0\u00bb{}\u00a0\u00bb][et_pb_fullwidth_header _builder_version=\u00a0\u00bb4.27.4&Prime; _module_preset=\u00a0\u00bbdefault\u00a0\u00bb background_color=\u00a0\u00bb#FFFFFF\u00a0\u00bb inline_fonts=\u00a0\u00bbTimes New Roman\u00a0\u00bb global_colors_info=\u00a0\u00bb{}\u00a0\u00bb]<p data-start=\"257\" data-end=\"322\"><\/p>\n<p data-start=\"257\" data-end=\"322\"><\/p>\n<p data-start=\"257\" data-end=\"322\"><\/p>\n<p data-start=\"257\" data-end=\"322\" style=\"text-align: center\"><span style=\"color: #00285a;font-family: 'Times New Roman';font-weight: normal;font-size: large\">La <strong data-start=\"327\" data-end=\"347\">Course des Goats<\/strong> r\u00e9compense les meilleurs participants et valorise leurs performances gr\u00e2ce \u00e0 des prix motivants et attractifs.<\/span><\/p>\n<p data-start=\"462\" data-end=\"598\" style=\"text-align: center\"><span style=\"color: #00285a;font-family: 'Times New Roman';font-weight: normal;font-size: large\">Les trois premiers coureurs de la <strong data-start=\"496\" data-end=\"516\">Course des Goats<\/strong> recevront des r\u00e9compenses sp\u00e9ciales pour c\u00e9l\u00e9brer leur r\u00e9ussite et leur effort.<\/span><\/p>\n<p data-start=\"600\" data-end=\"715\" style=\"text-align: center\"><span style=\"color: #00285a;font-family: 'Times New Roman';font-weight: normal;font-size: large\">Le 1er de la <strong data-start=\"613\" data-end=\"633\">Course des Goats<\/strong> obtiendra une m\u00e9daille d\u2019or et un ch\u00e8que cadeau Intersport d\u2019une valeur de 50\u20ac.<\/span><\/p>\n<p data-start=\"717\" data-end=\"850\" style=\"text-align: center\"><span style=\"color: #00285a;font-family: 'Times New Roman';font-weight: normal;font-size: large\">Le 2\u00e8me recevra une m\u00e9daille d\u2019argent et un ch\u00e8que cadeau Intersport d\u2019une valeur de 30\u20ac, soulignant sa performance exceptionnelle.<\/span><\/p>\n<p data-start=\"852\" data-end=\"993\" style=\"text-align: center\"><span style=\"color: #00285a;font-family: 'Times New Roman';font-weight: normal;font-size: large\">Le 3\u00e8me recevra une m\u00e9daille de bronze et un ch\u00e8que cadeau Intersport d\u2019une valeur de 15\u20ac, r\u00e9compensant son engagement et sa participation.<\/span><\/p>\n<p data-start=\"995\" data-end=\"1166\" style=\"text-align: center\"><span style=\"color: #00285a;font-family: 'Times New Roman';font-weight: normal;font-size: large\">Au-del\u00e0 des r\u00e9compenses mat\u00e9rielles, la <strong data-start=\"1035\" data-end=\"1055\">Course des Goats<\/strong> offre aux participants la satisfaction de d\u00e9passer leurs limites et de vivre une exp\u00e9rience sportive unique.<\/span><\/p>\n<p data-start=\"1168\" data-end=\"1304\" style=\"text-align: center\"><span style=\"color: #00285a;font-family: 'Times New Roman';font-weight: normal;font-size: large\">Chaque coureur b\u00e9n\u00e9ficie d\u2019une organisation fluide, de parcours adapt\u00e9s et d\u2019une ambiance conviviale favorisant le d\u00e9passement de soi.<\/span><\/p>\n<p data-start=\"1306\" data-end=\"1436\" style=\"text-align: center\"><span style=\"color: #00285a;font-family: 'Times New Roman';font-weight: normal;font-size: large\">Les r\u00e9compenses participent \u00e9galement \u00e0 cr\u00e9er une motivation collective et \u00e0 renforcer l\u2019esprit d\u2019\u00e9quipe parmi les participants.<\/span><\/p>\n<p data-start=\"1438\" data-end=\"1570\" style=\"text-align: center\"><span style=\"color: #00285a;font-family: 'Times New Roman';font-weight: normal;font-size: large\">En participant \u00e0 la <strong data-start=\"1458\" data-end=\"1478\">Course des Goats<\/strong>, vous d\u00e9couvrez un \u00e9v\u00e9nement sportif structur\u00e9, stimulant et con\u00e7u pour tous les niveaux.<\/span><\/p>\n<p data-start=\"1572\" data-end=\"1728\" style=\"text-align: center\"><span style=\"color: #00285a;font-family: 'Times New Roman';font-weight: normal;font-size: large\">Les r\u00e9compenses illustrent nos valeurs : fair-play, effort et convivialit\u00e9. Elles permettent \u00e0 chaque participant de repartir avec des souvenirs positifs.<\/span><\/p>\n<p data-start=\"1572\" data-end=\"1728\" style=\"text-align: center\"><span style=\"color: #00285a;font-family: 'Times New Roman';font-weight: normal;font-size: large\"><\/span><\/p>\n<p data-start=\"1572\" data-end=\"1728\" style=\"text-align: center\"><span style=\"color: #00285a;font-family: 'Times New Roman';font-weight: normal;font-size: large\"><\/span><\/p>\n<p data-start=\"1572\" data-end=\"1728\" style=\"text-align: center\"><span style=\"color: #00285a;font-family: 'Times New Roman';font-weight: normal;font-size: large\"><\/span><\/p>\n<p data-start=\"1730\" data-end=\"1752\" style=\"text-align: center\"><span style=\"color: #d3a733;font-family: 'Times New Roman';font-weight: normal;font-size: large\"><strong data-start=\"1730\" data-end=\"1750\"><\/strong><\/span><\/p>\n<p data-start=\"1730\" data-end=\"1752\" style=\"text-align: center\"><span style=\"color: #d3a733;font-family: 'Times New Roman';font-weight: normal;font-size: large\"><strong data-start=\"1730\" data-end=\"1750\"><\/strong><\/span><\/p>\n<ul data-start=\"1881\" data-end=\"1939\">\n<li data-start=\"1881\" data-end=\"1939\" style=\"text-align: center\">\n<p data-start=\"1883\" data-end=\"1939\"><\/p>\n<\/li>\n<\/ul>[\/et_pb_fullwidth_header][\/et_pb_section][et_pb_section fb_built=\u00a0\u00bb1&Prime; _builder_version=\u00a0\u00bb4.27.4&Prime; _module_preset=\u00a0\u00bbdefault\u00a0\u00bb global_colors_info=\u00a0\u00bb{}\u00a0\u00bb][et_pb_row _builder_version=\u00a0\u00bb4.27.4&Prime; _module_preset=\u00a0\u00bbdefault\u00a0\u00bb module_alignment=\u00a0\u00bbright\u00a0\u00bb global_colors_info=\u00a0\u00bb{}\u00a0\u00bb][et_pb_column type=\u00a0\u00bb4_4&Prime; _builder_version=\u00a0\u00bb4.27.4&Prime; _module_preset=\u00a0\u00bbdefault\u00a0\u00bb global_colors_info=\u00a0\u00bb{}\u00a0\u00bb][et_pb_image src=\u00a0\u00bbhttps:\/\/3sport2025.ppawebdesign.com\/b1\/wp-content\/uploads\/sites\/7\/2025\/12\/page-carte-cadeau-carte-cadeau-intersport-content-2022-3.png\u00a0\u00bb alt=\u00a0\u00bbCarte intersport\u00a0\u00bb title_text=\u00a0\u00bbpage-carte-cadeau-carte-cadeau-intersport-content-2022-3&Prime; _builder_version=\u00a0\u00bb4.27.4&Prime; _module_preset=\u00a0\u00bbdefault\u00a0\u00bb global_colors_info=\u00a0\u00bb{}\u00a0\u00bb][\/et_pb_image][\/et_pb_column][\/et_pb_row][\/et_pb_section][et_pb_section fb_built=\u00a0\u00bb1&Prime; _builder_version=\u00a0\u00bb4.27.4&Prime; _module_preset=\u00a0\u00bbdefault\u00a0\u00bb global_colors_info=\u00a0\u00bb{}\u00a0\u00bb][et_pb_row _builder_version=\u00a0\u00bb4.27.4&Prime; _module_preset=\u00a0\u00bbdefault\u00a0\u00bb global_colors_info=\u00a0\u00bb{}\u00a0\u00bb][et_pb_column type=\u00a0\u00bb4_4&Prime; _builder_version=\u00a0\u00bb4.27.4&Prime; _module_preset=\u00a0\u00bbdefault\u00a0\u00bb global_colors_info=\u00a0\u00bb{}\u00a0\u00bb][et_pb_text _builder_version=\u00a0\u00bb4.27.4&Prime; _module_preset=\u00a0\u00bbdefault\u00a0\u00bb inline_fonts=\u00a0\u00bbTimes New Roman\u00a0\u00bb global_colors_info=\u00a0\u00bb{}\u00a0\u00bb]<p data-start=\"1730\" data-end=\"1752\"><span style=\"color: #d3a733;font-family: 'Times New Roman';font-weight: normal;font-size: large\"><strong data-start=\"1730\" data-end=\"1750\"><span style=\"text-decoration: underline\">Liens internes :<\/span><\/strong><\/span><\/p>\n<ul data-start=\"1753\" data-end=\"1858\">\n<li data-start=\"1753\" data-end=\"1810\">\n<p data-start=\"1755\" data-end=\"1810\"><span style=\"font-family: 'Times New Roman';font-weight: normal;font-size: large;color: #3330ff\"><a href=\"https:\/\/3sport2025.ppawebdesign.com\/b1\/\" style=\"color: #3330ff\">Accueil<\/a><\/span><\/p>\n<\/li>\n<li data-start=\"1811\" data-end=\"1858\">\n<p data-start=\"1813\" data-end=\"1858\"><span style=\"font-family: 'Times New Roman';font-weight: normal;font-size: large;color: #3041ff\"><a href=\"https:\/\/3sport2025.ppawebdesign.com\/b1\/goat-event-2\/\" style=\"color: #3041ff\">D\u00e9couvrez notre \u00e9quipe<\/a><\/span><\/p>\n<\/li>\n<\/ul>\n<p><span style=\"font-family: 'Times New Roman';font-weight: normal;font-size: large\">\u00a0<\/span><\/p>\n<p data-start=\"1860\" data-end=\"1880\"><span style=\"color: #d3a733;font-family: 'Times New Roman';font-weight: normal;font-size: large\"><strong data-start=\"1860\" data-end=\"1878\"><span style=\"text-decoration: underline\">Lien externe :<\/span><\/strong><\/span><\/p>\n<p data-start=\"1860\" data-end=\"1880\"><span style=\"color: #1400f9\"><a href=\"https:\/\/www.intersport.fr\/\" style=\"color: #1400f9\"><span style=\"font-family: 'Times New Roman';font-weight: normal;font-size: large\"><strong data-start=\"1860\" data-end=\"1878\"><\/strong><\/span><\/a><\/span><\/p>\n<ul data-start=\"1881\" data-end=\"1939\">\n<li data-start=\"1881\" data-end=\"1939\">\n<p data-start=\"1883\" data-end=\"1939\"><span style=\"font-family: 'Times New Roman';font-weight: normal;font-size: large\"><span style=\"color: #00285a\"><span style=\"color: #1400f9\"><a href=\"https:\/\/www.intersport.fr\/\" style=\"color: #1400f9\">Id\u00e9es de cadeaux sportifs chez notre partenaire intersport<\/a><\/span>\u00a0<\/span><\/span><\/p>\n<\/li>\n<\/ul>[\/et_pb_text][\/et_pb_column][\/et_pb_row][\/et_pb_section]\n","protected":false},"excerpt":{"rendered":"<p>La Course des Goats r\u00e9compense les meilleurs participants et valorise leurs performances gr\u00e2ce \u00e0 des prix motivants et attractifs. Les trois premiers coureurs de la Course des Goats recevront des r\u00e9compenses sp\u00e9ciales pour c\u00e9l\u00e9brer leur r\u00e9ussite et leur effort. Le 1er de la Course des Goats obtiendra une m\u00e9daille d\u2019or et un ch\u00e8que cadeau Intersport [&hellip;]<\/p>\n","protected":false},"author":34,"featured_media":0,"parent":0,"menu_order":0,"comment_status":"closed","ping_status":"closed","template":"","meta":{"_et_pb_use_builder":"on","_et_pb_old_content":"","_et_gb_content_width":"","footnotes":""},"class_list":["post-244","page","type-page","status-publish","hentry"],"yoast_head":"<!-- This site is optimized with the Yoast SEO plugin v26.5 - https:\/\/yoast.com\/wordpress\/plugins\/seo\/ -->\n<title>Les R\u00e9compenses - Goat Event<\/title>\n<meta name=\"description\" content=\"Venez participez \u00e0 la course des Goats et tentez de gagner des r\u00e9compenses \u00e0 gagner notamment des cartes cadeaux Intersport !\" \/>\n<meta name=\"robots\" content=\"index, follow, max-snippet:-1, max-image-preview:large, max-video-preview:-1\" \/>\n<link rel=\"canonical\" href=\"https:\/\/3sport2025.ppawebdesign.com\/b1\/recompenses\/\" \/>\n<meta property=\"og:locale\" content=\"fr_FR\" \/>\n<meta property=\"og:type\" content=\"article\" \/>\n<meta property=\"og:title\" content=\"Les R\u00e9compenses - Goat Event\" \/>\n<meta property=\"og:description\" content=\"Venez participez \u00e0 la course des Goats et tentez de gagner des r\u00e9compenses \u00e0 gagner notamment des cartes cadeaux Intersport !\" \/>\n<meta property=\"og:url\" content=\"https:\/\/3sport2025.ppawebdesign.com\/b1\/recompenses\/\" \/>\n<meta property=\"og:site_name\" content=\"Goat Event\" \/>\n<meta property=\"article:modified_time\" content=\"2025-12-04T14:16:04+00:00\" \/>\n<meta name=\"twitter:card\" content=\"summary_large_image\" \/>\n<meta name=\"twitter:label1\" content=\"Dur\u00e9e de lecture estim\u00e9e\" \/>\n\t<meta name=\"twitter:data1\" content=\"2 minutes\" \/>\n<script type=\"application\/ld+json\" class=\"yoast-schema-graph\">{\"@context\":\"https:\/\/schema.org\",\"@graph\":[{\"@type\":\"WebPage\",\"@id\":\"https:\/\/3sport2025.ppawebdesign.com\/b1\/recompenses\/\",\"url\":\"https:\/\/3sport2025.ppawebdesign.com\/b1\/recompenses\/\",\"name\":\"Les R\u00e9compenses - Goat Event\",\"isPartOf\":{\"@id\":\"https:\/\/3sport2025.ppawebdesign.com\/b1\/#website\"},\"datePublished\":\"2025-12-03T15:15:20+00:00\",\"dateModified\":\"2025-12-04T14:16:04+00:00\",\"description\":\"Venez participez \u00e0 la course des Goats et tentez de gagner des r\u00e9compenses \u00e0 gagner notamment des cartes cadeaux Intersport !\",\"breadcrumb\":{\"@id\":\"https:\/\/3sport2025.ppawebdesign.com\/b1\/recompenses\/#breadcrumb\"},\"inLanguage\":\"fr-FR\",\"potentialAction\":[{\"@type\":\"ReadAction\",\"target\":[\"https:\/\/3sport2025.ppawebdesign.com\/b1\/recompenses\/\"]}]},{\"@type\":\"BreadcrumbList\",\"@id\":\"https:\/\/3sport2025.ppawebdesign.com\/b1\/recompenses\/#breadcrumb\",\"itemListElement\":[{\"@type\":\"ListItem\",\"position\":1,\"name\":\"Accueil\",\"item\":\"https:\/\/3sport2025.ppawebdesign.com\/b1\/\"},{\"@type\":\"ListItem\",\"position\":2,\"name\":\"Les R\u00e9compenses\"}]},{\"@type\":\"WebSite\",\"@id\":\"https:\/\/3sport2025.ppawebdesign.com\/b1\/#website\",\"url\":\"https:\/\/3sport2025.ppawebdesign.com\/b1\/\",\"name\":\"Goat Event\",\"description\":\"\",\"potentialAction\":[{\"@type\":\"SearchAction\",\"target\":{\"@type\":\"EntryPoint\",\"urlTemplate\":\"https:\/\/3sport2025.ppawebdesign.com\/b1\/?s={search_term_string}\"},\"query-input\":{\"@type\":\"PropertyValueSpecification\",\"valueRequired\":true,\"valueName\":\"search_term_string\"}}],\"inLanguage\":\"fr-FR\"}]}<\/script>\n<!-- \/ Yoast SEO plugin. -->","yoast_head_json":{"title":"Les R\u00e9compenses - Goat Event","description":"Venez participez \u00e0 la course des Goats et tentez de gagner des r\u00e9compenses \u00e0 gagner notamment des cartes cadeaux Intersport !","robots":{"index":"index","follow":"follow","max-snippet":"max-snippet:-1","max-image-preview":"max-image-preview:large","max-video-preview":"max-video-preview:-1"},"canonical":"https:\/\/3sport2025.ppawebdesign.com\/b1\/recompenses\/","og_locale":"fr_FR","og_type":"article","og_title":"Les R\u00e9compenses - Goat Event","og_description":"Venez participez \u00e0 la course des Goats et tentez de gagner des r\u00e9compenses \u00e0 gagner notamment des cartes cadeaux Intersport !","og_url":"https:\/\/3sport2025.ppawebdesign.com\/b1\/recompenses\/","og_site_name":"Goat Event","article_modified_time":"2025-12-04T14:16:04+00:00","twitter_card":"summary_large_image","twitter_misc":{"Dur\u00e9e de lecture estim\u00e9e":"2 minutes"},"schema":{"@context":"https:\/\/schema.org","@graph":[{"@type":"WebPage","@id":"https:\/\/3sport2025.ppawebdesign.com\/b1\/recompenses\/","url":"https:\/\/3sport2025.ppawebdesign.com\/b1\/recompenses\/","name":"Les R\u00e9compenses - Goat Event","isPartOf":{"@id":"https:\/\/3sport2025.ppawebdesign.com\/b1\/#website"},"datePublished":"2025-12-03T15:15:20+00:00","dateModified":"2025-12-04T14:16:04+00:00","description":"Venez participez \u00e0 la course des Goats et tentez de gagner des r\u00e9compenses \u00e0 gagner notamment des cartes cadeaux Intersport !","breadcrumb":{"@id":"https:\/\/3sport2025.ppawebdesign.com\/b1\/recompenses\/#breadcrumb"},"inLanguage":"fr-FR","potentialAction":[{"@type":"ReadAction","target":["https:\/\/3sport2025.ppawebdesign.com\/b1\/recompenses\/"]}]},{"@type":"BreadcrumbList","@id":"https:\/\/3sport2025.ppawebdesign.com\/b1\/recompenses\/#breadcrumb","itemListElement":[{"@type":"ListItem","position":1,"name":"Accueil","item":"https:\/\/3sport2025.ppawebdesign.com\/b1\/"},{"@type":"ListItem","position":2,"name":"Les R\u00e9compenses"}]},{"@type":"WebSite","@id":"https:\/\/3sport2025.ppawebdesign.com\/b1\/#website","url":"https:\/\/3sport2025.ppawebdesign.com\/b1\/","name":"Goat Event","description":"","potentialAction":[{"@type":"SearchAction","target":{"@type":"EntryPoint","urlTemplate":"https:\/\/3sport2025.ppawebdesign.com\/b1\/?s={search_term_string}"},"query-input":{"@type":"PropertyValueSpecification","valueRequired":true,"valueName":"search_term_string"}}],"inLanguage":"fr-FR"}]}},"_links":{"self":[{"href":"https:\/\/3sport2025.ppawebdesign.com\/b1\/wp-json\/wp\/v2\/pages\/244","targetHints":{"allow":["GET"]}}],"collection":[{"href":"https:\/\/3sport2025.ppawebdesign.com\/b1\/wp-json\/wp\/v2\/pages"}],"about":[{"href":"https:\/\/3sport2025.ppawebdesign.com\/b1\/wp-json\/wp\/v2\/types\/page"}],"author":[{"embeddable":true,"href":"https:\/\/3sport2025.ppawebdesign.com\/b1\/wp-json\/wp\/v2\/users\/34"}],"replies":[{"embeddable":true,"href":"https:\/\/3sport2025.ppawebdesign.com\/b1\/wp-json\/wp\/v2\/comments?post=244"}],"version-history":[{"count":17,"href":"https:\/\/3sport2025.ppawebdesign.com\/b1\/wp-json\/wp\/v2\/pages\/244\/revisions"}],"predecessor-version":[{"id":535,"href":"https:\/\/3sport2025.ppawebdesign.com\/b1\/wp-json\/wp\/v2\/pages\/244\/revisions\/535"}],"wp:attachment":[{"href":"https:\/\/3sport2025.ppawebdesign.com\/b1\/wp-json\/wp\/v2\/media?parent=244"}],"curies":[{"name":"wp","href":"https:\/\/api.w.org\/{rel}","templated":true}]}}