{"id":25,"date":"2025-12-02T11:56:54","date_gmt":"2025-12-02T10:56:54","guid":{"rendered":"https:\/\/3sport2025.ppawebdesign.com\/b1\/?page_id=25"},"modified":"2025-12-05T10:05:00","modified_gmt":"2025-12-05T09:05:00","slug":"question-contact","status":"publish","type":"page","link":"https:\/\/3sport2025.ppawebdesign.com\/b1\/question-contact\/","title":{"rendered":"CONTACT"},"content":{"rendered":"<p>[et_pb_section fb_built=\u00a0\u00bb1&Prime; fullwidth=\u00a0\u00bbon\u00a0\u00bb _builder_version=\u00a0\u00bb4.27.4&Prime; _module_preset=\u00a0\u00bbdefault\u00a0\u00bb global_colors_info=\u00a0\u00bb{}\u00a0\u00bb][et_pb_fullwidth_slider _builder_version=\u00a0\u00bb4.27.4&Prime; _module_preset=\u00a0\u00bbdefault\u00a0\u00bb header_level=\u00a0\u00bbh1&Prime; header_font=\u00a0\u00bbTimes New Roman|800||on|||||\u00a0\u00bb header_font_size=\u00a0\u00bb65px\u00a0\u00bb header_line_height=\u00a0\u00bb1.2em\u00a0\u00bb background_enable_image=\u00a0\u00bboff\u00a0\u00bb global_colors_info=\u00a0\u00bb{}\u00a0\u00bb][et_pb_slide heading=\u00a0\u00bbCONTACT\u00a0\u00bb _builder_version=\u00a0\u00bb4.27.4&Prime; _module_preset=\u00a0\u00bbdefault\u00a0\u00bb header_text_color=\u00a0\u00bb#d3a733&Prime; header_font_size=\u00a0\u00bb54px\u00a0\u00bb body_text_color=\u00a0\u00bb#EDF000&Prime; global_colors_info=\u00a0\u00bb{}\u00a0\u00bb sticky_transition=\u00a0\u00bbon\u00a0\u00bb][\/et_pb_slide][\/et_pb_fullwidth_slider][\/et_pb_section][et_pb_section fb_built=\u00a0\u00bb1&Prime; _builder_version=\u00a0\u00bb4.27.4&Prime; _module_preset=\u00a0\u00bbdefault\u00a0\u00bb custom_padding=\u00a0\u00bb||0px|||\u00a0\u00bb global_colors_info=\u00a0\u00bb{}\u00a0\u00bb][et_pb_row column_structure=\u00a0\u00bb1_2,1_2&Prime; _builder_version=\u00a0\u00bb4.27.4&Prime; _module_preset=\u00a0\u00bbdefault\u00a0\u00bb global_colors_info=\u00a0\u00bb{}\u00a0\u00bb][et_pb_column type=\u00a0\u00bb1_2&Prime; _builder_version=\u00a0\u00bb4.27.4&Prime; _module_preset=\u00a0\u00bbdefault\u00a0\u00bb global_colors_info=\u00a0\u00bb{}\u00a0\u00bb][et_pb_text _builder_version=\u00a0\u00bb4.27.4&Prime; _module_preset=\u00a0\u00bbdefault\u00a0\u00bb inline_fonts=\u00a0\u00bbTimes New Roman\u00a0\u00bb global_colors_info=\u00a0\u00bb{}\u00a0\u00bb]<\/p>\n<h2><span style=\"color: #d3a733;font-family: Times New Roman\"><span style=\"font-size: 24px\"><b><u>Vous avez une question ?<\/u><\/b><\/span><\/span><\/h2>\n<p><span style=\"color: #d3a733;font-family: Times New Roman\"><span style=\"font-size: 24px\"><b><u><\/u><\/b><\/span><\/span><\/p>\n<h3 style=\"text-align: justify\"><span style=\"font-family: 'Times New Roman';font-weight: normal;font-size: large;color: #00285a\"><strong><span>Nous vous invitons \u00e0 nous contacter facilement en utilisant le formulaire situ\u00e9 juste \u00e0 c\u00f4t\u00e9. Que vous ayez une question, un besoin d\u2019\u00e9claircissement ou que vous souhaitiez obtenir des informations suppl\u00e9mentaires, notre \u00e9quipe est \u00e0 votre \u00e9coute et pr\u00eate \u00e0 vous accompagner. En nous envoyant votre message, vous nous permettez de vous fournir des r\u00e9ponses pr\u00e9cises concernant nos \u00e9v\u00e9nements, nos services ou toute d\u00e9marche li\u00e9e \u00e0 notre agence. Nous nous engageons \u00e0 revenir vers vous rapidement afin de vous guider au mieux. Vos demandes nous aident \u00e9galement \u00e0 am\u00e9liorer continuellement la qualit\u00e9 de nos actions. N\u2019h\u00e9sitez surtout pas \u00e0 nous \u00e9crire : nous serons ravis de vous aider.<\/span><\/strong><\/span><span style=\"font-family: 'Times New Roman';font-weight: normal;font-size: large\"><\/span><\/h3>\n<p><span style=\"font-family: 'Times New Roman';font-weight: normal;font-size: large;color: #00285a\"><strong><span><\/span><\/strong><\/span><\/p>\n<p><span style=\"text-decoration: underline;color: #d3a733\"><span style=\"font-family: 'Times New Roman';font-weight: normal;font-size: large\"><strong data-start=\"1774\" data-end=\"1794\">Liens internes :<\/strong><\/span><\/span><\/p>\n<ul data-start=\"1925\" data-end=\"2001\">\n<li data-start=\"1797\" data-end=\"1854\"><span style=\"color: #462ef7;font-family: 'Times New Roman';font-weight: normal;font-size: large\"><a href=\"https:\/\/forms.gle\/bqd2xjNrjSmN1dodA\" style=\"color: #462ef7\">Vous inscrire !<\/a><\/span><\/li>\n<li data-start=\"1855\" data-end=\"1902\"><span style=\"color: #2f47fc;font-family: 'Times New Roman';font-weight: normal;font-size: large\"><a href=\"https:\/\/3sport2025.ppawebdesign.com\/b1\/valeurs\/\" style=\"color: #2f47fc\">Nos valeurs<\/a><\/span><\/li>\n<\/ul>\n<p><span style=\"text-decoration: underline;color: #d3a733\"><span style=\"font-family: 'Times New Roman';font-weight: normal;font-size: large\"><strong data-start=\"1904\" data-end=\"1922\">Lien externe :<\/strong><\/span><\/span><\/p>\n<p><span style=\"text-decoration: underline;color: #d3a733\"><span style=\"font-family: 'Times New Roman';font-weight: normal;font-size: large\"><strong data-start=\"1904\" data-end=\"1922\"><\/strong><\/span><\/span><\/p>\n<ul data-start=\"1925\" data-end=\"2001\">\n<li data-start=\"1925\" data-end=\"2001\"><span style=\"color: #303eff;font-family: 'Times New Roman';font-weight: normal;font-size: large\"><a href=\"https:\/\/www.asics.com\/fr\/fr-fr\/running-advice\/faq-100-common\/\" style=\"color: #303eff\">FAQ Running by Asics<\/a><\/span><\/li>\n<\/ul>\n<p>[\/et_pb_text][\/et_pb_column][et_pb_column type=\u00a0\u00bb1_2&Prime; _builder_version=\u00a0\u00bb4.27.4&Prime; _module_preset=\u00a0\u00bbdefault\u00a0\u00bb global_colors_info=\u00a0\u00bb{}\u00a0\u00bb][et_pb_contact_form captcha=\u00a0\u00bboff\u00a0\u00bb _builder_version=\u00a0\u00bb4.27.4&Prime; _module_preset=\u00a0\u00bbdefault\u00a0\u00bb _unique_id=\u00a0\u00bbc3fc832c-8f71-4618-94e3-5a05da33334a\u00a0\u00bb custom_button=\u00a0\u00bbon\u00a0\u00bb button_text_color=\u00a0\u00bb#d3a733&Prime; button_bg_color=\u00a0\u00bb#00285a\u00a0\u00bb button_font=\u00a0\u00bbTimes New Roman|600|||||||\u00a0\u00bb global_colors_info=\u00a0\u00bb{}\u00a0\u00bb][et_pb_contact_field field_id=\u00a0\u00bbNom\u00a0\u00bb field_title=\u00a0\u00bbNom\u00a0\u00bb _builder_version=\u00a0\u00bb4.27.4&Prime; global_colors_info=\u00a0\u00bb{}\u00a0\u00bb button_text_size__hover_enabled=\u00a0\u00bboff\u00a0\u00bb button_one_text_size__hover_enabled=\u00a0\u00bboff\u00a0\u00bb button_two_text_size__hover_enabled=\u00a0\u00bboff\u00a0\u00bb button_text_color__hover_enabled=\u00a0\u00bboff\u00a0\u00bb button_one_text_color__hover_enabled=\u00a0\u00bboff\u00a0\u00bb button_two_text_color__hover_enabled=\u00a0\u00bboff\u00a0\u00bb button_border_width__hover_enabled=\u00a0\u00bboff\u00a0\u00bb button_one_border_width__hover_enabled=\u00a0\u00bboff\u00a0\u00bb button_two_border_width__hover_enabled=\u00a0\u00bboff\u00a0\u00bb button_border_color__hover_enabled=\u00a0\u00bboff\u00a0\u00bb button_one_border_color__hover_enabled=\u00a0\u00bboff\u00a0\u00bb button_two_border_color__hover_enabled=\u00a0\u00bboff\u00a0\u00bb button_border_radius__hover_enabled=\u00a0\u00bboff\u00a0\u00bb button_one_border_radius__hover_enabled=\u00a0\u00bboff\u00a0\u00bb button_two_border_radius__hover_enabled=\u00a0\u00bboff\u00a0\u00bb button_letter_spacing__hover_enabled=\u00a0\u00bboff\u00a0\u00bb button_one_letter_spacing__hover_enabled=\u00a0\u00bboff\u00a0\u00bb button_two_letter_spacing__hover_enabled=\u00a0\u00bboff\u00a0\u00bb button_bg_color__hover_enabled=\u00a0\u00bboff\u00a0\u00bb button_one_bg_color__hover_enabled=\u00a0\u00bboff\u00a0\u00bb button_two_bg_color__hover_enabled=\u00a0\u00bboff\u00a0\u00bb][\/et_pb_contact_field][et_pb_contact_field field_id=\u00a0\u00bbPr\u00e9nom\u00a0\u00bb field_title=\u00a0\u00bbPr\u00e9nom\u00a0\u00bb field_type=\u00a0\u00bbemail\u00a0\u00bb _builder_version=\u00a0\u00bb4.27.4&Prime; global_colors_info=\u00a0\u00bb{}\u00a0\u00bb button_text_size__hover_enabled=\u00a0\u00bboff\u00a0\u00bb button_one_text_size__hover_enabled=\u00a0\u00bboff\u00a0\u00bb button_two_text_size__hover_enabled=\u00a0\u00bboff\u00a0\u00bb button_text_color__hover_enabled=\u00a0\u00bboff\u00a0\u00bb button_one_text_color__hover_enabled=\u00a0\u00bboff\u00a0\u00bb button_two_text_color__hover_enabled=\u00a0\u00bboff\u00a0\u00bb button_border_width__hover_enabled=\u00a0\u00bboff\u00a0\u00bb button_one_border_width__hover_enabled=\u00a0\u00bboff\u00a0\u00bb button_two_border_width__hover_enabled=\u00a0\u00bboff\u00a0\u00bb button_border_color__hover_enabled=\u00a0\u00bboff\u00a0\u00bb button_one_border_color__hover_enabled=\u00a0\u00bboff\u00a0\u00bb button_two_border_color__hover_enabled=\u00a0\u00bboff\u00a0\u00bb button_border_radius__hover_enabled=\u00a0\u00bboff\u00a0\u00bb button_one_border_radius__hover_enabled=\u00a0\u00bboff\u00a0\u00bb button_two_border_radius__hover_enabled=\u00a0\u00bboff\u00a0\u00bb button_letter_spacing__hover_enabled=\u00a0\u00bboff\u00a0\u00bb button_one_letter_spacing__hover_enabled=\u00a0\u00bboff\u00a0\u00bb button_two_letter_spacing__hover_enabled=\u00a0\u00bboff\u00a0\u00bb button_bg_color__hover_enabled=\u00a0\u00bboff\u00a0\u00bb button_one_bg_color__hover_enabled=\u00a0\u00bboff\u00a0\u00bb button_two_bg_color__hover_enabled=\u00a0\u00bboff\u00a0\u00bb][\/et_pb_contact_field][et_pb_contact_field field_id=\u00a0\u00bbAdresse_mail\u00a0\u00bb field_title=\u00a0\u00bbAdresse mail\u00a0\u00bb _builder_version=\u00a0\u00bb4.27.4&Prime; _module_preset=\u00a0\u00bbdefault\u00a0\u00bb global_colors_info=\u00a0\u00bb{}\u00a0\u00bb][\/et_pb_contact_field][et_pb_contact_field field_id=\u00a0\u00bbT\u00e9l\u00e9phone\u00a0\u00bb field_title=\u00a0\u00bbT\u00e9l\u00e9phone\u00a0\u00bb _builder_version=\u00a0\u00bb4.27.4&Prime; _module_preset=\u00a0\u00bbdefault\u00a0\u00bb global_colors_info=\u00a0\u00bb{}\u00a0\u00bb][\/et_pb_contact_field][et_pb_contact_field field_id=\u00a0\u00bbMessage\u00a0\u00bb field_title=\u00a0\u00bbMessage\u00a0\u00bb field_type=\u00a0\u00bbtext\u00a0\u00bb fullwidth_field=\u00a0\u00bbon\u00a0\u00bb _builder_version=\u00a0\u00bb4.27.4&Prime; global_colors_info=\u00a0\u00bb{}\u00a0\u00bb button_text_size__hover_enabled=\u00a0\u00bboff\u00a0\u00bb button_one_text_size__hover_enabled=\u00a0\u00bboff\u00a0\u00bb button_two_text_size__hover_enabled=\u00a0\u00bboff\u00a0\u00bb button_text_color__hover_enabled=\u00a0\u00bboff\u00a0\u00bb button_one_text_color__hover_enabled=\u00a0\u00bboff\u00a0\u00bb button_two_text_color__hover_enabled=\u00a0\u00bboff\u00a0\u00bb button_border_width__hover_enabled=\u00a0\u00bboff\u00a0\u00bb button_one_border_width__hover_enabled=\u00a0\u00bboff\u00a0\u00bb button_two_border_width__hover_enabled=\u00a0\u00bboff\u00a0\u00bb button_border_color__hover_enabled=\u00a0\u00bboff\u00a0\u00bb button_one_border_color__hover_enabled=\u00a0\u00bboff\u00a0\u00bb button_two_border_color__hover_enabled=\u00a0\u00bboff\u00a0\u00bb button_border_radius__hover_enabled=\u00a0\u00bboff\u00a0\u00bb button_one_border_radius__hover_enabled=\u00a0\u00bboff\u00a0\u00bb button_two_border_radius__hover_enabled=\u00a0\u00bboff\u00a0\u00bb button_letter_spacing__hover_enabled=\u00a0\u00bboff\u00a0\u00bb button_one_letter_spacing__hover_enabled=\u00a0\u00bboff\u00a0\u00bb button_two_letter_spacing__hover_enabled=\u00a0\u00bboff\u00a0\u00bb button_bg_color__hover_enabled=\u00a0\u00bboff\u00a0\u00bb button_one_bg_color__hover_enabled=\u00a0\u00bboff\u00a0\u00bb button_two_bg_color__hover_enabled=\u00a0\u00bboff\u00a0\u00bb][\/et_pb_contact_field][\/et_pb_contact_form][\/et_pb_column][\/et_pb_row][et_pb_row _builder_version=\u00a0\u00bb4.27.4&Prime; _module_preset=\u00a0\u00bbdefault\u00a0\u00bb global_colors_info=\u00a0\u00bb{}\u00a0\u00bb][et_pb_column type=\u00a0\u00bb4_4&Prime; _builder_version=\u00a0\u00bb4.27.4&Prime; _module_preset=\u00a0\u00bbdefault\u00a0\u00bb global_colors_info=\u00a0\u00bb{}\u00a0\u00bb][et_pb_image src=\u00a0\u00bbhttps:\/\/3sport2025.ppawebdesign.com\/b1\/wp-content\/uploads\/sites\/7\/2025\/12\/Capture-decran-2025-12-04-a-15.54.17.png\u00a0\u00bb alt=\u00a0\u00bbLogo \u00a0\u00bb title_text=\u00a0\u00bbLogo Contact\u00a0\u00bb _builder_version=\u00a0\u00bb4.27.4&Prime; _module_preset=\u00a0\u00bbdefault\u00a0\u00bb hover_enabled=\u00a0\u00bb0&Prime; global_colors_info=\u00a0\u00bb{}\u00a0\u00bb sticky_enabled=\u00a0\u00bb0&Prime;][\/et_pb_image][\/et_pb_column][\/et_pb_row][\/et_pb_section]<\/p>\n","protected":false},"excerpt":{"rendered":"<p>Vous avez une question ? Nous vous invitons \u00e0 nous contacter facilement en utilisant le formulaire situ\u00e9 juste \u00e0 c\u00f4t\u00e9. Que vous ayez une question, un besoin d\u2019\u00e9claircissement ou que vous souhaitiez obtenir des informations suppl\u00e9mentaires, notre \u00e9quipe est \u00e0 votre \u00e9coute et pr\u00eate \u00e0 vous accompagner. En nous envoyant votre message, vous nous permettez [&hellip;]<\/p>\n","protected":false},"author":29,"featured_media":0,"parent":0,"menu_order":0,"comment_status":"closed","ping_status":"closed","template":"","meta":{"_et_pb_use_builder":"on","_et_pb_old_content":"","_et_gb_content_width":"","footnotes":""},"class_list":["post-25","page","type-page","status-publish","hentry"],"yoast_head":"<!-- This site is optimized with the Yoast SEO plugin v26.5 - https:\/\/yoast.com\/wordpress\/plugins\/seo\/ -->\n<title>Vous avez une question ? - CONTACT Goat Event<\/title>\n<meta name=\"description\" content=\"Vous avez des questions ou besoin d&#039;informations compl\u00e9mentaires ? N\u2019h\u00e9sitez pas \u00e0 nous contacter via notre formulaire.\" \/>\n<meta name=\"robots\" content=\"index, follow, max-snippet:-1, max-image-preview:large, max-video-preview:-1\" \/>\n<link rel=\"canonical\" href=\"https:\/\/3sport2025.ppawebdesign.com\/b1\/question-contact\/\" \/>\n<meta property=\"og:locale\" content=\"fr_FR\" \/>\n<meta property=\"og:type\" content=\"article\" \/>\n<meta property=\"og:title\" content=\"Vous avez une question ? - CONTACT Goat Event\" \/>\n<meta property=\"og:description\" content=\"Vous avez des questions ou besoin d&#039;informations compl\u00e9mentaires ? N\u2019h\u00e9sitez pas \u00e0 nous contacter via notre formulaire.\" \/>\n<meta property=\"og:url\" content=\"https:\/\/3sport2025.ppawebdesign.com\/b1\/question-contact\/\" \/>\n<meta property=\"og:site_name\" content=\"Goat Event\" \/>\n<meta property=\"article:modified_time\" content=\"2025-12-05T09:05:00+00:00\" \/>\n<meta name=\"twitter:card\" content=\"summary_large_image\" \/>\n<meta name=\"twitter:label1\" content=\"Dur\u00e9e de lecture estim\u00e9e\" \/>\n\t<meta name=\"twitter:data1\" content=\"1 minute\" \/>\n<script type=\"application\/ld+json\" class=\"yoast-schema-graph\">{\"@context\":\"https:\/\/schema.org\",\"@graph\":[{\"@type\":\"WebPage\",\"@id\":\"https:\/\/3sport2025.ppawebdesign.com\/b1\/question-contact\/\",\"url\":\"https:\/\/3sport2025.ppawebdesign.com\/b1\/question-contact\/\",\"name\":\"Vous avez une question ? - CONTACT Goat Event\",\"isPartOf\":{\"@id\":\"https:\/\/3sport2025.ppawebdesign.com\/b1\/#website\"},\"datePublished\":\"2025-12-02T10:56:54+00:00\",\"dateModified\":\"2025-12-05T09:05:00+00:00\",\"description\":\"Vous avez des questions ou besoin d'informations compl\u00e9mentaires ? N\u2019h\u00e9sitez pas \u00e0 nous contacter via notre formulaire.\",\"breadcrumb\":{\"@id\":\"https:\/\/3sport2025.ppawebdesign.com\/b1\/question-contact\/#breadcrumb\"},\"inLanguage\":\"fr-FR\",\"potentialAction\":[{\"@type\":\"ReadAction\",\"target\":[\"https:\/\/3sport2025.ppawebdesign.com\/b1\/question-contact\/\"]}]},{\"@type\":\"BreadcrumbList\",\"@id\":\"https:\/\/3sport2025.ppawebdesign.com\/b1\/question-contact\/#breadcrumb\",\"itemListElement\":[{\"@type\":\"ListItem\",\"position\":1,\"name\":\"Accueil\",\"item\":\"https:\/\/3sport2025.ppawebdesign.com\/b1\/\"},{\"@type\":\"ListItem\",\"position\":2,\"name\":\"CONTACT\"}]},{\"@type\":\"WebSite\",\"@id\":\"https:\/\/3sport2025.ppawebdesign.com\/b1\/#website\",\"url\":\"https:\/\/3sport2025.ppawebdesign.com\/b1\/\",\"name\":\"Goat Event\",\"description\":\"\",\"potentialAction\":[{\"@type\":\"SearchAction\",\"target\":{\"@type\":\"EntryPoint\",\"urlTemplate\":\"https:\/\/3sport2025.ppawebdesign.com\/b1\/?s={search_term_string}\"},\"query-input\":{\"@type\":\"PropertyValueSpecification\",\"valueRequired\":true,\"valueName\":\"search_term_string\"}}],\"inLanguage\":\"fr-FR\"}]}<\/script>\n<!-- \/ Yoast SEO plugin. -->","yoast_head_json":{"title":"Vous avez une question ? - CONTACT Goat Event","description":"Vous avez des questions ou besoin d'informations compl\u00e9mentaires ? N\u2019h\u00e9sitez pas \u00e0 nous contacter via notre formulaire.","robots":{"index":"index","follow":"follow","max-snippet":"max-snippet:-1","max-image-preview":"max-image-preview:large","max-video-preview":"max-video-preview:-1"},"canonical":"https:\/\/3sport2025.ppawebdesign.com\/b1\/question-contact\/","og_locale":"fr_FR","og_type":"article","og_title":"Vous avez une question ? - CONTACT Goat Event","og_description":"Vous avez des questions ou besoin d'informations compl\u00e9mentaires ? N\u2019h\u00e9sitez pas \u00e0 nous contacter via notre formulaire.","og_url":"https:\/\/3sport2025.ppawebdesign.com\/b1\/question-contact\/","og_site_name":"Goat Event","article_modified_time":"2025-12-05T09:05:00+00:00","twitter_card":"summary_large_image","twitter_misc":{"Dur\u00e9e de lecture estim\u00e9e":"1 minute"},"schema":{"@context":"https:\/\/schema.org","@graph":[{"@type":"WebPage","@id":"https:\/\/3sport2025.ppawebdesign.com\/b1\/question-contact\/","url":"https:\/\/3sport2025.ppawebdesign.com\/b1\/question-contact\/","name":"Vous avez une question ? - CONTACT Goat Event","isPartOf":{"@id":"https:\/\/3sport2025.ppawebdesign.com\/b1\/#website"},"datePublished":"2025-12-02T10:56:54+00:00","dateModified":"2025-12-05T09:05:00+00:00","description":"Vous avez des questions ou besoin d'informations compl\u00e9mentaires ? N\u2019h\u00e9sitez pas \u00e0 nous contacter via notre formulaire.","breadcrumb":{"@id":"https:\/\/3sport2025.ppawebdesign.com\/b1\/question-contact\/#breadcrumb"},"inLanguage":"fr-FR","potentialAction":[{"@type":"ReadAction","target":["https:\/\/3sport2025.ppawebdesign.com\/b1\/question-contact\/"]}]},{"@type":"BreadcrumbList","@id":"https:\/\/3sport2025.ppawebdesign.com\/b1\/question-contact\/#breadcrumb","itemListElement":[{"@type":"ListItem","position":1,"name":"Accueil","item":"https:\/\/3sport2025.ppawebdesign.com\/b1\/"},{"@type":"ListItem","position":2,"name":"CONTACT"}]},{"@type":"WebSite","@id":"https:\/\/3sport2025.ppawebdesign.com\/b1\/#website","url":"https:\/\/3sport2025.ppawebdesign.com\/b1\/","name":"Goat Event","description":"","potentialAction":[{"@type":"SearchAction","target":{"@type":"EntryPoint","urlTemplate":"https:\/\/3sport2025.ppawebdesign.com\/b1\/?s={search_term_string}"},"query-input":{"@type":"PropertyValueSpecification","valueRequired":true,"valueName":"search_term_string"}}],"inLanguage":"fr-FR"}]}},"_links":{"self":[{"href":"https:\/\/3sport2025.ppawebdesign.com\/b1\/wp-json\/wp\/v2\/pages\/25","targetHints":{"allow":["GET"]}}],"collection":[{"href":"https:\/\/3sport2025.ppawebdesign.com\/b1\/wp-json\/wp\/v2\/pages"}],"about":[{"href":"https:\/\/3sport2025.ppawebdesign.com\/b1\/wp-json\/wp\/v2\/types\/page"}],"author":[{"embeddable":true,"href":"https:\/\/3sport2025.ppawebdesign.com\/b1\/wp-json\/wp\/v2\/users\/29"}],"replies":[{"embeddable":true,"href":"https:\/\/3sport2025.ppawebdesign.com\/b1\/wp-json\/wp\/v2\/comments?post=25"}],"version-history":[{"count":59,"href":"https:\/\/3sport2025.ppawebdesign.com\/b1\/wp-json\/wp\/v2\/pages\/25\/revisions"}],"predecessor-version":[{"id":597,"href":"https:\/\/3sport2025.ppawebdesign.com\/b1\/wp-json\/wp\/v2\/pages\/25\/revisions\/597"}],"wp:attachment":[{"href":"https:\/\/3sport2025.ppawebdesign.com\/b1\/wp-json\/wp\/v2\/media?parent=25"}],"curies":[{"name":"wp","href":"https:\/\/api.w.org\/{rel}","templated":true}]}}