{"id":27,"date":"2025-12-02T11:57:22","date_gmt":"2025-12-02T10:57:22","guid":{"rendered":"https:\/\/3sport2025.ppawebdesign.com\/b1\/?page_id=27"},"modified":"2025-12-05T09:51:12","modified_gmt":"2025-12-05T08:51:12","slug":"sport-course-running","status":"publish","type":"page","link":"https:\/\/3sport2025.ppawebdesign.com\/b1\/sport-course-running\/","title":{"rendered":"SPORT"},"content":{"rendered":"<p>[et_pb_section fb_built=\u00a0\u00bb1&Prime; fullwidth=\u00a0\u00bbon\u00a0\u00bb _builder_version=\u00a0\u00bb4.27.4&Prime; _module_preset=\u00a0\u00bbdefault\u00a0\u00bb hover_enabled=\u00a0\u00bb0&Prime; global_colors_info=\u00a0\u00bb{}\u00a0\u00bb alt=\u00a0\u00bbSport Running\u00a0\u00bb title_text=\u00a0\u00bbRunner-information\u00a0\u00bb background_image=\u00a0\u00bbhttps:\/\/3sport2025.ppawebdesign.com\/b1\/wp-content\/uploads\/sites\/7\/2025\/12\/Runner-information.jpg\u00a0\u00bb sticky_enabled=\u00a0\u00bb0&Prime;][et_pb_fullwidth_slider _builder_version=\u00a0\u00bb4.27.4&Prime; _module_preset=\u00a0\u00bbdefault\u00a0\u00bb header_level=\u00a0\u00bbh1&Prime; header_font=\u00a0\u00bbTimes New Roman|800||on|||||\u00a0\u00bb header_text_color=\u00a0\u00bb#d3a733&Prime; header_font_size=\u00a0\u00bb65px\u00a0\u00bb header_line_height=\u00a0\u00bb1.2em\u00a0\u00bb background_color=\u00a0\u00bbRGBA(255,255,255,0)\u00a0\u00bb background_image=\u00a0\u00bbhttps:\/\/3sport2025.ppawebdesign.com\/b1\/wp-content\/uploads\/sites\/7\/2025\/12\/Runner-information.jpg\u00a0\u00bb hover_enabled=\u00a0\u00bb0&Prime; header_text_shadow_style=\u00a0\u00bbpreset2&Prime; global_colors_info=\u00a0\u00bb{}\u00a0\u00bb header_text_shadow_blur_strength__hover_enabled=\u00a0\u00bbon|desktop\u00a0\u00bb alt=\u00a0\u00bbSport Running\u00a0\u00bb title_text=\u00a0\u00bbRunner-information\u00a0\u00bb sticky_enabled=\u00a0\u00bb0&Prime;][et_pb_slide heading=\u00a0\u00bbSPORT\u00a0\u00bb _builder_version=\u00a0\u00bb4.27.4&Prime; _module_preset=\u00a0\u00bbdefault\u00a0\u00bb global_colors_info=\u00a0\u00bb{}\u00a0\u00bb sticky_transition=\u00a0\u00bbon\u00a0\u00bb][\/et_pb_slide][\/et_pb_fullwidth_slider][\/et_pb_section][et_pb_section fb_built=\u00a0\u00bb1&Prime; _builder_version=\u00a0\u00bb4.27.4&Prime; _module_preset=\u00a0\u00bbdefault\u00a0\u00bb global_colors_info=\u00a0\u00bb{}\u00a0\u00bb][et_pb_row column_structure=\u00a0\u00bb2_3,1_3&Prime; use_custom_gutter=\u00a0\u00bbon\u00a0\u00bb make_equal=\u00a0\u00bbon\u00a0\u00bb _builder_version=\u00a0\u00bb4.27.4&Prime; _module_preset=\u00a0\u00bbdefault\u00a0\u00bb module_alignment=\u00a0\u00bbcenter\u00a0\u00bb custom_margin=\u00a0\u00bb|-61px||72px||\u00a0\u00bb custom_padding=\u00a0\u00bb12px|||||\u00a0\u00bb global_colors_info=\u00a0\u00bb{}\u00a0\u00bb][et_pb_column type=\u00a0\u00bb2_3&Prime; _builder_version=\u00a0\u00bb4.27.4&Prime; _module_preset=\u00a0\u00bbdefault\u00a0\u00bb global_colors_info=\u00a0\u00bb{}\u00a0\u00bb][et_pb_text _builder_version=\u00a0\u00bb4.27.4&Prime; _module_preset=\u00a0\u00bbdefault\u00a0\u00bb width=\u00a0\u00bb96%\u00a0\u00bb custom_padding=\u00a0\u00bb|7px|1px|||\u00a0\u00bb inline_fonts=\u00a0\u00bbTimes New Roman\u00a0\u00bb global_colors_info=\u00a0\u00bb{}\u00a0\u00bb]<\/p>\n<p class=\"ds-markdown-paragraph\" style=\"text-align: justify\"><span style=\"text-decoration: underline;color: #d3a733;font-family: 'Times New Roman';font-weight: normal;font-size: x-large\"><strong>Sport : La course \u00e0 pied\/Running<\/strong><\/span><\/p>\n<p data-start=\"313\" data-end=\"503\"><span style=\"font-family: 'Times New Roman';font-weight: normal;font-size: large;color: #00285a\">Le <strong data-start=\"316\" data-end=\"340\">sport course \u00e0 pied\/running<\/strong> est l\u2019une des activit\u00e9s sportives les plus accessibles et populaires en France. Il attire des millions de passionn\u00e9s pour le loisir, la sant\u00e9 ou la comp\u00e9tition.<\/span><\/p>\n<p class=\"ds-markdown-paragraph\" style=\"text-align: justify\"><span style=\"color: #00285a;font-family: 'Times New Roman';font-weight: normal;font-size: large\">Notre agence \u00e9v\u00e9nementielle sportive, sp\u00e9cialis\u00e9e dans l&rsquo;organisation de courses (400m, 800m et 1km), s&rsquo;inscrit dans cette dynamique populaire. Ces distances offrent un \u00e9quilibre parfait entre l&rsquo;explosion de vitesse du sprint court et l&rsquo;endurance requise pour les distances plus longues.<\/span><\/p>\n<p class=\"ds-markdown-paragraph\" style=\"text-align: justify\"><span style=\"color: #00285a;font-family: 'Times New Roman';font-weight: normal;font-size: large\">La course \u00e0 pied pr\u00e9sente de nombreux avantages :<\/span><\/p>\n<ul style=\"text-align: justify\">\n<li>\n<p class=\"ds-markdown-paragraph\"><span style=\"color: #00285a;font-family: 'Times New Roman';font-weight: normal;font-size: large\"><strong>Sant\u00e9 cardio-vasculaire<\/strong>\u00a0am\u00e9lior\u00e9e<\/span><\/p>\n<\/li>\n<li>\n<p class=\"ds-markdown-paragraph\"><span style=\"color: #00285a;font-family: 'Times New Roman';font-weight: normal;font-size: large\"><strong>Accessibilit\u00e9<\/strong>\u00a0: n\u00e9cessite peu d&rsquo;\u00e9quipement<\/span><\/p>\n<\/li>\n<li>\n<p class=\"ds-markdown-paragraph\"><span style=\"color: #00285a;font-family: 'Times New Roman';font-weight: normal;font-size: large\"><strong>Adaptabilit\u00e9<\/strong>\u00a0\u00e0 tous les niveaux<\/span><\/p>\n<\/li>\n<li>\n<p class=\"ds-markdown-paragraph\"><span style=\"color: #00285a;font-family: 'Times New Roman';font-weight: normal;font-size: large\"><strong>Bien-\u00eatre mental<\/strong>\u00a0gr\u00e2ce \u00e0 la lib\u00e9ration d&rsquo;endorphines<\/span><\/p>\n<\/li>\n<\/ul>\n<p class=\"ds-markdown-paragraph\" style=\"text-align: justify\"><span style=\"color: #00285a;font-family: 'Times New Roman';font-weight: normal;font-size: large\">Que vous soyez d\u00e9butant ou coureur confirm\u00e9, notre \u00e9v\u00e9nement vous propose des distances adapt\u00e9es \u00e0 vos capacit\u00e9s, dans un esprit de d\u00e9passement personnel et de convivialit\u00e9.<\/span><\/p>\n<p class=\"ds-markdown-paragraph\" style=\"text-align: justify\">\n<p class=\"ds-markdown-paragraph\" style=\"text-align: justify\"><span style=\"color: #00285a;font-family: 'Times New Roman';font-weight: normal;font-size: large\"><\/span><\/p>\n<p data-start=\"1756\" data-end=\"1778\"><span style=\"text-decoration: underline;color: #d3a733\"><span style=\"font-family: 'Times New Roman';font-weight: normal;font-size: large\"><strong data-start=\"1756\" data-end=\"1776\">Liens internes :<\/strong><\/span><\/span><\/p>\n<ul data-start=\"1779\" data-end=\"1884\">\n<li data-start=\"1779\" data-end=\"1836\">\n<p data-start=\"1781\" data-end=\"1836\"><span style=\"color: #3048ff;font-family: 'Times New Roman';font-weight: normal;font-size: large\"><a href=\"https:\/\/3sport2025.ppawebdesign.com\/b1\/course-des-goats\/\" style=\"color: #3048ff\">Les r\u00e9compenses<\/a><\/span><\/p>\n<\/li>\n<li data-start=\"1837\" data-end=\"1884\">\n<p data-start=\"1839\" data-end=\"1884\"><span style=\"color: #304fff;font-family: 'Times New Roman';font-weight: normal;font-size: large\"><a href=\"https:\/\/3sport2025.ppawebdesign.com\/b1\/goat-event-2\/\" style=\"color: #304fff\">Notre \u00e9quipe<\/a><\/span><\/p>\n<\/li>\n<\/ul>\n<p data-start=\"1886\" data-end=\"1906\"><span style=\"text-decoration: underline;color: #d3a733\"><span style=\"font-family: 'Times New Roman';font-weight: normal;font-size: large\"><strong data-start=\"1886\" data-end=\"1904\">Lien externe :<\/strong><\/span><\/span><\/p>\n<ul data-start=\"1907\" data-end=\"1983\">\n<li data-start=\"1907\" data-end=\"1983\">\n<p data-start=\"1909\" data-end=\"1983\"><span style=\"color: #1b0fff;font-family: 'Times New Roman';font-weight: normal;font-size: large\"><a href=\"https:\/\/www.intersport.fr\/contenus\/running-trail\/guide-bien-debuter-en-running\/\" style=\"color: #1b0fff\">Les bases du running<\/a><\/span><\/p>\n<\/li>\n<\/ul>\n<p data-start=\"1186\" data-end=\"1365\" style=\"text-align: justify\">\n<p>[\/et_pb_text][\/et_pb_column][et_pb_column type=\u00a0\u00bb1_3&Prime; _builder_version=\u00a0\u00bb4.27.4&Prime; _module_preset=\u00a0\u00bbdefault\u00a0\u00bb global_colors_info=\u00a0\u00bb{}\u00a0\u00bb][et_pb_image src=\u00a0\u00bbhttps:\/\/3sport2025.ppawebdesign.com\/b1\/wp-content\/uploads\/sites\/7\/2025\/12\/Run_your_way_2024_25_Run_the_Boroughs_Paris.webp\u00a0\u00bb alt=\u00a0\u00bbSport\u00a0\u00bb title_text=\u00a0\u00bbRun_your_way_2024_25_Run_the_Boroughs_Paris\u00a0\u00bb _builder_version=\u00a0\u00bb4.27.4&Prime; _module_preset=\u00a0\u00bbdefault\u00a0\u00bb width=\u00a0\u00bb120%\u00a0\u00bb custom_margin=\u00a0\u00bb|||-35px||\u00a0\u00bb custom_padding=\u00a0\u00bb|0px||||\u00a0\u00bb global_colors_info=\u00a0\u00bb{}\u00a0\u00bb][\/et_pb_image][et_pb_image src=\u00a0\u00bbhttps:\/\/3sport2025.ppawebdesign.com\/b1\/wp-content\/uploads\/sites\/7\/2025\/12\/Calendrier-competition-athletisme-2024-1024&#215;674-1.jpg\u00a0\u00bb title_text=\u00a0\u00bbCalendrier-competition-athletisme-2024-1024&#215;674&Prime; _builder_version=\u00a0\u00bb4.27.4&Prime; _module_preset=\u00a0\u00bbdefault\u00a0\u00bb width=\u00a0\u00bb120%\u00a0\u00bb custom_margin=\u00a0\u00bb|||-35px||\u00a0\u00bb custom_padding=\u00a0\u00bb|0px||0px||\u00a0\u00bb global_colors_info=\u00a0\u00bb{}\u00a0\u00bb][\/et_pb_image][\/et_pb_column][\/et_pb_row][et_pb_row column_structure=\u00a0\u00bb1_2,1_2&Prime; _builder_version=\u00a0\u00bb4.27.4&Prime; _module_preset=\u00a0\u00bbdefault\u00a0\u00bb global_colors_info=\u00a0\u00bb{}\u00a0\u00bb][et_pb_column type=\u00a0\u00bb1_2&Prime; _builder_version=\u00a0\u00bb4.27.4&Prime; _module_preset=\u00a0\u00bbdefault\u00a0\u00bb global_colors_info=\u00a0\u00bb{}\u00a0\u00bb][et_pb_counters _builder_version=\u00a0\u00bb4.27.4&Prime; _module_preset=\u00a0\u00bbdefault\u00a0\u00bb title_font=\u00a0\u00bbTimes New Roman|600|||||||\u00a0\u00bb title_text_color=\u00a0\u00bb#d3a733&Prime; title_font_size=\u00a0\u00bb16px\u00a0\u00bb percent_font=\u00a0\u00bbTimes New Roman|600|||||||\u00a0\u00bb percent_text_color=\u00a0\u00bb#d3a733&Prime; percent_font_size=\u00a0\u00bb14px\u00a0\u00bb global_colors_info=\u00a0\u00bb{}\u00a0\u00bb][et_pb_counter percent=\u00a0\u00bb55&Prime; _builder_version=\u00a0\u00bb4.27.4&Prime; _module_preset=\u00a0\u00bbdefault\u00a0\u00bb global_colors_info=\u00a0\u00bb{}\u00a0\u00bb bar_background_color_default=\u00a0\u00bb#00285a\u00a0\u00bb use_percentages=\u00a0\u00bbon\u00a0\u00bb]Hommes[\/et_pb_counter][et_pb_counter percent=\u00a0\u00bb45&Prime; _builder_version=\u00a0\u00bb4.27.4&Prime; _module_preset=\u00a0\u00bbdefault\u00a0\u00bb global_colors_info=\u00a0\u00bb{}\u00a0\u00bb bar_background_color_default=\u00a0\u00bb#00285a\u00a0\u00bb use_percentages=\u00a0\u00bbon\u00a0\u00bb]Femmes[\/et_pb_counter][\/et_pb_counters][et_pb_counters _builder_version=\u00a0\u00bb4.27.4&Prime; _module_preset=\u00a0\u00bbdefault\u00a0\u00bb title_font=\u00a0\u00bbTimes New Roman|600|||||||\u00a0\u00bb title_text_color=\u00a0\u00bb#d3a733&Prime; title_font_size=\u00a0\u00bb16px\u00a0\u00bb percent_font=\u00a0\u00bbTimes New Roman|600|||||||\u00a0\u00bb percent_text_color=\u00a0\u00bb#d3a733&Prime; percent_font_size=\u00a0\u00bb14px\u00a0\u00bb global_colors_info=\u00a0\u00bb{}\u00a0\u00bb][et_pb_counter percent=\u00a0\u00bb82&Prime; _builder_version=\u00a0\u00bb4.27.4&Prime; _module_preset=\u00a0\u00bbdefault\u00a0\u00bb global_colors_info=\u00a0\u00bb{}\u00a0\u00bb bar_background_color_default=\u00a0\u00bb#00285a\u00a0\u00bb use_percentages=\u00a0\u00bbon\u00a0\u00bb]Coureurs Loisirs[\/et_pb_counter][et_pb_counter percent=\u00a0\u00bb18&Prime; _builder_version=\u00a0\u00bb4.27.4&Prime; _module_preset=\u00a0\u00bbdefault\u00a0\u00bb global_colors_info=\u00a0\u00bb{}\u00a0\u00bb bar_background_color_default=\u00a0\u00bb#00285a\u00a0\u00bb use_percentages=\u00a0\u00bbon\u00a0\u00bb]Coureurs Licenci\u00e9s (Comp\u00e9tition)[\/et_pb_counter][\/et_pb_counters][et_pb_counters _builder_version=\u00a0\u00bb4.27.4&Prime; _module_preset=\u00a0\u00bbdefault\u00a0\u00bb title_font=\u00a0\u00bbTimes New Roman|600|||||||\u00a0\u00bb title_text_color=\u00a0\u00bb#d3a733&Prime; title_font_size=\u00a0\u00bb16px\u00a0\u00bb percent_font=\u00a0\u00bbTimes New Roman|600|||||||\u00a0\u00bb percent_text_color=\u00a0\u00bb#d3a733&Prime; percent_font_size=\u00a0\u00bb14px\u00a0\u00bb global_colors_info=\u00a0\u00bb{}\u00a0\u00bb][et_pb_counter percent=\u00a0\u00bb28&Prime; _builder_version=\u00a0\u00bb4.27.4&Prime; _module_preset=\u00a0\u00bbdefault\u00a0\u00bb global_colors_info=\u00a0\u00bb{}\u00a0\u00bb bar_background_color_default=\u00a0\u00bb#00285a\u00a0\u00bb use_percentages=\u00a0\u00bbon\u00a0\u00bb]Tranche d&rsquo;\u00e2ge la plus repr\u00e9sent\u00e9e : 35-44 ans[\/et_pb_counter][\/et_pb_counters][et_pb_counters _builder_version=\u00a0\u00bb4.27.4&Prime; _module_preset=\u00a0\u00bbdefault\u00a0\u00bb title_font=\u00a0\u00bbTimes New Roman|600|||||||\u00a0\u00bb title_text_color=\u00a0\u00bb#d3a733&Prime; title_font_size=\u00a0\u00bb16px\u00a0\u00bb percent_font=\u00a0\u00bbTimes New Roman|600|||||||\u00a0\u00bb percent_text_color=\u00a0\u00bb#d3a733&Prime; percent_font_size=\u00a0\u00bb14px\u00a0\u00bb global_colors_info=\u00a0\u00bb{}\u00a0\u00bb][et_pb_counter percent=\u00a0\u00bb42&Prime; _builder_version=\u00a0\u00bb4.27.4&Prime; _module_preset=\u00a0\u00bbdefault\u00a0\u00bb global_colors_info=\u00a0\u00bb{}\u00a0\u00bb bar_background_color_default=\u00a0\u00bb#00285a\u00a0\u00bb use_percentages=\u00a0\u00bbon\u00a0\u00bb]Fr\u00e9quence : 1 \u00e0 2 fois\/semaine[\/et_pb_counter][et_pb_counter percent=\u00a0\u00bb35&Prime; _builder_version=\u00a0\u00bb4.27.4&Prime; _module_preset=\u00a0\u00bbdefault\u00a0\u00bb global_colors_info=\u00a0\u00bb{}\u00a0\u00bb bar_background_color_default=\u00a0\u00bb#00285a\u00a0\u00bb use_percentages=\u00a0\u00bbon\u00a0\u00bb]Fr\u00e9quence : 3 \u00e0 4 fois\/semaine[\/et_pb_counter][\/et_pb_counters][\/et_pb_column][et_pb_column type=\u00a0\u00bb1_2&Prime; _builder_version=\u00a0\u00bb4.27.4&Prime; _module_preset=\u00a0\u00bbdefault\u00a0\u00bb global_colors_info=\u00a0\u00bb{}\u00a0\u00bb][et_pb_circle_counter title=\u00a0\u00bbProportion de coureurs r\u00e9guliers en France\u00a0\u00bb number=\u00a0\u00bb23&Prime; _builder_version=\u00a0\u00bb4.27.4&Prime; _module_preset=\u00a0\u00bbdefault\u00a0\u00bb title_text_color=\u00a0\u00bb#00285a\u00a0\u00bb number_font=\u00a0\u00bbTimes New Roman||||||||\u00a0\u00bb number_text_color=\u00a0\u00bb#00285a\u00a0\u00bb number_font_size=\u00a0\u00bb60px\u00a0\u00bb width=\u00a0\u00bb100%\u00a0\u00bb global_colors_info=\u00a0\u00bb{}\u00a0\u00bb][\/et_pb_circle_counter][\/et_pb_column][\/et_pb_row][\/et_pb_section]<\/p>\n","protected":false},"excerpt":{"rendered":"<p>Sport : La course \u00e0 pied\/Running Le sport course \u00e0 pied\/running est l\u2019une des activit\u00e9s sportives les plus accessibles et populaires en France. Il attire des millions de passionn\u00e9s pour le loisir, la sant\u00e9 ou la comp\u00e9tition. Notre agence \u00e9v\u00e9nementielle sportive, sp\u00e9cialis\u00e9e dans l&rsquo;organisation de courses (400m, 800m et 1km), s&rsquo;inscrit dans cette dynamique populaire. [&hellip;]<\/p>\n","protected":false},"author":31,"featured_media":0,"parent":0,"menu_order":0,"comment_status":"closed","ping_status":"closed","template":"","meta":{"_et_pb_use_builder":"on","_et_pb_old_content":"","_et_gb_content_width":"","footnotes":""},"class_list":["post-27","page","type-page","status-publish","hentry"],"yoast_head":"<!-- This site is optimized with the Yoast SEO plugin v26.5 - https:\/\/yoast.com\/wordpress\/plugins\/seo\/ -->\n<title>SPORT - Goat Event<\/title>\n<meta name=\"description\" content=\"La course des Goats s\u2019int\u00e8gre dans le running, un sport en plein essor qui devient l\u2019un des plus tendance et accessibles au monde.\" \/>\n<meta name=\"robots\" content=\"index, follow, max-snippet:-1, max-image-preview:large, max-video-preview:-1\" \/>\n<link rel=\"canonical\" href=\"https:\/\/3sport2025.ppawebdesign.com\/b1\/sport-course-running\/\" \/>\n<meta property=\"og:locale\" content=\"fr_FR\" \/>\n<meta property=\"og:type\" content=\"article\" \/>\n<meta property=\"og:title\" content=\"SPORT - Goat Event\" \/>\n<meta property=\"og:description\" content=\"La course des Goats s\u2019int\u00e8gre dans le running, un sport en plein essor qui devient l\u2019un des plus tendance et accessibles au monde.\" \/>\n<meta property=\"og:url\" content=\"https:\/\/3sport2025.ppawebdesign.com\/b1\/sport-course-running\/\" \/>\n<meta property=\"og:site_name\" content=\"Goat Event\" \/>\n<meta property=\"article:modified_time\" content=\"2025-12-05T08:51:12+00:00\" \/>\n<meta name=\"twitter:card\" content=\"summary_large_image\" \/>\n<meta name=\"twitter:label1\" content=\"Dur\u00e9e de lecture estim\u00e9e\" \/>\n\t<meta name=\"twitter:data1\" content=\"2 minutes\" \/>\n<script type=\"application\/ld+json\" class=\"yoast-schema-graph\">{\"@context\":\"https:\/\/schema.org\",\"@graph\":[{\"@type\":\"WebPage\",\"@id\":\"https:\/\/3sport2025.ppawebdesign.com\/b1\/sport-course-running\/\",\"url\":\"https:\/\/3sport2025.ppawebdesign.com\/b1\/sport-course-running\/\",\"name\":\"SPORT - Goat Event\",\"isPartOf\":{\"@id\":\"https:\/\/3sport2025.ppawebdesign.com\/b1\/#website\"},\"datePublished\":\"2025-12-02T10:57:22+00:00\",\"dateModified\":\"2025-12-05T08:51:12+00:00\",\"description\":\"La course des Goats s\u2019int\u00e8gre dans le running, un sport en plein essor qui devient l\u2019un des plus tendance et accessibles au monde.\",\"breadcrumb\":{\"@id\":\"https:\/\/3sport2025.ppawebdesign.com\/b1\/sport-course-running\/#breadcrumb\"},\"inLanguage\":\"fr-FR\",\"potentialAction\":[{\"@type\":\"ReadAction\",\"target\":[\"https:\/\/3sport2025.ppawebdesign.com\/b1\/sport-course-running\/\"]}]},{\"@type\":\"BreadcrumbList\",\"@id\":\"https:\/\/3sport2025.ppawebdesign.com\/b1\/sport-course-running\/#breadcrumb\",\"itemListElement\":[{\"@type\":\"ListItem\",\"position\":1,\"name\":\"Accueil\",\"item\":\"https:\/\/3sport2025.ppawebdesign.com\/b1\/\"},{\"@type\":\"ListItem\",\"position\":2,\"name\":\"SPORT\"}]},{\"@type\":\"WebSite\",\"@id\":\"https:\/\/3sport2025.ppawebdesign.com\/b1\/#website\",\"url\":\"https:\/\/3sport2025.ppawebdesign.com\/b1\/\",\"name\":\"Goat Event\",\"description\":\"\",\"potentialAction\":[{\"@type\":\"SearchAction\",\"target\":{\"@type\":\"EntryPoint\",\"urlTemplate\":\"https:\/\/3sport2025.ppawebdesign.com\/b1\/?s={search_term_string}\"},\"query-input\":{\"@type\":\"PropertyValueSpecification\",\"valueRequired\":true,\"valueName\":\"search_term_string\"}}],\"inLanguage\":\"fr-FR\"}]}<\/script>\n<!-- \/ Yoast SEO plugin. -->","yoast_head_json":{"title":"SPORT - Goat Event","description":"La course des Goats s\u2019int\u00e8gre dans le running, un sport en plein essor qui devient l\u2019un des plus tendance et accessibles au monde.","robots":{"index":"index","follow":"follow","max-snippet":"max-snippet:-1","max-image-preview":"max-image-preview:large","max-video-preview":"max-video-preview:-1"},"canonical":"https:\/\/3sport2025.ppawebdesign.com\/b1\/sport-course-running\/","og_locale":"fr_FR","og_type":"article","og_title":"SPORT - Goat Event","og_description":"La course des Goats s\u2019int\u00e8gre dans le running, un sport en plein essor qui devient l\u2019un des plus tendance et accessibles au monde.","og_url":"https:\/\/3sport2025.ppawebdesign.com\/b1\/sport-course-running\/","og_site_name":"Goat Event","article_modified_time":"2025-12-05T08:51:12+00:00","twitter_card":"summary_large_image","twitter_misc":{"Dur\u00e9e de lecture estim\u00e9e":"2 minutes"},"schema":{"@context":"https:\/\/schema.org","@graph":[{"@type":"WebPage","@id":"https:\/\/3sport2025.ppawebdesign.com\/b1\/sport-course-running\/","url":"https:\/\/3sport2025.ppawebdesign.com\/b1\/sport-course-running\/","name":"SPORT - Goat Event","isPartOf":{"@id":"https:\/\/3sport2025.ppawebdesign.com\/b1\/#website"},"datePublished":"2025-12-02T10:57:22+00:00","dateModified":"2025-12-05T08:51:12+00:00","description":"La course des Goats s\u2019int\u00e8gre dans le running, un sport en plein essor qui devient l\u2019un des plus tendance et accessibles au monde.","breadcrumb":{"@id":"https:\/\/3sport2025.ppawebdesign.com\/b1\/sport-course-running\/#breadcrumb"},"inLanguage":"fr-FR","potentialAction":[{"@type":"ReadAction","target":["https:\/\/3sport2025.ppawebdesign.com\/b1\/sport-course-running\/"]}]},{"@type":"BreadcrumbList","@id":"https:\/\/3sport2025.ppawebdesign.com\/b1\/sport-course-running\/#breadcrumb","itemListElement":[{"@type":"ListItem","position":1,"name":"Accueil","item":"https:\/\/3sport2025.ppawebdesign.com\/b1\/"},{"@type":"ListItem","position":2,"name":"SPORT"}]},{"@type":"WebSite","@id":"https:\/\/3sport2025.ppawebdesign.com\/b1\/#website","url":"https:\/\/3sport2025.ppawebdesign.com\/b1\/","name":"Goat Event","description":"","potentialAction":[{"@type":"SearchAction","target":{"@type":"EntryPoint","urlTemplate":"https:\/\/3sport2025.ppawebdesign.com\/b1\/?s={search_term_string}"},"query-input":{"@type":"PropertyValueSpecification","valueRequired":true,"valueName":"search_term_string"}}],"inLanguage":"fr-FR"}]}},"_links":{"self":[{"href":"https:\/\/3sport2025.ppawebdesign.com\/b1\/wp-json\/wp\/v2\/pages\/27","targetHints":{"allow":["GET"]}}],"collection":[{"href":"https:\/\/3sport2025.ppawebdesign.com\/b1\/wp-json\/wp\/v2\/pages"}],"about":[{"href":"https:\/\/3sport2025.ppawebdesign.com\/b1\/wp-json\/wp\/v2\/types\/page"}],"author":[{"embeddable":true,"href":"https:\/\/3sport2025.ppawebdesign.com\/b1\/wp-json\/wp\/v2\/users\/31"}],"replies":[{"embeddable":true,"href":"https:\/\/3sport2025.ppawebdesign.com\/b1\/wp-json\/wp\/v2\/comments?post=27"}],"version-history":[{"count":37,"href":"https:\/\/3sport2025.ppawebdesign.com\/b1\/wp-json\/wp\/v2\/pages\/27\/revisions"}],"predecessor-version":[{"id":591,"href":"https:\/\/3sport2025.ppawebdesign.com\/b1\/wp-json\/wp\/v2\/pages\/27\/revisions\/591"}],"wp:attachment":[{"href":"https:\/\/3sport2025.ppawebdesign.com\/b1\/wp-json\/wp\/v2\/media?parent=27"}],"curies":[{"name":"wp","href":"https:\/\/api.w.org\/{rel}","templated":true}]}}