{"id":274,"date":"2025-12-03T15:59:20","date_gmt":"2025-12-03T14:59:20","guid":{"rendered":"https:\/\/3sport2025.ppawebdesign.com\/b1\/?page_id=274"},"modified":"2025-12-05T10:45:30","modified_gmt":"2025-12-05T09:45:30","slug":"reglement","status":"publish","type":"page","link":"https:\/\/3sport2025.ppawebdesign.com\/b1\/reglement\/","title":{"rendered":"R\u00c8GLEMENT"},"content":{"rendered":"<p>[et_pb_section fb_built=\u00a0\u00bb1&Prime; fullwidth=\u00a0\u00bbon\u00a0\u00bb _builder_version=\u00a0\u00bb4.27.4&Prime; _module_preset=\u00a0\u00bbdefault\u00a0\u00bb global_colors_info=\u00a0\u00bb{}\u00a0\u00bb][et_pb_fullwidth_slider _builder_version=\u00a0\u00bb4.27.4&Prime; _module_preset=\u00a0\u00bbdefault\u00a0\u00bb header_level=\u00a0\u00bbh1&Prime; header_font=\u00a0\u00bbTimes New Roman|800||on|||||\u00a0\u00bb header_font_size=\u00a0\u00bb53px\u00a0\u00bb header_line_height=\u00a0\u00bb1.2em\u00a0\u00bb global_colors_info=\u00a0\u00bb{}\u00a0\u00bb][et_pb_slide heading=\u00a0\u00bbR\u00e8gles\u00a0\u00bb _builder_version=\u00a0\u00bb4.27.4&Prime; _module_preset=\u00a0\u00bbdefault\u00a0\u00bb header_text_color=\u00a0\u00bb#d3a733&Prime; global_colors_info=\u00a0\u00bb{}\u00a0\u00bb sticky_transition=\u00a0\u00bbon\u00a0\u00bb][\/et_pb_slide][\/et_pb_fullwidth_slider][\/et_pb_section][et_pb_section fb_built=\u00a0\u00bb1&Prime; fullwidth=\u00a0\u00bbon\u00a0\u00bb _builder_version=\u00a0\u00bb4.27.4&Prime; _module_preset=\u00a0\u00bbdefault\u00a0\u00bb global_colors_info=\u00a0\u00bb{}\u00a0\u00bb][et_pb_fullwidth_header _builder_version=\u00a0\u00bb4.27.4&Prime; _module_preset=\u00a0\u00bbdefault\u00a0\u00bb content_line_height=\u00a0\u00bb2.3em\u00a0\u00bb background_color=\u00a0\u00bb#FFFFFF\u00a0\u00bb global_colors_info=\u00a0\u00bb{}\u00a0\u00bb]<\/p>\n<p data-start=\"156\" data-end=\"261\" style=\"text-align: justify\"><span style=\"color: #00285a;font-family: 'Times New Roman';font-size: medium\">En s\u2019inscrivant \u00e0 la Course des Goats, chaque participant accepte sans r\u00e9serve tout le pr\u00e9sent r\u00e8glement.<\/span><\/p>\n<p data-start=\"263\" data-end=\"280\" style=\"text-align: justify\"><span style=\"text-decoration: underline;color: #d3a733\"><span style=\"font-family: 'Times New Roman';font-size: medium\"><strong data-start=\"263\" data-end=\"280\">ORGANISATEURS<\/strong><\/span><\/span><\/p>\n<p data-start=\"282\" data-end=\"386\" style=\"text-align: justify\"><span style=\"color: #00285a;font-family: 'Times New Roman';font-size: medium\">L\u2019agence GoatEvent organise la Course des Goats et assure \u00e9galement l\u2019ensemble de la coordination.<\/span><\/p>\n<p data-start=\"388\" data-end=\"413\" style=\"text-align: justify\"><span style=\"color: #d3a733;font-family: 'Times New Roman'\"><span style=\"font-size: 16px\"><b><u>L&rsquo;\u00c9PREUVE<\/u><\/b><\/span><\/span><\/p>\n<p data-start=\"415\" data-end=\"551\" style=\"text-align: justify\"><span style=\"color: #00285a;font-family: 'Times New Roman';font-size: medium\">La Course des Goats propose une course \u00e0 \u00e9limination, de ce fait chaque participant accepte les r\u00e9sultats sans possibilit\u00e9 de contestation.<\/span><\/p>\n<p data-start=\"553\" data-end=\"569\" style=\"text-align: justify\"><span style=\"color: #d3a733;font-family: 'Times New Roman'\"><span style=\"font-size: 16px\"><b><u>PARTICIPANTS<\/u><\/b><\/span><\/span><\/p>\n<p data-start=\"571\" data-end=\"678\" style=\"text-align: justify\"><span style=\"color: #00285a;font-family: 'Times New Roman';font-size: medium\">La course accueille tous les \u00e9tudiants PPA, hommes ou femmes, qui auront pour obligation de fournir leur certificat de scolarit\u00e9 au sein de l&rsquo;\u00e9cole pour finaliser leur inscription.<\/span><\/p>\n<p data-start=\"680\" data-end=\"807\" style=\"text-align: justify\"><span style=\"color: #00285a;font-family: 'Times New Roman';font-size: medium\">Les coureurs valident une inscription personnelle, ferme et d\u00e9finitive, mais ils peuvent activer la \u00ab garantie remboursement \u00bb.<\/span><\/p>\n<p data-start=\"809\" data-end=\"925\" style=\"text-align: justify\"><span style=\"color: #00285a;font-family: 'Times New Roman';font-size: medium\">Un participant qui c\u00e8de son dossard commet une infraction, il engage donc sa responsabilit\u00e9 en cas d\u2019accident.<\/span><\/p>\n<p data-start=\"927\" data-end=\"1014\" style=\"text-align: justify\"><span style=\"color: #00285a;font-family: 'Times New Roman';font-size: medium\">De plus, l\u2019Organisation refuse toute responsabilit\u00e9 li\u00e9e \u00e0 cette cession non autoris\u00e9e.<\/span><\/p>\n<p data-start=\"1016\" data-end=\"1035\" style=\"text-align: justify\"><span style=\"color: #d3a733;font-family: 'Times New Roman'\"><span style=\"font-size: 16px\"><b><u>RAVITAILLEMENT<\/u><\/b><\/span><\/span><\/p>\n<p data-start=\"1147\" data-end=\"1274\" style=\"text-align: justify\"><span style=\"color: #00285a;font-family: 'Times New Roman';font-size: medium\"><\/span><\/p>\n<p data-start=\"1147\" data-end=\"1274\" style=\"text-align: justify\"><span style=\"color: #00285a;font-family: 'Times New Roman';font-size: medium\"><\/span><\/p>\n<p data-start=\"1147\" data-end=\"1274\" style=\"text-align: justify\">\n<p data-start=\"1276\" data-end=\"1394\" style=\"text-align: justify\"><span style=\"color: #00285a;font-family: 'Times New Roman';font-size: medium\"><span style=\"color: #00285a;font-family: Times New Roman;font-size: medium\">L\u2019Organisation propose un ravitaillement <span>l&rsquo;arriver\/d\u00e9part de chaque \u00e9preuve.<\/span><\/span><\/span><\/p>\n<p data-start=\"1276\" data-end=\"1394\" style=\"text-align: justify\"><span style=\"color: #00285a;font-family: 'Times New Roman';font-size: medium\">L\u2019Organisation interdit strictement l\u2019alcool et toute boisson dopante sur le parcours, au d\u00e9part ainsi qu&rsquo;\u00e0 l\u2019arriv\u00e9e.<\/span><\/p>\n<p data-start=\"1396\" data-end=\"1415\" style=\"text-align: justify\"><span style=\"color: #d3a733;font-family: 'Times New Roman'\"><span style=\"font-size: 16px\"><b><u>DROIT \u00c0 L&rsquo;IMAGE<\/u><\/b><\/span><\/span><\/p>\n<p data-start=\"1417\" data-end=\"1522\" style=\"text-align: justify\"><span style=\"color: #00285a;font-family: 'Times New Roman';font-size: medium\">Chaque participant autorise l\u2019Organisateur \u00e0 exploiter son nom, son image et sa voix pendant l\u2019\u00e9v\u00e9nement.<\/span><\/p>\n<p data-start=\"1524\" data-end=\"1631\" style=\"text-align: justify\"><span style=\"color: #00285a;font-family: 'Times New Roman';font-size: medium\">Cette autorisation concerne tous les supports existants ou futurs et s\u2019applique dans le monde entier.<\/span><\/p>\n<p data-start=\"1633\" data-end=\"1725\" style=\"text-align: justify\"><span style=\"color: #00285a;font-family: 'Times New Roman';font-size: medium\">Elle s\u2019\u00e9tend durant toute la p\u00e9riode l\u00e9gale de protection d\u00e9finie par les textes en vigueur.<\/span><\/p>\n<p data-start=\"1727\" data-end=\"1735\" style=\"text-align: justify\"><span style=\"color: #d3a733;font-family: 'Times New Roman'\"><span style=\"font-size: 16px\"><b><u>CNIL<\/u><\/b><\/span><\/span><\/p>\n<p data-start=\"1727\" data-end=\"1735\" style=\"text-align: justify\"><span style=\"text-decoration: underline\"><span style=\"color: #00285a;font-family: 'Times New Roman';font-size: medium;text-decoration: underline\"><strong data-start=\"1727\" data-end=\"1735\"><\/strong><\/span><\/span><\/p>\n<p data-start=\"1727\" data-end=\"1735\" style=\"text-align: justify\"><span style=\"text-decoration: underline\"><span style=\"color: #00285a;font-family: 'Times New Roman';font-size: medium;text-decoration: underline\"><strong data-start=\"1727\" data-end=\"1735\"><\/strong><\/span><\/span><\/p>\n<p data-start=\"1727\" data-end=\"1735\" style=\"text-align: justify\"><span style=\"color: #00285a;font-family: 'Times New Roman';font-size: medium\"><strong data-start=\"1727\" data-end=\"1735\"><\/strong><\/span><\/p>\n<p data-start=\"1727\" data-end=\"1735\" style=\"text-align: justify\"><span style=\"color: #00285a;font-family: 'Times New Roman';font-size: medium\"><strong data-start=\"1727\" data-end=\"1735\"><\/strong><\/span><\/p>\n<p data-start=\"1737\" data-end=\"1852\" style=\"text-align: justify\"><span style=\"color: #00285a;font-family: 'Times New Roman';font-size: medium\">Chaque inscrit peut consulter ou modifier ses donn\u00e9es personnelles, conform\u00e9ment \u00e0 la loi Informatique et Libert\u00e9s.<\/span><\/p>\n<p data-start=\"1854\" data-end=\"1966\" style=\"text-align: justify\"><span style=\"color: #00285a;font-family: 'Times New Roman';font-size: medium\">Les r\u00e9sultats appara\u00eetront sur le site de l\u2019\u00e9preuve cependant un participant peut refuser cette publication.<\/span><\/p>\n<p data-start=\"1968\" data-end=\"2058\" style=\"text-align: justify\"><span style=\"color: #00285a;font-family: 'Times New Roman';font-size: medium\">Il doit alors informer l\u2019Organisateur \u00e0 l\u2019adresse suivante : <span><strong>samuelfrancin@gmail.com<\/strong><\/span>.\u00a0 \u00a0<\/span><\/p>\n<p data-start=\"1968\" data-end=\"2058\" style=\"text-align: justify\"><span style=\"color: #00285a;font-family: 'Times New Roman';font-size: medium;text-align: justify\"><\/span><\/p>\n<p data-start=\"429\" data-end=\"451\"><strong data-start=\"429\" data-end=\"449\">Liens inte<\/strong><\/p>\n<p data-start=\"1968\" data-end=\"2058\" style=\"text-align: justify\"><span style=\"color: #00285a;font-family: 'Times New Roman';font-size: medium;text-align: justify\">\u00a0<\/span><\/p>\n<p data-start=\"1968\" data-end=\"2058\" style=\"text-align: justify\"><span style=\"color: #00285a;font-family: 'Times New Roman';font-size: medium\"><\/span><\/p>\n<p data-start=\"1968\" data-end=\"2058\" style=\"text-align: justify\"><span style=\"color: #00285a;font-family: 'Times New Roman';font-size: medium\"><\/span><\/p>\n<p data-start=\"1968\" data-end=\"2058\" style=\"text-align: justify\"><span style=\"color: #00285a;font-family: 'Times New Roman';font-size: medium\"><\/span><\/p>\n<p data-start=\"1968\" data-end=\"2058\" style=\"text-align: justify\"><span style=\"color: #00285a;font-family: 'Times New Roman';font-size: medium\"><\/span><\/p>\n<p data-start=\"429\" data-end=\"451\"><span style=\"color: #0a0a0a\"><strong data-start=\"429\" data-end=\"449\"><\/strong><\/span><\/p>\n<p data-start=\"429\" data-end=\"451\"><span style=\"color: #0a0a0a\"><strong data-start=\"429\" data-end=\"449\"><\/strong><\/span><\/p>\n<p data-start=\"429\" data-end=\"451\"><span style=\"color: #0a0a0a\"><strong data-start=\"429\" data-end=\"449\"><\/strong><\/span><\/p>\n<p data-start=\"429\" data-end=\"451\"><span style=\"color: #0a0a0a\"><strong data-start=\"429\" data-end=\"449\"><\/strong><\/span><\/p>\n<p data-start=\"429\" data-end=\"451\"><span style=\"color: #0a0a0a\"><strong data-start=\"429\" data-end=\"449\"><\/strong><\/span><\/p>\n<p data-start=\"429\" data-end=\"451\"><span style=\"color: #0a0a0a\"><strong data-start=\"429\" data-end=\"449\"><\/strong><\/span><\/p>\n<p data-start=\"1968\" data-end=\"2058\" style=\"text-align: justify\"><span style=\"color: #00285a;font-family: 'Times New Roman';font-size: medium\"><\/span><\/p>\n<p data-start=\"1968\" data-end=\"2058\" style=\"text-align: justify\"><span style=\"color: #00285a;font-family: 'Times New Roman';font-size: medium\"><\/span><\/p>\n<p data-start=\"1968\" data-end=\"2058\" style=\"text-align: justify\"><span style=\"color: #00285a;font-family: 'Times New Roman';font-size: medium\"><\/span><\/p>\n<p data-start=\"1968\" data-end=\"2058\" style=\"text-align: justify\"><span style=\"color: #00285a;font-family: 'Times New Roman';font-size: medium\"><\/span><\/p>\n<p data-start=\"1968\" data-end=\"2058\" style=\"text-align: justify\"><span style=\"color: #00285a;font-family: 'Times New Roman';font-size: medium\"><\/span><\/p>\n<p data-start=\"1968\" data-end=\"2058\" style=\"text-align: justify\"><span style=\"color: #00285a;font-family: 'Times New Roman';font-size: medium\"><\/span><\/p>\n<p data-start=\"1968\" data-end=\"2058\" style=\"text-align: justify\"><span style=\"color: #00285a;font-family: 'Times New Roman';font-size: medium\"><\/span><\/p>\n<p data-start=\"1968\" data-end=\"2058\" style=\"text-align: justify\"><span style=\"color: #00285a;font-family: 'Times New Roman';font-size: medium\"><\/span><\/p>\n<p data-start=\"1968\" data-end=\"2058\" style=\"text-align: justify\"><span style=\"color: #00285a;font-family: 'Times New Roman';font-size: medium\"><\/span><\/p>\n<p data-start=\"1968\" data-end=\"2058\" style=\"text-align: justify\"><span style=\"color: #00285a;font-family: 'Times New Roman';font-size: medium\"><\/span><\/p>\n<p data-start=\"1968\" data-end=\"2058\" style=\"text-align: justify\"><span style=\"color: #00285a;font-family: 'Times New Roman';font-size: medium\"><\/span><\/p>\n<p data-start=\"1968\" data-end=\"2058\" style=\"text-align: justify\"><span style=\"color: #00285a;font-family: 'Times New Roman';font-size: medium\"><\/span><\/p>\n<p data-start=\"1968\" data-end=\"2058\" style=\"text-align: justify\"><span style=\"color: #00285a;font-family: 'Times New Roman';font-size: medium\"><\/span><\/p>\n<p data-start=\"1968\" data-end=\"2058\" style=\"text-align: justify\"><span style=\"color: #00285a;font-family: 'Times New Roman';font-size: medium\"><\/span><\/p>\n<p data-start=\"1968\" data-end=\"2058\" style=\"text-align: justify\"><span style=\"color: #00285a;font-family: 'Times New Roman';font-size: medium\"><\/span><\/p>\n<p data-start=\"1968\" data-end=\"2058\" style=\"text-align: justify\"><span style=\"color: #00285a;font-family: 'Times New Roman';font-size: medium\"><\/span><\/p>\n<p data-start=\"1968\" data-end=\"2058\" style=\"text-align: justify\"><span style=\"color: #00285a;font-family: 'Times New Roman';font-size: medium\"><\/span><\/p>\n<p>[\/et_pb_fullwidth_header][\/et_pb_section][et_pb_section fb_built=\u00a0\u00bb1&Prime; _builder_version=\u00a0\u00bb4.27.4&Prime; _module_preset=\u00a0\u00bbdefault\u00a0\u00bb custom_margin=\u00a0\u00bb-127px||-258px|||\u00a0\u00bb custom_padding=\u00a0\u00bb||0px|||\u00a0\u00bb global_colors_info=\u00a0\u00bb{}\u00a0\u00bb][et_pb_row _builder_version=\u00a0\u00bb4.27.4&Prime; _module_preset=\u00a0\u00bbdefault\u00a0\u00bb min_height=\u00a0\u00bb236px\u00a0\u00bb custom_margin=\u00a0\u00bb|auto|-152px|auto||\u00a0\u00bb custom_padding=\u00a0\u00bb0px|||||\u00a0\u00bb global_colors_info=\u00a0\u00bb{}\u00a0\u00bb][et_pb_column type=\u00a0\u00bb4_4&Prime; _builder_version=\u00a0\u00bb4.27.4&Prime; _module_preset=\u00a0\u00bbdefault\u00a0\u00bb global_colors_info=\u00a0\u00bb{}\u00a0\u00bb][et_pb_text _builder_version=\u00a0\u00bb4.27.4&Prime; _module_preset=\u00a0\u00bbdefault\u00a0\u00bb width=\u00a0\u00bb100%\u00a0\u00bb max_width=\u00a0\u00bb44%\u00a0\u00bb module_alignment=\u00a0\u00bbleft\u00a0\u00bb min_height=\u00a0\u00bb356px\u00a0\u00bb height=\u00a0\u00bb151px\u00a0\u00bb max_height=\u00a0\u00bb223px\u00a0\u00bb inline_fonts=\u00a0\u00bbTimes New Roman\u00a0\u00bb global_colors_info=\u00a0\u00bb{}\u00a0\u00bb]<\/p>\n<p data-start=\"429\" data-end=\"451\"><span style=\"text-decoration: underline;color: #d3a733\"><span style=\"font-family: 'Times New Roman';font-weight: normal;font-size: large\"><strong data-start=\"429\" data-end=\"449\">Liens internes :<\/strong><\/span><\/span><\/p>\n<ul data-start=\"452\" data-end=\"513\">\n<li data-start=\"452\" data-end=\"487\"><span style=\"color: #3048ff;font-family: 'Times New Roman';font-weight: normal;font-size: large\"><a href=\"https:\/\/3sport2025.ppawebdesign.com\/b1\/evenement\/\" style=\"color: #3048ff\">L&rsquo;\u00e9v\u00e8nement<\/a><\/span><\/li>\n<li data-start=\"488\" data-end=\"513\"><span style=\"font-family: 'Times New Roman';font-weight: normal;font-size: large\"><a href=\"https:\/\/3sport2025.ppawebdesign.com\/b1\/sport-course-running\/\"><span style=\"color: #130fff\">Le Running<\/span>\u00a0<\/a><\/span><\/li>\n<\/ul>\n<p data-start=\"515\" data-end=\"535\"><span style=\"text-decoration: underline;color: #d3a733\"><span style=\"font-family: 'Times New Roman';font-weight: normal;font-size: large\"><strong data-start=\"515\" data-end=\"533\">Lien externe :<\/strong><\/span><\/span><\/p>\n<p data-start=\"515\" data-end=\"535\"><span style=\"text-decoration: underline\"><span style=\"font-family: 'Times New Roman';font-weight: normal;font-size: large\"><strong data-start=\"515\" data-end=\"533\"><\/strong><\/span><\/span><\/p>\n<ul data-start=\"536\" data-end=\"609\">\n<li data-start=\"536\" data-end=\"609\"><span style=\"color: #2b0fff;font-family: 'Times New Roman';font-weight: normal;font-size: large\"><a href=\"https:\/\/pps.athle.fr\/\" style=\"color: #2b0fff\">Faire votre certificat m\u00e9dical<\/a><\/span>\n<p data-start=\"538\" data-end=\"609\" style=\"text-align: left\">\n<\/li>\n<\/ul>\n<p>[\/et_pb_text][\/et_pb_column][\/et_pb_row][\/et_pb_section]<\/p>\n","protected":false},"excerpt":{"rendered":"<p>En s\u2019inscrivant \u00e0 la Course des Goats, chaque participant accepte sans r\u00e9serve tout le pr\u00e9sent r\u00e8glement. ORGANISATEURS L\u2019agence GoatEvent organise la Course des Goats et assure \u00e9galement l\u2019ensemble de la coordination. L&rsquo;\u00c9PREUVE La Course des Goats propose une course \u00e0 \u00e9limination, de ce fait chaque participant accepte les r\u00e9sultats sans possibilit\u00e9 de contestation. PARTICIPANTS La [&hellip;]<\/p>\n","protected":false},"author":34,"featured_media":0,"parent":0,"menu_order":0,"comment_status":"closed","ping_status":"closed","template":"","meta":{"_et_pb_use_builder":"on","_et_pb_old_content":"","_et_gb_content_width":"","footnotes":""},"class_list":["post-274","page","type-page","status-publish","hentry"],"yoast_head":"<!-- This site is optimized with the Yoast SEO plugin v26.5 - https:\/\/yoast.com\/wordpress\/plugins\/seo\/ -->\n<title>R\u00e8glement course - R\u00c8GLEMENT - Goat Event<\/title>\n<meta name=\"description\" content=\"Voici le r\u00e8glement de la course des Goats. Venez vous informer sur votre prochaine course et ses conditions.\" \/>\n<meta name=\"robots\" content=\"index, follow, max-snippet:-1, max-image-preview:large, max-video-preview:-1\" \/>\n<link rel=\"canonical\" href=\"https:\/\/3sport2025.ppawebdesign.com\/b1\/reglement\/\" \/>\n<meta property=\"og:locale\" content=\"fr_FR\" \/>\n<meta property=\"og:type\" content=\"article\" \/>\n<meta property=\"og:title\" content=\"R\u00e8glement course - R\u00c8GLEMENT - Goat Event\" \/>\n<meta property=\"og:description\" content=\"Voici le r\u00e8glement de la course des Goats. Venez vous informer sur votre prochaine course et ses conditions.\" \/>\n<meta property=\"og:url\" content=\"https:\/\/3sport2025.ppawebdesign.com\/b1\/reglement\/\" \/>\n<meta property=\"og:site_name\" content=\"Goat Event\" \/>\n<meta property=\"article:modified_time\" content=\"2025-12-05T09:45:30+00:00\" \/>\n<meta name=\"twitter:card\" content=\"summary_large_image\" \/>\n<meta name=\"twitter:label1\" content=\"Dur\u00e9e de lecture estim\u00e9e\" \/>\n\t<meta name=\"twitter:data1\" content=\"2 minutes\" \/>\n<script type=\"application\/ld+json\" class=\"yoast-schema-graph\">{\"@context\":\"https:\/\/schema.org\",\"@graph\":[{\"@type\":\"WebPage\",\"@id\":\"https:\/\/3sport2025.ppawebdesign.com\/b1\/reglement\/\",\"url\":\"https:\/\/3sport2025.ppawebdesign.com\/b1\/reglement\/\",\"name\":\"R\u00e8glement course - R\u00c8GLEMENT - Goat Event\",\"isPartOf\":{\"@id\":\"https:\/\/3sport2025.ppawebdesign.com\/b1\/#website\"},\"datePublished\":\"2025-12-03T14:59:20+00:00\",\"dateModified\":\"2025-12-05T09:45:30+00:00\",\"description\":\"Voici le r\u00e8glement de la course des Goats. Venez vous informer sur votre prochaine course et ses conditions.\",\"breadcrumb\":{\"@id\":\"https:\/\/3sport2025.ppawebdesign.com\/b1\/reglement\/#breadcrumb\"},\"inLanguage\":\"fr-FR\",\"potentialAction\":[{\"@type\":\"ReadAction\",\"target\":[\"https:\/\/3sport2025.ppawebdesign.com\/b1\/reglement\/\"]}]},{\"@type\":\"BreadcrumbList\",\"@id\":\"https:\/\/3sport2025.ppawebdesign.com\/b1\/reglement\/#breadcrumb\",\"itemListElement\":[{\"@type\":\"ListItem\",\"position\":1,\"name\":\"Accueil\",\"item\":\"https:\/\/3sport2025.ppawebdesign.com\/b1\/\"},{\"@type\":\"ListItem\",\"position\":2,\"name\":\"R\u00c8GLEMENT\"}]},{\"@type\":\"WebSite\",\"@id\":\"https:\/\/3sport2025.ppawebdesign.com\/b1\/#website\",\"url\":\"https:\/\/3sport2025.ppawebdesign.com\/b1\/\",\"name\":\"Goat Event\",\"description\":\"\",\"potentialAction\":[{\"@type\":\"SearchAction\",\"target\":{\"@type\":\"EntryPoint\",\"urlTemplate\":\"https:\/\/3sport2025.ppawebdesign.com\/b1\/?s={search_term_string}\"},\"query-input\":{\"@type\":\"PropertyValueSpecification\",\"valueRequired\":true,\"valueName\":\"search_term_string\"}}],\"inLanguage\":\"fr-FR\"}]}<\/script>\n<!-- \/ Yoast SEO plugin. -->","yoast_head_json":{"title":"R\u00e8glement course - R\u00c8GLEMENT - Goat Event","description":"Voici le r\u00e8glement de la course des Goats. Venez vous informer sur votre prochaine course et ses conditions.","robots":{"index":"index","follow":"follow","max-snippet":"max-snippet:-1","max-image-preview":"max-image-preview:large","max-video-preview":"max-video-preview:-1"},"canonical":"https:\/\/3sport2025.ppawebdesign.com\/b1\/reglement\/","og_locale":"fr_FR","og_type":"article","og_title":"R\u00e8glement course - R\u00c8GLEMENT - Goat Event","og_description":"Voici le r\u00e8glement de la course des Goats. Venez vous informer sur votre prochaine course et ses conditions.","og_url":"https:\/\/3sport2025.ppawebdesign.com\/b1\/reglement\/","og_site_name":"Goat Event","article_modified_time":"2025-12-05T09:45:30+00:00","twitter_card":"summary_large_image","twitter_misc":{"Dur\u00e9e de lecture estim\u00e9e":"2 minutes"},"schema":{"@context":"https:\/\/schema.org","@graph":[{"@type":"WebPage","@id":"https:\/\/3sport2025.ppawebdesign.com\/b1\/reglement\/","url":"https:\/\/3sport2025.ppawebdesign.com\/b1\/reglement\/","name":"R\u00e8glement course - R\u00c8GLEMENT - Goat Event","isPartOf":{"@id":"https:\/\/3sport2025.ppawebdesign.com\/b1\/#website"},"datePublished":"2025-12-03T14:59:20+00:00","dateModified":"2025-12-05T09:45:30+00:00","description":"Voici le r\u00e8glement de la course des Goats. Venez vous informer sur votre prochaine course et ses conditions.","breadcrumb":{"@id":"https:\/\/3sport2025.ppawebdesign.com\/b1\/reglement\/#breadcrumb"},"inLanguage":"fr-FR","potentialAction":[{"@type":"ReadAction","target":["https:\/\/3sport2025.ppawebdesign.com\/b1\/reglement\/"]}]},{"@type":"BreadcrumbList","@id":"https:\/\/3sport2025.ppawebdesign.com\/b1\/reglement\/#breadcrumb","itemListElement":[{"@type":"ListItem","position":1,"name":"Accueil","item":"https:\/\/3sport2025.ppawebdesign.com\/b1\/"},{"@type":"ListItem","position":2,"name":"R\u00c8GLEMENT"}]},{"@type":"WebSite","@id":"https:\/\/3sport2025.ppawebdesign.com\/b1\/#website","url":"https:\/\/3sport2025.ppawebdesign.com\/b1\/","name":"Goat Event","description":"","potentialAction":[{"@type":"SearchAction","target":{"@type":"EntryPoint","urlTemplate":"https:\/\/3sport2025.ppawebdesign.com\/b1\/?s={search_term_string}"},"query-input":{"@type":"PropertyValueSpecification","valueRequired":true,"valueName":"search_term_string"}}],"inLanguage":"fr-FR"}]}},"_links":{"self":[{"href":"https:\/\/3sport2025.ppawebdesign.com\/b1\/wp-json\/wp\/v2\/pages\/274","targetHints":{"allow":["GET"]}}],"collection":[{"href":"https:\/\/3sport2025.ppawebdesign.com\/b1\/wp-json\/wp\/v2\/pages"}],"about":[{"href":"https:\/\/3sport2025.ppawebdesign.com\/b1\/wp-json\/wp\/v2\/types\/page"}],"author":[{"embeddable":true,"href":"https:\/\/3sport2025.ppawebdesign.com\/b1\/wp-json\/wp\/v2\/users\/34"}],"replies":[{"embeddable":true,"href":"https:\/\/3sport2025.ppawebdesign.com\/b1\/wp-json\/wp\/v2\/comments?post=274"}],"version-history":[{"count":35,"href":"https:\/\/3sport2025.ppawebdesign.com\/b1\/wp-json\/wp\/v2\/pages\/274\/revisions"}],"predecessor-version":[{"id":617,"href":"https:\/\/3sport2025.ppawebdesign.com\/b1\/wp-json\/wp\/v2\/pages\/274\/revisions\/617"}],"wp:attachment":[{"href":"https:\/\/3sport2025.ppawebdesign.com\/b1\/wp-json\/wp\/v2\/media?parent=274"}],"curies":[{"name":"wp","href":"https:\/\/api.w.org\/{rel}","templated":true}]}}