{"id":36,"date":"2025-12-02T12:01:50","date_gmt":"2025-12-02T11:01:50","guid":{"rendered":"https:\/\/3sport2025.ppawebdesign.com\/b1\/?page_id=36"},"modified":"2025-12-04T16:20:30","modified_gmt":"2025-12-04T15:20:30","slug":"evenement","status":"publish","type":"page","link":"https:\/\/3sport2025.ppawebdesign.com\/b1\/evenement\/","title":{"rendered":"\u00c9V\u00c8NEMENT"},"content":{"rendered":"<p>[et_pb_section fb_built=\u00a0\u00bb1&Prime; fullwidth=\u00a0\u00bbon\u00a0\u00bb _builder_version=\u00a0\u00bb4.27.4&Prime; _module_preset=\u00a0\u00bbdefault\u00a0\u00bb background_color=\u00a0\u00bb#FFFFFF\u00a0\u00bb background_image=\u00a0\u00bbhttps:\/\/3sport2025.ppawebdesign.com\/b1\/wp-content\/uploads\/sites\/7\/2025\/12\/photo-HR-article.webp\u00a0\u00bb global_colors_info=\u00a0\u00bb{}\u00a0\u00bb][et_pb_fullwidth_slider _builder_version=\u00a0\u00bb4.27.4&Prime; _module_preset=\u00a0\u00bbdefault\u00a0\u00bb header_level=\u00a0\u00bbh1&Prime; header_font=\u00a0\u00bbTimes New Roman|800||on|||||\u00a0\u00bb header_font_size=\u00a0\u00bb100px\u00a0\u00bb background_image=\u00a0\u00bbhttps:\/\/3sport2025.ppawebdesign.com\/b1\/wp-content\/uploads\/sites\/7\/2025\/12\/IMG_9040-e1764856465243.jpg\u00a0\u00bb background_size=\u00a0\u00bbcustom\u00a0\u00bb background_image_width=\u00a0\u00bb100%\u00a0\u00bb background_image_height=\u00a0\u00bb100%\u00a0\u00bb global_colors_info=\u00a0\u00bb{}\u00a0\u00bb][et_pb_slide heading=\u00a0\u00bb\u00e9vent\u00a0\u00bb _builder_version=\u00a0\u00bb4.27.4&Prime; _module_preset=\u00a0\u00bbdefault\u00a0\u00bb header_level=\u00a0\u00bbh1&Prime; header_font=\u00a0\u00bb||||||||\u00a0\u00bb header_text_align=\u00a0\u00bbcenter\u00a0\u00bb header_text_color=\u00a0\u00bb#d3a733&Prime; header_font_size=\u00a0\u00bb62px\u00a0\u00bb header_letter_spacing=\u00a0\u00bb0px\u00a0\u00bb body_text_color=\u00a0\u00bb#d3a733&Prime; header_text_shadow_style=\u00a0\u00bbpreset1&Prime; global_colors_info=\u00a0\u00bb{}\u00a0\u00bb sticky_transition=\u00a0\u00bbon\u00a0\u00bb][\/et_pb_slide][\/et_pb_fullwidth_slider][\/et_pb_section][et_pb_section fb_built=\u00a0\u00bb1&Prime; _builder_version=\u00a0\u00bb4.27.4&Prime; _module_preset=\u00a0\u00bbdefault\u00a0\u00bb global_colors_info=\u00a0\u00bb{}\u00a0\u00bb][et_pb_row column_structure=\u00a0\u00bb2_3,1_3&Prime; _builder_version=\u00a0\u00bb4.27.4&Prime; _module_preset=\u00a0\u00bbdefault\u00a0\u00bb custom_padding=\u00a0\u00bb19px|||9px||\u00a0\u00bb global_colors_info=\u00a0\u00bb{}\u00a0\u00bb][et_pb_column type=\u00a0\u00bb2_3&Prime; _builder_version=\u00a0\u00bb4.27.4&Prime; _module_preset=\u00a0\u00bbdefault\u00a0\u00bb global_colors_info=\u00a0\u00bb{}\u00a0\u00bb][et_pb_text _builder_version=\u00a0\u00bb4.27.4&Prime; _module_preset=\u00a0\u00bbdefault\u00a0\u00bb text_text_color=\u00a0\u00bb#00285a\u00a0\u00bb inline_fonts=\u00a0\u00bbTimes New Roman\u00a0\u00bb global_colors_info=\u00a0\u00bb{}\u00a0\u00bb]<\/p>\n<p style=\"text-align: justify\"><span style=\"text-decoration: underline;font-family: 'Times New Roman';font-weight: normal;font-size: x-large;color: #d3a733\"><strong>\u00ab\u00a0La Course des GOATS\u00a0\u00bb<\/strong><\/span><\/p>\n<p data-start=\"231\" data-end=\"343\" style=\"text-align: justify\"><span style=\"font-family: 'Times New Roman';font-weight: normal;font-size: large\">L\u2019\u00e9quipe organise une course le Mardi 13 Janvier 2026 \u00e0 partir de 17h00 au Parc Yvon-le-Coz, aux Loges-en-Josas.<\/span><\/p>\n<p data-start=\"345\" data-end=\"471\" style=\"text-align: justify\"><span style=\"font-family: 'Times New Roman';font-weight: normal;font-size: large\">Cet \u00e9v\u00e9nement propose plusieurs manches successives, avec des distances vari\u00e9es comme le 400 m, le 800 m et une finale d\u20191 km.<\/span><\/p>\n<p data-start=\"473\" data-end=\"594\" style=\"text-align: justify\"><span style=\"font-family: 'Times New Roman';font-weight: normal;font-size: large\">Ensuite, le format est \u00e9liminatoire : les derniers de chaque s\u00e9rie quittent la comp\u00e9tition avant la manche suivante.<\/span><\/p>\n<p data-start=\"596\" data-end=\"688\" style=\"text-align: justify\"><span style=\"font-family: 'Times New Roman';font-weight: normal;font-size: large\">Apr\u00e8s ces s\u00e9lections, les meilleurs coureurs se retrouvent en finale pour jouer la victoire.<\/span><\/p>\n<p data-start=\"690\" data-end=\"791\" style=\"text-align: justify\"><span style=\"font-family: 'Times New Roman';font-weight: normal;font-size: large\">De plus, l\u2019objectif est de m\u00ealer comp\u00e9tition et fun, tout en cr\u00e9ant une ambiance sportive conviviale.<\/span><\/p>\n<p data-start=\"793\" data-end=\"911\" style=\"text-align: justify\"><span style=\"font-family: 'Times New Roman';font-weight: normal;font-size: large\">La participation concerne tous les \u00e9tudiants de PPA, et nous visons 60 inscrits pour renforcer l\u2019\u00e9nergie de la course.<\/span><\/p>\n<p data-start=\"913\" data-end=\"1041\" style=\"text-align: justify\"><span style=\"font-family: 'Times New Roman';font-weight: normal;font-size: large\">Cette course valorise \u00e9galement GoatEvent, puisque l\u2019agence affirme son dynamisme et son envie d\u2019innover dans le sport \u00e9tudiant.<\/span><\/p>\n<p data-start=\"1043\" data-end=\"1135\" style=\"text-align: justify\"><span style=\"font-family: 'Times New Roman';font-weight: normal;font-size: large\">Enfin, l\u2019\u00e9v\u00e9nement pr\u00e9vu pour r\u00e9unir 60 participants se d\u00e9roule en trois \u00e9tapes clairement d\u00e9finies.<\/span><\/p>\n<p data-start=\"1137\" data-end=\"1255\" style=\"text-align: justify\"><span style=\"font-family: 'Times New Roman';font-weight: normal;font-size: large\"><strong data-start=\"1137\" data-end=\"1156\">1 phase : 400 m<\/strong> \u2013 Nous organisons 10 s\u00e9ries de 6 coureurs, et les 20 meilleurs temps acc\u00e8dent \u00e0 la phase suivante.<\/span><\/p>\n<p data-start=\"1257\" data-end=\"1374\" style=\"text-align: justify\"><span style=\"font-family: 'Times New Roman';font-weight: normal;font-size: large\"><strong data-start=\"1257\" data-end=\"1276\">2 phase : 800 m<\/strong> \u2013 Nous lan\u00e7ons 2 s\u00e9ries de 10 coureurs, et les 10 meilleurs chronos rejoignent ensuite la finale.<\/span><\/p>\n<p data-start=\"1376\" data-end=\"1510\" style=\"text-align: justify\"><span style=\"font-family: 'Times New Roman';font-weight: normal;font-size: large\"><strong data-start=\"1376\" data-end=\"1401\">3 phase : Finale 1 km<\/strong> \u2013 Les 10 finalistes s\u2019affrontent sur une course d\u2019endurance, et le meilleur d\u00e9croche finalement la victoire.<\/span><\/p>\n<p data-start=\"1376\" data-end=\"1510\" style=\"text-align: justify\"><span style=\"font-family: 'Times New Roman';font-weight: normal;font-size: large\"><\/span><\/p>\n<p data-start=\"429\" data-end=\"451\"><span style=\"text-decoration: underline;color: #d3a733\"><span style=\"font-family: 'Times New Roman';font-weight: normal;font-size: large\"><strong data-start=\"429\" data-end=\"449\">Liens internes :<\/strong><\/span><\/span><\/p>\n<ul data-start=\"452\" data-end=\"513\">\n<li data-start=\"452\" data-end=\"487\"><span style=\"color: #3056ff;font-family: 'Times New Roman';font-weight: normal;font-size: large\"><a href=\"https:\/\/3sport2025.ppawebdesign.com\/b1\/equipe\/\" style=\"color: #3056ff\">Notre \u00e9quipe\u00a0<\/a><\/span><\/li>\n<li data-start=\"488\" data-end=\"513\"><span style=\"color: #3330ff;font-family: 'Times New Roman';font-weight: normal;font-size: large\"><a href=\"https:\/\/3sport2025.ppawebdesign.com\/b1\/question-contact\/\" style=\"color: #3330ff\">Besoin d&rsquo;aide ?\u00a0<\/a><\/span><\/li>\n<\/ul>\n<p data-start=\"515\" data-end=\"535\"><span style=\"text-decoration: underline;color: #d3a733\"><span style=\"font-family: 'Times New Roman';font-weight: normal;font-size: large\"><strong data-start=\"515\" data-end=\"533\">Lien externe :<\/strong><\/span><\/span><\/p>\n<p data-start=\"515\" data-end=\"535\"><span style=\"font-family: 'Times New Roman';font-weight: normal;font-size: large\"><strong data-start=\"515\" data-end=\"533\"><\/strong><\/span><\/p>\n<ul data-start=\"536\" data-end=\"609\">\n<li data-start=\"536\" data-end=\"609\">\n<p data-start=\"538\" data-end=\"609\"><span style=\"font-family: 'Times New Roman';font-weight: normal;font-size: large\"><a href=\"https:\/\/www.intersport.fr\/contenus\/accessoires-bien-etre-sante\/les-besoins-alimentaires-du-sportif\/\"><span style=\"color: #3a30ff\">Alimentation pour un sportif<\/span><\/a><\/span><\/p>\n<\/li>\n<\/ul>\n<p>[\/et_pb_text][\/et_pb_column][et_pb_column type=\u00a0\u00bb1_3&Prime; _builder_version=\u00a0\u00bb4.27.4&Prime; _module_preset=\u00a0\u00bbdefault\u00a0\u00bb global_colors_info=\u00a0\u00bb{}\u00a0\u00bb][et_pb_image src=\u00a0\u00bbhttps:\/\/3sport2025.ppawebdesign.com\/b1\/wp-content\/uploads\/sites\/7\/2025\/12\/B9720944874Z.1_20190918113853_000G0VEG1B3G.2-0.jpg\u00a0\u00bb alt=\u00a0\u00bbImage d\u00e9part de la course\u00a0\u00bb title_text=\u00a0\u00bbB9720944874Z.1_20190918113853_000+G0VEG1B3G.2-0&Prime; _builder_version=\u00a0\u00bb4.27.4&Prime; _module_preset=\u00a0\u00bbdefault\u00a0\u00bb min_height=\u00a0\u00bb200.9px\u00a0\u00bb global_colors_info=\u00a0\u00bb{}\u00a0\u00bb][\/et_pb_image][et_pb_image src=\u00a0\u00bbhttps:\/\/3sport2025.ppawebdesign.com\/b1\/wp-content\/uploads\/sites\/7\/2025\/12\/Parc-YLC-Skatepark-LLJ-S.MERIAUX-1200&#215;630-1.png\u00a0\u00bb title_text=\u00a0\u00bbParc-YLC-Skatepark-LLJ-S.MERIAUX-1200&#215;630&Prime; _builder_version=\u00a0\u00bb4.27.4&Prime; _module_preset=\u00a0\u00bbdefault\u00a0\u00bb min_height=\u00a0\u00bb205.9px\u00a0\u00bb global_colors_info=\u00a0\u00bb{}\u00a0\u00bb][\/et_pb_image][et_pb_image src=\u00a0\u00bbhttps:\/\/3sport2025.ppawebdesign.com\/b1\/wp-content\/uploads\/sites\/7\/2025\/12\/IMG_9011-scaled-e1764846653317.jpg\u00a0\u00bb title_text=\u00a0\u00bbIMG_9011&Prime; _builder_version=\u00a0\u00bb4.27.4&Prime; _module_preset=\u00a0\u00bbdefault\u00a0\u00bb min_height=\u00a0\u00bb198.9px\u00a0\u00bb global_colors_info=\u00a0\u00bb{}\u00a0\u00bb][\/et_pb_image][\/et_pb_column][\/et_pb_row][\/et_pb_section]<\/p>\n","protected":false},"excerpt":{"rendered":"<p>\u00ab\u00a0La Course des GOATS\u00a0\u00bb L\u2019\u00e9quipe organise une course le Mardi 13 Janvier 2026 \u00e0 partir de 17h00 au Parc Yvon-le-Coz, aux Loges-en-Josas. Cet \u00e9v\u00e9nement propose plusieurs manches successives, avec des distances vari\u00e9es comme le 400 m, le 800 m et une finale d\u20191 km. Ensuite, le format est \u00e9liminatoire : les derniers de chaque s\u00e9rie [&hellip;]<\/p>\n","protected":false},"author":32,"featured_media":0,"parent":0,"menu_order":0,"comment_status":"closed","ping_status":"closed","template":"","meta":{"_et_pb_use_builder":"on","_et_pb_old_content":"","_et_gb_content_width":"","footnotes":""},"class_list":["post-36","page","type-page","status-publish","hentry"],"yoast_head":"<!-- This site is optimized with the Yoast SEO plugin v26.5 - https:\/\/yoast.com\/wordpress\/plugins\/seo\/ -->\n<title>Course \u00e9tudiante immanquable - \u00c9V\u00c8NEMENT - Goat Event<\/title>\n<meta name=\"description\" content=\"Voici la course des Goats ! Venez profitez d&#039;un \u00e9v\u00e8nement \u00e9tudiant extraordinaire pour remporter des r\u00e9compenses.\" \/>\n<meta name=\"robots\" content=\"index, follow, max-snippet:-1, max-image-preview:large, max-video-preview:-1\" \/>\n<link rel=\"canonical\" href=\"https:\/\/3sport2025.ppawebdesign.com\/b1\/evenement\/\" \/>\n<meta property=\"og:locale\" content=\"fr_FR\" \/>\n<meta property=\"og:type\" content=\"article\" \/>\n<meta property=\"og:title\" content=\"Course \u00e9tudiante immanquable - \u00c9V\u00c8NEMENT - Goat Event\" \/>\n<meta property=\"og:description\" content=\"Voici la course des Goats ! Venez profitez d&#039;un \u00e9v\u00e8nement \u00e9tudiant extraordinaire pour remporter des r\u00e9compenses.\" \/>\n<meta property=\"og:url\" content=\"https:\/\/3sport2025.ppawebdesign.com\/b1\/evenement\/\" \/>\n<meta property=\"og:site_name\" content=\"Goat Event\" \/>\n<meta property=\"article:modified_time\" content=\"2025-12-04T15:20:30+00:00\" \/>\n<meta name=\"twitter:card\" content=\"summary_large_image\" \/>\n<meta name=\"twitter:label1\" content=\"Dur\u00e9e de lecture estim\u00e9e\" \/>\n\t<meta name=\"twitter:data1\" content=\"2 minutes\" \/>\n<script type=\"application\/ld+json\" class=\"yoast-schema-graph\">{\"@context\":\"https:\/\/schema.org\",\"@graph\":[{\"@type\":\"WebPage\",\"@id\":\"https:\/\/3sport2025.ppawebdesign.com\/b1\/evenement\/\",\"url\":\"https:\/\/3sport2025.ppawebdesign.com\/b1\/evenement\/\",\"name\":\"Course \u00e9tudiante immanquable - \u00c9V\u00c8NEMENT - Goat Event\",\"isPartOf\":{\"@id\":\"https:\/\/3sport2025.ppawebdesign.com\/b1\/#website\"},\"datePublished\":\"2025-12-02T11:01:50+00:00\",\"dateModified\":\"2025-12-04T15:20:30+00:00\",\"description\":\"Voici la course des Goats ! Venez profitez d'un \u00e9v\u00e8nement \u00e9tudiant extraordinaire pour remporter des r\u00e9compenses.\",\"breadcrumb\":{\"@id\":\"https:\/\/3sport2025.ppawebdesign.com\/b1\/evenement\/#breadcrumb\"},\"inLanguage\":\"fr-FR\",\"potentialAction\":[{\"@type\":\"ReadAction\",\"target\":[\"https:\/\/3sport2025.ppawebdesign.com\/b1\/evenement\/\"]}]},{\"@type\":\"BreadcrumbList\",\"@id\":\"https:\/\/3sport2025.ppawebdesign.com\/b1\/evenement\/#breadcrumb\",\"itemListElement\":[{\"@type\":\"ListItem\",\"position\":1,\"name\":\"Accueil\",\"item\":\"https:\/\/3sport2025.ppawebdesign.com\/b1\/\"},{\"@type\":\"ListItem\",\"position\":2,\"name\":\"\u00c9V\u00c8NEMENT\"}]},{\"@type\":\"WebSite\",\"@id\":\"https:\/\/3sport2025.ppawebdesign.com\/b1\/#website\",\"url\":\"https:\/\/3sport2025.ppawebdesign.com\/b1\/\",\"name\":\"Goat Event\",\"description\":\"\",\"potentialAction\":[{\"@type\":\"SearchAction\",\"target\":{\"@type\":\"EntryPoint\",\"urlTemplate\":\"https:\/\/3sport2025.ppawebdesign.com\/b1\/?s={search_term_string}\"},\"query-input\":{\"@type\":\"PropertyValueSpecification\",\"valueRequired\":true,\"valueName\":\"search_term_string\"}}],\"inLanguage\":\"fr-FR\"}]}<\/script>\n<!-- \/ Yoast SEO plugin. -->","yoast_head_json":{"title":"Course \u00e9tudiante immanquable - \u00c9V\u00c8NEMENT - Goat Event","description":"Voici la course des Goats ! Venez profitez d'un \u00e9v\u00e8nement \u00e9tudiant extraordinaire pour remporter des r\u00e9compenses.","robots":{"index":"index","follow":"follow","max-snippet":"max-snippet:-1","max-image-preview":"max-image-preview:large","max-video-preview":"max-video-preview:-1"},"canonical":"https:\/\/3sport2025.ppawebdesign.com\/b1\/evenement\/","og_locale":"fr_FR","og_type":"article","og_title":"Course \u00e9tudiante immanquable - \u00c9V\u00c8NEMENT - Goat Event","og_description":"Voici la course des Goats ! Venez profitez d'un \u00e9v\u00e8nement \u00e9tudiant extraordinaire pour remporter des r\u00e9compenses.","og_url":"https:\/\/3sport2025.ppawebdesign.com\/b1\/evenement\/","og_site_name":"Goat Event","article_modified_time":"2025-12-04T15:20:30+00:00","twitter_card":"summary_large_image","twitter_misc":{"Dur\u00e9e de lecture estim\u00e9e":"2 minutes"},"schema":{"@context":"https:\/\/schema.org","@graph":[{"@type":"WebPage","@id":"https:\/\/3sport2025.ppawebdesign.com\/b1\/evenement\/","url":"https:\/\/3sport2025.ppawebdesign.com\/b1\/evenement\/","name":"Course \u00e9tudiante immanquable - \u00c9V\u00c8NEMENT - Goat Event","isPartOf":{"@id":"https:\/\/3sport2025.ppawebdesign.com\/b1\/#website"},"datePublished":"2025-12-02T11:01:50+00:00","dateModified":"2025-12-04T15:20:30+00:00","description":"Voici la course des Goats ! Venez profitez d'un \u00e9v\u00e8nement \u00e9tudiant extraordinaire pour remporter des r\u00e9compenses.","breadcrumb":{"@id":"https:\/\/3sport2025.ppawebdesign.com\/b1\/evenement\/#breadcrumb"},"inLanguage":"fr-FR","potentialAction":[{"@type":"ReadAction","target":["https:\/\/3sport2025.ppawebdesign.com\/b1\/evenement\/"]}]},{"@type":"BreadcrumbList","@id":"https:\/\/3sport2025.ppawebdesign.com\/b1\/evenement\/#breadcrumb","itemListElement":[{"@type":"ListItem","position":1,"name":"Accueil","item":"https:\/\/3sport2025.ppawebdesign.com\/b1\/"},{"@type":"ListItem","position":2,"name":"\u00c9V\u00c8NEMENT"}]},{"@type":"WebSite","@id":"https:\/\/3sport2025.ppawebdesign.com\/b1\/#website","url":"https:\/\/3sport2025.ppawebdesign.com\/b1\/","name":"Goat Event","description":"","potentialAction":[{"@type":"SearchAction","target":{"@type":"EntryPoint","urlTemplate":"https:\/\/3sport2025.ppawebdesign.com\/b1\/?s={search_term_string}"},"query-input":{"@type":"PropertyValueSpecification","valueRequired":true,"valueName":"search_term_string"}}],"inLanguage":"fr-FR"}]}},"_links":{"self":[{"href":"https:\/\/3sport2025.ppawebdesign.com\/b1\/wp-json\/wp\/v2\/pages\/36","targetHints":{"allow":["GET"]}}],"collection":[{"href":"https:\/\/3sport2025.ppawebdesign.com\/b1\/wp-json\/wp\/v2\/pages"}],"about":[{"href":"https:\/\/3sport2025.ppawebdesign.com\/b1\/wp-json\/wp\/v2\/types\/page"}],"author":[{"embeddable":true,"href":"https:\/\/3sport2025.ppawebdesign.com\/b1\/wp-json\/wp\/v2\/users\/32"}],"replies":[{"embeddable":true,"href":"https:\/\/3sport2025.ppawebdesign.com\/b1\/wp-json\/wp\/v2\/comments?post=36"}],"version-history":[{"count":37,"href":"https:\/\/3sport2025.ppawebdesign.com\/b1\/wp-json\/wp\/v2\/pages\/36\/revisions"}],"predecessor-version":[{"id":581,"href":"https:\/\/3sport2025.ppawebdesign.com\/b1\/wp-json\/wp\/v2\/pages\/36\/revisions\/581"}],"wp:attachment":[{"href":"https:\/\/3sport2025.ppawebdesign.com\/b1\/wp-json\/wp\/v2\/media?parent=36"}],"curies":[{"name":"wp","href":"https:\/\/api.w.org\/{rel}","templated":true}]}}