{"id":43,"date":"2025-12-02T12:04:45","date_gmt":"2025-12-02T11:04:45","guid":{"rendered":"https:\/\/3sport2025.ppawebdesign.com\/b1\/?page_id=43"},"modified":"2025-12-04T16:14:29","modified_gmt":"2025-12-04T15:14:29","slug":"equipe","status":"publish","type":"page","link":"https:\/\/3sport2025.ppawebdesign.com\/b1\/equipe\/","title":{"rendered":"\u00c9QUIPE"},"content":{"rendered":"<p>[et_pb_section fb_built=\u00a0\u00bb1&Prime; fullwidth=\u00a0\u00bbon\u00a0\u00bb _builder_version=\u00a0\u00bb4.27.4&Prime; _module_preset=\u00a0\u00bbdefault\u00a0\u00bb global_colors_info=\u00a0\u00bb{}\u00a0\u00bb][et_pb_fullwidth_slider _builder_version=\u00a0\u00bb4.27.4&Prime; _module_preset=\u00a0\u00bbdefault\u00a0\u00bb header_level=\u00a0\u00bbh1&Prime; header_font=\u00a0\u00bbTimes New Roman|800||on|||||\u00a0\u00bb header_font_size=\u00a0\u00bb65px\u00a0\u00bb header_line_height=\u00a0\u00bb1.2em\u00a0\u00bb body_font=\u00a0\u00bb||||||||\u00a0\u00bb global_colors_info=\u00a0\u00bb{}\u00a0\u00bb][et_pb_slide heading=\u00a0\u00bb\u00c9QUIPE\u00a0\u00bb _builder_version=\u00a0\u00bb4.27.4&Prime; _module_preset=\u00a0\u00bbdefault\u00a0\u00bb header_font=\u00a0\u00bb|800||on|||||\u00a0\u00bb header_text_color=\u00a0\u00bb#d3a733&Prime; global_colors_info=\u00a0\u00bb{}\u00a0\u00bb sticky_transition=\u00a0\u00bbon\u00a0\u00bb][\/et_pb_slide][\/et_pb_fullwidth_slider][\/et_pb_section][et_pb_section fb_built=\u00a0\u00bb1&Prime; _builder_version=\u00a0\u00bb4.27.4&Prime; _module_preset=\u00a0\u00bbdefault\u00a0\u00bb global_colors_info=\u00a0\u00bb{}\u00a0\u00bb][et_pb_row _builder_version=\u00a0\u00bb4.27.4&Prime; _module_preset=\u00a0\u00bbdefault\u00a0\u00bb global_colors_info=\u00a0\u00bb{}\u00a0\u00bb][et_pb_column type=\u00a0\u00bb4_4&Prime; _builder_version=\u00a0\u00bb4.27.4&Prime; _module_preset=\u00a0\u00bbdefault\u00a0\u00bb global_colors_info=\u00a0\u00bb{}\u00a0\u00bb][et_pb_image src=\u00a0\u00bbhttps:\/\/3sport2025.ppawebdesign.com\/b1\/wp-content\/uploads\/sites\/7\/2025\/12\/Capture-decran-2025-12-03-a-14.09.39-1.png\u00a0\u00bb title_text=\u00a0\u00bbCapture d\u2019e\u0301cran 2025-12-03 a\u0300 14.09.39&Prime; _builder_version=\u00a0\u00bb4.27.4&Prime; _module_preset=\u00a0\u00bbdefault\u00a0\u00bb global_colors_info=\u00a0\u00bb{}\u00a0\u00bb][\/et_pb_image][\/et_pb_column][\/et_pb_row][et_pb_row _builder_version=\u00a0\u00bb4.27.4&Prime; _module_preset=\u00a0\u00bbdefault\u00a0\u00bb max_width=\u00a0\u00bb997px\u00a0\u00bb module_alignment=\u00a0\u00bbcenter\u00a0\u00bb global_colors_info=\u00a0\u00bb{}\u00a0\u00bb][et_pb_column type=\u00a0\u00bb4_4&Prime; _builder_version=\u00a0\u00bb4.27.4&Prime; _module_preset=\u00a0\u00bbdefault\u00a0\u00bb global_colors_info=\u00a0\u00bb{}\u00a0\u00bb][et_pb_image src=\u00a0\u00bbhttps:\/\/3sport2025.ppawebdesign.com\/b1\/wp-content\/uploads\/sites\/7\/2025\/12\/Capture-decran-2025-12-03-a-14.09.53-1.png\u00a0\u00bb title_text=\u00a0\u00bbCapture d\u2019e\u0301cran 2025-12-03 a\u0300 14.09.53&Prime; _builder_version=\u00a0\u00bb4.27.4&Prime; _module_preset=\u00a0\u00bbdefault\u00a0\u00bb global_colors_info=\u00a0\u00bb{}\u00a0\u00bb][\/et_pb_image][\/et_pb_column][\/et_pb_row][\/et_pb_section][et_pb_section fb_built=\u00a0\u00bb1&Prime; fullwidth=\u00a0\u00bbon\u00a0\u00bb _builder_version=\u00a0\u00bb4.27.4&Prime; _module_preset=\u00a0\u00bbdefault\u00a0\u00bb background_color=\u00a0\u00bb#FFFFFF\u00a0\u00bb global_colors_info=\u00a0\u00bb{}\u00a0\u00bb][et_pb_fullwidth_header _builder_version=\u00a0\u00bb4.27.4&Prime; _module_preset=\u00a0\u00bbdefault\u00a0\u00bb content_line_height=\u00a0\u00bb2.7em\u00a0\u00bb background_color=\u00a0\u00bb#FFFFFF\u00a0\u00bb inline_fonts=\u00a0\u00bbTimes New Roman\u00a0\u00bb global_colors_info=\u00a0\u00bb{}\u00a0\u00bb]<\/p>\n<p data-start=\"138\" data-end=\"294\" style=\"text-align: center\"><span style=\"font-family: 'Times New Roman';font-weight: normal;font-size: large;color: #00285a\">Notre <strong data-start=\"144\" data-end=\"169\">\u00e9quipe course running<\/strong> chez Goat Event est jeune, passionn\u00e9e et compos\u00e9e de sportifs pratiquant r\u00e9guli\u00e8rement le running et d\u2019autres disciplines.<\/span><\/p>\n<p data-start=\"296\" data-end=\"423\" style=\"text-align: center\"><span style=\"font-family: 'Times New Roman';font-weight: normal;font-size: large;color: #00285a\">Nous comprenons parfaitement vos attentes et savons cr\u00e9er des \u00e9v\u00e9nements dynamiques et stimulants pour tous les participants.<\/span><\/p>\n<p data-start=\"425\" data-end=\"557\" style=\"text-align: center\"><span style=\"font-family: 'Times New Roman';font-weight: normal;font-size: large;color: #00285a\">Chaque \u00e9v\u00e8nement m\u00eale performance, plaisir et esprit collectif, offrant ainsi une exp\u00e9rience unique et m\u00e9morable \u00e0 chaque coureur.<\/span><\/p>\n<p data-start=\"559\" data-end=\"682\" style=\"text-align: center\"><span style=\"font-family: 'Times New Roman';font-weight: normal;font-size: large;color: #00285a\">Avec notre approche, nous transformons chaque course en un moment fort, motivant et convivial pour tous les participants.<\/span><\/p>\n<p data-start=\"684\" data-end=\"814\" style=\"text-align: center\"><span style=\"font-family: 'Times New Roman';font-weight: normal;font-size: large;color: #00285a\">Notre objectif principal est simple : vous faire vivre le meilleur \u00e9v\u00e9nement possible \u00e0 travers chaque d\u00e9tail de l\u2019organisation.<\/span><\/p>\n<p data-start=\"816\" data-end=\"936\" style=\"text-align: center\"><span style=\"font-family: 'Times New Roman';font-weight: normal;font-size: large;color: #00285a\">Nous planifions le parcours, l\u2019accueil et la gestion des participants pour garantir un d\u00e9roulement fluide et s\u00e9curis\u00e9.<\/span><\/p>\n<p data-start=\"938\" data-end=\"1057\" style=\"text-align: center\"><span style=\"font-family: 'Times New Roman';font-weight: normal;font-size: large;color: #00285a\">Nous valorisons le d\u00e9passement de soi, l\u2019esprit d\u2019\u00e9quipe et le partage, qui constituent le c\u0153ur de notre philosophie.<\/span><\/p>\n<p data-start=\"1059\" data-end=\"1194\" style=\"text-align: center\"><span style=\"font-family: 'Times New Roman';font-weight: normal;font-size: large;color: #00285a\">Notre <strong data-start=\"1065\" data-end=\"1090\">\u00e9quipe course running<\/strong> cr\u00e9e \u00e9galement des formats innovants et attractifs pour offrir une exp\u00e9rience sportive enrichissante.<\/span><\/p>\n<p data-start=\"1196\" data-end=\"1308\" style=\"text-align: center\"><span style=\"font-family: 'Times New Roman';font-weight: normal;font-size: large;color: #00285a\">Gr\u00e2ce \u00e0 cette approche, Goat Event se distingue comme une agence alliant performance sportive et convivialit\u00e9.<\/span><\/p>\n<p data-start=\"1310\" data-end=\"1408\" style=\"text-align: center\"><span style=\"font-family: 'Times New Roman';font-weight: normal;font-size: large;color: #00285a\">De plus, notre \u00e9quipe met un point d\u2019honneur \u00e0 cr\u00e9er une ambiance motivante et pleine d\u2019\u00e9nergie.<\/span><\/p>\n<p data-start=\"1410\" data-end=\"1526\" style=\"text-align: center\"><span style=\"font-family: 'Times New Roman';font-weight: normal;font-size: large;color: #00285a\">Chaque participant b\u00e9n\u00e9ficie d\u2019un encadrement attentif et de conseils pour se concentrer pleinement sur la course.<\/span><\/p>\n<p data-start=\"1528\" data-end=\"1628\" style=\"text-align: center\"><span style=\"font-family: 'Times New Roman';font-weight: normal;font-size: large;color: #00285a\">Nous voulons que chaque coureur profite de l\u2019exp\u00e9rience sans stress et avec un maximum de plaisir.<\/span><\/p>\n<p data-start=\"1630\" data-end=\"1741\" style=\"text-align: center\"><span style=\"font-family: 'Times New Roman';font-weight: normal;font-size: large;color: #00285a\">En rejoignant nos \u00e9v\u00e9nements, vous d\u00e9couvrez l\u2019\u00e9nergie, la cr\u00e9ativit\u00e9 et la passion qui animent notre agence.<\/span><\/p>\n<p data-start=\"1743\" data-end=\"1875\" style=\"text-align: center\"><span style=\"font-family: 'Times New Roman';font-weight: normal;font-size: large;color: #00285a\">Soyez \u201cGoatesque\u201d et venez vivre avec nous une exp\u00e9rience unique, m\u00e9morable et stimulante gr\u00e2ce \u00e0 notre <strong data-start=\"1847\" data-end=\"1872\">\u00e9quipe.<\/strong><\/span><\/p>\n<p data-start=\"1743\" data-end=\"1875\" style=\"text-align: center\"><span style=\"font-family: 'Times New Roman';font-weight: normal;font-size: large;color: #00285a\"><strong data-start=\"1847\" data-end=\"1872\"><\/strong><\/span><\/p>\n<p data-start=\"1743\" data-end=\"1875\" style=\"text-align: center\"><span style=\"font-family: 'Times New Roman';font-weight: normal;font-size: large;color: #00285a\"><strong data-start=\"1847\" data-end=\"1872\"><\/strong><\/span><\/p>\n<p data-start=\"1743\" data-end=\"1875\" style=\"text-align: center\"><span style=\"font-family: 'Times New Roman';font-weight: normal;font-size: large\"><strong data-start=\"1847\" data-end=\"1872\"><\/strong><\/span><\/p>\n<p data-start=\"1743\" data-end=\"1875\" style=\"text-align: center\"><span style=\"font-family: 'Times New Roman';font-weight: normal;font-size: large\"><strong data-start=\"1847\" data-end=\"1872\"><\/strong><\/span><\/p>\n<p data-start=\"1743\" data-end=\"1875\" style=\"text-align: center\"><span style=\"font-family: 'Times New Roman';font-weight: normal;font-size: large\"><strong data-start=\"1847\" data-end=\"1872\"><\/strong><\/span><\/p>\n<p data-start=\"1743\" data-end=\"1875\" style=\"text-align: center\"><span style=\"font-family: 'Times New Roman';font-weight: normal;font-size: large\"><strong data-start=\"1847\" data-end=\"1872\"><\/strong><\/span><\/p>\n<ul data-start=\"2033\" data-end=\"2104\">\n<li data-start=\"2033\" data-end=\"2104\">\n<p data-start=\"2035\" data-end=\"2104\" style=\"text-align: justify\">\n<\/li>\n<\/ul>\n<p>[\/et_pb_fullwidth_header][\/et_pb_section][et_pb_section fb_built=\u00a0\u00bb1&Prime; _builder_version=\u00a0\u00bb4.27.4&Prime; _module_preset=\u00a0\u00bbdefault\u00a0\u00bb global_colors_info=\u00a0\u00bb{}\u00a0\u00bb][et_pb_row _builder_version=\u00a0\u00bb4.27.4&Prime; _module_preset=\u00a0\u00bbdefault\u00a0\u00bb global_colors_info=\u00a0\u00bb{}\u00a0\u00bb][et_pb_column type=\u00a0\u00bb4_4&Prime; _builder_version=\u00a0\u00bb4.27.4&Prime; _module_preset=\u00a0\u00bbdefault\u00a0\u00bb global_colors_info=\u00a0\u00bb{}\u00a0\u00bb][et_pb_text _builder_version=\u00a0\u00bb4.27.4&Prime; _module_preset=\u00a0\u00bbdefault\u00a0\u00bb global_colors_info=\u00a0\u00bb{}\u00a0\u00bb]<\/p>\n<p data-start=\"1877\" data-end=\"1899\" style=\"text-align: justify\"><span style=\"text-decoration: underline;color: #d3a733;font-family: 'Times New Roman';font-weight: normal;font-size: large\"><strong data-start=\"1877\" data-end=\"1897\">Liens internes :<\/strong><\/span><\/p>\n<ul data-start=\"1900\" data-end=\"2010\" style=\"text-align: justify\">\n<li data-start=\"1900\" data-end=\"1956\">\n<p data-start=\"1902\" data-end=\"1956\"><span style=\"font-family: 'Times New Roman';font-weight: normal;font-size: large\"><span style=\"color: #3a2ffc\"><a href=\"https:\/\/3sport2025.ppawebdesign.com\/b1\/evenement\/\" style=\"color: #3a2ffc\">En savoir plus sur La course des Goats<\/a> <\/span><a href=\"https:\/\/3sport2025.ppawebdesign.com\/b1\/emilie\/\"><\/a><\/span><\/p>\n<\/li>\n<li data-start=\"1957\" data-end=\"2010\">\n<p data-start=\"1959\" data-end=\"2010\"><span style=\"color: #1c00f7\"><a href=\"https:\/\/3sport2025.ppawebdesign.com\/b1\/reglement\/\" style=\"color: #1c00f7\"><span style=\"font-family: 'Times New Roman';font-weight: normal;font-size: large\">D\u00e9couvrir le r\u00e8glement de l&rsquo;\u00e9v\u00e8nement<\/span><\/a><\/span><\/p>\n<\/li>\n<\/ul>\n<p data-start=\"2012\" data-end=\"2032\" style=\"text-align: justify\"><span style=\"color: #d3a733;font-family: Times New Roman\"><span style=\"font-size: 18px\"><b><u>Lien externe :<\/u><\/b><\/span><\/span><\/p>\n<ul data-start=\"2033\" data-end=\"2104\">\n<li data-start=\"2033\" data-end=\"2104\">\n<p data-start=\"2035\" data-end=\"2104\" style=\"text-align: justify\"><span style=\"color: #000be8\"><a href=\"https:\/\/www.intersport.fr\/contenus\/running-trail\/apprendre-a-courir\/\" style=\"color: #000be8\"><span style=\"font-family: 'Times New Roman';font-weight: normal;font-size: large\">Conseils et astuces pour le Running avec Intersport<\/span><\/a><\/span><\/p>\n<\/li>\n<\/ul>\n<p>[\/et_pb_text][\/et_pb_column][\/et_pb_row][\/et_pb_section]<\/p>\n","protected":false},"excerpt":{"rendered":"<p>Notre \u00e9quipe course running chez Goat Event est jeune, passionn\u00e9e et compos\u00e9e de sportifs pratiquant r\u00e9guli\u00e8rement le running et d\u2019autres disciplines. Nous comprenons parfaitement vos attentes et savons cr\u00e9er des \u00e9v\u00e9nements dynamiques et stimulants pour tous les participants. Chaque \u00e9v\u00e8nement m\u00eale performance, plaisir et esprit collectif, offrant ainsi une exp\u00e9rience unique et m\u00e9morable \u00e0 chaque [&hellip;]<\/p>\n","protected":false},"author":33,"featured_media":0,"parent":0,"menu_order":0,"comment_status":"closed","ping_status":"closed","template":"","meta":{"_et_pb_use_builder":"on","_et_pb_old_content":"","_et_gb_content_width":"","footnotes":""},"class_list":["post-43","page","type-page","status-publish","hentry"],"yoast_head":"<!-- This site is optimized with the Yoast SEO plugin v26.5 - https:\/\/yoast.com\/wordpress\/plugins\/seo\/ -->\n<title>\u00c9QUIPE - Goat Event<\/title>\n<meta name=\"description\" content=\"La course des Goats est organis\u00e9e par notre \u00e9quipe comp\u00e9tente compos\u00e9e de Robin, Emilie, L\u00e9o, R\u00e9mi, Samuel, Jules et Thomas.\" \/>\n<meta name=\"robots\" content=\"index, follow, max-snippet:-1, max-image-preview:large, max-video-preview:-1\" \/>\n<link rel=\"canonical\" href=\"https:\/\/3sport2025.ppawebdesign.com\/b1\/equipe\/\" \/>\n<meta property=\"og:locale\" content=\"fr_FR\" \/>\n<meta property=\"og:type\" content=\"article\" \/>\n<meta property=\"og:title\" content=\"\u00c9QUIPE - Goat Event\" \/>\n<meta property=\"og:description\" content=\"La course des Goats est organis\u00e9e par notre \u00e9quipe comp\u00e9tente compos\u00e9e de Robin, Emilie, L\u00e9o, R\u00e9mi, Samuel, Jules et Thomas.\" \/>\n<meta property=\"og:url\" content=\"https:\/\/3sport2025.ppawebdesign.com\/b1\/equipe\/\" \/>\n<meta property=\"og:site_name\" content=\"Goat Event\" \/>\n<meta property=\"article:modified_time\" content=\"2025-12-04T15:14:29+00:00\" \/>\n<meta name=\"twitter:card\" content=\"summary_large_image\" \/>\n<meta name=\"twitter:label1\" content=\"Dur\u00e9e de lecture estim\u00e9e\" \/>\n\t<meta name=\"twitter:data1\" content=\"2 minutes\" \/>\n<script type=\"application\/ld+json\" class=\"yoast-schema-graph\">{\"@context\":\"https:\/\/schema.org\",\"@graph\":[{\"@type\":\"WebPage\",\"@id\":\"https:\/\/3sport2025.ppawebdesign.com\/b1\/equipe\/\",\"url\":\"https:\/\/3sport2025.ppawebdesign.com\/b1\/equipe\/\",\"name\":\"\u00c9QUIPE - Goat Event\",\"isPartOf\":{\"@id\":\"https:\/\/3sport2025.ppawebdesign.com\/b1\/#website\"},\"datePublished\":\"2025-12-02T11:04:45+00:00\",\"dateModified\":\"2025-12-04T15:14:29+00:00\",\"description\":\"La course des Goats est organis\u00e9e par notre \u00e9quipe comp\u00e9tente compos\u00e9e de Robin, Emilie, L\u00e9o, R\u00e9mi, Samuel, Jules et Thomas.\",\"breadcrumb\":{\"@id\":\"https:\/\/3sport2025.ppawebdesign.com\/b1\/equipe\/#breadcrumb\"},\"inLanguage\":\"fr-FR\",\"potentialAction\":[{\"@type\":\"ReadAction\",\"target\":[\"https:\/\/3sport2025.ppawebdesign.com\/b1\/equipe\/\"]}]},{\"@type\":\"BreadcrumbList\",\"@id\":\"https:\/\/3sport2025.ppawebdesign.com\/b1\/equipe\/#breadcrumb\",\"itemListElement\":[{\"@type\":\"ListItem\",\"position\":1,\"name\":\"Accueil\",\"item\":\"https:\/\/3sport2025.ppawebdesign.com\/b1\/\"},{\"@type\":\"ListItem\",\"position\":2,\"name\":\"\u00c9QUIPE\"}]},{\"@type\":\"WebSite\",\"@id\":\"https:\/\/3sport2025.ppawebdesign.com\/b1\/#website\",\"url\":\"https:\/\/3sport2025.ppawebdesign.com\/b1\/\",\"name\":\"Goat Event\",\"description\":\"\",\"potentialAction\":[{\"@type\":\"SearchAction\",\"target\":{\"@type\":\"EntryPoint\",\"urlTemplate\":\"https:\/\/3sport2025.ppawebdesign.com\/b1\/?s={search_term_string}\"},\"query-input\":{\"@type\":\"PropertyValueSpecification\",\"valueRequired\":true,\"valueName\":\"search_term_string\"}}],\"inLanguage\":\"fr-FR\"}]}<\/script>\n<!-- \/ Yoast SEO plugin. -->","yoast_head_json":{"title":"\u00c9QUIPE - Goat Event","description":"La course des Goats est organis\u00e9e par notre \u00e9quipe comp\u00e9tente compos\u00e9e de Robin, Emilie, L\u00e9o, R\u00e9mi, Samuel, Jules et Thomas.","robots":{"index":"index","follow":"follow","max-snippet":"max-snippet:-1","max-image-preview":"max-image-preview:large","max-video-preview":"max-video-preview:-1"},"canonical":"https:\/\/3sport2025.ppawebdesign.com\/b1\/equipe\/","og_locale":"fr_FR","og_type":"article","og_title":"\u00c9QUIPE - Goat Event","og_description":"La course des Goats est organis\u00e9e par notre \u00e9quipe comp\u00e9tente compos\u00e9e de Robin, Emilie, L\u00e9o, R\u00e9mi, Samuel, Jules et Thomas.","og_url":"https:\/\/3sport2025.ppawebdesign.com\/b1\/equipe\/","og_site_name":"Goat Event","article_modified_time":"2025-12-04T15:14:29+00:00","twitter_card":"summary_large_image","twitter_misc":{"Dur\u00e9e de lecture estim\u00e9e":"2 minutes"},"schema":{"@context":"https:\/\/schema.org","@graph":[{"@type":"WebPage","@id":"https:\/\/3sport2025.ppawebdesign.com\/b1\/equipe\/","url":"https:\/\/3sport2025.ppawebdesign.com\/b1\/equipe\/","name":"\u00c9QUIPE - Goat Event","isPartOf":{"@id":"https:\/\/3sport2025.ppawebdesign.com\/b1\/#website"},"datePublished":"2025-12-02T11:04:45+00:00","dateModified":"2025-12-04T15:14:29+00:00","description":"La course des Goats est organis\u00e9e par notre \u00e9quipe comp\u00e9tente compos\u00e9e de Robin, Emilie, L\u00e9o, R\u00e9mi, Samuel, Jules et Thomas.","breadcrumb":{"@id":"https:\/\/3sport2025.ppawebdesign.com\/b1\/equipe\/#breadcrumb"},"inLanguage":"fr-FR","potentialAction":[{"@type":"ReadAction","target":["https:\/\/3sport2025.ppawebdesign.com\/b1\/equipe\/"]}]},{"@type":"BreadcrumbList","@id":"https:\/\/3sport2025.ppawebdesign.com\/b1\/equipe\/#breadcrumb","itemListElement":[{"@type":"ListItem","position":1,"name":"Accueil","item":"https:\/\/3sport2025.ppawebdesign.com\/b1\/"},{"@type":"ListItem","position":2,"name":"\u00c9QUIPE"}]},{"@type":"WebSite","@id":"https:\/\/3sport2025.ppawebdesign.com\/b1\/#website","url":"https:\/\/3sport2025.ppawebdesign.com\/b1\/","name":"Goat Event","description":"","potentialAction":[{"@type":"SearchAction","target":{"@type":"EntryPoint","urlTemplate":"https:\/\/3sport2025.ppawebdesign.com\/b1\/?s={search_term_string}"},"query-input":{"@type":"PropertyValueSpecification","valueRequired":true,"valueName":"search_term_string"}}],"inLanguage":"fr-FR"}]}},"_links":{"self":[{"href":"https:\/\/3sport2025.ppawebdesign.com\/b1\/wp-json\/wp\/v2\/pages\/43","targetHints":{"allow":["GET"]}}],"collection":[{"href":"https:\/\/3sport2025.ppawebdesign.com\/b1\/wp-json\/wp\/v2\/pages"}],"about":[{"href":"https:\/\/3sport2025.ppawebdesign.com\/b1\/wp-json\/wp\/v2\/types\/page"}],"author":[{"embeddable":true,"href":"https:\/\/3sport2025.ppawebdesign.com\/b1\/wp-json\/wp\/v2\/users\/33"}],"replies":[{"embeddable":true,"href":"https:\/\/3sport2025.ppawebdesign.com\/b1\/wp-json\/wp\/v2\/comments?post=43"}],"version-history":[{"count":39,"href":"https:\/\/3sport2025.ppawebdesign.com\/b1\/wp-json\/wp\/v2\/pages\/43\/revisions"}],"predecessor-version":[{"id":577,"href":"https:\/\/3sport2025.ppawebdesign.com\/b1\/wp-json\/wp\/v2\/pages\/43\/revisions\/577"}],"wp:attachment":[{"href":"https:\/\/3sport2025.ppawebdesign.com\/b1\/wp-json\/wp\/v2\/media?parent=43"}],"curies":[{"name":"wp","href":"https:\/\/api.w.org\/{rel}","templated":true}]}}