{"id":32,"date":"2025-12-02T11:55:55","date_gmt":"2025-12-02T10:55:55","guid":{"rendered":"https:\/\/3sport2025.ppawebdesign.com\/b2\/?page_id=32"},"modified":"2025-12-04T16:31:28","modified_gmt":"2025-12-04T15:31:28","slug":"agence-evenementielle-sportive-forza-event-nos-partenaires","status":"publish","type":"page","link":"https:\/\/3sport2025.ppawebdesign.com\/b2\/agence-evenementielle-sportive-forza-event-nos-partenaires\/","title":{"rendered":"Nos Partenaires"},"content":{"rendered":"<p>[et_pb_section fb_built=\u00a0\u00bb1&Prime; fullwidth=\u00a0\u00bbon\u00a0\u00bb _builder_version=\u00a0\u00bb4.27.4&Prime; _module_preset=\u00a0\u00bbdefault\u00a0\u00bb background_color=\u00a0\u00bb#FFFFFF\u00a0\u00bb global_colors_info=\u00a0\u00bb{}\u00a0\u00bb][et_pb_fullwidth_header title=\u00a0\u00bbNos Partenaires\u00a0\u00bb text_orientation=\u00a0\u00bbcenter\u00a0\u00bb logo_image_url=\u00a0\u00bbhttps:\/\/3sport2025.ppawebdesign.com\/b2\/wp-content\/uploads\/sites\/8\/2025\/12\/LEQUIPE-5-150&#215;150.png\u00a0\u00bb _builder_version=\u00a0\u00bb4.27.4&Prime; _module_preset=\u00a0\u00bbdefault\u00a0\u00bb title_text_color=\u00a0\u00bb#E06100&Prime; background_color=\u00a0\u00bb#000000&Prime; min_height=\u00a0\u00bb297.6px\u00a0\u00bb custom_margin=\u00a0\u00bb||6px|||\u00a0\u00bb custom_padding=\u00a0\u00bb||119px|||\u00a0\u00bb global_colors_info=\u00a0\u00bb{}\u00a0\u00bb]<\/p>\n<p style=\"padding-left: 40px\">Nous collaborons avec des partenaires engag\u00e9s qui partagent notre vision et contribuent \u00e0 renforcer la qualit\u00e9 de nos services.<\/p>\n<p>[\/et_pb_fullwidth_header][et_pb_fullwidth_header title=\u00a0\u00bbPourquoi devenir Partenaire ?\u00a0\u00bb button_one_text=\u00a0\u00bbDevenir Partenaire\u00a0\u00bb button_one_url=\u00a0\u00bb@ET-DC@eyJkeW5hbWljIjp0cnVlLCJjb250ZW50IjoicG9zdF9saW5rX3VybF9wb3N0Iiwic2V0dGluZ3MiOnsicG9zdF9pZCI6IjU4NyIsImVuYWJsZV9odG1sIjoib2ZmIn19@\u00a0\u00bb _builder_version=\u00a0\u00bb4.27.4&Prime; _dynamic_attributes=\u00a0\u00bbbutton_one_url\u00a0\u00bb _module_preset=\u00a0\u00bbdefault\u00a0\u00bb title_level=\u00a0\u00bbh2&Prime; title_text_color=\u00a0\u00bb#E06100&Prime; background_color=\u00a0\u00bb#FFFFFF\u00a0\u00bb custom_button_one=\u00a0\u00bbon\u00a0\u00bb button_one_text_color=\u00a0\u00bb#E06100&Prime; button_one_bg_color=\u00a0\u00bb#FFFFFF\u00a0\u00bb button_one_border_width=\u00a0\u00bb4px\u00a0\u00bb button_one_border_color=\u00a0\u00bb#E06100&Prime; global_colors_info=\u00a0\u00bb{}\u00a0\u00bb][\/et_pb_fullwidth_header][\/et_pb_section][et_pb_section fb_built=\u00a0\u00bb1&Prime; _builder_version=\u00a0\u00bb4.27.4&Prime; _module_preset=\u00a0\u00bbdefault\u00a0\u00bb global_colors_info=\u00a0\u00bb{}\u00a0\u00bb][et_pb_row column_structure=\u00a0\u00bb1_3,1_3,1_3&Prime; _builder_version=\u00a0\u00bb4.27.4&Prime; _module_preset=\u00a0\u00bbdefault\u00a0\u00bb global_colors_info=\u00a0\u00bb{}\u00a0\u00bb][et_pb_column type=\u00a0\u00bb1_3&Prime; _builder_version=\u00a0\u00bb4.27.4&Prime; _module_preset=\u00a0\u00bbdefault\u00a0\u00bb global_colors_info=\u00a0\u00bb{}\u00a0\u00bb][et_pb_text _builder_version=\u00a0\u00bb4.27.4&Prime; _module_preset=\u00a0\u00bbdefault\u00a0\u00bb text_text_color=\u00a0\u00bb#000000&Prime; global_colors_info=\u00a0\u00bb{}\u00a0\u00bb]<\/p>\n<p><span style=\"color: #000000\"><strong>Visibilit\u00e9 renforc\u00e9e<\/strong><\/span><\/p>\n<p><span>Devenir partenaire, c\u2019est b\u00e9n\u00e9ficier d\u2019une mise en avant privil\u00e9gi\u00e9e aupr\u00e8s de notre communaut\u00e9. Votre marque gagne en visibilit\u00e9 \u00e0 travers nos \u00e9v\u00e9nements, nos supports de communication et notre pr\u00e9sence digitale, vous permettant de toucher un public engag\u00e9 et r\u00e9ceptif.<\/span><\/p>\n<p>[\/et_pb_text][\/et_pb_column][et_pb_column type=\u00a0\u00bb1_3&Prime; _builder_version=\u00a0\u00bb4.27.4&Prime; _module_preset=\u00a0\u00bbdefault\u00a0\u00bb global_colors_info=\u00a0\u00bb{}\u00a0\u00bb][et_pb_text _builder_version=\u00a0\u00bb4.27.4&Prime; _module_preset=\u00a0\u00bbdefault\u00a0\u00bb text_text_color=\u00a0\u00bb#000000&Prime; header_text_color=\u00a0\u00bb#000000&Prime; global_colors_info=\u00a0\u00bb{}\u00a0\u00bb]<\/p>\n<p><span style=\"color: #000000\"><strong>Collaborations \u00e0 forte valeur ajout\u00e9e<\/strong><\/span><\/p>\n<p><span>En rejoignant nos partenaires, vous profitez d\u2019une v\u00e9ritable synergie. Nous construisons ensemble des actions impactantes, adapt\u00e9es \u00e0 vos objectifs, afin de cr\u00e9er des exp\u00e9riences uniques et professionnelles qui valorisent votre image et vos produits.<\/span><\/p>\n<p>[\/et_pb_text][\/et_pb_column][et_pb_column type=\u00a0\u00bb1_3&Prime; _builder_version=\u00a0\u00bb4.27.4&Prime; _module_preset=\u00a0\u00bbdefault\u00a0\u00bb global_colors_info=\u00a0\u00bb{}\u00a0\u00bb][et_pb_text _builder_version=\u00a0\u00bb4.27.4&Prime; _module_preset=\u00a0\u00bbdefault\u00a0\u00bb text_text_color=\u00a0\u00bb#000000&Prime; global_colors_info=\u00a0\u00bb{}\u00a0\u00bb]<\/p>\n<p data-start=\"746\" data-end=\"1024\"><span style=\"color: #000000\"><strong>Un engagement gagnant-gagnant<\/strong><\/span><\/p>\n<p data-start=\"746\" data-end=\"1024\">Notre approche repose sur la confiance et la collaboration sur le long terme. En devenant partenaire, vous int\u00e9grez un r\u00e9seau dynamique qui partage les m\u00eames valeurs : qualit\u00e9, innovation et satisfaction. Ensemble, nous allons plus loin et faisons grandir chacun de nos projets et nos contacts.<\/p>\n<p>[\/et_pb_text][\/et_pb_column][\/et_pb_row][\/et_pb_section][et_pb_section fb_built=\u00a0\u00bb1&Prime; fullwidth=\u00a0\u00bbon\u00a0\u00bb _builder_version=\u00a0\u00bb4.27.4&Prime; _module_preset=\u00a0\u00bbdefault\u00a0\u00bb background_color=\u00a0\u00bb#ff751f\u00a0\u00bb global_colors_info=\u00a0\u00bb{}\u00a0\u00bb][et_pb_fullwidth_slider use_bg_overlay=\u00a0\u00bboff\u00a0\u00bb _builder_version=\u00a0\u00bb4.27.4&Prime; _module_preset=\u00a0\u00bbdefault\u00a0\u00bb background_color=\u00a0\u00bb#E06100&Prime; min_height=\u00a0\u00bb588.8px\u00a0\u00bb custom_margin=\u00a0\u00bb-6px||||false|false\u00a0\u00bb custom_padding=\u00a0\u00bb220px||||false|false\u00a0\u00bb hover_enabled=\u00a0\u00bb0&Prime; border_width_all_image=\u00a0\u00bb2px\u00a0\u00bb box_shadow_style_image=\u00a0\u00bbpreset2&Prime; global_colors_info=\u00a0\u00bb{}\u00a0\u00bb border_radii_image__hover_enabled=\u00a0\u00bbon|desktop\u00a0\u00bb sticky_enabled=\u00a0\u00bb0&Prime;][et_pb_slide heading=\u00a0\u00bbD\u00e9cathlon\u00a0\u00bb button_text=\u00a0\u00bbEn savoir plus\u00a0\u00bb button_link=\u00a0\u00bb@ET-DC@eyJkeW5hbWljIjp0cnVlLCJjb250ZW50IjoicG9zdF9saW5rX3VybF9wb3N0Iiwic2V0dGluZ3MiOnsicG9zdF9pZCI6IjIzMSIsImVuYWJsZV9odG1sIjoib2ZmIn19@\u00a0\u00bb image=\u00a0\u00bbhttps:\/\/3sport2025.ppawebdesign.com\/b2\/wp-content\/uploads\/sites\/8\/2025\/12\/decathlon-960&#215;640-1-300&#215;200.png\u00a0\u00bb _builder_version=\u00a0\u00bb4.27.4&Prime; _dynamic_attributes=\u00a0\u00bbbutton_link\u00a0\u00bb _module_preset=\u00a0\u00bbdefault\u00a0\u00bb hover_enabled=\u00a0\u00bb0&Prime; global_colors_info=\u00a0\u00bb{}\u00a0\u00bb sticky_transition=\u00a0\u00bbon\u00a0\u00bb sticky_enabled=\u00a0\u00bb0&Prime; admin_title=\u00a0\u00bbDecathlon\u00a0\u00bb title_text=\u00a0\u00bbLogo D\u00e9cathlon\u00a0\u00bb]<\/p>\n<p>Un immense merci \u00e0 Decathlon, dont l\u2019\u00e9nergie et l\u2019expertise enrichissent chacun de nos projets.<\/p>\n<p>[\/et_pb_slide][et_pb_slide heading=\u00a0\u00bbLeroy Merlin\u00a0\u00bb button_text=\u00a0\u00bbEn savoir plus \u00a0\u00bb button_link=\u00a0\u00bb@ET-DC@eyJkeW5hbWljIjp0cnVlLCJjb250ZW50IjoicG9zdF9saW5rX3VybF9wb3N0Iiwic2V0dGluZ3MiOnsicG9zdF9pZCI6IjMwNSIsImVuYWJsZV9odG1sIjoib2ZmIn19@\u00a0\u00bb image=\u00a0\u00bbhttps:\/\/3sport2025.ppawebdesign.com\/b2\/wp-content\/uploads\/sites\/8\/2025\/12\/Leroy-Merlin-2-1-300&#215;150.jpg\u00a0\u00bb _builder_version=\u00a0\u00bb4.27.4&Prime; _dynamic_attributes=\u00a0\u00bbbutton_link\u00a0\u00bb _module_preset=\u00a0\u00bbdefault\u00a0\u00bb hover_enabled=\u00a0\u00bb0&Prime; global_colors_info=\u00a0\u00bb{}\u00a0\u00bb sticky_transition=\u00a0\u00bbon\u00a0\u00bb admin_title=\u00a0\u00bbLogo Leroy merlin\u00a0\u00bb sticky_enabled=\u00a0\u00bb0&Prime; title_text=\u00a0\u00bbLogo Leroy merlin\u00a0\u00bb]<\/p>\n<p>Avec le soutien de Leroy Merlin, nous accompagnons chaque client dans la r\u00e9alisation de projets durables et sur mesure.<\/p>\n<p>[\/et_pb_slide][et_pb_slide heading=\u00a0\u00bbTout &amp; bon\u00a0\u00bb button_text=\u00a0\u00bbEn savoir plus \u00a0\u00bb button_link=\u00a0\u00bb@ET-DC@eyJkeW5hbWljIjp0cnVlLCJjb250ZW50IjoicG9zdF9saW5rX3VybF9wb3N0Iiwic2V0dGluZ3MiOnsicG9zdF9pZCI6IjI3NSIsImVuYWJsZV9odG1sIjoib2ZmIn19@\u00a0\u00bb image=\u00a0\u00bbhttps:\/\/3sport2025.ppawebdesign.com\/b2\/wp-content\/uploads\/sites\/8\/2025\/12\/tout-bon-1.jpg\u00a0\u00bb _builder_version=\u00a0\u00bb4.27.4&Prime; _dynamic_attributes=\u00a0\u00bbbutton_link\u00a0\u00bb _module_preset=\u00a0\u00bbdefault\u00a0\u00bb hover_enabled=\u00a0\u00bb0&Prime; global_colors_info=\u00a0\u00bb{}\u00a0\u00bb sticky_transition=\u00a0\u00bbon\u00a0\u00bb admin_title=\u00a0\u00bbLogo tout&amp;bon\u00a0\u00bb sticky_enabled=\u00a0\u00bb0&Prime; title_text=\u00a0\u00bbLogo tout&amp;bon \u00ab\u00a0]<\/p>\n<p>Merci \u00e0 Tout &amp; Bon pour leur confiance et leur savoir-faire qui enrichissent notre offre au quotidien.<\/p>\n<p>[\/et_pb_slide][et_pb_slide heading=\u00a0\u00bbRed Bull\u00a0\u00bb button_text=\u00a0\u00bbEn savoir plus\u00a0\u00bb button_link=\u00a0\u00bb@ET-DC@eyJkeW5hbWljIjp0cnVlLCJjb250ZW50IjoicG9zdF9saW5rX3VybF9wb3N0Iiwic2V0dGluZ3MiOnsicG9zdF9pZCI6IjMxOSIsImVuYWJsZV9odG1sIjoib2ZmIn19@\u00a0\u00bb image=\u00a0\u00bbhttps:\/\/3sport2025.ppawebdesign.com\/b2\/wp-content\/uploads\/sites\/8\/2025\/12\/red-bull-.png\u00a0\u00bb _builder_version=\u00a0\u00bb4.27.4&Prime; _dynamic_attributes=\u00a0\u00bbbutton_link\u00a0\u00bb _module_preset=\u00a0\u00bbdefault\u00a0\u00bb hover_enabled=\u00a0\u00bb0&Prime; global_colors_info=\u00a0\u00bb{}\u00a0\u00bb sticky_transition=\u00a0\u00bbon\u00a0\u00bb admin_title=\u00a0\u00bbLogo Red bull\u00a0\u00bb sticky_enabled=\u00a0\u00bb0&Prime; title_text=\u00a0\u00bb Logo red bull\u00a0\u00bb]<\/p>\n<p>Merci \u00e0 Red Bull pour sa collaboration et son soutien, qui nous aident \u00e0 repousser les limites et \u00e0 cr\u00e9er des moments inoubliables.<\/p>\n<p>[\/et_pb_slide][et_pb_slide heading=\u00a0\u00bbF\u00e9d\u00e9ration\u00a0\u00bb button_text=\u00a0\u00bbEn savoir plus\u00a0\u00bb button_link=\u00a0\u00bb@ET-DC@eyJkeW5hbWljIjp0cnVlLCJjb250ZW50IjoicG9zdF9saW5rX3VybF9wb3N0Iiwic2V0dGluZ3MiOnsicG9zdF9pZCI6IjUyMyIsImVuYWJsZV9odG1sIjoib2ZmIn19@\u00a0\u00bb image=\u00a0\u00bbhttps:\/\/3sport2025.ppawebdesign.com\/b2\/wp-content\/uploads\/sites\/8\/2025\/12\/dFQROr7oWzulq5FZUEh3N8vYsGLTOc7beVO7LJHKh0TD2yvIMubghVvdtk8ZP37Et2n-300&#215;169.jpg\u00a0\u00bb _builder_version=\u00a0\u00bb4.27.4&Prime; _dynamic_attributes=\u00a0\u00bbbutton_link\u00a0\u00bb _module_preset=\u00a0\u00bbdefault\u00a0\u00bb hover_enabled=\u00a0\u00bb0&Prime; global_colors_info=\u00a0\u00bb{}\u00a0\u00bb sticky_transition=\u00a0\u00bbon\u00a0\u00bb admin_title=\u00a0\u00bbrepr\u00e9sentation des sports \u00a0\u00bb sticky_enabled=\u00a0\u00bb0&Prime;]<\/p>\n<p><span>Fiers de collaborer avec nos f\u00e9d\u00e9rations<\/span><\/p>\n<p>[\/et_pb_slide][\/et_pb_fullwidth_slider][\/et_pb_section]<\/p>\n","protected":false},"excerpt":{"rendered":"<p>Nous collaborons avec des partenaires engag\u00e9s qui partagent notre vision et contribuent \u00e0 renforcer la qualit\u00e9 de nos services.Visibilit\u00e9 renforc\u00e9e Devenir partenaire, c\u2019est b\u00e9n\u00e9ficier d\u2019une mise en avant privil\u00e9gi\u00e9e aupr\u00e8s de notre communaut\u00e9. Votre marque gagne en visibilit\u00e9 \u00e0 travers nos \u00e9v\u00e9nements, nos supports de communication et notre pr\u00e9sence digitale, vous permettant de toucher un [&hellip;]<\/p>\n","protected":false},"author":36,"featured_media":169,"parent":0,"menu_order":0,"comment_status":"closed","ping_status":"closed","template":"","meta":{"_et_pb_use_builder":"on","_et_pb_old_content":"","_et_gb_content_width":"","footnotes":""},"class_list":["post-32","page","type-page","status-publish","has-post-thumbnail","hentry"],"yoast_head":"<!-- This site is optimized with the Yoast SEO plugin v26.5 - https:\/\/yoast.com\/wordpress\/plugins\/seo\/ -->\n<title>Agence \u00e9v\u00e9nementielle sportive<\/title>\n<meta name=\"description\" content=\"D\u00e9couvrez les partenaires de l&#039;agence \u00e9v\u00e9nementielle sportive Forza Event qui contribuent aux \u00e9v\u00e9nements de mani\u00e8re engag\u00e9e.\" \/>\n<meta name=\"robots\" content=\"index, follow, max-snippet:-1, max-image-preview:large, max-video-preview:-1\" \/>\n<link rel=\"canonical\" href=\"https:\/\/3sport2025.ppawebdesign.com\/b2\/agence-evenementielle-sportive-forza-event-nos-partenaires\/\" \/>\n<meta property=\"og:locale\" content=\"fr_FR\" \/>\n<meta property=\"og:type\" content=\"article\" \/>\n<meta property=\"og:title\" content=\"Agence \u00e9v\u00e9nementielle sportive\" \/>\n<meta property=\"og:description\" content=\"D\u00e9couvrez les partenaires de l&#039;agence \u00e9v\u00e9nementielle sportive Forza Event qui contribuent aux \u00e9v\u00e9nements de mani\u00e8re engag\u00e9e.\" \/>\n<meta property=\"og:url\" content=\"https:\/\/3sport2025.ppawebdesign.com\/b2\/agence-evenementielle-sportive-forza-event-nos-partenaires\/\" \/>\n<meta property=\"og:site_name\" content=\"FORZA EVENT\" \/>\n<meta property=\"article:modified_time\" content=\"2025-12-04T15:31:28+00:00\" \/>\n<meta property=\"og:image\" content=\"https:\/\/3sport2025.ppawebdesign.com\/b2\/wp-content\/uploads\/sites\/8\/2025\/12\/LEQUIPE-1.png\" \/>\n\t<meta property=\"og:image:width\" content=\"386\" \/>\n\t<meta property=\"og:image:height\" content=\"458\" \/>\n\t<meta property=\"og:image:type\" content=\"image\/png\" \/>\n<meta name=\"twitter:card\" content=\"summary_large_image\" \/>\n<meta name=\"twitter:label1\" content=\"Dur\u00e9e de lecture estim\u00e9e\" \/>\n\t<meta name=\"twitter:data1\" content=\"3 minutes\" \/>\n<script type=\"application\/ld+json\" class=\"yoast-schema-graph\">{\"@context\":\"https:\/\/schema.org\",\"@graph\":[{\"@type\":\"WebPage\",\"@id\":\"https:\/\/3sport2025.ppawebdesign.com\/b2\/agence-evenementielle-sportive-forza-event-nos-partenaires\/\",\"url\":\"https:\/\/3sport2025.ppawebdesign.com\/b2\/agence-evenementielle-sportive-forza-event-nos-partenaires\/\",\"name\":\"Agence \u00e9v\u00e9nementielle sportive\",\"isPartOf\":{\"@id\":\"https:\/\/3sport2025.ppawebdesign.com\/b2\/#website\"},\"primaryImageOfPage\":{\"@id\":\"https:\/\/3sport2025.ppawebdesign.com\/b2\/agence-evenementielle-sportive-forza-event-nos-partenaires\/#primaryimage\"},\"image\":{\"@id\":\"https:\/\/3sport2025.ppawebdesign.com\/b2\/agence-evenementielle-sportive-forza-event-nos-partenaires\/#primaryimage\"},\"thumbnailUrl\":\"https:\/\/3sport2025.ppawebdesign.com\/b2\/wp-content\/uploads\/sites\/8\/2025\/12\/LEQUIPE-1.png\",\"datePublished\":\"2025-12-02T10:55:55+00:00\",\"dateModified\":\"2025-12-04T15:31:28+00:00\",\"description\":\"D\u00e9couvrez les partenaires de l'agence \u00e9v\u00e9nementielle sportive Forza Event qui contribuent aux \u00e9v\u00e9nements de mani\u00e8re engag\u00e9e.\",\"breadcrumb\":{\"@id\":\"https:\/\/3sport2025.ppawebdesign.com\/b2\/agence-evenementielle-sportive-forza-event-nos-partenaires\/#breadcrumb\"},\"inLanguage\":\"fr-FR\",\"potentialAction\":[{\"@type\":\"ReadAction\",\"target\":[\"https:\/\/3sport2025.ppawebdesign.com\/b2\/agence-evenementielle-sportive-forza-event-nos-partenaires\/\"]}]},{\"@type\":\"ImageObject\",\"inLanguage\":\"fr-FR\",\"@id\":\"https:\/\/3sport2025.ppawebdesign.com\/b2\/agence-evenementielle-sportive-forza-event-nos-partenaires\/#primaryimage\",\"url\":\"https:\/\/3sport2025.ppawebdesign.com\/b2\/wp-content\/uploads\/sites\/8\/2025\/12\/LEQUIPE-1.png\",\"contentUrl\":\"https:\/\/3sport2025.ppawebdesign.com\/b2\/wp-content\/uploads\/sites\/8\/2025\/12\/LEQUIPE-1.png\",\"width\":386,\"height\":458},{\"@type\":\"BreadcrumbList\",\"@id\":\"https:\/\/3sport2025.ppawebdesign.com\/b2\/agence-evenementielle-sportive-forza-event-nos-partenaires\/#breadcrumb\",\"itemListElement\":[{\"@type\":\"ListItem\",\"position\":1,\"name\":\"Accueil\",\"item\":\"https:\/\/3sport2025.ppawebdesign.com\/b2\/\"},{\"@type\":\"ListItem\",\"position\":2,\"name\":\"Nos Partenaires\"}]},{\"@type\":\"WebSite\",\"@id\":\"https:\/\/3sport2025.ppawebdesign.com\/b2\/#website\",\"url\":\"https:\/\/3sport2025.ppawebdesign.com\/b2\/\",\"name\":\"FORZA EVENT\",\"description\":\"VOTRE PROJET, NOTRE FORCE\",\"publisher\":{\"@id\":\"https:\/\/3sport2025.ppawebdesign.com\/b2\/#organization\"},\"potentialAction\":[{\"@type\":\"SearchAction\",\"target\":{\"@type\":\"EntryPoint\",\"urlTemplate\":\"https:\/\/3sport2025.ppawebdesign.com\/b2\/?s={search_term_string}\"},\"query-input\":{\"@type\":\"PropertyValueSpecification\",\"valueRequired\":true,\"valueName\":\"search_term_string\"}}],\"inLanguage\":\"fr-FR\"},{\"@type\":\"Organization\",\"@id\":\"https:\/\/3sport2025.ppawebdesign.com\/b2\/#organization\",\"name\":\"FORZA EVENT\",\"url\":\"https:\/\/3sport2025.ppawebdesign.com\/b2\/\",\"logo\":{\"@type\":\"ImageObject\",\"inLanguage\":\"fr-FR\",\"@id\":\"https:\/\/3sport2025.ppawebdesign.com\/b2\/#\/schema\/logo\/image\/\",\"url\":\"https:\/\/3sport2025.ppawebdesign.com\/b2\/wp-content\/uploads\/sites\/8\/2025\/12\/Capture-decran-2025-12-03-150145.png\",\"contentUrl\":\"https:\/\/3sport2025.ppawebdesign.com\/b2\/wp-content\/uploads\/sites\/8\/2025\/12\/Capture-decran-2025-12-03-150145.png\",\"width\":341,\"height\":366,\"caption\":\"FORZA EVENT\"},\"image\":{\"@id\":\"https:\/\/3sport2025.ppawebdesign.com\/b2\/#\/schema\/logo\/image\/\"}}]}<\/script>\n<!-- \/ Yoast SEO plugin. -->","yoast_head_json":{"title":"Agence \u00e9v\u00e9nementielle sportive","description":"D\u00e9couvrez les partenaires de l'agence \u00e9v\u00e9nementielle sportive Forza Event qui contribuent aux \u00e9v\u00e9nements de mani\u00e8re engag\u00e9e.","robots":{"index":"index","follow":"follow","max-snippet":"max-snippet:-1","max-image-preview":"max-image-preview:large","max-video-preview":"max-video-preview:-1"},"canonical":"https:\/\/3sport2025.ppawebdesign.com\/b2\/agence-evenementielle-sportive-forza-event-nos-partenaires\/","og_locale":"fr_FR","og_type":"article","og_title":"Agence \u00e9v\u00e9nementielle sportive","og_description":"D\u00e9couvrez les partenaires de l'agence \u00e9v\u00e9nementielle sportive Forza Event qui contribuent aux \u00e9v\u00e9nements de mani\u00e8re engag\u00e9e.","og_url":"https:\/\/3sport2025.ppawebdesign.com\/b2\/agence-evenementielle-sportive-forza-event-nos-partenaires\/","og_site_name":"FORZA EVENT","article_modified_time":"2025-12-04T15:31:28+00:00","og_image":[{"width":386,"height":458,"url":"https:\/\/3sport2025.ppawebdesign.com\/b2\/wp-content\/uploads\/sites\/8\/2025\/12\/LEQUIPE-1.png","type":"image\/png"}],"twitter_card":"summary_large_image","twitter_misc":{"Dur\u00e9e de lecture estim\u00e9e":"3 minutes"},"schema":{"@context":"https:\/\/schema.org","@graph":[{"@type":"WebPage","@id":"https:\/\/3sport2025.ppawebdesign.com\/b2\/agence-evenementielle-sportive-forza-event-nos-partenaires\/","url":"https:\/\/3sport2025.ppawebdesign.com\/b2\/agence-evenementielle-sportive-forza-event-nos-partenaires\/","name":"Agence \u00e9v\u00e9nementielle sportive","isPartOf":{"@id":"https:\/\/3sport2025.ppawebdesign.com\/b2\/#website"},"primaryImageOfPage":{"@id":"https:\/\/3sport2025.ppawebdesign.com\/b2\/agence-evenementielle-sportive-forza-event-nos-partenaires\/#primaryimage"},"image":{"@id":"https:\/\/3sport2025.ppawebdesign.com\/b2\/agence-evenementielle-sportive-forza-event-nos-partenaires\/#primaryimage"},"thumbnailUrl":"https:\/\/3sport2025.ppawebdesign.com\/b2\/wp-content\/uploads\/sites\/8\/2025\/12\/LEQUIPE-1.png","datePublished":"2025-12-02T10:55:55+00:00","dateModified":"2025-12-04T15:31:28+00:00","description":"D\u00e9couvrez les partenaires de l'agence \u00e9v\u00e9nementielle sportive Forza Event qui contribuent aux \u00e9v\u00e9nements de mani\u00e8re engag\u00e9e.","breadcrumb":{"@id":"https:\/\/3sport2025.ppawebdesign.com\/b2\/agence-evenementielle-sportive-forza-event-nos-partenaires\/#breadcrumb"},"inLanguage":"fr-FR","potentialAction":[{"@type":"ReadAction","target":["https:\/\/3sport2025.ppawebdesign.com\/b2\/agence-evenementielle-sportive-forza-event-nos-partenaires\/"]}]},{"@type":"ImageObject","inLanguage":"fr-FR","@id":"https:\/\/3sport2025.ppawebdesign.com\/b2\/agence-evenementielle-sportive-forza-event-nos-partenaires\/#primaryimage","url":"https:\/\/3sport2025.ppawebdesign.com\/b2\/wp-content\/uploads\/sites\/8\/2025\/12\/LEQUIPE-1.png","contentUrl":"https:\/\/3sport2025.ppawebdesign.com\/b2\/wp-content\/uploads\/sites\/8\/2025\/12\/LEQUIPE-1.png","width":386,"height":458},{"@type":"BreadcrumbList","@id":"https:\/\/3sport2025.ppawebdesign.com\/b2\/agence-evenementielle-sportive-forza-event-nos-partenaires\/#breadcrumb","itemListElement":[{"@type":"ListItem","position":1,"name":"Accueil","item":"https:\/\/3sport2025.ppawebdesign.com\/b2\/"},{"@type":"ListItem","position":2,"name":"Nos Partenaires"}]},{"@type":"WebSite","@id":"https:\/\/3sport2025.ppawebdesign.com\/b2\/#website","url":"https:\/\/3sport2025.ppawebdesign.com\/b2\/","name":"FORZA EVENT","description":"VOTRE PROJET, NOTRE FORCE","publisher":{"@id":"https:\/\/3sport2025.ppawebdesign.com\/b2\/#organization"},"potentialAction":[{"@type":"SearchAction","target":{"@type":"EntryPoint","urlTemplate":"https:\/\/3sport2025.ppawebdesign.com\/b2\/?s={search_term_string}"},"query-input":{"@type":"PropertyValueSpecification","valueRequired":true,"valueName":"search_term_string"}}],"inLanguage":"fr-FR"},{"@type":"Organization","@id":"https:\/\/3sport2025.ppawebdesign.com\/b2\/#organization","name":"FORZA EVENT","url":"https:\/\/3sport2025.ppawebdesign.com\/b2\/","logo":{"@type":"ImageObject","inLanguage":"fr-FR","@id":"https:\/\/3sport2025.ppawebdesign.com\/b2\/#\/schema\/logo\/image\/","url":"https:\/\/3sport2025.ppawebdesign.com\/b2\/wp-content\/uploads\/sites\/8\/2025\/12\/Capture-decran-2025-12-03-150145.png","contentUrl":"https:\/\/3sport2025.ppawebdesign.com\/b2\/wp-content\/uploads\/sites\/8\/2025\/12\/Capture-decran-2025-12-03-150145.png","width":341,"height":366,"caption":"FORZA EVENT"},"image":{"@id":"https:\/\/3sport2025.ppawebdesign.com\/b2\/#\/schema\/logo\/image\/"}}]}},"_links":{"self":[{"href":"https:\/\/3sport2025.ppawebdesign.com\/b2\/wp-json\/wp\/v2\/pages\/32","targetHints":{"allow":["GET"]}}],"collection":[{"href":"https:\/\/3sport2025.ppawebdesign.com\/b2\/wp-json\/wp\/v2\/pages"}],"about":[{"href":"https:\/\/3sport2025.ppawebdesign.com\/b2\/wp-json\/wp\/v2\/types\/page"}],"author":[{"embeddable":true,"href":"https:\/\/3sport2025.ppawebdesign.com\/b2\/wp-json\/wp\/v2\/users\/36"}],"replies":[{"embeddable":true,"href":"https:\/\/3sport2025.ppawebdesign.com\/b2\/wp-json\/wp\/v2\/comments?post=32"}],"version-history":[{"count":39,"href":"https:\/\/3sport2025.ppawebdesign.com\/b2\/wp-json\/wp\/v2\/pages\/32\/revisions"}],"predecessor-version":[{"id":958,"href":"https:\/\/3sport2025.ppawebdesign.com\/b2\/wp-json\/wp\/v2\/pages\/32\/revisions\/958"}],"wp:featuredmedia":[{"embeddable":true,"href":"https:\/\/3sport2025.ppawebdesign.com\/b2\/wp-json\/wp\/v2\/media\/169"}],"wp:attachment":[{"href":"https:\/\/3sport2025.ppawebdesign.com\/b2\/wp-json\/wp\/v2\/media?parent=32"}],"curies":[{"name":"wp","href":"https:\/\/api.w.org\/{rel}","templated":true}]}}