{"id":44,"date":"2025-12-02T11:56:08","date_gmt":"2025-12-02T10:56:08","guid":{"rendered":"https:\/\/3sport2025.ppawebdesign.com\/b3\/?page_id=44"},"modified":"2025-12-04T16:03:47","modified_gmt":"2025-12-04T15:03:47","slug":"contact-et-infos-utiles","status":"publish","type":"page","link":"https:\/\/3sport2025.ppawebdesign.com\/b3\/contact-et-infos-utiles\/","title":{"rendered":"Contact et infos utiles"},"content":{"rendered":"<p>[et_pb_section fb_built=\u00a0\u00bb1&Prime; _builder_version=\u00a0\u00bb4.27.4&Prime; _module_preset=\u00a0\u00bbdefault\u00a0\u00bb min_height=\u00a0\u00bb1770.3px\u00a0\u00bb custom_margin=\u00a0\u00bb||-225px|||\u00a0\u00bb global_colors_info=\u00a0\u00bb{}\u00a0\u00bb custom_padding=\u00a0\u00bb0px|||||\u00a0\u00bb][et_pb_row _builder_version=\u00a0\u00bb4.27.4&Prime; _module_preset=\u00a0\u00bbdefault\u00a0\u00bb global_colors_info=\u00a0\u00bb{}\u00a0\u00bb custom_padding=\u00a0\u00bb0px|||||\u00a0\u00bb][et_pb_column type=\u00a0\u00bb4_4&Prime; _builder_version=\u00a0\u00bb4.27.4&Prime; _module_preset=\u00a0\u00bbdefault\u00a0\u00bb global_colors_info=\u00a0\u00bb{}\u00a0\u00bb][et_pb_text _builder_version=\u00a0\u00bb4.27.4&Prime; _module_preset=\u00a0\u00bbdefault\u00a0\u00bb background_color=\u00a0\u00bb#db6900&Prime; min_height=\u00a0\u00bb68px\u00a0\u00bb custom_margin=\u00a0\u00bb3px|||||\u00a0\u00bb custom_padding=\u00a0\u00bb39px||41px|||\u00a0\u00bb hover_enabled=\u00a0\u00bb0&Prime; global_colors_info=\u00a0\u00bb{}\u00a0\u00bb background_enable_video_mp4=\u00a0\u00bboff\u00a0\u00bb title_text=\u00a0\u00bbIMG_3447&Prime; background_image=\u00a0\u00bbhttps:\/\/3sport2025.ppawebdesign.com\/b3\/wp-content\/uploads\/sites\/9\/2025\/12\/IMG_3447.jpg\u00a0\u00bb sticky_enabled=\u00a0\u00bb0&Prime;]<\/p>\n<h1 style=\"text-align: center\"><span style=\"color: #000000\">Une question ? Besoin d\u2019informations ?<\/span><\/h1>\n<h1 style=\"text-align: center\"><span style=\"color: #000000\"> Contactez notre \u00e9quipe, nous sommes l\u00e0 pour vous accompagner.<\/span><\/h1>\n<p>[\/et_pb_text][\/et_pb_column][\/et_pb_row][et_pb_row _builder_version=\u00a0\u00bb4.27.4&Prime; _module_preset=\u00a0\u00bbdefault\u00a0\u00bb global_colors_info=\u00a0\u00bb{}\u00a0\u00bb][et_pb_column type=\u00a0\u00bb4_4&Prime; _builder_version=\u00a0\u00bb4.27.4&Prime; _module_preset=\u00a0\u00bbdefault\u00a0\u00bb global_colors_info=\u00a0\u00bb{}\u00a0\u00bb][et_pb_image src=\u00a0\u00bbhttps:\/\/3sport2025.ppawebdesign.com\/b3\/wp-content\/uploads\/sites\/9\/2025\/12\/Copie-de-SPORTCo-2.jpg\u00a0\u00bb title_text=\u00a0\u00bbCopie de SPORT&amp;Co 2&Prime; _builder_version=\u00a0\u00bb4.27.4&Prime; _module_preset=\u00a0\u00bbdefault\u00a0\u00bb global_colors_info=\u00a0\u00bb{}\u00a0\u00bb][\/et_pb_image][et_pb_text _builder_version=\u00a0\u00bb4.27.4&Prime; _module_preset=\u00a0\u00bbdefault\u00a0\u00bb background_color=\u00a0\u00bb#c97200&Prime; min_height=\u00a0\u00bb78px\u00a0\u00bb custom_padding=\u00a0\u00bb20px||0px|||\u00a0\u00bb hover_enabled=\u00a0\u00bb0&Prime; global_colors_info=\u00a0\u00bb{}\u00a0\u00bb background_enable_video_mp4=\u00a0\u00bboff\u00a0\u00bb title_text=\u00a0\u00bbIMG_3447&Prime; background_image=\u00a0\u00bbhttps:\/\/3sport2025.ppawebdesign.com\/b3\/wp-content\/uploads\/sites\/9\/2025\/12\/IMG_3447.jpg\u00a0\u00bb sticky_enabled=\u00a0\u00bb0&Prime;]<\/p>\n<h1 style=\"text-align: center\"><strong><span>Besoin d\u2019informations ? Remplissez le formulaire<\/span> <\/strong><\/h1>\n<p>[\/et_pb_text][\/et_pb_column][\/et_pb_row][et_pb_row _builder_version=\u00a0\u00bb4.27.4&Prime; _module_preset=\u00a0\u00bbdefault\u00a0\u00bb global_colors_info=\u00a0\u00bb{}\u00a0\u00bb][et_pb_column type=\u00a0\u00bb4_4&Prime; _builder_version=\u00a0\u00bb4.27.4&Prime; _module_preset=\u00a0\u00bbdefault\u00a0\u00bb global_colors_info=\u00a0\u00bb{}\u00a0\u00bb][et_pb_contact_form _builder_version=\u00a0\u00bb4.27.4&Prime; _module_preset=\u00a0\u00bbdefault\u00a0\u00bb _unique_id=\u00a0\u00bb36107393-44d1-4ea8-b7e3-07d725376cbb\u00a0\u00bb global_colors_info=\u00a0\u00bb{}\u00a0\u00bb][et_pb_contact_field field_id=\u00a0\u00bbName\u00a0\u00bb field_title=\u00a0\u00bbNom\u00a0\u00bb _builder_version=\u00a0\u00bb4.16&Prime; global_colors_info=\u00a0\u00bb{}\u00a0\u00bb button_text_size__hover_enabled=\u00a0\u00bboff\u00a0\u00bb button_one_text_size__hover_enabled=\u00a0\u00bboff\u00a0\u00bb button_two_text_size__hover_enabled=\u00a0\u00bboff\u00a0\u00bb button_text_color__hover_enabled=\u00a0\u00bboff\u00a0\u00bb button_one_text_color__hover_enabled=\u00a0\u00bboff\u00a0\u00bb button_two_text_color__hover_enabled=\u00a0\u00bboff\u00a0\u00bb button_border_width__hover_enabled=\u00a0\u00bboff\u00a0\u00bb button_one_border_width__hover_enabled=\u00a0\u00bboff\u00a0\u00bb button_two_border_width__hover_enabled=\u00a0\u00bboff\u00a0\u00bb button_border_color__hover_enabled=\u00a0\u00bboff\u00a0\u00bb button_one_border_color__hover_enabled=\u00a0\u00bboff\u00a0\u00bb button_two_border_color__hover_enabled=\u00a0\u00bboff\u00a0\u00bb button_border_radius__hover_enabled=\u00a0\u00bboff\u00a0\u00bb button_one_border_radius__hover_enabled=\u00a0\u00bboff\u00a0\u00bb button_two_border_radius__hover_enabled=\u00a0\u00bboff\u00a0\u00bb button_letter_spacing__hover_enabled=\u00a0\u00bboff\u00a0\u00bb button_one_letter_spacing__hover_enabled=\u00a0\u00bboff\u00a0\u00bb button_two_letter_spacing__hover_enabled=\u00a0\u00bboff\u00a0\u00bb button_bg_color__hover_enabled=\u00a0\u00bboff\u00a0\u00bb button_one_bg_color__hover_enabled=\u00a0\u00bboff\u00a0\u00bb button_two_bg_color__hover_enabled=\u00a0\u00bboff\u00a0\u00bb][\/et_pb_contact_field][et_pb_contact_field field_id=\u00a0\u00bbEmail\u00a0\u00bb field_title=\u00a0\u00bbAdresse e-mail\u00a0\u00bb field_type=\u00a0\u00bbemail\u00a0\u00bb _builder_version=\u00a0\u00bb4.16&Prime; global_colors_info=\u00a0\u00bb{}\u00a0\u00bb button_text_size__hover_enabled=\u00a0\u00bboff\u00a0\u00bb button_one_text_size__hover_enabled=\u00a0\u00bboff\u00a0\u00bb button_two_text_size__hover_enabled=\u00a0\u00bboff\u00a0\u00bb button_text_color__hover_enabled=\u00a0\u00bboff\u00a0\u00bb button_one_text_color__hover_enabled=\u00a0\u00bboff\u00a0\u00bb button_two_text_color__hover_enabled=\u00a0\u00bboff\u00a0\u00bb button_border_width__hover_enabled=\u00a0\u00bboff\u00a0\u00bb button_one_border_width__hover_enabled=\u00a0\u00bboff\u00a0\u00bb button_two_border_width__hover_enabled=\u00a0\u00bboff\u00a0\u00bb button_border_color__hover_enabled=\u00a0\u00bboff\u00a0\u00bb button_one_border_color__hover_enabled=\u00a0\u00bboff\u00a0\u00bb button_two_border_color__hover_enabled=\u00a0\u00bboff\u00a0\u00bb button_border_radius__hover_enabled=\u00a0\u00bboff\u00a0\u00bb button_one_border_radius__hover_enabled=\u00a0\u00bboff\u00a0\u00bb button_two_border_radius__hover_enabled=\u00a0\u00bboff\u00a0\u00bb button_letter_spacing__hover_enabled=\u00a0\u00bboff\u00a0\u00bb button_one_letter_spacing__hover_enabled=\u00a0\u00bboff\u00a0\u00bb button_two_letter_spacing__hover_enabled=\u00a0\u00bboff\u00a0\u00bb button_bg_color__hover_enabled=\u00a0\u00bboff\u00a0\u00bb button_one_bg_color__hover_enabled=\u00a0\u00bboff\u00a0\u00bb button_two_bg_color__hover_enabled=\u00a0\u00bboff\u00a0\u00bb][\/et_pb_contact_field][et_pb_contact_field field_id=\u00a0\u00bbMessage\u00a0\u00bb field_title=\u00a0\u00bbMessage\u00a0\u00bb field_type=\u00a0\u00bbtext\u00a0\u00bb fullwidth_field=\u00a0\u00bbon\u00a0\u00bb _builder_version=\u00a0\u00bb4.16&Prime; global_colors_info=\u00a0\u00bb{}\u00a0\u00bb button_text_size__hover_enabled=\u00a0\u00bboff\u00a0\u00bb button_one_text_size__hover_enabled=\u00a0\u00bboff\u00a0\u00bb button_two_text_size__hover_enabled=\u00a0\u00bboff\u00a0\u00bb button_text_color__hover_enabled=\u00a0\u00bboff\u00a0\u00bb button_one_text_color__hover_enabled=\u00a0\u00bboff\u00a0\u00bb button_two_text_color__hover_enabled=\u00a0\u00bboff\u00a0\u00bb button_border_width__hover_enabled=\u00a0\u00bboff\u00a0\u00bb button_one_border_width__hover_enabled=\u00a0\u00bboff\u00a0\u00bb button_two_border_width__hover_enabled=\u00a0\u00bboff\u00a0\u00bb button_border_color__hover_enabled=\u00a0\u00bboff\u00a0\u00bb button_one_border_color__hover_enabled=\u00a0\u00bboff\u00a0\u00bb button_two_border_color__hover_enabled=\u00a0\u00bboff\u00a0\u00bb button_border_radius__hover_enabled=\u00a0\u00bboff\u00a0\u00bb button_one_border_radius__hover_enabled=\u00a0\u00bboff\u00a0\u00bb button_two_border_radius__hover_enabled=\u00a0\u00bboff\u00a0\u00bb button_letter_spacing__hover_enabled=\u00a0\u00bboff\u00a0\u00bb button_one_letter_spacing__hover_enabled=\u00a0\u00bboff\u00a0\u00bb button_two_letter_spacing__hover_enabled=\u00a0\u00bboff\u00a0\u00bb button_bg_color__hover_enabled=\u00a0\u00bboff\u00a0\u00bb button_one_bg_color__hover_enabled=\u00a0\u00bboff\u00a0\u00bb button_two_bg_color__hover_enabled=\u00a0\u00bboff\u00a0\u00bb][\/et_pb_contact_field][\/et_pb_contact_form][\/et_pb_column][\/et_pb_row][et_pb_row column_structure=\u00a0\u00bb1_2,1_2&Prime; _builder_version=\u00a0\u00bb4.27.4&Prime; _module_preset=\u00a0\u00bbdefault\u00a0\u00bb global_colors_info=\u00a0\u00bb{}\u00a0\u00bb][et_pb_column type=\u00a0\u00bb1_2&Prime; _builder_version=\u00a0\u00bb4.27.4&Prime; _module_preset=\u00a0\u00bbdefault\u00a0\u00bb global_colors_info=\u00a0\u00bb{}\u00a0\u00bb][et_pb_testimonial author=\u00a0\u00bbCamille\u00a0\u00bb portrait_url=\u00a0\u00bbhttps:\/\/3sport2025.ppawebdesign.com\/b3\/wp-content\/uploads\/sites\/9\/2025\/12\/5edf3f910234f_vignette_torrent_shootong_-3292575.jpg\u00a0\u00bb _builder_version=\u00a0\u00bb4.27.4&Prime; _module_preset=\u00a0\u00bbdefault\u00a0\u00bb global_colors_info=\u00a0\u00bb{}\u00a0\u00bb]<\/p>\n<h5><span>Le tournoi Eclipse offre une exp\u00e9rience vraiment compl\u00e8te : une organisation fluide, un cadre professionnel et une ambiance \u00e9tudiante comme on les aime. Les terrains du Racing 92 apportent un vrai plus et on sent que l\u2019\u00e9v\u00e9nement a \u00e9t\u00e9 pens\u00e9 pour les joueurs comme pour les supporters.<\/span><\/h5>\n<p>[\/et_pb_testimonial][\/et_pb_column][et_pb_column type=\u00a0\u00bb1_2&Prime; _builder_version=\u00a0\u00bb4.27.4&Prime; _module_preset=\u00a0\u00bbdefault\u00a0\u00bb global_colors_info=\u00a0\u00bb{}\u00a0\u00bb][et_pb_testimonial portrait_url=\u00a0\u00bbhttps:\/\/3sport2025.ppawebdesign.com\/b3\/wp-content\/uploads\/sites\/9\/2025\/12\/1200&#215;680-1.jpeg\u00a0\u00bb _builder_version=\u00a0\u00bb4.27.4&Prime; _module_preset=\u00a0\u00bbdefault\u00a0\u00bb global_colors_info=\u00a0\u00bb{}\u00a0\u00bb]<\/p>\n<h5><span>Eclipse est un tournoi qui surprend par sa qualit\u00e9 : une logistique ma\u00eetris\u00e9e, un rythme de jeu agr\u00e9able et une atmosph\u00e8re \u00e9tudiante pleine d\u2019\u00e9nergie. Joueurs et supporters profitent d\u2019un cadre soign\u00e9 au Racing 92, ce qui renforce encore l\u2019impact et le plaisir de l\u2019\u00e9v\u00e9nement.<\/span><\/h5>\n<p><span><strong class=\"et_pb_testimonial_author et-fb-editable-element et-fb-editable-element__editing\" data-shortcode-id=\"0.3.0.0-1764855784057\" data-quickaccess-id=\"author\" data-quickaccess-order=\"1\">Mamadou<\/strong><\/span><\/p>\n<p>[\/et_pb_testimonial][\/et_pb_column][\/et_pb_row][\/et_pb_section]<\/p>\n","protected":false},"excerpt":{"rendered":"<p>Une question ? Besoin d\u2019informations ? Contactez notre \u00e9quipe, nous sommes l\u00e0 pour vous accompagner.Besoin d\u2019informations ? Remplissez le formulaire Le tournoi Eclipse offre une exp\u00e9rience vraiment compl\u00e8te : une organisation fluide, un cadre professionnel et une ambiance \u00e9tudiante comme on les aime. Les terrains du Racing 92 apportent un vrai plus et on sent [&hellip;]<\/p>\n","protected":false},"author":44,"featured_media":0,"parent":0,"menu_order":0,"comment_status":"closed","ping_status":"closed","template":"","meta":{"_et_pb_use_builder":"on","_et_pb_old_content":"","_et_gb_content_width":"","footnotes":""},"class_list":["post-44","page","type-page","status-publish","hentry"],"yoast_head":"<!-- This site is optimized with the Yoast SEO plugin v26.5 - https:\/\/yoast.com\/wordpress\/plugins\/seo\/ -->\n<title>Contact et infos utiles - SPORT&amp;CO<\/title>\n<meta name=\"description\" content=\"Une question ? Besoin d\u2019informations ? Contactez notre \u00e9quipe, nous sommes l\u00e0 pour vous accompagner. N&#039;h\u00e9sitez pas \u00e0 mettre un avis.\" \/>\n<meta name=\"robots\" content=\"index, follow, max-snippet:-1, max-image-preview:large, max-video-preview:-1\" \/>\n<link rel=\"canonical\" href=\"https:\/\/3sport2025.ppawebdesign.com\/b3\/contact-et-infos-utiles\/\" \/>\n<meta property=\"og:locale\" content=\"fr_FR\" \/>\n<meta property=\"og:type\" content=\"article\" \/>\n<meta property=\"og:title\" content=\"Contact et infos utiles - SPORT&amp;CO\" \/>\n<meta property=\"og:description\" content=\"Une question ? Besoin d\u2019informations ? Contactez notre \u00e9quipe, nous sommes l\u00e0 pour vous accompagner. N&#039;h\u00e9sitez pas \u00e0 mettre un avis.\" \/>\n<meta property=\"og:url\" content=\"https:\/\/3sport2025.ppawebdesign.com\/b3\/contact-et-infos-utiles\/\" \/>\n<meta property=\"og:site_name\" content=\"SPORT&amp;CO\" \/>\n<meta property=\"article:modified_time\" content=\"2025-12-04T15:03:47+00:00\" \/>\n<meta name=\"twitter:card\" content=\"summary_large_image\" \/>\n<meta name=\"twitter:label1\" content=\"Dur\u00e9e de lecture estim\u00e9e\" \/>\n\t<meta name=\"twitter:data1\" content=\"1 minute\" \/>\n<script type=\"application\/ld+json\" class=\"yoast-schema-graph\">{\"@context\":\"https:\/\/schema.org\",\"@graph\":[{\"@type\":\"WebPage\",\"@id\":\"https:\/\/3sport2025.ppawebdesign.com\/b3\/contact-et-infos-utiles\/\",\"url\":\"https:\/\/3sport2025.ppawebdesign.com\/b3\/contact-et-infos-utiles\/\",\"name\":\"Contact et infos utiles - SPORT&amp;CO\",\"isPartOf\":{\"@id\":\"https:\/\/3sport2025.ppawebdesign.com\/b3\/#website\"},\"datePublished\":\"2025-12-02T10:56:08+00:00\",\"dateModified\":\"2025-12-04T15:03:47+00:00\",\"description\":\"Une question ? Besoin d\u2019informations ? Contactez notre \u00e9quipe, nous sommes l\u00e0 pour vous accompagner. N'h\u00e9sitez pas \u00e0 mettre un avis.\",\"breadcrumb\":{\"@id\":\"https:\/\/3sport2025.ppawebdesign.com\/b3\/contact-et-infos-utiles\/#breadcrumb\"},\"inLanguage\":\"fr-FR\",\"potentialAction\":[{\"@type\":\"ReadAction\",\"target\":[\"https:\/\/3sport2025.ppawebdesign.com\/b3\/contact-et-infos-utiles\/\"]}]},{\"@type\":\"BreadcrumbList\",\"@id\":\"https:\/\/3sport2025.ppawebdesign.com\/b3\/contact-et-infos-utiles\/#breadcrumb\",\"itemListElement\":[{\"@type\":\"ListItem\",\"position\":1,\"name\":\"Accueil\",\"item\":\"https:\/\/3sport2025.ppawebdesign.com\/b3\/\"},{\"@type\":\"ListItem\",\"position\":2,\"name\":\"Contact et infos utiles\"}]},{\"@type\":\"WebSite\",\"@id\":\"https:\/\/3sport2025.ppawebdesign.com\/b3\/#website\",\"url\":\"https:\/\/3sport2025.ppawebdesign.com\/b3\/\",\"name\":\"SPORT&CO\",\"description\":\"un sport qui rassemble, un avenir qui respire\",\"publisher\":{\"@id\":\"https:\/\/3sport2025.ppawebdesign.com\/b3\/#organization\"},\"potentialAction\":[{\"@type\":\"SearchAction\",\"target\":{\"@type\":\"EntryPoint\",\"urlTemplate\":\"https:\/\/3sport2025.ppawebdesign.com\/b3\/?s={search_term_string}\"},\"query-input\":{\"@type\":\"PropertyValueSpecification\",\"valueRequired\":true,\"valueName\":\"search_term_string\"}}],\"inLanguage\":\"fr-FR\"},{\"@type\":\"Organization\",\"@id\":\"https:\/\/3sport2025.ppawebdesign.com\/b3\/#organization\",\"name\":\"SPORT&CO\",\"url\":\"https:\/\/3sport2025.ppawebdesign.com\/b3\/\",\"logo\":{\"@type\":\"ImageObject\",\"inLanguage\":\"fr-FR\",\"@id\":\"https:\/\/3sport2025.ppawebdesign.com\/b3\/#\/schema\/logo\/image\/\",\"url\":\"https:\/\/3sport2025.ppawebdesign.com\/b3\/wp-content\/uploads\/sites\/9\/2025\/12\/Design-sans-titre-6.png\",\"contentUrl\":\"https:\/\/3sport2025.ppawebdesign.com\/b3\/wp-content\/uploads\/sites\/9\/2025\/12\/Design-sans-titre-6.png\",\"width\":512,\"height\":512,\"caption\":\"SPORT&CO\"},\"image\":{\"@id\":\"https:\/\/3sport2025.ppawebdesign.com\/b3\/#\/schema\/logo\/image\/\"}}]}<\/script>\n<!-- \/ Yoast SEO plugin. -->","yoast_head_json":{"title":"Contact et infos utiles - SPORT&amp;CO","description":"Une question ? Besoin d\u2019informations ? Contactez notre \u00e9quipe, nous sommes l\u00e0 pour vous accompagner. N'h\u00e9sitez pas \u00e0 mettre un avis.","robots":{"index":"index","follow":"follow","max-snippet":"max-snippet:-1","max-image-preview":"max-image-preview:large","max-video-preview":"max-video-preview:-1"},"canonical":"https:\/\/3sport2025.ppawebdesign.com\/b3\/contact-et-infos-utiles\/","og_locale":"fr_FR","og_type":"article","og_title":"Contact et infos utiles - SPORT&amp;CO","og_description":"Une question ? Besoin d\u2019informations ? Contactez notre \u00e9quipe, nous sommes l\u00e0 pour vous accompagner. N'h\u00e9sitez pas \u00e0 mettre un avis.","og_url":"https:\/\/3sport2025.ppawebdesign.com\/b3\/contact-et-infos-utiles\/","og_site_name":"SPORT&amp;CO","article_modified_time":"2025-12-04T15:03:47+00:00","twitter_card":"summary_large_image","twitter_misc":{"Dur\u00e9e de lecture estim\u00e9e":"1 minute"},"schema":{"@context":"https:\/\/schema.org","@graph":[{"@type":"WebPage","@id":"https:\/\/3sport2025.ppawebdesign.com\/b3\/contact-et-infos-utiles\/","url":"https:\/\/3sport2025.ppawebdesign.com\/b3\/contact-et-infos-utiles\/","name":"Contact et infos utiles - SPORT&amp;CO","isPartOf":{"@id":"https:\/\/3sport2025.ppawebdesign.com\/b3\/#website"},"datePublished":"2025-12-02T10:56:08+00:00","dateModified":"2025-12-04T15:03:47+00:00","description":"Une question ? Besoin d\u2019informations ? Contactez notre \u00e9quipe, nous sommes l\u00e0 pour vous accompagner. N'h\u00e9sitez pas \u00e0 mettre un avis.","breadcrumb":{"@id":"https:\/\/3sport2025.ppawebdesign.com\/b3\/contact-et-infos-utiles\/#breadcrumb"},"inLanguage":"fr-FR","potentialAction":[{"@type":"ReadAction","target":["https:\/\/3sport2025.ppawebdesign.com\/b3\/contact-et-infos-utiles\/"]}]},{"@type":"BreadcrumbList","@id":"https:\/\/3sport2025.ppawebdesign.com\/b3\/contact-et-infos-utiles\/#breadcrumb","itemListElement":[{"@type":"ListItem","position":1,"name":"Accueil","item":"https:\/\/3sport2025.ppawebdesign.com\/b3\/"},{"@type":"ListItem","position":2,"name":"Contact et infos utiles"}]},{"@type":"WebSite","@id":"https:\/\/3sport2025.ppawebdesign.com\/b3\/#website","url":"https:\/\/3sport2025.ppawebdesign.com\/b3\/","name":"SPORT&CO","description":"un sport qui rassemble, un avenir qui respire","publisher":{"@id":"https:\/\/3sport2025.ppawebdesign.com\/b3\/#organization"},"potentialAction":[{"@type":"SearchAction","target":{"@type":"EntryPoint","urlTemplate":"https:\/\/3sport2025.ppawebdesign.com\/b3\/?s={search_term_string}"},"query-input":{"@type":"PropertyValueSpecification","valueRequired":true,"valueName":"search_term_string"}}],"inLanguage":"fr-FR"},{"@type":"Organization","@id":"https:\/\/3sport2025.ppawebdesign.com\/b3\/#organization","name":"SPORT&CO","url":"https:\/\/3sport2025.ppawebdesign.com\/b3\/","logo":{"@type":"ImageObject","inLanguage":"fr-FR","@id":"https:\/\/3sport2025.ppawebdesign.com\/b3\/#\/schema\/logo\/image\/","url":"https:\/\/3sport2025.ppawebdesign.com\/b3\/wp-content\/uploads\/sites\/9\/2025\/12\/Design-sans-titre-6.png","contentUrl":"https:\/\/3sport2025.ppawebdesign.com\/b3\/wp-content\/uploads\/sites\/9\/2025\/12\/Design-sans-titre-6.png","width":512,"height":512,"caption":"SPORT&CO"},"image":{"@id":"https:\/\/3sport2025.ppawebdesign.com\/b3\/#\/schema\/logo\/image\/"}}]}},"_links":{"self":[{"href":"https:\/\/3sport2025.ppawebdesign.com\/b3\/wp-json\/wp\/v2\/pages\/44","targetHints":{"allow":["GET"]}}],"collection":[{"href":"https:\/\/3sport2025.ppawebdesign.com\/b3\/wp-json\/wp\/v2\/pages"}],"about":[{"href":"https:\/\/3sport2025.ppawebdesign.com\/b3\/wp-json\/wp\/v2\/types\/page"}],"author":[{"embeddable":true,"href":"https:\/\/3sport2025.ppawebdesign.com\/b3\/wp-json\/wp\/v2\/users\/44"}],"replies":[{"embeddable":true,"href":"https:\/\/3sport2025.ppawebdesign.com\/b3\/wp-json\/wp\/v2\/comments?post=44"}],"version-history":[{"count":18,"href":"https:\/\/3sport2025.ppawebdesign.com\/b3\/wp-json\/wp\/v2\/pages\/44\/revisions"}],"predecessor-version":[{"id":751,"href":"https:\/\/3sport2025.ppawebdesign.com\/b3\/wp-json\/wp\/v2\/pages\/44\/revisions\/751"}],"wp:attachment":[{"href":"https:\/\/3sport2025.ppawebdesign.com\/b3\/wp-json\/wp\/v2\/media?parent=44"}],"curies":[{"name":"wp","href":"https:\/\/api.w.org\/{rel}","templated":true}]}}