{"id":62,"date":"2025-12-02T12:09:12","date_gmt":"2025-12-02T11:09:12","guid":{"rendered":"https:\/\/3sport2025.ppawebdesign.com\/b3\/?page_id=62"},"modified":"2025-12-04T23:43:08","modified_gmt":"2025-12-04T22:43:08","slug":"evenement","status":"publish","type":"page","link":"https:\/\/3sport2025.ppawebdesign.com\/b3\/evenement\/","title":{"rendered":"Ev\u00e8nement"},"content":{"rendered":"<p>[et_pb_section fb_built=\u00a0\u00bb1&Prime; _builder_version=\u00a0\u00bb4.27.4&Prime; _module_preset=\u00a0\u00bbdefault\u00a0\u00bb custom_padding=\u00a0\u00bb55px|||||\u00a0\u00bb global_colors_info=\u00a0\u00bb{}\u00a0\u00bb][et_pb_row _builder_version=\u00a0\u00bb4.27.4&Prime; _module_preset=\u00a0\u00bbdefault\u00a0\u00bb custom_padding=\u00a0\u00bb||16px|||\u00a0\u00bb global_colors_info=\u00a0\u00bb{}\u00a0\u00bb][et_pb_column type=\u00a0\u00bb4_4&Prime; _builder_version=\u00a0\u00bb4.27.4&Prime; _module_preset=\u00a0\u00bbdefault\u00a0\u00bb global_colors_info=\u00a0\u00bb{}\u00a0\u00bb][et_pb_text _builder_version=\u00a0\u00bb4.27.4&Prime; _module_preset=\u00a0\u00bbdefault\u00a0\u00bb background_image=\u00a0\u00bbhttps:\/\/3sport2025.ppawebdesign.com\/b3\/wp-content\/uploads\/sites\/9\/2025\/12\/IMG_3447.jpg\u00a0\u00bb background_enable_video_mp4=\u00a0\u00bboff\u00a0\u00bb min_height=\u00a0\u00bb133px\u00a0\u00bb custom_margin=\u00a0\u00bb-80px|||||\u00a0\u00bb custom_padding=\u00a0\u00bb50px||1px|62px||\u00a0\u00bb animation_style=\u00a0\u00bbfade\u00a0\u00bb global_colors_info=\u00a0\u00bb{}\u00a0\u00bb]<\/p>\n<h1 style=\"text-align: center\"><span style=\"color: #0a0a0a\">NOTRE \u00c9V\u00c8NEMENT<\/span><\/h1>\n<p>[\/et_pb_text][et_pb_text _builder_version=\u00a0\u00bb4.27.4&Prime; _module_preset=\u00a0\u00bbdefault\u00a0\u00bb min_height=\u00a0\u00bb88px\u00a0\u00bb custom_margin=\u00a0\u00bb0px||-155px|||\u00a0\u00bb custom_padding=\u00a0\u00bb10px||1px|||\u00a0\u00bb box_shadow_style=\u00a0\u00bbpreset2&Prime; global_colors_info=\u00a0\u00bb{}\u00a0\u00bb]<\/p>\n<h2 style=\"text-align: center\"><span>Assemble ta team et entre dans l\u2019ar\u00e8ne ! Pour seulement 10 \u20ac par joueur, d\u00e9fie jusqu\u2019\u00e0 10 \u00e9quipes \u00e9tudiantes \u00e0 Colombes et vise les 800 \u20ac de cashprize qui r\u00e9compenseront les v\u00e9ritables ma\u00eetres du terrain !<\/span><\/h2>\n<p>[\/et_pb_text][\/et_pb_column][\/et_pb_row][\/et_pb_section][et_pb_section fb_built=\u00a0\u00bb1&Prime; _builder_version=\u00a0\u00bb4.27.4&Prime; _module_preset=\u00a0\u00bbdefault\u00a0\u00bb global_colors_info=\u00a0\u00bb{}\u00a0\u00bb][et_pb_row _builder_version=\u00a0\u00bb4.27.4&Prime; _module_preset=\u00a0\u00bbdefault\u00a0\u00bb global_colors_info=\u00a0\u00bb{}\u00a0\u00bb][et_pb_column type=\u00a0\u00bb4_4&Prime; _builder_version=\u00a0\u00bb4.27.4&Prime; _module_preset=\u00a0\u00bbdefault\u00a0\u00bb global_colors_info=\u00a0\u00bb{}\u00a0\u00bb][et_pb_image src=\u00a0\u00bbhttps:\/\/3sport2025.ppawebdesign.com\/b3\/wp-content\/uploads\/sites\/9\/2025\/12\/1920xauto_e73634c16a256_foot-1.jpg\u00a0\u00bb title_text=\u00a0\u00bb1920xauto_e73634c16a256_foot-1&Prime; _builder_version=\u00a0\u00bb4.27.4&Prime; _module_preset=\u00a0\u00bbdefault\u00a0\u00bb custom_padding=\u00a0\u00bb89px||0px|||\u00a0\u00bb global_colors_info=\u00a0\u00bb{}\u00a0\u00bb][\/et_pb_image][\/et_pb_column][\/et_pb_row][\/et_pb_section][et_pb_section fb_built=\u00a0\u00bb1&Prime; _builder_version=\u00a0\u00bb4.27.4&Prime; _module_preset=\u00a0\u00bbdefault\u00a0\u00bb custom_margin=\u00a0\u00bb-82px|||||\u00a0\u00bb custom_padding=\u00a0\u00bb33px||1px|||\u00a0\u00bb global_colors_info=\u00a0\u00bb{}\u00a0\u00bb][et_pb_row column_structure=\u00a0\u00bb1_3,1_3,1_3&Prime; _builder_version=\u00a0\u00bb4.27.4&Prime; _module_preset=\u00a0\u00bbdefault\u00a0\u00bb custom_margin=\u00a0\u00bb-8px|auto||auto||\u00a0\u00bb custom_padding=\u00a0\u00bb0px||0px|||\u00a0\u00bb global_colors_info=\u00a0\u00bb{}\u00a0\u00bb][et_pb_column type=\u00a0\u00bb1_3&Prime; _builder_version=\u00a0\u00bb4.27.4&Prime; _module_preset=\u00a0\u00bbdefault\u00a0\u00bb global_colors_info=\u00a0\u00bb{}\u00a0\u00bb][et_pb_icon font_icon=\u00a0\u00bb&#xe025;||divi||400&Prime; icon_color=\u00a0\u00bb#c96028&Prime; _builder_version=\u00a0\u00bb4.27.4&Prime; _module_preset=\u00a0\u00bbdefault\u00a0\u00bb custom_padding=\u00a0\u00bb61px|||||\u00a0\u00bb global_colors_info=\u00a0\u00bb{}\u00a0\u00bb][\/et_pb_icon][\/et_pb_column][et_pb_column type=\u00a0\u00bb1_3&Prime; _builder_version=\u00a0\u00bb4.27.4&Prime; _module_preset=\u00a0\u00bbdefault\u00a0\u00bb global_colors_info=\u00a0\u00bb{}\u00a0\u00bb][et_pb_icon font_icon=\u00a0\u00bb&#xe0e1;||divi||400&Prime; icon_color=\u00a0\u00bb#33720c\u00a0\u00bb _builder_version=\u00a0\u00bb4.27.4&Prime; _module_preset=\u00a0\u00bbdefault\u00a0\u00bb custom_padding=\u00a0\u00bb62px|||||\u00a0\u00bb global_colors_info=\u00a0\u00bb{}\u00a0\u00bb][\/et_pb_icon][\/et_pb_column][et_pb_column type=\u00a0\u00bb1_3&Prime; _builder_version=\u00a0\u00bb4.27.4&Prime; _module_preset=\u00a0\u00bbdefault\u00a0\u00bb global_colors_info=\u00a0\u00bb{}\u00a0\u00bb][et_pb_icon font_icon=\u00a0\u00bb&#xe080;||divi||400&Prime; icon_color=\u00a0\u00bb#bf6626&Prime; _builder_version=\u00a0\u00bb4.27.4&Prime; _module_preset=\u00a0\u00bbdefault\u00a0\u00bb custom_padding=\u00a0\u00bb57px|||||\u00a0\u00bb global_colors_info=\u00a0\u00bb{}\u00a0\u00bb][\/et_pb_icon][\/et_pb_column][\/et_pb_row][\/et_pb_section][et_pb_section fb_built=\u00a0\u00bb1&Prime; _builder_version=\u00a0\u00bb4.27.4&Prime; _module_preset=\u00a0\u00bbdefault\u00a0\u00bb custom_padding=\u00a0\u00bb1px|||||\u00a0\u00bb global_colors_info=\u00a0\u00bb{}\u00a0\u00bb][et_pb_row column_structure=\u00a0\u00bb1_3,1_3,1_3&Prime; _builder_version=\u00a0\u00bb4.27.4&Prime; _module_preset=\u00a0\u00bbdefault\u00a0\u00bb custom_margin=\u00a0\u00bb|auto|-75px|auto||\u00a0\u00bb global_colors_info=\u00a0\u00bb{}\u00a0\u00bb][et_pb_column type=\u00a0\u00bb1_3&Prime; _builder_version=\u00a0\u00bb4.27.4&Prime; _module_preset=\u00a0\u00bbdefault\u00a0\u00bb global_colors_info=\u00a0\u00bb{}\u00a0\u00bb][et_pb_text _builder_version=\u00a0\u00bb4.27.4&Prime; _module_preset=\u00a0\u00bbdefault\u00a0\u00bb hover_enabled=\u00a0\u00bb0&Prime; global_colors_info=\u00a0\u00bb{}\u00a0\u00bb sticky_enabled=\u00a0\u00bb0&Prime;]<\/p>\n<h1 style=\"text-align: center\">11 janvier 2026<\/h1>\n<p>[\/et_pb_text][\/et_pb_column][et_pb_column type=\u00a0\u00bb1_3&Prime; _builder_version=\u00a0\u00bb4.27.4&Prime; _module_preset=\u00a0\u00bbdefault\u00a0\u00bb global_colors_info=\u00a0\u00bb{}\u00a0\u00bb][et_pb_text _builder_version=\u00a0\u00bb4.27.4&Prime; _module_preset=\u00a0\u00bbdefault\u00a0\u00bb global_colors_info=\u00a0\u00bb{}\u00a0\u00bb]<\/p>\n<h1 style=\"text-align: center\">De 10h \u00e0 16h30<\/h1>\n<p>[\/et_pb_text][\/et_pb_column][et_pb_column type=\u00a0\u00bb1_3&Prime; _builder_version=\u00a0\u00bb4.27.4&Prime; _module_preset=\u00a0\u00bbdefault\u00a0\u00bb global_colors_info=\u00a0\u00bb{}\u00a0\u00bb][et_pb_text _builder_version=\u00a0\u00bb4.27.4&Prime; _module_preset=\u00a0\u00bbdefault\u00a0\u00bb global_colors_info=\u00a0\u00bb{}\u00a0\u00bb]<\/p>\n<h1 style=\"text-align: center\">12 rue Fran\u00e7ois Faber, 92700 Colombes<\/h1>\n<p>[\/et_pb_text][\/et_pb_column][\/et_pb_row][\/et_pb_section][et_pb_section fb_built=\u00a0\u00bb1&Prime; _builder_version=\u00a0\u00bb4.27.4&Prime; _module_preset=\u00a0\u00bbdefault\u00a0\u00bb custom_padding=\u00a0\u00bb0px|||||\u00a0\u00bb global_colors_info=\u00a0\u00bb{}\u00a0\u00bb][et_pb_row column_structure=\u00a0\u00bb1_2,1_2&Prime; _builder_version=\u00a0\u00bb4.27.4&Prime; _module_preset=\u00a0\u00bbdefault\u00a0\u00bb min_height=\u00a0\u00bb419px\u00a0\u00bb custom_padding=\u00a0\u00bb3px|||||\u00a0\u00bb global_colors_info=\u00a0\u00bb{}\u00a0\u00bb][et_pb_column type=\u00a0\u00bb1_2&Prime; _builder_version=\u00a0\u00bb4.27.4&Prime; _module_preset=\u00a0\u00bbdefault\u00a0\u00bb global_colors_info=\u00a0\u00bb{}\u00a0\u00bb][et_pb_image src=\u00a0\u00bbhttps:\/\/3sport2025.ppawebdesign.com\/b3\/wp-content\/uploads\/sites\/9\/2025\/12\/yvesdumanoir-leongrosse-20fev2024-c-alexistoureau08.jpeg-1.webp\u00a0\u00bb title_text=\u00a0\u00bbyvesdumanoir-leongrosse-20fev2024-c-alexistoureau08.jpeg (1)\u00a0\u00bb _builder_version=\u00a0\u00bb4.27.4&Prime; _module_preset=\u00a0\u00bbdefault\u00a0\u00bb custom_padding=\u00a0\u00bb48px|||||\u00a0\u00bb global_colors_info=\u00a0\u00bb{}\u00a0\u00bb][\/et_pb_image][et_pb_toggle title=\u00a0\u00bbO\u00f9 ? Quand ? Comment ?\u00a0\u00bb _builder_version=\u00a0\u00bb4.27.4&Prime; _module_preset=\u00a0\u00bbdefault\u00a0\u00bb global_colors_info=\u00a0\u00bb{}\u00a0\u00bb]<\/p>\n<h5>Le tournoi se d\u00e9roulera le 11 janvier 2026 au 12 rue Fran\u00e7ois Faber, 92700 Colombes. Les participants sont attendus d\u00e8s 10h00 pour le rendez-vous d\u2019accueil, et l\u2019\u00e9v\u00e9nement se poursuivra jusqu\u2019\u00e0 16h30. Ce tournoi est exclusivement ouvert aux \u00e9tudiants majeurs. Une participation de 10 euros par joueur est demand\u00e9e, et l\u2019\u00e9quipe gagnante pourra remporter jusqu\u2019\u00e0 800 euros \u00e0 se partager.<\/h5>\n<p>[\/et_pb_toggle][\/et_pb_column][et_pb_column type=\u00a0\u00bb1_2&Prime; _builder_version=\u00a0\u00bb4.27.4&Prime; _module_preset=\u00a0\u00bbdefault\u00a0\u00bb global_colors_info=\u00a0\u00bb{}\u00a0\u00bb][et_pb_image src=\u00a0\u00bbhttps:\/\/3sport2025.ppawebdesign.com\/b3\/wp-content\/uploads\/sites\/9\/2025\/12\/60df9c39bf82d_bouboules611x378.jpg\u00a0\u00bb title_text=\u00a0\u00bb60df9c39bf82d_bouboules611x378&Prime; _builder_version=\u00a0\u00bb4.27.4&Prime; _module_preset=\u00a0\u00bbdefault\u00a0\u00bb min_height=\u00a0\u00bb360px\u00a0\u00bb custom_padding=\u00a0\u00bb47px|||||\u00a0\u00bb global_colors_info=\u00a0\u00bb{}\u00a0\u00bb][\/et_pb_image][et_pb_toggle title=\u00a0\u00bbVoir l&rsquo;organisation \u00a0\u00bb _builder_version=\u00a0\u00bb4.27.4&Prime; _module_preset=\u00a0\u00bbdefault\u00a0\u00bb global_colors_info=\u00a0\u00bb{}\u00a0\u00bb]<\/p>\n<h5>La comp\u00e9tition d\u00e9butera par une phase de poules compos\u00e9e de deux groupes de cinq \u00e9quipes chacun.Les quatre premi\u00e8res \u00e9quipes de chaque poule acc\u00e9deront aux quarts de finale. Les matchs de poule se d\u00e9rouleront de 11h00 \u00e0 13h00, avec des rencontres de 15 minutes chacune, des changements illimit\u00e9s et une pause de 10 minutes entre chaque match. De 13h00 \u00e0 14h00, une pause d\u00e9jeuner permettra aux \u00e9quipes de se ravitailler avant la phase final, la buvette du club sera ouverte.<\/h5>\n<p>[\/et_pb_toggle][\/et_pb_column][\/et_pb_row][et_pb_row _builder_version=\u00a0\u00bb4.27.4&Prime; _module_preset=\u00a0\u00bbdefault\u00a0\u00bb global_colors_info=\u00a0\u00bb{}\u00a0\u00bb][et_pb_column type=\u00a0\u00bb4_4&Prime; _builder_version=\u00a0\u00bb4.27.4&Prime; _module_preset=\u00a0\u00bbdefault\u00a0\u00bb global_colors_info=\u00a0\u00bb{}\u00a0\u00bb][et_pb_pricing_tables _builder_version=\u00a0\u00bb4.27.4&Prime; _module_preset=\u00a0\u00bbdefault\u00a0\u00bb custom_padding=\u00a0\u00bb||0px|||\u00a0\u00bb global_colors_info=\u00a0\u00bb{}\u00a0\u00bb][et_pb_pricing_table title=\u00a0\u00bb\u00c9QUIPES\u00a0\u00bb sum=\u00a0\u00bb10 \u00e9quipes\u00a0\u00bb _builder_version=\u00a0\u00bb4.27.4&Prime; _module_preset=\u00a0\u00bbdefault\u00a0\u00bb global_colors_info=\u00a0\u00bb{}\u00a0\u00bb sticky_transition=\u00a0\u00bbon\u00a0\u00bb]<\/p>\n<h3><strong data-start=\"69\" data-end=\"128\">10 \u00e9quipes maximum, compos\u00e9es de 8 \u00e0 10 joueurs chacune<\/strong><span>.<\/span><\/h3>\n<p>[\/et_pb_pricing_table][et_pb_pricing_table title=\u00a0\u00bbPRIX\u00a0\u00bb sum=\u00a0\u00bb10\u20ac\/personne\u00a0\u00bb _builder_version=\u00a0\u00bb4.27.4&Prime; _module_preset=\u00a0\u00bbdefault\u00a0\u00bb global_colors_info=\u00a0\u00bb{}\u00a0\u00bb sticky_transition=\u00a0\u00bbon\u00a0\u00bb]<\/p>\n<h3><strong>un tarif de 10\u20ac par joueur, donnant lieu \u00e0 un cashprize total de 800\u20ac<\/strong><\/h3>\n<p>[\/et_pb_pricing_table][\/et_pb_pricing_tables][\/et_pb_column][\/et_pb_row][\/et_pb_section][et_pb_section fb_built=\u00a0\u00bb1&Prime; _builder_version=\u00a0\u00bb4.27.4&Prime; _module_preset=\u00a0\u00bbdefault\u00a0\u00bb custom_padding=\u00a0\u00bb||1px|||\u00a0\u00bb global_colors_info=\u00a0\u00bb{}\u00a0\u00bb][et_pb_row column_structure=\u00a0\u00bb1_2,1_2&Prime; _builder_version=\u00a0\u00bb4.27.4&Prime; _module_preset=\u00a0\u00bbdefault\u00a0\u00bb global_colors_info=\u00a0\u00bb{}\u00a0\u00bb][et_pb_column type=\u00a0\u00bb1_2&Prime; _builder_version=\u00a0\u00bb4.27.4&Prime; _module_preset=\u00a0\u00bbdefault\u00a0\u00bb global_colors_info=\u00a0\u00bb{}\u00a0\u00bb][et_pb_icon font_icon=\u00a0\u00bb&#xe109;||divi||400&Prime; icon_color=\u00a0\u00bb#2c7709&Prime; _builder_version=\u00a0\u00bb4.27.4&Prime; _module_preset=\u00a0\u00bbdefault\u00a0\u00bb global_colors_info=\u00a0\u00bb{}\u00a0\u00bb][\/et_pb_icon][et_pb_text _builder_version=\u00a0\u00bb4.27.4&Prime; _module_preset=\u00a0\u00bbdefault\u00a0\u00bb global_colors_info=\u00a0\u00bb{}\u00a0\u00bb]<\/p>\n<h1 style=\"text-align: center\"><strong>POULE A<\/strong><\/h1>\n<h4 style=\"text-align: center\">(5\u00e9quipes)<\/h4>\n<p>[\/et_pb_text][\/et_pb_column][et_pb_column type=\u00a0\u00bb1_2&Prime; _builder_version=\u00a0\u00bb4.27.4&Prime; _module_preset=\u00a0\u00bbdefault\u00a0\u00bb global_colors_info=\u00a0\u00bb{}\u00a0\u00bb][et_pb_icon font_icon=\u00a0\u00bb&#xe109;||divi||400&Prime; icon_color=\u00a0\u00bb#327f18&Prime; _builder_version=\u00a0\u00bb4.27.4&Prime; _module_preset=\u00a0\u00bbdefault\u00a0\u00bb global_colors_info=\u00a0\u00bb{}\u00a0\u00bb][\/et_pb_icon][et_pb_text _builder_version=\u00a0\u00bb4.27.4&Prime; _module_preset=\u00a0\u00bbdefault\u00a0\u00bb global_colors_info=\u00a0\u00bb{}\u00a0\u00bb]<\/p>\n<h1 style=\"text-align: center\">POULE B<\/h1>\n<h4 style=\"text-align: center\">(5 \u00e9quipes)<\/h4>\n<p>[\/et_pb_text][\/et_pb_column][\/et_pb_row][et_pb_row _builder_version=\u00a0\u00bb4.27.4&Prime; _module_preset=\u00a0\u00bbdefault\u00a0\u00bb global_colors_info=\u00a0\u00bb{}\u00a0\u00bb][et_pb_column type=\u00a0\u00bb4_4&Prime; _builder_version=\u00a0\u00bb4.27.4&Prime; _module_preset=\u00a0\u00bbdefault\u00a0\u00bb global_colors_info=\u00a0\u00bb{}\u00a0\u00bb][et_pb_toggle title=\u00a0\u00bbD\u00e9roulement de la phase finale\u00a0\u00bb _builder_version=\u00a0\u00bb4.27.4&Prime; _module_preset=\u00a0\u00bbdefault\u00a0\u00bb global_colors_info=\u00a0\u00bb{}\u00a0\u00bb]<\/p>\n<h4>La phase finale d\u00e9butera \u00e0 14h00 et se poursuivra jusqu\u2019\u00e0 16h30. Les quarts de finale seront organis\u00e9s selon le sch\u00e9ma suivant :<\/h4>\n<ul>\n<li>\n<h4>1er de la poule A vs 4e de la poule B<\/h4>\n<\/li>\n<li>\n<h4>2e de la poule A vs 3e de la poule B<\/h4>\n<\/li>\n<li>\n<h4>1er de la poule B vs 4e de la poule A<\/h4>\n<\/li>\n<li>\n<h4>2e de la poule B vs 3e de la poule A<\/h4>\n<\/li>\n<\/ul>\n<h4>Les \u00e9quipes qualifi\u00e9es encha\u00eeneront ensuite avec les demi-finales, avant de s\u2019affronter lors d\u2019une finale qui viendra cl\u00f4turer la journ\u00e9e.<\/h4>\n<p>[\/et_pb_toggle][\/et_pb_column][\/et_pb_row][\/et_pb_section][et_pb_section fb_built=\u00a0\u00bb1&Prime; _builder_version=\u00a0\u00bb4.27.4&Prime; _module_preset=\u00a0\u00bbdefault\u00a0\u00bb custom_padding=\u00a0\u00bb1px|||||\u00a0\u00bb global_colors_info=\u00a0\u00bb{}\u00a0\u00bb][et_pb_row _builder_version=\u00a0\u00bb4.27.4&Prime; _module_preset=\u00a0\u00bbdefault\u00a0\u00bb custom_padding=\u00a0\u00bb||0px|||\u00a0\u00bb global_colors_info=\u00a0\u00bb{}\u00a0\u00bb][et_pb_column type=\u00a0\u00bb4_4&Prime; _builder_version=\u00a0\u00bb4.27.4&Prime; _module_preset=\u00a0\u00bbdefault\u00a0\u00bb global_colors_info=\u00a0\u00bb{}\u00a0\u00bb][et_pb_icon font_icon=\u00a0\u00bb&#xf063;||fa||900&Prime; _builder_version=\u00a0\u00bb4.27.4&Prime; _module_preset=\u00a0\u00bbdefault\u00a0\u00bb custom_margin=\u00a0\u00bb||0px|||\u00a0\u00bb global_colors_info=\u00a0\u00bb{}\u00a0\u00bb][\/et_pb_icon][et_pb_text _builder_version=\u00a0\u00bb4.27.4&Prime; _module_preset=\u00a0\u00bbdefault\u00a0\u00bb min_height=\u00a0\u00bb29px\u00a0\u00bb custom_margin=\u00a0\u00bb13px|||||\u00a0\u00bb global_colors_info=\u00a0\u00bb{}\u00a0\u00bb]<\/p>\n<h1 style=\"text-align: center\"><span>Si tu veux participer, c\u2019est maintenant\u2026 t\u2019attends quoi ?<\/span><\/h1>\n<p>[\/et_pb_text][\/et_pb_column][\/et_pb_row][\/et_pb_section][et_pb_section fb_built=\u00a0\u00bb1&Prime; _builder_version=\u00a0\u00bb4.27.4&Prime; _module_preset=\u00a0\u00bbdefault\u00a0\u00bb custom_margin=\u00a0\u00bb||-225px|||\u00a0\u00bb custom_padding=\u00a0\u00bb1px||0px|||\u00a0\u00bb global_colors_info=\u00a0\u00bb{}\u00a0\u00bb][et_pb_row column_structure=\u00a0\u00bb1_2,1_2&Prime; _builder_version=\u00a0\u00bb4.27.4&Prime; _module_preset=\u00a0\u00bbdefault\u00a0\u00bb custom_padding=\u00a0\u00bb1px||224px|||\u00a0\u00bb global_colors_info=\u00a0\u00bb{}\u00a0\u00bb][et_pb_column type=\u00a0\u00bb1_2&Prime; _builder_version=\u00a0\u00bb4.27.4&Prime; _module_preset=\u00a0\u00bbdefault\u00a0\u00bb global_colors_info=\u00a0\u00bb{}\u00a0\u00bb][et_pb_cta title=\u00a0\u00bbInscription au Tournoi\u00a0\u00bb button_url=\u00a0\u00bbhttps:\/\/my.weezevent.com\/blackman?locale=fr-fr&amp;o=qr-code\u00a0\u00bb url_new_window=\u00a0\u00bbon\u00a0\u00bb button_text=\u00a0\u00bbEn savoir plus \u00a0\u00bb _builder_version=\u00a0\u00bb4.27.4&Prime; _module_preset=\u00a0\u00bbdefault\u00a0\u00bb header_text_color=\u00a0\u00bb#000000&Prime; background_enable_color=\u00a0\u00bboff\u00a0\u00bb background_video_mp4=\u00a0\u00bbhttps:\/\/3sport2025.ppawebdesign.com\/b3\/wp-content\/uploads\/sites\/9\/2025\/12\/Design-sans-titre-3.mp4&Prime; custom_button=\u00a0\u00bbon\u00a0\u00bb button_text_color=\u00a0\u00bb#000000&Prime; global_colors_info=\u00a0\u00bb{}\u00a0\u00bb][\/et_pb_cta][\/et_pb_column][et_pb_column type=\u00a0\u00bb1_2&Prime; _builder_version=\u00a0\u00bb4.27.4&Prime; _module_preset=\u00a0\u00bbdefault\u00a0\u00bb global_colors_info=\u00a0\u00bb{}\u00a0\u00bb][et_pb_circle_counter title=\u00a0\u00bbNombre d&rsquo;inscription\u00a0\u00bb number=\u00a0\u00bb30&Prime; _builder_version=\u00a0\u00bb4.27.4&Prime; _module_preset=\u00a0\u00bbdefault\u00a0\u00bb custom_margin=\u00a0\u00bb2px|auto|30px|auto|false|false\u00a0\u00bb link_option_url=\u00a0\u00bbhttps:\/\/my.weezevent.com\/blackman?locale=fr-fr&amp;o=qr-code\u00a0\u00bb global_colors_info=\u00a0\u00bb{}\u00a0\u00bb][\/et_pb_circle_counter][\/et_pb_column][\/et_pb_row][\/et_pb_section]<\/p>\n","protected":false},"excerpt":{"rendered":"<p>NOTRE \u00c9V\u00c8NEMENTAssemble ta team et entre dans l\u2019ar\u00e8ne ! Pour seulement 10 \u20ac par joueur, d\u00e9fie jusqu\u2019\u00e0 10 \u00e9quipes \u00e9tudiantes \u00e0 Colombes et vise les 800 \u20ac de cashprize qui r\u00e9compenseront les v\u00e9ritables ma\u00eetres du terrain !11 janvier 2026De 10h \u00e0 16h3012 rue Fran\u00e7ois Faber, 92700 ColombesLe tournoi se d\u00e9roulera le 11 janvier 2026 au [&hellip;]<\/p>\n","protected":false},"author":42,"featured_media":0,"parent":0,"menu_order":0,"comment_status":"closed","ping_status":"closed","template":"","meta":{"_et_pb_use_builder":"on","_et_pb_old_content":"","_et_gb_content_width":"","footnotes":""},"class_list":["post-62","page","type-page","status-publish","hentry"],"yoast_head":"<!-- This site is optimized with the Yoast SEO plugin v26.5 - https:\/\/yoast.com\/wordpress\/plugins\/seo\/ -->\n<title>Ev\u00e8nement - SPORT&amp;CO<\/title>\n<meta name=\"description\" content=\"Le tournoi se d\u00e9roulera le 11 janvier 2026 au 12 rue Fran\u00e7ois Faber, 92700 Colombes. Les participants sont attendus d\u00e8s 10h00 jusqu\u2019\u00e0 16h30.\" \/>\n<meta name=\"robots\" content=\"index, follow, max-snippet:-1, max-image-preview:large, max-video-preview:-1\" \/>\n<link rel=\"canonical\" href=\"https:\/\/3sport2025.ppawebdesign.com\/b3\/evenement\/\" \/>\n<meta property=\"og:locale\" content=\"fr_FR\" \/>\n<meta property=\"og:type\" content=\"article\" \/>\n<meta property=\"og:title\" content=\"Ev\u00e8nement - SPORT&amp;CO\" \/>\n<meta property=\"og:description\" content=\"Le tournoi se d\u00e9roulera le 11 janvier 2026 au 12 rue Fran\u00e7ois Faber, 92700 Colombes. Les participants sont attendus d\u00e8s 10h00 jusqu\u2019\u00e0 16h30.\" \/>\n<meta property=\"og:url\" content=\"https:\/\/3sport2025.ppawebdesign.com\/b3\/evenement\/\" \/>\n<meta property=\"og:site_name\" content=\"SPORT&amp;CO\" \/>\n<meta property=\"article:modified_time\" content=\"2025-12-04T22:43:08+00:00\" \/>\n<meta name=\"twitter:card\" content=\"summary_large_image\" \/>\n<meta name=\"twitter:label1\" content=\"Dur\u00e9e de lecture estim\u00e9e\" \/>\n\t<meta name=\"twitter:data1\" content=\"3 minutes\" \/>\n<script type=\"application\/ld+json\" class=\"yoast-schema-graph\">{\"@context\":\"https:\/\/schema.org\",\"@graph\":[{\"@type\":\"WebPage\",\"@id\":\"https:\/\/3sport2025.ppawebdesign.com\/b3\/evenement\/\",\"url\":\"https:\/\/3sport2025.ppawebdesign.com\/b3\/evenement\/\",\"name\":\"Ev\u00e8nement - SPORT&amp;CO\",\"isPartOf\":{\"@id\":\"https:\/\/3sport2025.ppawebdesign.com\/b3\/#website\"},\"datePublished\":\"2025-12-02T11:09:12+00:00\",\"dateModified\":\"2025-12-04T22:43:08+00:00\",\"description\":\"Le tournoi se d\u00e9roulera le 11 janvier 2026 au 12 rue Fran\u00e7ois Faber, 92700 Colombes. Les participants sont attendus d\u00e8s 10h00 jusqu\u2019\u00e0 16h30.\",\"breadcrumb\":{\"@id\":\"https:\/\/3sport2025.ppawebdesign.com\/b3\/evenement\/#breadcrumb\"},\"inLanguage\":\"fr-FR\",\"potentialAction\":[{\"@type\":\"ReadAction\",\"target\":[\"https:\/\/3sport2025.ppawebdesign.com\/b3\/evenement\/\"]}]},{\"@type\":\"BreadcrumbList\",\"@id\":\"https:\/\/3sport2025.ppawebdesign.com\/b3\/evenement\/#breadcrumb\",\"itemListElement\":[{\"@type\":\"ListItem\",\"position\":1,\"name\":\"Accueil\",\"item\":\"https:\/\/3sport2025.ppawebdesign.com\/b3\/\"},{\"@type\":\"ListItem\",\"position\":2,\"name\":\"Ev\u00e8nement\"}]},{\"@type\":\"WebSite\",\"@id\":\"https:\/\/3sport2025.ppawebdesign.com\/b3\/#website\",\"url\":\"https:\/\/3sport2025.ppawebdesign.com\/b3\/\",\"name\":\"SPORT&CO\",\"description\":\"un sport qui rassemble, un avenir qui respire\",\"publisher\":{\"@id\":\"https:\/\/3sport2025.ppawebdesign.com\/b3\/#organization\"},\"potentialAction\":[{\"@type\":\"SearchAction\",\"target\":{\"@type\":\"EntryPoint\",\"urlTemplate\":\"https:\/\/3sport2025.ppawebdesign.com\/b3\/?s={search_term_string}\"},\"query-input\":{\"@type\":\"PropertyValueSpecification\",\"valueRequired\":true,\"valueName\":\"search_term_string\"}}],\"inLanguage\":\"fr-FR\"},{\"@type\":\"Organization\",\"@id\":\"https:\/\/3sport2025.ppawebdesign.com\/b3\/#organization\",\"name\":\"SPORT&CO\",\"url\":\"https:\/\/3sport2025.ppawebdesign.com\/b3\/\",\"logo\":{\"@type\":\"ImageObject\",\"inLanguage\":\"fr-FR\",\"@id\":\"https:\/\/3sport2025.ppawebdesign.com\/b3\/#\/schema\/logo\/image\/\",\"url\":\"https:\/\/3sport2025.ppawebdesign.com\/b3\/wp-content\/uploads\/sites\/9\/2025\/12\/Design-sans-titre-6.png\",\"contentUrl\":\"https:\/\/3sport2025.ppawebdesign.com\/b3\/wp-content\/uploads\/sites\/9\/2025\/12\/Design-sans-titre-6.png\",\"width\":512,\"height\":512,\"caption\":\"SPORT&CO\"},\"image\":{\"@id\":\"https:\/\/3sport2025.ppawebdesign.com\/b3\/#\/schema\/logo\/image\/\"}}]}<\/script>\n<!-- \/ Yoast SEO plugin. -->","yoast_head_json":{"title":"Ev\u00e8nement - SPORT&amp;CO","description":"Le tournoi se d\u00e9roulera le 11 janvier 2026 au 12 rue Fran\u00e7ois Faber, 92700 Colombes. Les participants sont attendus d\u00e8s 10h00 jusqu\u2019\u00e0 16h30.","robots":{"index":"index","follow":"follow","max-snippet":"max-snippet:-1","max-image-preview":"max-image-preview:large","max-video-preview":"max-video-preview:-1"},"canonical":"https:\/\/3sport2025.ppawebdesign.com\/b3\/evenement\/","og_locale":"fr_FR","og_type":"article","og_title":"Ev\u00e8nement - SPORT&amp;CO","og_description":"Le tournoi se d\u00e9roulera le 11 janvier 2026 au 12 rue Fran\u00e7ois Faber, 92700 Colombes. Les participants sont attendus d\u00e8s 10h00 jusqu\u2019\u00e0 16h30.","og_url":"https:\/\/3sport2025.ppawebdesign.com\/b3\/evenement\/","og_site_name":"SPORT&amp;CO","article_modified_time":"2025-12-04T22:43:08+00:00","twitter_card":"summary_large_image","twitter_misc":{"Dur\u00e9e de lecture estim\u00e9e":"3 minutes"},"schema":{"@context":"https:\/\/schema.org","@graph":[{"@type":"WebPage","@id":"https:\/\/3sport2025.ppawebdesign.com\/b3\/evenement\/","url":"https:\/\/3sport2025.ppawebdesign.com\/b3\/evenement\/","name":"Ev\u00e8nement - SPORT&amp;CO","isPartOf":{"@id":"https:\/\/3sport2025.ppawebdesign.com\/b3\/#website"},"datePublished":"2025-12-02T11:09:12+00:00","dateModified":"2025-12-04T22:43:08+00:00","description":"Le tournoi se d\u00e9roulera le 11 janvier 2026 au 12 rue Fran\u00e7ois Faber, 92700 Colombes. Les participants sont attendus d\u00e8s 10h00 jusqu\u2019\u00e0 16h30.","breadcrumb":{"@id":"https:\/\/3sport2025.ppawebdesign.com\/b3\/evenement\/#breadcrumb"},"inLanguage":"fr-FR","potentialAction":[{"@type":"ReadAction","target":["https:\/\/3sport2025.ppawebdesign.com\/b3\/evenement\/"]}]},{"@type":"BreadcrumbList","@id":"https:\/\/3sport2025.ppawebdesign.com\/b3\/evenement\/#breadcrumb","itemListElement":[{"@type":"ListItem","position":1,"name":"Accueil","item":"https:\/\/3sport2025.ppawebdesign.com\/b3\/"},{"@type":"ListItem","position":2,"name":"Ev\u00e8nement"}]},{"@type":"WebSite","@id":"https:\/\/3sport2025.ppawebdesign.com\/b3\/#website","url":"https:\/\/3sport2025.ppawebdesign.com\/b3\/","name":"SPORT&CO","description":"un sport qui rassemble, un avenir qui respire","publisher":{"@id":"https:\/\/3sport2025.ppawebdesign.com\/b3\/#organization"},"potentialAction":[{"@type":"SearchAction","target":{"@type":"EntryPoint","urlTemplate":"https:\/\/3sport2025.ppawebdesign.com\/b3\/?s={search_term_string}"},"query-input":{"@type":"PropertyValueSpecification","valueRequired":true,"valueName":"search_term_string"}}],"inLanguage":"fr-FR"},{"@type":"Organization","@id":"https:\/\/3sport2025.ppawebdesign.com\/b3\/#organization","name":"SPORT&CO","url":"https:\/\/3sport2025.ppawebdesign.com\/b3\/","logo":{"@type":"ImageObject","inLanguage":"fr-FR","@id":"https:\/\/3sport2025.ppawebdesign.com\/b3\/#\/schema\/logo\/image\/","url":"https:\/\/3sport2025.ppawebdesign.com\/b3\/wp-content\/uploads\/sites\/9\/2025\/12\/Design-sans-titre-6.png","contentUrl":"https:\/\/3sport2025.ppawebdesign.com\/b3\/wp-content\/uploads\/sites\/9\/2025\/12\/Design-sans-titre-6.png","width":512,"height":512,"caption":"SPORT&CO"},"image":{"@id":"https:\/\/3sport2025.ppawebdesign.com\/b3\/#\/schema\/logo\/image\/"}}]}},"_links":{"self":[{"href":"https:\/\/3sport2025.ppawebdesign.com\/b3\/wp-json\/wp\/v2\/pages\/62","targetHints":{"allow":["GET"]}}],"collection":[{"href":"https:\/\/3sport2025.ppawebdesign.com\/b3\/wp-json\/wp\/v2\/pages"}],"about":[{"href":"https:\/\/3sport2025.ppawebdesign.com\/b3\/wp-json\/wp\/v2\/types\/page"}],"author":[{"embeddable":true,"href":"https:\/\/3sport2025.ppawebdesign.com\/b3\/wp-json\/wp\/v2\/users\/42"}],"replies":[{"embeddable":true,"href":"https:\/\/3sport2025.ppawebdesign.com\/b3\/wp-json\/wp\/v2\/comments?post=62"}],"version-history":[{"count":66,"href":"https:\/\/3sport2025.ppawebdesign.com\/b3\/wp-json\/wp\/v2\/pages\/62\/revisions"}],"predecessor-version":[{"id":838,"href":"https:\/\/3sport2025.ppawebdesign.com\/b3\/wp-json\/wp\/v2\/pages\/62\/revisions\/838"}],"wp:attachment":[{"href":"https:\/\/3sport2025.ppawebdesign.com\/b3\/wp-json\/wp\/v2\/media?parent=62"}],"curies":[{"name":"wp","href":"https:\/\/api.w.org\/{rel}","templated":true}]}}