{"id":95,"date":"2025-12-02T12:42:16","date_gmt":"2025-12-02T11:42:16","guid":{"rendered":"https:\/\/3sport2025.ppawebdesign.com\/b3\/?page_id=95"},"modified":"2025-12-04T23:42:32","modified_gmt":"2025-12-04T22:42:32","slug":"accueil","status":"publish","type":"page","link":"https:\/\/3sport2025.ppawebdesign.com\/b3\/","title":{"rendered":"Accueil"},"content":{"rendered":"<p>[et_pb_section fb_built=\u00a0\u00bb1&Prime; _builder_version=\u00a0\u00bb4.27.4&Prime; _module_preset=\u00a0\u00bbdefault\u00a0\u00bb background_enable_color=\u00a0\u00bboff\u00a0\u00bb background_enable_image=\u00a0\u00bboff\u00a0\u00bb background_enable_video_mp4=\u00a0\u00bboff\u00a0\u00bb custom_padding=\u00a0\u00bb26px|||||\u00a0\u00bb global_colors_info=\u00a0\u00bb{}\u00a0\u00bb][et_pb_row _builder_version=\u00a0\u00bb4.27.4&Prime; _module_preset=\u00a0\u00bbdefault\u00a0\u00bb custom_padding=\u00a0\u00bb8px|||||\u00a0\u00bb global_colors_info=\u00a0\u00bb{}\u00a0\u00bb][et_pb_column type=\u00a0\u00bb4_4&Prime; _builder_version=\u00a0\u00bb4.27.4&Prime; _module_preset=\u00a0\u00bbdefault\u00a0\u00bb global_colors_info=\u00a0\u00bb{}\u00a0\u00bb][et_pb_text _builder_version=\u00a0\u00bb4.27.4&Prime; _module_preset=\u00a0\u00bbdefault\u00a0\u00bb background_enable_color=\u00a0\u00bboff\u00a0\u00bb animation_style=\u00a0\u00bbzoom\u00a0\u00bb box_shadow_style=\u00a0\u00bbpreset1&Prime; global_colors_info=\u00a0\u00bb{}\u00a0\u00bb]<\/p>\n<h2 style=\"text-align: center\"><strong data-start=\"1220\" data-end=\"1302\">SPORT&amp;CO vous ouvre les portes de son \u00e9v\u00e9nement phare : le Tournoi Foot 8vs8 !<\/strong><br data-start=\"1302\" data-end=\"1305\" \/><span>Aux c\u00f4t\u00e9s du <\/span><strong data-start=\"1318\" data-end=\"1336\">Racing 92 Foot<\/strong><span>, nous cr\u00e9ons une journ\u00e9e exceptionnelle r\u00e9unissant \u00e9quipes, supporters, animations et \u00e9motions<\/span><\/h2>\n<p>[\/et_pb_text][\/et_pb_column][\/et_pb_row][\/et_pb_section][et_pb_section fb_built=\u00a0\u00bb1&Prime; fullwidth=\u00a0\u00bbon\u00a0\u00bb _builder_version=\u00a0\u00bb4.27.4&Prime; _module_preset=\u00a0\u00bbdefault\u00a0\u00bb background_color=\u00a0\u00bb#E09900&Prime; use_background_color_gradient=\u00a0\u00bbon\u00a0\u00bb background_color_gradient_type=\u00a0\u00bbelliptical\u00a0\u00bb background_color_gradient_stops=\u00a0\u00bb#2b87da 11%|#29c4a9 99%\u00a0\u00bb global_colors_info=\u00a0\u00bb{}\u00a0\u00bb][et_pb_fullwidth_slider _builder_version=\u00a0\u00bb4.27.4&Prime; _module_preset=\u00a0\u00bbdefault\u00a0\u00bb width=\u00a0\u00bb100%\u00a0\u00bb custom_margin=\u00a0\u00bb-35px|||||\u00a0\u00bb custom_padding=\u00a0\u00bb299px||341px|||\u00a0\u00bb animation_style=\u00a0\u00bbslide\u00a0\u00bb animation_duration=\u00a0\u00bb200ms\u00a0\u00bb auto=\u00a0\u00bbon\u00a0\u00bb auto_speed=\u00a0\u00bb3500&Prime; hover_transition_duration=\u00a0\u00bb150ms\u00a0\u00bb hover_transition_delay=\u00a0\u00bb100ms\u00a0\u00bb global_colors_info=\u00a0\u00bb{}\u00a0\u00bb][et_pb_slide _builder_version=\u00a0\u00bb4.27.4&Prime; _module_preset=\u00a0\u00bbdefault\u00a0\u00bb background_color=\u00a0\u00bb#F98133&Prime; background_enable_color=\u00a0\u00bbon\u00a0\u00bb background_image=\u00a0\u00bbhttps:\/\/3sport2025.ppawebdesign.com\/b3\/wp-content\/uploads\/sites\/9\/2025\/12\/Racing-92-stade-Yves-du-Manoir-scaled-1.jpg\u00a0\u00bb background_enable_image=\u00a0\u00bbon\u00a0\u00bb global_colors_info=\u00a0\u00bb{}\u00a0\u00bb sticky_transition=\u00a0\u00bbon\u00a0\u00bb][\/et_pb_slide][et_pb_slide _builder_version=\u00a0\u00bb4.27.4&Prime; _module_preset=\u00a0\u00bbdefault\u00a0\u00bb background_enable_color=\u00a0\u00bboff\u00a0\u00bb background_enable_image=\u00a0\u00bboff\u00a0\u00bb background_video_mp4=\u00a0\u00bbhttps:\/\/3sport2025.ppawebdesign.com\/b3\/wp-content\/uploads\/sites\/9\/2025\/12\/Design-sans-titre-2-2-1.mp4&Prime; background_enable_video_mp4=\u00a0\u00bbon\u00a0\u00bb hover_transition_delay=\u00a0\u00bb100ms\u00a0\u00bb hover_transition_speed_curve=\u00a0\u00bbease-in-out\u00a0\u00bb global_colors_info=\u00a0\u00bb{}\u00a0\u00bb sticky_transition=\u00a0\u00bbon\u00a0\u00bb][\/et_pb_slide][et_pb_slide _builder_version=\u00a0\u00bb4.27.4&Prime; _module_preset=\u00a0\u00bbdefault\u00a0\u00bb background_enable_color=\u00a0\u00bboff\u00a0\u00bb background_video_mp4=\u00a0\u00bbhttps:\/\/3sport2025.ppawebdesign.com\/b3\/wp-content\/uploads\/sites\/9\/2025\/12\/sport-co-2-1hab4rzr_xGsK1wB4_compressed.mp4&Prime; background_enable_video_mp4=\u00a0\u00bbon\u00a0\u00bb global_colors_info=\u00a0\u00bb{}\u00a0\u00bb sticky_transition=\u00a0\u00bbon\u00a0\u00bb][\/et_pb_slide][et_pb_slide button_text=\u00a0\u00bbNous contacter\u00a0\u00bb button_link=\u00a0\u00bbhttps:\/\/3sport2025.ppawebdesign.com\/b3\/contact-et-infos-utiles\/\u00a0\u00bb _builder_version=\u00a0\u00bb4.27.4&Prime; _module_preset=\u00a0\u00bbdefault\u00a0\u00bb background_enable_color=\u00a0\u00bboff\u00a0\u00bb background_video_mp4=\u00a0\u00bbhttps:\/\/3sport2025.ppawebdesign.com\/b3\/wp-content\/uploads\/sites\/9\/2025\/12\/Nos-Partenaires-4-2.mp4&Prime; background_enable_video_mp4=\u00a0\u00bbon\u00a0\u00bb custom_button=\u00a0\u00bbon\u00a0\u00bb button_text_color=\u00a0\u00bb#000000&Prime; button_alignment=\u00a0\u00bbcenter\u00a0\u00bb global_colors_info=\u00a0\u00bb{}\u00a0\u00bb sticky_transition=\u00a0\u00bbon\u00a0\u00bb][\/et_pb_slide][\/et_pb_fullwidth_slider][\/et_pb_section][et_pb_section fb_built=\u00a0\u00bb1&Prime; _builder_version=\u00a0\u00bb4.27.4&Prime; _module_preset=\u00a0\u00bbdefault\u00a0\u00bb background_enable_color=\u00a0\u00bboff\u00a0\u00bb background_enable_image=\u00a0\u00bboff\u00a0\u00bb background_enable_video_mp4=\u00a0\u00bboff\u00a0\u00bb custom_margin=\u00a0\u00bb-1px||-79px|||\u00a0\u00bb custom_padding=\u00a0\u00bb0px|||||\u00a0\u00bb global_colors_info=\u00a0\u00bb{}\u00a0\u00bb][et_pb_row column_structure=\u00a0\u00bb1_2,1_2&Prime; _builder_version=\u00a0\u00bb4.27.4&Prime; _module_preset=\u00a0\u00bbdefault\u00a0\u00bb width=\u00a0\u00bb79%\u00a0\u00bb custom_margin=\u00a0\u00bb1px|auto||auto||\u00a0\u00bb global_colors_info=\u00a0\u00bb{}\u00a0\u00bb][et_pb_column type=\u00a0\u00bb1_2&Prime; _builder_version=\u00a0\u00bb4.27.4&Prime; _module_preset=\u00a0\u00bbdefault\u00a0\u00bb link_option_url_new_window=\u00a0\u00bbon\u00a0\u00bb global_colors_info=\u00a0\u00bb{}\u00a0\u00bb][et_pb_text _builder_version=\u00a0\u00bb4.27.4&Prime; _module_preset=\u00a0\u00bbdefault\u00a0\u00bb background_enable_color=\u00a0\u00bboff\u00a0\u00bb min_height=\u00a0\u00bb90px\u00a0\u00bb custom_margin=\u00a0\u00bb-9px||29px|||\u00a0\u00bb custom_padding=\u00a0\u00bb20px||0px|||\u00a0\u00bb box_shadow_style=\u00a0\u00bbpreset1&Prime; global_colors_info=\u00a0\u00bb{}\u00a0\u00bb]<\/p>\n<h4 style=\"text-align: center\">Pr\u00e9sente sur le terrain tout au long de la journ\u00e9e, notre \u00e9quipe accompagne joueurs et supporters avec \u00e9coute, r\u00e9activit\u00e9 et bienveillance afin de garantir une exp\u00e9rience fluide, s\u00e9curis\u00e9e et pleinement r\u00e9ussie.<\/h4>\n<p>[\/et_pb_text][et_pb_image src=\u00a0\u00bbhttps:\/\/3sport2025.ppawebdesign.com\/b3\/wp-content\/uploads\/sites\/9\/2025\/12\/Design-sans-titre-8-2.png\u00a0\u00bb title_text=\u00a0\u00bbDesign sans titre-8&Prime; _builder_version=\u00a0\u00bb4.27.4&Prime; _module_preset=\u00a0\u00bbdefault\u00a0\u00bb module_alignment=\u00a0\u00bbcenter\u00a0\u00bb animation_style=\u00a0\u00bbzoom\u00a0\u00bb box_shadow_style=\u00a0\u00bbpreset1&Prime; global_colors_info=\u00a0\u00bb{}\u00a0\u00bb][\/et_pb_image][\/et_pb_column][et_pb_column type=\u00a0\u00bb1_2&Prime; _builder_version=\u00a0\u00bb4.27.4&Prime; _module_preset=\u00a0\u00bbdefault\u00a0\u00bb global_colors_info=\u00a0\u00bb{}\u00a0\u00bb][et_pb_text _builder_version=\u00a0\u00bb4.27.4&Prime; _module_preset=\u00a0\u00bbdefault\u00a0\u00bb background_enable_color=\u00a0\u00bboff\u00a0\u00bb min_height=\u00a0\u00bb53px\u00a0\u00bb custom_margin=\u00a0\u00bb-9px||50px|||\u00a0\u00bb custom_padding=\u00a0\u00bb16px|||||\u00a0\u00bb box_shadow_style=\u00a0\u00bbpreset1&Prime; global_colors_info=\u00a0\u00bb{}\u00a0\u00bb]<\/p>\n<h4 style=\"text-align: center\"><span>Un \u00e9v\u00e9nement unique sign\u00e9 SPORT&amp;CO x Racing 92 Foot.<\/span><br data-start=\"626\" data-end=\"629\" \/><span>Matchs, ambiance, comp\u00e9tition : tout est r\u00e9uni pour une exp\u00e9rience inoubliable.<\/span><\/h4>\n<p>[\/et_pb_text][et_pb_image src=\u00a0\u00bbhttps:\/\/3sport2025.ppawebdesign.com\/b3\/wp-content\/uploads\/sites\/9\/2025\/12\/Design-sans-titre-8-1.png\u00a0\u00bb title_text=\u00a0\u00bbDesign sans titre-8&Prime; _builder_version=\u00a0\u00bb4.27.4&Prime; _module_preset=\u00a0\u00bbdefault\u00a0\u00bb custom_margin=\u00a0\u00bb7px|||||\u00a0\u00bb animation_style=\u00a0\u00bbzoom\u00a0\u00bb box_shadow_style=\u00a0\u00bbpreset1&Prime; global_colors_info=\u00a0\u00bb{}\u00a0\u00bb][\/et_pb_image][\/et_pb_column][\/et_pb_row][et_pb_row column_structure=\u00a0\u00bb1_2,1_2&Prime; _builder_version=\u00a0\u00bb4.27.4&Prime; _module_preset=\u00a0\u00bbdefault\u00a0\u00bb custom_padding=\u00a0\u00bb0px|||||\u00a0\u00bb global_colors_info=\u00a0\u00bb{}\u00a0\u00bb][et_pb_column type=\u00a0\u00bb1_2&Prime; _builder_version=\u00a0\u00bb4.27.4&Prime; _module_preset=\u00a0\u00bbdefault\u00a0\u00bb global_colors_info=\u00a0\u00bb{}\u00a0\u00bb][et_pb_button button_url=\u00a0\u00bbhttps:\/\/3sport2025.ppawebdesign.com\/b3\/notre-equipe\/\u00a0\u00bb button_text=\u00a0\u00bbNotre \u00e9quipe \u00a0\u00bb _builder_version=\u00a0\u00bb4.27.4&Prime; _module_preset=\u00a0\u00bbdefault\u00a0\u00bb custom_button=\u00a0\u00bbon\u00a0\u00bb button_text_color=\u00a0\u00bb#e0711d\u00a0\u00bb global_colors_info=\u00a0\u00bb{}\u00a0\u00bb][\/et_pb_button][\/et_pb_column][et_pb_column type=\u00a0\u00bb1_2&Prime; _builder_version=\u00a0\u00bb4.27.4&Prime; _module_preset=\u00a0\u00bbdefault\u00a0\u00bb global_colors_info=\u00a0\u00bb{}\u00a0\u00bb][et_pb_button button_url=\u00a0\u00bbhttps:\/\/3sport2025.ppawebdesign.com\/b3\/evenement\/\u00a0\u00bb button_text=\u00a0\u00bbNotre \u00e9v\u00e8nement \u00a0\u00bb _builder_version=\u00a0\u00bb4.27.4&Prime; _module_preset=\u00a0\u00bbdefault\u00a0\u00bb custom_button=\u00a0\u00bbon\u00a0\u00bb button_text_color=\u00a0\u00bb#db7100&Prime; custom_padding=\u00a0\u00bb5px||7px|||\u00a0\u00bb global_colors_info=\u00a0\u00bb{}\u00a0\u00bb][\/et_pb_button][\/et_pb_column][\/et_pb_row][et_pb_row _builder_version=\u00a0\u00bb4.27.4&Prime; _module_preset=\u00a0\u00bbdefault\u00a0\u00bb custom_padding=\u00a0\u00bb0px|||||\u00a0\u00bb global_colors_info=\u00a0\u00bb{}\u00a0\u00bb][et_pb_column type=\u00a0\u00bb4_4&Prime; _builder_version=\u00a0\u00bb4.27.4&Prime; _module_preset=\u00a0\u00bbdefault\u00a0\u00bb global_colors_info=\u00a0\u00bb{}\u00a0\u00bb][et_pb_text _builder_version=\u00a0\u00bb4.27.4&Prime; _module_preset=\u00a0\u00bbdefault\u00a0\u00bb background_enable_color=\u00a0\u00bboff\u00a0\u00bb min_height=\u00a0\u00bb69px\u00a0\u00bb custom_margin=\u00a0\u00bb||-2px|||\u00a0\u00bb custom_padding=\u00a0\u00bb14px||0px|||\u00a0\u00bb global_colors_info=\u00a0\u00bb{}\u00a0\u00bb]<\/p>\n<h3 style=\"text-align: center\"><span>SPORT&amp;CO et le Racing 92 Foot vous donnent rendez-vous le <\/span><strong data-start=\"1018\" data-end=\"1032\">11 janvier<\/strong><br data-start=\"1032\" data-end=\"1035\" \/><span>pour un tournoi d\u2019exception. Le d\u00e9compte avant le coup d\u2019envoi commence maintenant !<\/span><\/h3>\n<p>[\/et_pb_text][\/et_pb_column][\/et_pb_row][\/et_pb_section][et_pb_section fb_built=\u00a0\u00bb1&Prime; _builder_version=\u00a0\u00bb4.27.4&Prime; _module_preset=\u00a0\u00bbdefault\u00a0\u00bb background_enable_color=\u00a0\u00bboff\u00a0\u00bb background_enable_image=\u00a0\u00bboff\u00a0\u00bb background_enable_video_mp4=\u00a0\u00bboff\u00a0\u00bb min_height=\u00a0\u00bb294.4px\u00a0\u00bb custom_margin=\u00a0\u00bb6px||-386px|||\u00a0\u00bb custom_padding=\u00a0\u00bb0px||193px|||\u00a0\u00bb global_colors_info=\u00a0\u00bb{}\u00a0\u00bb][et_pb_row _builder_version=\u00a0\u00bb4.27.4&Prime; _module_preset=\u00a0\u00bbdefault\u00a0\u00bb background_enable_image=\u00a0\u00bboff\u00a0\u00bb min_height=\u00a0\u00bb217.4px\u00a0\u00bb custom_margin=\u00a0\u00bb-36px|auto||auto||\u00a0\u00bb custom_padding=\u00a0\u00bb||41px|||\u00a0\u00bb global_colors_info=\u00a0\u00bb{}\u00a0\u00bb][et_pb_column type=\u00a0\u00bb4_4&Prime; _builder_version=\u00a0\u00bb4.27.4&Prime; _module_preset=\u00a0\u00bbdefault\u00a0\u00bb global_colors_info=\u00a0\u00bb{}\u00a0\u00bb][et_pb_countdown_timer title=\u00a0\u00bbTournois 8vs8&Prime; date_time=\u00a0\u00bb2026-01-18 11:00&Prime; _builder_version=\u00a0\u00bb4.27.4&Prime; _module_preset=\u00a0\u00bbdefault\u00a0\u00bb background_enable_color=\u00a0\u00bboff\u00a0\u00bb background_image=\u00a0\u00bbhttps:\/\/3sport2025.ppawebdesign.com\/b3\/wp-content\/uploads\/sites\/9\/2025\/12\/Design-sans-titre-4-pdf.jpg\u00a0\u00bb custom_margin=\u00a0\u00bb42px||-19px|||\u00a0\u00bb custom_padding=\u00a0\u00bb9px|||||\u00a0\u00bb box_shadow_style=\u00a0\u00bbpreset1&Prime; global_colors_info=\u00a0\u00bb{}\u00a0\u00bb][\/et_pb_countdown_timer][\/et_pb_column][\/et_pb_row][\/et_pb_section]<\/p>\n","protected":false},"excerpt":{"rendered":"<p>SPORT&amp;CO vous ouvre les portes de son \u00e9v\u00e9nement phare : le Tournoi Foot 8vs8 !Aux c\u00f4t\u00e9s du Racing 92 Foot, nous cr\u00e9ons une journ\u00e9e exceptionnelle r\u00e9unissant \u00e9quipes, supporters, animations et \u00e9motionsPr\u00e9sente sur le terrain tout au long de la journ\u00e9e, notre \u00e9quipe accompagne joueurs et supporters avec \u00e9coute, r\u00e9activit\u00e9 et bienveillance afin de garantir une [&hellip;]<\/p>\n","protected":false},"author":49,"featured_media":0,"parent":0,"menu_order":0,"comment_status":"closed","ping_status":"closed","template":"","meta":{"_et_pb_use_builder":"on","_et_pb_old_content":"","_et_gb_content_width":"","footnotes":""},"class_list":["post-95","page","type-page","status-publish","hentry"],"yoast_head":"<!-- This site is optimized with the Yoast SEO plugin v26.5 - https:\/\/yoast.com\/wordpress\/plugins\/seo\/ -->\n<title>Accueil - SPORT&amp;CO un sport qui rassemble, un avenir qui respire<\/title>\n<meta name=\"description\" content=\"Le Tournoi PPA Sport est un \u00e9v\u00e9nement sportif organis\u00e9 par l\u2019agence \u00e9tudiante SPORT&amp;CO, compos\u00e9e d\u2019\u00e9tudiants de PPA Sport.\" \/>\n<meta name=\"robots\" content=\"index, follow, max-snippet:-1, max-image-preview:large, max-video-preview:-1\" \/>\n<link rel=\"canonical\" href=\"https:\/\/3sport2025.ppawebdesign.com\/b3\/\" \/>\n<meta property=\"og:locale\" content=\"fr_FR\" \/>\n<meta property=\"og:type\" content=\"article\" \/>\n<meta property=\"og:title\" content=\"Accueil - SPORT&amp;CO un sport qui rassemble, un avenir qui respire\" \/>\n<meta property=\"og:description\" content=\"Le Tournoi PPA Sport est un \u00e9v\u00e9nement sportif organis\u00e9 par l\u2019agence \u00e9tudiante SPORT&amp;CO, compos\u00e9e d\u2019\u00e9tudiants de PPA Sport.\" \/>\n<meta property=\"og:url\" content=\"https:\/\/3sport2025.ppawebdesign.com\/b3\/\" \/>\n<meta property=\"og:site_name\" content=\"SPORT&amp;CO\" \/>\n<meta property=\"article:modified_time\" content=\"2025-12-04T22:42:32+00:00\" \/>\n<meta name=\"twitter:card\" content=\"summary_large_image\" \/>\n<meta name=\"twitter:label1\" content=\"Dur\u00e9e de lecture estim\u00e9e\" \/>\n\t<meta name=\"twitter:data1\" content=\"1 minute\" \/>\n<script type=\"application\/ld+json\" class=\"yoast-schema-graph\">{\"@context\":\"https:\/\/schema.org\",\"@graph\":[{\"@type\":\"Article\",\"@id\":\"https:\/\/3sport2025.ppawebdesign.com\/b3\/#article\",\"isPartOf\":{\"@id\":\"https:\/\/3sport2025.ppawebdesign.com\/b3\/\"},\"author\":{\"name\":\"Hugo MORACCHINI\",\"@id\":\"https:\/\/3sport2025.ppawebdesign.com\/b3\/#\/schema\/person\/d2c877f441070e550c3e15babcef4891\"},\"headline\":\"Accueil\",\"datePublished\":\"2025-12-02T11:42:16+00:00\",\"dateModified\":\"2025-12-04T22:42:32+00:00\",\"mainEntityOfPage\":{\"@id\":\"https:\/\/3sport2025.ppawebdesign.com\/b3\/\"},\"wordCount\":1064,\"publisher\":{\"@id\":\"https:\/\/3sport2025.ppawebdesign.com\/b3\/#organization\"},\"inLanguage\":\"fr-FR\"},{\"@type\":[\"WebPage\",\"ItemPage\"],\"@id\":\"https:\/\/3sport2025.ppawebdesign.com\/b3\/\",\"url\":\"https:\/\/3sport2025.ppawebdesign.com\/b3\/\",\"name\":\"Accueil - SPORT&amp;CO un sport qui rassemble, un avenir qui respire\",\"isPartOf\":{\"@id\":\"https:\/\/3sport2025.ppawebdesign.com\/b3\/#website\"},\"datePublished\":\"2025-12-02T11:42:16+00:00\",\"dateModified\":\"2025-12-04T22:42:32+00:00\",\"description\":\"Le Tournoi PPA Sport est un \u00e9v\u00e9nement sportif organis\u00e9 par l\u2019agence \u00e9tudiante SPORT&CO, compos\u00e9e d\u2019\u00e9tudiants de PPA Sport.\",\"breadcrumb\":{\"@id\":\"https:\/\/3sport2025.ppawebdesign.com\/b3\/#breadcrumb\"},\"inLanguage\":\"fr-FR\",\"potentialAction\":[{\"@type\":\"ReadAction\",\"target\":[\"https:\/\/3sport2025.ppawebdesign.com\/b3\/\"]}]},{\"@type\":\"BreadcrumbList\",\"@id\":\"https:\/\/3sport2025.ppawebdesign.com\/b3\/#breadcrumb\",\"itemListElement\":[{\"@type\":\"ListItem\",\"position\":1,\"name\":\"Accueil\",\"item\":\"https:\/\/3sport2025.ppawebdesign.com\/b3\/\"},{\"@type\":\"ListItem\",\"position\":2,\"name\":\"Accueil\"}]},{\"@type\":\"WebSite\",\"@id\":\"https:\/\/3sport2025.ppawebdesign.com\/b3\/#website\",\"url\":\"https:\/\/3sport2025.ppawebdesign.com\/b3\/\",\"name\":\"SPORT&CO\",\"description\":\"un sport qui rassemble, un avenir qui respire\",\"publisher\":{\"@id\":\"https:\/\/3sport2025.ppawebdesign.com\/b3\/#organization\"},\"potentialAction\":[{\"@type\":\"SearchAction\",\"target\":{\"@type\":\"EntryPoint\",\"urlTemplate\":\"https:\/\/3sport2025.ppawebdesign.com\/b3\/?s={search_term_string}\"},\"query-input\":{\"@type\":\"PropertyValueSpecification\",\"valueRequired\":true,\"valueName\":\"search_term_string\"}}],\"inLanguage\":\"fr-FR\"},{\"@type\":\"Organization\",\"@id\":\"https:\/\/3sport2025.ppawebdesign.com\/b3\/#organization\",\"name\":\"SPORT&CO\",\"url\":\"https:\/\/3sport2025.ppawebdesign.com\/b3\/\",\"logo\":{\"@type\":\"ImageObject\",\"inLanguage\":\"fr-FR\",\"@id\":\"https:\/\/3sport2025.ppawebdesign.com\/b3\/#\/schema\/logo\/image\/\",\"url\":\"https:\/\/3sport2025.ppawebdesign.com\/b3\/wp-content\/uploads\/sites\/9\/2025\/12\/Design-sans-titre-6.png\",\"contentUrl\":\"https:\/\/3sport2025.ppawebdesign.com\/b3\/wp-content\/uploads\/sites\/9\/2025\/12\/Design-sans-titre-6.png\",\"width\":512,\"height\":512,\"caption\":\"SPORT&CO\"},\"image\":{\"@id\":\"https:\/\/3sport2025.ppawebdesign.com\/b3\/#\/schema\/logo\/image\/\"}},{\"@type\":\"Person\",\"@id\":\"https:\/\/3sport2025.ppawebdesign.com\/b3\/#\/schema\/person\/d2c877f441070e550c3e15babcef4891\",\"name\":\"Hugo MORACCHINI\",\"image\":{\"@type\":\"ImageObject\",\"inLanguage\":\"fr-FR\",\"@id\":\"https:\/\/3sport2025.ppawebdesign.com\/b3\/#\/schema\/person\/image\/\",\"url\":\"https:\/\/secure.gravatar.com\/avatar\/4257b882043b58202a2a4d411c2606cf1a93c510ebd4cdd49051a0e36ccb0eec?s=96&d=mm&r=g\",\"contentUrl\":\"https:\/\/secure.gravatar.com\/avatar\/4257b882043b58202a2a4d411c2606cf1a93c510ebd4cdd49051a0e36ccb0eec?s=96&d=mm&r=g\",\"caption\":\"Hugo MORACCHINI\"},\"url\":\"https:\/\/3sport2025.ppawebdesign.com\/b3\/author\/hmoracchini\/\"}]}<\/script>\n<!-- \/ Yoast SEO plugin. -->","yoast_head_json":{"title":"Accueil - SPORT&amp;CO un sport qui rassemble, un avenir qui respire","description":"Le Tournoi PPA Sport est un \u00e9v\u00e9nement sportif organis\u00e9 par l\u2019agence \u00e9tudiante SPORT&CO, compos\u00e9e d\u2019\u00e9tudiants de PPA Sport.","robots":{"index":"index","follow":"follow","max-snippet":"max-snippet:-1","max-image-preview":"max-image-preview:large","max-video-preview":"max-video-preview:-1"},"canonical":"https:\/\/3sport2025.ppawebdesign.com\/b3\/","og_locale":"fr_FR","og_type":"article","og_title":"Accueil - SPORT&amp;CO un sport qui rassemble, un avenir qui respire","og_description":"Le Tournoi PPA Sport est un \u00e9v\u00e9nement sportif organis\u00e9 par l\u2019agence \u00e9tudiante SPORT&CO, compos\u00e9e d\u2019\u00e9tudiants de PPA Sport.","og_url":"https:\/\/3sport2025.ppawebdesign.com\/b3\/","og_site_name":"SPORT&amp;CO","article_modified_time":"2025-12-04T22:42:32+00:00","twitter_card":"summary_large_image","twitter_misc":{"Dur\u00e9e de lecture estim\u00e9e":"1 minute"},"schema":{"@context":"https:\/\/schema.org","@graph":[{"@type":"Article","@id":"https:\/\/3sport2025.ppawebdesign.com\/b3\/#article","isPartOf":{"@id":"https:\/\/3sport2025.ppawebdesign.com\/b3\/"},"author":{"name":"Hugo MORACCHINI","@id":"https:\/\/3sport2025.ppawebdesign.com\/b3\/#\/schema\/person\/d2c877f441070e550c3e15babcef4891"},"headline":"Accueil","datePublished":"2025-12-02T11:42:16+00:00","dateModified":"2025-12-04T22:42:32+00:00","mainEntityOfPage":{"@id":"https:\/\/3sport2025.ppawebdesign.com\/b3\/"},"wordCount":1064,"publisher":{"@id":"https:\/\/3sport2025.ppawebdesign.com\/b3\/#organization"},"inLanguage":"fr-FR"},{"@type":["WebPage","ItemPage"],"@id":"https:\/\/3sport2025.ppawebdesign.com\/b3\/","url":"https:\/\/3sport2025.ppawebdesign.com\/b3\/","name":"Accueil - SPORT&amp;CO un sport qui rassemble, un avenir qui respire","isPartOf":{"@id":"https:\/\/3sport2025.ppawebdesign.com\/b3\/#website"},"datePublished":"2025-12-02T11:42:16+00:00","dateModified":"2025-12-04T22:42:32+00:00","description":"Le Tournoi PPA Sport est un \u00e9v\u00e9nement sportif organis\u00e9 par l\u2019agence \u00e9tudiante SPORT&CO, compos\u00e9e d\u2019\u00e9tudiants de PPA Sport.","breadcrumb":{"@id":"https:\/\/3sport2025.ppawebdesign.com\/b3\/#breadcrumb"},"inLanguage":"fr-FR","potentialAction":[{"@type":"ReadAction","target":["https:\/\/3sport2025.ppawebdesign.com\/b3\/"]}]},{"@type":"BreadcrumbList","@id":"https:\/\/3sport2025.ppawebdesign.com\/b3\/#breadcrumb","itemListElement":[{"@type":"ListItem","position":1,"name":"Accueil","item":"https:\/\/3sport2025.ppawebdesign.com\/b3\/"},{"@type":"ListItem","position":2,"name":"Accueil"}]},{"@type":"WebSite","@id":"https:\/\/3sport2025.ppawebdesign.com\/b3\/#website","url":"https:\/\/3sport2025.ppawebdesign.com\/b3\/","name":"SPORT&CO","description":"un sport qui rassemble, un avenir qui respire","publisher":{"@id":"https:\/\/3sport2025.ppawebdesign.com\/b3\/#organization"},"potentialAction":[{"@type":"SearchAction","target":{"@type":"EntryPoint","urlTemplate":"https:\/\/3sport2025.ppawebdesign.com\/b3\/?s={search_term_string}"},"query-input":{"@type":"PropertyValueSpecification","valueRequired":true,"valueName":"search_term_string"}}],"inLanguage":"fr-FR"},{"@type":"Organization","@id":"https:\/\/3sport2025.ppawebdesign.com\/b3\/#organization","name":"SPORT&CO","url":"https:\/\/3sport2025.ppawebdesign.com\/b3\/","logo":{"@type":"ImageObject","inLanguage":"fr-FR","@id":"https:\/\/3sport2025.ppawebdesign.com\/b3\/#\/schema\/logo\/image\/","url":"https:\/\/3sport2025.ppawebdesign.com\/b3\/wp-content\/uploads\/sites\/9\/2025\/12\/Design-sans-titre-6.png","contentUrl":"https:\/\/3sport2025.ppawebdesign.com\/b3\/wp-content\/uploads\/sites\/9\/2025\/12\/Design-sans-titre-6.png","width":512,"height":512,"caption":"SPORT&CO"},"image":{"@id":"https:\/\/3sport2025.ppawebdesign.com\/b3\/#\/schema\/logo\/image\/"}},{"@type":"Person","@id":"https:\/\/3sport2025.ppawebdesign.com\/b3\/#\/schema\/person\/d2c877f441070e550c3e15babcef4891","name":"Hugo MORACCHINI","image":{"@type":"ImageObject","inLanguage":"fr-FR","@id":"https:\/\/3sport2025.ppawebdesign.com\/b3\/#\/schema\/person\/image\/","url":"https:\/\/secure.gravatar.com\/avatar\/4257b882043b58202a2a4d411c2606cf1a93c510ebd4cdd49051a0e36ccb0eec?s=96&d=mm&r=g","contentUrl":"https:\/\/secure.gravatar.com\/avatar\/4257b882043b58202a2a4d411c2606cf1a93c510ebd4cdd49051a0e36ccb0eec?s=96&d=mm&r=g","caption":"Hugo MORACCHINI"},"url":"https:\/\/3sport2025.ppawebdesign.com\/b3\/author\/hmoracchini\/"}]}},"_links":{"self":[{"href":"https:\/\/3sport2025.ppawebdesign.com\/b3\/wp-json\/wp\/v2\/pages\/95","targetHints":{"allow":["GET"]}}],"collection":[{"href":"https:\/\/3sport2025.ppawebdesign.com\/b3\/wp-json\/wp\/v2\/pages"}],"about":[{"href":"https:\/\/3sport2025.ppawebdesign.com\/b3\/wp-json\/wp\/v2\/types\/page"}],"author":[{"embeddable":true,"href":"https:\/\/3sport2025.ppawebdesign.com\/b3\/wp-json\/wp\/v2\/users\/49"}],"replies":[{"embeddable":true,"href":"https:\/\/3sport2025.ppawebdesign.com\/b3\/wp-json\/wp\/v2\/comments?post=95"}],"version-history":[{"count":121,"href":"https:\/\/3sport2025.ppawebdesign.com\/b3\/wp-json\/wp\/v2\/pages\/95\/revisions"}],"predecessor-version":[{"id":837,"href":"https:\/\/3sport2025.ppawebdesign.com\/b3\/wp-json\/wp\/v2\/pages\/95\/revisions\/837"}],"wp:attachment":[{"href":"https:\/\/3sport2025.ppawebdesign.com\/b3\/wp-json\/wp\/v2\/media?parent=95"}],"curies":[{"name":"wp","href":"https:\/\/api.w.org\/{rel}","templated":true}]}}