{"id":142,"date":"2025-12-03T14:37:52","date_gmt":"2025-12-03T13:37:52","guid":{"rendered":"https:\/\/3sport2025.ppawebdesign.com\/b4\/?page_id=142"},"modified":"2025-12-04T23:43:25","modified_gmt":"2025-12-04T22:43:25","slug":"faq-communaute-questions-reponse","status":"publish","type":"page","link":"https:\/\/3sport2025.ppawebdesign.com\/b4\/faq-communaute-questions-reponse\/","title":{"rendered":"FAQ"},"content":{"rendered":"<p>[et_pb_section fb_built=\u00a0\u00bb1&Prime; fullwidth=\u00a0\u00bbon\u00a0\u00bb _builder_version=\u00a0\u00bb4.27.4&Prime; _module_preset=\u00a0\u00bbdefault\u00a0\u00bb bottom_divider_style=\u00a0\u00bbwave2&Prime; bottom_divider_color=\u00a0\u00bb#FFFFFF\u00a0\u00bb bottom_divider_height=\u00a0\u00bb80px\u00a0\u00bb animation_style=\u00a0\u00bbfade\u00a0\u00bb global_colors_info=\u00a0\u00bb{}\u00a0\u00bb][et_pb_fullwidth_header text_orientation=\u00a0\u00bbcenter\u00a0\u00bb _builder_version=\u00a0\u00bb4.27.4&Prime; _module_preset=\u00a0\u00bbdefault\u00a0\u00bb title_font=\u00a0\u00bb&#8211;et_global_heading_font|900|||||||\u00a0\u00bb title_text_align=\u00a0\u00bbcenter\u00a0\u00bb title_font_size=\u00a0\u00bb40px\u00a0\u00bb background_image=\u00a0\u00bbhttps:\/\/3sport2025.ppawebdesign.com\/b4\/wp-content\/uploads\/sites\/10\/2025\/12\/fond-site.jpg\u00a0\u00bb animation_style=\u00a0\u00bbfade\u00a0\u00bb text_shadow_style=\u00a0\u00bbpreset3&Prime; text_shadow_blur_strength=\u00a0\u00bb0.79em\u00a0\u00bb text_shadow_color=\u00a0\u00bbgcid-primary-color\u00a0\u00bb global_colors_info=\u00a0\u00bb{%22gcid-primary-color%22:%91%22text_shadow_color%22%93}\u00a0\u00bb]<\/p>\n<h1 style=\"text-align: center\"><span>La Communaut\u00e9 qui Bouge<\/span><\/h1>\n<p>[\/et_pb_fullwidth_header][\/et_pb_section][et_pb_section fb_built=\u00a0\u00bb1&Prime; _builder_version=\u00a0\u00bb4.27.4&Prime; _module_preset=\u00a0\u00bbdefault\u00a0\u00bb custom_padding=\u00a0\u00bb||0px|||\u00a0\u00bb animation_style=\u00a0\u00bbfade\u00a0\u00bb global_colors_info=\u00a0\u00bb{}\u00a0\u00bb][et_pb_row _builder_version=\u00a0\u00bb4.27.4&Prime; _module_preset=\u00a0\u00bbdefault\u00a0\u00bb global_colors_info=\u00a0\u00bb{}\u00a0\u00bb][et_pb_column type=\u00a0\u00bb4_4&Prime; _builder_version=\u00a0\u00bb4.27.4&Prime; _module_preset=\u00a0\u00bbdefault\u00a0\u00bb global_colors_info=\u00a0\u00bb{}\u00a0\u00bb][et_pb_text _builder_version=\u00a0\u00bb4.27.4&Prime; _module_preset=\u00a0\u00bbdefault\u00a0\u00bb text_font=\u00a0\u00bb&#8211;et_global_heading_font|500|||||||\u00a0\u00bb text_text_color=\u00a0\u00bbgcid-body-color\u00a0\u00bb text_text_shadow_style=\u00a0\u00bbpreset3&Prime; global_colors_info=\u00a0\u00bb{%22gcid-body-color%22:%91%22text_text_color%22%93}\u00a0\u00bb]<\/p>\n<p style=\"text-align: center\"><span>Un endroit rien que pour vous : r\u00e9ponses, infos, bonus et tout ce qui fait vibrer l\u2019univers Fit &amp; Flow.<\/span><\/p>\n<p>[\/et_pb_text][\/et_pb_column][\/et_pb_row][\/et_pb_section][et_pb_section fb_built=\u00a0\u00bb1&Prime; _builder_version=\u00a0\u00bb4.27.4&Prime; _module_preset=\u00a0\u00bbdefault\u00a0\u00bb background_enable_pattern_style=\u00a0\u00bbon\u00a0\u00bb background_pattern_style=\u00a0\u00bbdiagonal-stripes-2&Prime; background_pattern_color=\u00a0\u00bbgcid-f4e9b345-e427-4711-b482-20ce309884da\u00a0\u00bb min_height=\u00a0\u00bb117px\u00a0\u00bb custom_margin=\u00a0\u00bb||-38px|||\u00a0\u00bb custom_padding=\u00a0\u00bb0px||0px|||\u00a0\u00bb top_divider_style=\u00a0\u00bbwave2&Prime; top_divider_color=\u00a0\u00bb#FFFFFF\u00a0\u00bb bottom_divider_style=\u00a0\u00bbwave2&Prime; bottom_divider_color=\u00a0\u00bb#FFFFFF\u00a0\u00bb animation_style=\u00a0\u00bbfade\u00a0\u00bb global_colors_info=\u00a0\u00bb{%22gcid-f4e9b345-e427-4711-b482-20ce309884da%22:%91%22background_pattern_color%22%93}\u00a0\u00bb][et_pb_row _builder_version=\u00a0\u00bb4.27.4&Prime; _module_preset=\u00a0\u00bbdefault\u00a0\u00bb custom_margin=\u00a0\u00bb|auto|-34px|auto||\u00a0\u00bb custom_padding=\u00a0\u00bb||2px|||\u00a0\u00bb global_colors_info=\u00a0\u00bb{}\u00a0\u00bb][et_pb_column type=\u00a0\u00bb4_4&Prime; _builder_version=\u00a0\u00bb4.27.4&Prime; _module_preset=\u00a0\u00bbdefault\u00a0\u00bb global_colors_info=\u00a0\u00bb{}\u00a0\u00bb][et_pb_text _builder_version=\u00a0\u00bb4.27.4&Prime; _module_preset=\u00a0\u00bbdefault\u00a0\u00bb custom_margin=\u00a0\u00bb||15px||false|false\u00a0\u00bb custom_padding=\u00a0\u00bb||0px|||\u00a0\u00bb hover_enabled=\u00a0\u00bb0&Prime; text_text_shadow_style=\u00a0\u00bbpreset3&Prime; global_colors_info=\u00a0\u00bb{}\u00a0\u00bb sticky_enabled=\u00a0\u00bb0&Prime;]<\/p>\n<h2 style=\"text-align: center\"><span>Vos questions les plus fr\u00e9quentes<\/span><\/h2>\n<p>[\/et_pb_text][\/et_pb_column][\/et_pb_row][et_pb_row column_structure=\u00a0\u00bb1_2,1_2&Prime; _builder_version=\u00a0\u00bb4.27.4&Prime; _module_preset=\u00a0\u00bbdefault\u00a0\u00bb global_colors_info=\u00a0\u00bb{}\u00a0\u00bb][et_pb_column type=\u00a0\u00bb1_2&Prime; _builder_version=\u00a0\u00bb4.27.4&Prime; _module_preset=\u00a0\u00bbdefault\u00a0\u00bb global_colors_info=\u00a0\u00bb{}\u00a0\u00bb][et_pb_accordion _builder_version=\u00a0\u00bb4.27.4&Prime; _module_preset=\u00a0\u00bbdefault\u00a0\u00bb global_colors_info=\u00a0\u00bb{}\u00a0\u00bb][et_pb_accordion_item title=\u00a0\u00bbProposez-vous un accompagnement avant l\u2019\u00e9v\u00e9nement ?\u00a0\u00bb open=\u00a0\u00bbon\u00a0\u00bb open_toggle_text_color=\u00a0\u00bbgcid-5761a9d6-9ea3-4450-9a95-f99dc3cfeafb\u00a0\u00bb open_toggle_background_color=\u00a0\u00bbgcid-primary-color\u00a0\u00bb closed_toggle_background_color=\u00a0\u00bbgcid-e1e360fd-9294-4648-95a0-71736fa8939c\u00a0\u00bb icon_color=\u00a0\u00bbgcid-5761a9d6-9ea3-4450-9a95-f99dc3cfeafb\u00a0\u00bb toggle_icon=\u00a0\u00bb&#xf103;||fa||900&Prime; _builder_version=\u00a0\u00bb4.27.4&Prime; _module_preset=\u00a0\u00bbdefault\u00a0\u00bb body_text_color=\u00a0\u00bbgcid-5761a9d6-9ea3-4450-9a95-f99dc3cfeafb\u00a0\u00bb text_orientation=\u00a0\u00bbcenter\u00a0\u00bb module_alignment=\u00a0\u00bbcenter\u00a0\u00bb border_radii=\u00a0\u00bbon|10px|10px|10px|10px\u00a0\u00bb border_width_all=\u00a0\u00bb0px\u00a0\u00bb box_shadow_style=\u00a0\u00bbpreset1&Prime; box_shadow_color=\u00a0\u00bbgcid-primary-color\u00a0\u00bb global_colors_info=\u00a0\u00bb{%22gcid-primary-color%22:%91%22open_toggle_background_color%22,%22box_shadow_color%22%93,%22gcid-e1e360fd-9294-4648-95a0-71736fa8939c%22:%91%22closed_toggle_background_color%22%93,%22gcid-5761a9d6-9ea3-4450-9a95-f99dc3cfeafb%22:%91%22text_shadow_color%22,%22open_toggle_text_color%22,%22body_text_color%22,%22icon_color%22%93}\u00a0\u00bb]<\/p>\n<p><span>Oui. Un charg\u00e9 de projet vous accompagne du d\u00e9but \u00e0 la fin, et reste pr\u00e9sent le jour J pour assurer la fluidit\u00e9 de l\u2019\u00e9v\u00e9nement.<\/span><\/p>\n<p>[\/et_pb_accordion_item][\/et_pb_accordion][et_pb_accordion _builder_version=\u00a0\u00bb4.27.4&Prime; _module_preset=\u00a0\u00bbdefault\u00a0\u00bb global_colors_info=\u00a0\u00bb{}\u00a0\u00bb][et_pb_accordion_item title=\u00a0\u00bbProposez-vous des animations pour les entreprises ?\u00a0\u00bb open=\u00a0\u00bbon\u00a0\u00bb open_toggle_text_color=\u00a0\u00bbgcid-5761a9d6-9ea3-4450-9a95-f99dc3cfeafb\u00a0\u00bb open_toggle_background_color=\u00a0\u00bbgcid-primary-color\u00a0\u00bb closed_toggle_background_color=\u00a0\u00bbgcid-e1e360fd-9294-4648-95a0-71736fa8939c\u00a0\u00bb icon_color=\u00a0\u00bbgcid-5761a9d6-9ea3-4450-9a95-f99dc3cfeafb\u00a0\u00bb toggle_icon=\u00a0\u00bb&#xf103;||fa||900&Prime; _builder_version=\u00a0\u00bb4.27.4&Prime; _module_preset=\u00a0\u00bbdefault\u00a0\u00bb body_text_color=\u00a0\u00bbgcid-5761a9d6-9ea3-4450-9a95-f99dc3cfeafb\u00a0\u00bb text_orientation=\u00a0\u00bbcenter\u00a0\u00bb module_alignment=\u00a0\u00bbcenter\u00a0\u00bb border_radii=\u00a0\u00bbon|10px|10px|10px|10px\u00a0\u00bb border_width_all=\u00a0\u00bb0px\u00a0\u00bb box_shadow_style=\u00a0\u00bbpreset1&Prime; box_shadow_color=\u00a0\u00bbgcid-primary-color\u00a0\u00bb global_colors_info=\u00a0\u00bb{%22gcid-primary-color%22:%91%22open_toggle_background_color%22,%22box_shadow_color%22%93,%22gcid-e1e360fd-9294-4648-95a0-71736fa8939c%22:%91%22closed_toggle_background_color%22%93,%22gcid-5761a9d6-9ea3-4450-9a95-f99dc3cfeafb%22:%91%22text_shadow_color%22,%22open_toggle_text_color%22,%22body_text_color%22,%22icon_color%22%93}\u00a0\u00bb]<\/p>\n<p data-start=\"1091\" data-end=\"1125\">Absolument !<br data-start=\"1103\" data-end=\"1106\" \/>Nous organisons : <span style=\"font-size: 18px\">des team building, <\/span><span style=\"font-size: 18px\">des ateliers collectifs, <\/span><span style=\"font-size: 18px\">des interludes chor\u00e9graphiques ou encore <\/span><span style=\"font-size: 18px\">des sessions bien-\u00eatre.<\/span><\/p>\n<p>[\/et_pb_accordion_item][\/et_pb_accordion][\/et_pb_column][et_pb_column type=\u00a0\u00bb1_2&Prime; _builder_version=\u00a0\u00bb4.27.4&Prime; _module_preset=\u00a0\u00bbdefault\u00a0\u00bb global_colors_info=\u00a0\u00bb{}\u00a0\u00bb][et_pb_accordion _builder_version=\u00a0\u00bb4.27.4&Prime; _module_preset=\u00a0\u00bbdefault\u00a0\u00bb global_colors_info=\u00a0\u00bb{}\u00a0\u00bb][et_pb_accordion_item title=\u00a0\u00bbDemandez-vous un acompte ?\u00a0\u00bb open=\u00a0\u00bbon\u00a0\u00bb open_toggle_text_color=\u00a0\u00bbgcid-5761a9d6-9ea3-4450-9a95-f99dc3cfeafb\u00a0\u00bb open_toggle_background_color=\u00a0\u00bbgcid-primary-color\u00a0\u00bb closed_toggle_background_color=\u00a0\u00bbgcid-e1e360fd-9294-4648-95a0-71736fa8939c\u00a0\u00bb icon_color=\u00a0\u00bbgcid-5761a9d6-9ea3-4450-9a95-f99dc3cfeafb\u00a0\u00bb toggle_icon=\u00a0\u00bb&#xf103;||fa||900&Prime; _builder_version=\u00a0\u00bb4.27.4&Prime; _module_preset=\u00a0\u00bbdefault\u00a0\u00bb body_text_color=\u00a0\u00bbgcid-5761a9d6-9ea3-4450-9a95-f99dc3cfeafb\u00a0\u00bb text_orientation=\u00a0\u00bbcenter\u00a0\u00bb module_alignment=\u00a0\u00bbcenter\u00a0\u00bb border_radii=\u00a0\u00bbon|10px|10px|10px|10px\u00a0\u00bb border_width_all=\u00a0\u00bb0px\u00a0\u00bb box_shadow_style=\u00a0\u00bbpreset1&Prime; box_shadow_color=\u00a0\u00bbgcid-primary-color\u00a0\u00bb global_colors_info=\u00a0\u00bb{%22gcid-primary-color%22:%91%22open_toggle_background_color%22,%22box_shadow_color%22%93,%22gcid-e1e360fd-9294-4648-95a0-71736fa8939c%22:%91%22closed_toggle_background_color%22%93,%22gcid-5761a9d6-9ea3-4450-9a95-f99dc3cfeafb%22:%91%22text_shadow_color%22,%22open_toggle_text_color%22,%22body_text_color%22,%22icon_color%22%93}\u00a0\u00bb]<\/p>\n<p data-start=\"937\" data-end=\"1027\">Oui, un acompte de 30 % est n\u00e9cessaire lors de la signature pour confirmer la r\u00e9servation.<\/p>\n<h3 data-start=\"1029\" data-end=\"1090\"><\/h3>\n<p>[\/et_pb_accordion_item][\/et_pb_accordion][et_pb_accordion _builder_version=\u00a0\u00bb4.27.4&Prime; _module_preset=\u00a0\u00bbdefault\u00a0\u00bb custom_margin=\u00a0\u00bb0px||0px||false|false\u00a0\u00bb custom_padding=\u00a0\u00bb25px||||false|false\u00a0\u00bb global_colors_info=\u00a0\u00bb{}\u00a0\u00bb][et_pb_accordion_item title=\u00a0\u00bbY a-t-il un \u00e2ge minimum pour participer ?\u00a0\u00bb open=\u00a0\u00bbon\u00a0\u00bb open_toggle_text_color=\u00a0\u00bbgcid-5761a9d6-9ea3-4450-9a95-f99dc3cfeafb\u00a0\u00bb open_toggle_background_color=\u00a0\u00bbgcid-primary-color\u00a0\u00bb closed_toggle_background_color=\u00a0\u00bbgcid-e1e360fd-9294-4648-95a0-71736fa8939c\u00a0\u00bb icon_color=\u00a0\u00bbgcid-5761a9d6-9ea3-4450-9a95-f99dc3cfeafb\u00a0\u00bb toggle_icon=\u00a0\u00bb&#xf103;||fa||900&Prime; _builder_version=\u00a0\u00bb4.27.4&Prime; _module_preset=\u00a0\u00bbdefault\u00a0\u00bb body_text_color=\u00a0\u00bbgcid-5761a9d6-9ea3-4450-9a95-f99dc3cfeafb\u00a0\u00bb text_orientation=\u00a0\u00bbcenter\u00a0\u00bb module_alignment=\u00a0\u00bbcenter\u00a0\u00bb border_radii=\u00a0\u00bbon|10px|10px|10px|10px\u00a0\u00bb border_width_all=\u00a0\u00bb0px\u00a0\u00bb box_shadow_style=\u00a0\u00bbpreset1&Prime; box_shadow_color=\u00a0\u00bbgcid-primary-color\u00a0\u00bb global_colors_info=\u00a0\u00bb{%22gcid-primary-color%22:%91%22open_toggle_background_color%22,%22box_shadow_color%22%93,%22gcid-e1e360fd-9294-4648-95a0-71736fa8939c%22:%91%22closed_toggle_background_color%22%93,%22gcid-5761a9d6-9ea3-4450-9a95-f99dc3cfeafb%22:%91%22text_shadow_color%22,%22open_toggle_text_color%22,%22body_text_color%22,%22icon_color%22%93}\u00a0\u00bb]<\/p>\n<p data-start=\"1294\" data-end=\"1334\">\n<p data-start=\"1294\" data-end=\"1334\">Pour les ateliers danse : <strong data-start=\"1311\" data-end=\"1332\">\u00e0 partir de 6 ans<\/strong><\/p>\n<p data-start=\"1337\" data-end=\"1397\">Pour les ateliers fitness : <strong data-start=\"1356\" data-end=\"1378\">\u00e0 partir de 12 ans<\/strong>, selon l\u2019intensit\u00e9<\/p>\n<p>[\/et_pb_accordion_item][\/et_pb_accordion][\/et_pb_column][\/et_pb_row][\/et_pb_section][et_pb_section fb_built=\u00a0\u00bb1&Prime; _builder_version=\u00a0\u00bb4.27.4&Prime; _module_preset=\u00a0\u00bbdefault\u00a0\u00bb bottom_divider_style=\u00a0\u00bbwave2&Prime; bottom_divider_color=\u00a0\u00bbgcid-primary-color\u00a0\u00bb animation_style=\u00a0\u00bbfade\u00a0\u00bb global_colors_info=\u00a0\u00bb{%22gcid-primary-color%22:%91%22bottom_divider_color%22%93}\u00a0\u00bb][et_pb_row _builder_version=\u00a0\u00bb4.27.4&Prime; _module_preset=\u00a0\u00bbdefault\u00a0\u00bb global_colors_info=\u00a0\u00bb{}\u00a0\u00bb][et_pb_column type=\u00a0\u00bb4_4&Prime; _builder_version=\u00a0\u00bb4.27.4&Prime; _module_preset=\u00a0\u00bbdefault\u00a0\u00bb global_colors_info=\u00a0\u00bb{}\u00a0\u00bb][et_pb_text _builder_version=\u00a0\u00bb4.27.4&Prime; _module_preset=\u00a0\u00bbdefault\u00a0\u00bb text_font=\u00a0\u00bb&#8211;et_global_heading_font|500|||||||\u00a0\u00bb text_text_color=\u00a0\u00bbgcid-body-color\u00a0\u00bb text_text_shadow_style=\u00a0\u00bbpreset3&Prime; global_colors_info=\u00a0\u00bb{%22gcid-body-color%22:%91%22text_text_color%22%93}\u00a0\u00bb]<\/p>\n<p style=\"text-align: center\"><strong data-start=\"1410\" data-end=\"1448\">Votre question ne figure pas ici ?<\/strong><\/p>\n<p>[\/et_pb_text][\/et_pb_column][\/et_pb_row][et_pb_row _builder_version=\u00a0\u00bb4.27.4&Prime; _module_preset=\u00a0\u00bbdefault\u00a0\u00bb global_colors_info=\u00a0\u00bb{}\u00a0\u00bb][et_pb_column type=\u00a0\u00bb4_4&Prime; _builder_version=\u00a0\u00bb4.27.4&Prime; _module_preset=\u00a0\u00bbdefault\u00a0\u00bb global_colors_info=\u00a0\u00bb{}\u00a0\u00bb][et_pb_button button_url=\u00a0\u00bbhttps:\/\/3sport2025.ppawebdesign.com\/b4\/nous-contacter-message-question-aider\/\u00a0\u00bb button_text=\u00a0\u00bbContactez-nous pour que notre \u00e9quipe vous \u00e9claire !\u00a0\u00bb button_alignment=\u00a0\u00bbcenter\u00a0\u00bb _builder_version=\u00a0\u00bb4.27.4&Prime; _module_preset=\u00a0\u00bbdefault\u00a0\u00bb custom_button=\u00a0\u00bbon\u00a0\u00bb button_text_size=\u00a0\u00bb15px\u00a0\u00bb button_border_width=\u00a0\u00bb0px\u00a0\u00bb button_border_radius=\u00a0\u00bb33px\u00a0\u00bb button_use_icon=\u00a0\u00bboff\u00a0\u00bb custom_margin=\u00a0\u00bb-35px||||false|false\u00a0\u00bb box_shadow_style=\u00a0\u00bbpreset1&Prime; box_shadow_color=\u00a0\u00bbgcid-primary-color\u00a0\u00bb global_colors_info=\u00a0\u00bb{%22gcid-primary-color%22:%91%22box_shadow_color%22%93}\u00a0\u00bb][\/et_pb_button][\/et_pb_column][\/et_pb_row][\/et_pb_section]<\/p>\n","protected":false},"excerpt":{"rendered":"<p>La Communaut\u00e9 qui BougeUn endroit rien que pour vous : r\u00e9ponses, infos, bonus et tout ce qui fait vibrer l\u2019univers Fit &amp; Flow.Vos questions les plus fr\u00e9quentesOui. Un charg\u00e9 de projet vous accompagne du d\u00e9but \u00e0 la fin, et reste pr\u00e9sent le jour J pour assurer la fluidit\u00e9 de l\u2019\u00e9v\u00e9nement.Absolument !Nous organisons : des team [&hellip;]<\/p>\n","protected":false},"author":53,"featured_media":0,"parent":0,"menu_order":4,"comment_status":"closed","ping_status":"closed","template":"","meta":{"_et_pb_use_builder":"on","_et_pb_old_content":"","_et_gb_content_width":"","footnotes":""},"class_list":["post-142","page","type-page","status-publish","hentry"],"yoast_head":"<!-- This site is optimized with the Yoast SEO plugin v26.5 - https:\/\/yoast.com\/wordpress\/plugins\/seo\/ -->\n<title>FAQ et Communaut\u00e9 - Fit &amp; Flow<\/title>\n<meta name=\"description\" content=\"Fit&amp;Flow vous invite sur sa page FAQ \u00e0 poser vos questions ou consulter des r\u00e9ponses d\u00e9ja existante. C&#039;est aussi un acc\u00e8s \u00e0 notre communaut\u00e9.\" \/>\n<meta name=\"robots\" content=\"index, follow, max-snippet:-1, max-image-preview:large, max-video-preview:-1\" \/>\n<link rel=\"canonical\" href=\"https:\/\/3sport2025.ppawebdesign.com\/b4\/faq-communaute-questions-reponse\/\" \/>\n<meta property=\"og:locale\" content=\"fr_FR\" \/>\n<meta property=\"og:type\" content=\"article\" \/>\n<meta property=\"og:title\" content=\"FAQ et Communaut\u00e9 - Fit &amp; Flow\" \/>\n<meta property=\"og:description\" content=\"Fit&amp;Flow vous invite sur sa page FAQ \u00e0 poser vos questions ou consulter des r\u00e9ponses d\u00e9ja existante. C&#039;est aussi un acc\u00e8s \u00e0 notre communaut\u00e9.\" \/>\n<meta property=\"og:url\" content=\"https:\/\/3sport2025.ppawebdesign.com\/b4\/faq-communaute-questions-reponse\/\" \/>\n<meta property=\"og:site_name\" content=\"Fit &amp; Flow\" \/>\n<meta property=\"article:modified_time\" content=\"2025-12-04T22:43:25+00:00\" \/>\n<meta name=\"twitter:card\" content=\"summary_large_image\" \/>\n<meta name=\"twitter:label1\" content=\"Dur\u00e9e de lecture estim\u00e9e\" \/>\n\t<meta name=\"twitter:data1\" content=\"1 minute\" \/>\n<script type=\"application\/ld+json\" class=\"yoast-schema-graph\">{\"@context\":\"https:\/\/schema.org\",\"@graph\":[{\"@type\":\"WebPage\",\"@id\":\"https:\/\/3sport2025.ppawebdesign.com\/b4\/faq-communaute-questions-reponse\/\",\"url\":\"https:\/\/3sport2025.ppawebdesign.com\/b4\/faq-communaute-questions-reponse\/\",\"name\":\"FAQ et Communaut\u00e9 - Fit &amp; Flow\",\"isPartOf\":{\"@id\":\"https:\/\/3sport2025.ppawebdesign.com\/b4\/#website\"},\"datePublished\":\"2025-12-03T13:37:52+00:00\",\"dateModified\":\"2025-12-04T22:43:25+00:00\",\"description\":\"Fit&Flow vous invite sur sa page FAQ \u00e0 poser vos questions ou consulter des r\u00e9ponses d\u00e9ja existante. C'est aussi un acc\u00e8s \u00e0 notre communaut\u00e9.\",\"breadcrumb\":{\"@id\":\"https:\/\/3sport2025.ppawebdesign.com\/b4\/faq-communaute-questions-reponse\/#breadcrumb\"},\"inLanguage\":\"fr-FR\",\"potentialAction\":[{\"@type\":\"ReadAction\",\"target\":[\"https:\/\/3sport2025.ppawebdesign.com\/b4\/faq-communaute-questions-reponse\/\"]}]},{\"@type\":\"BreadcrumbList\",\"@id\":\"https:\/\/3sport2025.ppawebdesign.com\/b4\/faq-communaute-questions-reponse\/#breadcrumb\",\"itemListElement\":[{\"@type\":\"ListItem\",\"position\":1,\"name\":\"Accueil\",\"item\":\"https:\/\/3sport2025.ppawebdesign.com\/b4\/\"},{\"@type\":\"ListItem\",\"position\":2,\"name\":\"FAQ\"}]},{\"@type\":\"WebSite\",\"@id\":\"https:\/\/3sport2025.ppawebdesign.com\/b4\/#website\",\"url\":\"https:\/\/3sport2025.ppawebdesign.com\/b4\/\",\"name\":\"Fit &amp; Flow\",\"description\":\"Quand l\u2019\u00e9nergie rencontre l\u2019\u00e9l\u00e9gance.\",\"potentialAction\":[{\"@type\":\"SearchAction\",\"target\":{\"@type\":\"EntryPoint\",\"urlTemplate\":\"https:\/\/3sport2025.ppawebdesign.com\/b4\/?s={search_term_string}\"},\"query-input\":{\"@type\":\"PropertyValueSpecification\",\"valueRequired\":true,\"valueName\":\"search_term_string\"}}],\"inLanguage\":\"fr-FR\"}]}<\/script>\n<!-- \/ Yoast SEO plugin. -->","yoast_head_json":{"title":"FAQ et Communaut\u00e9 - Fit &amp; Flow","description":"Fit&Flow vous invite sur sa page FAQ \u00e0 poser vos questions ou consulter des r\u00e9ponses d\u00e9ja existante. C'est aussi un acc\u00e8s \u00e0 notre communaut\u00e9.","robots":{"index":"index","follow":"follow","max-snippet":"max-snippet:-1","max-image-preview":"max-image-preview:large","max-video-preview":"max-video-preview:-1"},"canonical":"https:\/\/3sport2025.ppawebdesign.com\/b4\/faq-communaute-questions-reponse\/","og_locale":"fr_FR","og_type":"article","og_title":"FAQ et Communaut\u00e9 - Fit &amp; Flow","og_description":"Fit&Flow vous invite sur sa page FAQ \u00e0 poser vos questions ou consulter des r\u00e9ponses d\u00e9ja existante. C'est aussi un acc\u00e8s \u00e0 notre communaut\u00e9.","og_url":"https:\/\/3sport2025.ppawebdesign.com\/b4\/faq-communaute-questions-reponse\/","og_site_name":"Fit &amp; Flow","article_modified_time":"2025-12-04T22:43:25+00:00","twitter_card":"summary_large_image","twitter_misc":{"Dur\u00e9e de lecture estim\u00e9e":"1 minute"},"schema":{"@context":"https:\/\/schema.org","@graph":[{"@type":"WebPage","@id":"https:\/\/3sport2025.ppawebdesign.com\/b4\/faq-communaute-questions-reponse\/","url":"https:\/\/3sport2025.ppawebdesign.com\/b4\/faq-communaute-questions-reponse\/","name":"FAQ et Communaut\u00e9 - Fit &amp; Flow","isPartOf":{"@id":"https:\/\/3sport2025.ppawebdesign.com\/b4\/#website"},"datePublished":"2025-12-03T13:37:52+00:00","dateModified":"2025-12-04T22:43:25+00:00","description":"Fit&Flow vous invite sur sa page FAQ \u00e0 poser vos questions ou consulter des r\u00e9ponses d\u00e9ja existante. C'est aussi un acc\u00e8s \u00e0 notre communaut\u00e9.","breadcrumb":{"@id":"https:\/\/3sport2025.ppawebdesign.com\/b4\/faq-communaute-questions-reponse\/#breadcrumb"},"inLanguage":"fr-FR","potentialAction":[{"@type":"ReadAction","target":["https:\/\/3sport2025.ppawebdesign.com\/b4\/faq-communaute-questions-reponse\/"]}]},{"@type":"BreadcrumbList","@id":"https:\/\/3sport2025.ppawebdesign.com\/b4\/faq-communaute-questions-reponse\/#breadcrumb","itemListElement":[{"@type":"ListItem","position":1,"name":"Accueil","item":"https:\/\/3sport2025.ppawebdesign.com\/b4\/"},{"@type":"ListItem","position":2,"name":"FAQ"}]},{"@type":"WebSite","@id":"https:\/\/3sport2025.ppawebdesign.com\/b4\/#website","url":"https:\/\/3sport2025.ppawebdesign.com\/b4\/","name":"Fit &amp; Flow","description":"Quand l\u2019\u00e9nergie rencontre l\u2019\u00e9l\u00e9gance.","potentialAction":[{"@type":"SearchAction","target":{"@type":"EntryPoint","urlTemplate":"https:\/\/3sport2025.ppawebdesign.com\/b4\/?s={search_term_string}"},"query-input":{"@type":"PropertyValueSpecification","valueRequired":true,"valueName":"search_term_string"}}],"inLanguage":"fr-FR"}]}},"_links":{"self":[{"href":"https:\/\/3sport2025.ppawebdesign.com\/b4\/wp-json\/wp\/v2\/pages\/142","targetHints":{"allow":["GET"]}}],"collection":[{"href":"https:\/\/3sport2025.ppawebdesign.com\/b4\/wp-json\/wp\/v2\/pages"}],"about":[{"href":"https:\/\/3sport2025.ppawebdesign.com\/b4\/wp-json\/wp\/v2\/types\/page"}],"author":[{"embeddable":true,"href":"https:\/\/3sport2025.ppawebdesign.com\/b4\/wp-json\/wp\/v2\/users\/53"}],"replies":[{"embeddable":true,"href":"https:\/\/3sport2025.ppawebdesign.com\/b4\/wp-json\/wp\/v2\/comments?post=142"}],"version-history":[{"count":22,"href":"https:\/\/3sport2025.ppawebdesign.com\/b4\/wp-json\/wp\/v2\/pages\/142\/revisions"}],"predecessor-version":[{"id":467,"href":"https:\/\/3sport2025.ppawebdesign.com\/b4\/wp-json\/wp\/v2\/pages\/142\/revisions\/467"}],"wp:attachment":[{"href":"https:\/\/3sport2025.ppawebdesign.com\/b4\/wp-json\/wp\/v2\/media?parent=142"}],"curies":[{"name":"wp","href":"https:\/\/api.w.org\/{rel}","templated":true}]}}