{"id":40,"date":"2025-12-02T12:27:31","date_gmt":"2025-12-02T11:27:31","guid":{"rendered":"https:\/\/3sport2025.ppawebdesign.com\/c2\/?page_id=40"},"modified":"2025-12-05T10:55:15","modified_gmt":"2025-12-05T09:55:15","slug":"agence-evenementielle-sportive-pour-etudiants","status":"publish","type":"page","link":"https:\/\/3sport2025.ppawebdesign.com\/c2\/agence-evenementielle-sportive-pour-etudiants\/","title":{"rendered":"concept"},"content":{"rendered":"<p>[et_pb_section fb_built=\u00a0\u00bb1&Prime; _builder_version=\u00a0\u00bb4.27.4&Prime; _module_preset=\u00a0\u00bbdefault\u00a0\u00bb background_color=\u00a0\u00bb#0C71C3&Prime; global_colors_info=\u00a0\u00bb{}\u00a0\u00bb][et_pb_row _builder_version=\u00a0\u00bb4.27.4&Prime; _module_preset=\u00a0\u00bbdefault\u00a0\u00bb global_colors_info=\u00a0\u00bb{}\u00a0\u00bb][et_pb_column type=\u00a0\u00bb4_4&Prime; _builder_version=\u00a0\u00bb4.27.4&Prime; _module_preset=\u00a0\u00bbdefault\u00a0\u00bb global_colors_info=\u00a0\u00bb{}\u00a0\u00bb][et_pb_text _builder_version=\u00a0\u00bb4.27.4&Prime; _module_preset=\u00a0\u00bbdefault\u00a0\u00bb header_text_align=\u00a0\u00bbcenter\u00a0\u00bb header_text_color=\u00a0\u00bb#FFFFFF\u00a0\u00bb header_font_size=\u00a0\u00bb36px\u00a0\u00bb header_text_shadow_style=\u00a0\u00bbpreset4&Prime; global_colors_info=\u00a0\u00bb{}\u00a0\u00bb]<\/p>\n<h1>CONCEPT<\/h1>\n<p>[\/et_pb_text][\/et_pb_column][\/et_pb_row][\/et_pb_section][et_pb_section fb_built=\u00a0\u00bb1&Prime; _builder_version=\u00a0\u00bb4.27.4&Prime; _module_preset=\u00a0\u00bbdefault\u00a0\u00bb global_colors_info=\u00a0\u00bb{}\u00a0\u00bb][et_pb_row column_structure=\u00a0\u00bb1_2,1_2&Prime; _builder_version=\u00a0\u00bb4.27.4&Prime; _module_preset=\u00a0\u00bbdefault\u00a0\u00bb global_colors_info=\u00a0\u00bb{}\u00a0\u00bb][et_pb_column type=\u00a0\u00bb1_2&Prime; _builder_version=\u00a0\u00bb4.27.4&Prime; _module_preset=\u00a0\u00bbdefault\u00a0\u00bb global_colors_info=\u00a0\u00bb{}\u00a0\u00bb][et_pb_text _builder_version=\u00a0\u00bb4.27.4&Prime; _module_preset=\u00a0\u00bbdefault\u00a0\u00bb global_colors_info=\u00a0\u00bb{}\u00a0\u00bb]<\/p>\n<h2><span style=\"color: #0000ff\">QU&rsquo;EST-CE QUE C&rsquo;EST ?<\/span><\/h2>\n<p>[\/et_pb_text][et_pb_text _builder_version=\u00a0\u00bb4.27.4&Prime; _module_preset=\u00a0\u00bbdefault\u00a0\u00bb animation_style=\u00a0\u00bbzoom\u00a0\u00bb global_colors_info=\u00a0\u00bb{}\u00a0\u00bb]<\/p>\n<div class=\"page\" title=\"Page 1\">\n<div class=\"section\">\n<div class=\"layoutArea\">\n<div class=\"column\">\n<p>\u00a0<span style=\"font-size: 14px\">Nous sommes une<span style=\"color: #0000ff\"><strong> agence e\u0301ve\u0301nementielle sportive pour \u00e9tudiants<\/strong><\/span> qui a pour but de mettre en lumie\u0300re ceux qui <span style=\"color: #0000ff\"><strong>re\u0302vent de vivre une journe\u0301e immersive dans la vie d\u2019un professionnel<\/strong><\/span> ayant une certaine passion pour le sport.<\/span><\/p>\n<p><span>Quel jeune n\u2019a jamais re\u0302ve\u0301 d&rsquo;e\u0302tre professionnel et de connai\u0302tre<span style=\"color: #0000ff\"><strong> la fame<\/strong>, <strong>le succe\u0300s<\/strong>, <strong>les followers<\/strong>. <\/span><\/span><\/p>\n<p>Le temps d&rsquo;une journ\u00e9e, tu seras en <span style=\"color: #0000ff\"><strong>immersion totale<\/strong><\/span> dans la vie d&rsquo;un athl\u00e8te de haut niveau. Entrainements de qualit\u00e9 avec <span style=\"color: #0000ff\"><strong>des professionnels<\/strong>,<\/span> des kin\u00e9sith\u00e9rapeutes sp\u00e9cialis\u00e9s pour les sportifs, un chef cuisinier qui s&rsquo;occupe de pr\u00e9parer <span>des menus qui r\u00e9pondent aux besoins sp\u00e9cifiques des sportifs de haut niveau.<\/span><\/p>\n<\/div>\n<\/div>\n<\/div>\n<\/div>\n<p>[\/et_pb_text][\/et_pb_column][et_pb_column type=\u00a0\u00bb1_2&Prime; _builder_version=\u00a0\u00bb4.27.4&Prime; _module_preset=\u00a0\u00bbdefault\u00a0\u00bb global_colors_info=\u00a0\u00bb{}\u00a0\u00bb][et_pb_image src=\u00a0\u00bbhttps:\/\/3sport2025.ppawebdesign.com\/c2\/wp-content\/uploads\/sites\/13\/2025\/12\/Athletisme.jpg\u00a0\u00bb title_text=\u00a0\u00bbAthletisme\u00a0\u00bb _builder_version=\u00a0\u00bb4.27.4&Prime; _module_preset=\u00a0\u00bbdefault\u00a0\u00bb hover_enabled=\u00a0\u00bb0&Prime; global_colors_info=\u00a0\u00bb{}\u00a0\u00bb animation_style=\u00a0\u00bbslide\u00a0\u00bb sticky_enabled=\u00a0\u00bb0&Prime;][\/et_pb_image][\/et_pb_column][\/et_pb_row][\/et_pb_section][et_pb_section fb_built=\u00a0\u00bb1&Prime; _builder_version=\u00a0\u00bb4.27.4&Prime; _module_preset=\u00a0\u00bbdefault\u00a0\u00bb global_colors_info=\u00a0\u00bb{}\u00a0\u00bb][et_pb_row column_structure=\u00a0\u00bb1_2,1_2&Prime; _builder_version=\u00a0\u00bb4.27.4&Prime; _module_preset=\u00a0\u00bbdefault\u00a0\u00bb custom_margin=\u00a0\u00bb|auto|-115px|auto||\u00a0\u00bb custom_padding=\u00a0\u00bb||1px|||\u00a0\u00bb global_colors_info=\u00a0\u00bb{}\u00a0\u00bb][et_pb_column type=\u00a0\u00bb1_2&Prime; _builder_version=\u00a0\u00bb4.27.4&Prime; _module_preset=\u00a0\u00bbdefault\u00a0\u00bb global_colors_info=\u00a0\u00bb{}\u00a0\u00bb][et_pb_circle_counter title=\u00a0\u00bb\u00c9tudiants touch\u00e9s par nos \u00e9v\u00e8nements \u00a0\u00bb number=\u00a0\u00bb76&Prime; _builder_version=\u00a0\u00bb4.27.4&Prime; _module_preset=\u00a0\u00bbdefault\u00a0\u00bb background_color=\u00a0\u00bb#FFFFFF\u00a0\u00bb global_colors_info=\u00a0\u00bb{}\u00a0\u00bb][\/et_pb_circle_counter][\/et_pb_column][et_pb_column type=\u00a0\u00bb1_2&Prime; _builder_version=\u00a0\u00bb4.27.4&Prime; _module_preset=\u00a0\u00bbdefault\u00a0\u00bb global_colors_info=\u00a0\u00bb{}\u00a0\u00bb][et_pb_text _builder_version=\u00a0\u00bb4.27.4&Prime; _module_preset=\u00a0\u00bbdefault\u00a0\u00bb global_colors_info=\u00a0\u00bb{}\u00a0\u00bb]<\/p>\n<h2><span style=\"color: #0000ff\">POUR QUI ?<\/span><\/h2>\n<p>[\/et_pb_text][et_pb_text _builder_version=\u00a0\u00bb4.27.4&Prime; _module_preset=\u00a0\u00bbdefault\u00a0\u00bb animation_style=\u00a0\u00bbzoom\u00a0\u00bb global_colors_info=\u00a0\u00bb{}\u00a0\u00bb]<\/p>\n<p><strong><span style=\"color: #0000ff\">Tu es<\/span> <span style=\"color: #0000ff\">\u00e9tudiants ? Sportif ?<\/span><\/strong> Nos \u00e9v\u00e8nements sont fait pour toi !<\/p>\n<p><span style=\"color: #0000ff\"><strong>Vient participer \u00e0 nos comp\u00e9tions<\/strong> <\/span>et briller le temps d&rsquo;une journ\u00e9e.<\/p>\n<p>Nous sommes l\u00e0 pour t&rsquo;aider \u00e0 <span style=\"color: #0000ff\"><strong>d\u00e9couvrir ce qu&rsquo;un professionnel vit quotidiennement.<\/strong><\/span><\/p>\n<p>&nbsp;<\/p>\n<p>[\/et_pb_text][et_pb_button button_url=\u00a0\u00bb@ET-DC@eyJkeW5hbWljIjp0cnVlLCJjb250ZW50IjoicG9zdF9saW5rX3VybF9wYWdlIiwic2V0dGluZ3MiOnsicG9zdF9pZCI6Ijk4IiwiZW5hYmxlX2h0bWwiOiJvZmYifX0=@\u00a0\u00bb button_text=\u00a0\u00bbS&rsquo;INSCRIRE\u00a0\u00bb _builder_version=\u00a0\u00bb4.27.4&Prime; _dynamic_attributes=\u00a0\u00bbbutton_url\u00a0\u00bb _module_preset=\u00a0\u00bbdefault\u00a0\u00bb global_colors_info=\u00a0\u00bb{}\u00a0\u00bb][\/et_pb_button][\/et_pb_column][\/et_pb_row][et_pb_row _builder_version=\u00a0\u00bb4.27.4&Prime; _module_preset=\u00a0\u00bbdefault\u00a0\u00bb global_colors_info=\u00a0\u00bb{}\u00a0\u00bb][et_pb_column type=\u00a0\u00bb4_4&Prime; _builder_version=\u00a0\u00bb4.27.4&Prime; _module_preset=\u00a0\u00bbdefault\u00a0\u00bb global_colors_info=\u00a0\u00bb{}\u00a0\u00bb][et_pb_divider show_divider=\u00a0\u00bboff\u00a0\u00bb _builder_version=\u00a0\u00bb4.27.4&Prime; _module_preset=\u00a0\u00bbdefault\u00a0\u00bb global_colors_info=\u00a0\u00bb{}\u00a0\u00bb][\/et_pb_divider][\/et_pb_column][\/et_pb_row][et_pb_row _builder_version=\u00a0\u00bb4.27.4&Prime; _module_preset=\u00a0\u00bbdefault\u00a0\u00bb global_colors_info=\u00a0\u00bb{}\u00a0\u00bb][et_pb_column type=\u00a0\u00bb4_4&Prime; _builder_version=\u00a0\u00bb4.27.4&Prime; _module_preset=\u00a0\u00bbdefault\u00a0\u00bb global_colors_info=\u00a0\u00bb{}\u00a0\u00bb][et_pb_slider _builder_version=\u00a0\u00bb4.27.4&Prime; _module_preset=\u00a0\u00bbdefault\u00a0\u00bb background_color=\u00a0\u00bb#1898dd\u00a0\u00bb global_colors_info=\u00a0\u00bb{}\u00a0\u00bb][et_pb_slide heading=\u00a0\u00bb%22Organisation nickel, ambiance ouf. On a pass\u00e9 une super journ\u00e9e avec tous les autres \u00e9tudiants !%22&Prime; _builder_version=\u00a0\u00bb4.27.4&Prime; _module_preset=\u00a0\u00bbdefault\u00a0\u00bb global_colors_info=\u00a0\u00bb{}\u00a0\u00bb sticky_transition=\u00a0\u00bbon\u00a0\u00bb]<\/p>\n<p>Sofian ZERBI, 22 ans\u00a0<\/p>\n<p>[\/et_pb_slide][et_pb_slide heading=\u00a0\u00bb%22On a particip\u00e9 au tournoi organis\u00e9 pour les \u00e9tudiants et c\u2019\u00e9tait une dinguerie ! On avait des arbitres, un vrai \u00e9chauffement encadr\u00e9, du mat\u00e9riel pro\u2026 On avait vraiment l\u2019impression d\u2019\u00eatre dans une comp\u00e9tition officielle. L\u2019\u00e9quipe \u00e9tait super sympa en plus.%22&Prime; _builder_version=\u00a0\u00bb4.27.4&Prime; _module_preset=\u00a0\u00bbdefault\u00a0\u00bb global_colors_info=\u00a0\u00bb{}\u00a0\u00bb sticky_transition=\u00a0\u00bbon\u00a0\u00bb]<\/p>\n<p>Axel CHOUBA, 24 ans<\/p>\n<p>[\/et_pb_slide][et_pb_slide heading=\u00a0\u00bb%22\u00c9norme exp\u00e9rience ! On est tous passionn\u00e9s de sport dans notre groupe et on voulait vivre une vraie comp\u00e8te, pas juste un tournoi amateur. L\u00e0, tout \u00e9tait carr\u00e9 : briefing, planning, ambiance pro. On a kiff\u00e9 du d\u00e9but \u00e0 la fin.%22&Prime; _builder_version=\u00a0\u00bb4.27.4&Prime; _module_preset=\u00a0\u00bbdefault\u00a0\u00bb global_colors_info=\u00a0\u00bb{}\u00a0\u00bb sticky_transition=\u00a0\u00bbon\u00a0\u00bb]<\/p>\n<p>Alicia CORNUE, 23 ans<\/p>\n<p>[\/et_pb_slide][et_pb_slide heading=\u00a0\u00bb%22Super exp\u00e9rience ! Le staff nous motive tout au long du tournoi, comme dans une vraie \u00e9quipe. \u00c7a change des tournois \u00e9tudiants classiques, l\u00e0 on vit une vraie immersion sportive.%22&Prime; _builder_version=\u00a0\u00bb4.27.4&Prime; _module_preset=\u00a0\u00bbdefault\u00a0\u00bb global_colors_info=\u00a0\u00bb{}\u00a0\u00bb sticky_transition=\u00a0\u00bbon\u00a0\u00bb]<\/p>\n<p>K\u00e9vin MUGANGA, 20 ans\u00a0<\/p>\n<p>[\/et_pb_slide][et_pb_slide heading=\u00a0\u00bb%22Je suis \u00e9tudiant en STAPS et je voulais tester un \u00e9v\u00e9nement qui ressemble \u00e0 ce que vivent les sportifs pros. R\u00e9sultat : mission accomplie. Mat\u00e9riel pro, timings respect\u00e9s, ambiance de comp\u00e8te\u2026 m\u00eame le stress d\u2019avant match y \u00e9tait ! Une orga vraiment s\u00e9rieuse, mais dans la bonne humeur.%22&Prime; _builder_version=\u00a0\u00bb4.27.4&Prime; _module_preset=\u00a0\u00bbdefault\u00a0\u00bb global_colors_info=\u00a0\u00bb{}\u00a0\u00bb sticky_transition=\u00a0\u00bbon\u00a0\u00bb]<\/p>\n<p>Karim SHAWARMA<\/p>\n<p>[\/et_pb_slide][\/et_pb_slider][\/et_pb_column][\/et_pb_row][\/et_pb_section][et_pb_section fb_built=\u00a0\u00bb1&Prime; _builder_version=\u00a0\u00bb4.27.4&Prime; _module_preset=\u00a0\u00bbdefault\u00a0\u00bb custom_margin=\u00a0\u00bb-69px|||||\u00a0\u00bb global_colors_info=\u00a0\u00bb{}\u00a0\u00bb][et_pb_row _builder_version=\u00a0\u00bb4.27.4&Prime; _module_preset=\u00a0\u00bbdefault\u00a0\u00bb min_height=\u00a0\u00bb86px\u00a0\u00bb global_colors_info=\u00a0\u00bb{}\u00a0\u00bb][et_pb_column type=\u00a0\u00bb4_4&Prime; _builder_version=\u00a0\u00bb4.27.4&Prime; _module_preset=\u00a0\u00bbdefault\u00a0\u00bb global_colors_info=\u00a0\u00bb{}\u00a0\u00bb][et_pb_text _builder_version=\u00a0\u00bb4.27.4&Prime; _module_preset=\u00a0\u00bbdefault\u00a0\u00bb global_colors_info=\u00a0\u00bb{}\u00a0\u00bb]<\/p>\n<h2>NOS PARTENAIRES<\/h2>\n<p>[\/et_pb_text][\/et_pb_column][\/et_pb_row][et_pb_row column_structure=\u00a0\u00bb1_4,1_4,1_4,1_4&Prime; _builder_version=\u00a0\u00bb4.27.4&Prime; _module_preset=\u00a0\u00bbdefault\u00a0\u00bb animation_style=\u00a0\u00bbfade\u00a0\u00bb global_colors_info=\u00a0\u00bb{}\u00a0\u00bb][et_pb_column type=\u00a0\u00bb1_4&Prime; _builder_version=\u00a0\u00bb4.27.4&Prime; _module_preset=\u00a0\u00bbdefault\u00a0\u00bb global_colors_info=\u00a0\u00bb{}\u00a0\u00bb][et_pb_image src=\u00a0\u00bbhttps:\/\/3sport2025.ppawebdesign.com\/c2\/wp-content\/uploads\/sites\/13\/2025\/12\/Orange-SA-logo-scaled.png\u00a0\u00bb title_text=\u00a0\u00bbOrange-SA-logo\u00a0\u00bb url=\u00a0\u00bbhttps:\/\/boutique.orange.fr\/internet\/offres-fibre?esl-k=google-ads%7Cng%7Cc786762347008%7Cmp%7Ckorange%20internet%20telephone%7Cp%7Ct%7Cdc%7Ca147152152779%7Cg150063403&amp;gclsrc=aw.ds&amp;gad_source=1&amp;gad_campaignid=150063403&amp;gbraid=0AAAAADmwlyg0NhuXJzzV9wGAQMnJMU-qx&amp;gclid=EAIaIQobChMI_fDD86akkQMVCElBAh2X8Dr7EAAYASAAEgIpDfD_BwE\u00a0\u00bb url_new_window=\u00a0\u00bbon\u00a0\u00bb _builder_version=\u00a0\u00bb4.27.4&Prime; _module_preset=\u00a0\u00bbdefault\u00a0\u00bb global_colors_info=\u00a0\u00bb{}\u00a0\u00bb][\/et_pb_image][\/et_pb_column][et_pb_column type=\u00a0\u00bb1_4&Prime; _builder_version=\u00a0\u00bb4.27.4&Prime; _module_preset=\u00a0\u00bbdefault\u00a0\u00bb global_colors_info=\u00a0\u00bb{}\u00a0\u00bb][et_pb_image src=\u00a0\u00bbhttps:\/\/3sport2025.ppawebdesign.com\/c2\/wp-content\/uploads\/sites\/13\/2025\/12\/Decathlon-Logo.png\u00a0\u00bb title_text=\u00a0\u00bbDecathlon-Logo\u00a0\u00bb url=\u00a0\u00bbhttps:\/\/www.decathlon.fr\/\u00a0\u00bb _builder_version=\u00a0\u00bb4.27.4&Prime; _module_preset=\u00a0\u00bbdefault\u00a0\u00bb global_colors_info=\u00a0\u00bb{}\u00a0\u00bb][\/et_pb_image][\/et_pb_column][et_pb_column type=\u00a0\u00bb1_4&Prime; _builder_version=\u00a0\u00bb4.27.4&Prime; _module_preset=\u00a0\u00bbdefault\u00a0\u00bb global_colors_info=\u00a0\u00bb{}\u00a0\u00bb][et_pb_image src=\u00a0\u00bbhttps:\/\/3sport2025.ppawebdesign.com\/c2\/wp-content\/uploads\/sites\/13\/2025\/12\/lacoste-removebg-preview.png\u00a0\u00bb title_text=\u00a0\u00bblacoste-removebg-preview\u00a0\u00bb url=\u00a0\u00bbhttps:\/\/www.lacoste.com\/fr\/?utm_source=google&amp;utm_medium=cpc&amp;utm_campaign=%5BFR%5DSRC_BRA_Brand_Trademark&amp;utm_id=55114290&amp;gad_source=1&amp;gad_campaignid=55114290&amp;gbraid=0AAAAAD02qkY4QAtffxad43n4JqB6qZXz-&amp;gclid=EAIaIQobChMItZ7mi6ekkQMV34T9BR3r3Q3SEAAYASAAEgKBa_D_BwE\u00a0\u00bb _builder_version=\u00a0\u00bb4.27.4&Prime; _module_preset=\u00a0\u00bbdefault\u00a0\u00bb global_colors_info=\u00a0\u00bb{}\u00a0\u00bb][\/et_pb_image][\/et_pb_column][et_pb_column type=\u00a0\u00bb1_4&Prime; _builder_version=\u00a0\u00bb4.27.4&Prime; _module_preset=\u00a0\u00bbdefault\u00a0\u00bb global_colors_info=\u00a0\u00bb{}\u00a0\u00bb][et_pb_image src=\u00a0\u00bbhttps:\/\/3sport2025.ppawebdesign.com\/c2\/wp-content\/uploads\/sites\/13\/2025\/12\/The_North_Face.png\u00a0\u00bb title_text=\u00a0\u00bbThe_North_Face\u00a0\u00bb url=\u00a0\u00bbhttps:\/\/www.thenorthface.com\/fr-fr?utm_source=google&amp;utm_medium=ppc&amp;utm_campaign=TNF-FR-Core-B-&amp;gclsrc=aw.ds&amp;gad_source=1&amp;gad_campaignid=20249340389&amp;gbraid=0AAAAADnEwu8K3cF_BjFeVb0Keo434TYU3&amp;gclid=EAIaIQobChMIuOPtr6ekkQMVA1NBAh1Noy8lEAAYASAAEgKDAvD_BwE\u00a0\u00bb _builder_version=\u00a0\u00bb4.27.4&Prime; _module_preset=\u00a0\u00bbdefault\u00a0\u00bb global_colors_info=\u00a0\u00bb{}\u00a0\u00bb][\/et_pb_image][\/et_pb_column][\/et_pb_row][et_pb_row column_structure=\u00a0\u00bb1_4,1_4,1_4,1_4&Prime; _builder_version=\u00a0\u00bb4.27.4&Prime; _module_preset=\u00a0\u00bbdefault\u00a0\u00bb animation_style=\u00a0\u00bbfade\u00a0\u00bb global_colors_info=\u00a0\u00bb{}\u00a0\u00bb][et_pb_column type=\u00a0\u00bb1_4&Prime; _builder_version=\u00a0\u00bb4.27.4&Prime; _module_preset=\u00a0\u00bbdefault\u00a0\u00bb global_colors_info=\u00a0\u00bb{}\u00a0\u00bb][et_pb_image src=\u00a0\u00bbhttps:\/\/3sport2025.ppawebdesign.com\/c2\/wp-content\/uploads\/sites\/13\/2025\/12\/under-armour-678&#215;381-removebg-preview.png\u00a0\u00bb title_text=\u00a0\u00bbunder-armour-678&#215;381-removebg-preview\u00a0\u00bb url=\u00a0\u00bbhttps:\/\/www.underarmour.fr\/fr-fr\/\u00a0\u00bb _builder_version=\u00a0\u00bb4.27.4&Prime; _module_preset=\u00a0\u00bbdefault\u00a0\u00bb global_colors_info=\u00a0\u00bb{}\u00a0\u00bb][\/et_pb_image][\/et_pb_column][et_pb_column type=\u00a0\u00bb1_4&Prime; _builder_version=\u00a0\u00bb4.27.4&Prime; _module_preset=\u00a0\u00bbdefault\u00a0\u00bb global_colors_info=\u00a0\u00bb{}\u00a0\u00bb][et_pb_image src=\u00a0\u00bbhttps:\/\/3sport2025.ppawebdesign.com\/c2\/wp-content\/uploads\/sites\/13\/2025\/12\/lgo-fila.png\u00a0\u00bb title_text=\u00a0\u00bblgo fila\u00a0\u00bb url=\u00a0\u00bbhttps:\/\/www.fila.com\/\u00a0\u00bb _builder_version=\u00a0\u00bb4.27.4&Prime; _module_preset=\u00a0\u00bbdefault\u00a0\u00bb global_colors_info=\u00a0\u00bb{}\u00a0\u00bb][\/et_pb_image][\/et_pb_column][et_pb_column type=\u00a0\u00bb1_4&Prime; _builder_version=\u00a0\u00bb4.27.4&Prime; _module_preset=\u00a0\u00bbdefault\u00a0\u00bb global_colors_info=\u00a0\u00bb{}\u00a0\u00bb][et_pb_image src=\u00a0\u00bbhttps:\/\/3sport2025.ppawebdesign.com\/c2\/wp-content\/uploads\/sites\/13\/2025\/12\/puma-removebg-preview-1-1.png\u00a0\u00bb title_text=\u00a0\u00bbpuma-removebg-preview (1)\u00a0\u00bb url=\u00a0\u00bbhttps:\/\/eu.puma.com\/fr\/fr\/home?utm_source=google&amp;utm_medium=cpc&amp;utm_campaign=BS_GGL_FR_FR_TXT_Brand_Core_Exact_SEA_BRAND&amp;gad_source=1&amp;gad_campaignid=9788047406&amp;gbraid=0AAAAAD4NdD_-G2LdkqhSQizzX-It8nTem&amp;gclid=EAIaIQobChMIubCh-6ekkQMVLZhQBh2AniTkEAAYASAAEgInsfD_BwE\u00a0\u00bb _builder_version=\u00a0\u00bb4.27.4&Prime; _module_preset=\u00a0\u00bbdefault\u00a0\u00bb global_colors_info=\u00a0\u00bb{}\u00a0\u00bb][\/et_pb_image][\/et_pb_column][et_pb_column type=\u00a0\u00bb1_4&Prime; _builder_version=\u00a0\u00bb4.27.4&Prime; _module_preset=\u00a0\u00bbdefault\u00a0\u00bb global_colors_info=\u00a0\u00bb{}\u00a0\u00bb][et_pb_image src=\u00a0\u00bbhttps:\/\/3sport2025.ppawebdesign.com\/c2\/wp-content\/uploads\/sites\/13\/2025\/12\/png-clipart-jumpman-t-shirt-air-jordan-logo-nike-michael-jordan-physical-fitness-hand-thumbnail-removebg-preview.png\u00a0\u00bb title_text=\u00a0\u00bbpng-clipart-jumpman-t-shirt-air-jordan-logo-nike-michael-jordan-physical-fitness-hand-thumbnail-removebg-preview\u00a0\u00bb url=\u00a0\u00bbhttps:\/\/www.nike.com\/fr\/jordan\u00a0\u00bb _builder_version=\u00a0\u00bb4.27.4&Prime; _module_preset=\u00a0\u00bbdefault\u00a0\u00bb global_colors_info=\u00a0\u00bb{}\u00a0\u00bb][\/et_pb_image][\/et_pb_column][\/et_pb_row][\/et_pb_section]<\/p>\n","protected":false},"excerpt":{"rendered":"<p>CONCEPTQU&rsquo;EST-CE QUE C&rsquo;EST ? \u00a0Nous sommes une agence e\u0301ve\u0301nementielle sportive pour \u00e9tudiants qui a pour but de mettre en lumie\u0300re ceux qui re\u0302vent de vivre une journe\u0301e immersive dans la vie d\u2019un professionnel ayant une certaine passion pour le sport. Quel jeune n\u2019a jamais re\u0302ve\u0301 d&rsquo;e\u0302tre professionnel et de connai\u0302tre la fame, le succe\u0300s, les [&hellip;]<\/p>\n","protected":false},"author":66,"featured_media":0,"parent":0,"menu_order":0,"comment_status":"closed","ping_status":"closed","template":"","meta":{"_et_pb_use_builder":"on","_et_pb_old_content":"","_et_gb_content_width":"","footnotes":""},"class_list":["post-40","page","type-page","status-publish","hentry"],"yoast_head":"<!-- This site is optimized with the Yoast SEO plugin v26.5 - https:\/\/yoast.com\/wordpress\/plugins\/seo\/ -->\n<title>Agence \u00e9v\u00e9nementielle sportive pour \u00e9tudiants<\/title>\n<meta name=\"description\" content=\"Morphea est une agence \u00e9v\u00e9nementielle sportive pour \u00e9tudiants qui leur permet de vivre la vie des professionnels.\" \/>\n<meta name=\"robots\" content=\"index, follow, max-snippet:-1, max-image-preview:large, max-video-preview:-1\" \/>\n<link rel=\"canonical\" href=\"https:\/\/3sport2025.ppawebdesign.com\/c2\/agence-evenementielle-sportive-pour-etudiants\/\" \/>\n<meta property=\"og:locale\" content=\"fr_FR\" \/>\n<meta property=\"og:type\" content=\"article\" \/>\n<meta property=\"og:title\" content=\"Agence \u00e9v\u00e9nementielle sportive pour \u00e9tudiants\" \/>\n<meta property=\"og:description\" content=\"Morphea est une agence \u00e9v\u00e9nementielle sportive pour \u00e9tudiants qui leur permet de vivre la vie des professionnels.\" \/>\n<meta property=\"og:url\" content=\"https:\/\/3sport2025.ppawebdesign.com\/c2\/agence-evenementielle-sportive-pour-etudiants\/\" \/>\n<meta property=\"og:site_name\" content=\"Morph\u00e9a\" \/>\n<meta property=\"article:modified_time\" content=\"2025-12-05T09:55:15+00:00\" \/>\n<meta name=\"twitter:card\" content=\"summary_large_image\" \/>\n<meta name=\"twitter:label1\" content=\"Dur\u00e9e de lecture estim\u00e9e\" \/>\n\t<meta name=\"twitter:data1\" content=\"3 minutes\" \/>\n<script type=\"application\/ld+json\" class=\"yoast-schema-graph\">{\"@context\":\"https:\/\/schema.org\",\"@graph\":[{\"@type\":\"WebPage\",\"@id\":\"https:\/\/3sport2025.ppawebdesign.com\/c2\/agence-evenementielle-sportive-pour-etudiants\/\",\"url\":\"https:\/\/3sport2025.ppawebdesign.com\/c2\/agence-evenementielle-sportive-pour-etudiants\/\",\"name\":\"Agence \u00e9v\u00e9nementielle sportive pour \u00e9tudiants\",\"isPartOf\":{\"@id\":\"https:\/\/3sport2025.ppawebdesign.com\/c2\/#website\"},\"datePublished\":\"2025-12-02T11:27:31+00:00\",\"dateModified\":\"2025-12-05T09:55:15+00:00\",\"description\":\"Morphea est une agence \u00e9v\u00e9nementielle sportive pour \u00e9tudiants qui leur permet de vivre la vie des professionnels.\",\"breadcrumb\":{\"@id\":\"https:\/\/3sport2025.ppawebdesign.com\/c2\/agence-evenementielle-sportive-pour-etudiants\/#breadcrumb\"},\"inLanguage\":\"fr-FR\",\"potentialAction\":[{\"@type\":\"ReadAction\",\"target\":[\"https:\/\/3sport2025.ppawebdesign.com\/c2\/agence-evenementielle-sportive-pour-etudiants\/\"]}]},{\"@type\":\"BreadcrumbList\",\"@id\":\"https:\/\/3sport2025.ppawebdesign.com\/c2\/agence-evenementielle-sportive-pour-etudiants\/#breadcrumb\",\"itemListElement\":[{\"@type\":\"ListItem\",\"position\":1,\"name\":\"Accueil\",\"item\":\"https:\/\/3sport2025.ppawebdesign.com\/c2\/\"},{\"@type\":\"ListItem\",\"position\":2,\"name\":\"concept\"}]},{\"@type\":\"WebSite\",\"@id\":\"https:\/\/3sport2025.ppawebdesign.com\/c2\/#website\",\"url\":\"https:\/\/3sport2025.ppawebdesign.com\/c2\/\",\"name\":\"Morph\u00e9a\",\"description\":\"\",\"potentialAction\":[{\"@type\":\"SearchAction\",\"target\":{\"@type\":\"EntryPoint\",\"urlTemplate\":\"https:\/\/3sport2025.ppawebdesign.com\/c2\/?s={search_term_string}\"},\"query-input\":{\"@type\":\"PropertyValueSpecification\",\"valueRequired\":true,\"valueName\":\"search_term_string\"}}],\"inLanguage\":\"fr-FR\"}]}<\/script>\n<!-- \/ Yoast SEO plugin. -->","yoast_head_json":{"title":"Agence \u00e9v\u00e9nementielle sportive pour \u00e9tudiants","description":"Morphea est une agence \u00e9v\u00e9nementielle sportive pour \u00e9tudiants qui leur permet de vivre la vie des professionnels.","robots":{"index":"index","follow":"follow","max-snippet":"max-snippet:-1","max-image-preview":"max-image-preview:large","max-video-preview":"max-video-preview:-1"},"canonical":"https:\/\/3sport2025.ppawebdesign.com\/c2\/agence-evenementielle-sportive-pour-etudiants\/","og_locale":"fr_FR","og_type":"article","og_title":"Agence \u00e9v\u00e9nementielle sportive pour \u00e9tudiants","og_description":"Morphea est une agence \u00e9v\u00e9nementielle sportive pour \u00e9tudiants qui leur permet de vivre la vie des professionnels.","og_url":"https:\/\/3sport2025.ppawebdesign.com\/c2\/agence-evenementielle-sportive-pour-etudiants\/","og_site_name":"Morph\u00e9a","article_modified_time":"2025-12-05T09:55:15+00:00","twitter_card":"summary_large_image","twitter_misc":{"Dur\u00e9e de lecture estim\u00e9e":"3 minutes"},"schema":{"@context":"https:\/\/schema.org","@graph":[{"@type":"WebPage","@id":"https:\/\/3sport2025.ppawebdesign.com\/c2\/agence-evenementielle-sportive-pour-etudiants\/","url":"https:\/\/3sport2025.ppawebdesign.com\/c2\/agence-evenementielle-sportive-pour-etudiants\/","name":"Agence \u00e9v\u00e9nementielle sportive pour \u00e9tudiants","isPartOf":{"@id":"https:\/\/3sport2025.ppawebdesign.com\/c2\/#website"},"datePublished":"2025-12-02T11:27:31+00:00","dateModified":"2025-12-05T09:55:15+00:00","description":"Morphea est une agence \u00e9v\u00e9nementielle sportive pour \u00e9tudiants qui leur permet de vivre la vie des professionnels.","breadcrumb":{"@id":"https:\/\/3sport2025.ppawebdesign.com\/c2\/agence-evenementielle-sportive-pour-etudiants\/#breadcrumb"},"inLanguage":"fr-FR","potentialAction":[{"@type":"ReadAction","target":["https:\/\/3sport2025.ppawebdesign.com\/c2\/agence-evenementielle-sportive-pour-etudiants\/"]}]},{"@type":"BreadcrumbList","@id":"https:\/\/3sport2025.ppawebdesign.com\/c2\/agence-evenementielle-sportive-pour-etudiants\/#breadcrumb","itemListElement":[{"@type":"ListItem","position":1,"name":"Accueil","item":"https:\/\/3sport2025.ppawebdesign.com\/c2\/"},{"@type":"ListItem","position":2,"name":"concept"}]},{"@type":"WebSite","@id":"https:\/\/3sport2025.ppawebdesign.com\/c2\/#website","url":"https:\/\/3sport2025.ppawebdesign.com\/c2\/","name":"Morph\u00e9a","description":"","potentialAction":[{"@type":"SearchAction","target":{"@type":"EntryPoint","urlTemplate":"https:\/\/3sport2025.ppawebdesign.com\/c2\/?s={search_term_string}"},"query-input":{"@type":"PropertyValueSpecification","valueRequired":true,"valueName":"search_term_string"}}],"inLanguage":"fr-FR"}]}},"_links":{"self":[{"href":"https:\/\/3sport2025.ppawebdesign.com\/c2\/wp-json\/wp\/v2\/pages\/40","targetHints":{"allow":["GET"]}}],"collection":[{"href":"https:\/\/3sport2025.ppawebdesign.com\/c2\/wp-json\/wp\/v2\/pages"}],"about":[{"href":"https:\/\/3sport2025.ppawebdesign.com\/c2\/wp-json\/wp\/v2\/types\/page"}],"author":[{"embeddable":true,"href":"https:\/\/3sport2025.ppawebdesign.com\/c2\/wp-json\/wp\/v2\/users\/66"}],"replies":[{"embeddable":true,"href":"https:\/\/3sport2025.ppawebdesign.com\/c2\/wp-json\/wp\/v2\/comments?post=40"}],"version-history":[{"count":44,"href":"https:\/\/3sport2025.ppawebdesign.com\/c2\/wp-json\/wp\/v2\/pages\/40\/revisions"}],"predecessor-version":[{"id":568,"href":"https:\/\/3sport2025.ppawebdesign.com\/c2\/wp-json\/wp\/v2\/pages\/40\/revisions\/568"}],"wp:attachment":[{"href":"https:\/\/3sport2025.ppawebdesign.com\/c2\/wp-json\/wp\/v2\/media?parent=40"}],"curies":[{"name":"wp","href":"https:\/\/api.w.org\/{rel}","templated":true}]}}