{"id":86,"date":"2025-12-03T14:23:28","date_gmt":"2025-12-03T13:23:28","guid":{"rendered":"https:\/\/3sport2025.ppawebdesign.com\/c2\/?page_id=86"},"modified":"2025-12-05T11:04:55","modified_gmt":"2025-12-05T10:04:55","slug":"presentation-equipe","status":"publish","type":"page","link":"https:\/\/3sport2025.ppawebdesign.com\/c2\/presentation-equipe\/","title":{"rendered":"\u00c9quipe"},"content":{"rendered":"\n[et_pb_section fb_built=\u00a0\u00bb1&Prime; fullwidth=\u00a0\u00bbon\u00a0\u00bb _builder_version=\u00a0\u00bb4.27.4&Prime; _module_preset=\u00a0\u00bbdefault\u00a0\u00bb global_colors_info=\u00a0\u00bb{}\u00a0\u00bb][et_pb_fullwidth_header title=\u00a0\u00bbNOTRE EQUIPE\u00a0\u00bb _builder_version=\u00a0\u00bb4.27.4&Prime; _module_preset=\u00a0\u00bbdefault\u00a0\u00bb global_colors_info=\u00a0\u00bb{}\u00a0\u00bb]<p style=\"text-align: left\"><em><span style=\"color: #ffffff\">Derri\u00e8re chaque \u00e9v\u00e9nement r\u00e9ussi, il y a une \u00e9quipe qui y met du c\u0153ur. La n\u00f4tre vous accompagne avec \u00e9coute, cr\u00e9ativit\u00e9 et bienveillance pour donner vie \u00e0 vos envies. Ensemble, cr\u00e9ons un moment unique qui restera grav\u00e9 dans les m\u00e9moires.<\/span><\/em><\/p>[\/et_pb_fullwidth_header][\/et_pb_section][et_pb_section fb_built=\u00a0\u00bb1&Prime; _builder_version=\u00a0\u00bb4.27.4&Prime; _module_preset=\u00a0\u00bbdefault\u00a0\u00bb global_colors_info=\u00a0\u00bb{}\u00a0\u00bb][et_pb_row column_structure=\u00a0\u00bb3_5,2_5&Prime; _builder_version=\u00a0\u00bb4.27.4&Prime; _module_preset=\u00a0\u00bbdefault\u00a0\u00bb custom_margin=\u00a0\u00bb45px|||211px|false|false\u00a0\u00bb global_colors_info=\u00a0\u00bb{}\u00a0\u00bb][et_pb_column type=\u00a0\u00bb3_5&Prime; _builder_version=\u00a0\u00bb4.27.4&Prime; _module_preset=\u00a0\u00bbdefault\u00a0\u00bb global_colors_info=\u00a0\u00bb{}\u00a0\u00bb][et_pb_image src=\u00a0\u00bbhttps:\/\/3sport2025.ppawebdesign.com\/c2\/wp-content\/uploads\/sites\/13\/2025\/12\/istockphoto-1383860345-612&#215;612-1.jpg\u00a0\u00bb title_text=\u00a0\u00bbistockphoto-1383860345-612&#215;612&Prime; _builder_version=\u00a0\u00bb4.27.4&Prime; _module_preset=\u00a0\u00bbdefault\u00a0\u00bb global_colors_info=\u00a0\u00bb{}\u00a0\u00bb][\/et_pb_image][\/et_pb_column][et_pb_column type=\u00a0\u00bb2_5&Prime; _builder_version=\u00a0\u00bb4.27.4&Prime; _module_preset=\u00a0\u00bbdefault\u00a0\u00bb global_colors_info=\u00a0\u00bb{}\u00a0\u00bb][et_pb_text _builder_version=\u00a0\u00bb4.27.4&Prime; _module_preset=\u00a0\u00bbdefault\u00a0\u00bb animation_style=\u00a0\u00bbfade\u00a0\u00bb global_colors_info=\u00a0\u00bb{}\u00a0\u00bb]<p style=\"text-align: left\">Nous sommes 6 amis avec une passion en commun,<span style=\"color: #0000ff\"><strong> le sport<\/strong><\/span>. Nous sommes tous des sportifs ou anciens sportifs et nous partageons cette envie de cr\u00e9er de grands \u00e9v\u00e9nements pour que tout le monde puisse profiter des bienfaits du sport tant sur le point <span style=\"color: #0000ff\"><strong>physique que mental.<\/strong><\/span><\/p>\n<p style=\"text-align: left\">Nos objectifs ? Obtenir un sentiments de<span style=\"color: #0000ff\"><strong> fiert\u00e9<\/strong><\/span> pour nos clients. Leurs <span style=\"color: #0000ff\"><strong>satisfactions<\/strong> <\/span>est notre <span style=\"color: #0000ff\"><strong>priorit\u00e9. Notre \u00e9quipe se charge de vos envies.\u00a0<\/strong><\/span><\/p>[\/et_pb_text][\/et_pb_column][\/et_pb_row][\/et_pb_section][et_pb_section fb_built=\u00a0\u00bb1&Prime; _builder_version=\u00a0\u00bb4.27.4&Prime; _module_preset=\u00a0\u00bbdefault\u00a0\u00bb global_colors_info=\u00a0\u00bb{}\u00a0\u00bb][et_pb_row _builder_version=\u00a0\u00bb4.27.4&Prime; _module_preset=\u00a0\u00bbdefault\u00a0\u00bb custom_margin=\u00a0\u00bb-53px|||244px|false|false\u00a0\u00bb global_colors_info=\u00a0\u00bb{}\u00a0\u00bb][et_pb_column type=\u00a0\u00bb4_4&Prime; _builder_version=\u00a0\u00bb4.27.4&Prime; _module_preset=\u00a0\u00bbdefault\u00a0\u00bb global_colors_info=\u00a0\u00bb{}\u00a0\u00bb][et_pb_image src=\u00a0\u00bbhttps:\/\/3sport2025.ppawebdesign.com\/c2\/wp-content\/uploads\/sites\/13\/2025\/12\/Blaise-Martins-Director-2-pdf.jpg\u00a0\u00bb title_text=\u00a0\u00bbBlaise Martins Director\u00a0\u00bb force_fullwidth=\u00a0\u00bbon\u00a0\u00bb _builder_version=\u00a0\u00bb4.27.4&Prime; _module_preset=\u00a0\u00bbdefault\u00a0\u00bb custom_margin=\u00a0\u00bb5px||2px||false|false\u00a0\u00bb global_colors_info=\u00a0\u00bb{}\u00a0\u00bb][\/et_pb_image][\/et_pb_column][\/et_pb_row][\/et_pb_section][et_pb_section fb_built=\u00a0\u00bb1&Prime; _builder_version=\u00a0\u00bb4.27.4&Prime; _module_preset=\u00a0\u00bbdefault\u00a0\u00bb custom_margin=\u00a0\u00bb-86px||||false|false\u00a0\u00bb global_colors_info=\u00a0\u00bb{}\u00a0\u00bb][et_pb_row column_structure=\u00a0\u00bb1_3,1_3,1_3&Prime; _builder_version=\u00a0\u00bb4.27.4&Prime; _module_preset=\u00a0\u00bbdefault\u00a0\u00bb hover_enabled=\u00a0\u00bb0&Prime; global_colors_info=\u00a0\u00bb{}\u00a0\u00bb animation_style=\u00a0\u00bbzoom\u00a0\u00bb sticky_enabled=\u00a0\u00bb0&Prime;][et_pb_column type=\u00a0\u00bb1_3&Prime; _builder_version=\u00a0\u00bb4.27.4&Prime; _module_preset=\u00a0\u00bbdefault\u00a0\u00bb global_colors_info=\u00a0\u00bb{}\u00a0\u00bb][et_pb_text _builder_version=\u00a0\u00bb4.27.4&Prime; _module_preset=\u00a0\u00bbdefault\u00a0\u00bb global_colors_info=\u00a0\u00bb{}\u00a0\u00bb]<h2><strong><span style=\"color: #0000ff\">Clarisse Costarini<\/span><\/strong><\/h2>\n<h3><em>Directrice<\/em><\/h3>\n<p>\u00a0\u00bb J&rsquo;ai toujours poursuivi mes objectifs avec d\u00e9termination et une ambition qui ne laisse aucune place au doute. Malgr\u00e9s tout je reste une personne solaire et d\u00e9contract\u00e9e qui sait diriger au mieux une \u00e9quipe et la guider vers des r\u00e9sultats concluants\u00a0 \u00ab\u00a0<\/p>[\/et_pb_text][\/et_pb_column][et_pb_column type=\u00a0\u00bb1_3&Prime; _builder_version=\u00a0\u00bb4.27.4&Prime; _module_preset=\u00a0\u00bbdefault\u00a0\u00bb global_colors_info=\u00a0\u00bb{}\u00a0\u00bb][et_pb_text _builder_version=\u00a0\u00bb4.27.4&Prime; _module_preset=\u00a0\u00bbdefault\u00a0\u00bb global_colors_info=\u00a0\u00bb{}\u00a0\u00bb]<h2><strong><span style=\"color: #0000ff\">Shana Kellal<\/span><\/strong><\/h2>\n<h3><em><span style=\"font-weight: 400\">Responsable Logistique<\/span><\/em><\/h3>\n<p><span style=\"font-weight: 400\">\u00a0\u00bb Je suis charg\u00e9e de la coordination de l\u2019\u00e9quipement, la supervision de la restauration et d\u2019hospitalit\u00e9, de contacter les entreprises partenaires et contacter les techniciens en urgence si probl\u00e8me et je m\u2019\u2019assure \u00e9galement la bonne r\u00e9ception des bons produits, en bonne quantit\u00e9 et bonne qualit\u00e9. J\u2019ai choisi ce poste car j\u2019aime bien \u00eatre au contact des autres donc des entreprises pour le coup. \u00ab\u00a0<\/span><\/p>[\/et_pb_text][\/et_pb_column][et_pb_column type=\u00a0\u00bb1_3&Prime; _builder_version=\u00a0\u00bb4.27.4&Prime; _module_preset=\u00a0\u00bbdefault\u00a0\u00bb global_colors_info=\u00a0\u00bb{}\u00a0\u00bb][et_pb_text _builder_version=\u00a0\u00bb4.27.4&Prime; _module_preset=\u00a0\u00bbdefault\u00a0\u00bb global_colors_info=\u00a0\u00bb{}\u00a0\u00bb]<h2><strong><span style=\"color: #0000ff\">Malaurie Pereira<\/span><\/strong><\/h2>\n<h3><em><span style=\"font-weight: 400\">DRH et Administration<\/span><\/em><\/h3>\n<p><span style=\"font-weight: 400\">\u00ab\u00a0<\/span><span style=\"font-weight: 400\">C\u2019est une \u00e9vidence pour moi de m\u2019\u00eatre orient\u00e9e dans le poste de DRH car j\u2019ai une m\u00e8re qui est \u00e0 ce poste depuis de nombreuses ann\u00e9es et j\u2019ai toujours aim\u00e9 les missions qu\u2019elle pouvait avoir au quotidien c\u2019est pour cela que les miennes seront identiques. C&rsquo;est-\u00e0-dire, je serai en charge de v\u00e9rifier que tout se passe bien au sein de mon \u00e9quipe. Je vais g\u00e9rer le personnel, les recrutements et les paies. Dans mon travail actuel, mon responsable m\u2019appelle la DRH car je g\u00e8re les plannings, je fais attentions aux lois et je v\u00e9rifie absolument tout. Du c\u00f4t\u00e9 de l\u2019administration, je vais g\u00e9rer tout ce qui est papier, contrats, tr\u00e9sorerie.\u00a0<\/span><span style=\"font-weight: 400\">\u00ab\u00a0<\/span><\/p>[\/et_pb_text][\/et_pb_column][\/et_pb_row][et_pb_row column_structure=\u00a0\u00bb1_3,1_3,1_3&Prime; _builder_version=\u00a0\u00bb4.27.4&Prime; _module_preset=\u00a0\u00bbdefault\u00a0\u00bb hover_enabled=\u00a0\u00bb0&Prime; global_colors_info=\u00a0\u00bb{}\u00a0\u00bb animation_style=\u00a0\u00bbzoom\u00a0\u00bb sticky_enabled=\u00a0\u00bb0&Prime;][et_pb_column type=\u00a0\u00bb1_3&Prime; _builder_version=\u00a0\u00bb4.27.4&Prime; _module_preset=\u00a0\u00bbdefault\u00a0\u00bb global_colors_info=\u00a0\u00bb{}\u00a0\u00bb][et_pb_text _builder_version=\u00a0\u00bb4.27.4&Prime; _module_preset=\u00a0\u00bbdefault\u00a0\u00bb global_colors_info=\u00a0\u00bb{}\u00a0\u00bb]<h2><strong><span style=\"color: #0000ff\">Anthony Coutel<\/span><\/strong><\/h2>\n<h3><em><span style=\"font-weight: 400\">Contenue \u00e9v\u00e9nementielle et animation<\/span><\/em><\/h3>\n<p style=\"text-align: left\">\u00ab\u00a0<span style=\"font-weight: 400\">J\u2019ai choisi ce poste car j\u2019ai toujours eu de la cr\u00e9ativit\u00e9, j&rsquo;aime travailler en \u00e9quipe, j\u2019ai toujours voulu partager mes id\u00e9es et transmettre ma bonne humeur dans ce que je fais. c\u2019est donc pour cela que j\u2019ai choisi ce poste ou justement j\u2019ai le r\u00f4le d&rsquo;imaginer les \u00e9v\u00e9nements et animation. Je suis en collaboration avec Selim pour avoir un deuxi\u00e8me point de vue sur mes id\u00e9es et pouvoir \u00e9changer sur celle-ci afin de proposer les meilleurs \u00e9v\u00e9nements possibles.<\/span>\u00a0\u00ab\u00a0<\/p>[\/et_pb_text][\/et_pb_column][et_pb_column type=\u00a0\u00bb1_3&Prime; _builder_version=\u00a0\u00bb4.27.4&Prime; _module_preset=\u00a0\u00bbdefault\u00a0\u00bb global_colors_info=\u00a0\u00bb{}\u00a0\u00bb][et_pb_text _builder_version=\u00a0\u00bb4.27.4&Prime; _module_preset=\u00a0\u00bbdefault\u00a0\u00bb global_colors_info=\u00a0\u00bb{}\u00a0\u00bb]<h2><strong><span style=\"color: #0000ff\">Sabine Chouman<\/span><\/strong><\/h2>\n<h3><em><span style=\"font-weight: 400\">Responsable Communication<\/span><\/em><\/h3>\n<p style=\"text-align: left\"><span style=\"font-weight: 400\">\u00ab\u00a0J\u2019ai toujours \u00e9t\u00e9 quelqu\u2019un de cr\u00e9atif, et j\u2019ai trouv\u00e9 dans la communication le moyen id\u00e9al de retranscrire cette cr\u00e9ativit\u00e9 au service de projets concrets. De plus, \u00eatre avec mon \u00e9quipe m&rsquo;aide \u00e0 m&rsquo;\u00e9panouir. Aujourd\u2019hui, je m\u2019occupe de la strat\u00e9gie et de la planification : je d\u00e9finis les objectifs, les cibles et les canaux. Je g\u00e8re \u00e9galement la cr\u00e9ation de contenu digital pour les r\u00e9seaux sociaux et le site web, en veillant \u00e0 transmettre une identit\u00e9 forte et coh\u00e9rente.<br \/>Je supervise la cr\u00e9ation visuelle (affiches, vid\u00e9os, supports graphiques) pour donner vie \u00e0 chaque projet avec originalit\u00e9 et impact.<br \/>Enfin, je valorise les partenaires sur tous les supports, et je r\u00e9alise le bilan des retomb\u00e9es m\u00e9dias et digitales afin de mesurer l\u2019efficacit\u00e9 de chaque action.\u00a0\u00bb<\/span><\/p>[\/et_pb_text][\/et_pb_column][et_pb_column type=\u00a0\u00bb1_3&Prime; _builder_version=\u00a0\u00bb4.27.4&Prime; _module_preset=\u00a0\u00bbdefault\u00a0\u00bb global_colors_info=\u00a0\u00bb{}\u00a0\u00bb][et_pb_text _builder_version=\u00a0\u00bb4.27.4&Prime; _module_preset=\u00a0\u00bbdefault\u00a0\u00bb global_colors_info=\u00a0\u00bb{}\u00a0\u00bb]<h2><strong><span style=\"color: #0000ff\">Selim Lounes<\/span><\/strong><\/h2>\n<h3><em><span style=\"font-weight: 400\">Commercial<\/span><\/em><\/h3>\n<p><span style=\"font-weight: 400\">\u00ab\u00a0Pourquoi le poste de commercial ? C\u2019est une \u00e9vidence pour moi. A l\u2019\u00e9coute et compr\u00e9hensif, j\u2019ai la capacit\u00e9 de comprendre les besoins de mes clients. Cette \u00e9coute me permet de poser les bonnes questions pour renforcer ma relation avec mon interlocuteur. Dans l\u2019agence mon but est de cr\u00e9er des collaborations fortes qui nous permettront de gravir les \u00e9chelons dans l\u2019\u00e9v\u00e8nementiel sportif. Je souhaite entretenir des relations de confiance que ce soit entre nos clients ou entre nos partenaires. Mon but est de valoriser au maximum leur pr\u00e9sence sur nos \u00e9v\u00e8nements.<\/span><span style=\"font-weight: 400\">\u00a0<\/span><span style=\"font-weight: 400\">\u00ab\u00a0<\/span><\/p>[\/et_pb_text][\/et_pb_column][\/et_pb_row][\/et_pb_section]\n","protected":false},"excerpt":{"rendered":"<p>Derri\u00e8re chaque \u00e9v\u00e9nement r\u00e9ussi, il y a une \u00e9quipe qui y met du c\u0153ur. La n\u00f4tre vous accompagne avec \u00e9coute, cr\u00e9ativit\u00e9 et bienveillance pour donner vie \u00e0 vos envies. Ensemble, cr\u00e9ons un moment unique qui restera grav\u00e9 dans les m\u00e9moires.Nous sommes 6 amis avec une passion en commun, le sport. Nous sommes tous des sportifs [&hellip;]<\/p>\n","protected":false},"author":68,"featured_media":0,"parent":0,"menu_order":0,"comment_status":"closed","ping_status":"closed","template":"","meta":{"_et_pb_use_builder":"on","_et_pb_old_content":"","_et_gb_content_width":"","footnotes":""},"class_list":["post-86","page","type-page","status-publish","hentry"],"yoast_head":"<!-- This site is optimized with the Yoast SEO plugin v26.5 - https:\/\/yoast.com\/wordpress\/plugins\/seo\/ -->\n<title>Equipe- Morphea<\/title>\n<meta name=\"description\" content=\"On rel\u00e8ve les d\u00e9fis, on transforme chaque \u00e9v\u00e8nement en explosion d\u2019\u00e9nergie positive ! Nous sommes une \u00e9quipe soud\u00e9e et investie !\" \/>\n<meta name=\"robots\" content=\"index, follow, max-snippet:-1, max-image-preview:large, max-video-preview:-1\" \/>\n<link rel=\"canonical\" href=\"https:\/\/3sport2025.ppawebdesign.com\/c2\/presentation-equipe\/\" \/>\n<meta property=\"og:locale\" content=\"fr_FR\" \/>\n<meta property=\"og:type\" content=\"article\" \/>\n<meta property=\"og:title\" content=\"Equipe- Morphea\" \/>\n<meta property=\"og:description\" content=\"On rel\u00e8ve les d\u00e9fis, on transforme chaque \u00e9v\u00e8nement en explosion d\u2019\u00e9nergie positive ! Nous sommes une \u00e9quipe soud\u00e9e et investie !\" \/>\n<meta property=\"og:url\" content=\"https:\/\/3sport2025.ppawebdesign.com\/c2\/presentation-equipe\/\" \/>\n<meta property=\"og:site_name\" content=\"Morph\u00e9a\" \/>\n<meta property=\"article:modified_time\" content=\"2025-12-05T10:04:55+00:00\" \/>\n<meta name=\"twitter:card\" content=\"summary_large_image\" \/>\n<meta name=\"twitter:label1\" content=\"Dur\u00e9e de lecture estim\u00e9e\" \/>\n\t<meta name=\"twitter:data1\" content=\"4 minutes\" \/>\n<script type=\"application\/ld+json\" class=\"yoast-schema-graph\">{\"@context\":\"https:\/\/schema.org\",\"@graph\":[{\"@type\":\"WebPage\",\"@id\":\"https:\/\/3sport2025.ppawebdesign.com\/c2\/presentation-equipe\/\",\"url\":\"https:\/\/3sport2025.ppawebdesign.com\/c2\/presentation-equipe\/\",\"name\":\"Equipe- Morphea\",\"isPartOf\":{\"@id\":\"https:\/\/3sport2025.ppawebdesign.com\/c2\/#website\"},\"datePublished\":\"2025-12-03T13:23:28+00:00\",\"dateModified\":\"2025-12-05T10:04:55+00:00\",\"description\":\"On rel\u00e8ve les d\u00e9fis, on transforme chaque \u00e9v\u00e8nement en explosion d\u2019\u00e9nergie positive ! Nous sommes une \u00e9quipe soud\u00e9e et investie !\",\"breadcrumb\":{\"@id\":\"https:\/\/3sport2025.ppawebdesign.com\/c2\/presentation-equipe\/#breadcrumb\"},\"inLanguage\":\"fr-FR\",\"potentialAction\":[{\"@type\":\"ReadAction\",\"target\":[\"https:\/\/3sport2025.ppawebdesign.com\/c2\/presentation-equipe\/\"]}]},{\"@type\":\"BreadcrumbList\",\"@id\":\"https:\/\/3sport2025.ppawebdesign.com\/c2\/presentation-equipe\/#breadcrumb\",\"itemListElement\":[{\"@type\":\"ListItem\",\"position\":1,\"name\":\"Accueil\",\"item\":\"https:\/\/3sport2025.ppawebdesign.com\/c2\/\"},{\"@type\":\"ListItem\",\"position\":2,\"name\":\"\u00c9quipe\"}]},{\"@type\":\"WebSite\",\"@id\":\"https:\/\/3sport2025.ppawebdesign.com\/c2\/#website\",\"url\":\"https:\/\/3sport2025.ppawebdesign.com\/c2\/\",\"name\":\"Morph\u00e9a\",\"description\":\"\",\"potentialAction\":[{\"@type\":\"SearchAction\",\"target\":{\"@type\":\"EntryPoint\",\"urlTemplate\":\"https:\/\/3sport2025.ppawebdesign.com\/c2\/?s={search_term_string}\"},\"query-input\":{\"@type\":\"PropertyValueSpecification\",\"valueRequired\":true,\"valueName\":\"search_term_string\"}}],\"inLanguage\":\"fr-FR\"}]}<\/script>\n<!-- \/ Yoast SEO plugin. -->","yoast_head_json":{"title":"Equipe- Morphea","description":"On rel\u00e8ve les d\u00e9fis, on transforme chaque \u00e9v\u00e8nement en explosion d\u2019\u00e9nergie positive ! Nous sommes une \u00e9quipe soud\u00e9e et investie !","robots":{"index":"index","follow":"follow","max-snippet":"max-snippet:-1","max-image-preview":"max-image-preview:large","max-video-preview":"max-video-preview:-1"},"canonical":"https:\/\/3sport2025.ppawebdesign.com\/c2\/presentation-equipe\/","og_locale":"fr_FR","og_type":"article","og_title":"Equipe- Morphea","og_description":"On rel\u00e8ve les d\u00e9fis, on transforme chaque \u00e9v\u00e8nement en explosion d\u2019\u00e9nergie positive ! Nous sommes une \u00e9quipe soud\u00e9e et investie !","og_url":"https:\/\/3sport2025.ppawebdesign.com\/c2\/presentation-equipe\/","og_site_name":"Morph\u00e9a","article_modified_time":"2025-12-05T10:04:55+00:00","twitter_card":"summary_large_image","twitter_misc":{"Dur\u00e9e de lecture estim\u00e9e":"4 minutes"},"schema":{"@context":"https:\/\/schema.org","@graph":[{"@type":"WebPage","@id":"https:\/\/3sport2025.ppawebdesign.com\/c2\/presentation-equipe\/","url":"https:\/\/3sport2025.ppawebdesign.com\/c2\/presentation-equipe\/","name":"Equipe- Morphea","isPartOf":{"@id":"https:\/\/3sport2025.ppawebdesign.com\/c2\/#website"},"datePublished":"2025-12-03T13:23:28+00:00","dateModified":"2025-12-05T10:04:55+00:00","description":"On rel\u00e8ve les d\u00e9fis, on transforme chaque \u00e9v\u00e8nement en explosion d\u2019\u00e9nergie positive ! Nous sommes une \u00e9quipe soud\u00e9e et investie !","breadcrumb":{"@id":"https:\/\/3sport2025.ppawebdesign.com\/c2\/presentation-equipe\/#breadcrumb"},"inLanguage":"fr-FR","potentialAction":[{"@type":"ReadAction","target":["https:\/\/3sport2025.ppawebdesign.com\/c2\/presentation-equipe\/"]}]},{"@type":"BreadcrumbList","@id":"https:\/\/3sport2025.ppawebdesign.com\/c2\/presentation-equipe\/#breadcrumb","itemListElement":[{"@type":"ListItem","position":1,"name":"Accueil","item":"https:\/\/3sport2025.ppawebdesign.com\/c2\/"},{"@type":"ListItem","position":2,"name":"\u00c9quipe"}]},{"@type":"WebSite","@id":"https:\/\/3sport2025.ppawebdesign.com\/c2\/#website","url":"https:\/\/3sport2025.ppawebdesign.com\/c2\/","name":"Morph\u00e9a","description":"","potentialAction":[{"@type":"SearchAction","target":{"@type":"EntryPoint","urlTemplate":"https:\/\/3sport2025.ppawebdesign.com\/c2\/?s={search_term_string}"},"query-input":{"@type":"PropertyValueSpecification","valueRequired":true,"valueName":"search_term_string"}}],"inLanguage":"fr-FR"}]}},"_links":{"self":[{"href":"https:\/\/3sport2025.ppawebdesign.com\/c2\/wp-json\/wp\/v2\/pages\/86","targetHints":{"allow":["GET"]}}],"collection":[{"href":"https:\/\/3sport2025.ppawebdesign.com\/c2\/wp-json\/wp\/v2\/pages"}],"about":[{"href":"https:\/\/3sport2025.ppawebdesign.com\/c2\/wp-json\/wp\/v2\/types\/page"}],"author":[{"embeddable":true,"href":"https:\/\/3sport2025.ppawebdesign.com\/c2\/wp-json\/wp\/v2\/users\/68"}],"replies":[{"embeddable":true,"href":"https:\/\/3sport2025.ppawebdesign.com\/c2\/wp-json\/wp\/v2\/comments?post=86"}],"version-history":[{"count":31,"href":"https:\/\/3sport2025.ppawebdesign.com\/c2\/wp-json\/wp\/v2\/pages\/86\/revisions"}],"predecessor-version":[{"id":573,"href":"https:\/\/3sport2025.ppawebdesign.com\/c2\/wp-json\/wp\/v2\/pages\/86\/revisions\/573"}],"wp:attachment":[{"href":"https:\/\/3sport2025.ppawebdesign.com\/c2\/wp-json\/wp\/v2\/media?parent=86"}],"curies":[{"name":"wp","href":"https:\/\/api.w.org\/{rel}","templated":true}]}}