{"id":93,"date":"2025-12-03T14:25:32","date_gmt":"2025-12-03T13:25:32","guid":{"rendered":"https:\/\/3sport2025.ppawebdesign.com\/c2\/?page_id=93"},"modified":"2025-12-05T10:56:10","modified_gmt":"2025-12-05T09:56:10","slug":"experiences-sportives","status":"publish","type":"page","link":"https:\/\/3sport2025.ppawebdesign.com\/c2\/experiences-sportives\/","title":{"rendered":"Sports"},"content":{"rendered":"<p>[et_pb_section fb_built=\u00a0\u00bb1&Prime; _builder_version=\u00a0\u00bb4.27.4&Prime; _module_preset=\u00a0\u00bbdefault\u00a0\u00bb global_colors_info=\u00a0\u00bb{}\u00a0\u00bb][et_pb_row column_structure=\u00a0\u00bb2_5,3_5&Prime; _builder_version=\u00a0\u00bb4.27.4&Prime; _module_preset=\u00a0\u00bbdefault\u00a0\u00bb global_colors_info=\u00a0\u00bb{}\u00a0\u00bb][et_pb_column type=\u00a0\u00bb2_5&Prime; _builder_version=\u00a0\u00bb4.27.4&Prime; _module_preset=\u00a0\u00bbdefault\u00a0\u00bb global_colors_info=\u00a0\u00bb{}\u00a0\u00bb][et_pb_text module_id=\u00a0\u00bbfootballSection\u00a0\u00bb module_class=\u00a0\u00bbfootballSection\u00a0\u00bb _builder_version=\u00a0\u00bb4.27.4&Prime; _module_preset=\u00a0\u00bbdefault\u00a0\u00bb header_text_color=\u00a0\u00bb#1872E0&Prime; global_colors_info=\u00a0\u00bb{}\u00a0\u00bb]<\/p>\n<h1><span style=\"color: #0000ff\">Football<\/span><\/h1>\n<p>[\/et_pb_text][et_pb_text _builder_version=\u00a0\u00bb4.27.4&Prime; _module_preset=\u00a0\u00bbdefault\u00a0\u00bb animation_style=\u00a0\u00bbslide\u00a0\u00bb global_colors_info=\u00a0\u00bb{}\u00a0\u00bb]<\/p>\n<p>Cet \u00e9v\u00e9nement te permettra de <strong><span style=\"color: #0000ff\">vivre une vraie exp\u00e9rience sportive comme un joueur pro<\/span><\/strong> : accueil digne des plus grandes stars, \u00e9quipement fourni, coach et briefing comme dans un club. <strong><span style=\"color: #0000ff\">Rentres dans la peau des plus grandes stars du foot.<\/span><\/strong><\/p>\n<p><span style=\"color: #333333\">Viens sur le terrain pr\u00e9sent\u00e9 au monde <strong><span style=\"color: #0000ff\">tes r\u00e9elles performances.<\/span><\/strong><\/span><\/p>\n<p><span style=\"color: #333333\">Tu as l&rsquo;occasion de participer \u00e0 des <strong><span style=\"color: #0000ff\">d\u00e9tections<\/span><\/strong> pour <span style=\"color: #0000ff\"><strong>rendre ton r\u00eave r\u00e9alit\u00e9<\/strong><\/span> <strong><span style=\"color: #0000ff\">!<\/span><\/strong><\/span><\/p>\n<p>[\/et_pb_text][et_pb_button button_url=\u00a0\u00bb@ET-DC@eyJkeW5hbWljIjp0cnVlLCJjb250ZW50IjoicG9zdF9saW5rX3VybF9wYWdlIiwic2V0dGluZ3MiOnsicG9zdF9pZCI6Ijk4IiwiZW5hYmxlX2h0bWwiOiJvZmYifX0=@\u00a0\u00bb button_text=\u00a0\u00bbS&rsquo;INSCRIRE\u00a0\u00bb _builder_version=\u00a0\u00bb4.27.4&Prime; _dynamic_attributes=\u00a0\u00bbbutton_url\u00a0\u00bb _module_preset=\u00a0\u00bbdefault\u00a0\u00bb global_colors_info=\u00a0\u00bb{}\u00a0\u00bb][\/et_pb_button][\/et_pb_column][et_pb_column type=\u00a0\u00bb3_5&Prime; _builder_version=\u00a0\u00bb4.27.4&Prime; _module_preset=\u00a0\u00bbdefault\u00a0\u00bb global_colors_info=\u00a0\u00bb{}\u00a0\u00bb][et_pb_image src=\u00a0\u00bbhttps:\/\/3sport2025.ppawebdesign.com\/c2\/wp-content\/uploads\/sites\/13\/2025\/12\/partie-de-football-en-cours.webp\u00a0\u00bb title_text=\u00a0\u00bbpartie-de-football-en-cours\u00a0\u00bb _builder_version=\u00a0\u00bb4.27.4&Prime; _module_preset=\u00a0\u00bbdefault\u00a0\u00bb hover_enabled=\u00a0\u00bb0&Prime; global_colors_info=\u00a0\u00bb{}\u00a0\u00bb animation_style=\u00a0\u00bbslide\u00a0\u00bb sticky_enabled=\u00a0\u00bb0&Prime;][\/et_pb_image][\/et_pb_column][\/et_pb_row][et_pb_row column_structure=\u00a0\u00bb3_5,2_5&Prime; _builder_version=\u00a0\u00bb4.27.4&Prime; _module_preset=\u00a0\u00bbdefault\u00a0\u00bb global_colors_info=\u00a0\u00bb{}\u00a0\u00bb][et_pb_column type=\u00a0\u00bb3_5&Prime; _builder_version=\u00a0\u00bb4.27.4&Prime; _module_preset=\u00a0\u00bbdefault\u00a0\u00bb global_colors_info=\u00a0\u00bb{}\u00a0\u00bb][et_pb_image src=\u00a0\u00bbhttps:\/\/3sport2025.ppawebdesign.com\/c2\/wp-content\/uploads\/sites\/13\/2025\/12\/B9734066205Z.1_20230419174536_000GNOMKCS6A.2-0.jpg\u00a0\u00bb title_text=\u00a0\u00bbB9734066205Z.1_20230419174536_000+GNOMKCS6A.2-0&Prime; _builder_version=\u00a0\u00bb4.27.4&Prime; _module_preset=\u00a0\u00bbdefault\u00a0\u00bb hover_enabled=\u00a0\u00bb0&Prime; global_colors_info=\u00a0\u00bb{}\u00a0\u00bb animation_style=\u00a0\u00bbslide\u00a0\u00bb sticky_enabled=\u00a0\u00bb0&Prime;][\/et_pb_image][\/et_pb_column][et_pb_column type=\u00a0\u00bb2_5&Prime; _builder_version=\u00a0\u00bb4.27.4&Prime; _module_preset=\u00a0\u00bbdefault\u00a0\u00bb global_colors_info=\u00a0\u00bb{}\u00a0\u00bb][et_pb_text module_id=\u00a0\u00bbbasketballSection\u00a0\u00bb _builder_version=\u00a0\u00bb4.27.4&Prime; _module_preset=\u00a0\u00bbdefault\u00a0\u00bb global_colors_info=\u00a0\u00bb{}\u00a0\u00bb]<\/p>\n<h1><span style=\"color: #0000ff\">Basketball<\/span><\/h1>\n<p>[\/et_pb_text][et_pb_text _builder_version=\u00a0\u00bb4.27.4&Prime; _module_preset=\u00a0\u00bbdefault\u00a0\u00bb animation_style=\u00a0\u00bbfade\u00a0\u00bb global_colors_info=\u00a0\u00bb{}\u00a0\u00bb]<\/p>\n<p><span style=\"color: #0000ff\"><strong>Tu veux vivre une immersion NBA ?<\/strong><\/span> avec des matchs en 5 contre 5 ? <strong><span style=\"color: #0000ff\">Viens nous rejoindre dans une exp\u00e9rience sportive<\/span> <span style=\"color: #0000ff\">exclusive<\/span><\/strong>. Si tu veux faire le show, que ce soit danse, chant ou encore performance artisitique contact nous ! Tu pourras rendre l&rsquo;\u00e9v\u00e9nement encore plus vivants !<\/p>\n<p>Coacher par des t\u00eates de ce sport, <span style=\"color: #0000ff\"><strong>ton\u00a0 niveau ne pourra qu&rsquo;exploser !<\/strong><\/span><\/p>\n<p>Montres toutes tes capacit\u00e9s lors de match organis\u00e9s et peut \u00eatre <span style=\"color: #0000ff\"><strong>te faire rep\u00e9rer par des coachs de club renomm\u00e9.<\/strong><\/span><\/p>\n<p>[\/et_pb_text][et_pb_button button_url=\u00a0\u00bb@ET-DC@eyJkeW5hbWljIjp0cnVlLCJjb250ZW50IjoicG9zdF9saW5rX3VybF9wYWdlIiwic2V0dGluZ3MiOnsicG9zdF9pZCI6Ijk4IiwiZW5hYmxlX2h0bWwiOiJvZmYifX0=@\u00a0\u00bb button_text=\u00a0\u00bbS&rsquo;INSCRIRE\u00a0\u00bb _builder_version=\u00a0\u00bb4.27.4&Prime; _dynamic_attributes=\u00a0\u00bbbutton_url\u00a0\u00bb _module_preset=\u00a0\u00bbdefault\u00a0\u00bb global_colors_info=\u00a0\u00bb{}\u00a0\u00bb][\/et_pb_button][\/et_pb_column][\/et_pb_row][et_pb_row column_structure=\u00a0\u00bb2_5,3_5&Prime; _builder_version=\u00a0\u00bb4.27.4&Prime; _module_preset=\u00a0\u00bbdefault\u00a0\u00bb global_colors_info=\u00a0\u00bb{}\u00a0\u00bb][et_pb_column type=\u00a0\u00bb2_5&Prime; _builder_version=\u00a0\u00bb4.27.4&Prime; _module_preset=\u00a0\u00bbdefault\u00a0\u00bb global_colors_info=\u00a0\u00bb{}\u00a0\u00bb][et_pb_text module_id=\u00a0\u00bbvolleyballsection\u00a0\u00bb module_class=\u00a0\u00bbvolleyballsection\u00a0\u00bb _builder_version=\u00a0\u00bb4.27.4&Prime; _module_preset=\u00a0\u00bbdefault\u00a0\u00bb global_colors_info=\u00a0\u00bb{}\u00a0\u00bb]<\/p>\n<h1><span style=\"color: #0000ff\">Volley-Ball<\/span><\/h1>\n<p>[\/et_pb_text][et_pb_text _builder_version=\u00a0\u00bb4.27.4&Prime; _module_preset=\u00a0\u00bbdefault\u00a0\u00bb animation_style=\u00a0\u00bbfade\u00a0\u00bb global_colors_info=\u00a0\u00bb{}\u00a0\u00bb]<\/p>\n<p>Tu souhaites vivre un moment de convivialit\u00e9 ? <span style=\"color: #0000ff\"><strong>Tu aimes les sports collectifs ?\u00a0 C&rsquo;est le moment de nous rejoindre !<\/strong><\/span> Des plongeons, des sauvetages miraculeux et des actions de follies mais <span style=\"color: #0000ff\"><strong>surtout beaucoup d&rsquo;amusement !<\/strong><\/span><\/p>\n<p><span style=\"color: #333333\">Surprend toi et tous les participants avec de <span style=\"color: #0000ff\"><strong>nouveaux skills que tu vas pouvoir apprendre avec des coachings<\/strong><\/span> sur les diff\u00e9rents postes, afin de te rendre plus polyvalent !\u00a0<\/span><\/p>\n<p><span style=\"color: #333333\"><strong><span style=\"color: #0000ff\">Tentes de remporter des lots<\/span> <\/strong>lors de cet journ\u00e9es immersives.<\/span><\/p>\n<p>[\/et_pb_text][et_pb_button button_url=\u00a0\u00bb@ET-DC@eyJkeW5hbWljIjp0cnVlLCJjb250ZW50IjoicG9zdF9saW5rX3VybF9wYWdlIiwic2V0dGluZ3MiOnsicG9zdF9pZCI6Ijk4IiwiZW5hYmxlX2h0bWwiOiJvZmYifX0=@\u00a0\u00bb button_text=\u00a0\u00bbS&rsquo;INSCRIRE\u00a0\u00bb _builder_version=\u00a0\u00bb4.27.4&Prime; _dynamic_attributes=\u00a0\u00bbbutton_url\u00a0\u00bb _module_preset=\u00a0\u00bbdefault\u00a0\u00bb global_colors_info=\u00a0\u00bb{}\u00a0\u00bb][\/et_pb_button][\/et_pb_column][et_pb_column type=\u00a0\u00bb3_5&Prime; _builder_version=\u00a0\u00bb4.27.4&Prime; _module_preset=\u00a0\u00bbdefault\u00a0\u00bb global_colors_info=\u00a0\u00bb{}\u00a0\u00bb][et_pb_image src=\u00a0\u00bbhttps:\/\/3sport2025.ppawebdesign.com\/c2\/wp-content\/uploads\/sites\/13\/2025\/12\/depositphotos_69272087-stock-photo-young-beautiful-girls-playing-volleyball.webp\u00a0\u00bb title_text=\u00a0\u00bbdepositphotos_69272087-stock-photo-young-beautiful-girls-playing-volleyball\u00a0\u00bb _builder_version=\u00a0\u00bb4.27.4&Prime; _module_preset=\u00a0\u00bbdefault\u00a0\u00bb hover_enabled=\u00a0\u00bb0&Prime; global_colors_info=\u00a0\u00bb{}\u00a0\u00bb animation_style=\u00a0\u00bbslide\u00a0\u00bb sticky_enabled=\u00a0\u00bb0&Prime;][\/et_pb_image][\/et_pb_column][\/et_pb_row][et_pb_row column_structure=\u00a0\u00bb3_5,2_5&Prime; _builder_version=\u00a0\u00bb4.27.4&Prime; _module_preset=\u00a0\u00bbdefault\u00a0\u00bb global_colors_info=\u00a0\u00bb{}\u00a0\u00bb][et_pb_column type=\u00a0\u00bb3_5&Prime; _builder_version=\u00a0\u00bb4.27.4&Prime; _module_preset=\u00a0\u00bbdefault\u00a0\u00bb global_colors_info=\u00a0\u00bb{}\u00a0\u00bb][et_pb_image src=\u00a0\u00bbhttps:\/\/3sport2025.ppawebdesign.com\/c2\/wp-content\/uploads\/sites\/13\/2025\/12\/istockphoto-184629980-612&#215;612-1.jpg\u00a0\u00bb title_text=\u00a0\u00bbistockphoto-184629980-612&#215;612&Prime; _builder_version=\u00a0\u00bb4.27.4&Prime; _module_preset=\u00a0\u00bbdefault\u00a0\u00bb hover_enabled=\u00a0\u00bb0&Prime; global_colors_info=\u00a0\u00bb{}\u00a0\u00bb animation_style=\u00a0\u00bbslide\u00a0\u00bb sticky_enabled=\u00a0\u00bb0&Prime;][\/et_pb_image][\/et_pb_column][et_pb_column type=\u00a0\u00bb2_5&Prime; _builder_version=\u00a0\u00bb4.27.4&Prime; _module_preset=\u00a0\u00bbdefault\u00a0\u00bb global_colors_info=\u00a0\u00bb{}\u00a0\u00bb][et_pb_text module_id=\u00a0\u00bbathletismesection\u00a0\u00bb module_class=\u00a0\u00bbathletismesection\u00a0\u00bb _builder_version=\u00a0\u00bb4.27.4&Prime; _module_preset=\u00a0\u00bbdefault\u00a0\u00bb global_colors_info=\u00a0\u00bb{}\u00a0\u00bb]<\/p>\n<h1><span style=\"color: #0000ff\">Athl\u00e9tisme<\/span><\/h1>\n<p>[\/et_pb_text][et_pb_text _builder_version=\u00a0\u00bb4.27.4&Prime; _module_preset=\u00a0\u00bbdefault\u00a0\u00bb animation_style=\u00a0\u00bbfade\u00a0\u00bb global_colors_info=\u00a0\u00bb{}\u00a0\u00bb]<\/p>\n<p><span style=\"color: #0000ff\"><span style=\"color: #333333\">Tu as peut \u00eatre envie de te d\u00e9penser ?<\/span><b> Viens affronter un tas d&rsquo;athl\u00e8tes lors de diff\u00e9rentes disciplines <\/b><span style=\"color: #333333\">lors de nos exp\u00e9riences sportives<\/span> <span style=\"color: #333333\">et pourquoi pas battre tes records perso !<\/span><\/span><\/p>\n<p><span style=\"color: #0000ff\"><span style=\"color: #333333\">Au programme:<\/span><\/span><\/p>\n<p><span style=\"color: #0000ff\"><span style=\"color: #333333\"><span style=\"color: #0000ff\"><strong>Des comp\u00e9tions contre des professionnels ou d&rsquo;autres amateurs<\/strong><\/span> sur plusieurs disciplines tout au long de la journ\u00e9e, des <span style=\"color: #0000ff\"><strong>entrainements personnalis\u00e9s<\/strong><\/span>, des<span style=\"color: #0000ff\"><strong> crash test<\/strong><\/span>, mais aussi et <strong><span style=\"color: #0000ff\">le plus important le buffet !<\/span><\/strong><\/span><\/span><\/p>\n<p>[\/et_pb_text][et_pb_button button_url=\u00a0\u00bb@ET-DC@eyJkeW5hbWljIjp0cnVlLCJjb250ZW50IjoicG9zdF9saW5rX3VybF9wYWdlIiwic2V0dGluZ3MiOnsicG9zdF9pZCI6Ijk4IiwiZW5hYmxlX2h0bWwiOiJvZmYifX0=@\u00a0\u00bb button_text=\u00a0\u00bbS&rsquo;INSCRIRE\u00a0\u00bb _builder_version=\u00a0\u00bb4.27.4&Prime; _dynamic_attributes=\u00a0\u00bbbutton_url\u00a0\u00bb _module_preset=\u00a0\u00bbdefault\u00a0\u00bb global_colors_info=\u00a0\u00bb{}\u00a0\u00bb][\/et_pb_button][\/et_pb_column][\/et_pb_row][\/et_pb_section]<\/p>\n","protected":false},"excerpt":{"rendered":"<p>FootballCet \u00e9v\u00e9nement te permettra de vivre une vraie exp\u00e9rience sportive comme un joueur pro : accueil digne des plus grandes stars, \u00e9quipement fourni, coach et briefing comme dans un club. Rentres dans la peau des plus grandes stars du foot. Viens sur le terrain pr\u00e9sent\u00e9 au monde tes r\u00e9elles performances. Tu as l&rsquo;occasion de participer [&hellip;]<\/p>\n","protected":false},"author":68,"featured_media":0,"parent":0,"menu_order":0,"comment_status":"closed","ping_status":"closed","template":"","meta":{"_et_pb_use_builder":"on","_et_pb_old_content":"","_et_gb_content_width":"","footnotes":""},"class_list":["post-93","page","type-page","status-publish","hentry"],"yoast_head":"<!-- This site is optimized with the Yoast SEO plugin v26.5 - https:\/\/yoast.com\/wordpress\/plugins\/seo\/ -->\n<title>Exp\u00e9riences sportives immersives<\/title>\n<meta name=\"description\" content=\"Tu r\u00eaves de vivre des exp\u00e9riences sportives uniques pour te sentir comme un vrai joueur professionnel ? Rejoins nos \u00e9v\u00e9nements immersifs !\" \/>\n<meta name=\"robots\" content=\"index, follow, max-snippet:-1, max-image-preview:large, max-video-preview:-1\" \/>\n<link rel=\"canonical\" href=\"https:\/\/3sport2025.ppawebdesign.com\/c2\/experiences-sportives\/\" \/>\n<meta property=\"og:locale\" content=\"fr_FR\" \/>\n<meta property=\"og:type\" content=\"article\" \/>\n<meta property=\"og:title\" content=\"Exp\u00e9riences sportives immersives\" \/>\n<meta property=\"og:description\" content=\"Tu r\u00eaves de vivre des exp\u00e9riences sportives uniques pour te sentir comme un vrai joueur professionnel ? Rejoins nos \u00e9v\u00e9nements immersifs !\" \/>\n<meta property=\"og:url\" content=\"https:\/\/3sport2025.ppawebdesign.com\/c2\/experiences-sportives\/\" \/>\n<meta property=\"og:site_name\" content=\"Morph\u00e9a\" \/>\n<meta property=\"article:modified_time\" content=\"2025-12-05T09:56:10+00:00\" \/>\n<meta name=\"twitter:card\" content=\"summary_large_image\" \/>\n<meta name=\"twitter:label1\" content=\"Dur\u00e9e de lecture estim\u00e9e\" \/>\n\t<meta name=\"twitter:data1\" content=\"2 minutes\" \/>\n<script type=\"application\/ld+json\" class=\"yoast-schema-graph\">{\"@context\":\"https:\/\/schema.org\",\"@graph\":[{\"@type\":\"WebPage\",\"@id\":\"https:\/\/3sport2025.ppawebdesign.com\/c2\/experiences-sportives\/\",\"url\":\"https:\/\/3sport2025.ppawebdesign.com\/c2\/experiences-sportives\/\",\"name\":\"Exp\u00e9riences sportives immersives\",\"isPartOf\":{\"@id\":\"https:\/\/3sport2025.ppawebdesign.com\/c2\/#website\"},\"datePublished\":\"2025-12-03T13:25:32+00:00\",\"dateModified\":\"2025-12-05T09:56:10+00:00\",\"description\":\"Tu r\u00eaves de vivre des exp\u00e9riences sportives uniques pour te sentir comme un vrai joueur professionnel ? Rejoins nos \u00e9v\u00e9nements immersifs !\",\"breadcrumb\":{\"@id\":\"https:\/\/3sport2025.ppawebdesign.com\/c2\/experiences-sportives\/#breadcrumb\"},\"inLanguage\":\"fr-FR\",\"potentialAction\":[{\"@type\":\"ReadAction\",\"target\":[\"https:\/\/3sport2025.ppawebdesign.com\/c2\/experiences-sportives\/\"]}]},{\"@type\":\"BreadcrumbList\",\"@id\":\"https:\/\/3sport2025.ppawebdesign.com\/c2\/experiences-sportives\/#breadcrumb\",\"itemListElement\":[{\"@type\":\"ListItem\",\"position\":1,\"name\":\"Accueil\",\"item\":\"https:\/\/3sport2025.ppawebdesign.com\/c2\/\"},{\"@type\":\"ListItem\",\"position\":2,\"name\":\"Sports\"}]},{\"@type\":\"WebSite\",\"@id\":\"https:\/\/3sport2025.ppawebdesign.com\/c2\/#website\",\"url\":\"https:\/\/3sport2025.ppawebdesign.com\/c2\/\",\"name\":\"Morph\u00e9a\",\"description\":\"\",\"potentialAction\":[{\"@type\":\"SearchAction\",\"target\":{\"@type\":\"EntryPoint\",\"urlTemplate\":\"https:\/\/3sport2025.ppawebdesign.com\/c2\/?s={search_term_string}\"},\"query-input\":{\"@type\":\"PropertyValueSpecification\",\"valueRequired\":true,\"valueName\":\"search_term_string\"}}],\"inLanguage\":\"fr-FR\"}]}<\/script>\n<!-- \/ Yoast SEO plugin. -->","yoast_head_json":{"title":"Exp\u00e9riences sportives immersives","description":"Tu r\u00eaves de vivre des exp\u00e9riences sportives uniques pour te sentir comme un vrai joueur professionnel ? Rejoins nos \u00e9v\u00e9nements immersifs !","robots":{"index":"index","follow":"follow","max-snippet":"max-snippet:-1","max-image-preview":"max-image-preview:large","max-video-preview":"max-video-preview:-1"},"canonical":"https:\/\/3sport2025.ppawebdesign.com\/c2\/experiences-sportives\/","og_locale":"fr_FR","og_type":"article","og_title":"Exp\u00e9riences sportives immersives","og_description":"Tu r\u00eaves de vivre des exp\u00e9riences sportives uniques pour te sentir comme un vrai joueur professionnel ? Rejoins nos \u00e9v\u00e9nements immersifs !","og_url":"https:\/\/3sport2025.ppawebdesign.com\/c2\/experiences-sportives\/","og_site_name":"Morph\u00e9a","article_modified_time":"2025-12-05T09:56:10+00:00","twitter_card":"summary_large_image","twitter_misc":{"Dur\u00e9e de lecture estim\u00e9e":"2 minutes"},"schema":{"@context":"https:\/\/schema.org","@graph":[{"@type":"WebPage","@id":"https:\/\/3sport2025.ppawebdesign.com\/c2\/experiences-sportives\/","url":"https:\/\/3sport2025.ppawebdesign.com\/c2\/experiences-sportives\/","name":"Exp\u00e9riences sportives immersives","isPartOf":{"@id":"https:\/\/3sport2025.ppawebdesign.com\/c2\/#website"},"datePublished":"2025-12-03T13:25:32+00:00","dateModified":"2025-12-05T09:56:10+00:00","description":"Tu r\u00eaves de vivre des exp\u00e9riences sportives uniques pour te sentir comme un vrai joueur professionnel ? Rejoins nos \u00e9v\u00e9nements immersifs !","breadcrumb":{"@id":"https:\/\/3sport2025.ppawebdesign.com\/c2\/experiences-sportives\/#breadcrumb"},"inLanguage":"fr-FR","potentialAction":[{"@type":"ReadAction","target":["https:\/\/3sport2025.ppawebdesign.com\/c2\/experiences-sportives\/"]}]},{"@type":"BreadcrumbList","@id":"https:\/\/3sport2025.ppawebdesign.com\/c2\/experiences-sportives\/#breadcrumb","itemListElement":[{"@type":"ListItem","position":1,"name":"Accueil","item":"https:\/\/3sport2025.ppawebdesign.com\/c2\/"},{"@type":"ListItem","position":2,"name":"Sports"}]},{"@type":"WebSite","@id":"https:\/\/3sport2025.ppawebdesign.com\/c2\/#website","url":"https:\/\/3sport2025.ppawebdesign.com\/c2\/","name":"Morph\u00e9a","description":"","potentialAction":[{"@type":"SearchAction","target":{"@type":"EntryPoint","urlTemplate":"https:\/\/3sport2025.ppawebdesign.com\/c2\/?s={search_term_string}"},"query-input":{"@type":"PropertyValueSpecification","valueRequired":true,"valueName":"search_term_string"}}],"inLanguage":"fr-FR"}]}},"_links":{"self":[{"href":"https:\/\/3sport2025.ppawebdesign.com\/c2\/wp-json\/wp\/v2\/pages\/93","targetHints":{"allow":["GET"]}}],"collection":[{"href":"https:\/\/3sport2025.ppawebdesign.com\/c2\/wp-json\/wp\/v2\/pages"}],"about":[{"href":"https:\/\/3sport2025.ppawebdesign.com\/c2\/wp-json\/wp\/v2\/types\/page"}],"author":[{"embeddable":true,"href":"https:\/\/3sport2025.ppawebdesign.com\/c2\/wp-json\/wp\/v2\/users\/68"}],"replies":[{"embeddable":true,"href":"https:\/\/3sport2025.ppawebdesign.com\/c2\/wp-json\/wp\/v2\/comments?post=93"}],"version-history":[{"count":28,"href":"https:\/\/3sport2025.ppawebdesign.com\/c2\/wp-json\/wp\/v2\/pages\/93\/revisions"}],"predecessor-version":[{"id":569,"href":"https:\/\/3sport2025.ppawebdesign.com\/c2\/wp-json\/wp\/v2\/pages\/93\/revisions\/569"}],"wp:attachment":[{"href":"https:\/\/3sport2025.ppawebdesign.com\/c2\/wp-json\/wp\/v2\/media?parent=93"}],"curies":[{"name":"wp","href":"https:\/\/api.w.org\/{rel}","templated":true}]}}