{"id":98,"date":"2025-12-03T14:31:09","date_gmt":"2025-12-03T13:31:09","guid":{"rendered":"https:\/\/3sport2025.ppawebdesign.com\/c2\/?page_id=98"},"modified":"2025-12-05T10:31:15","modified_gmt":"2025-12-05T09:31:15","slug":"agence-evenementielle","status":"publish","type":"page","link":"https:\/\/3sport2025.ppawebdesign.com\/c2\/agence-evenementielle\/","title":{"rendered":"Contact \/ Info"},"content":{"rendered":"<p>[et_pb_section fb_built=\u00a0\u00bb1&Prime; _builder_version=\u00a0\u00bb4.27.4&Prime; _module_preset=\u00a0\u00bbdefault\u00a0\u00bb custom_padding=\u00a0\u00bb|0px|0px|||\u00a0\u00bb global_colors_info=\u00a0\u00bb{}\u00a0\u00bb][et_pb_row _builder_version=\u00a0\u00bb4.27.4&Prime; _module_preset=\u00a0\u00bbdefault\u00a0\u00bb global_colors_info=\u00a0\u00bb{}\u00a0\u00bb][et_pb_column type=\u00a0\u00bb4_4&Prime; _builder_version=\u00a0\u00bb4.27.4&Prime; _module_preset=\u00a0\u00bbdefault\u00a0\u00bb global_colors_info=\u00a0\u00bb{}\u00a0\u00bb][et_pb_text _builder_version=\u00a0\u00bb4.27.4&Prime; _module_preset=\u00a0\u00bbdefault\u00a0\u00bb global_colors_info=\u00a0\u00bb{}\u00a0\u00bb]<\/p>\n<h1 style=\"text-align: center\"><span style=\"color: #0000ff\"><strong>Contacts de notre agence \u00e9v\u00e8nementielle<\/strong><\/span><\/h1>\n<p>[\/et_pb_text][\/et_pb_column][\/et_pb_row][et_pb_row column_structure=\u00a0\u00bb1_2,1_2&Prime; _builder_version=\u00a0\u00bb4.27.4&Prime; _module_preset=\u00a0\u00bbdefault\u00a0\u00bb min_height=\u00a0\u00bb399px\u00a0\u00bb global_colors_info=\u00a0\u00bb{}\u00a0\u00bb][et_pb_column type=\u00a0\u00bb1_2&Prime; _builder_version=\u00a0\u00bb4.27.4&Prime; _module_preset=\u00a0\u00bbdefault\u00a0\u00bb global_colors_info=\u00a0\u00bb{}\u00a0\u00bb][et_pb_text _builder_version=\u00a0\u00bb4.27.4&Prime; _module_preset=\u00a0\u00bbdefault\u00a0\u00bb global_colors_info=\u00a0\u00bb{}\u00a0\u00bb]<\/p>\n<h2 style=\"text-align: center\"><em><strong>Infos utiles<\/strong><\/em><\/h2>\n<p style=\"text-align: center\">06 43 52 89 61<\/p>\n<p style=\"text-align: center\"><a href=\"mailto:morphea@event\">morphea@event.fr<\/a><\/p>\n<p style=\"text-align: center\">28 rue Amiral Mouchez Paris 75014<\/p>\n<p style=\"text-align: center\">10H 18H<\/p>\n<p>&nbsp;<\/p>\n<p>&nbsp;<\/p>\n<p>&nbsp;<\/p>\n<p>[\/et_pb_text][\/et_pb_column][et_pb_column type=\u00a0\u00bb1_2&Prime; _builder_version=\u00a0\u00bb4.27.4&Prime; _module_preset=\u00a0\u00bbdefault\u00a0\u00bb global_colors_info=\u00a0\u00bb{}\u00a0\u00bb][et_pb_text _builder_version=\u00a0\u00bb4.27.4&Prime; _module_preset=\u00a0\u00bbdefault\u00a0\u00bb global_colors_info=\u00a0\u00bb{}\u00a0\u00bb]<\/p>\n<h2 style=\"text-align: center\"><em><strong>Nos r\u00e9seaux<\/strong><\/em><\/h2>\n<p style=\"text-align: center\"><span style=\"color: #0000ff\"><strong>Instagram :<\/strong><\/span> themorpheagency<\/p>\n<p style=\"text-align: center\"><span style=\"color: #0000ff\"><strong>Linkedin :<\/strong><\/span> morpheangency<\/p>\n<p style=\"text-align: center\"><span style=\"color: #0000ff\"><strong>tiktok\/youtube :<\/strong><\/span> themorphea<\/p>\n<p style=\"text-align: center\"><span style=\"color: #0000ff\"><strong>X<\/strong> :<\/span> morphea<\/p>\n<p style=\"text-align: center\"><span style=\"color: #0000ff\"><strong>Snap :<\/strong> <\/span>snmorphea<\/p>\n<p>&nbsp;<\/p>\n<p>&nbsp;<\/p>\n<p>[\/et_pb_text][\/et_pb_column][\/et_pb_row][\/et_pb_section][et_pb_section fb_built=\u00a0\u00bb1&Prime; _builder_version=\u00a0\u00bb4.27.4&Prime; _module_preset=\u00a0\u00bbdefault\u00a0\u00bb min_height=\u00a0\u00bb33px\u00a0\u00bb custom_margin=\u00a0\u00bb||-237px|||\u00a0\u00bb custom_padding=\u00a0\u00bb||0px|||\u00a0\u00bb global_colors_info=\u00a0\u00bb{}\u00a0\u00bb][\/et_pb_section][et_pb_section fb_built=\u00a0\u00bb1&Prime; _builder_version=\u00a0\u00bb4.27.4&Prime; _module_preset=\u00a0\u00bbdefault\u00a0\u00bb min_height=\u00a0\u00bb303px\u00a0\u00bb global_colors_info=\u00a0\u00bb{}\u00a0\u00bb][et_pb_row column_structure=\u00a0\u00bb1_2,1_2&Prime; _builder_version=\u00a0\u00bb4.27.4&Prime; _module_preset=\u00a0\u00bbdefault\u00a0\u00bb global_colors_info=\u00a0\u00bb{}\u00a0\u00bb][et_pb_column type=\u00a0\u00bb1_2&Prime; _builder_version=\u00a0\u00bb4.27.4&Prime; _module_preset=\u00a0\u00bbdefault\u00a0\u00bb global_colors_info=\u00a0\u00bb{}\u00a0\u00bb][et_pb_image src=\u00a0\u00bbhttps:\/\/3sport2025.ppawebdesign.com\/c2\/wp-content\/uploads\/sites\/13\/2025\/12\/morphea-removebg-preview.png\u00a0\u00bb title_text=\u00a0\u00bbmorphea-removebg-preview\u00a0\u00bb _builder_version=\u00a0\u00bb4.27.4&Prime; _module_preset=\u00a0\u00bbdefault\u00a0\u00bb hover_enabled=\u00a0\u00bb0&Prime; global_colors_info=\u00a0\u00bb{}\u00a0\u00bb animation_style=\u00a0\u00bbfold\u00a0\u00bb sticky_enabled=\u00a0\u00bb0&Prime;][\/et_pb_image][\/et_pb_column][et_pb_column type=\u00a0\u00bb1_2&Prime; _builder_version=\u00a0\u00bb4.27.4&Prime; _module_preset=\u00a0\u00bbdefault\u00a0\u00bb global_colors_info=\u00a0\u00bb{}\u00a0\u00bb][et_pb_testimonial author=\u00a0\u00bbSamuel Trouvier\u00a0\u00bb job_title=\u00a0\u00bbDirecteur g\u00e9n\u00e8ral de la FFT \u00a0\u00bb portrait_url=\u00a0\u00bbdata:image\/svg+xml;base64,PHN2ZyB3aWR0aD0iNTAwIiBoZWlnaHQ9IjUwMCIgdmlld0JveD0iMCAwIDUwMCA1MDAiIHhtbG5zPSJodHRwOi8vd3d3LnczLm9yZy8yMDAwL3N2ZyI+CiAgICA8ZyBmaWxsPSJub25lIiBmaWxsLXJ1bGU9ImV2ZW5vZGQiPgogICAgICAgIDxwYXRoIGZpbGw9IiNFQkVCRUIiIGQ9Ik0wIDBoNTAwdjUwMEgweiIvPgogICAgICAgIDxyZWN0IGZpbGwtb3BhY2l0eT0iLjEiIGZpbGw9IiMwMDAiIHg9IjY4IiB5PSIzMDUiIHdpZHRoPSIzNjQiIGhlaWdodD0iNTY4IiByeD0iMTgyIi8+CiAgICAgICAgPGNpcmNsZSBmaWxsLW9wYWNpdHk9Ii4xIiBmaWxsPSIjMDAwIiBjeD0iMjQ5IiBjeT0iMTcyIiByPSIxMDAiLz4KICAgIDwvZz4KPC9zdmc+Cg==\u00a0\u00bb _builder_version=\u00a0\u00bb4.27.4&Prime; _module_preset=\u00a0\u00bbdefault\u00a0\u00bb global_colors_info=\u00a0\u00bb{}\u00a0\u00bb]<\/p>\n<p><span>Excellente collaboration avec cette agence \u00e9v\u00e9nementielle. Professionnelle, r\u00e9active et force de proposition, elle a parfaitement r\u00e9pondu \u00e0 nos attentes et contribu\u00e9 au succ\u00e8s de nos \u00e9v\u00e9nements. Je recommande vivement.<\/span><\/p>\n<p>[\/et_pb_testimonial][\/et_pb_column][\/et_pb_row][\/et_pb_section][et_pb_section fb_built=\u00a0\u00bb1&Prime; _builder_version=\u00a0\u00bb4.27.4&Prime; _module_preset=\u00a0\u00bbdefault\u00a0\u00bb global_colors_info=\u00a0\u00bb{}\u00a0\u00bb][et_pb_row column_structure=\u00a0\u00bb1_2,1_2&Prime; _builder_version=\u00a0\u00bb4.27.4&Prime; _module_preset=\u00a0\u00bbdefault\u00a0\u00bb global_colors_info=\u00a0\u00bb{}\u00a0\u00bb][et_pb_column type=\u00a0\u00bb1_2&Prime; _builder_version=\u00a0\u00bb4.27.4&Prime; _module_preset=\u00a0\u00bbdefault\u00a0\u00bb global_colors_info=\u00a0\u00bb{}\u00a0\u00bb][et_pb_testimonial author=\u00a0\u00bbJulien Lopez \u00a0\u00bb job_title=\u00a0\u00bbEtudiant en Finance \u00a0\u00bb portrait_url=\u00a0\u00bbdata:image\/svg+xml;base64,PHN2ZyB3aWR0aD0iNTAwIiBoZWlnaHQ9IjUwMCIgdmlld0JveD0iMCAwIDUwMCA1MDAiIHhtbG5zPSJodHRwOi8vd3d3LnczLm9yZy8yMDAwL3N2ZyI+CiAgICA8ZyBmaWxsPSJub25lIiBmaWxsLXJ1bGU9ImV2ZW5vZGQiPgogICAgICAgIDxwYXRoIGZpbGw9IiNFQkVCRUIiIGQ9Ik0wIDBoNTAwdjUwMEgweiIvPgogICAgICAgIDxyZWN0IGZpbGwtb3BhY2l0eT0iLjEiIGZpbGw9IiMwMDAiIHg9IjY4IiB5PSIzMDUiIHdpZHRoPSIzNjQiIGhlaWdodD0iNTY4IiByeD0iMTgyIi8+CiAgICAgICAgPGNpcmNsZSBmaWxsLW9wYWNpdHk9Ii4xIiBmaWxsPSIjMDAwIiBjeD0iMjQ5IiBjeT0iMTcyIiByPSIxMDAiLz4KICAgIDwvZz4KPC9zdmc+Cg==\u00a0\u00bb _builder_version=\u00a0\u00bb4.27.4&Prime; _module_preset=\u00a0\u00bbdefault\u00a0\u00bb global_colors_info=\u00a0\u00bb{}\u00a0\u00bb]<\/p>\n<p><span>Participer \u00e0 cet \u00e9v\u00e9nement sportif a \u00e9t\u00e9 une exp\u00e9rience incroyable. D\u00e8s mon arriv\u00e9e, j\u2019ai vraiment eu l\u2019impression d\u2019entrer dans la peau d\u2019un sportif professionnel. L\u2019ambiance, l\u2019organisation, les ateliers et m\u00eame le suivi des coachs \u00e9taient d\u2019un niveau impressionnant. Tout \u00e9tait pens\u00e9 pour nous immerger totalement : \u00e9chauffement encadr\u00e9, \u00e9quipements pro, d\u00e9fis chronom\u00e9tr\u00e9s\u2026 On se prend vite au jeu et on se d\u00e9passe sans m\u00eame s\u2019en rendre compte. En tant qu\u2019\u00e9tudiant, vivre une journ\u00e9e aussi motivante et r\u00e9aliste est vraiment rare. J\u2019en ressors inspir\u00e9, boost\u00e9 et avec l\u2019envie de recommencer. Une exp\u00e9rience que je recommande \u00e0 100 %.<\/span><\/p>\n<p>[\/et_pb_testimonial][\/et_pb_column][et_pb_column type=\u00a0\u00bb1_2&Prime; _builder_version=\u00a0\u00bb4.27.4&Prime; _module_preset=\u00a0\u00bbdefault\u00a0\u00bb global_colors_info=\u00a0\u00bb{}\u00a0\u00bb][et_pb_text _builder_version=\u00a0\u00bb4.27.4&Prime; _module_preset=\u00a0\u00bbdefault\u00a0\u00bb global_colors_info=\u00a0\u00bb{}\u00a0\u00bb]<\/p>\n<h2><strong>Prendre rendez-vous<\/strong><\/h2>\n<p><span>Si tu veux prendre rendez-vous avec notre <\/span>agence \u00e9v\u00e9nementielle<span>, c\u2019est tr\u00e8s simple : tu peux remplir le <span style=\"color: #0000ff\"><strong><span style=\"color: #0000ff\">f<\/span>ormulaire de contact<\/strong><\/span>, nous envoyer un <span style=\"color: #0000ff\"><strong>message<\/strong><\/span> ou nous <span style=\"color: #0000ff\"><strong>appeler<\/strong> <\/span>directement. Dis-nous ce dont tu as besoin, tes disponibilit\u00e9s, et on revient rapidement vers toi pour f<strong>ixer <span style=\"color: #0000ff\">une rencontre et t\u2019accompagner dans ton projet.<\/span><\/strong><\/span><\/p>\n<p>[\/et_pb_text][\/et_pb_column][\/et_pb_row][\/et_pb_section][et_pb_section fb_built=\u00a0\u00bb1&Prime; _builder_version=\u00a0\u00bb4.27.4&Prime; _module_preset=\u00a0\u00bbdefault\u00a0\u00bb min_height=\u00a0\u00bb347.7px\u00a0\u00bb global_colors_info=\u00a0\u00bb{}\u00a0\u00bb][et_pb_row _builder_version=\u00a0\u00bb4.27.4&Prime; _module_preset=\u00a0\u00bbdefault\u00a0\u00bb global_colors_info=\u00a0\u00bb{}\u00a0\u00bb][et_pb_column type=\u00a0\u00bb4_4&Prime; _builder_version=\u00a0\u00bb4.27.4&Prime; _module_preset=\u00a0\u00bbdefault\u00a0\u00bb global_colors_info=\u00a0\u00bb{}\u00a0\u00bb][et_pb_text _builder_version=\u00a0\u00bb4.27.4&Prime; _module_preset=\u00a0\u00bbdefault\u00a0\u00bb global_colors_info=\u00a0\u00bb{}\u00a0\u00bb]<\/p>\n<h2>Mentions l\u00e9gales<\/h2>\n<p><span>Le pr\u00e9sent site est \u00e9dit\u00e9 par une agence \u00e9v\u00e9nementielle sp\u00e9cialis\u00e9e dans l\u2019organisation, la cr\u00e9ation et la coordination d\u2019\u00e9v\u00e9nements professionnels et priv\u00e9s.<\/span><br data-start=\"387\" data-end=\"390\" \/><span>Responsable de la publication : Le service communication de l\u2019agence.<\/span><br data-start=\"459\" data-end=\"462\" \/><span>Contact : via le formulaire du site<\/span><\/p>\n<p><span>Le site est h\u00e9berg\u00e9 par un prestataire professionnel garantissant la s\u00e9curit\u00e9 et la disponibilit\u00e9 des donn\u00e9es.<\/span><\/p>\n<p><span>Le site peut utiliser des cookies pour am\u00e9liorer l\u2019exp\u00e9rience utilisateur ou r\u00e9aliser des statistiques de consultation.<br data-start=\"1894\" data-end=\"1897\" \/>Chaque utilisateur peut les accepter, les refuser ou les d\u00e9sactiver depuis son navigateur.<\/span><\/p>\n<p><span><\/span><\/p>\n<p>[\/et_pb_text][\/et_pb_column][\/et_pb_row][\/et_pb_section]<\/p>\n","protected":false},"excerpt":{"rendered":"<p>Contacts de notre agence \u00e9v\u00e8nementielleInfos utiles 06 43 52 89 61 morphea@event.fr 28 rue Amiral Mouchez Paris 75014 10H 18H &nbsp; &nbsp; &nbsp;Nos r\u00e9seaux Instagram : themorpheagency Linkedin : morpheangency tiktok\/youtube : themorphea X : morphea Snap : snmorphea &nbsp; &nbsp;Excellente collaboration avec cette agence \u00e9v\u00e9nementielle. Professionnelle, r\u00e9active et force de proposition, elle a parfaitement [&hellip;]<\/p>\n","protected":false},"author":68,"featured_media":0,"parent":0,"menu_order":0,"comment_status":"closed","ping_status":"closed","template":"","meta":{"_et_pb_use_builder":"on","_et_pb_old_content":"","_et_gb_content_width":"","footnotes":""},"class_list":["post-98","page","type-page","status-publish","hentry"],"yoast_head":"<!-- This site is optimized with the Yoast SEO plugin v26.5 - https:\/\/yoast.com\/wordpress\/plugins\/seo\/ -->\n<title>Tous les informations sur l&#039;agence \u00e9v\u00e8nementielle Morphea !<\/title>\n<meta name=\"description\" content=\"Tu veux rejoindre la team de notre agence \u00e9v\u00e8nementielle et tu cherches le moyen de contacter notre agence ? Trouves toutes les infos ici !\" \/>\n<meta name=\"robots\" content=\"index, follow, max-snippet:-1, max-image-preview:large, max-video-preview:-1\" \/>\n<link rel=\"canonical\" href=\"https:\/\/3sport2025.ppawebdesign.com\/c2\/agence-evenementielle\/\" \/>\n<meta property=\"og:locale\" content=\"fr_FR\" \/>\n<meta property=\"og:type\" content=\"article\" \/>\n<meta property=\"og:title\" content=\"Tous les informations sur l&#039;agence \u00e9v\u00e8nementielle Morphea !\" \/>\n<meta property=\"og:description\" content=\"Tu veux rejoindre la team de notre agence \u00e9v\u00e8nementielle et tu cherches le moyen de contacter notre agence ? Trouves toutes les infos ici !\" \/>\n<meta property=\"og:url\" content=\"https:\/\/3sport2025.ppawebdesign.com\/c2\/agence-evenementielle\/\" \/>\n<meta property=\"og:site_name\" content=\"Morph\u00e9a\" \/>\n<meta property=\"article:modified_time\" content=\"2025-12-05T09:31:15+00:00\" \/>\n<meta name=\"twitter:card\" content=\"summary_large_image\" \/>\n<meta name=\"twitter:label1\" content=\"Dur\u00e9e de lecture estim\u00e9e\" \/>\n\t<meta name=\"twitter:data1\" content=\"2 minutes\" \/>\n<script type=\"application\/ld+json\" class=\"yoast-schema-graph\">{\"@context\":\"https:\/\/schema.org\",\"@graph\":[{\"@type\":\"WebPage\",\"@id\":\"https:\/\/3sport2025.ppawebdesign.com\/c2\/agence-evenementielle\/\",\"url\":\"https:\/\/3sport2025.ppawebdesign.com\/c2\/agence-evenementielle\/\",\"name\":\"Tous les informations sur l'agence \u00e9v\u00e8nementielle Morphea !\",\"isPartOf\":{\"@id\":\"https:\/\/3sport2025.ppawebdesign.com\/c2\/#website\"},\"datePublished\":\"2025-12-03T13:31:09+00:00\",\"dateModified\":\"2025-12-05T09:31:15+00:00\",\"description\":\"Tu veux rejoindre la team de notre agence \u00e9v\u00e8nementielle et tu cherches le moyen de contacter notre agence ? Trouves toutes les infos ici !\",\"breadcrumb\":{\"@id\":\"https:\/\/3sport2025.ppawebdesign.com\/c2\/agence-evenementielle\/#breadcrumb\"},\"inLanguage\":\"fr-FR\",\"potentialAction\":[{\"@type\":\"ReadAction\",\"target\":[\"https:\/\/3sport2025.ppawebdesign.com\/c2\/agence-evenementielle\/\"]}]},{\"@type\":\"BreadcrumbList\",\"@id\":\"https:\/\/3sport2025.ppawebdesign.com\/c2\/agence-evenementielle\/#breadcrumb\",\"itemListElement\":[{\"@type\":\"ListItem\",\"position\":1,\"name\":\"Accueil\",\"item\":\"https:\/\/3sport2025.ppawebdesign.com\/c2\/\"},{\"@type\":\"ListItem\",\"position\":2,\"name\":\"Contact \/ Info\"}]},{\"@type\":\"WebSite\",\"@id\":\"https:\/\/3sport2025.ppawebdesign.com\/c2\/#website\",\"url\":\"https:\/\/3sport2025.ppawebdesign.com\/c2\/\",\"name\":\"Morph\u00e9a\",\"description\":\"\",\"potentialAction\":[{\"@type\":\"SearchAction\",\"target\":{\"@type\":\"EntryPoint\",\"urlTemplate\":\"https:\/\/3sport2025.ppawebdesign.com\/c2\/?s={search_term_string}\"},\"query-input\":{\"@type\":\"PropertyValueSpecification\",\"valueRequired\":true,\"valueName\":\"search_term_string\"}}],\"inLanguage\":\"fr-FR\"}]}<\/script>\n<!-- \/ Yoast SEO plugin. -->","yoast_head_json":{"title":"Tous les informations sur l'agence \u00e9v\u00e8nementielle Morphea !","description":"Tu veux rejoindre la team de notre agence \u00e9v\u00e8nementielle et tu cherches le moyen de contacter notre agence ? Trouves toutes les infos ici !","robots":{"index":"index","follow":"follow","max-snippet":"max-snippet:-1","max-image-preview":"max-image-preview:large","max-video-preview":"max-video-preview:-1"},"canonical":"https:\/\/3sport2025.ppawebdesign.com\/c2\/agence-evenementielle\/","og_locale":"fr_FR","og_type":"article","og_title":"Tous les informations sur l'agence \u00e9v\u00e8nementielle Morphea !","og_description":"Tu veux rejoindre la team de notre agence \u00e9v\u00e8nementielle et tu cherches le moyen de contacter notre agence ? Trouves toutes les infos ici !","og_url":"https:\/\/3sport2025.ppawebdesign.com\/c2\/agence-evenementielle\/","og_site_name":"Morph\u00e9a","article_modified_time":"2025-12-05T09:31:15+00:00","twitter_card":"summary_large_image","twitter_misc":{"Dur\u00e9e de lecture estim\u00e9e":"2 minutes"},"schema":{"@context":"https:\/\/schema.org","@graph":[{"@type":"WebPage","@id":"https:\/\/3sport2025.ppawebdesign.com\/c2\/agence-evenementielle\/","url":"https:\/\/3sport2025.ppawebdesign.com\/c2\/agence-evenementielle\/","name":"Tous les informations sur l'agence \u00e9v\u00e8nementielle Morphea !","isPartOf":{"@id":"https:\/\/3sport2025.ppawebdesign.com\/c2\/#website"},"datePublished":"2025-12-03T13:31:09+00:00","dateModified":"2025-12-05T09:31:15+00:00","description":"Tu veux rejoindre la team de notre agence \u00e9v\u00e8nementielle et tu cherches le moyen de contacter notre agence ? Trouves toutes les infos ici !","breadcrumb":{"@id":"https:\/\/3sport2025.ppawebdesign.com\/c2\/agence-evenementielle\/#breadcrumb"},"inLanguage":"fr-FR","potentialAction":[{"@type":"ReadAction","target":["https:\/\/3sport2025.ppawebdesign.com\/c2\/agence-evenementielle\/"]}]},{"@type":"BreadcrumbList","@id":"https:\/\/3sport2025.ppawebdesign.com\/c2\/agence-evenementielle\/#breadcrumb","itemListElement":[{"@type":"ListItem","position":1,"name":"Accueil","item":"https:\/\/3sport2025.ppawebdesign.com\/c2\/"},{"@type":"ListItem","position":2,"name":"Contact \/ Info"}]},{"@type":"WebSite","@id":"https:\/\/3sport2025.ppawebdesign.com\/c2\/#website","url":"https:\/\/3sport2025.ppawebdesign.com\/c2\/","name":"Morph\u00e9a","description":"","potentialAction":[{"@type":"SearchAction","target":{"@type":"EntryPoint","urlTemplate":"https:\/\/3sport2025.ppawebdesign.com\/c2\/?s={search_term_string}"},"query-input":{"@type":"PropertyValueSpecification","valueRequired":true,"valueName":"search_term_string"}}],"inLanguage":"fr-FR"}]}},"_links":{"self":[{"href":"https:\/\/3sport2025.ppawebdesign.com\/c2\/wp-json\/wp\/v2\/pages\/98","targetHints":{"allow":["GET"]}}],"collection":[{"href":"https:\/\/3sport2025.ppawebdesign.com\/c2\/wp-json\/wp\/v2\/pages"}],"about":[{"href":"https:\/\/3sport2025.ppawebdesign.com\/c2\/wp-json\/wp\/v2\/types\/page"}],"author":[{"embeddable":true,"href":"https:\/\/3sport2025.ppawebdesign.com\/c2\/wp-json\/wp\/v2\/users\/68"}],"replies":[{"embeddable":true,"href":"https:\/\/3sport2025.ppawebdesign.com\/c2\/wp-json\/wp\/v2\/comments?post=98"}],"version-history":[{"count":38,"href":"https:\/\/3sport2025.ppawebdesign.com\/c2\/wp-json\/wp\/v2\/pages\/98\/revisions"}],"predecessor-version":[{"id":534,"href":"https:\/\/3sport2025.ppawebdesign.com\/c2\/wp-json\/wp\/v2\/pages\/98\/revisions\/534"}],"wp:attachment":[{"href":"https:\/\/3sport2025.ppawebdesign.com\/c2\/wp-json\/wp\/v2\/media?parent=98"}],"curies":[{"name":"wp","href":"https:\/\/api.w.org\/{rel}","templated":true}]}}