{"id":40,"date":"2025-12-02T12:45:12","date_gmt":"2025-12-02T11:45:12","guid":{"rendered":"https:\/\/3sport2025.ppawebdesign.com\/c3\/?page_id=40"},"modified":"2025-12-04T16:55:25","modified_gmt":"2025-12-04T15:55:25","slug":"creation-devenements-sportifs","status":"publish","type":"page","link":"https:\/\/3sport2025.ppawebdesign.com\/c3\/","title":{"rendered":"Accueil"},"content":{"rendered":"\n[et_pb_section fb_built=\u00a0\u00bb1&Prime; fullwidth=\u00a0\u00bbon\u00a0\u00bb _builder_version=\u00a0\u00bb4.27.4&Prime; _module_preset=\u00a0\u00bbdefault\u00a0\u00bb global_colors_info=\u00a0\u00bb{}\u00a0\u00bb][et_pb_fullwidth_slider arrows_custom_color=\u00a0\u00bb#FFFFFF\u00a0\u00bb _builder_version=\u00a0\u00bb4.27.4&Prime; _module_preset=\u00a0\u00bbdefault\u00a0\u00bb background_color=\u00a0\u00bb#0C71C3&Prime; custom_button=\u00a0\u00bbon\u00a0\u00bb button_icon=\u00a0\u00bb&#x24;||divi||400&Prime; box_shadow_style_button=\u00a0\u00bbpreset1&Prime; global_colors_info=\u00a0\u00bb{}\u00a0\u00bb][et_pb_slide heading=\u00a0\u00bbAgence \u00e9v\u00e8nementiel sportive\u00a0\u00bb button_text=\u00a0\u00bbQui sommes-nous\u00a0\u00bb button_link=\u00a0\u00bbhttps:\/\/3sport2025.ppawebdesign.com\/c3\/wp-admin\/post.php?post=42&amp;action=edit\u00a0\u00bb image=\u00a0\u00bbhttps:\/\/3sport2025.ppawebdesign.com\/c3\/wp-content\/uploads\/sites\/14\/2025\/12\/4_sports_photo.jpg\u00a0\u00bb _builder_version=\u00a0\u00bb4.27.4&Prime; _module_preset=\u00a0\u00bbdefault\u00a0\u00bb global_colors_info=\u00a0\u00bb{}\u00a0\u00bb sticky_transition=\u00a0\u00bbon\u00a0\u00bb]<p>Une id\u00e9e en t\u00eate ? Un projet \u00e0 r\u00e9aliser ? Des collaborateurs \u00e0 satisfaire ? LC Agency vous accompagne \u00e0 r\u00e9aliser tout vos projet \u00e9v\u00e8nementiel.<\/p>\n<p>D\u00e9couvrez notre univers et nos projets, n&rsquo;h\u00e9sitez plus et faites nous confiance.\u00a0<\/p>\n<p>&nbsp;<\/p>[\/et_pb_slide][et_pb_slide heading=\u00a0\u00bbCe que nous vous proposons\u00a0\u00bb button_text=\u00a0\u00bbSport\u00a0\u00bb button_link=\u00a0\u00bbhttps:\/\/3sport2025.ppawebdesign.com\/c3\/wp-admin\/post.php?post=46&amp;action=edit\u00a0\u00bb image=\u00a0\u00bbhttps:\/\/3sport2025.ppawebdesign.com\/c3\/wp-content\/uploads\/sites\/14\/2025\/12\/les-enfants-pratiquant-un-sport-collectif-presentent-par-exemple-moins-de-troubles-de-type-anxieux-photo-adobe-stock-1660137538.jpg\u00a0\u00bb _builder_version=\u00a0\u00bb4.27.4&Prime; _module_preset=\u00a0\u00bbdefault\u00a0\u00bb global_colors_info=\u00a0\u00bb{}\u00a0\u00bb sticky_transition=\u00a0\u00bbon\u00a0\u00bb]<p>Nous pouvons vous aidez sur tous les sports que vous souhaitez.<\/p>\n<p>Notre passion et notre exp\u00e9rience prouve que nous somme capables de relever tous les d\u00e9fis.\u00a0<\/p>\n<p>D\u00e9couvrez les sports que nous proposons. Nous pourrons nous adapter \u00e0 vos projets.<\/p>\n<p>&nbsp;<\/p>[\/et_pb_slide][et_pb_slide heading=\u00a0\u00bbNotre \u00e9quipe\u00a0\u00bb button_text=\u00a0\u00bb\u00c9quipe\u00a0\u00bb button_link=\u00a0\u00bbhttps:\/\/3sport2025.ppawebdesign.com\/c3\/wp-admin\/post.php?post=44&amp;action=edit\u00a0\u00bb image=\u00a0\u00bbhttps:\/\/3sport2025.ppawebdesign.com\/c3\/wp-content\/uploads\/sites\/14\/2025\/12\/equipe-projet-creation-dentreprise.png\u00a0\u00bb _builder_version=\u00a0\u00bb4.27.4&Prime; _module_preset=\u00a0\u00bbdefault\u00a0\u00bb global_colors_info=\u00a0\u00bb{}\u00a0\u00bb sticky_transition=\u00a0\u00bbon\u00a0\u00bb]<p>Gr\u00e2ce \u00e0 notre \u00e9quipe de passionn\u00e9s, nous vous aiderons \u00e0 r\u00e9aliser vos projets \u00e9v\u00e8nementiels.<\/p>\n<p>Nos comp\u00e9tences et exp\u00e9riences respectives font de nous une \u00e9quipe compl\u00e9mentaire qui saura vous aider et r\u00e9pondre \u00e0 vos attentes.<\/p>\n<p>&nbsp;<\/p>[\/et_pb_slide][et_pb_slide heading=\u00a0\u00bbContactez-nous\u00a0\u00bb button_text=\u00a0\u00bbFormulaire\u00a0\u00bb button_link=\u00a0\u00bbhttps:\/\/3sport2025.ppawebdesign.com\/c3\/wp-admin\/post.php?post=48&amp;action=edit\u00a0\u00bb image=\u00a0\u00bbhttps:\/\/3sport2025.ppawebdesign.com\/c3\/wp-content\/uploads\/sites\/14\/2025\/12\/list-2389219_1280.png\u00a0\u00bb _builder_version=\u00a0\u00bb4.27.4&Prime; _module_preset=\u00a0\u00bbdefault\u00a0\u00bb global_colors_info=\u00a0\u00bb{}\u00a0\u00bb sticky_transition=\u00a0\u00bbon\u00a0\u00bb]<p>Pour plus d&rsquo;informations, remplissez le formulaire de contact.<\/p>\n<p>Une interrogation ? Un projet en t\u00eate ? Nous saurons vous r\u00e9pondre.<\/p>\n<p>&nbsp;<\/p>[\/et_pb_slide][\/et_pb_fullwidth_slider][\/et_pb_section][et_pb_section fb_built=\u00a0\u00bb1&Prime; _builder_version=\u00a0\u00bb4.27.4&Prime; _module_preset=\u00a0\u00bbdefault\u00a0\u00bb global_colors_info=\u00a0\u00bb{}\u00a0\u00bb][et_pb_row column_structure=\u00a0\u00bb1_4,1_2,1_4&Prime; _builder_version=\u00a0\u00bb4.27.4&Prime; _module_preset=\u00a0\u00bbdefault\u00a0\u00bb global_colors_info=\u00a0\u00bb{}\u00a0\u00bb][et_pb_column type=\u00a0\u00bb1_4&Prime; _builder_version=\u00a0\u00bb4.27.4&Prime; _module_preset=\u00a0\u00bbdefault\u00a0\u00bb global_colors_info=\u00a0\u00bb{}\u00a0\u00bb][et_pb_text _builder_version=\u00a0\u00bb4.27.4&Prime; _module_preset=\u00a0\u00bbdefault\u00a0\u00bb global_colors_info=\u00a0\u00bb{}\u00a0\u00bb]<p><span style=\"color: #0c71c3\"><span class='et-dropcap'>E<\/span>xprimez-vous et renforcez les liens de votre \u00e9quipe en organisant un team bulding autour du sport collectif.\u00a0<\/span><\/p>\n<p><span style=\"color: #0c71c3\">Organisez un \u00e9v\u00e8nement pour vos collaborateurs afin de les r\u00e9compenser.<\/span><span style=\"color: #0c71c3\"><\/span><\/p>\n<p><span style=\"color: #0c71c3\">Le sport cr\u00e9e une dynamique positive, stimule la coh\u00e9sion et encourage la collaboration dans une ambiance conviviale.\u00a0<\/span><\/p>\n<p><span style=\"color: #0c71c3\"><\/span><\/p>[\/et_pb_text][\/et_pb_column][et_pb_column type=\u00a0\u00bb1_2&Prime; _builder_version=\u00a0\u00bb4.27.4&Prime; _module_preset=\u00a0\u00bbdefault\u00a0\u00bb global_colors_info=\u00a0\u00bb{}\u00a0\u00bb][et_pb_image src=\u00a0\u00bbhttps:\/\/3sport2025.ppawebdesign.com\/c3\/wp-content\/uploads\/sites\/14\/2025\/12\/team-building.jpg\u00a0\u00bb title_text=\u00a0\u00bbteam-building\u00a0\u00bb _builder_version=\u00a0\u00bb4.27.4&Prime; _module_preset=\u00a0\u00bbdefault\u00a0\u00bb transform_scale=\u00a0\u00bb102%|102%\u00a0\u00bb global_colors_info=\u00a0\u00bb{}\u00a0\u00bb][\/et_pb_image][\/et_pb_column][et_pb_column type=\u00a0\u00bb1_4&Prime; _builder_version=\u00a0\u00bb4.27.4&Prime; _module_preset=\u00a0\u00bbdefault\u00a0\u00bb global_colors_info=\u00a0\u00bb{}\u00a0\u00bb][et_pb_text _builder_version=\u00a0\u00bb4.27.4&Prime; _module_preset=\u00a0\u00bbdefault\u00a0\u00bb global_colors_info=\u00a0\u00bb{}\u00a0\u00bb]<p><span style=\"color: #0c71c3\"><span class='et-dropcap'>F<\/span>\u00eatez l&rsquo;anniversaire de votre entreprise en organisant une soir\u00e9e m\u00e9morable.<\/span><\/p>\n<p><span style=\"color: #0c71c3\">Vous souhaitez faire appel \u00e0 un organisme ext\u00e9rieur afin de vous aider dans vos projets professionnels.<\/span><\/p>\n<p><span style=\"color: #0c71c3\">\u00c0 travers des d\u00e9fis sportifs, vos \u00e9quipes auront l\u2019occasion de partager un moment unique, de se d\u00e9passer et de renforcer leur esprit d\u2019unit\u00e9.\u00a0<\/span><\/p>\n<p>&nbsp;<\/p>[\/et_pb_text][\/et_pb_column][\/et_pb_row][et_pb_row _builder_version=\u00a0\u00bb4.27.4&Prime; _module_preset=\u00a0\u00bbdefault\u00a0\u00bb global_colors_info=\u00a0\u00bb{}\u00a0\u00bb][et_pb_column type=\u00a0\u00bb4_4&Prime; _builder_version=\u00a0\u00bb4.27.4&Prime; _module_preset=\u00a0\u00bbdefault\u00a0\u00bb global_colors_info=\u00a0\u00bb{}\u00a0\u00bb][et_pb_text _builder_version=\u00a0\u00bb4.27.4&Prime; _module_preset=\u00a0\u00bbdefault\u00a0\u00bb global_colors_info=\u00a0\u00bb{}\u00a0\u00bb]<p><span style=\"color: #0c71c3\">Envie de d\u00e9couvrir un extrait de nos projets r\u00e9alis\u00e9s ? Cette vid\u00e9o montre ce que LC Agency a apport\u00e9 \u00e0 la FDJ pour leur s\u00e9minaire d&rsquo;int\u00e9gration. Cela a renforc\u00e9 leurs liens et les collaborateur \u00e9taient plus que satisfaits.<\/span><\/p>\n<p><span style=\"color: #0c71c3\"><\/span><\/p>[\/et_pb_text][et_pb_video src=\u00a0\u00bbhttps:\/\/3sport2025.ppawebdesign.com\/c3\/wp-content\/uploads\/sites\/14\/2025\/12\/screenrecording-12-04-2025-15_cEw12sfg.mp4&Prime; _builder_version=\u00a0\u00bb4.27.4&Prime; _module_preset=\u00a0\u00bbdefault\u00a0\u00bb hover_enabled=\u00a0\u00bb0&Prime; global_colors_info=\u00a0\u00bb{}\u00a0\u00bb sticky_enabled=\u00a0\u00bb0&Prime; title_text=\u00a0\u00bbscreenrecording-12-04-2025-15_cEw12sfg\u00a0\u00bb][\/et_pb_video][\/et_pb_column][\/et_pb_row][et_pb_row column_structure=\u00a0\u00bb1_2,1_2&Prime; _builder_version=\u00a0\u00bb4.27.4&Prime; _module_preset=\u00a0\u00bbdefault\u00a0\u00bb global_colors_info=\u00a0\u00bb{}\u00a0\u00bb][et_pb_column type=\u00a0\u00bb1_2&Prime; _builder_version=\u00a0\u00bb4.27.4&Prime; _module_preset=\u00a0\u00bbdefault\u00a0\u00bb global_colors_info=\u00a0\u00bb{}\u00a0\u00bb][et_pb_social_media_follow _builder_version=\u00a0\u00bb4.27.4&Prime; _module_preset=\u00a0\u00bbdefault\u00a0\u00bb global_colors_info=\u00a0\u00bb{}\u00a0\u00bb][et_pb_social_media_follow_network social_network=\u00a0\u00bbfacebook\u00a0\u00bb _builder_version=\u00a0\u00bb4.27.4&Prime; _module_preset=\u00a0\u00bbdefault\u00a0\u00bb background_color=\u00a0\u00bb#3b5998&Prime; global_colors_info=\u00a0\u00bb{}\u00a0\u00bb follow_button=\u00a0\u00bboff\u00a0\u00bb url_new_window=\u00a0\u00bbon\u00a0\u00bb]facebook[\/et_pb_social_media_follow_network][et_pb_social_media_follow_network social_network=\u00a0\u00bbtwitter\u00a0\u00bb _builder_version=\u00a0\u00bb4.27.4&Prime; _module_preset=\u00a0\u00bbdefault\u00a0\u00bb background_color=\u00a0\u00bb#000000&Prime; global_colors_info=\u00a0\u00bb{}\u00a0\u00bb follow_button=\u00a0\u00bboff\u00a0\u00bb url_new_window=\u00a0\u00bbon\u00a0\u00bb]X[\/et_pb_social_media_follow_network][\/et_pb_social_media_follow][\/et_pb_column][et_pb_column type=\u00a0\u00bb1_2&Prime; _builder_version=\u00a0\u00bb4.27.4&Prime; _module_preset=\u00a0\u00bbdefault\u00a0\u00bb global_colors_info=\u00a0\u00bb{}\u00a0\u00bb][\/et_pb_column][\/et_pb_row][et_pb_row _builder_version=\u00a0\u00bb4.27.4&Prime; _module_preset=\u00a0\u00bbdefault\u00a0\u00bb global_colors_info=\u00a0\u00bb{}\u00a0\u00bb][et_pb_column type=\u00a0\u00bb4_4&Prime; _builder_version=\u00a0\u00bb4.27.4&Prime; _module_preset=\u00a0\u00bbdefault\u00a0\u00bb global_colors_info=\u00a0\u00bb{}\u00a0\u00bb][et_pb_text _builder_version=\u00a0\u00bb4.27.4&Prime; _module_preset=\u00a0\u00bbdefault\u00a0\u00bb text_text_color=\u00a0\u00bb#0C71C3&Prime; header_2_text_color=\u00a0\u00bb#0C71C3&Prime; global_colors_info=\u00a0\u00bb{}\u00a0\u00bb]<h2>Ils nous ont fait confiance :<\/h2>[\/et_pb_text][\/et_pb_column][\/et_pb_row][et_pb_row column_structure=\u00a0\u00bb1_4,1_4,1_4,1_4&Prime; _builder_version=\u00a0\u00bb4.27.4&Prime; _module_preset=\u00a0\u00bbdefault\u00a0\u00bb global_colors_info=\u00a0\u00bb{}\u00a0\u00bb][et_pb_column type=\u00a0\u00bb1_4&Prime; _builder_version=\u00a0\u00bb4.27.4&Prime; _module_preset=\u00a0\u00bbdefault\u00a0\u00bb global_colors_info=\u00a0\u00bb{}\u00a0\u00bb][et_pb_image src=\u00a0\u00bbhttps:\/\/3sport2025.ppawebdesign.com\/c3\/wp-content\/uploads\/sites\/14\/2025\/12\/LOGO_FDJ.png\u00a0\u00bb title_text=\u00a0\u00bbLOGO_FDJ\u00a0\u00bb _builder_version=\u00a0\u00bb4.27.4&Prime; _module_preset=\u00a0\u00bbdefault\u00a0\u00bb global_colors_info=\u00a0\u00bb{}\u00a0\u00bb][\/et_pb_image][\/et_pb_column][et_pb_column type=\u00a0\u00bb1_4&Prime; _builder_version=\u00a0\u00bb4.27.4&Prime; _module_preset=\u00a0\u00bbdefault\u00a0\u00bb global_colors_info=\u00a0\u00bb{}\u00a0\u00bb][et_pb_image src=\u00a0\u00bbhttps:\/\/3sport2025.ppawebdesign.com\/c3\/wp-content\/uploads\/sites\/14\/2025\/12\/Bein_sport_logo.svg_.png\u00a0\u00bb title_text=\u00a0\u00bbBein_sport_logo.svg\u00a0\u00bb _builder_version=\u00a0\u00bb4.27.4&Prime; _module_preset=\u00a0\u00bbdefault\u00a0\u00bb global_colors_info=\u00a0\u00bb{}\u00a0\u00bb][\/et_pb_image][\/et_pb_column][et_pb_column type=\u00a0\u00bb1_4&Prime; _builder_version=\u00a0\u00bb4.27.4&Prime; _module_preset=\u00a0\u00bbdefault\u00a0\u00bb global_colors_info=\u00a0\u00bb{}\u00a0\u00bb][et_pb_image src=\u00a0\u00bbhttps:\/\/3sport2025.ppawebdesign.com\/c3\/wp-content\/uploads\/sites\/14\/2025\/12\/Adidas_Logo.svg_.png\u00a0\u00bb title_text=\u00a0\u00bbAdidas_Logo.svg\u00a0\u00bb _builder_version=\u00a0\u00bb4.27.4&Prime; _module_preset=\u00a0\u00bbdefault\u00a0\u00bb global_colors_info=\u00a0\u00bb{}\u00a0\u00bb][\/et_pb_image][\/et_pb_column][et_pb_column type=\u00a0\u00bb1_4&Prime; _builder_version=\u00a0\u00bb4.27.4&Prime; _module_preset=\u00a0\u00bbdefault\u00a0\u00bb global_colors_info=\u00a0\u00bb{}\u00a0\u00bb][et_pb_image src=\u00a0\u00bbhttps:\/\/3sport2025.ppawebdesign.com\/c3\/wp-content\/uploads\/sites\/14\/2025\/12\/images.png\u00a0\u00bb title_text=\u00a0\u00bbimages\u00a0\u00bb _builder_version=\u00a0\u00bb4.27.4&Prime; _module_preset=\u00a0\u00bbdefault\u00a0\u00bb global_colors_info=\u00a0\u00bb{}\u00a0\u00bb][\/et_pb_image][\/et_pb_column][\/et_pb_row][et_pb_row _builder_version=\u00a0\u00bb4.27.4&Prime; _module_preset=\u00a0\u00bbdefault\u00a0\u00bb global_colors_info=\u00a0\u00bb{}\u00a0\u00bb][et_pb_column type=\u00a0\u00bb4_4&Prime; _builder_version=\u00a0\u00bb4.27.4&Prime; _module_preset=\u00a0\u00bbdefault\u00a0\u00bb global_colors_info=\u00a0\u00bb{}\u00a0\u00bb][et_pb_text _builder_version=\u00a0\u00bb4.27.4&Prime; _module_preset=\u00a0\u00bbdefault\u00a0\u00bb text_text_color=\u00a0\u00bb#0C71C3&Prime; global_colors_info=\u00a0\u00bb{}\u00a0\u00bb]<p>Comme eux, confiez-nous vos projets pour que nous les transformions en un r\u00eave \u00e9veill\u00e9. Rendez-vous sur la page contact pour nous exposer vos id\u00e9es.<\/p>[\/et_pb_text][\/et_pb_column][\/et_pb_row][\/et_pb_section]\n","protected":false},"excerpt":{"rendered":"<p>Une id\u00e9e en t\u00eate ? Un projet \u00e0 r\u00e9aliser ? Des collaborateurs \u00e0 satisfaire ? LC Agency vous accompagne \u00e0 r\u00e9aliser tout vos projet \u00e9v\u00e8nementiel. D\u00e9couvrez notre univers et nos projets, n&rsquo;h\u00e9sitez plus et faites nous confiance.\u00a0 &nbsp;Nous pouvons vous aidez sur tous les sports que vous souhaitez. Notre passion et notre exp\u00e9rience prouve que [&hellip;]<\/p>\n","protected":false},"author":73,"featured_media":0,"parent":0,"menu_order":0,"comment_status":"closed","ping_status":"closed","template":"","meta":{"_et_pb_use_builder":"on","_et_pb_old_content":"","_et_gb_content_width":"","footnotes":""},"class_list":["post-40","page","type-page","status-publish","hentry"],"yoast_head":"<!-- This site is optimized with the Yoast SEO plugin v26.5 - https:\/\/yoast.com\/wordpress\/plugins\/seo\/ -->\n<title>Agence \u00e9v\u00e8nementiel sportive : nous vous accompagnons<\/title>\n<meta name=\"description\" content=\"Une id\u00e9e en t\u00eate ? Des collaborateurs \u00e0 satisfaire ? Notre agence d&#039;\u00e9v\u00e8nementiel sportive vous accompagne dans tous vos projets\" \/>\n<meta name=\"robots\" content=\"index, follow, max-snippet:-1, max-image-preview:large, max-video-preview:-1\" \/>\n<link rel=\"canonical\" href=\"https:\/\/3sport2025.ppawebdesign.com\/c3\/\" \/>\n<meta property=\"og:locale\" content=\"fr_FR\" \/>\n<meta property=\"og:type\" content=\"article\" \/>\n<meta property=\"og:title\" content=\"Agence \u00e9v\u00e8nementiel sportive : nous vous accompagnons\" \/>\n<meta property=\"og:description\" content=\"Une id\u00e9e en t\u00eate ? Des collaborateurs \u00e0 satisfaire ? Notre agence d&#039;\u00e9v\u00e8nementiel sportive vous accompagne dans tous vos projets\" \/>\n<meta property=\"og:url\" content=\"https:\/\/3sport2025.ppawebdesign.com\/c3\/\" \/>\n<meta property=\"og:site_name\" content=\"LCagency\" \/>\n<meta property=\"article:modified_time\" content=\"2025-12-04T15:55:25+00:00\" \/>\n<meta name=\"twitter:card\" content=\"summary_large_image\" \/>\n<meta name=\"twitter:label1\" content=\"Dur\u00e9e de lecture estim\u00e9e\" \/>\n\t<meta name=\"twitter:data1\" content=\"4 minutes\" \/>\n<script type=\"application\/ld+json\" class=\"yoast-schema-graph\">{\"@context\":\"https:\/\/schema.org\",\"@graph\":[{\"@type\":\"WebPage\",\"@id\":\"https:\/\/3sport2025.ppawebdesign.com\/c3\/\",\"url\":\"https:\/\/3sport2025.ppawebdesign.com\/c3\/\",\"name\":\"Agence \u00e9v\u00e8nementiel sportive : nous vous accompagnons\",\"isPartOf\":{\"@id\":\"https:\/\/3sport2025.ppawebdesign.com\/c3\/#website\"},\"datePublished\":\"2025-12-02T11:45:12+00:00\",\"dateModified\":\"2025-12-04T15:55:25+00:00\",\"description\":\"Une id\u00e9e en t\u00eate ? Des collaborateurs \u00e0 satisfaire ? Notre agence d'\u00e9v\u00e8nementiel sportive vous accompagne dans tous vos projets\",\"breadcrumb\":{\"@id\":\"https:\/\/3sport2025.ppawebdesign.com\/c3\/#breadcrumb\"},\"inLanguage\":\"fr-FR\",\"potentialAction\":[{\"@type\":\"ReadAction\",\"target\":[\"https:\/\/3sport2025.ppawebdesign.com\/c3\/\"]}]},{\"@type\":\"BreadcrumbList\",\"@id\":\"https:\/\/3sport2025.ppawebdesign.com\/c3\/#breadcrumb\",\"itemListElement\":[{\"@type\":\"ListItem\",\"position\":1,\"name\":\"Accueil\",\"item\":\"https:\/\/3sport2025.ppawebdesign.com\/c3\/\"},{\"@type\":\"ListItem\",\"position\":2,\"name\":\"Accueil\"}]},{\"@type\":\"WebSite\",\"@id\":\"https:\/\/3sport2025.ppawebdesign.com\/c3\/#website\",\"url\":\"https:\/\/3sport2025.ppawebdesign.com\/c3\/\",\"name\":\"LCagency\",\"description\":\"\",\"potentialAction\":[{\"@type\":\"SearchAction\",\"target\":{\"@type\":\"EntryPoint\",\"urlTemplate\":\"https:\/\/3sport2025.ppawebdesign.com\/c3\/?s={search_term_string}\"},\"query-input\":{\"@type\":\"PropertyValueSpecification\",\"valueRequired\":true,\"valueName\":\"search_term_string\"}}],\"inLanguage\":\"fr-FR\"}]}<\/script>\n<!-- \/ Yoast SEO plugin. -->","yoast_head_json":{"title":"Agence \u00e9v\u00e8nementiel sportive : nous vous accompagnons","description":"Une id\u00e9e en t\u00eate ? Des collaborateurs \u00e0 satisfaire ? Notre agence d'\u00e9v\u00e8nementiel sportive vous accompagne dans tous vos projets","robots":{"index":"index","follow":"follow","max-snippet":"max-snippet:-1","max-image-preview":"max-image-preview:large","max-video-preview":"max-video-preview:-1"},"canonical":"https:\/\/3sport2025.ppawebdesign.com\/c3\/","og_locale":"fr_FR","og_type":"article","og_title":"Agence \u00e9v\u00e8nementiel sportive : nous vous accompagnons","og_description":"Une id\u00e9e en t\u00eate ? Des collaborateurs \u00e0 satisfaire ? Notre agence d'\u00e9v\u00e8nementiel sportive vous accompagne dans tous vos projets","og_url":"https:\/\/3sport2025.ppawebdesign.com\/c3\/","og_site_name":"LCagency","article_modified_time":"2025-12-04T15:55:25+00:00","twitter_card":"summary_large_image","twitter_misc":{"Dur\u00e9e de lecture estim\u00e9e":"4 minutes"},"schema":{"@context":"https:\/\/schema.org","@graph":[{"@type":"WebPage","@id":"https:\/\/3sport2025.ppawebdesign.com\/c3\/","url":"https:\/\/3sport2025.ppawebdesign.com\/c3\/","name":"Agence \u00e9v\u00e8nementiel sportive : nous vous accompagnons","isPartOf":{"@id":"https:\/\/3sport2025.ppawebdesign.com\/c3\/#website"},"datePublished":"2025-12-02T11:45:12+00:00","dateModified":"2025-12-04T15:55:25+00:00","description":"Une id\u00e9e en t\u00eate ? Des collaborateurs \u00e0 satisfaire ? Notre agence d'\u00e9v\u00e8nementiel sportive vous accompagne dans tous vos projets","breadcrumb":{"@id":"https:\/\/3sport2025.ppawebdesign.com\/c3\/#breadcrumb"},"inLanguage":"fr-FR","potentialAction":[{"@type":"ReadAction","target":["https:\/\/3sport2025.ppawebdesign.com\/c3\/"]}]},{"@type":"BreadcrumbList","@id":"https:\/\/3sport2025.ppawebdesign.com\/c3\/#breadcrumb","itemListElement":[{"@type":"ListItem","position":1,"name":"Accueil","item":"https:\/\/3sport2025.ppawebdesign.com\/c3\/"},{"@type":"ListItem","position":2,"name":"Accueil"}]},{"@type":"WebSite","@id":"https:\/\/3sport2025.ppawebdesign.com\/c3\/#website","url":"https:\/\/3sport2025.ppawebdesign.com\/c3\/","name":"LCagency","description":"","potentialAction":[{"@type":"SearchAction","target":{"@type":"EntryPoint","urlTemplate":"https:\/\/3sport2025.ppawebdesign.com\/c3\/?s={search_term_string}"},"query-input":{"@type":"PropertyValueSpecification","valueRequired":true,"valueName":"search_term_string"}}],"inLanguage":"fr-FR"}]}},"_links":{"self":[{"href":"https:\/\/3sport2025.ppawebdesign.com\/c3\/wp-json\/wp\/v2\/pages\/40","targetHints":{"allow":["GET"]}}],"collection":[{"href":"https:\/\/3sport2025.ppawebdesign.com\/c3\/wp-json\/wp\/v2\/pages"}],"about":[{"href":"https:\/\/3sport2025.ppawebdesign.com\/c3\/wp-json\/wp\/v2\/types\/page"}],"author":[{"embeddable":true,"href":"https:\/\/3sport2025.ppawebdesign.com\/c3\/wp-json\/wp\/v2\/users\/73"}],"replies":[{"embeddable":true,"href":"https:\/\/3sport2025.ppawebdesign.com\/c3\/wp-json\/wp\/v2\/comments?post=40"}],"version-history":[{"count":53,"href":"https:\/\/3sport2025.ppawebdesign.com\/c3\/wp-json\/wp\/v2\/pages\/40\/revisions"}],"predecessor-version":[{"id":381,"href":"https:\/\/3sport2025.ppawebdesign.com\/c3\/wp-json\/wp\/v2\/pages\/40\/revisions\/381"}],"wp:attachment":[{"href":"https:\/\/3sport2025.ppawebdesign.com\/c3\/wp-json\/wp\/v2\/media?parent=40"}],"curies":[{"name":"wp","href":"https:\/\/api.w.org\/{rel}","templated":true}]}}