{"id":42,"date":"2025-12-02T12:45:47","date_gmt":"2025-12-02T11:45:47","guid":{"rendered":"https:\/\/3sport2025.ppawebdesign.com\/c3\/?page_id=42"},"modified":"2025-12-04T22:38:08","modified_gmt":"2025-12-04T21:38:08","slug":"projet-evenementiel-lc-agency","status":"publish","type":"page","link":"https:\/\/3sport2025.ppawebdesign.com\/c3\/projet-evenementiel-lc-agency\/","title":{"rendered":"Projet \u00e9v\u00e9nementiel LC Agency"},"content":{"rendered":"\n[et_pb_section fb_built=\u00a0\u00bb1&Prime; _builder_version=\u00a0\u00bb4.27.4&Prime; _module_preset=\u00a0\u00bbdefault\u00a0\u00bb background_color=\u00a0\u00bbRGBA(255,255,255,0)\u00a0\u00bb use_background_color_gradient=\u00a0\u00bbon\u00a0\u00bb background_color_gradient_stops=\u00a0\u00bb#0c71c3 0%|#0ed0f2 100%\u00a0\u00bb min_height=\u00a0\u00bb767.5px\u00a0\u00bb global_colors_info=\u00a0\u00bb{}\u00a0\u00bb][et_pb_row _builder_version=\u00a0\u00bb4.27.4&Prime; _module_preset=\u00a0\u00bbdefault\u00a0\u00bb background_color=\u00a0\u00bbRGBA(255,255,255,0)\u00a0\u00bb global_colors_info=\u00a0\u00bb{}\u00a0\u00bb][et_pb_column type=\u00a0\u00bb4_4&Prime; _builder_version=\u00a0\u00bb4.27.4&Prime; _module_preset=\u00a0\u00bbdefault\u00a0\u00bb global_colors_info=\u00a0\u00bb{}\u00a0\u00bb][et_pb_text _builder_version=\u00a0\u00bb4.27.4&Prime; _module_preset=\u00a0\u00bbdefault\u00a0\u00bb text_text_color=\u00a0\u00bb#000000&Prime; hover_enabled=\u00a0\u00bb0&Prime; global_colors_info=\u00a0\u00bb{}\u00a0\u00bb header_font=\u00a0\u00bb|||on|||||\u00a0\u00bb sticky_enabled=\u00a0\u00bb0&Prime;]<h1><span style=\"color: #ffffff\">Projet \u00e9v\u00e8nementiel Sportif LC Agency<\/span><\/h1>[\/et_pb_text][\/et_pb_column][\/et_pb_row][et_pb_row column_structure=\u00a0\u00bb1_4,1_2,1_4&Prime; _builder_version=\u00a0\u00bb4.27.4&Prime; _module_preset=\u00a0\u00bbdefault\u00a0\u00bb custom_padding=\u00a0\u00bb4px|||||\u00a0\u00bb global_colors_info=\u00a0\u00bb{}\u00a0\u00bb][et_pb_column type=\u00a0\u00bb1_4&Prime; _builder_version=\u00a0\u00bb4.27.4&Prime; _module_preset=\u00a0\u00bbdefault\u00a0\u00bb global_colors_info=\u00a0\u00bb{}\u00a0\u00bb][et_pb_text _builder_version=\u00a0\u00bb4.27.4&Prime; _module_preset=\u00a0\u00bbdefault\u00a0\u00bb text_text_color=\u00a0\u00bb#FFFFFF\u00a0\u00bb background_color=\u00a0\u00bbRGBA(255,255,255,0)\u00a0\u00bb min_height=\u00a0\u00bb464px\u00a0\u00bb global_colors_info=\u00a0\u00bb{}\u00a0\u00bb]<h2><span class=\"a_GcMg font-feature-liga-off font-feature-clig-off font-feature-calt-off text-decoration-none text-strikethrough-none\" style=\"color: #ffffff\">Notre Mission :<\/span><\/h2>\n<p><span class=\"a_GcMg font-feature-liga-off font-feature-clig-off font-feature-calt-off text-decoration-none text-strikethrough-none\"><br \/><span style=\"color: #ffffff\">Apporter une structure et une gestion \u00e0 la hauteur des ambitions des prospects<\/span><\/span><\/p>\n<h2><span style=\"color: #ffffff\">Notre vision :<\/span><\/h2>\n<p><span style=\"color: #ffffff\">\u00c0 l\u2019aide de notre r\u00e9seau et de notre professionnalisme, nous vous aiderons \u00e0 d\u00e9velopper vos projets<\/span><br \/><span class=\"a_GcMg font-feature-liga-off font-feature-clig-off font-feature-calt-off text-decoration-none text-strikethrough-none\" style=\"color: #ffffff\"><\/span><\/p>\n<h2><span class=\"a_GcMg font-feature-liga-off font-feature-clig-off font-feature-calt-off text-decoration-none text-strikethrough-none\" style=\"color: #ffffff\">Nos objectifs :<\/span><\/h2>\n<p><span style=\"color: #ffffff\">Cr\u00e9er avec vous la meilleure exp\u00e9rience sportive<\/span><\/p>\n<p>&nbsp;<\/p>[\/et_pb_text][\/et_pb_column][et_pb_column type=\u00a0\u00bb1_2&Prime; _builder_version=\u00a0\u00bb4.27.4&Prime; _module_preset=\u00a0\u00bbdefault\u00a0\u00bb global_colors_info=\u00a0\u00bb{}\u00a0\u00bb][et_pb_image src=\u00a0\u00bbhttps:\/\/3sport2025.ppawebdesign.com\/c3\/wp-content\/uploads\/sites\/14\/2025\/12\/utmb_2022_08_26_utmb22_utmb_pb_00_0007_0b1625604c.jpg.webp.webp\u00a0\u00bb title_text=\u00a0\u00bbutmb_2022_08_26_utmb22_utmb_pb_00_0007_0b1625604c.jpg.webp\u00a0\u00bb _builder_version=\u00a0\u00bb4.27.4&Prime; _module_preset=\u00a0\u00bbdefault\u00a0\u00bb min_height=\u00a0\u00bb467.7px\u00a0\u00bb global_colors_info=\u00a0\u00bb{}\u00a0\u00bb][\/et_pb_image][\/et_pb_column][et_pb_column type=\u00a0\u00bb1_4&Prime; _builder_version=\u00a0\u00bb4.27.4&Prime; _module_preset=\u00a0\u00bbdefault\u00a0\u00bb global_colors_info=\u00a0\u00bb{}\u00a0\u00bb][et_pb_text _builder_version=\u00a0\u00bb4.27.4&Prime; _module_preset=\u00a0\u00bbdefault\u00a0\u00bb global_colors_info=\u00a0\u00bb{}\u00a0\u00bb]<h2><span style=\"color: #ffffff\">\u00a0Pr\u00e9sentation de l\u2019agence et de notre mission :<\/span><\/h2>\n<p><span style=\"color: #ffffff\">Chez <strong data-start=\"328\" data-end=\"341\">LC Agency<\/strong>, nous croyons que chaque \u00e9v\u00e9nement sportif m\u00e9rite d\u2019\u00eatre unique, qu\u2019il s\u2019agisse d\u2019un projet priv\u00e9 ou professionnel. Notre mission est de <strong>vous accompagner de l\u2019id\u00e9e \u00e0 la r\u00e9alisation<\/strong>, en mettant \u00e0 votre disposition notre expertise, <strong>notre cr\u00e9ativit\u00e9 et notre r\u00e9seau<\/strong>. Gr\u00e2ce \u00e0 notre \u00e9quipe de professionnels passionn\u00e9s, chaque projet prend forme de mani\u00e8re fluide et sur-mesure, pour cr\u00e9er des exp\u00e9riences m\u00e9morables pour vous et vos participants.<\/span><\/p>[\/et_pb_text][\/et_pb_column][\/et_pb_row][\/et_pb_section][et_pb_section fb_built=\u00a0\u00bb1&Prime; _builder_version=\u00a0\u00bb4.27.4&Prime; _module_preset=\u00a0\u00bbdefault\u00a0\u00bb use_background_color_gradient=\u00a0\u00bbon\u00a0\u00bb background_color_gradient_type=\u00a0\u00bbelliptical\u00a0\u00bb background_color_gradient_stops=\u00a0\u00bb#0c71c3 2%|#0ed0f2 71%\u00a0\u00bb global_colors_info=\u00a0\u00bb{}\u00a0\u00bb][et_pb_row _builder_version=\u00a0\u00bb4.27.4&Prime; _module_preset=\u00a0\u00bbdefault\u00a0\u00bb global_colors_info=\u00a0\u00bb{}\u00a0\u00bb][et_pb_column type=\u00a0\u00bb4_4&Prime; _builder_version=\u00a0\u00bb4.27.4&Prime; _module_preset=\u00a0\u00bbdefault\u00a0\u00bb global_colors_info=\u00a0\u00bb{}\u00a0\u00bb][et_pb_text _builder_version=\u00a0\u00bb4.27.4&Prime; _module_preset=\u00a0\u00bbdefault\u00a0\u00bb global_colors_info=\u00a0\u00bb{}\u00a0\u00bb]<p><span style=\"color: #ffffff\">Pourquoi nous choisir : Faire confiance \u00e0 <strong data-start=\"1340\" data-end=\"1353\">LC Agency<\/strong>, c\u2019est choisir un partenaire engag\u00e9, passionn\u00e9 et attentif aux d\u00e9tails. Nous mettons notre savoir-faire au service de vos projets sportifs, en combinant cr\u00e9ativit\u00e9, organisation et professionnalisme. Notre objectif : vous offrir une<strong> exp\u00e9rience cl\u00e9-en-main<\/strong>, que vos participants n\u2019oublieront jamais. Avec LC Agency, chaque \u00e9v\u00e9nement devient bien plus qu\u2019un simple rendez-vous sportif, c\u2019est un v\u00e9ritable moment d\u2019\u00e9motion et de partage.<\/span><\/p>[\/et_pb_text][\/et_pb_column][\/et_pb_row][et_pb_row column_structure=\u00a0\u00bb1_2,1_2&Prime; _builder_version=\u00a0\u00bb4.27.4&Prime; _module_preset=\u00a0\u00bbdefault\u00a0\u00bb custom_padding=\u00a0\u00bb7px|||||\u00a0\u00bb global_colors_info=\u00a0\u00bb{}\u00a0\u00bb][et_pb_column type=\u00a0\u00bb1_2&Prime; _builder_version=\u00a0\u00bb4.27.4&Prime; _module_preset=\u00a0\u00bbdefault\u00a0\u00bb global_colors_info=\u00a0\u00bb{}\u00a0\u00bb][et_pb_text _builder_version=\u00a0\u00bb4.27.4&Prime; _module_preset=\u00a0\u00bbdefault\u00a0\u00bb global_colors_info=\u00a0\u00bb{}\u00a0\u00bb]<h2><span><span style=\"color: #ffffff\">P\u00f4le Hospitality \u2013 LC Agency<\/span><\/span><\/h2>\n<h4><span><br \/><span style=\"color: #ffffff\">Chez <\/span><\/span><span style=\"color: #ffffff\"><strong data-start=\"159\" data-end=\"172\">LC Agency<\/strong>, notre p\u00f4le <strong data-start=\"185\" data-end=\"200\">Hospitality<\/strong> est d\u00e9di\u00e9 \u00e0 offrir des exp\u00e9riences uniques et m\u00e9morables \u00e0 vos invit\u00e9s. Qu\u2019il s\u2019agisse de soir\u00e9es VIP, d\u2019inaugurations, de lancements de produits ou d\u2019\u00e9v\u00e9nements corporate, nous nous chargeons de chaque d\u00e9tail pour garantir un accueil irr\u00e9prochable et une atmosph\u00e8re parfaitement orchestr\u00e9e.<\/span><br data-start=\"492\" data-end=\"495\" \/><span style=\"color: #ffffff\">Notre \u00e9quipe met en avant l\u2019excellence, la personnalisation et la cr\u00e9ativit\u00e9 pour que chaque \u00e9v\u00e9nement soit \u00e0 l\u2019image de votre marque. Avec <strong data-start=\"635\" data-end=\"648\">LC Agency<\/strong>, vos invit\u00e9s vivent bien plus qu\u2019un \u00e9v\u00e9nement : ils vivent une exp\u00e9rience inoubliable.<\/span><\/h4>[\/et_pb_text][et_pb_text _builder_version=\u00a0\u00bb4.27.4&Prime; _module_preset=\u00a0\u00bbdefault\u00a0\u00bb global_colors_info=\u00a0\u00bb{}\u00a0\u00bb]<h2><span style=\"color: #ffffff\"><span>P\u00f4le Cr\u00e9ation d\u2019\u00c9v\u00e9nements \u2013 LC Agency<\/span><\/span><\/h2>\n<p><span style=\"color: #ffffff\"><span><\/span><\/span><\/p>\n<p><span style=\"color: #ffffff\">Le p\u00f4le Cr\u00e9ation d\u2019\u00c9v\u00e9nements de LC Agency <strong>transforme vos id\u00e9es en moments exceptionnels.<\/strong> De la conception \u00e0 la r\u00e9alisation, nous imaginons des \u00e9v\u00e9nements sur-mesure, innovants et immersifs, adapt\u00e9s \u00e0 votre identit\u00e9 et \u00e0 vos objectifs.<\/span><br data-start=\"1039\" data-end=\"1042\" \/><span style=\"color: #ffffff\">Qu\u2019il s\u2019agisse de soir\u00e9es th\u00e9matiques, de lancements produits, de conventions ou d\u2019exp\u00e9riences interactives, nous orchestrons chaque \u00e9tape avec passion et pr\u00e9cision pour cr\u00e9er des instants m\u00e9morables. Avec LC Agency, chaque \u00e9v\u00e9nement devient une v\u00e9ritable signature cr\u00e9ative.<\/span><\/p>[\/et_pb_text][\/et_pb_column][et_pb_column type=\u00a0\u00bb1_2&Prime; _builder_version=\u00a0\u00bb4.27.4&Prime; _module_preset=\u00a0\u00bbdefault\u00a0\u00bb global_colors_info=\u00a0\u00bb{}\u00a0\u00bb][et_pb_image src=\u00a0\u00bbhttps:\/\/3sport2025.ppawebdesign.com\/c3\/wp-content\/uploads\/sites\/14\/2025\/12\/9e4e7ac1-c94a-4f89-a20f-6d227b4c91a4.jpg\u00a0\u00bb title_text=\u00a0\u00bb9e4e7ac1-c94a-4f89-a20f-6d227b4c91a4&Prime; _builder_version=\u00a0\u00bb4.27.4&Prime; _module_preset=\u00a0\u00bbdefault\u00a0\u00bb global_colors_info=\u00a0\u00bb{}\u00a0\u00bb][\/et_pb_image][\/et_pb_column][\/et_pb_row][\/et_pb_section][et_pb_section fb_built=\u00a0\u00bb1&Prime; _builder_version=\u00a0\u00bb4.27.4&Prime; _module_preset=\u00a0\u00bbdefault\u00a0\u00bb global_colors_info=\u00a0\u00bb{}\u00a0\u00bb][et_pb_row column_structure=\u00a0\u00bb1_3,1_3,1_3&Prime; _builder_version=\u00a0\u00bb4.27.4&Prime; _module_preset=\u00a0\u00bbdefault\u00a0\u00bb custom_padding=\u00a0\u00bb||1px|||\u00a0\u00bb global_colors_info=\u00a0\u00bb{}\u00a0\u00bb][et_pb_column type=\u00a0\u00bb1_3&Prime; _builder_version=\u00a0\u00bb4.27.4&Prime; _module_preset=\u00a0\u00bbdefault\u00a0\u00bb global_colors_info=\u00a0\u00bb{}\u00a0\u00bb][et_pb_text _builder_version=\u00a0\u00bb4.27.4&Prime; _module_preset=\u00a0\u00bbdefault\u00a0\u00bb global_colors_info=\u00a0\u00bb{}\u00a0\u00bb]<p><span style=\"color: #0c71c3\">Notre approche et accompagnement :<\/span><\/p>\n<p><span style=\"color: #0c71c3\">Organiser un \u00e9v\u00e9nement sportif peut \u00eatre complexe, mais avec <strong data-start=\"905\" data-end=\"918\">LC Agency<\/strong>, vous n\u2019\u00eates jamais seul. Nous vous aidons \u00e0 concevoir, planifier et ex\u00e9cuter votre projet, en alliant rigueur, innovation et \u00e9coute. Que vous soyez un particulier souhaitant organiser un challenge unique ou une entreprise planifiant un \u00e9v\u00e9nement f\u00e9d\u00e9rateur, notre \u00e9quipe vous accompagne \u00e0 chaque \u00e9tape pour transformer vos id\u00e9es en moments inoubliables.<\/span><\/p>\n<p>&nbsp;<\/p>[\/et_pb_text][\/et_pb_column][et_pb_column type=\u00a0\u00bb1_3&Prime; _builder_version=\u00a0\u00bb4.27.4&Prime; _module_preset=\u00a0\u00bbdefault\u00a0\u00bb global_colors_info=\u00a0\u00bb{}\u00a0\u00bb][et_pb_image src=\u00a0\u00bbhttps:\/\/3sport2025.ppawebdesign.com\/c3\/wp-content\/uploads\/sites\/14\/2025\/12\/le-contour-de-la-carte-de-france.jpg\u00a0\u00bb title_text=\u00a0\u00bble-contour-de-la-carte-de-france\u00a0\u00bb _builder_version=\u00a0\u00bb4.27.4&Prime; _module_preset=\u00a0\u00bbdefault\u00a0\u00bb global_colors_info=\u00a0\u00bb{}\u00a0\u00bb][\/et_pb_image][\/et_pb_column][et_pb_column type=\u00a0\u00bb1_3&Prime; _builder_version=\u00a0\u00bb4.27.4&Prime; _module_preset=\u00a0\u00bbdefault\u00a0\u00bb global_colors_info=\u00a0\u00bb{}\u00a0\u00bb][et_pb_number_counter title=\u00a0\u00bbClient de l&rsquo;agence \u00a0\u00bb number=\u00a0\u00bb80&Prime; percent_sign=\u00a0\u00bboff\u00a0\u00bb _builder_version=\u00a0\u00bb4.27.4&Prime; _module_preset=\u00a0\u00bbdefault\u00a0\u00bb title_text_color=\u00a0\u00bb#000000&Prime; custom_margin=\u00a0\u00bb|||54px||\u00a0\u00bb global_colors_info=\u00a0\u00bb{}\u00a0\u00bb][\/et_pb_number_counter][et_pb_number_counter title=\u00a0\u00bbville en France\u00a0\u00bb number=\u00a0\u00bb23&Prime; percent_sign=\u00a0\u00bboff\u00a0\u00bb _builder_version=\u00a0\u00bb4.27.4&Prime; _module_preset=\u00a0\u00bbdefault\u00a0\u00bb width=\u00a0\u00bb94.5%\u00a0\u00bb custom_margin=\u00a0\u00bb|||32px||\u00a0\u00bb global_colors_info=\u00a0\u00bb{}\u00a0\u00bb][\/et_pb_number_counter][\/et_pb_column][\/et_pb_row][et_pb_row column_structure=\u00a0\u00bb1_4,1_4,1_2&Prime; _builder_version=\u00a0\u00bb4.27.4&Prime; _module_preset=\u00a0\u00bbdefault\u00a0\u00bb global_colors_info=\u00a0\u00bb{}\u00a0\u00bb][et_pb_column type=\u00a0\u00bb1_4&Prime; _builder_version=\u00a0\u00bb4.27.4&Prime; _module_preset=\u00a0\u00bbdefault\u00a0\u00bb global_colors_info=\u00a0\u00bb{}\u00a0\u00bb][et_pb_circle_counter title=\u00a0\u00bbPourcentage de client satisfait \u00a0\u00bb number=\u00a0\u00bb87&Prime; bar_bg_color=\u00a0\u00bb#0C71C3&Prime; circle_color=\u00a0\u00bb#000000&Prime; _builder_version=\u00a0\u00bb4.27.4&Prime; _module_preset=\u00a0\u00bbdefault\u00a0\u00bb number_text_color=\u00a0\u00bb#0C71C3&Prime; global_colors_info=\u00a0\u00bb{}\u00a0\u00bb][\/et_pb_circle_counter][\/et_pb_column][et_pb_column type=\u00a0\u00bb1_4&Prime; _builder_version=\u00a0\u00bb4.27.4&Prime; _module_preset=\u00a0\u00bbdefault\u00a0\u00bb global_colors_info=\u00a0\u00bb{}\u00a0\u00bb][et_pb_text _builder_version=\u00a0\u00bb4.27.4&Prime; _module_preset=\u00a0\u00bbdefault\u00a0\u00bb global_colors_info=\u00a0\u00bb{}\u00a0\u00bb]<p><span style=\"color: #0c71c3\">Rejoignez une \u00e9quipe passionn\u00e9e qui accompagne ses clients avec exigence et humanit\u00e9 \u2014 et qui affiche 87% de satisfaction. Si vous aussi souhaitez avancer avec de vrais professionnels \u00e0 vos c\u00f4t\u00e9s, nous sommes pr\u00eats.<\/span><\/p>[\/et_pb_text][\/et_pb_column][et_pb_column type=\u00a0\u00bb1_2&Prime; _builder_version=\u00a0\u00bb4.27.4&Prime; _module_preset=\u00a0\u00bbdefault\u00a0\u00bb global_colors_info=\u00a0\u00bb{}\u00a0\u00bb][et_pb_button button_url=\u00a0\u00bbhttps:\/\/forms.gle\/RoY9JBdTTVSgwsPt5&Prime; button_text=\u00a0\u00bbR\u00c9ALISER UN DEVIS POUR PARTICULIER\u00a0\u00bb _builder_version=\u00a0\u00bb4.27.4&Prime; _module_preset=\u00a0\u00bbdefault\u00a0\u00bb global_colors_info=\u00a0\u00bb{}\u00a0\u00bb][\/et_pb_button][et_pb_button button_url=\u00a0\u00bbhttps:\/\/forms.gle\/2iwwmMav2z3w9c136&Prime; button_text=\u00a0\u00bbR\u00c9ALISER UN DEVIS POUR PROFESSIONEL\u00a0\u00bb _builder_version=\u00a0\u00bb4.27.4&Prime; _module_preset=\u00a0\u00bbdefault\u00a0\u00bb global_colors_info=\u00a0\u00bb{}\u00a0\u00bb][\/et_pb_button][\/et_pb_column][\/et_pb_row][\/et_pb_section]\n","protected":false},"excerpt":{"rendered":"<p>Projet \u00e9v\u00e8nementiel Sportif LC AgencyNotre Mission : Apporter une structure et une gestion \u00e0 la hauteur des ambitions des prospects Notre vision : \u00c0 l\u2019aide de notre r\u00e9seau et de notre professionnalisme, nous vous aiderons \u00e0 d\u00e9velopper vos projets Nos objectifs : Cr\u00e9er avec vous la meilleure exp\u00e9rience sportive &nbsp;\u00a0Pr\u00e9sentation de l\u2019agence et de notre [&hellip;]<\/p>\n","protected":false},"author":73,"featured_media":0,"parent":0,"menu_order":0,"comment_status":"closed","ping_status":"closed","template":"","meta":{"_et_pb_use_builder":"on","_et_pb_old_content":"","_et_gb_content_width":"","footnotes":""},"class_list":["post-42","page","type-page","status-publish","hentry"],"yoast_head":"<!-- This site is optimized with the Yoast SEO plugin v26.5 - https:\/\/yoast.com\/wordpress\/plugins\/seo\/ -->\n<title>Projet \u00e9v\u00e8nementiel LC Agency<\/title>\n<meta name=\"description\" content=\"D\u00e9couvrez le Projet \u00e9v\u00e8nementiel Sportif LC Agency et nos r\u00e9alisations pass\u00e9es et en cours par nos \u00e9quipes et collaborateurs.\" \/>\n<meta name=\"robots\" content=\"index, follow, max-snippet:-1, max-image-preview:large, max-video-preview:-1\" \/>\n<link rel=\"canonical\" href=\"https:\/\/3sport2025.ppawebdesign.com\/c3\/projet-evenementiel-lc-agency\/\" \/>\n<meta property=\"og:locale\" content=\"fr_FR\" \/>\n<meta property=\"og:type\" content=\"article\" \/>\n<meta property=\"og:title\" content=\"Projet \u00e9v\u00e8nementiel LC Agency\" \/>\n<meta property=\"og:description\" content=\"D\u00e9couvrez le Projet \u00e9v\u00e8nementiel Sportif LC Agency et nos r\u00e9alisations pass\u00e9es et en cours par nos \u00e9quipes et collaborateurs.\" \/>\n<meta property=\"og:url\" content=\"https:\/\/3sport2025.ppawebdesign.com\/c3\/projet-evenementiel-lc-agency\/\" \/>\n<meta property=\"og:site_name\" content=\"LCagency\" \/>\n<meta property=\"article:modified_time\" content=\"2025-12-04T21:38:08+00:00\" \/>\n<meta name=\"twitter:card\" content=\"summary_large_image\" \/>\n<meta name=\"twitter:label1\" content=\"Dur\u00e9e de lecture estim\u00e9e\" \/>\n\t<meta name=\"twitter:data1\" content=\"4 minutes\" \/>\n<script type=\"application\/ld+json\" class=\"yoast-schema-graph\">{\"@context\":\"https:\/\/schema.org\",\"@graph\":[{\"@type\":\"WebPage\",\"@id\":\"https:\/\/3sport2025.ppawebdesign.com\/c3\/projet-evenementiel-lc-agency\/\",\"url\":\"https:\/\/3sport2025.ppawebdesign.com\/c3\/projet-evenementiel-lc-agency\/\",\"name\":\"Projet \u00e9v\u00e8nementiel LC Agency\",\"isPartOf\":{\"@id\":\"https:\/\/3sport2025.ppawebdesign.com\/c3\/#website\"},\"datePublished\":\"2025-12-02T11:45:47+00:00\",\"dateModified\":\"2025-12-04T21:38:08+00:00\",\"description\":\"D\u00e9couvrez le Projet \u00e9v\u00e8nementiel Sportif LC Agency et nos r\u00e9alisations pass\u00e9es et en cours par nos \u00e9quipes et collaborateurs.\",\"breadcrumb\":{\"@id\":\"https:\/\/3sport2025.ppawebdesign.com\/c3\/projet-evenementiel-lc-agency\/#breadcrumb\"},\"inLanguage\":\"fr-FR\",\"potentialAction\":[{\"@type\":\"ReadAction\",\"target\":[\"https:\/\/3sport2025.ppawebdesign.com\/c3\/projet-evenementiel-lc-agency\/\"]}]},{\"@type\":\"BreadcrumbList\",\"@id\":\"https:\/\/3sport2025.ppawebdesign.com\/c3\/projet-evenementiel-lc-agency\/#breadcrumb\",\"itemListElement\":[{\"@type\":\"ListItem\",\"position\":1,\"name\":\"Accueil\",\"item\":\"https:\/\/3sport2025.ppawebdesign.com\/c3\/\"},{\"@type\":\"ListItem\",\"position\":2,\"name\":\"Projet \u00e9v\u00e9nementiel LC Agency\"}]},{\"@type\":\"WebSite\",\"@id\":\"https:\/\/3sport2025.ppawebdesign.com\/c3\/#website\",\"url\":\"https:\/\/3sport2025.ppawebdesign.com\/c3\/\",\"name\":\"LCagency\",\"description\":\"\",\"potentialAction\":[{\"@type\":\"SearchAction\",\"target\":{\"@type\":\"EntryPoint\",\"urlTemplate\":\"https:\/\/3sport2025.ppawebdesign.com\/c3\/?s={search_term_string}\"},\"query-input\":{\"@type\":\"PropertyValueSpecification\",\"valueRequired\":true,\"valueName\":\"search_term_string\"}}],\"inLanguage\":\"fr-FR\"}]}<\/script>\n<!-- \/ Yoast SEO plugin. -->","yoast_head_json":{"title":"Projet \u00e9v\u00e8nementiel LC Agency","description":"D\u00e9couvrez le Projet \u00e9v\u00e8nementiel Sportif LC Agency et nos r\u00e9alisations pass\u00e9es et en cours par nos \u00e9quipes et collaborateurs.","robots":{"index":"index","follow":"follow","max-snippet":"max-snippet:-1","max-image-preview":"max-image-preview:large","max-video-preview":"max-video-preview:-1"},"canonical":"https:\/\/3sport2025.ppawebdesign.com\/c3\/projet-evenementiel-lc-agency\/","og_locale":"fr_FR","og_type":"article","og_title":"Projet \u00e9v\u00e8nementiel LC Agency","og_description":"D\u00e9couvrez le Projet \u00e9v\u00e8nementiel Sportif LC Agency et nos r\u00e9alisations pass\u00e9es et en cours par nos \u00e9quipes et collaborateurs.","og_url":"https:\/\/3sport2025.ppawebdesign.com\/c3\/projet-evenementiel-lc-agency\/","og_site_name":"LCagency","article_modified_time":"2025-12-04T21:38:08+00:00","twitter_card":"summary_large_image","twitter_misc":{"Dur\u00e9e de lecture estim\u00e9e":"4 minutes"},"schema":{"@context":"https:\/\/schema.org","@graph":[{"@type":"WebPage","@id":"https:\/\/3sport2025.ppawebdesign.com\/c3\/projet-evenementiel-lc-agency\/","url":"https:\/\/3sport2025.ppawebdesign.com\/c3\/projet-evenementiel-lc-agency\/","name":"Projet \u00e9v\u00e8nementiel LC Agency","isPartOf":{"@id":"https:\/\/3sport2025.ppawebdesign.com\/c3\/#website"},"datePublished":"2025-12-02T11:45:47+00:00","dateModified":"2025-12-04T21:38:08+00:00","description":"D\u00e9couvrez le Projet \u00e9v\u00e8nementiel Sportif LC Agency et nos r\u00e9alisations pass\u00e9es et en cours par nos \u00e9quipes et collaborateurs.","breadcrumb":{"@id":"https:\/\/3sport2025.ppawebdesign.com\/c3\/projet-evenementiel-lc-agency\/#breadcrumb"},"inLanguage":"fr-FR","potentialAction":[{"@type":"ReadAction","target":["https:\/\/3sport2025.ppawebdesign.com\/c3\/projet-evenementiel-lc-agency\/"]}]},{"@type":"BreadcrumbList","@id":"https:\/\/3sport2025.ppawebdesign.com\/c3\/projet-evenementiel-lc-agency\/#breadcrumb","itemListElement":[{"@type":"ListItem","position":1,"name":"Accueil","item":"https:\/\/3sport2025.ppawebdesign.com\/c3\/"},{"@type":"ListItem","position":2,"name":"Projet \u00e9v\u00e9nementiel LC Agency"}]},{"@type":"WebSite","@id":"https:\/\/3sport2025.ppawebdesign.com\/c3\/#website","url":"https:\/\/3sport2025.ppawebdesign.com\/c3\/","name":"LCagency","description":"","potentialAction":[{"@type":"SearchAction","target":{"@type":"EntryPoint","urlTemplate":"https:\/\/3sport2025.ppawebdesign.com\/c3\/?s={search_term_string}"},"query-input":{"@type":"PropertyValueSpecification","valueRequired":true,"valueName":"search_term_string"}}],"inLanguage":"fr-FR"}]}},"_links":{"self":[{"href":"https:\/\/3sport2025.ppawebdesign.com\/c3\/wp-json\/wp\/v2\/pages\/42","targetHints":{"allow":["GET"]}}],"collection":[{"href":"https:\/\/3sport2025.ppawebdesign.com\/c3\/wp-json\/wp\/v2\/pages"}],"about":[{"href":"https:\/\/3sport2025.ppawebdesign.com\/c3\/wp-json\/wp\/v2\/types\/page"}],"author":[{"embeddable":true,"href":"https:\/\/3sport2025.ppawebdesign.com\/c3\/wp-json\/wp\/v2\/users\/73"}],"replies":[{"embeddable":true,"href":"https:\/\/3sport2025.ppawebdesign.com\/c3\/wp-json\/wp\/v2\/comments?post=42"}],"version-history":[{"count":26,"href":"https:\/\/3sport2025.ppawebdesign.com\/c3\/wp-json\/wp\/v2\/pages\/42\/revisions"}],"predecessor-version":[{"id":417,"href":"https:\/\/3sport2025.ppawebdesign.com\/c3\/wp-json\/wp\/v2\/pages\/42\/revisions\/417"}],"wp:attachment":[{"href":"https:\/\/3sport2025.ppawebdesign.com\/c3\/wp-json\/wp\/v2\/media?parent=42"}],"curies":[{"name":"wp","href":"https:\/\/api.w.org\/{rel}","templated":true}]}}