{"id":44,"date":"2025-12-02T12:46:06","date_gmt":"2025-12-02T11:46:06","guid":{"rendered":"https:\/\/3sport2025.ppawebdesign.com\/c3\/?page_id=44"},"modified":"2025-12-04T18:33:11","modified_gmt":"2025-12-04T17:33:11","slug":"team-evenemetiel-sportif","status":"publish","type":"page","link":"https:\/\/3sport2025.ppawebdesign.com\/c3\/team-evenemetiel-sportif\/","title":{"rendered":"\u00c9quipe"},"content":{"rendered":"<p>[et_pb_section fb_built=\u00a0\u00bb1&Prime; _builder_version=\u00a0\u00bb4.27.4&Prime; _module_preset=\u00a0\u00bbdefault\u00a0\u00bb global_colors_info=\u00a0\u00bb{}\u00a0\u00bb][et_pb_row _builder_version=\u00a0\u00bb4.27.4&Prime; _module_preset=\u00a0\u00bbdefault\u00a0\u00bb global_colors_info=\u00a0\u00bb{}\u00a0\u00bb][et_pb_column type=\u00a0\u00bb4_4&Prime; _builder_version=\u00a0\u00bb4.27.4&Prime; _module_preset=\u00a0\u00bbdefault\u00a0\u00bb global_colors_info=\u00a0\u00bb{}\u00a0\u00bb][et_pb_post_title meta=\u00a0\u00bboff\u00a0\u00bb _builder_version=\u00a0\u00bb4.27.4&Prime; _module_preset=\u00a0\u00bbdefault\u00a0\u00bb global_colors_info=\u00a0\u00bb{}\u00a0\u00bb][\/et_pb_post_title][\/et_pb_column][\/et_pb_row][et_pb_row column_structure=\u00a0\u00bb1_3,1_3,1_3&Prime; _builder_version=\u00a0\u00bb4.27.4&Prime; _module_preset=\u00a0\u00bbdefault\u00a0\u00bb global_colors_info=\u00a0\u00bb{}\u00a0\u00bb][et_pb_column type=\u00a0\u00bb1_3&Prime; _builder_version=\u00a0\u00bb4.27.4&Prime; _module_preset=\u00a0\u00bbdefault\u00a0\u00bb global_colors_info=\u00a0\u00bb{}\u00a0\u00bb][et_pb_image src=\u00a0\u00bbhttps:\/\/3sport2025.ppawebdesign.com\/c3\/wp-content\/uploads\/sites\/14\/2025\/12\/Capture-decran-2025-12-04-a-16.41.14.png\u00a0\u00bb title_text=\u00a0\u00bbCapture d\u2019\u00e9cran 2025-12-04 \u00e0 16.41.14&Prime; _builder_version=\u00a0\u00bb4.27.4&Prime; _module_preset=\u00a0\u00bbdefault\u00a0\u00bb global_colors_info=\u00a0\u00bb{}\u00a0\u00bb][\/et_pb_image][\/et_pb_column][et_pb_column type=\u00a0\u00bb1_3&Prime; _builder_version=\u00a0\u00bb4.27.4&Prime; _module_preset=\u00a0\u00bbdefault\u00a0\u00bb global_colors_info=\u00a0\u00bb{}\u00a0\u00bb][et_pb_image src=\u00a0\u00bbhttps:\/\/3sport2025.ppawebdesign.com\/c3\/wp-content\/uploads\/sites\/14\/2025\/12\/Capture-decran-2025-12-04-a-16.40.56.png\u00a0\u00bb title_text=\u00a0\u00bbCapture d\u2019\u00e9cran 2025-12-04 \u00e0 16.40.56&Prime; _builder_version=\u00a0\u00bb4.27.4&Prime; _module_preset=\u00a0\u00bbdefault\u00a0\u00bb global_colors_info=\u00a0\u00bb{}\u00a0\u00bb][\/et_pb_image][\/et_pb_column][et_pb_column type=\u00a0\u00bb1_3&Prime; _builder_version=\u00a0\u00bb4.27.4&Prime; _module_preset=\u00a0\u00bbdefault\u00a0\u00bb global_colors_info=\u00a0\u00bb{}\u00a0\u00bb][et_pb_image src=\u00a0\u00bbhttps:\/\/3sport2025.ppawebdesign.com\/c3\/wp-content\/uploads\/sites\/14\/2025\/12\/Capture-decran-2025-12-04-a-16.41.07.png\u00a0\u00bb title_text=\u00a0\u00bbCapture d\u2019\u00e9cran 2025-12-04 \u00e0 16.41.07&Prime; _builder_version=\u00a0\u00bb4.27.4&Prime; _module_preset=\u00a0\u00bbdefault\u00a0\u00bb global_colors_info=\u00a0\u00bb{}\u00a0\u00bb][\/et_pb_image][\/et_pb_column][\/et_pb_row][et_pb_row column_structure=\u00a0\u00bb1_3,1_3,1_3&Prime; _builder_version=\u00a0\u00bb4.27.4&Prime; _module_preset=\u00a0\u00bbdefault\u00a0\u00bb global_colors_info=\u00a0\u00bb{}\u00a0\u00bb][et_pb_column type=\u00a0\u00bb1_3&Prime; _builder_version=\u00a0\u00bb4.27.4&Prime; _module_preset=\u00a0\u00bbdefault\u00a0\u00bb global_colors_info=\u00a0\u00bb{}\u00a0\u00bb][et_pb_text _builder_version=\u00a0\u00bb4.27.4&Prime; _module_preset=\u00a0\u00bbdefault\u00a0\u00bb global_colors_info=\u00a0\u00bb{}\u00a0\u00bb]<\/p>\n<p><span style=\"color: #0c71c3\"><strong>Matteo Le Calvez<\/strong>\u00a0<\/span><\/p>\n<p><span style=\"color: #0c71c3\"><em>Directeur de l&rsquo;agence et des projets<\/em><\/span><\/p>\n<p><span style=\"color: #0c71c3\">Professionnel passionn\u00e9 de sport et d\u2019innovation \u00e9v\u00e9nementielle, Matteo pilote l\u2019agence et est ainsi devenu un ma\u00eetre dans la conception, l\u2019organisation et la promotion de grands \u00e9v\u00e9nements sportifs en France et \u00e0 l\u2019international. De plus, gr\u00e2ce \u00e0 sa vision, sa cr\u00e9ativit\u00e9 et sa rigueur, il s\u2019engage \u00e0 cr\u00e9er des exp\u00e9riences sportives m\u00e9morables, destin\u00e9es aussi bien au grand public qu\u2019aux marques et aux institutions.<\/span><\/p>\n<p>&nbsp;<\/p>\n<p>[\/et_pb_text][\/et_pb_column][et_pb_column type=\u00a0\u00bb1_3&Prime; _builder_version=\u00a0\u00bb4.27.4&Prime; _module_preset=\u00a0\u00bbdefault\u00a0\u00bb global_colors_info=\u00a0\u00bb{}\u00a0\u00bb][et_pb_text _builder_version=\u00a0\u00bb4.27.4&Prime; _module_preset=\u00a0\u00bbdefault\u00a0\u00bb global_colors_info=\u00a0\u00bb{}\u00a0\u00bb]<\/p>\n<p><span style=\"color: #0c71c3\"><strong>Betty Castelsagu\u00e9<\/strong>\u00a0<\/span><\/p>\n<p><span style=\"color: #0c71c3\"><em>Directrice commercial<\/em><\/span><\/p>\n<p><span style=\"color: #0c71c3\">Experte en strat\u00e9gie de d\u00e9veloppement et en management commercial, Betty accompagne la croissance de l&rsquo;entreprise dans des secteurs comp\u00e9titifs. Par ailleurs, elle est orient\u00e9e r\u00e9sultats et poss\u00e8de un excellent leadership ; ainsi, elle cr\u00e9e et dirige des strat\u00e9gies de vente tout en f\u00e9d\u00e9rant des \u00e9quipes motiv\u00e9es et ambitieuses. Enfin, sa vision m\u00eale rigueur, cr\u00e9ativit\u00e9 et excellence op\u00e9rationnelle, ce qui renforce durablement l\u2019impact de ses actions<\/span><\/p>\n<p>&nbsp;<\/p>\n<p>&nbsp;<\/p>\n<p>[\/et_pb_text][\/et_pb_column][et_pb_column type=\u00a0\u00bb1_3&Prime; _builder_version=\u00a0\u00bb4.27.4&Prime; _module_preset=\u00a0\u00bbdefault\u00a0\u00bb global_colors_info=\u00a0\u00bb{}\u00a0\u00bb][et_pb_text _builder_version=\u00a0\u00bb4.27.4&Prime; _module_preset=\u00a0\u00bbdefault\u00a0\u00bb global_colors_info=\u00a0\u00bb{}\u00a0\u00bb]<\/p>\n<p><span style=\"color: #0c71c3\"><strong>Sasha Van Hove<\/strong><\/span><\/p>\n<p><span style=\"color: #0c71c3\"><em>Directrice artistique<\/em><\/span><\/p>\n<p><span style=\"color: #0c71c3\">Cr\u00e9ative, audacieuse et visionnaire, Sasha imagine puis cr\u00e9e des univers visuels forts. De plus, elle poss\u00e8de une grande exp\u00e9rience dans la communication et la cr\u00e9ation multim\u00e9dia ; ainsi, ses designs allient ma\u00eetrise technique et sens de l\u2019esth\u00e9tique. Enfin, afin de cr\u00e9er des concepts uniques qui marquent les esprits et renforcent l\u2019impact des projets, notre directrice artistique s\u2019appuie sur l\u2019innovation, l\u2019\u00e9motion et la coh\u00e9rence artistique.\u00a0<\/span><\/p>\n<p>[\/et_pb_text][\/et_pb_column][\/et_pb_row][et_pb_row column_structure=\u00a0\u00bb1_3,1_3,1_3&Prime; _builder_version=\u00a0\u00bb4.27.4&Prime; _module_preset=\u00a0\u00bbdefault\u00a0\u00bb global_colors_info=\u00a0\u00bb{}\u00a0\u00bb][et_pb_column type=\u00a0\u00bb1_3&Prime; _builder_version=\u00a0\u00bb4.27.4&Prime; _module_preset=\u00a0\u00bbdefault\u00a0\u00bb global_colors_info=\u00a0\u00bb{}\u00a0\u00bb][et_pb_image src=\u00a0\u00bbhttps:\/\/3sport2025.ppawebdesign.com\/c3\/wp-content\/uploads\/sites\/14\/2025\/12\/Capture-decran-2025-12-04-a-16.40.35.png\u00a0\u00bb title_text=\u00a0\u00bbCapture d\u2019\u00e9cran 2025-12-04 \u00e0 16.40.35&Prime; _builder_version=\u00a0\u00bb4.27.4&Prime; _module_preset=\u00a0\u00bbdefault\u00a0\u00bb global_colors_info=\u00a0\u00bb{}\u00a0\u00bb][\/et_pb_image][\/et_pb_column][et_pb_column type=\u00a0\u00bb1_3&Prime; _builder_version=\u00a0\u00bb4.27.4&Prime; _module_preset=\u00a0\u00bbdefault\u00a0\u00bb global_colors_info=\u00a0\u00bb{}\u00a0\u00bb][et_pb_image src=\u00a0\u00bbhttps:\/\/3sport2025.ppawebdesign.com\/c3\/wp-content\/uploads\/sites\/14\/2025\/12\/Capture-decran-2025-12-04-a-16.41.22.png\u00a0\u00bb title_text=\u00a0\u00bbCapture d\u2019\u00e9cran 2025-12-04 \u00e0 16.41.22&Prime; _builder_version=\u00a0\u00bb4.27.4&Prime; _module_preset=\u00a0\u00bbdefault\u00a0\u00bb global_colors_info=\u00a0\u00bb{}\u00a0\u00bb][\/et_pb_image][\/et_pb_column][et_pb_column type=\u00a0\u00bb1_3&Prime; _builder_version=\u00a0\u00bb4.27.4&Prime; _module_preset=\u00a0\u00bbdefault\u00a0\u00bb global_colors_info=\u00a0\u00bb{}\u00a0\u00bb][et_pb_image src=\u00a0\u00bbhttps:\/\/3sport2025.ppawebdesign.com\/c3\/wp-content\/uploads\/sites\/14\/2025\/12\/Capture-decran-2025-12-04-a-16.40.48.png\u00a0\u00bb title_text=\u00a0\u00bbCapture d\u2019\u00e9cran 2025-12-04 \u00e0 16.40.48&Prime; _builder_version=\u00a0\u00bb4.27.4&Prime; _module_preset=\u00a0\u00bbdefault\u00a0\u00bb global_colors_info=\u00a0\u00bb{}\u00a0\u00bb][\/et_pb_image][\/et_pb_column][\/et_pb_row][et_pb_row column_structure=\u00a0\u00bb1_3,1_3,1_3&Prime; _builder_version=\u00a0\u00bb4.27.4&Prime; _module_preset=\u00a0\u00bbdefault\u00a0\u00bb global_colors_info=\u00a0\u00bb{}\u00a0\u00bb][et_pb_column type=\u00a0\u00bb1_3&Prime; _builder_version=\u00a0\u00bb4.27.4&Prime; _module_preset=\u00a0\u00bbdefault\u00a0\u00bb global_colors_info=\u00a0\u00bb{}\u00a0\u00bb][et_pb_text _builder_version=\u00a0\u00bb4.27.4&Prime; _module_preset=\u00a0\u00bbdefault\u00a0\u00bb global_colors_info=\u00a0\u00bb{}\u00a0\u00bb]<\/p>\n<p><span style=\"color: #0c71c3\"><strong>Matthieu Miguel<\/strong>\u00a0<\/span><\/p>\n<p><span style=\"color: #0c71c3\"><em>Directeur communication<\/em><\/span><\/p>\n<p><span style=\"color: #0c71c3\">Expert en communication digitale, Matthieu est un professionnel en relations publiques et en strat\u00e9gie de marque. Il dirige l&rsquo;ensemble des actions de communication, supervise la production de contenus strat\u00e9giques et s&rsquo;assure de la coh\u00e9rence du discours de l&rsquo;entreprise sur tous les terrains. Il est au service de l&rsquo;entreprise afin d&rsquo;entretenir son image et de perp\u00e9tuer ses valeurs.<\/span><\/p>\n<p>&nbsp;<\/p>\n<p>&nbsp;<\/p>\n<p>[\/et_pb_text][\/et_pb_column][et_pb_column type=\u00a0\u00bb1_3&Prime; _builder_version=\u00a0\u00bb4.27.4&Prime; _module_preset=\u00a0\u00bbdefault\u00a0\u00bb global_colors_info=\u00a0\u00bb{}\u00a0\u00bb][et_pb_text _builder_version=\u00a0\u00bb4.27.4&Prime; _module_preset=\u00a0\u00bbdefault\u00a0\u00bb global_colors_info=\u00a0\u00bb{}\u00a0\u00bb]<\/p>\n<p><span style=\"color: #0c71c3\"><strong>Mathis Jacquemont\u00a0<\/strong><\/span><\/p>\n<p><span style=\"color: #0c71c3\"><em>Directeur logistique<\/em><\/span><\/p>\n<p><span style=\"color: #0c71c3\">Fort d\u2019une solide exp\u00e9rience dans la performance op\u00e9rationnelle, Mathis assure l\u2019ensemble des activit\u00e9s logistiques de l\u2019entreprise. Ainsi, il supervise l\u2019approvisionnement, la gestion des stocks, le transport et la distribution afin de garantir un niveau de service premium tout en ma\u00eetrisant les co\u00fbts. Enfin, son objectif est de construire une cha\u00eene logistique parfaitement align\u00e9e avec les ambitions strat\u00e9giques de l\u2019entreprise.\u00a0<\/span><\/p>\n<p>&nbsp;<\/p>\n<p>[\/et_pb_text][\/et_pb_column][et_pb_column type=\u00a0\u00bb1_3&Prime; _builder_version=\u00a0\u00bb4.27.4&Prime; _module_preset=\u00a0\u00bbdefault\u00a0\u00bb global_colors_info=\u00a0\u00bb{}\u00a0\u00bb][et_pb_text _builder_version=\u00a0\u00bb4.27.4&Prime; _module_preset=\u00a0\u00bbdefault\u00a0\u00bb global_colors_info=\u00a0\u00bb{}\u00a0\u00bb]<\/p>\n<p><span style=\"color: #0c71c3\"><strong>Hayet Marghani\u00a0<\/strong><\/span><\/p>\n<p><span style=\"color: #0c71c3\"><em>Directrice administrative<\/em><\/span><\/p>\n<p><span style=\"color: #0c71c3\">Gr\u00e2ce \u00e0 son expertise confirm\u00e9e dans la gestion administrative, financi\u00e8re et organisationnelle, Hayet g\u00e8re la coordination et le pilotage des services n\u00e9cessaires pour que l\u2019entreprise fonctionne parfaitement. Par ailleurs, rigoureuse, structur\u00e9e, orient\u00e9e solutions et dot\u00e9e d\u2019une vision transversale, elle a pour objectif d\u2019assurer une organisation fluide, fiable et durable.\u00a0<\/span><\/p>\n<p>[\/et_pb_text][\/et_pb_column][\/et_pb_row][et_pb_row _builder_version=\u00a0\u00bb4.27.4&Prime; _module_preset=\u00a0\u00bbdefault\u00a0\u00bb global_colors_info=\u00a0\u00bb{}\u00a0\u00bb][et_pb_column type=\u00a0\u00bb4_4&Prime; _builder_version=\u00a0\u00bb4.27.4&Prime; _module_preset=\u00a0\u00bbdefault\u00a0\u00bb global_colors_info=\u00a0\u00bb{}\u00a0\u00bb][et_pb_social_media_follow _builder_version=\u00a0\u00bb4.27.4&Prime; _module_preset=\u00a0\u00bbdefault\u00a0\u00bb global_colors_info=\u00a0\u00bb{}\u00a0\u00bb][et_pb_social_media_follow_network social_network=\u00a0\u00bbfacebook\u00a0\u00bb _builder_version=\u00a0\u00bb4.27.4&Prime; _module_preset=\u00a0\u00bbdefault\u00a0\u00bb background_color=\u00a0\u00bb#3b5998&Prime; global_colors_info=\u00a0\u00bb{}\u00a0\u00bb follow_button=\u00a0\u00bboff\u00a0\u00bb url_new_window=\u00a0\u00bbon\u00a0\u00bb]facebook[\/et_pb_social_media_follow_network][et_pb_social_media_follow_network social_network=\u00a0\u00bbtwitter\u00a0\u00bb _builder_version=\u00a0\u00bb4.27.4&Prime; _module_preset=\u00a0\u00bbdefault\u00a0\u00bb background_color=\u00a0\u00bb#000000&Prime; global_colors_info=\u00a0\u00bb{}\u00a0\u00bb follow_button=\u00a0\u00bboff\u00a0\u00bb url_new_window=\u00a0\u00bbon\u00a0\u00bb]X[\/et_pb_social_media_follow_network][\/et_pb_social_media_follow][\/et_pb_column][\/et_pb_row][\/et_pb_section]<\/p>\n","protected":false},"excerpt":{"rendered":"<p>Matteo Le Calvez\u00a0 Directeur de l&rsquo;agence et des projets Professionnel passionn\u00e9 de sport et d\u2019innovation \u00e9v\u00e9nementielle, Matteo pilote l\u2019agence et est ainsi devenu un ma\u00eetre dans la conception, l\u2019organisation et la promotion de grands \u00e9v\u00e9nements sportifs en France et \u00e0 l\u2019international. De plus, gr\u00e2ce \u00e0 sa vision, sa cr\u00e9ativit\u00e9 et sa rigueur, il s\u2019engage \u00e0 [&hellip;]<\/p>\n","protected":false},"author":73,"featured_media":0,"parent":0,"menu_order":0,"comment_status":"closed","ping_status":"closed","template":"","meta":{"_et_pb_use_builder":"on","_et_pb_old_content":"","_et_gb_content_width":"","footnotes":""},"class_list":["post-44","page","type-page","status-publish","hentry"],"yoast_head":"<!-- This site is optimized with the Yoast SEO plugin v26.5 - https:\/\/yoast.com\/wordpress\/plugins\/seo\/ -->\n<title>Qui sommes-nous ? Pr\u00e9sentation de la Team LC Agency<\/title>\n<meta name=\"description\" content=\"Pr\u00e9sentation de la Team LC Agency. D\u00e9couvrez notre team \u00e9v\u00e8nementiel sportif derri\u00e8re vos \u00e9v\u00e8nements et projets internes d&#039;entreprises.\" \/>\n<meta name=\"robots\" content=\"index, follow, max-snippet:-1, max-image-preview:large, max-video-preview:-1\" \/>\n<link rel=\"canonical\" href=\"https:\/\/3sport2025.ppawebdesign.com\/c3\/team-evenemetiel-sportif\/\" \/>\n<meta property=\"og:locale\" content=\"fr_FR\" \/>\n<meta property=\"og:type\" content=\"article\" \/>\n<meta property=\"og:title\" content=\"Qui sommes-nous ? Pr\u00e9sentation de la Team LC Agency\" \/>\n<meta property=\"og:description\" content=\"Pr\u00e9sentation de la Team LC Agency. D\u00e9couvrez notre team \u00e9v\u00e8nementiel sportif derri\u00e8re vos \u00e9v\u00e8nements et projets internes d&#039;entreprises.\" \/>\n<meta property=\"og:url\" content=\"https:\/\/3sport2025.ppawebdesign.com\/c3\/team-evenemetiel-sportif\/\" \/>\n<meta property=\"og:site_name\" content=\"LCagency\" \/>\n<meta property=\"article:modified_time\" content=\"2025-12-04T17:33:11+00:00\" \/>\n<meta name=\"twitter:card\" content=\"summary_large_image\" \/>\n<meta name=\"twitter:label1\" content=\"Dur\u00e9e de lecture estim\u00e9e\" \/>\n\t<meta name=\"twitter:data1\" content=\"4 minutes\" \/>\n<script type=\"application\/ld+json\" class=\"yoast-schema-graph\">{\"@context\":\"https:\/\/schema.org\",\"@graph\":[{\"@type\":\"WebPage\",\"@id\":\"https:\/\/3sport2025.ppawebdesign.com\/c3\/team-evenemetiel-sportif\/\",\"url\":\"https:\/\/3sport2025.ppawebdesign.com\/c3\/team-evenemetiel-sportif\/\",\"name\":\"Qui sommes-nous ? Pr\u00e9sentation de la Team LC Agency\",\"isPartOf\":{\"@id\":\"https:\/\/3sport2025.ppawebdesign.com\/c3\/#website\"},\"datePublished\":\"2025-12-02T11:46:06+00:00\",\"dateModified\":\"2025-12-04T17:33:11+00:00\",\"description\":\"Pr\u00e9sentation de la Team LC Agency. D\u00e9couvrez notre team \u00e9v\u00e8nementiel sportif derri\u00e8re vos \u00e9v\u00e8nements et projets internes d'entreprises.\",\"breadcrumb\":{\"@id\":\"https:\/\/3sport2025.ppawebdesign.com\/c3\/team-evenemetiel-sportif\/#breadcrumb\"},\"inLanguage\":\"fr-FR\",\"potentialAction\":[{\"@type\":\"ReadAction\",\"target\":[\"https:\/\/3sport2025.ppawebdesign.com\/c3\/team-evenemetiel-sportif\/\"]}]},{\"@type\":\"BreadcrumbList\",\"@id\":\"https:\/\/3sport2025.ppawebdesign.com\/c3\/team-evenemetiel-sportif\/#breadcrumb\",\"itemListElement\":[{\"@type\":\"ListItem\",\"position\":1,\"name\":\"Accueil\",\"item\":\"https:\/\/3sport2025.ppawebdesign.com\/c3\/\"},{\"@type\":\"ListItem\",\"position\":2,\"name\":\"\u00c9quipe\"}]},{\"@type\":\"WebSite\",\"@id\":\"https:\/\/3sport2025.ppawebdesign.com\/c3\/#website\",\"url\":\"https:\/\/3sport2025.ppawebdesign.com\/c3\/\",\"name\":\"LCagency\",\"description\":\"\",\"potentialAction\":[{\"@type\":\"SearchAction\",\"target\":{\"@type\":\"EntryPoint\",\"urlTemplate\":\"https:\/\/3sport2025.ppawebdesign.com\/c3\/?s={search_term_string}\"},\"query-input\":{\"@type\":\"PropertyValueSpecification\",\"valueRequired\":true,\"valueName\":\"search_term_string\"}}],\"inLanguage\":\"fr-FR\"}]}<\/script>\n<!-- \/ Yoast SEO plugin. -->","yoast_head_json":{"title":"Qui sommes-nous ? Pr\u00e9sentation de la Team LC Agency","description":"Pr\u00e9sentation de la Team LC Agency. D\u00e9couvrez notre team \u00e9v\u00e8nementiel sportif derri\u00e8re vos \u00e9v\u00e8nements et projets internes d'entreprises.","robots":{"index":"index","follow":"follow","max-snippet":"max-snippet:-1","max-image-preview":"max-image-preview:large","max-video-preview":"max-video-preview:-1"},"canonical":"https:\/\/3sport2025.ppawebdesign.com\/c3\/team-evenemetiel-sportif\/","og_locale":"fr_FR","og_type":"article","og_title":"Qui sommes-nous ? Pr\u00e9sentation de la Team LC Agency","og_description":"Pr\u00e9sentation de la Team LC Agency. D\u00e9couvrez notre team \u00e9v\u00e8nementiel sportif derri\u00e8re vos \u00e9v\u00e8nements et projets internes d'entreprises.","og_url":"https:\/\/3sport2025.ppawebdesign.com\/c3\/team-evenemetiel-sportif\/","og_site_name":"LCagency","article_modified_time":"2025-12-04T17:33:11+00:00","twitter_card":"summary_large_image","twitter_misc":{"Dur\u00e9e de lecture estim\u00e9e":"4 minutes"},"schema":{"@context":"https:\/\/schema.org","@graph":[{"@type":"WebPage","@id":"https:\/\/3sport2025.ppawebdesign.com\/c3\/team-evenemetiel-sportif\/","url":"https:\/\/3sport2025.ppawebdesign.com\/c3\/team-evenemetiel-sportif\/","name":"Qui sommes-nous ? Pr\u00e9sentation de la Team LC Agency","isPartOf":{"@id":"https:\/\/3sport2025.ppawebdesign.com\/c3\/#website"},"datePublished":"2025-12-02T11:46:06+00:00","dateModified":"2025-12-04T17:33:11+00:00","description":"Pr\u00e9sentation de la Team LC Agency. D\u00e9couvrez notre team \u00e9v\u00e8nementiel sportif derri\u00e8re vos \u00e9v\u00e8nements et projets internes d'entreprises.","breadcrumb":{"@id":"https:\/\/3sport2025.ppawebdesign.com\/c3\/team-evenemetiel-sportif\/#breadcrumb"},"inLanguage":"fr-FR","potentialAction":[{"@type":"ReadAction","target":["https:\/\/3sport2025.ppawebdesign.com\/c3\/team-evenemetiel-sportif\/"]}]},{"@type":"BreadcrumbList","@id":"https:\/\/3sport2025.ppawebdesign.com\/c3\/team-evenemetiel-sportif\/#breadcrumb","itemListElement":[{"@type":"ListItem","position":1,"name":"Accueil","item":"https:\/\/3sport2025.ppawebdesign.com\/c3\/"},{"@type":"ListItem","position":2,"name":"\u00c9quipe"}]},{"@type":"WebSite","@id":"https:\/\/3sport2025.ppawebdesign.com\/c3\/#website","url":"https:\/\/3sport2025.ppawebdesign.com\/c3\/","name":"LCagency","description":"","potentialAction":[{"@type":"SearchAction","target":{"@type":"EntryPoint","urlTemplate":"https:\/\/3sport2025.ppawebdesign.com\/c3\/?s={search_term_string}"},"query-input":{"@type":"PropertyValueSpecification","valueRequired":true,"valueName":"search_term_string"}}],"inLanguage":"fr-FR"}]}},"_links":{"self":[{"href":"https:\/\/3sport2025.ppawebdesign.com\/c3\/wp-json\/wp\/v2\/pages\/44","targetHints":{"allow":["GET"]}}],"collection":[{"href":"https:\/\/3sport2025.ppawebdesign.com\/c3\/wp-json\/wp\/v2\/pages"}],"about":[{"href":"https:\/\/3sport2025.ppawebdesign.com\/c3\/wp-json\/wp\/v2\/types\/page"}],"author":[{"embeddable":true,"href":"https:\/\/3sport2025.ppawebdesign.com\/c3\/wp-json\/wp\/v2\/users\/73"}],"replies":[{"embeddable":true,"href":"https:\/\/3sport2025.ppawebdesign.com\/c3\/wp-json\/wp\/v2\/comments?post=44"}],"version-history":[{"count":21,"href":"https:\/\/3sport2025.ppawebdesign.com\/c3\/wp-json\/wp\/v2\/pages\/44\/revisions"}],"predecessor-version":[{"id":396,"href":"https:\/\/3sport2025.ppawebdesign.com\/c3\/wp-json\/wp\/v2\/pages\/44\/revisions\/396"}],"wp:attachment":[{"href":"https:\/\/3sport2025.ppawebdesign.com\/c3\/wp-json\/wp\/v2\/media?parent=44"}],"curies":[{"name":"wp","href":"https:\/\/api.w.org\/{rel}","templated":true}]}}