{"id":46,"date":"2025-12-02T12:46:24","date_gmt":"2025-12-02T11:46:24","guid":{"rendered":"https:\/\/3sport2025.ppawebdesign.com\/c3\/?page_id=46"},"modified":"2025-12-04T17:11:30","modified_gmt":"2025-12-04T16:11:30","slug":"agence-evenementiel-sportif","status":"publish","type":"page","link":"https:\/\/3sport2025.ppawebdesign.com\/c3\/agence-evenementiel-sportif\/","title":{"rendered":"Sport"},"content":{"rendered":"\n[et_pb_section fb_built=\u00a0\u00bb1&Prime; _builder_version=\u00a0\u00bb4.27.4&Prime; _module_preset=\u00a0\u00bbdefault\u00a0\u00bb global_colors_info=\u00a0\u00bb{}\u00a0\u00bb][et_pb_row _builder_version=\u00a0\u00bb4.27.4&Prime; _module_preset=\u00a0\u00bbdefault\u00a0\u00bb global_colors_info=\u00a0\u00bb{}\u00a0\u00bb][et_pb_column type=\u00a0\u00bb4_4&Prime; _builder_version=\u00a0\u00bb4.27.4&Prime; _module_preset=\u00a0\u00bbdefault\u00a0\u00bb global_colors_info=\u00a0\u00bb{}\u00a0\u00bb][et_pb_text _builder_version=\u00a0\u00bb4.27.4&Prime; _module_preset=\u00a0\u00bbdefault\u00a0\u00bb global_colors_info=\u00a0\u00bb{}\u00a0\u00bb]<h2><span style=\"font-size: x-large;color: #0c71c3\">NOS SPORTS<\/span><br \/><span style=\"color: #0c71c3\"><\/span><\/h2>\n<p><span style=\"color: #0c71c3\"><\/span><\/p>\n<p><span style=\"color: #0c71c3\">Le coeur de notre agence sportif \u00e9v\u00e9nementiel, la <strong><em>LC Agency<\/em><\/strong>, bat pour le sport.<\/span><\/p>\n<p><span style=\"color: #0c71c3\">Nous r\u00e9alisons vos projets dans le but de mettre les nombreuses disciplines qui existent en avant.<\/span><\/p>\n<p><span style=\"color: #0c71c3\">Nous aimons vous poser une question qui nous accompagne au quotidien : qu\u2019est-ce que ce sport repr\u00e9sente pour vous ?<\/span><\/p>\n<p><span style=\"font-weight: 400;color: #0c71c3\">Trouvez ci-dessous nos r\u00e9ponses ! Et n\u2019h\u00e9sitez pas \u00e0 nous partager la votre \ud83d\ude09<\/span><\/p>[\/et_pb_text][\/et_pb_column][\/et_pb_row][\/et_pb_section][et_pb_section fb_built=\u00a0\u00bb1&Prime; _builder_version=\u00a0\u00bb4.27.4&Prime; _module_preset=\u00a0\u00bbdefault\u00a0\u00bb global_colors_info=\u00a0\u00bb{}\u00a0\u00bb][et_pb_row _builder_version=\u00a0\u00bb4.27.4&Prime; _module_preset=\u00a0\u00bbdefault\u00a0\u00bb global_colors_info=\u00a0\u00bb{}\u00a0\u00bb][et_pb_column type=\u00a0\u00bb4_4&Prime; _builder_version=\u00a0\u00bb4.27.4&Prime; _module_preset=\u00a0\u00bbdefault\u00a0\u00bb global_colors_info=\u00a0\u00bb{}\u00a0\u00bb][et_pb_video src=\u00a0\u00bbhttps:\/\/3sport2025.ppawebdesign.com\/c3\/wp-content\/uploads\/sites\/14\/2025\/12\/screenrecording-12-04-2025-16_e6ZdvDgZ.mp4&Prime; _builder_version=\u00a0\u00bb4.27.4&Prime; _module_preset=\u00a0\u00bbdefault\u00a0\u00bb global_colors_info=\u00a0\u00bb{}\u00a0\u00bb][\/et_pb_video][\/et_pb_column][\/et_pb_row][\/et_pb_section][et_pb_section fb_built=\u00a0\u00bb1&Prime; _builder_version=\u00a0\u00bb4.27.4&Prime; _module_preset=\u00a0\u00bbdefault\u00a0\u00bb global_colors_info=\u00a0\u00bb{}\u00a0\u00bb][et_pb_row column_structure=\u00a0\u00bb1_2,1_2&Prime; _builder_version=\u00a0\u00bb4.27.4&Prime; _module_preset=\u00a0\u00bbdefault\u00a0\u00bb global_colors_info=\u00a0\u00bb{}\u00a0\u00bb][et_pb_column type=\u00a0\u00bb1_2&Prime; _builder_version=\u00a0\u00bb4.27.4&Prime; _module_preset=\u00a0\u00bbdefault\u00a0\u00bb global_colors_info=\u00a0\u00bb{}\u00a0\u00bb][et_pb_text _builder_version=\u00a0\u00bb4.27.4&Prime; _module_preset=\u00a0\u00bbdefault\u00a0\u00bb text_font=\u00a0\u00bbAlata||on||||||\u00a0\u00bb text_font_size=\u00a0\u00bb39px\u00a0\u00bb header_2_font=\u00a0\u00bbAlata||||||||\u00a0\u00bb header_2_font_size=\u00a0\u00bb39px\u00a0\u00bb global_colors_info=\u00a0\u00bb{}\u00a0\u00bb]<h2><span style=\"color: #075a9e\">FOOTBALL<\/span><\/h2>[\/et_pb_text][et_pb_image src=\u00a0\u00bbhttps:\/\/3sport2025.ppawebdesign.com\/c3\/wp-content\/uploads\/sites\/14\/2025\/12\/Football.jpg\u00a0\u00bb title_text=\u00a0\u00bbFootball\u00a0\u00bb _builder_version=\u00a0\u00bb4.27.4&Prime; _module_preset=\u00a0\u00bbdefault\u00a0\u00bb global_colors_info=\u00a0\u00bb{}\u00a0\u00bb][\/et_pb_image][\/et_pb_column][et_pb_column type=\u00a0\u00bb1_2&Prime; _builder_version=\u00a0\u00bb4.27.4&Prime; _module_preset=\u00a0\u00bbdefault\u00a0\u00bb global_colors_info=\u00a0\u00bb{}\u00a0\u00bb][et_pb_text _builder_version=\u00a0\u00bb4.27.4&Prime; _module_preset=\u00a0\u00bbdefault\u00a0\u00bb global_colors_info=\u00a0\u00bb{}\u00a0\u00bb]<p style=\"text-align: justify\"><span style=\"color: #0c71c3\"><span style=\"font-weight: 400\">Sport le plus populaire en France et \u00e0 l\u2019international, qui a berc\u00e9 notre enfance et la v\u00f4tre. Nous ne pouvions pas ne pas l\u2019inclure !<\/span><span style=\"font-weight: 400\"><br \/><\/span>Nous sommes fiers de valoriser le football, un v\u00e9ritable challenge pour nous en raison de son immense popularit\u00e9.<br \/><\/span><\/p>\n<p><span style=\"font-weight: 400;color: #0c71c3\">Organiser un \u00e9v\u00e9nement autour du football, c\u2019est cr\u00e9er un <strong>moment f\u00e9d\u00e9rateur<\/strong> o\u00f9 passion, \u00e9motions et esprit d\u2019\u00e9quipe se rencontrent.\u00a0<\/span><\/p>\n<p><span style=\"font-weight: 400;color: #0c71c3\">Qu&rsquo;elle que soit la raison de votre \u00e9v\u00e9nement, nous mettons tout en \u0153uvre pour offrir des <strong>prestations dynamiques, s\u00e9curis\u00e9es et m\u00e9morables.<\/strong><\/span><\/p>[\/et_pb_text][\/et_pb_column][\/et_pb_row][et_pb_row _builder_version=\u00a0\u00bb4.27.4&Prime; _module_preset=\u00a0\u00bbdefault\u00a0\u00bb global_colors_info=\u00a0\u00bb{}\u00a0\u00bb][et_pb_column type=\u00a0\u00bb4_4&Prime; _builder_version=\u00a0\u00bb4.27.4&Prime; _module_preset=\u00a0\u00bbdefault\u00a0\u00bb global_colors_info=\u00a0\u00bb{}\u00a0\u00bb][et_pb_text _builder_version=\u00a0\u00bb4.27.4&Prime; _module_preset=\u00a0\u00bbdefault\u00a0\u00bb global_colors_info=\u00a0\u00bb{}\u00a0\u00bb]<p><span style=\"font-weight: 400;color: #0c71c3\">L\u2019un de nos d\u00e9fis majeurs est \u00e9galement de contribuer \u00e0 la popularisation du football l\u00e0 o\u00f9 il reste encore en retrait. Aux \u00c9tats-Unis, par exemple, le football masculin peine \u00e0 atteindre la notori\u00e9t\u00e9 dont il b\u00e9n\u00e9ficie en Europe. Nous travaillons donc \u00e0 cr\u00e9er des exp\u00e9riences attractives pour <strong>renforcer son rayonnement<\/strong>.\u00a0<\/span><\/p>\n<p><span style=\"font-weight: 400;color: #0c71c3\">\u00c0 l\u2019inverse, nous nous engageons \u00e0 <strong>promouvoir le football f\u00e9minin<\/strong> dans les r\u00e9gions o\u00f9 il n\u2019a pas encore pris toute la place qu\u2019il m\u00e9rite.<\/span><\/p>[\/et_pb_text][\/et_pb_column][\/et_pb_row][et_pb_row _builder_version=\u00a0\u00bb4.27.4&Prime; _module_preset=\u00a0\u00bbdefault\u00a0\u00bb global_colors_info=\u00a0\u00bb{}\u00a0\u00bb][et_pb_column type=\u00a0\u00bb4_4&Prime; _builder_version=\u00a0\u00bb4.27.4&Prime; _module_preset=\u00a0\u00bbdefault\u00a0\u00bb global_colors_info=\u00a0\u00bb{}\u00a0\u00bb][et_pb_text _builder_version=\u00a0\u00bb4.27.4&Prime; _module_preset=\u00a0\u00bbdefault\u00a0\u00bb text_font=\u00a0\u00bbAlata||on||||||\u00a0\u00bb text_font_size=\u00a0\u00bb39px\u00a0\u00bb header_2_font=\u00a0\u00bbAlata||||||||\u00a0\u00bb header_2_font_size=\u00a0\u00bb39px\u00a0\u00bb global_colors_info=\u00a0\u00bb{}\u00a0\u00bb]<h2 style=\"text-align: right\"><span style=\"color: #075a9e\">HANDBALL<\/span><\/h2>[\/et_pb_text][\/et_pb_column][\/et_pb_row][et_pb_row column_structure=\u00a0\u00bb1_2,1_2&Prime; _builder_version=\u00a0\u00bb4.27.4&Prime; _module_preset=\u00a0\u00bbdefault\u00a0\u00bb global_colors_info=\u00a0\u00bb{}\u00a0\u00bb][et_pb_column type=\u00a0\u00bb1_2&Prime; _builder_version=\u00a0\u00bb4.27.4&Prime; _module_preset=\u00a0\u00bbdefault\u00a0\u00bb global_colors_info=\u00a0\u00bb{}\u00a0\u00bb][et_pb_text _builder_version=\u00a0\u00bb4.27.4&Prime; _module_preset=\u00a0\u00bbdefault\u00a0\u00bb global_colors_info=\u00a0\u00bb{}\u00a0\u00bb]<p style=\"text-align: justify\"><span style=\"color: #0c71c3\">Le handball est \u00e9galement populaire en France, notamment sur les parquets de nos gymnases scolaires, o\u00f9 beaucoup d\u2019entre nous ont eu la chance de le d\u00e9couvrir pour la premi\u00e8re fois !<\/span><\/p>\n<p style=\"text-align: justify\"><span style=\"color: #0c71c3\">Sport qui allie collectif, strat\u00e9gie et spectacle, il incarne parfaitement l\u2019esprit d\u2019\u00e9quipe et l\u2019\u00e9nergie que nous aimons transmettre \u00e0 travers nos \u00e9v\u00e9nements.<\/span><\/p>\n<p style=\"text-align: justify\"><span style=\"color: #0c71c3\">Le handball offre un terrain de jeu id\u00e9al pour stimuler la coh\u00e9sion et cr\u00e9er des moments marquants, que ce soit dans un cadre <strong>corporate, associatif ou grand public.<\/strong><\/span><\/p>\n<p style=\"text-align: justify\"><\/p>[\/et_pb_text][\/et_pb_column][et_pb_column type=\u00a0\u00bb1_2&Prime; _builder_version=\u00a0\u00bb4.27.4&Prime; _module_preset=\u00a0\u00bbdefault\u00a0\u00bb global_colors_info=\u00a0\u00bb{}\u00a0\u00bb][et_pb_image src=\u00a0\u00bbhttps:\/\/3sport2025.ppawebdesign.com\/c3\/wp-content\/uploads\/sites\/14\/2025\/12\/handball.jpg\u00a0\u00bb title_text=\u00a0\u00bbFrance v Norway &#8211; World Women&rsquo;s Handball Championship\u00a0\u00bb _builder_version=\u00a0\u00bb4.27.4&Prime; _module_preset=\u00a0\u00bbdefault\u00a0\u00bb global_colors_info=\u00a0\u00bb{}\u00a0\u00bb][\/et_pb_image][\/et_pb_column][\/et_pb_row][et_pb_row _builder_version=\u00a0\u00bb4.27.4&Prime; _module_preset=\u00a0\u00bbdefault\u00a0\u00bb global_colors_info=\u00a0\u00bb{}\u00a0\u00bb][et_pb_column type=\u00a0\u00bb4_4&Prime; _builder_version=\u00a0\u00bb4.27.4&Prime; _module_preset=\u00a0\u00bbdefault\u00a0\u00bb global_colors_info=\u00a0\u00bb{}\u00a0\u00bb][et_pb_text _builder_version=\u00a0\u00bb4.27.4&Prime; _module_preset=\u00a0\u00bbdefault\u00a0\u00bb custom_padding=\u00a0\u00bb||0px|||\u00a0\u00bb global_colors_info=\u00a0\u00bb{}\u00a0\u00bb]<p style=\"text-align: justify\"><\/p>\n<p><span style=\"color: #0c71c3\">Gr\u00e2ce \u00e0 notre expertise et \u00e0 nos partenaires sp\u00e9cialis\u00e9s, nous imaginons des \u00e9v\u00e9nements sur mesure, alliant s\u00e9curit\u00e9, engagement et \u00e9motions fortes. <strong>Notre objectif<\/strong> : faire d\u00e9couvrir \u2014 ou red\u00e9couvrir \u2014 ce sport \u00e0 haute intensit\u00e9 et donner \u00e0 chacun l\u2019envie de se d\u00e9passer, <strong>ensemble<\/strong>.<\/span><\/p>[\/et_pb_text][\/et_pb_column][\/et_pb_row][et_pb_row _builder_version=\u00a0\u00bb4.27.4&Prime; _module_preset=\u00a0\u00bbdefault\u00a0\u00bb global_colors_info=\u00a0\u00bb{}\u00a0\u00bb][et_pb_column type=\u00a0\u00bb4_4&Prime; _builder_version=\u00a0\u00bb4.27.4&Prime; _module_preset=\u00a0\u00bbdefault\u00a0\u00bb global_colors_info=\u00a0\u00bb{}\u00a0\u00bb][et_pb_text _builder_version=\u00a0\u00bb4.27.4&Prime; _module_preset=\u00a0\u00bbdefault\u00a0\u00bb text_font=\u00a0\u00bbAlata|||on|||||\u00a0\u00bb text_text_color=\u00a0\u00bb#01528c\u00a0\u00bb text_font_size=\u00a0\u00bb39px\u00a0\u00bb header_2_font=\u00a0\u00bbAlata||||||||\u00a0\u00bb header_2_font_size=\u00a0\u00bb39px\u00a0\u00bb global_colors_info=\u00a0\u00bb{}\u00a0\u00bb]<h2><span style=\"color: #075a9e\"><i><span style=\"font-weight: 400\">Football Am\u00e9ricain \/ Flag football\u00a0<\/span><\/i><\/span><\/h2>[\/et_pb_text][\/et_pb_column][\/et_pb_row][et_pb_row column_structure=\u00a0\u00bb1_2,1_2&Prime; _builder_version=\u00a0\u00bb4.27.4&Prime; _module_preset=\u00a0\u00bbdefault\u00a0\u00bb global_colors_info=\u00a0\u00bb{}\u00a0\u00bb][et_pb_column type=\u00a0\u00bb1_2&Prime; _builder_version=\u00a0\u00bb4.27.4&Prime; _module_preset=\u00a0\u00bbdefault\u00a0\u00bb global_colors_info=\u00a0\u00bb{}\u00a0\u00bb][et_pb_image src=\u00a0\u00bbhttps:\/\/3sport2025.ppawebdesign.com\/c3\/wp-content\/uploads\/sites\/14\/2025\/12\/foot-us.jpg\u00a0\u00bb title_text=\u00a0\u00bbfoot us\u00a0\u00bb _builder_version=\u00a0\u00bb4.27.4&Prime; _module_preset=\u00a0\u00bbdefault\u00a0\u00bb global_colors_info=\u00a0\u00bb{}\u00a0\u00bb][\/et_pb_image][\/et_pb_column][et_pb_column type=\u00a0\u00bb1_2&Prime; _builder_version=\u00a0\u00bb4.27.4&Prime; _module_preset=\u00a0\u00bbdefault\u00a0\u00bb global_colors_info=\u00a0\u00bb{}\u00a0\u00bb][et_pb_text _builder_version=\u00a0\u00bb4.27.4&Prime; _module_preset=\u00a0\u00bbdefault\u00a0\u00bb global_colors_info=\u00a0\u00bb{}\u00a0\u00bb]<p style=\"text-align: justify\"><span style=\"color: #0c71c3\"><span style=\"font-weight: 400\">Sport de niche et encore tr\u00e8s m\u00e9connu en Europe, nous souhaitons <\/span><span style=\"font-weight: 400\">vous<\/span><span style=\"font-weight: 400\"> challenger en choisissant de l\u2019essayer ! <\/span><\/span><\/p>\n<p style=\"text-align: justify\"><span style=\"font-weight: 400;color: #0c71c3\">Notre \u00e9quipe d\u2019expert saura vous renseigner et vous accompagner afin de vous aider \u00e0 mieux comprendre ce sport passionnant et le choisir pour vos prochains \u00e9v\u00e9nements.\u00a0<\/span><\/p>\n<p style=\"text-align: justify\"><span style=\"font-weight: 400;color: #0c71c3\">Fort de son impact colossal en Am\u00e9rique, il nous a conquis depuis longtemps. Nous sommes convaincus que cette \u00e9nergie saura vous s\u00e9duire et apporter une vraie valeur ajout\u00e9e \u00e0 vos animations.<\/span><\/p>[\/et_pb_text][\/et_pb_column][\/et_pb_row][et_pb_row _builder_version=\u00a0\u00bb4.27.4&Prime; _module_preset=\u00a0\u00bbdefault\u00a0\u00bb global_colors_info=\u00a0\u00bb{}\u00a0\u00bb][et_pb_column type=\u00a0\u00bb4_4&Prime; _builder_version=\u00a0\u00bb4.27.4&Prime; _module_preset=\u00a0\u00bbdefault\u00a0\u00bb global_colors_info=\u00a0\u00bb{}\u00a0\u00bb][et_pb_text _builder_version=\u00a0\u00bb4.27.4&Prime; _module_preset=\u00a0\u00bbdefault\u00a0\u00bb global_colors_info=\u00a0\u00bb{}\u00a0\u00bb]<p><span style=\"color: #0c71c3\"><span style=\"font-weight: 400\">Vous aurez acc\u00e8s \u00e0 deux variantes :<\/span><span style=\"font-weight: 400\"><br \/><\/span> <b>\u2022 Le format ALL-IN<\/b><span style=\"font-weight: 400\">, comme si vous \u00e9tiez un joueur de NFL, avec tout l\u2019\u00e9quipement complet et m\u00eame un uniforme con\u00e7u sur mesure pour votre \u00e9v\u00e9nement et vos \u00e9quipes !<\/span><span style=\"font-weight: 400\"><br \/><\/span> <b>\u2022 Le FLAG football<\/b><span style=\"font-weight: 400\">, version sans contact du foot US, id\u00e9ale pour pr\u00e9server les participants tout en garantissant la m\u00eame intensit\u00e9, et le m\u00eame plaisir \ud83d\ude09.<\/span><\/span><\/p>\n<p><span style=\"color: #0c71c3\"><span style=\"font-weight: 400\">Nous collaborons aussi bien avec des \u00e9quipes de NFL qu\u2019avec nos \u00e9quipes fran\u00e7aises amateurs et notre \u00e9quipe professionnelle, les <\/span><b>Mousquetaires<\/b><span style=\"font-weight: 400\">.<\/span><\/span><\/p>\n<p><span style=\"font-weight: 400;color: #0c71c3\">N\u2019attendez plus : entrez dans l\u2019univers foot US\/flag et faites vivre une exp\u00e9rience originale, rythm\u00e9e et inoubliable \u00e0 vos participants !<\/span><\/p>[\/et_pb_text][\/et_pb_column][\/et_pb_row][et_pb_row _builder_version=\u00a0\u00bb4.27.4&Prime; _module_preset=\u00a0\u00bbdefault\u00a0\u00bb global_colors_info=\u00a0\u00bb{}\u00a0\u00bb][et_pb_column type=\u00a0\u00bb4_4&Prime; _builder_version=\u00a0\u00bb4.27.4&Prime; _module_preset=\u00a0\u00bbdefault\u00a0\u00bb global_colors_info=\u00a0\u00bb{}\u00a0\u00bb][et_pb_text _builder_version=\u00a0\u00bb4.27.4&Prime; _module_preset=\u00a0\u00bbdefault\u00a0\u00bb text_font=\u00a0\u00bbAlata||on||||||\u00a0\u00bb text_font_size=\u00a0\u00bb39px\u00a0\u00bb header_2_font=\u00a0\u00bbAlata||||||||\u00a0\u00bb header_2_font_size=\u00a0\u00bb29px\u00a0\u00bb global_colors_info=\u00a0\u00bb{}\u00a0\u00bb]<h2 style=\"text-align: right\"><span style=\"color: #075a9e\">BASKETBALL<\/span><\/h2>[\/et_pb_text][\/et_pb_column][\/et_pb_row][et_pb_row column_structure=\u00a0\u00bb1_2,1_2&Prime; _builder_version=\u00a0\u00bb4.27.4&Prime; _module_preset=\u00a0\u00bbdefault\u00a0\u00bb global_colors_info=\u00a0\u00bb{}\u00a0\u00bb][et_pb_column type=\u00a0\u00bb1_2&Prime; _builder_version=\u00a0\u00bb4.27.4&Prime; _module_preset=\u00a0\u00bbdefault\u00a0\u00bb global_colors_info=\u00a0\u00bb{}\u00a0\u00bb][et_pb_text _builder_version=\u00a0\u00bb4.27.4&Prime; _module_preset=\u00a0\u00bbdefault\u00a0\u00bb global_colors_info=\u00a0\u00bb{}\u00a0\u00bb]<p data-start=\"125\" data-end=\"325\"><span style=\"color: #0c71c3\">Le basket est un sport que tout le monde conna\u00eet, de pr\u00e8s ou de loin. Dynamique, spectaculaire, alliant efficacit\u00e9 et finesse : autant de qualit\u00e9s que nous revendiquons \u00e9galement au sein de LC Agency.<\/span><\/p>\n<p data-start=\"327\" data-end=\"671\"><span style=\"color: #0c71c3\"><strong>Sport accessible et universel<\/strong>, le basket s\u2019impose comme une discipline id\u00e9ale pour cr\u00e9er des moments f\u00e9d\u00e9rateurs et immersifs.<\/span><\/p>\n<p data-start=\"327\" data-end=\"671\"><span style=\"color: #0c71c3\">Que ce soit \u00e0 travers des tournois, des animations corporate, des ateliers techniques ou des initiations pour tous niveaux. Nous mettons notre expertise au service d\u2019exp\u00e9riences engageantes, structur\u00e9es et m\u00e9morables.<\/span><\/p>[\/et_pb_text][\/et_pb_column][et_pb_column type=\u00a0\u00bb1_2&Prime; _builder_version=\u00a0\u00bb4.27.4&Prime; _module_preset=\u00a0\u00bbdefault\u00a0\u00bb global_colors_info=\u00a0\u00bb{}\u00a0\u00bb][et_pb_image src=\u00a0\u00bbhttps:\/\/3sport2025.ppawebdesign.com\/c3\/wp-content\/uploads\/sites\/14\/2025\/12\/basketball.png\u00a0\u00bb title_text=\u00a0\u00bbbasketball\u00a0\u00bb _builder_version=\u00a0\u00bb4.27.4&Prime; _module_preset=\u00a0\u00bbdefault\u00a0\u00bb global_colors_info=\u00a0\u00bb{}\u00a0\u00bb][\/et_pb_image][\/et_pb_column][\/et_pb_row][et_pb_row _builder_version=\u00a0\u00bb4.27.4&Prime; _module_preset=\u00a0\u00bbdefault\u00a0\u00bb global_colors_info=\u00a0\u00bb{}\u00a0\u00bb][et_pb_column type=\u00a0\u00bb4_4&Prime; _builder_version=\u00a0\u00bb4.27.4&Prime; _module_preset=\u00a0\u00bbdefault\u00a0\u00bb global_colors_info=\u00a0\u00bb{}\u00a0\u00bb][et_pb_text _builder_version=\u00a0\u00bb4.27.4&Prime; _module_preset=\u00a0\u00bbdefault\u00a0\u00bb global_colors_info=\u00a0\u00bb{}\u00a0\u00bb]<p data-start=\"673\" data-end=\"960\"><span style=\"color: #0c71c3\">Sa popularit\u00e9 internationale, port\u00e9e par l\u2019influence culturelle et m\u00e9diatique de la NBA, a su conqu\u00e9rir toutes les g\u00e9n\u00e9rations. Cette notori\u00e9t\u00e9 en fait un terrain de jeu privil\u00e9gi\u00e9 pour renforcer la coh\u00e9sion, stimuler la dynamique d\u2019\u00e9quipe et offrir des instants de partage authentiques.<\/span><\/p>\n<p data-start=\"962\" data-end=\"1274\"><span style=\"color: #0c71c3\">Gr\u00e2ce \u00e0 notre r\u00e9seau de partenaires et \u00e0 notre savoir-faire \u00e9v\u00e9nementiel, nous concevons des formats adapt\u00e9s \u00e0 vos objectifs et \u00e0 votre identit\u00e9.<\/span><br data-start=\"1107\" data-end=\"1110\" \/><span style=\"color: #0c71c3\">Notre ambition : valoriser la dimension collective du basket tout en insufflant <strong>l\u2019\u00e9nergie, la pr\u00e9cision et la fluidit\u00e9<\/strong> qui caract\u00e9risent ce sport \u2014 et notre agence.<\/span><\/p>[\/et_pb_text][\/et_pb_column][\/et_pb_row][\/et_pb_section]\n","protected":false},"excerpt":{"rendered":"<p>NOS SPORTS Le coeur de notre agence sportif \u00e9v\u00e9nementiel, la LC Agency, bat pour le sport. Nous r\u00e9alisons vos projets dans le but de mettre les nombreuses disciplines qui existent en avant. Nous aimons vous poser une question qui nous accompagne au quotidien : qu\u2019est-ce que ce sport repr\u00e9sente pour vous ? Trouvez ci-dessous nos [&hellip;]<\/p>\n","protected":false},"author":73,"featured_media":0,"parent":0,"menu_order":0,"comment_status":"closed","ping_status":"closed","template":"","meta":{"_et_pb_use_builder":"on","_et_pb_old_content":"","_et_gb_content_width":"","footnotes":""},"class_list":["post-46","page","type-page","status-publish","hentry"],"yoast_head":"<!-- This site is optimized with the Yoast SEO plugin v26.5 - https:\/\/yoast.com\/wordpress\/plugins\/seo\/ -->\n<title>Agence \u00e9v\u00e8nementiel : Sports propos\u00e9s<\/title>\n<meta name=\"description\" content=\"Notre agence \u00e9v\u00e9nementiel sportif vous accompagne dans tous vos projets \u00e9v\u00e9nementiels avec des solutions sur mesure.\" \/>\n<meta name=\"robots\" content=\"index, follow, max-snippet:-1, max-image-preview:large, max-video-preview:-1\" \/>\n<link rel=\"canonical\" href=\"https:\/\/3sport2025.ppawebdesign.com\/c3\/agence-evenementiel-sportif\/\" \/>\n<meta property=\"og:locale\" content=\"fr_FR\" \/>\n<meta property=\"og:type\" content=\"article\" \/>\n<meta property=\"og:title\" content=\"Agence \u00e9v\u00e8nementiel : Sports propos\u00e9s\" \/>\n<meta property=\"og:description\" content=\"Notre agence \u00e9v\u00e9nementiel sportif vous accompagne dans tous vos projets \u00e9v\u00e9nementiels avec des solutions sur mesure.\" \/>\n<meta property=\"og:url\" content=\"https:\/\/3sport2025.ppawebdesign.com\/c3\/agence-evenementiel-sportif\/\" \/>\n<meta property=\"og:site_name\" content=\"LCagency\" \/>\n<meta property=\"article:modified_time\" content=\"2025-12-04T16:11:30+00:00\" \/>\n<meta name=\"twitter:card\" content=\"summary_large_image\" \/>\n<meta name=\"twitter:label1\" content=\"Dur\u00e9e de lecture estim\u00e9e\" \/>\n\t<meta name=\"twitter:data1\" content=\"5 minutes\" \/>\n<script type=\"application\/ld+json\" class=\"yoast-schema-graph\">{\"@context\":\"https:\/\/schema.org\",\"@graph\":[{\"@type\":\"WebPage\",\"@id\":\"https:\/\/3sport2025.ppawebdesign.com\/c3\/agence-evenementiel-sportif\/\",\"url\":\"https:\/\/3sport2025.ppawebdesign.com\/c3\/agence-evenementiel-sportif\/\",\"name\":\"Agence \u00e9v\u00e8nementiel : Sports propos\u00e9s\",\"isPartOf\":{\"@id\":\"https:\/\/3sport2025.ppawebdesign.com\/c3\/#website\"},\"datePublished\":\"2025-12-02T11:46:24+00:00\",\"dateModified\":\"2025-12-04T16:11:30+00:00\",\"description\":\"Notre agence \u00e9v\u00e9nementiel sportif vous accompagne dans tous vos projets \u00e9v\u00e9nementiels avec des solutions sur mesure.\",\"breadcrumb\":{\"@id\":\"https:\/\/3sport2025.ppawebdesign.com\/c3\/agence-evenementiel-sportif\/#breadcrumb\"},\"inLanguage\":\"fr-FR\",\"potentialAction\":[{\"@type\":\"ReadAction\",\"target\":[\"https:\/\/3sport2025.ppawebdesign.com\/c3\/agence-evenementiel-sportif\/\"]}]},{\"@type\":\"BreadcrumbList\",\"@id\":\"https:\/\/3sport2025.ppawebdesign.com\/c3\/agence-evenementiel-sportif\/#breadcrumb\",\"itemListElement\":[{\"@type\":\"ListItem\",\"position\":1,\"name\":\"Accueil\",\"item\":\"https:\/\/3sport2025.ppawebdesign.com\/c3\/\"},{\"@type\":\"ListItem\",\"position\":2,\"name\":\"Sport\"}]},{\"@type\":\"WebSite\",\"@id\":\"https:\/\/3sport2025.ppawebdesign.com\/c3\/#website\",\"url\":\"https:\/\/3sport2025.ppawebdesign.com\/c3\/\",\"name\":\"LCagency\",\"description\":\"\",\"potentialAction\":[{\"@type\":\"SearchAction\",\"target\":{\"@type\":\"EntryPoint\",\"urlTemplate\":\"https:\/\/3sport2025.ppawebdesign.com\/c3\/?s={search_term_string}\"},\"query-input\":{\"@type\":\"PropertyValueSpecification\",\"valueRequired\":true,\"valueName\":\"search_term_string\"}}],\"inLanguage\":\"fr-FR\"}]}<\/script>\n<!-- \/ Yoast SEO plugin. -->","yoast_head_json":{"title":"Agence \u00e9v\u00e8nementiel : Sports propos\u00e9s","description":"Notre agence \u00e9v\u00e9nementiel sportif vous accompagne dans tous vos projets \u00e9v\u00e9nementiels avec des solutions sur mesure.","robots":{"index":"index","follow":"follow","max-snippet":"max-snippet:-1","max-image-preview":"max-image-preview:large","max-video-preview":"max-video-preview:-1"},"canonical":"https:\/\/3sport2025.ppawebdesign.com\/c3\/agence-evenementiel-sportif\/","og_locale":"fr_FR","og_type":"article","og_title":"Agence \u00e9v\u00e8nementiel : Sports propos\u00e9s","og_description":"Notre agence \u00e9v\u00e9nementiel sportif vous accompagne dans tous vos projets \u00e9v\u00e9nementiels avec des solutions sur mesure.","og_url":"https:\/\/3sport2025.ppawebdesign.com\/c3\/agence-evenementiel-sportif\/","og_site_name":"LCagency","article_modified_time":"2025-12-04T16:11:30+00:00","twitter_card":"summary_large_image","twitter_misc":{"Dur\u00e9e de lecture estim\u00e9e":"5 minutes"},"schema":{"@context":"https:\/\/schema.org","@graph":[{"@type":"WebPage","@id":"https:\/\/3sport2025.ppawebdesign.com\/c3\/agence-evenementiel-sportif\/","url":"https:\/\/3sport2025.ppawebdesign.com\/c3\/agence-evenementiel-sportif\/","name":"Agence \u00e9v\u00e8nementiel : Sports propos\u00e9s","isPartOf":{"@id":"https:\/\/3sport2025.ppawebdesign.com\/c3\/#website"},"datePublished":"2025-12-02T11:46:24+00:00","dateModified":"2025-12-04T16:11:30+00:00","description":"Notre agence \u00e9v\u00e9nementiel sportif vous accompagne dans tous vos projets \u00e9v\u00e9nementiels avec des solutions sur mesure.","breadcrumb":{"@id":"https:\/\/3sport2025.ppawebdesign.com\/c3\/agence-evenementiel-sportif\/#breadcrumb"},"inLanguage":"fr-FR","potentialAction":[{"@type":"ReadAction","target":["https:\/\/3sport2025.ppawebdesign.com\/c3\/agence-evenementiel-sportif\/"]}]},{"@type":"BreadcrumbList","@id":"https:\/\/3sport2025.ppawebdesign.com\/c3\/agence-evenementiel-sportif\/#breadcrumb","itemListElement":[{"@type":"ListItem","position":1,"name":"Accueil","item":"https:\/\/3sport2025.ppawebdesign.com\/c3\/"},{"@type":"ListItem","position":2,"name":"Sport"}]},{"@type":"WebSite","@id":"https:\/\/3sport2025.ppawebdesign.com\/c3\/#website","url":"https:\/\/3sport2025.ppawebdesign.com\/c3\/","name":"LCagency","description":"","potentialAction":[{"@type":"SearchAction","target":{"@type":"EntryPoint","urlTemplate":"https:\/\/3sport2025.ppawebdesign.com\/c3\/?s={search_term_string}"},"query-input":{"@type":"PropertyValueSpecification","valueRequired":true,"valueName":"search_term_string"}}],"inLanguage":"fr-FR"}]}},"_links":{"self":[{"href":"https:\/\/3sport2025.ppawebdesign.com\/c3\/wp-json\/wp\/v2\/pages\/46","targetHints":{"allow":["GET"]}}],"collection":[{"href":"https:\/\/3sport2025.ppawebdesign.com\/c3\/wp-json\/wp\/v2\/pages"}],"about":[{"href":"https:\/\/3sport2025.ppawebdesign.com\/c3\/wp-json\/wp\/v2\/types\/page"}],"author":[{"embeddable":true,"href":"https:\/\/3sport2025.ppawebdesign.com\/c3\/wp-json\/wp\/v2\/users\/73"}],"replies":[{"embeddable":true,"href":"https:\/\/3sport2025.ppawebdesign.com\/c3\/wp-json\/wp\/v2\/comments?post=46"}],"version-history":[{"count":40,"href":"https:\/\/3sport2025.ppawebdesign.com\/c3\/wp-json\/wp\/v2\/pages\/46\/revisions"}],"predecessor-version":[{"id":395,"href":"https:\/\/3sport2025.ppawebdesign.com\/c3\/wp-json\/wp\/v2\/pages\/46\/revisions\/395"}],"wp:attachment":[{"href":"https:\/\/3sport2025.ppawebdesign.com\/c3\/wp-json\/wp\/v2\/media?parent=46"}],"curies":[{"name":"wp","href":"https:\/\/api.w.org\/{rel}","templated":true}]}}