{"id":48,"date":"2025-12-02T12:46:45","date_gmt":"2025-12-02T11:46:45","guid":{"rendered":"https:\/\/3sport2025.ppawebdesign.com\/c3\/?page_id=48"},"modified":"2025-12-04T22:32:31","modified_gmt":"2025-12-04T21:32:31","slug":"creation-devenement-sportif","status":"publish","type":"page","link":"https:\/\/3sport2025.ppawebdesign.com\/c3\/creation-devenement-sportif\/","title":{"rendered":"Contact et informations pratiques"},"content":{"rendered":"<p>[et_pb_section fb_built=\u00a0\u00bb1&Prime; _builder_version=\u00a0\u00bb4.27.4&Prime; _module_preset=\u00a0\u00bbdefault\u00a0\u00bb global_colors_info=\u00a0\u00bb{}\u00a0\u00bb][et_pb_row _builder_version=\u00a0\u00bb4.27.4&Prime; _module_preset=\u00a0\u00bbdefault\u00a0\u00bb global_colors_info=\u00a0\u00bb{}\u00a0\u00bb][et_pb_column type=\u00a0\u00bb4_4&Prime; _builder_version=\u00a0\u00bb4.27.4&Prime; _module_preset=\u00a0\u00bbdefault\u00a0\u00bb global_colors_info=\u00a0\u00bb{}\u00a0\u00bb][et_pb_post_title meta=\u00a0\u00bboff\u00a0\u00bb _builder_version=\u00a0\u00bb4.27.4&Prime; _module_preset=\u00a0\u00bbdefault\u00a0\u00bb background_color=\u00a0\u00bbRGBA(255,255,255,0)\u00a0\u00bb hover_enabled=\u00a0\u00bb0&Prime; global_colors_info=\u00a0\u00bb{}\u00a0\u00bb sticky_enabled=\u00a0\u00bb0&Prime; title_font=\u00a0\u00bb|||on|||||\u00a0\u00bb][\/et_pb_post_title][et_pb_text _builder_version=\u00a0\u00bb4.27.4&Prime; _module_preset=\u00a0\u00bbdefault\u00a0\u00bb hover_enabled=\u00a0\u00bb0&Prime; global_colors_info=\u00a0\u00bb{}\u00a0\u00bb sticky_enabled=\u00a0\u00bb0&Prime;]<\/p>\n<h2><span style=\"color: #0c71c3\">La cr\u00e9ation d&rsquo;\u00e9v\u00e9nement sportif n&rsquo;attend plus que vous. N&rsquo;h\u00e9sitez pas nous sommes \u00e0 votre disposition.<\/span><\/h2>\n<p>[\/et_pb_text][et_pb_text _builder_version=\u00a0\u00bb4.27.4&Prime; _module_preset=\u00a0\u00bbdefault\u00a0\u00bb global_colors_info=\u00a0\u00bb{}\u00a0\u00bb]<\/p>\n<p><span style=\"color: #0c71c3\">La cr\u00e9ation d&rsquo;\u00e9v\u00e9nement sportif, c\u2019est bien plus qu\u2019organiser une comp\u00e9tition. C\u2019est f\u00e9d\u00e9rer, dynamiser et faire vibrer votre communaut\u00e9. Un moyen puissant d\u2019allier \u00e9motion, visibilit\u00e9 et engagement.<\/span><\/p>\n<p>[\/et_pb_text][\/et_pb_column][\/et_pb_row][et_pb_row column_structure=\u00a0\u00bb1_2,1_2&Prime; _builder_version=\u00a0\u00bb4.27.4&Prime; _module_preset=\u00a0\u00bbdefault\u00a0\u00bb global_colors_info=\u00a0\u00bb{}\u00a0\u00bb][et_pb_column type=\u00a0\u00bb1_2&Prime; _builder_version=\u00a0\u00bb4.27.4&Prime; _module_preset=\u00a0\u00bbdefault\u00a0\u00bb global_colors_info=\u00a0\u00bb{}\u00a0\u00bb][et_pb_text _builder_version=\u00a0\u00bb4.27.4&Prime; _module_preset=\u00a0\u00bbdefault\u00a0\u00bb global_colors_info=\u00a0\u00bb{}\u00a0\u00bb]<\/p>\n<p data-start=\"125\" data-end=\"574\"><span style=\"color: #0c71c3\">Chez <strong>LC Agency<\/strong>, nous croyons que chaque \u00e9v\u00e9nement sportif est une <strong>occasion unique de rassembler<\/strong>, de <strong>vibrer<\/strong> et de cr\u00e9er des souvenirs durables. <\/span><\/p>\n<p data-start=\"125\" data-end=\"574\"><span style=\"color: #0c71c3\">Que vous soyez une entreprise souhaitant <strong>renforcer la coh\u00e9sion<\/strong> interne, une collectivit\u00e9 d\u00e9sirant dynamiser son territoire ou une organisation sportive cherchant \u00e0 offrir une <strong>exp\u00e9rience m\u00e9morable<\/strong> \u00e0 ses participants. <\/span><\/p>\n<p data-start=\"125\" data-end=\"574\"><span style=\"color: #0c71c3\">Notre \u00e9quipe est \u00e0 votre \u00e9coute pour transformer vos ambitions en r\u00e9alit\u00e9.<\/span><\/p>\n<p data-start=\"576\" data-end=\"964\"><span style=\"color: #0c71c3\">Vous avez un projet, une id\u00e9e ou simplement l\u2019envie de donner vie \u00e0 un \u00e9v\u00e9nement qui vous ressemble ? <strong>Contactez-nous !<\/strong> Notre \u00e9quipe vous accompagne \u00e0 chaque \u00e9tape. <\/span><\/p>\n<p data-start=\"576\" data-end=\"964\"><span style=\"color: #0c71c3\">Conception, organisation, logistique, coordination le jour J\u2026 Nous mobilisons notre cr\u00e9ativit\u00e9, notre expertise et notre passion du sport pour imaginer des <strong>exp\u00e9riences innovantes<\/strong>, adapt\u00e9es \u00e0 vos objectifs et \u00e0 votre public.<\/span><\/p>\n<p data-start=\"966\" data-end=\"1261\"><span style=\"color: #0c71c3\"><\/span><\/p>\n<p>[\/et_pb_text][\/et_pb_column][et_pb_column type=\u00a0\u00bb1_2&Prime; _builder_version=\u00a0\u00bb4.27.4&Prime; _module_preset=\u00a0\u00bbdefault\u00a0\u00bb global_colors_info=\u00a0\u00bb{}\u00a0\u00bb][et_pb_image src=\u00a0\u00bbhttps:\/\/3sport2025.ppawebdesign.com\/c3\/wp-content\/uploads\/sites\/14\/2025\/12\/terrain-basket-evenement-paris-3-1024&#215;1024-1.png\u00a0\u00bb title_text=\u00a0\u00bbterrain-basket-evenement-paris-3-1024&#215;1024&Prime; _builder_version=\u00a0\u00bb4.27.4&Prime; _module_preset=\u00a0\u00bbdefault\u00a0\u00bb global_colors_info=\u00a0\u00bb{}\u00a0\u00bb][\/et_pb_image][\/et_pb_column][\/et_pb_row][et_pb_row column_structure=\u00a0\u00bb1_2,1_2&Prime; _builder_version=\u00a0\u00bb4.27.4&Prime; _module_preset=\u00a0\u00bbdefault\u00a0\u00bb global_colors_info=\u00a0\u00bb{}\u00a0\u00bb][et_pb_column type=\u00a0\u00bb1_2&Prime; _builder_version=\u00a0\u00bb4.27.4&Prime; _module_preset=\u00a0\u00bbdefault\u00a0\u00bb global_colors_info=\u00a0\u00bb{}\u00a0\u00bb][et_pb_image src=\u00a0\u00bbhttps:\/\/3sport2025.ppawebdesign.com\/c3\/wp-content\/uploads\/sites\/14\/2025\/12\/super_bowl_2023_equipes_show_horaires_tv._tout_savoir_sur_levenement_du_football_americain_63e4fcc11a2ac_0.jpg\u00a0\u00bb title_text=\u00a0\u00bbNFL: Super Bowl LVII-Stadium and Field Preparation Press Conference\u00a0\u00bb _builder_version=\u00a0\u00bb4.27.4&Prime; _module_preset=\u00a0\u00bbdefault\u00a0\u00bb global_colors_info=\u00a0\u00bb{}\u00a0\u00bb][\/et_pb_image][\/et_pb_column][et_pb_column type=\u00a0\u00bb1_2&Prime; _builder_version=\u00a0\u00bb4.27.4&Prime; _module_preset=\u00a0\u00bbdefault\u00a0\u00bb global_colors_info=\u00a0\u00bb{}\u00a0\u00bb][et_pb_text _builder_version=\u00a0\u00bb4.27.4&Prime; _module_preset=\u00a0\u00bbdefault\u00a0\u00bb global_colors_info=\u00a0\u00bb{}\u00a0\u00bb]<\/p>\n<p data-start=\"576\" data-end=\"964\">\n<p data-start=\"966\" data-end=\"1261\"><span style=\"color: #0c71c3\">Remplissez le formulaire ci-dessous, nous reviendrons vers vous dans les plus brefs d\u00e9lais pour \u00e9changer sur votre projet. Vous pouvez \u00e9galement venir nous <strong>rencontrer<\/strong> dans nos locaux, afin de <strong>discuter de vive voix<\/strong> de vos besoins.<\/span><\/p>\n<p data-start=\"1263\" data-end=\"1539\"><span style=\"color: #0c71c3\">Parce que <strong>chaque \u00e9v\u00e9nement est unique<\/strong>, nous prenons le temps de comprendre votre vision, afin de vous proposer des solutions sur mesure. Ensemble, donnons du mouvement \u00e0 vos id\u00e9es et faisons de votre \u00e9v\u00e9nement un <strong>moment inoubliable.<\/strong><\/span><\/p>\n<p data-start=\"1541\" data-end=\"1665\"><span style=\"color: #0c71c3\">Nous avons h\u00e2te de collaborer avec vous et de cr\u00e9er, \u00e0 vos c\u00f4t\u00e9s, les prochains temps fort qui marqueront votre communaut\u00e9.<\/span><\/p>\n<p>[\/et_pb_text][\/et_pb_column][\/et_pb_row][\/et_pb_section][et_pb_section fb_built=\u00a0\u00bb1&Prime; _builder_version=\u00a0\u00bb4.27.4&Prime; _module_preset=\u00a0\u00bbdefault\u00a0\u00bb global_colors_info=\u00a0\u00bb{}\u00a0\u00bb][et_pb_row _builder_version=\u00a0\u00bb4.27.4&Prime; _module_preset=\u00a0\u00bbdefault\u00a0\u00bb global_colors_info=\u00a0\u00bb{}\u00a0\u00bb][et_pb_column type=\u00a0\u00bb4_4&Prime; _builder_version=\u00a0\u00bb4.27.4&Prime; _module_preset=\u00a0\u00bbdefault\u00a0\u00bb global_colors_info=\u00a0\u00bb{}\u00a0\u00bb][et_pb_text _builder_version=\u00a0\u00bb4.27.4&Prime; _module_preset=\u00a0\u00bbdefault\u00a0\u00bb hover_enabled=\u00a0\u00bb0&Prime; global_colors_info=\u00a0\u00bb{}\u00a0\u00bb sticky_enabled=\u00a0\u00bb0&Prime;]<\/p>\n<p><span style=\"color: #0c71c3\"><strong>Remplissez le formulaire de contact pour nous exposer votre projet.<\/strong> <\/span><\/p>\n<p><span style=\"color: #0c71c3;font-size: 17px\">Nous prendrons le temps de vous lire et de vous r\u00e9pondre.<\/span><\/p>\n<p>[\/et_pb_text][et_pb_contact_form _builder_version=\u00a0\u00bb4.27.4&Prime; _module_preset=\u00a0\u00bbdefault\u00a0\u00bb _unique_id=\u00a0\u00bbac6eab7b-d7d4-46e2-88ee-48f4aeff2652&Prime; global_colors_info=\u00a0\u00bb{}\u00a0\u00bb][et_pb_contact_field field_id=\u00a0\u00bbName\u00a0\u00bb field_title=\u00a0\u00bbNom\u00a0\u00bb _builder_version=\u00a0\u00bb4.16&Prime; global_colors_info=\u00a0\u00bb{}\u00a0\u00bb button_text_size__hover_enabled=\u00a0\u00bboff\u00a0\u00bb button_one_text_size__hover_enabled=\u00a0\u00bboff\u00a0\u00bb button_two_text_size__hover_enabled=\u00a0\u00bboff\u00a0\u00bb button_text_color__hover_enabled=\u00a0\u00bboff\u00a0\u00bb button_one_text_color__hover_enabled=\u00a0\u00bboff\u00a0\u00bb button_two_text_color__hover_enabled=\u00a0\u00bboff\u00a0\u00bb button_border_width__hover_enabled=\u00a0\u00bboff\u00a0\u00bb button_one_border_width__hover_enabled=\u00a0\u00bboff\u00a0\u00bb button_two_border_width__hover_enabled=\u00a0\u00bboff\u00a0\u00bb button_border_color__hover_enabled=\u00a0\u00bboff\u00a0\u00bb button_one_border_color__hover_enabled=\u00a0\u00bboff\u00a0\u00bb button_two_border_color__hover_enabled=\u00a0\u00bboff\u00a0\u00bb button_border_radius__hover_enabled=\u00a0\u00bboff\u00a0\u00bb button_one_border_radius__hover_enabled=\u00a0\u00bboff\u00a0\u00bb button_two_border_radius__hover_enabled=\u00a0\u00bboff\u00a0\u00bb button_letter_spacing__hover_enabled=\u00a0\u00bboff\u00a0\u00bb button_one_letter_spacing__hover_enabled=\u00a0\u00bboff\u00a0\u00bb button_two_letter_spacing__hover_enabled=\u00a0\u00bboff\u00a0\u00bb button_bg_color__hover_enabled=\u00a0\u00bboff\u00a0\u00bb button_one_bg_color__hover_enabled=\u00a0\u00bboff\u00a0\u00bb button_two_bg_color__hover_enabled=\u00a0\u00bboff\u00a0\u00bb][\/et_pb_contact_field][et_pb_contact_field field_id=\u00a0\u00bbEmail\u00a0\u00bb field_title=\u00a0\u00bbAdresse e-mail\u00a0\u00bb field_type=\u00a0\u00bbemail\u00a0\u00bb _builder_version=\u00a0\u00bb4.16&Prime; global_colors_info=\u00a0\u00bb{}\u00a0\u00bb button_text_size__hover_enabled=\u00a0\u00bboff\u00a0\u00bb button_one_text_size__hover_enabled=\u00a0\u00bboff\u00a0\u00bb button_two_text_size__hover_enabled=\u00a0\u00bboff\u00a0\u00bb button_text_color__hover_enabled=\u00a0\u00bboff\u00a0\u00bb button_one_text_color__hover_enabled=\u00a0\u00bboff\u00a0\u00bb button_two_text_color__hover_enabled=\u00a0\u00bboff\u00a0\u00bb button_border_width__hover_enabled=\u00a0\u00bboff\u00a0\u00bb button_one_border_width__hover_enabled=\u00a0\u00bboff\u00a0\u00bb button_two_border_width__hover_enabled=\u00a0\u00bboff\u00a0\u00bb button_border_color__hover_enabled=\u00a0\u00bboff\u00a0\u00bb button_one_border_color__hover_enabled=\u00a0\u00bboff\u00a0\u00bb button_two_border_color__hover_enabled=\u00a0\u00bboff\u00a0\u00bb button_border_radius__hover_enabled=\u00a0\u00bboff\u00a0\u00bb button_one_border_radius__hover_enabled=\u00a0\u00bboff\u00a0\u00bb button_two_border_radius__hover_enabled=\u00a0\u00bboff\u00a0\u00bb button_letter_spacing__hover_enabled=\u00a0\u00bboff\u00a0\u00bb button_one_letter_spacing__hover_enabled=\u00a0\u00bboff\u00a0\u00bb button_two_letter_spacing__hover_enabled=\u00a0\u00bboff\u00a0\u00bb button_bg_color__hover_enabled=\u00a0\u00bboff\u00a0\u00bb button_one_bg_color__hover_enabled=\u00a0\u00bboff\u00a0\u00bb button_two_bg_color__hover_enabled=\u00a0\u00bboff\u00a0\u00bb][\/et_pb_contact_field][et_pb_contact_field field_id=\u00a0\u00bbMessage\u00a0\u00bb field_title=\u00a0\u00bbMessage\u00a0\u00bb field_type=\u00a0\u00bbtext\u00a0\u00bb fullwidth_field=\u00a0\u00bbon\u00a0\u00bb _builder_version=\u00a0\u00bb4.16&Prime; global_colors_info=\u00a0\u00bb{}\u00a0\u00bb button_text_size__hover_enabled=\u00a0\u00bboff\u00a0\u00bb button_one_text_size__hover_enabled=\u00a0\u00bboff\u00a0\u00bb button_two_text_size__hover_enabled=\u00a0\u00bboff\u00a0\u00bb button_text_color__hover_enabled=\u00a0\u00bboff\u00a0\u00bb button_one_text_color__hover_enabled=\u00a0\u00bboff\u00a0\u00bb button_two_text_color__hover_enabled=\u00a0\u00bboff\u00a0\u00bb button_border_width__hover_enabled=\u00a0\u00bboff\u00a0\u00bb button_one_border_width__hover_enabled=\u00a0\u00bboff\u00a0\u00bb button_two_border_width__hover_enabled=\u00a0\u00bboff\u00a0\u00bb button_border_color__hover_enabled=\u00a0\u00bboff\u00a0\u00bb button_one_border_color__hover_enabled=\u00a0\u00bboff\u00a0\u00bb button_two_border_color__hover_enabled=\u00a0\u00bboff\u00a0\u00bb button_border_radius__hover_enabled=\u00a0\u00bboff\u00a0\u00bb button_one_border_radius__hover_enabled=\u00a0\u00bboff\u00a0\u00bb button_two_border_radius__hover_enabled=\u00a0\u00bboff\u00a0\u00bb button_letter_spacing__hover_enabled=\u00a0\u00bboff\u00a0\u00bb button_one_letter_spacing__hover_enabled=\u00a0\u00bboff\u00a0\u00bb button_two_letter_spacing__hover_enabled=\u00a0\u00bboff\u00a0\u00bb button_bg_color__hover_enabled=\u00a0\u00bboff\u00a0\u00bb button_one_bg_color__hover_enabled=\u00a0\u00bboff\u00a0\u00bb button_two_bg_color__hover_enabled=\u00a0\u00bboff\u00a0\u00bb][\/et_pb_contact_field][\/et_pb_contact_form][et_pb_social_media_follow _builder_version=\u00a0\u00bb4.27.4&Prime; _module_preset=\u00a0\u00bbdefault\u00a0\u00bb global_colors_info=\u00a0\u00bb{}\u00a0\u00bb][et_pb_social_media_follow_network social_network=\u00a0\u00bbfacebook\u00a0\u00bb _builder_version=\u00a0\u00bb4.27.4&Prime; _module_preset=\u00a0\u00bbdefault\u00a0\u00bb background_color=\u00a0\u00bb#3b5998&Prime; global_colors_info=\u00a0\u00bb{}\u00a0\u00bb follow_button=\u00a0\u00bboff\u00a0\u00bb url_new_window=\u00a0\u00bbon\u00a0\u00bb]facebook[\/et_pb_social_media_follow_network][et_pb_social_media_follow_network social_network=\u00a0\u00bbtwitter\u00a0\u00bb _builder_version=\u00a0\u00bb4.27.4&Prime; _module_preset=\u00a0\u00bbdefault\u00a0\u00bb background_color=\u00a0\u00bb#000000&Prime; global_colors_info=\u00a0\u00bb{}\u00a0\u00bb follow_button=\u00a0\u00bboff\u00a0\u00bb url_new_window=\u00a0\u00bbon\u00a0\u00bb]X[\/et_pb_social_media_follow_network][\/et_pb_social_media_follow][\/et_pb_column][\/et_pb_row][\/et_pb_section]<\/p>\n","protected":false},"excerpt":{"rendered":"<p>La cr\u00e9ation d&rsquo;\u00e9v\u00e9nement sportif n&rsquo;attend plus que vous. N&rsquo;h\u00e9sitez pas nous sommes \u00e0 votre disposition.La cr\u00e9ation d&rsquo;\u00e9v\u00e9nement sportif, c\u2019est bien plus qu\u2019organiser une comp\u00e9tition. C\u2019est f\u00e9d\u00e9rer, dynamiser et faire vibrer votre communaut\u00e9. Un moyen puissant d\u2019allier \u00e9motion, visibilit\u00e9 et engagement.Chez LC Agency, nous croyons que chaque \u00e9v\u00e9nement sportif est une occasion unique de rassembler, de [&hellip;]<\/p>\n","protected":false},"author":73,"featured_media":0,"parent":0,"menu_order":0,"comment_status":"closed","ping_status":"closed","template":"","meta":{"_et_pb_use_builder":"on","_et_pb_old_content":"","_et_gb_content_width":"","footnotes":""},"class_list":["post-48","page","type-page","status-publish","hentry"],"yoast_head":"<!-- This site is optimized with the Yoast SEO plugin v26.5 - https:\/\/yoast.com\/wordpress\/plugins\/seo\/ -->\n<title>Cr\u00e9ation d&#039;\u00e9v\u00e9nement sportif : nous vous accompagnons<\/title>\n<meta name=\"description\" content=\"La cr\u00e9ation d&#039;\u00e9v\u00e9nement sportif comme moteur \u00e0 votre entreprise. Nos \u00e9quipes exp\u00e9riment\u00e9es permet \u00e0 vos projets de prendre vie\" \/>\n<meta name=\"robots\" content=\"index, follow, max-snippet:-1, max-image-preview:large, max-video-preview:-1\" \/>\n<link rel=\"canonical\" href=\"https:\/\/3sport2025.ppawebdesign.com\/c3\/creation-devenement-sportif\/\" \/>\n<meta property=\"og:locale\" content=\"fr_FR\" \/>\n<meta property=\"og:type\" content=\"article\" \/>\n<meta property=\"og:title\" content=\"Cr\u00e9ation d&#039;\u00e9v\u00e9nement sportif : nous vous accompagnons\" \/>\n<meta property=\"og:description\" content=\"La cr\u00e9ation d&#039;\u00e9v\u00e9nement sportif comme moteur \u00e0 votre entreprise. Nos \u00e9quipes exp\u00e9riment\u00e9es permet \u00e0 vos projets de prendre vie\" \/>\n<meta property=\"og:url\" content=\"https:\/\/3sport2025.ppawebdesign.com\/c3\/creation-devenement-sportif\/\" \/>\n<meta property=\"og:site_name\" content=\"LCagency\" \/>\n<meta property=\"article:modified_time\" content=\"2025-12-04T21:32:31+00:00\" \/>\n<meta name=\"twitter:card\" content=\"summary_large_image\" \/>\n<meta name=\"twitter:label1\" content=\"Dur\u00e9e de lecture estim\u00e9e\" \/>\n\t<meta name=\"twitter:data1\" content=\"3 minutes\" \/>\n<script type=\"application\/ld+json\" class=\"yoast-schema-graph\">{\"@context\":\"https:\/\/schema.org\",\"@graph\":[{\"@type\":\"WebPage\",\"@id\":\"https:\/\/3sport2025.ppawebdesign.com\/c3\/creation-devenement-sportif\/\",\"url\":\"https:\/\/3sport2025.ppawebdesign.com\/c3\/creation-devenement-sportif\/\",\"name\":\"Cr\u00e9ation d'\u00e9v\u00e9nement sportif : nous vous accompagnons\",\"isPartOf\":{\"@id\":\"https:\/\/3sport2025.ppawebdesign.com\/c3\/#website\"},\"datePublished\":\"2025-12-02T11:46:45+00:00\",\"dateModified\":\"2025-12-04T21:32:31+00:00\",\"description\":\"La cr\u00e9ation d'\u00e9v\u00e9nement sportif comme moteur \u00e0 votre entreprise. Nos \u00e9quipes exp\u00e9riment\u00e9es permet \u00e0 vos projets de prendre vie\",\"breadcrumb\":{\"@id\":\"https:\/\/3sport2025.ppawebdesign.com\/c3\/creation-devenement-sportif\/#breadcrumb\"},\"inLanguage\":\"fr-FR\",\"potentialAction\":[{\"@type\":\"ReadAction\",\"target\":[\"https:\/\/3sport2025.ppawebdesign.com\/c3\/creation-devenement-sportif\/\"]}]},{\"@type\":\"BreadcrumbList\",\"@id\":\"https:\/\/3sport2025.ppawebdesign.com\/c3\/creation-devenement-sportif\/#breadcrumb\",\"itemListElement\":[{\"@type\":\"ListItem\",\"position\":1,\"name\":\"Accueil\",\"item\":\"https:\/\/3sport2025.ppawebdesign.com\/c3\/\"},{\"@type\":\"ListItem\",\"position\":2,\"name\":\"Contact et informations pratiques\"}]},{\"@type\":\"WebSite\",\"@id\":\"https:\/\/3sport2025.ppawebdesign.com\/c3\/#website\",\"url\":\"https:\/\/3sport2025.ppawebdesign.com\/c3\/\",\"name\":\"LCagency\",\"description\":\"\",\"potentialAction\":[{\"@type\":\"SearchAction\",\"target\":{\"@type\":\"EntryPoint\",\"urlTemplate\":\"https:\/\/3sport2025.ppawebdesign.com\/c3\/?s={search_term_string}\"},\"query-input\":{\"@type\":\"PropertyValueSpecification\",\"valueRequired\":true,\"valueName\":\"search_term_string\"}}],\"inLanguage\":\"fr-FR\"}]}<\/script>\n<!-- \/ Yoast SEO plugin. -->","yoast_head_json":{"title":"Cr\u00e9ation d'\u00e9v\u00e9nement sportif : nous vous accompagnons","description":"La cr\u00e9ation d'\u00e9v\u00e9nement sportif comme moteur \u00e0 votre entreprise. Nos \u00e9quipes exp\u00e9riment\u00e9es permet \u00e0 vos projets de prendre vie","robots":{"index":"index","follow":"follow","max-snippet":"max-snippet:-1","max-image-preview":"max-image-preview:large","max-video-preview":"max-video-preview:-1"},"canonical":"https:\/\/3sport2025.ppawebdesign.com\/c3\/creation-devenement-sportif\/","og_locale":"fr_FR","og_type":"article","og_title":"Cr\u00e9ation d'\u00e9v\u00e9nement sportif : nous vous accompagnons","og_description":"La cr\u00e9ation d'\u00e9v\u00e9nement sportif comme moteur \u00e0 votre entreprise. Nos \u00e9quipes exp\u00e9riment\u00e9es permet \u00e0 vos projets de prendre vie","og_url":"https:\/\/3sport2025.ppawebdesign.com\/c3\/creation-devenement-sportif\/","og_site_name":"LCagency","article_modified_time":"2025-12-04T21:32:31+00:00","twitter_card":"summary_large_image","twitter_misc":{"Dur\u00e9e de lecture estim\u00e9e":"3 minutes"},"schema":{"@context":"https:\/\/schema.org","@graph":[{"@type":"WebPage","@id":"https:\/\/3sport2025.ppawebdesign.com\/c3\/creation-devenement-sportif\/","url":"https:\/\/3sport2025.ppawebdesign.com\/c3\/creation-devenement-sportif\/","name":"Cr\u00e9ation d'\u00e9v\u00e9nement sportif : nous vous accompagnons","isPartOf":{"@id":"https:\/\/3sport2025.ppawebdesign.com\/c3\/#website"},"datePublished":"2025-12-02T11:46:45+00:00","dateModified":"2025-12-04T21:32:31+00:00","description":"La cr\u00e9ation d'\u00e9v\u00e9nement sportif comme moteur \u00e0 votre entreprise. Nos \u00e9quipes exp\u00e9riment\u00e9es permet \u00e0 vos projets de prendre vie","breadcrumb":{"@id":"https:\/\/3sport2025.ppawebdesign.com\/c3\/creation-devenement-sportif\/#breadcrumb"},"inLanguage":"fr-FR","potentialAction":[{"@type":"ReadAction","target":["https:\/\/3sport2025.ppawebdesign.com\/c3\/creation-devenement-sportif\/"]}]},{"@type":"BreadcrumbList","@id":"https:\/\/3sport2025.ppawebdesign.com\/c3\/creation-devenement-sportif\/#breadcrumb","itemListElement":[{"@type":"ListItem","position":1,"name":"Accueil","item":"https:\/\/3sport2025.ppawebdesign.com\/c3\/"},{"@type":"ListItem","position":2,"name":"Contact et informations pratiques"}]},{"@type":"WebSite","@id":"https:\/\/3sport2025.ppawebdesign.com\/c3\/#website","url":"https:\/\/3sport2025.ppawebdesign.com\/c3\/","name":"LCagency","description":"","potentialAction":[{"@type":"SearchAction","target":{"@type":"EntryPoint","urlTemplate":"https:\/\/3sport2025.ppawebdesign.com\/c3\/?s={search_term_string}"},"query-input":{"@type":"PropertyValueSpecification","valueRequired":true,"valueName":"search_term_string"}}],"inLanguage":"fr-FR"}]}},"_links":{"self":[{"href":"https:\/\/3sport2025.ppawebdesign.com\/c3\/wp-json\/wp\/v2\/pages\/48","targetHints":{"allow":["GET"]}}],"collection":[{"href":"https:\/\/3sport2025.ppawebdesign.com\/c3\/wp-json\/wp\/v2\/pages"}],"about":[{"href":"https:\/\/3sport2025.ppawebdesign.com\/c3\/wp-json\/wp\/v2\/types\/page"}],"author":[{"embeddable":true,"href":"https:\/\/3sport2025.ppawebdesign.com\/c3\/wp-json\/wp\/v2\/users\/73"}],"replies":[{"embeddable":true,"href":"https:\/\/3sport2025.ppawebdesign.com\/c3\/wp-json\/wp\/v2\/comments?post=48"}],"version-history":[{"count":41,"href":"https:\/\/3sport2025.ppawebdesign.com\/c3\/wp-json\/wp\/v2\/pages\/48\/revisions"}],"predecessor-version":[{"id":411,"href":"https:\/\/3sport2025.ppawebdesign.com\/c3\/wp-json\/wp\/v2\/pages\/48\/revisions\/411"}],"wp:attachment":[{"href":"https:\/\/3sport2025.ppawebdesign.com\/c3\/wp-json\/wp\/v2\/media?parent=48"}],"curies":[{"name":"wp","href":"https:\/\/api.w.org\/{rel}","templated":true}]}}