{"id":21,"date":"2025-12-02T11:57:43","date_gmt":"2025-12-02T10:57:43","guid":{"rendered":"https:\/\/3sport2025.ppawebdesign.com\/c4\/?page_id=21"},"modified":"2025-12-05T00:03:54","modified_gmt":"2025-12-04T23:03:54","slug":"equipe","status":"publish","type":"page","link":"https:\/\/3sport2025.ppawebdesign.com\/c4\/equipe\/","title":{"rendered":"Equipe"},"content":{"rendered":"<p>[et_pb_section fb_built=\u00a0\u00bb1&Prime; _builder_version=\u00a0\u00bb4.27.4&Prime; _module_preset=\u00a0\u00bbdefault\u00a0\u00bb min_height=\u00a0\u00bb2065.1px\u00a0\u00bb custom_margin=\u00a0\u00bb||195px|||\u00a0\u00bb custom_padding=\u00a0\u00bb|0px|544px|||\u00a0\u00bb top_divider_style=\u00a0\u00bbslant\u00a0\u00bb top_divider_color=\u00a0\u00bb#0C71C3&Prime; global_colors_info=\u00a0\u00bb{}\u00a0\u00bb][et_pb_row _builder_version=\u00a0\u00bb4.27.4&Prime; _module_preset=\u00a0\u00bbdefault\u00a0\u00bb custom_margin=\u00a0\u00bb|auto|6px|auto||\u00a0\u00bb global_colors_info=\u00a0\u00bb{}\u00a0\u00bb][et_pb_column type=\u00a0\u00bb4_4&Prime; _builder_version=\u00a0\u00bb4.27.4&Prime; _module_preset=\u00a0\u00bbdefault\u00a0\u00bb global_colors_info=\u00a0\u00bb{}\u00a0\u00bb][et_pb_text _builder_version=\u00a0\u00bb4.27.4&Prime; _module_preset=\u00a0\u00bbdefault\u00a0\u00bb global_colors_info=\u00a0\u00bb{}\u00a0\u00bb]<\/p>\n<p>Pr\u00e9sentation de notre \u00e9quipe<\/p>\n<p>[\/et_pb_text][\/et_pb_column][\/et_pb_row][et_pb_row column_structure=\u00a0\u00bb1_3,1_3,1_3&Prime; _builder_version=\u00a0\u00bb4.27.4&Prime; _module_preset=\u00a0\u00bbdefault\u00a0\u00bb global_colors_info=\u00a0\u00bb{}\u00a0\u00bb][et_pb_column type=\u00a0\u00bb1_3&Prime; _builder_version=\u00a0\u00bb4.27.4&Prime; _module_preset=\u00a0\u00bbdefault\u00a0\u00bb global_colors_info=\u00a0\u00bb{}\u00a0\u00bb][et_pb_text _builder_version=\u00a0\u00bb4.27.4&Prime; _module_preset=\u00a0\u00bbdefault\u00a0\u00bb global_colors_info=\u00a0\u00bb{}\u00a0\u00bb]<\/p>\n<p><strong>Mathis \u2013 Communication &amp; Animation<\/strong><\/p>\n<p><span>M\u00e9thodique et cr\u00e9atif, Mathis g\u00e8re la communication visuelle et assure la coh\u00e9rence de nos contenus. Il apporte de l\u2019\u00e9nergie lors des animations et contribue au dynamisme global de l\u2019\u00e9quipe gr\u00e2ce \u00e0 sa capacit\u00e9 d\u2019adaptation et son sens du d\u00e9tail.<\/span><\/p>\n<p>[\/et_pb_text][\/et_pb_column][et_pb_column type=\u00a0\u00bb1_3&Prime; _builder_version=\u00a0\u00bb4.27.4&Prime; _module_preset=\u00a0\u00bbdefault\u00a0\u00bb global_colors_info=\u00a0\u00bb{}\u00a0\u00bb][et_pb_text _builder_version=\u00a0\u00bb4.27.4&Prime; _module_preset=\u00a0\u00bbdefault\u00a0\u00bb global_colors_info=\u00a0\u00bb{}\u00a0\u00bb width=\u00a0\u00bb99.1%\u00a0\u00bb]<\/p>\n<p><strong data-start=\"673\" data-end=\"713\">Hugo D.M \u2013 Communication &amp; Animation<\/strong><br data-start=\"713\" data-end=\"716\" \/><span>Hugo apporte une approche structur\u00e9e et r\u00e9fl\u00e9chie. Il participe activement \u00e0 la cr\u00e9ation de contenus et \u00e0 la gestion des r\u00e9seaux sociaux. Sur le terrain, il contribue \u00e0 l\u2019animation et veille au bon d\u00e9roulement des actions gr\u00e2ce \u00e0 son calme et son efficacit\u00e9.<\/span><\/p>\n<p>[\/et_pb_text][\/et_pb_column][et_pb_column type=\u00a0\u00bb1_3&Prime; _builder_version=\u00a0\u00bb4.27.4&Prime; _module_preset=\u00a0\u00bbdefault\u00a0\u00bb global_colors_info=\u00a0\u00bb{}\u00a0\u00bb][et_pb_text _builder_version=\u00a0\u00bb4.27.4&Prime; _module_preset=\u00a0\u00bbdefault\u00a0\u00bb global_colors_info=\u00a0\u00bb{}\u00a0\u00bb]<\/p>\n<p><strong data-start=\"976\" data-end=\"1012\">Teva \u2013 Communication &amp; Animation<\/strong><br data-start=\"1012\" data-end=\"1015\" \/><span>Teva est moteur dans la mise en valeur des projets. Il coordonne la communication, cr\u00e9e des contenus engageants et nourrit l\u2019\u00e9quipe d\u2019id\u00e9es nouvelles. Polyvalent et dynamique, il s\u2019investit autant dans la strat\u00e9gie que dans l\u2019animation directe.<\/span><\/p>\n<p>[\/et_pb_text][\/et_pb_column][\/et_pb_row][et_pb_row _builder_version=\u00a0\u00bb4.27.4&Prime; _module_preset=\u00a0\u00bbdefault\u00a0\u00bb global_colors_info=\u00a0\u00bb{}\u00a0\u00bb][et_pb_column type=\u00a0\u00bb4_4&Prime; _builder_version=\u00a0\u00bb4.27.4&Prime; _module_preset=\u00a0\u00bbdefault\u00a0\u00bb global_colors_info=\u00a0\u00bb{}\u00a0\u00bb][et_pb_gallery gallery_ids=\u00a0\u00bb97,98,292,103&Prime; show_title_and_caption=\u00a0\u00bboff\u00a0\u00bb _builder_version=\u00a0\u00bb4.27.4&Prime; _module_preset=\u00a0\u00bbdefault\u00a0\u00bb hover_enabled=\u00a0\u00bb0&Prime; border_radii_image=\u00a0\u00bbon|7px|7px|7px|7px\u00a0\u00bb global_colors_info=\u00a0\u00bb{}\u00a0\u00bb sticky_enabled=\u00a0\u00bb0&Prime; custom_padding=\u00a0\u00bb|0px|0px|||\u00a0\u00bb][\/et_pb_gallery][\/et_pb_column][\/et_pb_row][et_pb_row column_structure=\u00a0\u00bb1_2,1_2&Prime; _builder_version=\u00a0\u00bb4.27.4&Prime; _module_preset=\u00a0\u00bbdefault\u00a0\u00bb global_colors_info=\u00a0\u00bb{}\u00a0\u00bb][et_pb_column type=\u00a0\u00bb1_2&Prime; _builder_version=\u00a0\u00bb4.27.4&Prime; _module_preset=\u00a0\u00bbdefault\u00a0\u00bb global_colors_info=\u00a0\u00bb{}\u00a0\u00bb][et_pb_text _builder_version=\u00a0\u00bb4.27.4&Prime; _module_preset=\u00a0\u00bbdefault\u00a0\u00bb global_colors_info=\u00a0\u00bb{}\u00a0\u00bb]<\/p>\n<h3 data-start=\"192\" data-end=\"253\"><strong data-start=\"196\" data-end=\"251\">Thomas \u2013 Charg\u00e9 du p\u00f4le logistique et administratif<\/strong><\/h3>\n<p data-start=\"254\" data-end=\"591\">Thomas joue un r\u00f4le central dans l\u2019organisation op\u00e9rationnelle. S\u00e9rieux et efficace, il veille au bon d\u00e9roulement de la logistique, \u00e0 la gestion du mat\u00e9riel et au suivi administratif. Toujours disponible et r\u00e9actif, il assure une coordination fluide entre les diff\u00e9rentes \u00e9quipes et garantit que chaque \u00e9tape soit parfaitement anticip\u00e9e.<\/p>\n<p>[\/et_pb_text][\/et_pb_column][et_pb_column type=\u00a0\u00bb1_2&Prime; _builder_version=\u00a0\u00bb4.27.4&Prime; _module_preset=\u00a0\u00bbdefault\u00a0\u00bb global_colors_info=\u00a0\u00bb{}\u00a0\u00bb][et_pb_text _builder_version=\u00a0\u00bb4.27.4&Prime; _module_preset=\u00a0\u00bbdefault\u00a0\u00bb global_colors_info=\u00a0\u00bb{}\u00a0\u00bb]<\/p>\n<h3 data-start=\"598\" data-end=\"660\"><strong data-start=\"602\" data-end=\"658\">Florian \u2013 Charg\u00e9 du p\u00f4le logistique et administratif<\/strong><\/h3>\n<p data-start=\"661\" data-end=\"1000\">Florian est une v\u00e9ritable force tranquille pour le p\u00f4le logistique. Rigoureux et organis\u00e9, il contribue \u00e0 la pr\u00e9paration, \u00e0 l\u2019installation et au bon fonctionnement de l\u2019\u00e9v\u00e9nement. Gr\u00e2ce \u00e0 son sens pratique et sa capacit\u00e9 d\u2019adaptation, il s\u00e9curise le terrain et facilite le travail de toute l\u2019\u00e9quipe en assurant une ex\u00e9cution sans impr\u00e9vus.<\/p>\n<p>[\/et_pb_text][\/et_pb_column][\/et_pb_row][et_pb_row _builder_version=\u00a0\u00bb4.27.4&Prime; _module_preset=\u00a0\u00bbdefault\u00a0\u00bb global_colors_info=\u00a0\u00bb{}\u00a0\u00bb][et_pb_column type=\u00a0\u00bb4_4&Prime; _builder_version=\u00a0\u00bb4.27.4&Prime; _module_preset=\u00a0\u00bbdefault\u00a0\u00bb global_colors_info=\u00a0\u00bb{}\u00a0\u00bb][\/et_pb_column][\/et_pb_row][et_pb_row _builder_version=\u00a0\u00bb4.27.4&Prime; _module_preset=\u00a0\u00bbdefault\u00a0\u00bb global_colors_info=\u00a0\u00bb{}\u00a0\u00bb][et_pb_column type=\u00a0\u00bb4_4&Prime; _builder_version=\u00a0\u00bb4.27.4&Prime; _module_preset=\u00a0\u00bbdefault\u00a0\u00bb global_colors_info=\u00a0\u00bb{}\u00a0\u00bb][et_pb_gallery gallery_ids=\u00a0\u00bb100,292,99&Prime; show_title_and_caption=\u00a0\u00bboff\u00a0\u00bb _builder_version=\u00a0\u00bb4.27.4&Prime; _module_preset=\u00a0\u00bbdefault\u00a0\u00bb hover_enabled=\u00a0\u00bb0&Prime; global_colors_info=\u00a0\u00bb{}\u00a0\u00bb sticky_enabled=\u00a0\u00bb0&Prime;][\/et_pb_gallery][\/et_pb_column][\/et_pb_row][et_pb_row _builder_version=\u00a0\u00bb4.27.4&Prime; _module_preset=\u00a0\u00bbdefault\u00a0\u00bb global_colors_info=\u00a0\u00bb{}\u00a0\u00bb][et_pb_column type=\u00a0\u00bb4_4&Prime; _builder_version=\u00a0\u00bb4.27.4&Prime; _module_preset=\u00a0\u00bbdefault\u00a0\u00bb global_colors_info=\u00a0\u00bb{}\u00a0\u00bb][\/et_pb_column][\/et_pb_row][et_pb_row column_structure=\u00a0\u00bb1_2,1_2&Prime; _builder_version=\u00a0\u00bb4.27.4&Prime; _module_preset=\u00a0\u00bbdefault\u00a0\u00bb global_colors_info=\u00a0\u00bb{}\u00a0\u00bb][et_pb_column type=\u00a0\u00bb1_2&Prime; _builder_version=\u00a0\u00bb4.27.4&Prime; _module_preset=\u00a0\u00bbdefault\u00a0\u00bb global_colors_info=\u00a0\u00bb{}\u00a0\u00bb][et_pb_text _builder_version=\u00a0\u00bb4.27.4&Prime; _module_preset=\u00a0\u00bbdefault\u00a0\u00bb global_colors_info=\u00a0\u00bb{}\u00a0\u00bb]<\/p>\n<h3 data-start=\"197\" data-end=\"243\"><strong data-start=\"201\" data-end=\"241\">Hugo D.C \u2013 Charg\u00e9 du p\u00f4le commercial<\/strong><\/h3>\n<p data-start=\"244\" data-end=\"557\">Hugo se distingue par son aisance relationnelle et son sens du contact. Il participe activement au d\u00e9veloppement commercial, \u00e0 la recherche de partenaires et \u00e0 la mise en place de solutions adapt\u00e9es aux besoins de chacun. S\u00e9rieux et motiv\u00e9, il contribue \u00e0 renforcer la visibilit\u00e9 et les ressources de l\u2019\u00e9v\u00e9nement.<\/p>\n<p>[\/et_pb_text][\/et_pb_column][et_pb_column type=\u00a0\u00bb1_2&Prime; _builder_version=\u00a0\u00bb4.27.4&Prime; _module_preset=\u00a0\u00bbdefault\u00a0\u00bb global_colors_info=\u00a0\u00bb{}\u00a0\u00bb][et_pb_text _builder_version=\u00a0\u00bb4.27.4&Prime; _module_preset=\u00a0\u00bbdefault\u00a0\u00bb global_colors_info=\u00a0\u00bb{}\u00a0\u00bb]<\/p>\n<h3 data-start=\"564\" data-end=\"607\"><strong data-start=\"568\" data-end=\"605\">Idris \u2013 Charg\u00e9 du p\u00f4le commercial<\/strong><\/h3>\n<p data-start=\"608\" data-end=\"909\">Idris apporte une vraie force de persuasion et une grande d\u00e9termination au p\u00f4le commercial. Son approche directe et professionnelle facilite les \u00e9changes avec les partenaires potentiels. Engag\u00e9 et fiable, il joue un r\u00f4le cl\u00e9 dans la cr\u00e9ation d\u2019opportunit\u00e9s et dans le soutien au financement du projet.<\/p>\n<hr data-start=\"911\" data-end=\"914\" \/>[\/et_pb_text][\/et_pb_column][\/et_pb_row][et_pb_row _builder_version=\u00a0\u00bb4.27.4&Prime; _module_preset=\u00a0\u00bbdefault\u00a0\u00bb global_colors_info=\u00a0\u00bb{}\u00a0\u00bb][et_pb_column type=\u00a0\u00bb4_4&Prime; _builder_version=\u00a0\u00bb4.27.4&Prime; _module_preset=\u00a0\u00bbdefault\u00a0\u00bb global_colors_info=\u00a0\u00bb{}\u00a0\u00bb][et_pb_gallery gallery_ids=\u00a0\u00bb101,292,102&Prime; show_title_and_caption=\u00a0\u00bboff\u00a0\u00bb _builder_version=\u00a0\u00bb4.27.4&Prime; _module_preset=\u00a0\u00bbdefault\u00a0\u00bb hover_enabled=\u00a0\u00bb0&Prime; global_colors_info=\u00a0\u00bb{}\u00a0\u00bb sticky_enabled=\u00a0\u00bb0&Prime;][\/et_pb_gallery][et_pb_divider _builder_version=\u00a0\u00bb4.27.4&Prime; _module_preset=\u00a0\u00bbdefault\u00a0\u00bb hover_enabled=\u00a0\u00bb0&Prime; sticky_enabled=\u00a0\u00bb0&Prime;][\/et_pb_divider][\/et_pb_column][\/et_pb_row][et_pb_row _builder_version=\u00a0\u00bb4.27.4&Prime; _module_preset=\u00a0\u00bbdefault\u00a0\u00bb global_colors_info=\u00a0\u00bb{}\u00a0\u00bb][et_pb_column type=\u00a0\u00bb4_4&Prime; _builder_version=\u00a0\u00bb4.27.4&Prime; _module_preset=\u00a0\u00bbdefault\u00a0\u00bb global_colors_info=\u00a0\u00bb{}\u00a0\u00bb][et_pb_post_slider posts_number=\u00a0\u00bb3&Prime; include_categories=\u00a0\u00bb1&Prime; arrows_custom_color=\u00a0\u00bb#FFFFFF\u00a0\u00bb dot_nav_custom_color=\u00a0\u00bb#FFFFFF\u00a0\u00bb more_text_last_edited=\u00a0\u00bboff|desktop\u00a0\u00bb _builder_version=\u00a0\u00bb4.27.4&Prime; _module_preset=\u00a0\u00bbdefault\u00a0\u00bb background_color=\u00a0\u00bb#a44ce8&Prime; box_shadow_style_image=\u00a0\u00bbpreset1&Prime; text_shadow_style=\u00a0\u00bbpreset5&Prime; text_shadow_horizontal_length=\u00a0\u00bb0.15em\u00a0\u00bb global_colors_info=\u00a0\u00bb{}\u00a0\u00bb][\/et_pb_post_slider][\/et_pb_column][\/et_pb_row][\/et_pb_section][et_pb_section fb_built=\u00a0\u00bb1&Prime; fullwidth=\u00a0\u00bbon\u00a0\u00bb _builder_version=\u00a0\u00bb4.27.4&Prime; _module_preset=\u00a0\u00bbdefault\u00a0\u00bb global_colors_info=\u00a0\u00bb{}\u00a0\u00bb][\/et_pb_section][et_pb_section fb_built=\u00a0\u00bb1&Prime; _builder_version=\u00a0\u00bb4.27.4&Prime; _module_preset=\u00a0\u00bbdefault\u00a0\u00bb global_colors_info=\u00a0\u00bb{}\u00a0\u00bb][\/et_pb_section][et_pb_section fb_built=\u00a0\u00bb1&Prime; _builder_version=\u00a0\u00bb4.27.4&Prime; _module_preset=\u00a0\u00bbdefault\u00a0\u00bb bottom_divider_style=\u00a0\u00bbarrow2&Prime; bottom_divider_color=\u00a0\u00bb#0C71C3&Prime; global_colors_info=\u00a0\u00bb{}\u00a0\u00bb][\/et_pb_section]<\/p>\n","protected":false},"excerpt":{"rendered":"<p>Pr\u00e9sentation de notre \u00e9quipeMathis \u2013 Communication &amp; Animation M\u00e9thodique et cr\u00e9atif, Mathis g\u00e8re la communication visuelle et assure la coh\u00e9rence de nos contenus. Il apporte de l\u2019\u00e9nergie lors des animations et contribue au dynamisme global de l\u2019\u00e9quipe gr\u00e2ce \u00e0 sa capacit\u00e9 d\u2019adaptation et son sens du d\u00e9tail.Hugo D.M \u2013 Communication &amp; AnimationHugo apporte une approche [&hellip;]<\/p>\n","protected":false},"author":82,"featured_media":0,"parent":0,"menu_order":0,"comment_status":"closed","ping_status":"closed","template":"","meta":{"_et_pb_use_builder":"on","_et_pb_old_content":"","_et_gb_content_width":"","footnotes":""},"class_list":["post-21","page","type-page","status-publish","hentry"],"yoast_head":"<!-- This site is optimized with the Yoast SEO plugin v26.5 - https:\/\/yoast.com\/wordpress\/plugins\/seo\/ -->\n<title>Equipe - PulseEvents<\/title>\n<meta name=\"description\" content=\"D\u00e9couvrez l&#039;\u00e9quipe PulseEvents : des experts passionn\u00e9s du sport et de l&#039;\u00e9v\u00e9nementiel, d\u00e9di\u00e9s \u00e0 cr\u00e9er des exp\u00e9riences sportives uniques.\" \/>\n<meta name=\"robots\" content=\"index, follow, max-snippet:-1, max-image-preview:large, max-video-preview:-1\" \/>\n<link rel=\"canonical\" href=\"https:\/\/3sport2025.ppawebdesign.com\/c4\/equipe\/\" \/>\n<meta property=\"og:locale\" content=\"fr_FR\" \/>\n<meta property=\"og:type\" content=\"article\" \/>\n<meta property=\"og:title\" content=\"Equipe - PulseEvents\" \/>\n<meta property=\"og:description\" content=\"D\u00e9couvrez l&#039;\u00e9quipe PulseEvents : des experts passionn\u00e9s du sport et de l&#039;\u00e9v\u00e9nementiel, d\u00e9di\u00e9s \u00e0 cr\u00e9er des exp\u00e9riences sportives uniques.\" \/>\n<meta property=\"og:url\" content=\"https:\/\/3sport2025.ppawebdesign.com\/c4\/equipe\/\" \/>\n<meta property=\"og:site_name\" content=\"PulseEvents\" \/>\n<meta property=\"article:modified_time\" content=\"2025-12-04T23:03:54+00:00\" \/>\n<meta name=\"twitter:card\" content=\"summary_large_image\" \/>\n<meta name=\"twitter:label1\" content=\"Dur\u00e9e de lecture estim\u00e9e\" \/>\n\t<meta name=\"twitter:data1\" content=\"4 minutes\" \/>\n<script type=\"application\/ld+json\" class=\"yoast-schema-graph\">{\"@context\":\"https:\/\/schema.org\",\"@graph\":[{\"@type\":\"WebPage\",\"@id\":\"https:\/\/3sport2025.ppawebdesign.com\/c4\/equipe\/\",\"url\":\"https:\/\/3sport2025.ppawebdesign.com\/c4\/equipe\/\",\"name\":\"Equipe - PulseEvents\",\"isPartOf\":{\"@id\":\"https:\/\/3sport2025.ppawebdesign.com\/c4\/#website\"},\"datePublished\":\"2025-12-02T10:57:43+00:00\",\"dateModified\":\"2025-12-04T23:03:54+00:00\",\"description\":\"D\u00e9couvrez l'\u00e9quipe PulseEvents : des experts passionn\u00e9s du sport et de l'\u00e9v\u00e9nementiel, d\u00e9di\u00e9s \u00e0 cr\u00e9er des exp\u00e9riences sportives uniques.\",\"breadcrumb\":{\"@id\":\"https:\/\/3sport2025.ppawebdesign.com\/c4\/equipe\/#breadcrumb\"},\"inLanguage\":\"fr-FR\",\"potentialAction\":[{\"@type\":\"ReadAction\",\"target\":[\"https:\/\/3sport2025.ppawebdesign.com\/c4\/equipe\/\"]}]},{\"@type\":\"BreadcrumbList\",\"@id\":\"https:\/\/3sport2025.ppawebdesign.com\/c4\/equipe\/#breadcrumb\",\"itemListElement\":[{\"@type\":\"ListItem\",\"position\":1,\"name\":\"Accueil\",\"item\":\"https:\/\/3sport2025.ppawebdesign.com\/c4\/\"},{\"@type\":\"ListItem\",\"position\":2,\"name\":\"Equipe\"}]},{\"@type\":\"WebSite\",\"@id\":\"https:\/\/3sport2025.ppawebdesign.com\/c4\/#website\",\"url\":\"https:\/\/3sport2025.ppawebdesign.com\/c4\/\",\"name\":\"PulseEvents\",\"description\":\"PulseEvents - Vos projets, notre passion\",\"potentialAction\":[{\"@type\":\"SearchAction\",\"target\":{\"@type\":\"EntryPoint\",\"urlTemplate\":\"https:\/\/3sport2025.ppawebdesign.com\/c4\/?s={search_term_string}\"},\"query-input\":{\"@type\":\"PropertyValueSpecification\",\"valueRequired\":true,\"valueName\":\"search_term_string\"}}],\"inLanguage\":\"fr-FR\"}]}<\/script>\n<!-- \/ Yoast SEO plugin. -->","yoast_head_json":{"title":"Equipe - PulseEvents","description":"D\u00e9couvrez l'\u00e9quipe PulseEvents : des experts passionn\u00e9s du sport et de l'\u00e9v\u00e9nementiel, d\u00e9di\u00e9s \u00e0 cr\u00e9er des exp\u00e9riences sportives uniques.","robots":{"index":"index","follow":"follow","max-snippet":"max-snippet:-1","max-image-preview":"max-image-preview:large","max-video-preview":"max-video-preview:-1"},"canonical":"https:\/\/3sport2025.ppawebdesign.com\/c4\/equipe\/","og_locale":"fr_FR","og_type":"article","og_title":"Equipe - PulseEvents","og_description":"D\u00e9couvrez l'\u00e9quipe PulseEvents : des experts passionn\u00e9s du sport et de l'\u00e9v\u00e9nementiel, d\u00e9di\u00e9s \u00e0 cr\u00e9er des exp\u00e9riences sportives uniques.","og_url":"https:\/\/3sport2025.ppawebdesign.com\/c4\/equipe\/","og_site_name":"PulseEvents","article_modified_time":"2025-12-04T23:03:54+00:00","twitter_card":"summary_large_image","twitter_misc":{"Dur\u00e9e de lecture estim\u00e9e":"4 minutes"},"schema":{"@context":"https:\/\/schema.org","@graph":[{"@type":"WebPage","@id":"https:\/\/3sport2025.ppawebdesign.com\/c4\/equipe\/","url":"https:\/\/3sport2025.ppawebdesign.com\/c4\/equipe\/","name":"Equipe - PulseEvents","isPartOf":{"@id":"https:\/\/3sport2025.ppawebdesign.com\/c4\/#website"},"datePublished":"2025-12-02T10:57:43+00:00","dateModified":"2025-12-04T23:03:54+00:00","description":"D\u00e9couvrez l'\u00e9quipe PulseEvents : des experts passionn\u00e9s du sport et de l'\u00e9v\u00e9nementiel, d\u00e9di\u00e9s \u00e0 cr\u00e9er des exp\u00e9riences sportives uniques.","breadcrumb":{"@id":"https:\/\/3sport2025.ppawebdesign.com\/c4\/equipe\/#breadcrumb"},"inLanguage":"fr-FR","potentialAction":[{"@type":"ReadAction","target":["https:\/\/3sport2025.ppawebdesign.com\/c4\/equipe\/"]}]},{"@type":"BreadcrumbList","@id":"https:\/\/3sport2025.ppawebdesign.com\/c4\/equipe\/#breadcrumb","itemListElement":[{"@type":"ListItem","position":1,"name":"Accueil","item":"https:\/\/3sport2025.ppawebdesign.com\/c4\/"},{"@type":"ListItem","position":2,"name":"Equipe"}]},{"@type":"WebSite","@id":"https:\/\/3sport2025.ppawebdesign.com\/c4\/#website","url":"https:\/\/3sport2025.ppawebdesign.com\/c4\/","name":"PulseEvents","description":"PulseEvents - Vos projets, notre passion","potentialAction":[{"@type":"SearchAction","target":{"@type":"EntryPoint","urlTemplate":"https:\/\/3sport2025.ppawebdesign.com\/c4\/?s={search_term_string}"},"query-input":{"@type":"PropertyValueSpecification","valueRequired":true,"valueName":"search_term_string"}}],"inLanguage":"fr-FR"}]}},"_links":{"self":[{"href":"https:\/\/3sport2025.ppawebdesign.com\/c4\/wp-json\/wp\/v2\/pages\/21","targetHints":{"allow":["GET"]}}],"collection":[{"href":"https:\/\/3sport2025.ppawebdesign.com\/c4\/wp-json\/wp\/v2\/pages"}],"about":[{"href":"https:\/\/3sport2025.ppawebdesign.com\/c4\/wp-json\/wp\/v2\/types\/page"}],"author":[{"embeddable":true,"href":"https:\/\/3sport2025.ppawebdesign.com\/c4\/wp-json\/wp\/v2\/users\/82"}],"replies":[{"embeddable":true,"href":"https:\/\/3sport2025.ppawebdesign.com\/c4\/wp-json\/wp\/v2\/comments?post=21"}],"version-history":[{"count":20,"href":"https:\/\/3sport2025.ppawebdesign.com\/c4\/wp-json\/wp\/v2\/pages\/21\/revisions"}],"predecessor-version":[{"id":295,"href":"https:\/\/3sport2025.ppawebdesign.com\/c4\/wp-json\/wp\/v2\/pages\/21\/revisions\/295"}],"wp:attachment":[{"href":"https:\/\/3sport2025.ppawebdesign.com\/c4\/wp-json\/wp\/v2\/media?parent=21"}],"curies":[{"name":"wp","href":"https:\/\/api.w.org\/{rel}","templated":true}]}}