{"id":32,"date":"2025-12-03T14:46:33","date_gmt":"2025-12-03T13:46:33","guid":{"rendered":"https:\/\/3sport2025.ppawebdesign.com\/c4\/?page_id=32"},"modified":"2025-12-04T21:19:47","modified_gmt":"2025-12-04T20:19:47","slug":"accueil","status":"publish","type":"page","link":"https:\/\/3sport2025.ppawebdesign.com\/c4\/","title":{"rendered":"Accueil"},"content":{"rendered":"\n[et_pb_section fb_built=\u00a0\u00bb1&Prime; _builder_version=\u00a0\u00bb4.27.4&Prime; _module_preset=\u00a0\u00bbdefault\u00a0\u00bb width=\u00a0\u00bb100%\u00a0\u00bb top_divider_style=\u00a0\u00bbslant\u00a0\u00bb top_divider_color=\u00a0\u00bb#0C71C3&Prime; bottom_divider_style=\u00a0\u00bbslant2&Prime; bottom_divider_color=\u00a0\u00bb#0C71C3&Prime; global_colors_info=\u00a0\u00bb{}\u00a0\u00bb][et_pb_row _builder_version=\u00a0\u00bb4.27.4&Prime; _module_preset=\u00a0\u00bbdefault\u00a0\u00bb custom_padding=\u00a0\u00bb|||52px||\u00a0\u00bb global_colors_info=\u00a0\u00bb{}\u00a0\u00bb][et_pb_column type=\u00a0\u00bb4_4&Prime; _builder_version=\u00a0\u00bb4.27.4&Prime; _module_preset=\u00a0\u00bbdefault\u00a0\u00bb global_colors_info=\u00a0\u00bb{}\u00a0\u00bb][et_pb_text _builder_version=\u00a0\u00bb4.27.4&Prime; _module_preset=\u00a0\u00bbdefault\u00a0\u00bb background_color=\u00a0\u00bb#FFFFFF\u00a0\u00bb global_colors_info=\u00a0\u00bb{}\u00a0\u00bb]<h5><strong><span style=\"color: #000000\">Bienvenue chez Pulse Events, agence d\u2019\u00e9v\u00e9nementielle sportive. Nous cr\u00e9ons des \u00e9v\u00e9nements qui font vibrer vos \u00e9quipes gr\u00e2ce au sport.<\/span><\/strong><\/h5>\n<p><strong>\u00a0<\/strong><\/p>\n<p><strong><span style=\"color: #000000\">\u00a0Pulse Events imagine et organise des \u00e9v\u00e9nements sportifs sur mesure pour les entreprises, clubs, et collectivit\u00e9s. Nous proposons des tournois, journ\u00e9es de coh\u00e9sion, fan zones et des animations simples \u00e0 mettre en place. Notre objectif est clair : transformer vos id\u00e9es en moments forts pour vos publics.<\/span><\/strong><\/p>\n<p><strong>\u00a0<\/strong><\/p>\n<p><strong><span style=\"color: #333333\">\u00a0Sur notre site, vous d\u00e9couvrez notre philosophie, nos services et nos r\u00e9alisations. Chaque projet est unique. D&rsquo;abord, nous analysons vos objectifs, votre budget et votre cible. Ensuite, nous cr\u00e9ons un concept d\u2019\u00e9v\u00e9nement qui vous ressemble. De la premi\u00e8re id\u00e9e au jour J, nous g\u00e9rons la logistique, la communication, l&rsquo;encadrement, et les animations. Ainsi vous pouvez vous concentrer sur l\u2019essentiel : vivre l\u2019instant.<\/span><\/strong><\/p>[\/et_pb_text][\/et_pb_column][\/et_pb_row][\/et_pb_section][et_pb_section fb_built=\u00a0\u00bb1&Prime; _builder_version=\u00a0\u00bb4.27.4&Prime; _module_preset=\u00a0\u00bbdefault\u00a0\u00bb global_colors_info=\u00a0\u00bb{}\u00a0\u00bb][et_pb_row _builder_version=\u00a0\u00bb4.27.4&Prime; _module_preset=\u00a0\u00bbdefault\u00a0\u00bb global_colors_info=\u00a0\u00bb{}\u00a0\u00bb][et_pb_column type=\u00a0\u00bb4_4&Prime; _builder_version=\u00a0\u00bb4.27.4&Prime; _module_preset=\u00a0\u00bbdefault\u00a0\u00bb global_colors_info=\u00a0\u00bb{}\u00a0\u00bb][et_pb_image src=\u00a0\u00bbhttps:\/\/3sport2025.ppawebdesign.com\/c4\/wp-content\/uploads\/sites\/15\/2025\/12\/IMG_0081-907&#215;1024.jpeg\u00a0\u00bb title_text=\u00a0\u00bbIMG_0081&Prime; _builder_version=\u00a0\u00bb4.27.4&Prime; _module_preset=\u00a0\u00bbdefault\u00a0\u00bb global_colors_info=\u00a0\u00bb{}\u00a0\u00bb][\/et_pb_image][\/et_pb_column][\/et_pb_row][\/et_pb_section][et_pb_section fb_built=\u00a0\u00bb1&Prime; _builder_version=\u00a0\u00bb4.27.4&Prime; _module_preset=\u00a0\u00bbdefault\u00a0\u00bb background_color=\u00a0\u00bb#FFFFFF\u00a0\u00bb top_divider_style=\u00a0\u00bbtriangle\u00a0\u00bb top_divider_color=\u00a0\u00bb#0C71C3&Prime; bottom_divider_style=\u00a0\u00bbarrow2&Prime; bottom_divider_color=\u00a0\u00bb#0C71C3&Prime; global_colors_info=\u00a0\u00bb{}\u00a0\u00bb][et_pb_row _builder_version=\u00a0\u00bb4.27.4&Prime; _module_preset=\u00a0\u00bbdefault\u00a0\u00bb global_colors_info=\u00a0\u00bb{}\u00a0\u00bb][et_pb_column type=\u00a0\u00bb4_4&Prime; _builder_version=\u00a0\u00bb4.27.4&Prime; _module_preset=\u00a0\u00bbdefault\u00a0\u00bb global_colors_info=\u00a0\u00bb{}\u00a0\u00bb][et_pb_text _builder_version=\u00a0\u00bb4.27.4&Prime; _module_preset=\u00a0\u00bbdefault\u00a0\u00bb background_color=\u00a0\u00bb#FFFFFF\u00a0\u00bb custom_padding=\u00a0\u00bb8px|||||\u00a0\u00bb global_colors_info=\u00a0\u00bb{}\u00a0\u00bb]<h6><strong><span style=\"color: #303030\">PulseEvents, c\u2019est aussi une<a href=\"https:\/\/3sport2025.ppawebdesign.com\/c4\/equipe\/?et_fb=1&amp;PageSpeed=off\"> \u00e9quipe jeune et cr\u00e9ative<\/a>, port\u00e9e par la culture du sport. Nous croyons \u00e0 la force des \u00e9motions sportives pour f\u00e9d\u00e9rer et motiver les \u00e9quipes. Ce site est un point de d\u00e9part simple : un espace pour imaginer, pr\u00e9parer et donner vie \u00e0 vos prochains \u00e9v\u00e9nements.<\/span><\/strong><\/h6>\n<p><strong><span style=\"color: #1e1e1e\">En parcourant PulseEvents, vous acc\u00e9dez \u00e0 un accompagnement clair : conseils, id\u00e9es d&rsquo;animations et contenus photo\/vid\u00e9o pour prolonger l\u2019exp\u00e9rience bien au-del\u00e0 du jour J. Que vous vouliez lancer un nouveau concept, renforcer votre image ou offrir un moment fort \u00e0 vos participants, nous mettons notre exp\u00e9rience \u00e0 votre service.<\/span><\/strong><\/p>\n<p><strong><span style=\"color: #212121\">Enfin, si vous \u00eates pr\u00eat \u00e0 faire vibrer votre communaut\u00e9, explorez nos pages, laissez-vous inspirer et <a href=\"https:\/\/www.instagram.com\/agence_pulse_events\/\">contactez-nous<\/a> : PulseEvents est l\u00e0 pour transformer vos envies sportives en exp\u00e9riences \u00e0 partager.<\/span><\/strong><\/p>[\/et_pb_text][\/et_pb_column][\/et_pb_row][\/et_pb_section]\n","protected":false},"excerpt":{"rendered":"<p>Bienvenue chez Pulse Events, agence d\u2019\u00e9v\u00e9nementielle sportive. Nous cr\u00e9ons des \u00e9v\u00e9nements qui font vibrer vos \u00e9quipes gr\u00e2ce au sport. \u00a0 \u00a0Pulse Events imagine et organise des \u00e9v\u00e9nements sportifs sur mesure pour les entreprises, clubs, et collectivit\u00e9s. Nous proposons des tournois, journ\u00e9es de coh\u00e9sion, fan zones et des animations simples \u00e0 mettre en place. Notre objectif [&hellip;]<\/p>\n","protected":false},"author":81,"featured_media":0,"parent":0,"menu_order":0,"comment_status":"closed","ping_status":"closed","template":"","meta":{"_et_pb_use_builder":"on","_et_pb_old_content":"","_et_gb_content_width":"","footnotes":""},"class_list":["post-32","page","type-page","status-publish","hentry"],"yoast_head":"<!-- This site is optimized with the Yoast SEO plugin v26.5 - https:\/\/yoast.com\/wordpress\/plugins\/seo\/ -->\n<title>PulseEvents - Accueil<\/title>\n<meta name=\"description\" content=\"Agence d&#039;\u00e9v\u00e9nements sportifs sur-mesure : tournois, s\u00e9minaires sportifs. Nous transformons chaque exp\u00e9rience en souvenir inoubliable\" \/>\n<meta name=\"robots\" content=\"index, follow, max-snippet:-1, max-image-preview:large, max-video-preview:-1\" \/>\n<link rel=\"canonical\" href=\"https:\/\/3sport2025.ppawebdesign.com\/c4\/\" \/>\n<meta property=\"og:locale\" content=\"fr_FR\" \/>\n<meta property=\"og:type\" content=\"article\" \/>\n<meta property=\"og:title\" content=\"PulseEvents - Accueil\" \/>\n<meta property=\"og:description\" content=\"Agence d&#039;\u00e9v\u00e9nements sportifs sur-mesure : tournois, s\u00e9minaires sportifs. Nous transformons chaque exp\u00e9rience en souvenir inoubliable\" \/>\n<meta property=\"og:url\" content=\"https:\/\/3sport2025.ppawebdesign.com\/c4\/\" \/>\n<meta property=\"og:site_name\" content=\"PulseEvents\" \/>\n<meta property=\"article:modified_time\" content=\"2025-12-04T20:19:47+00:00\" \/>\n<meta name=\"twitter:card\" content=\"summary_large_image\" \/>\n<meta name=\"twitter:label1\" content=\"Dur\u00e9e de lecture estim\u00e9e\" \/>\n\t<meta name=\"twitter:data1\" content=\"2 minutes\" \/>\n<script type=\"application\/ld+json\" class=\"yoast-schema-graph\">{\"@context\":\"https:\/\/schema.org\",\"@graph\":[{\"@type\":\"WebPage\",\"@id\":\"https:\/\/3sport2025.ppawebdesign.com\/c4\/\",\"url\":\"https:\/\/3sport2025.ppawebdesign.com\/c4\/\",\"name\":\"PulseEvents - Accueil\",\"isPartOf\":{\"@id\":\"https:\/\/3sport2025.ppawebdesign.com\/c4\/#website\"},\"datePublished\":\"2025-12-03T13:46:33+00:00\",\"dateModified\":\"2025-12-04T20:19:47+00:00\",\"description\":\"Agence d'\u00e9v\u00e9nements sportifs sur-mesure : tournois, s\u00e9minaires sportifs. Nous transformons chaque exp\u00e9rience en souvenir inoubliable\",\"breadcrumb\":{\"@id\":\"https:\/\/3sport2025.ppawebdesign.com\/c4\/#breadcrumb\"},\"inLanguage\":\"fr-FR\",\"potentialAction\":[{\"@type\":\"ReadAction\",\"target\":[\"https:\/\/3sport2025.ppawebdesign.com\/c4\/\"]}]},{\"@type\":\"BreadcrumbList\",\"@id\":\"https:\/\/3sport2025.ppawebdesign.com\/c4\/#breadcrumb\",\"itemListElement\":[{\"@type\":\"ListItem\",\"position\":1,\"name\":\"Accueil\",\"item\":\"https:\/\/3sport2025.ppawebdesign.com\/c4\/\"},{\"@type\":\"ListItem\",\"position\":2,\"name\":\"Accueil\"}]},{\"@type\":\"WebSite\",\"@id\":\"https:\/\/3sport2025.ppawebdesign.com\/c4\/#website\",\"url\":\"https:\/\/3sport2025.ppawebdesign.com\/c4\/\",\"name\":\"PulseEvents\",\"description\":\"PulseEvents - Vos projets, notre passion\",\"potentialAction\":[{\"@type\":\"SearchAction\",\"target\":{\"@type\":\"EntryPoint\",\"urlTemplate\":\"https:\/\/3sport2025.ppawebdesign.com\/c4\/?s={search_term_string}\"},\"query-input\":{\"@type\":\"PropertyValueSpecification\",\"valueRequired\":true,\"valueName\":\"search_term_string\"}}],\"inLanguage\":\"fr-FR\"}]}<\/script>\n<!-- \/ Yoast SEO plugin. -->","yoast_head_json":{"title":"PulseEvents - Accueil","description":"Agence d'\u00e9v\u00e9nements sportifs sur-mesure : tournois, s\u00e9minaires sportifs. Nous transformons chaque exp\u00e9rience en souvenir inoubliable","robots":{"index":"index","follow":"follow","max-snippet":"max-snippet:-1","max-image-preview":"max-image-preview:large","max-video-preview":"max-video-preview:-1"},"canonical":"https:\/\/3sport2025.ppawebdesign.com\/c4\/","og_locale":"fr_FR","og_type":"article","og_title":"PulseEvents - Accueil","og_description":"Agence d'\u00e9v\u00e9nements sportifs sur-mesure : tournois, s\u00e9minaires sportifs. Nous transformons chaque exp\u00e9rience en souvenir inoubliable","og_url":"https:\/\/3sport2025.ppawebdesign.com\/c4\/","og_site_name":"PulseEvents","article_modified_time":"2025-12-04T20:19:47+00:00","twitter_card":"summary_large_image","twitter_misc":{"Dur\u00e9e de lecture estim\u00e9e":"2 minutes"},"schema":{"@context":"https:\/\/schema.org","@graph":[{"@type":"WebPage","@id":"https:\/\/3sport2025.ppawebdesign.com\/c4\/","url":"https:\/\/3sport2025.ppawebdesign.com\/c4\/","name":"PulseEvents - Accueil","isPartOf":{"@id":"https:\/\/3sport2025.ppawebdesign.com\/c4\/#website"},"datePublished":"2025-12-03T13:46:33+00:00","dateModified":"2025-12-04T20:19:47+00:00","description":"Agence d'\u00e9v\u00e9nements sportifs sur-mesure : tournois, s\u00e9minaires sportifs. Nous transformons chaque exp\u00e9rience en souvenir inoubliable","breadcrumb":{"@id":"https:\/\/3sport2025.ppawebdesign.com\/c4\/#breadcrumb"},"inLanguage":"fr-FR","potentialAction":[{"@type":"ReadAction","target":["https:\/\/3sport2025.ppawebdesign.com\/c4\/"]}]},{"@type":"BreadcrumbList","@id":"https:\/\/3sport2025.ppawebdesign.com\/c4\/#breadcrumb","itemListElement":[{"@type":"ListItem","position":1,"name":"Accueil","item":"https:\/\/3sport2025.ppawebdesign.com\/c4\/"},{"@type":"ListItem","position":2,"name":"Accueil"}]},{"@type":"WebSite","@id":"https:\/\/3sport2025.ppawebdesign.com\/c4\/#website","url":"https:\/\/3sport2025.ppawebdesign.com\/c4\/","name":"PulseEvents","description":"PulseEvents - Vos projets, notre passion","potentialAction":[{"@type":"SearchAction","target":{"@type":"EntryPoint","urlTemplate":"https:\/\/3sport2025.ppawebdesign.com\/c4\/?s={search_term_string}"},"query-input":{"@type":"PropertyValueSpecification","valueRequired":true,"valueName":"search_term_string"}}],"inLanguage":"fr-FR"}]}},"_links":{"self":[{"href":"https:\/\/3sport2025.ppawebdesign.com\/c4\/wp-json\/wp\/v2\/pages\/32","targetHints":{"allow":["GET"]}}],"collection":[{"href":"https:\/\/3sport2025.ppawebdesign.com\/c4\/wp-json\/wp\/v2\/pages"}],"about":[{"href":"https:\/\/3sport2025.ppawebdesign.com\/c4\/wp-json\/wp\/v2\/types\/page"}],"author":[{"embeddable":true,"href":"https:\/\/3sport2025.ppawebdesign.com\/c4\/wp-json\/wp\/v2\/users\/81"}],"replies":[{"embeddable":true,"href":"https:\/\/3sport2025.ppawebdesign.com\/c4\/wp-json\/wp\/v2\/comments?post=32"}],"version-history":[{"count":23,"href":"https:\/\/3sport2025.ppawebdesign.com\/c4\/wp-json\/wp\/v2\/pages\/32\/revisions"}],"predecessor-version":[{"id":281,"href":"https:\/\/3sport2025.ppawebdesign.com\/c4\/wp-json\/wp\/v2\/pages\/32\/revisions\/281"}],"wp:attachment":[{"href":"https:\/\/3sport2025.ppawebdesign.com\/c4\/wp-json\/wp\/v2\/media?parent=32"}],"curies":[{"name":"wp","href":"https:\/\/api.w.org\/{rel}","templated":true}]}}