{"id":64,"date":"2025-12-04T10:39:01","date_gmt":"2025-12-04T09:39:01","guid":{"rendered":"https:\/\/3sport2025.ppawebdesign.com\/c4\/?page_id=64"},"modified":"2025-12-04T21:32:44","modified_gmt":"2025-12-04T20:32:44","slug":"evenements-sportifs-pulse-events","status":"publish","type":"page","link":"https:\/\/3sport2025.ppawebdesign.com\/c4\/evenements-sportifs-pulse-events\/","title":{"rendered":"Sport"},"content":{"rendered":"\n[et_pb_section fb_built=\u00a0\u00bb1&Prime; _builder_version=\u00a0\u00bb4.27.4&Prime; _module_preset=\u00a0\u00bbdefault\u00a0\u00bb top_divider_style=\u00a0\u00bbgraph\u00a0\u00bb top_divider_color=\u00a0\u00bb#0C71C3&Prime; global_colors_info=\u00a0\u00bb{}\u00a0\u00bb][et_pb_row column_structure=\u00a0\u00bb1_2,1_2&Prime; _builder_version=\u00a0\u00bb4.27.4&Prime; _module_preset=\u00a0\u00bbdefault\u00a0\u00bb global_colors_info=\u00a0\u00bb{}\u00a0\u00bb][et_pb_column type=\u00a0\u00bb1_2&Prime; _builder_version=\u00a0\u00bb4.27.4&Prime; _module_preset=\u00a0\u00bbdefault\u00a0\u00bb global_colors_info=\u00a0\u00bb{}\u00a0\u00bb][et_pb_image src=\u00a0\u00bbhttps:\/\/3sport2025.ppawebdesign.com\/c4\/wp-content\/uploads\/sites\/15\/2025\/12\/F9769A3A-991C-48A3-AFF0-4D4F981C928E.jpg\u00a0\u00bb title_text=\u00a0\u00bbF9769A3A-991C-48A3-AFF0-4D4F981C928E\u00a0\u00bb _builder_version=\u00a0\u00bb4.27.4&Prime; _module_preset=\u00a0\u00bbdefault\u00a0\u00bb global_colors_info=\u00a0\u00bb{}\u00a0\u00bb][\/et_pb_image][\/et_pb_column][et_pb_column type=\u00a0\u00bb1_2&Prime; _builder_version=\u00a0\u00bb4.27.4&Prime; _module_preset=\u00a0\u00bbdefault\u00a0\u00bb global_colors_info=\u00a0\u00bb{}\u00a0\u00bb][et_pb_text _builder_version=\u00a0\u00bb4.27.4&Prime; _module_preset=\u00a0\u00bbdefault\u00a0\u00bb custom_margin=\u00a0\u00bb|||0px||\u00a0\u00bb global_colors_info=\u00a0\u00bb{}\u00a0\u00bb]<h1>Football<\/h1>\n<p><span style=\"color: #191919\">Chez Pulse Events, chaque \u00e9v\u00e9nement sportif est pens\u00e9 comme une histoire \u00e0 vivre. D&rsquo;abord, l\u2019univers du football repose sur une expertise issue du terrain. <a href=\"https:\/\/3sport2025.ppawebdesign.com\/c4\/concept\/?et_fb=1&amp;PageSpeed=off\">Nos organis<\/a><span style=\"font-size: 17px\"><a href=\"https:\/\/3sport2025.ppawebdesign.com\/c4\/concept\/?et_fb=1&amp;PageSpeed=off\">ateurs, eux-m\u00eames anciens joueurs de haut niveau, mettent leur exp\u00e9rience et leur exigence au service d\u2019\u00e9v\u00e9nements uniques<\/a>. Leur connaissance du jeu, des valeurs sportives et des dynamiques d\u2019\u00e9quipe nous permet de cr\u00e9er des tournois r\u00e9alistes, parfaitement structur\u00e9s.<\/span><\/span><\/p>\n<p><br data-start=\"525\" data-end=\"528\" \/><span style=\"color: #161616\">Ensuite, chaque comp\u00e9tition que nous concevons offre un cadre professionnel o\u00f9 se m\u00ealent performance et \u00e9motion. Nos tournois de foot rassemblent des \u00e9quipes motiv\u00e9es, et des supporters chaleureux. L&rsquo;ambiance rappelle les plus grands rendez-vous du sport. Ainsi, gr\u00e2ce \u00e0 notre savoir-faire, nous garantissons des exp\u00e9riences immersives o\u00f9 chaque participant se sent acteur d\u2019un moment authentique.<\/span><br data-start=\"936\" data-end=\"939\" \/><span style=\"color: #141414\">Chez Pulse Events, le football n\u2019est pas seulement un sport. C\u2019est une rencontre entre passionn\u00e9s, guid\u00e9e par ceux qui connaissent l\u2019exigence et qui veulent la transmettre \u00e0 travers des \u00e9v\u00e9nements forts.<\/span><\/p>[\/et_pb_text][\/et_pb_column][\/et_pb_row][\/et_pb_section][et_pb_section fb_built=\u00a0\u00bb1&Prime; _builder_version=\u00a0\u00bb4.27.4&Prime; _module_preset=\u00a0\u00bbdefault\u00a0\u00bb global_colors_info=\u00a0\u00bb{}\u00a0\u00bb][et_pb_row column_structure=\u00a0\u00bb1_2,1_2&Prime; _builder_version=\u00a0\u00bb4.27.4&Prime; _module_preset=\u00a0\u00bbdefault\u00a0\u00bb global_colors_info=\u00a0\u00bb{}\u00a0\u00bb][et_pb_column type=\u00a0\u00bb1_2&Prime; _builder_version=\u00a0\u00bb4.27.4&Prime; _module_preset=\u00a0\u00bbdefault\u00a0\u00bb global_colors_info=\u00a0\u00bb{}\u00a0\u00bb][et_pb_text _builder_version=\u00a0\u00bb4.27.4&Prime; _module_preset=\u00a0\u00bbdefault\u00a0\u00bb custom_padding=\u00a0\u00bb||0px|||\u00a0\u00bb global_colors_info=\u00a0\u00bb{}\u00a0\u00bb]<h2>Basket-Ball<\/h2>\n<p><span style=\"color: #161616\"><\/span><span style=\"color: #161616\">L\u2019\u00e9quipe Pulse Events, r\u00e9unie sur le terrain, repr\u00e9sente l\u2019esprit sportif et l\u2019\u00e9nergie qui animent nos \u00e9v\u00e9nements. Cette image illustre la coh\u00e9sion et la diversit\u00e9 des participants qui prennent part \u00e0 nos tournois de basket. De plus, nous mettons un point d\u2019honneur \u00e0 cr\u00e9er des exp\u00e9riences immersives o\u00f9 passion et convivialit\u00e9 se rencontrent.<\/span><\/p>\n<p><span style=\"color: #161616\"> Chaque tournoi que nous organisons rassemble des joueurs engag\u00e9s et une ambiance vibrante. Par exemple, chaque rencontre devient un moment unique, port\u00e9 par le rythme du jeu et les encouragements du public. Pulse Events continue d\u2019imaginer et de produire des exp\u00e9riences sportives m\u00e9morables, o\u00f9 le partage et l\u2019\u00e9motion sont toujours au rendez-vous.<\/span><\/p>[\/et_pb_text][\/et_pb_column][et_pb_column type=\u00a0\u00bb1_2&Prime; _builder_version=\u00a0\u00bb4.27.4&Prime; _module_preset=\u00a0\u00bbdefault\u00a0\u00bb global_colors_info=\u00a0\u00bb{}\u00a0\u00bb][et_pb_image src=\u00a0\u00bbhttps:\/\/3sport2025.ppawebdesign.com\/c4\/wp-content\/uploads\/sites\/15\/2025\/12\/IMG_7949-1014&#215;1024.jpeg\u00a0\u00bb title_text=\u00a0\u00bb\u00e9quipe \u00a0\u00bb _builder_version=\u00a0\u00bb4.27.4&Prime; _module_preset=\u00a0\u00bbdefault\u00a0\u00bb global_colors_info=\u00a0\u00bb{}\u00a0\u00bb][\/et_pb_image][\/et_pb_column][\/et_pb_row][et_pb_row column_structure=\u00a0\u00bb1_2,1_2&Prime; _builder_version=\u00a0\u00bb4.27.4&Prime; _module_preset=\u00a0\u00bbdefault\u00a0\u00bb global_colors_info=\u00a0\u00bb{}\u00a0\u00bb][et_pb_column type=\u00a0\u00bb1_2&Prime; _builder_version=\u00a0\u00bb4.27.4&Prime; _module_preset=\u00a0\u00bbdefault\u00a0\u00bb global_colors_info=\u00a0\u00bb{}\u00a0\u00bb][et_pb_image src=\u00a0\u00bbhttps:\/\/3sport2025.ppawebdesign.com\/c4\/wp-content\/uploads\/sites\/15\/2025\/12\/IMG_7950-1024&#215;1013.jpeg\u00a0\u00bb title_text=\u00a0\u00bbIMG_7950&Prime; _builder_version=\u00a0\u00bb4.27.4&Prime; _module_preset=\u00a0\u00bbdefault\u00a0\u00bb global_colors_info=\u00a0\u00bb{}\u00a0\u00bb][\/et_pb_image][\/et_pb_column][et_pb_column type=\u00a0\u00bb1_2&Prime; _builder_version=\u00a0\u00bb4.27.4&Prime; _module_preset=\u00a0\u00bbdefault\u00a0\u00bb global_colors_info=\u00a0\u00bb{}\u00a0\u00bb][et_pb_text _builder_version=\u00a0\u00bb4.27.4&Prime; _module_preset=\u00a0\u00bbdefault\u00a0\u00bb global_colors_info=\u00a0\u00bb{}\u00a0\u00bb]<p><span style=\"color: #000000\"><\/span><\/p>\n<h3>Volley-Ball<span style=\"color: #000000\"><\/span><\/h3>\n<p><span style=\"color: #000000\"><\/span><\/p>\n<p><span style=\"color: #000000\">L\u2019\u00e9quipe de volley Pulse Events symbolise l\u2019esprit et la r\u00e9ussite des nombreux \u00e9v\u00e9nements que nous avons organis\u00e9s autour de ce sport passionnant. Au fil des tournois et des comp\u00e9titions amicales, nous avons r\u00e9uni des joueurs de tous horizons. Peu \u00e0 peu, une v\u00e9ritable dynamique s&rsquo;est cr\u00e9\u00e9e. Chaque \u00e9v\u00e9nement est pens\u00e9 pour offrir une exp\u00e9rience immersive : des matchs rythm\u00e9s, une organisation fluide et un encadrement professionnel.<\/span><\/p>\n<p><br data-start=\"589\" data-end=\"592\" \/><span style=\"color: #000000\">Ainsi, cette image refl\u00e8te ce que nous avons construit : des \u00e9quipes motiv\u00e9es, soud\u00e9es,<a href=\"https:\/\/www.instagram.com\/reel\/DRzEY5zDFCb\/\"> pr\u00eates \u00e0 se d\u00e9passer tout en partageant des moments forts<\/a>. Le volley, chez Pulse Events, n\u2019est pas seulement un jeu. c\u2019est un vecteur d\u2019\u00e9motions, de rencontres et d\u2019\u00e9nergie positive. Enfin, gr\u00e2ce \u00e0 notre expertise et \u00e0 la confiance des participants, nous d\u00e9veloppons des \u00e9v\u00e9nements toujours plus ambitieux, o\u00f9 le plaisir de jouer et l\u2019esprit sportif restent au c\u0153ur de chaque initiative.<\/span><\/p>[\/et_pb_text][\/et_pb_column][\/et_pb_row][\/et_pb_section][et_pb_section fb_built=\u00a0\u00bb1&Prime; _builder_version=\u00a0\u00bb4.27.4&Prime; _module_preset=\u00a0\u00bbdefault\u00a0\u00bb bottom_divider_style=\u00a0\u00bbasymmetric3&Prime; bottom_divider_color=\u00a0\u00bb#0C71C3&Prime; global_colors_info=\u00a0\u00bb{}\u00a0\u00bb][et_pb_row column_structure=\u00a0\u00bb1_3,1_3,1_3&Prime; _builder_version=\u00a0\u00bb4.27.4&Prime; _module_preset=\u00a0\u00bbdefault\u00a0\u00bb global_colors_info=\u00a0\u00bb{}\u00a0\u00bb][et_pb_column type=\u00a0\u00bb1_3&Prime; _builder_version=\u00a0\u00bb4.27.4&Prime; _module_preset=\u00a0\u00bbdefault\u00a0\u00bb global_colors_info=\u00a0\u00bb{}\u00a0\u00bb][\/et_pb_column][et_pb_column type=\u00a0\u00bb1_3&Prime; _builder_version=\u00a0\u00bb4.27.4&Prime; _module_preset=\u00a0\u00bbdefault\u00a0\u00bb global_colors_info=\u00a0\u00bb{}\u00a0\u00bb][et_pb_text _builder_version=\u00a0\u00bb4.27.4&Prime; _module_preset=\u00a0\u00bbdefault\u00a0\u00bb text_text_color=\u00a0\u00bb#FFFFFF\u00a0\u00bb background_color=\u00a0\u00bb#FFFFFF\u00a0\u00bb min_height=\u00a0\u00bb18.8px\u00a0\u00bb custom_padding=\u00a0\u00bb||4px|||\u00a0\u00bb text_text_shadow_style=\u00a0\u00bbpreset5&Prime; global_colors_info=\u00a0\u00bb{}\u00a0\u00bb]<p><a href=\"https:\/\/www.instagram.com\/agence_pulse_events\/\">Rejoignez-nous !<\/a><\/p>[\/et_pb_text][\/et_pb_column][et_pb_column type=\u00a0\u00bb1_3&Prime; _builder_version=\u00a0\u00bb4.27.4&Prime; _module_preset=\u00a0\u00bbdefault\u00a0\u00bb global_colors_info=\u00a0\u00bb{}\u00a0\u00bb][\/et_pb_column][\/et_pb_row][\/et_pb_section]\n","protected":false},"excerpt":{"rendered":"<p>Football Chez Pulse Events, chaque \u00e9v\u00e9nement sportif est pens\u00e9 comme une histoire \u00e0 vivre. D&rsquo;abord, l\u2019univers du football repose sur une expertise issue du terrain. Nos organisateurs, eux-m\u00eames anciens joueurs de haut niveau, mettent leur exp\u00e9rience et leur exigence au service d\u2019\u00e9v\u00e9nements uniques. Leur connaissance du jeu, des valeurs sportives et des dynamiques d\u2019\u00e9quipe nous [&hellip;]<\/p>\n","protected":false},"author":81,"featured_media":0,"parent":0,"menu_order":0,"comment_status":"closed","ping_status":"closed","template":"","meta":{"_et_pb_use_builder":"on","_et_pb_old_content":"","_et_gb_content_width":"","footnotes":""},"class_list":["post-64","page","type-page","status-publish","hentry"],"yoast_head":"<!-- This site is optimized with the Yoast SEO plugin v26.5 - https:\/\/yoast.com\/wordpress\/plugins\/seo\/ -->\n<title>\u00c9v\u00e9nements sportifs Pulse Events - Football, Basketball et Volley<\/title>\n<meta name=\"description\" content=\"D\u00e9couvrez les \u00e9v\u00e9nements sportifs Pulse Events : tournois de football, basket et volley organis\u00e9s sur mesure pour les passionn\u00e9s de sport.\" \/>\n<meta name=\"robots\" content=\"index, follow, max-snippet:-1, max-image-preview:large, max-video-preview:-1\" \/>\n<link rel=\"canonical\" href=\"https:\/\/3sport2025.ppawebdesign.com\/c4\/evenements-sportifs-pulse-events\/\" \/>\n<meta property=\"og:locale\" content=\"fr_FR\" \/>\n<meta property=\"og:type\" content=\"article\" \/>\n<meta property=\"og:title\" content=\"\u00c9v\u00e9nements sportifs Pulse Events - Football, Basketball et Volley\" \/>\n<meta property=\"og:description\" content=\"D\u00e9couvrez les \u00e9v\u00e9nements sportifs Pulse Events : tournois de football, basket et volley organis\u00e9s sur mesure pour les passionn\u00e9s de sport.\" \/>\n<meta property=\"og:url\" content=\"https:\/\/3sport2025.ppawebdesign.com\/c4\/evenements-sportifs-pulse-events\/\" \/>\n<meta property=\"og:site_name\" content=\"PulseEvents\" \/>\n<meta property=\"article:modified_time\" content=\"2025-12-04T20:32:44+00:00\" \/>\n<meta name=\"twitter:card\" content=\"summary_large_image\" \/>\n<meta name=\"twitter:label1\" content=\"Dur\u00e9e de lecture estim\u00e9e\" \/>\n\t<meta name=\"twitter:data1\" content=\"3 minutes\" \/>\n<script type=\"application\/ld+json\" class=\"yoast-schema-graph\">{\"@context\":\"https:\/\/schema.org\",\"@graph\":[{\"@type\":\"WebPage\",\"@id\":\"https:\/\/3sport2025.ppawebdesign.com\/c4\/evenements-sportifs-pulse-events\/\",\"url\":\"https:\/\/3sport2025.ppawebdesign.com\/c4\/evenements-sportifs-pulse-events\/\",\"name\":\"\u00c9v\u00e9nements sportifs Pulse Events - Football, Basketball et Volley\",\"isPartOf\":{\"@id\":\"https:\/\/3sport2025.ppawebdesign.com\/c4\/#website\"},\"datePublished\":\"2025-12-04T09:39:01+00:00\",\"dateModified\":\"2025-12-04T20:32:44+00:00\",\"description\":\"D\u00e9couvrez les \u00e9v\u00e9nements sportifs Pulse Events : tournois de football, basket et volley organis\u00e9s sur mesure pour les passionn\u00e9s de sport.\",\"breadcrumb\":{\"@id\":\"https:\/\/3sport2025.ppawebdesign.com\/c4\/evenements-sportifs-pulse-events\/#breadcrumb\"},\"inLanguage\":\"fr-FR\",\"potentialAction\":[{\"@type\":\"ReadAction\",\"target\":[\"https:\/\/3sport2025.ppawebdesign.com\/c4\/evenements-sportifs-pulse-events\/\"]}]},{\"@type\":\"BreadcrumbList\",\"@id\":\"https:\/\/3sport2025.ppawebdesign.com\/c4\/evenements-sportifs-pulse-events\/#breadcrumb\",\"itemListElement\":[{\"@type\":\"ListItem\",\"position\":1,\"name\":\"Accueil\",\"item\":\"https:\/\/3sport2025.ppawebdesign.com\/c4\/\"},{\"@type\":\"ListItem\",\"position\":2,\"name\":\"Sport\"}]},{\"@type\":\"WebSite\",\"@id\":\"https:\/\/3sport2025.ppawebdesign.com\/c4\/#website\",\"url\":\"https:\/\/3sport2025.ppawebdesign.com\/c4\/\",\"name\":\"PulseEvents\",\"description\":\"PulseEvents - Vos projets, notre passion\",\"potentialAction\":[{\"@type\":\"SearchAction\",\"target\":{\"@type\":\"EntryPoint\",\"urlTemplate\":\"https:\/\/3sport2025.ppawebdesign.com\/c4\/?s={search_term_string}\"},\"query-input\":{\"@type\":\"PropertyValueSpecification\",\"valueRequired\":true,\"valueName\":\"search_term_string\"}}],\"inLanguage\":\"fr-FR\"}]}<\/script>\n<!-- \/ Yoast SEO plugin. -->","yoast_head_json":{"title":"\u00c9v\u00e9nements sportifs Pulse Events - Football, Basketball et Volley","description":"D\u00e9couvrez les \u00e9v\u00e9nements sportifs Pulse Events : tournois de football, basket et volley organis\u00e9s sur mesure pour les passionn\u00e9s de sport.","robots":{"index":"index","follow":"follow","max-snippet":"max-snippet:-1","max-image-preview":"max-image-preview:large","max-video-preview":"max-video-preview:-1"},"canonical":"https:\/\/3sport2025.ppawebdesign.com\/c4\/evenements-sportifs-pulse-events\/","og_locale":"fr_FR","og_type":"article","og_title":"\u00c9v\u00e9nements sportifs Pulse Events - Football, Basketball et Volley","og_description":"D\u00e9couvrez les \u00e9v\u00e9nements sportifs Pulse Events : tournois de football, basket et volley organis\u00e9s sur mesure pour les passionn\u00e9s de sport.","og_url":"https:\/\/3sport2025.ppawebdesign.com\/c4\/evenements-sportifs-pulse-events\/","og_site_name":"PulseEvents","article_modified_time":"2025-12-04T20:32:44+00:00","twitter_card":"summary_large_image","twitter_misc":{"Dur\u00e9e de lecture estim\u00e9e":"3 minutes"},"schema":{"@context":"https:\/\/schema.org","@graph":[{"@type":"WebPage","@id":"https:\/\/3sport2025.ppawebdesign.com\/c4\/evenements-sportifs-pulse-events\/","url":"https:\/\/3sport2025.ppawebdesign.com\/c4\/evenements-sportifs-pulse-events\/","name":"\u00c9v\u00e9nements sportifs Pulse Events - Football, Basketball et Volley","isPartOf":{"@id":"https:\/\/3sport2025.ppawebdesign.com\/c4\/#website"},"datePublished":"2025-12-04T09:39:01+00:00","dateModified":"2025-12-04T20:32:44+00:00","description":"D\u00e9couvrez les \u00e9v\u00e9nements sportifs Pulse Events : tournois de football, basket et volley organis\u00e9s sur mesure pour les passionn\u00e9s de sport.","breadcrumb":{"@id":"https:\/\/3sport2025.ppawebdesign.com\/c4\/evenements-sportifs-pulse-events\/#breadcrumb"},"inLanguage":"fr-FR","potentialAction":[{"@type":"ReadAction","target":["https:\/\/3sport2025.ppawebdesign.com\/c4\/evenements-sportifs-pulse-events\/"]}]},{"@type":"BreadcrumbList","@id":"https:\/\/3sport2025.ppawebdesign.com\/c4\/evenements-sportifs-pulse-events\/#breadcrumb","itemListElement":[{"@type":"ListItem","position":1,"name":"Accueil","item":"https:\/\/3sport2025.ppawebdesign.com\/c4\/"},{"@type":"ListItem","position":2,"name":"Sport"}]},{"@type":"WebSite","@id":"https:\/\/3sport2025.ppawebdesign.com\/c4\/#website","url":"https:\/\/3sport2025.ppawebdesign.com\/c4\/","name":"PulseEvents","description":"PulseEvents - Vos projets, notre passion","potentialAction":[{"@type":"SearchAction","target":{"@type":"EntryPoint","urlTemplate":"https:\/\/3sport2025.ppawebdesign.com\/c4\/?s={search_term_string}"},"query-input":{"@type":"PropertyValueSpecification","valueRequired":true,"valueName":"search_term_string"}}],"inLanguage":"fr-FR"}]}},"_links":{"self":[{"href":"https:\/\/3sport2025.ppawebdesign.com\/c4\/wp-json\/wp\/v2\/pages\/64","targetHints":{"allow":["GET"]}}],"collection":[{"href":"https:\/\/3sport2025.ppawebdesign.com\/c4\/wp-json\/wp\/v2\/pages"}],"about":[{"href":"https:\/\/3sport2025.ppawebdesign.com\/c4\/wp-json\/wp\/v2\/types\/page"}],"author":[{"embeddable":true,"href":"https:\/\/3sport2025.ppawebdesign.com\/c4\/wp-json\/wp\/v2\/users\/81"}],"replies":[{"embeddable":true,"href":"https:\/\/3sport2025.ppawebdesign.com\/c4\/wp-json\/wp\/v2\/comments?post=64"}],"version-history":[{"count":21,"href":"https:\/\/3sport2025.ppawebdesign.com\/c4\/wp-json\/wp\/v2\/pages\/64\/revisions"}],"predecessor-version":[{"id":284,"href":"https:\/\/3sport2025.ppawebdesign.com\/c4\/wp-json\/wp\/v2\/pages\/64\/revisions\/284"}],"wp:attachment":[{"href":"https:\/\/3sport2025.ppawebdesign.com\/c4\/wp-json\/wp\/v2\/media?parent=64"}],"curies":[{"name":"wp","href":"https:\/\/api.w.org\/{rel}","templated":true}]}}