{"id":87,"date":"2025-12-04T10:40:13","date_gmt":"2025-12-04T09:40:13","guid":{"rendered":"https:\/\/3sport2025.ppawebdesign.com\/c4\/?page_id=87"},"modified":"2025-12-05T00:32:22","modified_gmt":"2025-12-04T23:32:22","slug":"concept","status":"publish","type":"page","link":"https:\/\/3sport2025.ppawebdesign.com\/c4\/concept\/","title":{"rendered":"Concept"},"content":{"rendered":"<p>[et_pb_section fb_built=\u00a0\u00bb1&Prime; _builder_version=\u00a0\u00bb4.27.4&Prime; _module_preset=\u00a0\u00bbdefault\u00a0\u00bb min_height=\u00a0\u00bb610px\u00a0\u00bb top_divider_style=\u00a0\u00bbslant\u00a0\u00bb top_divider_color=\u00a0\u00bb#0C71C3&Prime; bottom_divider_style=\u00a0\u00bbarrow\u00a0\u00bb bottom_divider_color=\u00a0\u00bb#0C71C3&Prime; global_colors_info=\u00a0\u00bb{}\u00a0\u00bb][et_pb_row column_structure=\u00a0\u00bb1_2,1_2&Prime; _builder_version=\u00a0\u00bb4.27.4&Prime; _module_preset=\u00a0\u00bbdefault\u00a0\u00bb min_height=\u00a0\u00bb221px\u00a0\u00bb custom_padding=\u00a0\u00bb||44px|||\u00a0\u00bb global_colors_info=\u00a0\u00bb{}\u00a0\u00bb][et_pb_column type=\u00a0\u00bb1_2&Prime; _builder_version=\u00a0\u00bb4.27.4&Prime; _module_preset=\u00a0\u00bbdefault\u00a0\u00bb global_colors_info=\u00a0\u00bb{}\u00a0\u00bb][et_pb_image src=\u00a0\u00bbhttps:\/\/3sport2025.ppawebdesign.com\/c4\/wp-content\/uploads\/sites\/15\/2025\/12\/75ac968c-0a43-4489-a811-5022d47d6468.png\u00a0\u00bb title_text=\u00a0\u00bb75ac968c-0a43-4489-a811-5022d47d6468&Prime; _builder_version=\u00a0\u00bb4.27.4&Prime; _module_preset=\u00a0\u00bbdefault\u00a0\u00bb min_height=\u00a0\u00bb245px\u00a0\u00bb hover_enabled=\u00a0\u00bb0&Prime; global_colors_info=\u00a0\u00bb{}\u00a0\u00bb sticky_enabled=\u00a0\u00bb0&Prime;][\/et_pb_image][\/et_pb_column][et_pb_column type=\u00a0\u00bb1_2&Prime; _builder_version=\u00a0\u00bb4.27.4&Prime; _module_preset=\u00a0\u00bbdefault\u00a0\u00bb global_colors_info=\u00a0\u00bb{}\u00a0\u00bb][et_pb_accordion _builder_version=\u00a0\u00bb4.27.4&Prime; _module_preset=\u00a0\u00bbdefault\u00a0\u00bb global_colors_info=\u00a0\u00bb{}\u00a0\u00bb][\/et_pb_accordion][et_pb_accordion _builder_version=\u00a0\u00bb4.27.4&Prime; _module_preset=\u00a0\u00bbdefault\u00a0\u00bb hover_enabled=\u00a0\u00bb0&Prime; global_colors_info=\u00a0\u00bb{}\u00a0\u00bb sticky_enabled=\u00a0\u00bb0&Prime;][et_pb_accordion_item title=\u00a0\u00bbVivez la passion du sport collectif !\u00a0\u00bb open=\u00a0\u00bbon\u00a0\u00bb _builder_version=\u00a0\u00bb4.27.4&Prime; _module_preset=\u00a0\u00bbdefault\u00a0\u00bb global_colors_info=\u00a0\u00bb{}\u00a0\u00bb]<\/p>\n<p>Basketball, football, volley-ball &#8211; Pulse Events est une agence \u00e9v\u00e9nementielle sportive sp\u00e9cialis\u00e9e dans la cr\u00e9ation d&rsquo;exp\u00e9riences sur mesure pour les passionn\u00e9s de sport. Nos \u00e9v\u00e9nements rassemblent, motivent et font vibrer les \u00e9quipes. Le sport est essentiel \u00e0 la vie, donc d\u00e9couvrez \u00e9galement les recommandations du <a href=\"https:\/\/sante.gouv.fr\/systeme-de-sante\/strategie-nationale-de-sante\/priorite-prevention-rester-en-bonne-sante-tout-au-long-de-sa-vie-11031\/priorite-prevention-les-mesures-phares-detaillees\/article\/la-sante-par-l-activite-physique-et-sportive\">Minist\u00e8re de la Sant\u00e9.<\/a><\/p>\n<p>[\/et_pb_accordion_item][\/et_pb_accordion][\/et_pb_column][\/et_pb_row][et_pb_row column_structure=\u00a0\u00bb1_2,1_2&Prime; _builder_version=\u00a0\u00bb4.27.4&Prime; _module_preset=\u00a0\u00bbdefault\u00a0\u00bb custom_padding=\u00a0\u00bb14px||27px|||\u00a0\u00bb global_colors_info=\u00a0\u00bb{}\u00a0\u00bb][et_pb_column type=\u00a0\u00bb1_2&Prime; _builder_version=\u00a0\u00bb4.27.4&Prime; _module_preset=\u00a0\u00bbdefault\u00a0\u00bb global_colors_info=\u00a0\u00bb{}\u00a0\u00bb][et_pb_image src=\u00a0\u00bbhttps:\/\/3sport2025.ppawebdesign.com\/c4\/wp-content\/uploads\/sites\/15\/2025\/12\/Capture-decran-2025-12-04-151108.png\u00a0\u00bb title_text=\u00a0\u00bbCapture d\u2019\u00e9cran 2025-12-04 151108&Prime; _builder_version=\u00a0\u00bb4.27.4&Prime; _module_preset=\u00a0\u00bbdefault\u00a0\u00bb global_colors_info=\u00a0\u00bb{}\u00a0\u00bb][\/et_pb_image][\/et_pb_column][et_pb_column type=\u00a0\u00bb1_2&Prime; _builder_version=\u00a0\u00bb4.27.4&Prime; _module_preset=\u00a0\u00bbdefault\u00a0\u00bb global_colors_info=\u00a0\u00bb{}\u00a0\u00bb][et_pb_accordion _builder_version=\u00a0\u00bb4.27.4&Prime; _module_preset=\u00a0\u00bbdefault\u00a0\u00bb global_colors_info=\u00a0\u00bb{}\u00a0\u00bb][et_pb_accordion_item open=\u00a0\u00bbon\u00a0\u00bb _builder_version=\u00a0\u00bb4.27.4&Prime; _module_preset=\u00a0\u00bbdefault\u00a0\u00bb global_colors_info=\u00a0\u00bb{}\u00a0\u00bb]<\/p>\n<p>En tant qu&rsquo;agence \u00e9v\u00e9nementielle sportive, nous cr\u00e9ons des exp\u00e9riences sportives sur mesure pour les entreprises et les particuliers. Notre concept : utiliser le sport pour renforcer la coh\u00e9sion, le bien-\u00eatre et l&rsquo;engagement, \u00e0 travers des \u00e9v\u00e9nements pens\u00e9s de A \u00e0 Z par notre \u00e9quipe passionn\u00e9e.<\/p>\n<p>&nbsp;<\/p>\n<p>Que ce soit un tournoi grand public, ou encore un team building l&rsquo;agence \u00e9v\u00e9nementielle sportive Pulse Events con\u00e7oit des formats ludiques et dynamiques : tournois, olympiades, challenges sportifs et exp\u00e9riences immersives. Pour en savoir plus sur nos formats d&rsquo;\u00e9v\u00e9nements, d\u00e9couvrez notre page <a href=\"https:\/\/3sport2025.ppawebdesign.com\/c4\/sport\/\">Sport.<\/a><\/p>\n<p>&nbsp;<\/p>\n<p>[\/et_pb_accordion_item][\/et_pb_accordion][\/et_pb_column][\/et_pb_row][et_pb_row _builder_version=\u00a0\u00bb4.27.4&Prime; _module_preset=\u00a0\u00bbdefault\u00a0\u00bb global_colors_info=\u00a0\u00bb{}\u00a0\u00bb][et_pb_column type=\u00a0\u00bb4_4&Prime; _builder_version=\u00a0\u00bb4.27.4&Prime; _module_preset=\u00a0\u00bbdefault\u00a0\u00bb global_colors_info=\u00a0\u00bb{}\u00a0\u00bb][et_pb_image src=\u00a0\u00bbhttps:\/\/3sport2025.ppawebdesign.com\/c4\/wp-content\/uploads\/sites\/15\/2025\/12\/Capture-decran-2025-12-04-161110-1.png\u00a0\u00bb title_text=\u00a0\u00bbCapture d\u2019\u00e9cran 2025-12-04 161110&Prime; _builder_version=\u00a0\u00bb4.27.4&Prime; _module_preset=\u00a0\u00bbdefault\u00a0\u00bb custom_padding=\u00a0\u00bb|333px||404px||\u00a0\u00bb global_colors_info=\u00a0\u00bb{}\u00a0\u00bb][\/et_pb_image][\/et_pb_column][\/et_pb_row][\/et_pb_section]<\/p>\n","protected":false},"excerpt":{"rendered":"<p>Basketball, football, volley-ball &#8211; Pulse Events est une agence \u00e9v\u00e9nementielle sportive sp\u00e9cialis\u00e9e dans la cr\u00e9ation d&rsquo;exp\u00e9riences sur mesure pour les passionn\u00e9s de sport. Nos \u00e9v\u00e9nements rassemblent, motivent et font vibrer les \u00e9quipes. Le sport est essentiel \u00e0 la vie, donc d\u00e9couvrez \u00e9galement les recommandations du Minist\u00e8re de la Sant\u00e9.En tant qu&rsquo;agence \u00e9v\u00e9nementielle sportive, nous cr\u00e9ons [&hellip;]<\/p>\n","protected":false},"author":81,"featured_media":0,"parent":0,"menu_order":0,"comment_status":"closed","ping_status":"closed","template":"","meta":{"_et_pb_use_builder":"on","_et_pb_old_content":"","_et_gb_content_width":"","footnotes":""},"class_list":["post-87","page","type-page","status-publish","hentry"],"yoast_head":"<!-- This site is optimized with the Yoast SEO plugin v26.5 - https:\/\/yoast.com\/wordpress\/plugins\/seo\/ -->\n<title>Agence \u00e9v\u00e9nementielle sportive Pulse Events - Concept<\/title>\n<meta name=\"description\" content=\"D\u00e9couvrez le concept de Pulse Events, agence \u00e9v\u00e9nementielle sportive qui organise des \u00e9v\u00e9nements sur mesure pour les passionn\u00e9es de sport.\" \/>\n<meta name=\"robots\" content=\"index, follow, max-snippet:-1, max-image-preview:large, max-video-preview:-1\" \/>\n<link rel=\"canonical\" href=\"https:\/\/3sport2025.ppawebdesign.com\/c4\/concept\/\" \/>\n<meta property=\"og:locale\" content=\"fr_FR\" \/>\n<meta property=\"og:type\" content=\"article\" \/>\n<meta property=\"og:title\" content=\"Agence \u00e9v\u00e9nementielle sportive Pulse Events - Concept\" \/>\n<meta property=\"og:description\" content=\"D\u00e9couvrez le concept de Pulse Events, agence \u00e9v\u00e9nementielle sportive qui organise des \u00e9v\u00e9nements sur mesure pour les passionn\u00e9es de sport.\" \/>\n<meta property=\"og:url\" content=\"https:\/\/3sport2025.ppawebdesign.com\/c4\/concept\/\" \/>\n<meta property=\"og:site_name\" content=\"PulseEvents\" \/>\n<meta property=\"article:modified_time\" content=\"2025-12-04T23:32:22+00:00\" \/>\n<meta name=\"twitter:card\" content=\"summary_large_image\" \/>\n<meta name=\"twitter:label1\" content=\"Dur\u00e9e de lecture estim\u00e9e\" \/>\n\t<meta name=\"twitter:data1\" content=\"2 minutes\" \/>\n<script type=\"application\/ld+json\" class=\"yoast-schema-graph\">{\"@context\":\"https:\/\/schema.org\",\"@graph\":[{\"@type\":\"WebPage\",\"@id\":\"https:\/\/3sport2025.ppawebdesign.com\/c4\/concept\/\",\"url\":\"https:\/\/3sport2025.ppawebdesign.com\/c4\/concept\/\",\"name\":\"Agence \u00e9v\u00e9nementielle sportive Pulse Events - Concept\",\"isPartOf\":{\"@id\":\"https:\/\/3sport2025.ppawebdesign.com\/c4\/#website\"},\"datePublished\":\"2025-12-04T09:40:13+00:00\",\"dateModified\":\"2025-12-04T23:32:22+00:00\",\"description\":\"D\u00e9couvrez le concept de Pulse Events, agence \u00e9v\u00e9nementielle sportive qui organise des \u00e9v\u00e9nements sur mesure pour les passionn\u00e9es de sport.\",\"breadcrumb\":{\"@id\":\"https:\/\/3sport2025.ppawebdesign.com\/c4\/concept\/#breadcrumb\"},\"inLanguage\":\"fr-FR\",\"potentialAction\":[{\"@type\":\"ReadAction\",\"target\":[\"https:\/\/3sport2025.ppawebdesign.com\/c4\/concept\/\"]}]},{\"@type\":\"BreadcrumbList\",\"@id\":\"https:\/\/3sport2025.ppawebdesign.com\/c4\/concept\/#breadcrumb\",\"itemListElement\":[{\"@type\":\"ListItem\",\"position\":1,\"name\":\"Accueil\",\"item\":\"https:\/\/3sport2025.ppawebdesign.com\/c4\/\"},{\"@type\":\"ListItem\",\"position\":2,\"name\":\"Concept\"}]},{\"@type\":\"WebSite\",\"@id\":\"https:\/\/3sport2025.ppawebdesign.com\/c4\/#website\",\"url\":\"https:\/\/3sport2025.ppawebdesign.com\/c4\/\",\"name\":\"PulseEvents\",\"description\":\"PulseEvents - Vos projets, notre passion\",\"potentialAction\":[{\"@type\":\"SearchAction\",\"target\":{\"@type\":\"EntryPoint\",\"urlTemplate\":\"https:\/\/3sport2025.ppawebdesign.com\/c4\/?s={search_term_string}\"},\"query-input\":{\"@type\":\"PropertyValueSpecification\",\"valueRequired\":true,\"valueName\":\"search_term_string\"}}],\"inLanguage\":\"fr-FR\"}]}<\/script>\n<!-- \/ Yoast SEO plugin. -->","yoast_head_json":{"title":"Agence \u00e9v\u00e9nementielle sportive Pulse Events - Concept","description":"D\u00e9couvrez le concept de Pulse Events, agence \u00e9v\u00e9nementielle sportive qui organise des \u00e9v\u00e9nements sur mesure pour les passionn\u00e9es de sport.","robots":{"index":"index","follow":"follow","max-snippet":"max-snippet:-1","max-image-preview":"max-image-preview:large","max-video-preview":"max-video-preview:-1"},"canonical":"https:\/\/3sport2025.ppawebdesign.com\/c4\/concept\/","og_locale":"fr_FR","og_type":"article","og_title":"Agence \u00e9v\u00e9nementielle sportive Pulse Events - Concept","og_description":"D\u00e9couvrez le concept de Pulse Events, agence \u00e9v\u00e9nementielle sportive qui organise des \u00e9v\u00e9nements sur mesure pour les passionn\u00e9es de sport.","og_url":"https:\/\/3sport2025.ppawebdesign.com\/c4\/concept\/","og_site_name":"PulseEvents","article_modified_time":"2025-12-04T23:32:22+00:00","twitter_card":"summary_large_image","twitter_misc":{"Dur\u00e9e de lecture estim\u00e9e":"2 minutes"},"schema":{"@context":"https:\/\/schema.org","@graph":[{"@type":"WebPage","@id":"https:\/\/3sport2025.ppawebdesign.com\/c4\/concept\/","url":"https:\/\/3sport2025.ppawebdesign.com\/c4\/concept\/","name":"Agence \u00e9v\u00e9nementielle sportive Pulse Events - Concept","isPartOf":{"@id":"https:\/\/3sport2025.ppawebdesign.com\/c4\/#website"},"datePublished":"2025-12-04T09:40:13+00:00","dateModified":"2025-12-04T23:32:22+00:00","description":"D\u00e9couvrez le concept de Pulse Events, agence \u00e9v\u00e9nementielle sportive qui organise des \u00e9v\u00e9nements sur mesure pour les passionn\u00e9es de sport.","breadcrumb":{"@id":"https:\/\/3sport2025.ppawebdesign.com\/c4\/concept\/#breadcrumb"},"inLanguage":"fr-FR","potentialAction":[{"@type":"ReadAction","target":["https:\/\/3sport2025.ppawebdesign.com\/c4\/concept\/"]}]},{"@type":"BreadcrumbList","@id":"https:\/\/3sport2025.ppawebdesign.com\/c4\/concept\/#breadcrumb","itemListElement":[{"@type":"ListItem","position":1,"name":"Accueil","item":"https:\/\/3sport2025.ppawebdesign.com\/c4\/"},{"@type":"ListItem","position":2,"name":"Concept"}]},{"@type":"WebSite","@id":"https:\/\/3sport2025.ppawebdesign.com\/c4\/#website","url":"https:\/\/3sport2025.ppawebdesign.com\/c4\/","name":"PulseEvents","description":"PulseEvents - Vos projets, notre passion","potentialAction":[{"@type":"SearchAction","target":{"@type":"EntryPoint","urlTemplate":"https:\/\/3sport2025.ppawebdesign.com\/c4\/?s={search_term_string}"},"query-input":{"@type":"PropertyValueSpecification","valueRequired":true,"valueName":"search_term_string"}}],"inLanguage":"fr-FR"}]}},"_links":{"self":[{"href":"https:\/\/3sport2025.ppawebdesign.com\/c4\/wp-json\/wp\/v2\/pages\/87","targetHints":{"allow":["GET"]}}],"collection":[{"href":"https:\/\/3sport2025.ppawebdesign.com\/c4\/wp-json\/wp\/v2\/pages"}],"about":[{"href":"https:\/\/3sport2025.ppawebdesign.com\/c4\/wp-json\/wp\/v2\/types\/page"}],"author":[{"embeddable":true,"href":"https:\/\/3sport2025.ppawebdesign.com\/c4\/wp-json\/wp\/v2\/users\/81"}],"replies":[{"embeddable":true,"href":"https:\/\/3sport2025.ppawebdesign.com\/c4\/wp-json\/wp\/v2\/comments?post=87"}],"version-history":[{"count":19,"href":"https:\/\/3sport2025.ppawebdesign.com\/c4\/wp-json\/wp\/v2\/pages\/87\/revisions"}],"predecessor-version":[{"id":297,"href":"https:\/\/3sport2025.ppawebdesign.com\/c4\/wp-json\/wp\/v2\/pages\/87\/revisions\/297"}],"wp:attachment":[{"href":"https:\/\/3sport2025.ppawebdesign.com\/c4\/wp-json\/wp\/v2\/media?parent=87"}],"curies":[{"name":"wp","href":"https:\/\/api.w.org\/{rel}","templated":true}]}}