{"id":11,"date":"2025-12-02T11:02:58","date_gmt":"2025-12-02T10:02:58","guid":{"rendered":"https:\/\/3sport2025.ppawebdesign.com\/d1\/?page_id=11"},"modified":"2025-12-05T10:27:54","modified_gmt":"2025-12-05T09:27:54","slug":"all-play-agency-one-team","status":"publish","type":"page","link":"https:\/\/3sport2025.ppawebdesign.com\/d1\/all-play-agency-one-team\/","title":{"rendered":"ALL PLAY AGENCY"},"content":{"rendered":"<p>[et_pb_section fb_built=\u00a0\u00bb1&Prime; _builder_version=\u00a0\u00bb4.27.4&Prime; _module_preset=\u00a0\u00bbdefault\u00a0\u00bb background_image=\u00a0\u00bbhttps:\/\/3sport2025.ppawebdesign.com\/d1\/wp-content\/uploads\/sites\/16\/2025\/12\/441b88bada18072654f9a3827933fa31.jpg\u00a0\u00bb custom_padding=\u00a0\u00bb|8px||||\u00a0\u00bb global_colors_info=\u00a0\u00bb{}\u00a0\u00bb][et_pb_row _builder_version=\u00a0\u00bb4.27.4&Prime; _module_preset=\u00a0\u00bbdefault\u00a0\u00bb global_colors_info=\u00a0\u00bb{}\u00a0\u00bb][et_pb_column type=\u00a0\u00bb4_4&Prime; _builder_version=\u00a0\u00bb4.27.4&Prime; _module_preset=\u00a0\u00bbdefault\u00a0\u00bb global_colors_info=\u00a0\u00bb{}\u00a0\u00bb][et_pb_text _builder_version=\u00a0\u00bb4.27.4&Prime; _module_preset=\u00a0\u00bbdefault\u00a0\u00bb text_font=\u00a0\u00bbAnton||||||||\u00a0\u00bb text_text_color=\u00a0\u00bb#ff6523&Prime; text_font_size=\u00a0\u00bb56px\u00a0\u00bb text_line_height=\u00a0\u00bb1.9em\u00a0\u00bb global_colors_info=\u00a0\u00bb{}\u00a0\u00bb]<\/p>\n<h2 style=\"text-align: center\"><span style=\"color: #ff6600\"><strong>ALL PLAY, ONE <\/strong><\/span><strong style=\"color: #ff6600;font-size: 26px\">TEAM<\/strong><\/h2>\n<p>[\/et_pb_text][\/et_pb_column][\/et_pb_row][et_pb_row _builder_version=\u00a0\u00bb4.27.4&Prime; _module_preset=\u00a0\u00bbdefault\u00a0\u00bb min_height=\u00a0\u00bb508.5px\u00a0\u00bb custom_margin=\u00a0\u00bb14px|auto||auto||\u00a0\u00bb custom_padding=\u00a0\u00bb118px|||||\u00a0\u00bb global_colors_info=\u00a0\u00bb{}\u00a0\u00bb][et_pb_column type=\u00a0\u00bb4_4&Prime; _builder_version=\u00a0\u00bb4.27.4&Prime; _module_preset=\u00a0\u00bbdefault\u00a0\u00bb global_colors_info=\u00a0\u00bb{}\u00a0\u00bb][et_pb_slider use_bg_overlay=\u00a0\u00bbon\u00a0\u00bb bg_overlay_color=\u00a0\u00bb#FFFFFF\u00a0\u00bb use_text_overlay=\u00a0\u00bboff\u00a0\u00bb _builder_version=\u00a0\u00bb4.27.4&Prime; _module_preset=\u00a0\u00bbcd8d782c-566a-41bd-be10-2a9d5569e3f3&Prime; header_text_color=\u00a0\u00bb#000000&Prime; background_color=\u00a0\u00bb#727272&Prime; background_video_mp4=\u00a0\u00bbhttps:\/\/3sport2025.ppawebdesign.com\/d1\/wp-content\/uploads\/sites\/16\/2025\/12\/Enregistrement-de-lecran-2025-12-02-a-19.24.11.mov\u00a0\u00bb background_video_webm=\u00a0\u00bbhttps:\/\/3sport2025.ppawebdesign.com\/d1\/wp-content\/uploads\/sites\/16\/2025\/12\/Enregistrement-de-lecran-2025-12-02-a-19.24.11.mov\u00a0\u00bb min_height=\u00a0\u00bb504.1px\u00a0\u00bb custom_margin=\u00a0\u00bb-104px|||||\u00a0\u00bb custom_padding=\u00a0\u00bb2px||1px|||\u00a0\u00bb border_radii_image=\u00a0\u00bboff||||\u00a0\u00bb global_colors_info=\u00a0\u00bb{}\u00a0\u00bb][et_pb_slide image=\u00a0\u00bbhttps:\/\/3sport2025.ppawebdesign.com\/d1\/wp-content\/uploads\/sites\/16\/2025\/12\/ALLPLAY.png\u00a0\u00bb _builder_version=\u00a0\u00bb4.27.4&Prime; _module_preset=\u00a0\u00bbdefault\u00a0\u00bb background_enable_color=\u00a0\u00bboff\u00a0\u00bb background_video_mp4=\u00a0\u00bbhttps:\/\/3sport2025.ppawebdesign.com\/d1\/wp-content\/uploads\/sites\/16\/2025\/12\/Enregistrement-de-lecran-2025-12-02-a-19.24.11.mov\u00a0\u00bb background_enable_video_mp4=\u00a0\u00bbon\u00a0\u00bb background_video_webm=\u00a0\u00bbhttps:\/\/3sport2025.ppawebdesign.com\/d1\/wp-content\/uploads\/sites\/16\/2025\/12\/Enregistrement-de-lecran-2025-12-02-a-19.24.11.mov\u00a0\u00bb background_enable_video_webm=\u00a0\u00bbon\u00a0\u00bb background_layout=\u00a0\u00bblight\u00a0\u00bb global_colors_info=\u00a0\u00bb{}\u00a0\u00bb sticky_transition=\u00a0\u00bbon\u00a0\u00bb]<\/p>\n<h3 data-start=\"116\" data-end=\"176\"><strong data-start=\"120\" data-end=\"176\">All Play \u2013 L\u2019agence \u00e9v\u00e9nementielle sportive nouvelle g\u00e9n\u00e9ration<\/strong><\/h3>\n<p><strong data-start=\"120\" data-end=\"176\"><\/strong><\/p>\n<p data-start=\"177\" data-end=\"506\">Nous cr\u00e9ons des exp\u00e9riences immersives qui rassemblent, inspirent et dynamisent les jeunes et les communaut\u00e9s \u00e9tudiantes.<\/p>\n<p data-start=\"177\" data-end=\"506\"><br data-start=\"298\" data-end=\"301\" \/>Notre mission : transformer chaque espace en <strong data-start=\"346\" data-end=\"364\">terrain de jeu<\/strong>, gr\u00e2ce \u00e0 des \u00e9v\u00e9nements innovants, interactifs et accessibles \u00e0 tous.<\/p>\n<p data-start=\"177\" data-end=\"506\"><br data-start=\"434\" data-end=\"437\" \/>Une seule vision : rendre le sport <strong data-start=\"472\" data-end=\"505\">vivant, inclusif et m\u00e9morable<\/strong>.<\/p>\n<hr data-start=\"508\" data-end=\"511\" \/>\n<p style=\"text-align: center\">\n<p>[\/et_pb_slide][et_pb_slide image=\u00a0\u00bbhttps:\/\/3sport2025.ppawebdesign.com\/d1\/wp-content\/uploads\/sites\/16\/2025\/12\/ALLPLAY.png\u00a0\u00bb _builder_version=\u00a0\u00bb4.27.4&Prime; _module_preset=\u00a0\u00bbdefault\u00a0\u00bb background_layout=\u00a0\u00bblight\u00a0\u00bb global_colors_info=\u00a0\u00bb{}\u00a0\u00bb sticky_transition=\u00a0\u00bbon\u00a0\u00bb]<\/p>\n<p class=\"p3\"><span class=\"s2\">Pour une \u00e9cole, une marque ou un partenaire sportif, notre expertise est l\u00e0 pour cr\u00e9er des moments uniques qui rassemblent et qui inspirent.<\/span><\/p>\n<p class=\"p2\"><span class=\"s2\"><\/span><\/p>\n<p class=\"p3\"><span class=\"s2\">All Play, c\u2019est :<\/span><\/p>\n<ul class=\"ul1\">\n<li class=\"li3\"><span class=\"s3\"><\/span><span class=\"s2\">Une \u00e9quipe passionn\u00e9e par le sport et l\u2019\u00e9v\u00e9nementiel<\/span><\/li>\n<li class=\"li3\"><span class=\"s3\"><\/span><span class=\"s2\">Une approche moderne et cr\u00e9ative<\/span><\/li>\n<li class=\"li3\"><span class=\"s3\"><\/span><span class=\"s2\">Des \u00e9v\u00e9nements adapt\u00e9s aux jeunes g\u00e9n\u00e9rations<\/span><\/li>\n<li class=\"li3\"><span class=\"s3\"><\/span><span class=\"s2\">Des exp\u00e9riences \u00e0 forte valeur \u00e9motionnelle et sociale<\/span><\/li>\n<\/ul>\n<p class=\"p2\"><span class=\"s2\"><\/span><\/p>\n<p class=\"p3\"><span class=\"s2\">All Play : Active le jeu. Inspire les gens. Rassemble les talents ! <\/span><\/p>\n<p>[\/et_pb_slide][\/et_pb_slider][et_pb_text _builder_version=\u00a0\u00bb4.27.4&Prime; _module_preset=\u00a0\u00bbdefault\u00a0\u00bb global_colors_info=\u00a0\u00bb{}\u00a0\u00bb][\/et_pb_text][\/et_pb_column][\/et_pb_row][et_pb_row column_structure=\u00a0\u00bb2_5,3_5&Prime; custom_padding_last_edited=\u00a0\u00bbon|phone\u00a0\u00bb _builder_version=\u00a0\u00bb4.27.4&Prime; _module_preset=\u00a0\u00bbdefault\u00a0\u00bb min_height=\u00a0\u00bb180.8px\u00a0\u00bb custom_margin_last_edited=\u00a0\u00bboff|desktop\u00a0\u00bb custom_padding=\u00a0\u00bb119px|||||\u00a0\u00bb custom_padding_tablet=\u00a0\u00bb119px|||||\u00a0\u00bb custom_padding_phone=\u00a0\u00bb0px||||false|false\u00a0\u00bb global_colors_info=\u00a0\u00bb{}\u00a0\u00bb][et_pb_column type=\u00a0\u00bb2_5&Prime; _builder_version=\u00a0\u00bb4.27.4&Prime; _module_preset=\u00a0\u00bbdefault\u00a0\u00bb global_colors_info=\u00a0\u00bb{}\u00a0\u00bb][et_pb_text _builder_version=\u00a0\u00bb4.27.4&Prime; _module_preset=\u00a0\u00bbdefault\u00a0\u00bb text_text_color=\u00a0\u00bb#FFFFFF\u00a0\u00bb text_font_size=\u00a0\u00bb50px\u00a0\u00bb min_height=\u00a0\u00bb51px\u00a0\u00bb custom_padding=\u00a0\u00bb||0px|||\u00a0\u00bb text_font_size_tablet=\u00a0\u00bb50px\u00a0\u00bb text_font_size_phone=\u00a0\u00bb46px\u00a0\u00bb text_font_size_last_edited=\u00a0\u00bbon|phone\u00a0\u00bb global_colors_info=\u00a0\u00bb{}\u00a0\u00bb]<\/p>\n<p><span>Nos VALEURS<\/span><span><\/span><\/p>\n<p><span><\/span><\/p>\n<p>[\/et_pb_text][et_pb_text _builder_version=\u00a0\u00bb4.27.4&Prime; _module_preset=\u00a0\u00bbdefault\u00a0\u00bb text_text_color=\u00a0\u00bb#FFFFFF\u00a0\u00bb custom_margin=\u00a0\u00bb-38px|||||\u00a0\u00bb custom_padding=\u00a0\u00bb0px|||||\u00a0\u00bb global_colors_info=\u00a0\u00bb{}\u00a0\u00bb]<\/p>\n<p><span>Faire le maximum (et plus) pour votre \u00e9v\u00e9nement<\/span><br data-start=\"234\" data-end=\"237\" \/><span>Notre agence d\u2019\u00e9v\u00e9nementiel se plie en quatre pour imaginer, d\u00e9passer, ajuster, sublimer et cr\u00e9er tous types d\u2019\u00e9v\u00e9nements professionnels.<\/span><\/p>\n<p>[\/et_pb_text][\/et_pb_column][et_pb_column type=\u00a0\u00bb3_5&Prime; _builder_version=\u00a0\u00bb4.27.4&Prime; _module_preset=\u00a0\u00bbdefault\u00a0\u00bb global_colors_info=\u00a0\u00bb{}\u00a0\u00bb][et_pb_counters _builder_version=\u00a0\u00bb4.27.4&Prime; _module_preset=\u00a0\u00bbdefault\u00a0\u00bb title_text_color=\u00a0\u00bb#FFFFFF\u00a0\u00bb percent_text_align=\u00a0\u00bbright\u00a0\u00bb width=\u00a0\u00bb100%\u00a0\u00bb custom_margin=\u00a0\u00bb|||-4px||\u00a0\u00bb text_shadow_style=\u00a0\u00bbpreset1&Prime; text_shadow_color=\u00a0\u00bb#FFFFFF\u00a0\u00bb global_colors_info=\u00a0\u00bb{}\u00a0\u00bb][et_pb_counter percent=\u00a0\u00bb100&Prime; bar_background_color=\u00a0\u00bb#ff7d21&Prime; _builder_version=\u00a0\u00bb4.27.4&Prime; _module_preset=\u00a0\u00bbdefault\u00a0\u00bb background_color=\u00a0\u00bb#FF9523&Prime; background_enable_color=\u00a0\u00bbon\u00a0\u00bb global_colors_info=\u00a0\u00bb{}\u00a0\u00bb bar_background_color_default=\u00a0\u00bb#7EBEC5&Prime; use_percentages=\u00a0\u00bbon\u00a0\u00bb]Accompagnement[\/et_pb_counter][et_pb_counter percent=\u00a0\u00bb100&Prime; bar_background_color=\u00a0\u00bb#ff7921&Prime; _builder_version=\u00a0\u00bb4.27.4&Prime; _module_preset=\u00a0\u00bbdefault\u00a0\u00bb background_color=\u00a0\u00bb#E88E20&Prime; background_enable_color=\u00a0\u00bbon\u00a0\u00bb text_orientation=\u00a0\u00bbleft\u00a0\u00bb global_colors_info=\u00a0\u00bb{}\u00a0\u00bb bar_background_color_default=\u00a0\u00bb#7EBEC5&Prime; use_percentages=\u00a0\u00bbon\u00a0\u00bb]Implication[\/et_pb_counter][et_pb_counter percent=\u00a0\u00bb100&Prime; bar_background_color=\u00a0\u00bb#ff7221&Prime; _builder_version=\u00a0\u00bb4.27.4&Prime; _module_preset=\u00a0\u00bbdefault\u00a0\u00bb text_orientation=\u00a0\u00bbleft\u00a0\u00bb global_colors_info=\u00a0\u00bb{}\u00a0\u00bb bar_background_color_default=\u00a0\u00bb#7EBEC5&Prime; use_percentages=\u00a0\u00bbon\u00a0\u00bb]R\u00e9activit\u00e9[\/et_pb_counter][\/et_pb_counters][\/et_pb_column][\/et_pb_row][et_pb_row _builder_version=\u00a0\u00bb4.27.4&Prime; _module_preset=\u00a0\u00bbdefault\u00a0\u00bb custom_margin=\u00a0\u00bb|auto|46px|auto||\u00a0\u00bb collapsed=\u00a0\u00bbon\u00a0\u00bb global_colors_info=\u00a0\u00bb{}\u00a0\u00bb][et_pb_column type=\u00a0\u00bb4_4&Prime; _builder_version=\u00a0\u00bb4.27.4&Prime; _module_preset=\u00a0\u00bbdefault\u00a0\u00bb global_colors_info=\u00a0\u00bb{}\u00a0\u00bb][et_pb_image src=\u00a0\u00bbhttps:\/\/3sport2025.ppawebdesign.com\/d1\/wp-content\/uploads\/sites\/16\/2025\/12\/Presentation-sport-basketball-moderne-orange-bleu.jpeg\u00a0\u00bb title_text=\u00a0\u00bbPr\u00e9sentation sport basketball moderne orange bleu\u00a0\u00bb url=\u00a0\u00bbhttps:\/\/3sport2025.ppawebdesign.com\/d1\/contact\/\u00a0\u00bb _builder_version=\u00a0\u00bb4.27.4&Prime; _module_preset=\u00a0\u00bbdefault\u00a0\u00bb custom_margin=\u00a0\u00bb45px||120px|||\u00a0\u00bb custom_margin_tablet=\u00a0\u00bb45px||120px|||\u00a0\u00bb custom_margin_phone=\u00a0\u00bb0px||52px||false|false\u00a0\u00bb custom_margin_last_edited=\u00a0\u00bbon|phone\u00a0\u00bb custom_padding=\u00a0\u00bb0px|||||\u00a0\u00bb hover_enabled=\u00a0\u00bb0&Prime; global_colors_info=\u00a0\u00bb{}\u00a0\u00bb sticky_enabled=\u00a0\u00bb0&Prime;][\/et_pb_image][et_pb_text _builder_version=\u00a0\u00bb4.27.4&Prime; _module_preset=\u00a0\u00bbdefault\u00a0\u00bb text_font=\u00a0\u00bbAnton||||||||\u00a0\u00bb text_text_color=\u00a0\u00bb#FFFFFF\u00a0\u00bb custom_padding=\u00a0\u00bb||1px|||\u00a0\u00bb custom_padding_tablet=\u00a0\u00bb||1px|||\u00a0\u00bb custom_padding_phone=\u00a0\u00bb0px||1px||false|false\u00a0\u00bb custom_padding_last_edited=\u00a0\u00bbon|phone\u00a0\u00bb global_colors_info=\u00a0\u00bb{}\u00a0\u00bb]<\/p>\n<p><span class=\"a_GcMg font-feature-liga-off font-feature-clig-off font-feature-calt-off text-decoration-none text-strikethrough-none\">Chez All Play, on croit \u00e0 la force du collectif. Notre agence s\u2019est construite autour d\u2019un principe simple : quand chacun joue son r\u00f4le, l\u2019\u00e9quipe gagne.<\/span><\/p>\n<p>[\/et_pb_text][\/et_pb_column][\/et_pb_row][\/et_pb_section][et_pb_section fb_built=\u00a0\u00bb1&Prime; _builder_version=\u00a0\u00bb4.27.4&Prime; _module_preset=\u00a0\u00bbdefault\u00a0\u00bb min_height=\u00a0\u00bb212.8px\u00a0\u00bb custom_margin=\u00a0\u00bb-104px|||||\u00a0\u00bb custom_padding=\u00a0\u00bb||0px|||\u00a0\u00bb global_colors_info=\u00a0\u00bb{}\u00a0\u00bb][et_pb_row column_structure=\u00a0\u00bb1_6,1_6,1_6,1_6,1_6,1_6&Prime; make_equal=\u00a0\u00bbon\u00a0\u00bb _builder_version=\u00a0\u00bb4.27.4&Prime; _module_preset=\u00a0\u00bbdefault\u00a0\u00bb width=\u00a0\u00bb87.6%\u00a0\u00bb width_tablet=\u00a0\u00bb87.6%\u00a0\u00bb width_phone=\u00a0\u00bb44.2%\u00a0\u00bb width_last_edited=\u00a0\u00bbon|phone\u00a0\u00bb max_width=\u00a0\u00bb1195px\u00a0\u00bb min_height=\u00a0\u00bb171.4px\u00a0\u00bb min_height_tablet=\u00a0\u00bb45px\u00a0\u00bb min_height_phone=\u00a0\u00bb45px\u00a0\u00bb min_height_last_edited=\u00a0\u00bbon|phone\u00a0\u00bb custom_margin=\u00a0\u00bb3px|auto||auto||\u00a0\u00bb custom_padding=\u00a0\u00bb15px||0px|||\u00a0\u00bb global_colors_info=\u00a0\u00bb{}\u00a0\u00bb][et_pb_column type=\u00a0\u00bb1_6&Prime; _builder_version=\u00a0\u00bb4.27.4&Prime; _module_preset=\u00a0\u00bbdefault\u00a0\u00bb global_colors_info=\u00a0\u00bb{}\u00a0\u00bb][\/et_pb_column][et_pb_column type=\u00a0\u00bb1_6&Prime; _builder_version=\u00a0\u00bb4.27.4&Prime; _module_preset=\u00a0\u00bbdefault\u00a0\u00bb global_colors_info=\u00a0\u00bb{}\u00a0\u00bb][et_pb_image src=\u00a0\u00bbhttps:\/\/3sport2025.ppawebdesign.com\/d1\/wp-content\/uploads\/sites\/16\/2025\/12\/Vinted_logo.png\u00a0\u00bb alt=\u00a0\u00bbVinted\u00a0\u00bb title_text=\u00a0\u00bbVinted_logo\u00a0\u00bb url=\u00a0\u00bbhttps:\/\/www.vinted.fr\u00a0\u00bb align=\u00a0\u00bbcenter\u00a0\u00bb _builder_version=\u00a0\u00bb4.27.4&Prime; _module_preset=\u00a0\u00bbdefault\u00a0\u00bb custom_margin=\u00a0\u00bb1px|-31px||-18px|false|false\u00a0\u00bb custom_padding=\u00a0\u00bb|14px|25px|2px|false|false\u00a0\u00bb global_colors_info=\u00a0\u00bb{}\u00a0\u00bb][\/et_pb_image][\/et_pb_column][et_pb_column type=\u00a0\u00bb1_6&Prime; _builder_version=\u00a0\u00bb4.27.4&Prime; _module_preset=\u00a0\u00bbdefault\u00a0\u00bb global_colors_info=\u00a0\u00bb{}\u00a0\u00bb][et_pb_image src=\u00a0\u00bbhttps:\/\/3sport2025.ppawebdesign.com\/d1\/wp-content\/uploads\/sites\/16\/2025\/12\/PPA_Sport_Logo_sans_baseline.png.png\u00a0\u00bb alt=\u00a0\u00bbPPA SPORT\u00a0\u00bb title_text=\u00a0\u00bbPPA_Sport_Logo_sans_baseline.png\u00a0\u00bb url=\u00a0\u00bbhttps:\/\/www.ppa-sport.fr\u00a0\u00bb align=\u00a0\u00bbcenter\u00a0\u00bb _builder_version=\u00a0\u00bb4.27.4&Prime; _module_preset=\u00a0\u00bbdefault\u00a0\u00bb width=\u00a0\u00bb104.6%\u00a0\u00bb custom_margin=\u00a0\u00bb|-1px||||\u00a0\u00bb custom_padding=\u00a0\u00bb|3px||||\u00a0\u00bb global_colors_info=\u00a0\u00bb{}\u00a0\u00bb][\/et_pb_image][\/et_pb_column][et_pb_column type=\u00a0\u00bb1_6&Prime; _builder_version=\u00a0\u00bb4.27.4&Prime; _module_preset=\u00a0\u00bbdefault\u00a0\u00bb global_colors_info=\u00a0\u00bb{}\u00a0\u00bb][et_pb_image src=\u00a0\u00bbhttps:\/\/3sport2025.ppawebdesign.com\/d1\/wp-content\/uploads\/sites\/16\/2025\/12\/Logo_Carrefour.svg_.png\u00a0\u00bb alt=\u00a0\u00bbCarrefour\u00a0\u00bb title_text=\u00a0\u00bbLogo_Carrefour.svg\u00a0\u00bb url=\u00a0\u00bbhttps:\/\/www.carrefour.fr\u00a0\u00bb align=\u00a0\u00bbcenter\u00a0\u00bb _builder_version=\u00a0\u00bb4.27.4&Prime; _module_preset=\u00a0\u00bbdefault\u00a0\u00bb custom_margin=\u00a0\u00bb|-32px||0px|false|false\u00a0\u00bb custom_margin_tablet=\u00a0\u00bb|-32px||0px|false|false\u00a0\u00bb custom_margin_phone=\u00a0\u00bb|-25px||0px|false|false\u00a0\u00bb custom_margin_last_edited=\u00a0\u00bbon|phone\u00a0\u00bb custom_padding=\u00a0\u00bb|43px|||false|false\u00a0\u00bb global_colors_info=\u00a0\u00bb{}\u00a0\u00bb custom_margin__hover_enabled=\u00a0\u00bbon|desktop\u00a0\u00bb custom_margin__hover=\u00a0\u00bb|-32px||0px|false|false\u00a0\u00bb][\/et_pb_image][\/et_pb_column][et_pb_column type=\u00a0\u00bb1_6&Prime; _builder_version=\u00a0\u00bb4.27.4&Prime; _module_preset=\u00a0\u00bbdefault\u00a0\u00bb global_colors_info=\u00a0\u00bb{}\u00a0\u00bb][et_pb_image src=\u00a0\u00bbhttps:\/\/3sport2025.ppawebdesign.com\/d1\/wp-content\/uploads\/sites\/16\/2025\/12\/1699950827457.png\u00a0\u00bb alt=\u00a0\u00bbPoulet Brais\u00e9\u00a0\u00bb title_text=\u00a0\u00bb1699950827457&Prime; url=\u00a0\u00bbhttps:\/\/pbpouletbraise.fr\u00a0\u00bb align_tablet=\u00a0\u00bb\u00a0\u00bb align_phone=\u00a0\u00bbcenter\u00a0\u00bb align_last_edited=\u00a0\u00bbon|desktop\u00a0\u00bb _builder_version=\u00a0\u00bb4.27.4&Prime; _module_preset=\u00a0\u00bbdefault\u00a0\u00bb width=\u00a0\u00bb132%\u00a0\u00bb max_width=\u00a0\u00bb100%\u00a0\u00bb module_alignment=\u00a0\u00bbleft\u00a0\u00bb custom_margin=\u00a0\u00bb0px|-51px||-40px||\u00a0\u00bb custom_padding=\u00a0\u00bb|1px|0px|1px|false|false\u00a0\u00bb global_colors_info=\u00a0\u00bb{}\u00a0\u00bb][\/et_pb_image][\/et_pb_column][et_pb_column type=\u00a0\u00bb1_6&Prime; _builder_version=\u00a0\u00bb4.27.4&Prime; _module_preset=\u00a0\u00bbdefault\u00a0\u00bb global_colors_info=\u00a0\u00bb{}\u00a0\u00bb][\/et_pb_column][\/et_pb_row][\/et_pb_section]<\/p>\n","protected":false},"excerpt":{"rendered":"<p>ALL PLAY, ONE TEAMAll Play \u2013 L\u2019agence \u00e9v\u00e9nementielle sportive nouvelle g\u00e9n\u00e9ration Nous cr\u00e9ons des exp\u00e9riences immersives qui rassemblent, inspirent et dynamisent les jeunes et les communaut\u00e9s \u00e9tudiantes. Notre mission : transformer chaque espace en terrain de jeu, gr\u00e2ce \u00e0 des \u00e9v\u00e9nements innovants, interactifs et accessibles \u00e0 tous. Une seule vision : rendre le sport vivant, [&hellip;]<\/p>\n","protected":false},"author":84,"featured_media":0,"parent":0,"menu_order":0,"comment_status":"closed","ping_status":"closed","template":"","meta":{"_et_pb_use_builder":"on","_et_pb_old_content":"","_et_gb_content_width":"","footnotes":""},"class_list":["post-11","page","type-page","status-publish","hentry"],"yoast_head":"<!-- This site is optimized with the Yoast SEO plugin v26.5 - https:\/\/yoast.com\/wordpress\/plugins\/seo\/ -->\n<title>All Play \u2013 All Play One Team<\/title>\n<meta name=\"description\" content=\"All Play One Team \u2013 Activation sportive immersive : des \u00e9v\u00e9nements interactifs, inclusifs et m\u00e9morables \u00e0 chaque fois.\" \/>\n<meta name=\"robots\" content=\"index, follow, max-snippet:-1, max-image-preview:large, max-video-preview:-1\" \/>\n<link rel=\"canonical\" href=\"https:\/\/3sport2025.ppawebdesign.com\/d1\/all-play-agency-one-team\/\" \/>\n<meta property=\"og:locale\" content=\"fr_FR\" \/>\n<meta property=\"og:type\" content=\"article\" \/>\n<meta property=\"og:title\" content=\"All Play \u2013 All Play One Team\" \/>\n<meta property=\"og:description\" content=\"All Play One Team \u2013 Activation sportive immersive : des \u00e9v\u00e9nements interactifs, inclusifs et m\u00e9morables \u00e0 chaque fois.\" \/>\n<meta property=\"og:url\" content=\"https:\/\/3sport2025.ppawebdesign.com\/d1\/all-play-agency-one-team\/\" \/>\n<meta property=\"og:site_name\" content=\"D1\" \/>\n<meta property=\"article:modified_time\" content=\"2025-12-05T09:27:54+00:00\" \/>\n<meta name=\"twitter:card\" content=\"summary_large_image\" \/>\n<meta name=\"twitter:label1\" content=\"Dur\u00e9e de lecture estim\u00e9e\" \/>\n\t<meta name=\"twitter:data1\" content=\"3 minutes\" \/>\n<script type=\"application\/ld+json\" class=\"yoast-schema-graph\">{\"@context\":\"https:\/\/schema.org\",\"@graph\":[{\"@type\":\"WebPage\",\"@id\":\"https:\/\/3sport2025.ppawebdesign.com\/d1\/all-play-agency-one-team\/\",\"url\":\"https:\/\/3sport2025.ppawebdesign.com\/d1\/all-play-agency-one-team\/\",\"name\":\"All Play \u2013 All Play One Team\",\"isPartOf\":{\"@id\":\"https:\/\/3sport2025.ppawebdesign.com\/d1\/#website\"},\"datePublished\":\"2025-12-02T10:02:58+00:00\",\"dateModified\":\"2025-12-05T09:27:54+00:00\",\"description\":\"All Play One Team \u2013 Activation sportive immersive : des \u00e9v\u00e9nements interactifs, inclusifs et m\u00e9morables \u00e0 chaque fois.\",\"breadcrumb\":{\"@id\":\"https:\/\/3sport2025.ppawebdesign.com\/d1\/all-play-agency-one-team\/#breadcrumb\"},\"inLanguage\":\"fr-FR\",\"potentialAction\":[{\"@type\":\"ReadAction\",\"target\":[\"https:\/\/3sport2025.ppawebdesign.com\/d1\/all-play-agency-one-team\/\"]}]},{\"@type\":\"BreadcrumbList\",\"@id\":\"https:\/\/3sport2025.ppawebdesign.com\/d1\/all-play-agency-one-team\/#breadcrumb\",\"itemListElement\":[{\"@type\":\"ListItem\",\"position\":1,\"name\":\"Accueil\",\"item\":\"https:\/\/3sport2025.ppawebdesign.com\/d1\/\"},{\"@type\":\"ListItem\",\"position\":2,\"name\":\"ALL PLAY AGENCY\"}]},{\"@type\":\"WebSite\",\"@id\":\"https:\/\/3sport2025.ppawebdesign.com\/d1\/#website\",\"url\":\"https:\/\/3sport2025.ppawebdesign.com\/d1\/\",\"name\":\"D1\",\"description\":\"\",\"potentialAction\":[{\"@type\":\"SearchAction\",\"target\":{\"@type\":\"EntryPoint\",\"urlTemplate\":\"https:\/\/3sport2025.ppawebdesign.com\/d1\/?s={search_term_string}\"},\"query-input\":{\"@type\":\"PropertyValueSpecification\",\"valueRequired\":true,\"valueName\":\"search_term_string\"}}],\"inLanguage\":\"fr-FR\"}]}<\/script>\n<!-- \/ Yoast SEO plugin. -->","yoast_head_json":{"title":"All Play \u2013 All Play One Team","description":"All Play One Team \u2013 Activation sportive immersive : des \u00e9v\u00e9nements interactifs, inclusifs et m\u00e9morables \u00e0 chaque fois.","robots":{"index":"index","follow":"follow","max-snippet":"max-snippet:-1","max-image-preview":"max-image-preview:large","max-video-preview":"max-video-preview:-1"},"canonical":"https:\/\/3sport2025.ppawebdesign.com\/d1\/all-play-agency-one-team\/","og_locale":"fr_FR","og_type":"article","og_title":"All Play \u2013 All Play One Team","og_description":"All Play One Team \u2013 Activation sportive immersive : des \u00e9v\u00e9nements interactifs, inclusifs et m\u00e9morables \u00e0 chaque fois.","og_url":"https:\/\/3sport2025.ppawebdesign.com\/d1\/all-play-agency-one-team\/","og_site_name":"D1","article_modified_time":"2025-12-05T09:27:54+00:00","twitter_card":"summary_large_image","twitter_misc":{"Dur\u00e9e de lecture estim\u00e9e":"3 minutes"},"schema":{"@context":"https:\/\/schema.org","@graph":[{"@type":"WebPage","@id":"https:\/\/3sport2025.ppawebdesign.com\/d1\/all-play-agency-one-team\/","url":"https:\/\/3sport2025.ppawebdesign.com\/d1\/all-play-agency-one-team\/","name":"All Play \u2013 All Play One Team","isPartOf":{"@id":"https:\/\/3sport2025.ppawebdesign.com\/d1\/#website"},"datePublished":"2025-12-02T10:02:58+00:00","dateModified":"2025-12-05T09:27:54+00:00","description":"All Play One Team \u2013 Activation sportive immersive : des \u00e9v\u00e9nements interactifs, inclusifs et m\u00e9morables \u00e0 chaque fois.","breadcrumb":{"@id":"https:\/\/3sport2025.ppawebdesign.com\/d1\/all-play-agency-one-team\/#breadcrumb"},"inLanguage":"fr-FR","potentialAction":[{"@type":"ReadAction","target":["https:\/\/3sport2025.ppawebdesign.com\/d1\/all-play-agency-one-team\/"]}]},{"@type":"BreadcrumbList","@id":"https:\/\/3sport2025.ppawebdesign.com\/d1\/all-play-agency-one-team\/#breadcrumb","itemListElement":[{"@type":"ListItem","position":1,"name":"Accueil","item":"https:\/\/3sport2025.ppawebdesign.com\/d1\/"},{"@type":"ListItem","position":2,"name":"ALL PLAY AGENCY"}]},{"@type":"WebSite","@id":"https:\/\/3sport2025.ppawebdesign.com\/d1\/#website","url":"https:\/\/3sport2025.ppawebdesign.com\/d1\/","name":"D1","description":"","potentialAction":[{"@type":"SearchAction","target":{"@type":"EntryPoint","urlTemplate":"https:\/\/3sport2025.ppawebdesign.com\/d1\/?s={search_term_string}"},"query-input":{"@type":"PropertyValueSpecification","valueRequired":true,"valueName":"search_term_string"}}],"inLanguage":"fr-FR"}]}},"_links":{"self":[{"href":"https:\/\/3sport2025.ppawebdesign.com\/d1\/wp-json\/wp\/v2\/pages\/11","targetHints":{"allow":["GET"]}}],"collection":[{"href":"https:\/\/3sport2025.ppawebdesign.com\/d1\/wp-json\/wp\/v2\/pages"}],"about":[{"href":"https:\/\/3sport2025.ppawebdesign.com\/d1\/wp-json\/wp\/v2\/types\/page"}],"author":[{"embeddable":true,"href":"https:\/\/3sport2025.ppawebdesign.com\/d1\/wp-json\/wp\/v2\/users\/84"}],"replies":[{"embeddable":true,"href":"https:\/\/3sport2025.ppawebdesign.com\/d1\/wp-json\/wp\/v2\/comments?post=11"}],"version-history":[{"count":53,"href":"https:\/\/3sport2025.ppawebdesign.com\/d1\/wp-json\/wp\/v2\/pages\/11\/revisions"}],"predecessor-version":[{"id":636,"href":"https:\/\/3sport2025.ppawebdesign.com\/d1\/wp-json\/wp\/v2\/pages\/11\/revisions\/636"}],"wp:attachment":[{"href":"https:\/\/3sport2025.ppawebdesign.com\/d1\/wp-json\/wp\/v2\/media?parent=11"}],"curies":[{"name":"wp","href":"https:\/\/api.w.org\/{rel}","templated":true}]}}