{"id":15,"date":"2025-12-02T11:03:39","date_gmt":"2025-12-02T10:03:39","guid":{"rendered":"https:\/\/3sport2025.ppawebdesign.com\/d1\/?page_id=15"},"modified":"2025-12-04T19:48:53","modified_gmt":"2025-12-04T18:48:53","slug":"realisations","status":"publish","type":"page","link":"https:\/\/3sport2025.ppawebdesign.com\/d1\/realisations\/","title":{"rendered":"FOOTBACC"},"content":{"rendered":"<p>[et_pb_section fb_built=\u00a0\u00bb1&Prime; _builder_version=\u00a0\u00bb4.27.4&Prime; _module_preset=\u00a0\u00bbdefault\u00a0\u00bb background_image=\u00a0\u00bbhttps:\/\/3sport2025.ppawebdesign.com\/d1\/wp-content\/uploads\/sites\/16\/2025\/12\/441b88bada18072654f9a3827933fa31.jpg\u00a0\u00bb global_colors_info=\u00a0\u00bb{}\u00a0\u00bb][et_pb_row column_structure=\u00a0\u00bb2_5,3_5&Prime; _builder_version=\u00a0\u00bb4.27.4&Prime; _module_preset=\u00a0\u00bbdefault\u00a0\u00bb global_colors_info=\u00a0\u00bb{}\u00a0\u00bb][et_pb_column type=\u00a0\u00bb2_5&Prime; _builder_version=\u00a0\u00bb4.27.4&Prime; _module_preset=\u00a0\u00bbdefault\u00a0\u00bb global_colors_info=\u00a0\u00bb{}\u00a0\u00bb][et_pb_image src=\u00a0\u00bbhttps:\/\/3sport2025.ppawebdesign.com\/d1\/wp-content\/uploads\/sites\/16\/2025\/12\/Capture-decran-2025-12-03-a-14.51.39.png\u00a0\u00bb _builder_version=\u00a0\u00bb4.27.4&Prime; _module_preset=\u00a0\u00bbdefault\u00a0\u00bb hover_enabled=\u00a0\u00bb0&Prime; sticky_enabled=\u00a0\u00bb0&Prime;][\/et_pb_image][\/et_pb_column][et_pb_column type=\u00a0\u00bb3_5&Prime; _builder_version=\u00a0\u00bb4.27.4&Prime; _module_preset=\u00a0\u00bbdefault\u00a0\u00bb global_colors_info=\u00a0\u00bb{}\u00a0\u00bb][et_pb_text _builder_version=\u00a0\u00bb4.27.4&Prime; _module_preset=\u00a0\u00bbdefault\u00a0\u00bb global_colors_info=\u00a0\u00bb{}\u00a0\u00bb]<\/p>\n<p style=\"text-align: center\"><span style=\"color: #ff9523\"><strong><span style=\"font-size: xx-large\"><\/span><\/strong><\/span><\/p>\n<p style=\"text-align: center\"><span style=\"color: #ff9523\"><strong><span style=\"font-size: xx-large\"><\/span><\/strong><\/span><\/p>\n<p style=\"text-align: center\"><span style=\"color: #ff9523\"><strong><span style=\"font-size: xx-large\"><\/span><\/strong><\/span><\/p>\n<p style=\"text-align: center\"><span style=\"color: #ff9523\"><strong><span style=\"font-size: xx-large\"><\/span><\/strong><\/span><\/p>\n<p style=\"text-align: center\"><span style=\"color: #ff9523\"><strong><span style=\"font-size: xx-large\"><\/span><\/strong><\/span><\/p>\n<p style=\"text-align: center\"><span style=\"color: #ff9523\"><strong><span style=\"font-size: xx-large\"><\/span><\/strong><\/span><\/p>\n<p style=\"text-align: center\"><span style=\"color: #ff9523\"><strong><span style=\"font-size: xx-large\"><\/span><\/strong><\/span><\/p>\n<p style=\"text-align: center\"><span style=\"color: #ff9523\"><strong><span style=\"font-size: xx-large\">NOTRE EVENEMENT : FOOTBACC\u00a0<\/span><\/strong><\/span><\/p>\n<p style=\"text-align: center\"><span style=\"color: #ff9523\"><strong><span style=\"font-size: xx-large\"><\/span><\/strong><\/span><\/p>\n<p>&nbsp;<\/p>\n<p><span style=\"color: #ffffff;font-size: large\">Le premier \u00e9v\u00e8nement organiser par notre agence s&rsquo;appelle \u00ab\u00a0FootBacc\u00a0\u00bb. C&rsquo;est un jeu d\u00e9di\u00e9 aux \u00e9tudiants et qui m\u00e9lange r\u00e9flexion et sport.<\/span><\/p>\n<p><span style=\"color: #ffffff;font-size: large\">Le concept est simple : <span class=\"a_GcMg font-feature-liga-off font-feature-clig-off font-feature-calt-off text-decoration-none text-strikethrough-none\">R\u00e9aliser un parcours de \u201cBaccalaur\u00e9at sportif\u201d le plus rapidement possible. Chaque groupe tire une lettre, puis r\u00e9alise les \u00e9preuves correspondant aux cat\u00e9gories sportives. L\u2019\u00e9quipe avec le meilleur chrono global en fin de journ\u00e9e remporte le challenge.<\/span><\/span><\/p>\n<p>_____________________________________________________________________________________________________<span style=\"color: #ffffff;font-size: large\"><span class=\"a_GcMg font-feature-liga-off font-feature-clig-off font-feature-calt-off text-decoration-none text-strikethrough-none\"><\/span><\/span><\/p>\n<p>&nbsp;<\/p>\n<p><span style=\"color: #ffffff\"><span class=\"a_GcMg font-feature-liga-off font-feature-clig-off font-feature-calt-off text-decoration-none text-strikethrough-none\"><\/span><\/span><\/p>\n<p>[\/et_pb_text][\/et_pb_column][\/et_pb_row][et_pb_row column_structure=\u00a0\u00bb3_5,2_5&Prime; make_equal=\u00a0\u00bbon\u00a0\u00bb custom_padding_last_edited=\u00a0\u00bboff|phone\u00a0\u00bb _builder_version=\u00a0\u00bb4.27.4&Prime; _module_preset=\u00a0\u00bbdefault\u00a0\u00bb custom_padding=\u00a0\u00bb10%|30px|||false|false\u00a0\u00bb global_colors_info=\u00a0\u00bb{}\u00a0\u00bb min_height=\u00a0\u00bb781px\u00a0\u00bb][et_pb_column type=\u00a0\u00bb3_5&Prime; _builder_version=\u00a0\u00bb4.27.4&Prime; _module_preset=\u00a0\u00bbdefault\u00a0\u00bb global_colors_info=\u00a0\u00bb{}\u00a0\u00bb][et_pb_text _builder_version=\u00a0\u00bb4.27.4&Prime; _module_preset=\u00a0\u00bbdefault\u00a0\u00bb min_height=\u00a0\u00bb451px\u00a0\u00bb custom_padding=\u00a0\u00bb2.8%||||false|false\u00a0\u00bb global_colors_info=\u00a0\u00bb{}\u00a0\u00bb]<\/p>\n<p style=\"font-size: 14px;background-image: none\"><span style=\"font-size: large;background-image: none;color: #ffffff\"><\/span><\/p>\n<p style=\"font-size: 14px;background-image: none\"><span style=\"font-size: large;background-image: none;color: #ffffff\"><\/span><\/p>\n<p style=\"font-size: 14px;background-image: none\"><span style=\"font-size: large;background-image: none;color: #ffffff\"><\/span><\/p>\n<p style=\"font-size: 14px;background-image: none\"><span style=\"font-size: large;background-image: none;color: #ffffff\"><\/span><\/p>\n<p style=\"font-size: 14px;background-image: none\"><span style=\"font-size: large;background-image: none;color: #ffffff\"><\/span><\/p>\n<p style=\"font-size: 14px;background-image: none\"><span style=\"font-size: large;background-image: none;color: #ffffff\">Les r\u00e8gles : chaque \u00e9quipe tire une lettre et r\u00e9alise un passage en effectuant une \u00e9preuve de foot. Chaque \u00e9quipe compte 3 \u00e0 4 participants et celle avec l&rsquo;\u00e9quipe la plus rapide gagne.<\/span><\/p>\n<p><span style=\"color: #ffffff;font-size: large\">Dans le baccalaur\u00e9at il y aura plusieurs cat\u00e9gories \u00e0 remplir tel que des noms de joueurs\/joueuses de foot ou des pays ayant particip\u00e9 \u00e0 la Coupe du Monde 2022.<\/span><\/p>\n<p>__________________________________________________________________________________________________<span style=\"color: #ffffff;font-size: large\"><\/span><\/p>\n<p><span style=\"color: #ffffff;font-size: large\"><\/span><\/p>\n<p><span style=\"color: #ffffff;font-size: large\"><\/span><\/p>\n<p><span style=\"color: #ffffff;font-size: large\"><\/span><\/p>\n<p><span style=\"color: #ffffff;font-size: large\"><\/span><\/p>\n<p><span style=\"color: #ffffff\"><\/span><\/p>\n<p>&nbsp;<\/p>\n<p>[\/et_pb_text][\/et_pb_column][et_pb_column type=\u00a0\u00bb2_5&Prime; _builder_version=\u00a0\u00bb4.27.4&Prime; _module_preset=\u00a0\u00bbdefault\u00a0\u00bb global_colors_info=\u00a0\u00bb{}\u00a0\u00bb][et_pb_image src=\u00a0\u00bbhttps:\/\/3sport2025.ppawebdesign.com\/d1\/wp-content\/uploads\/sites\/16\/2025\/12\/AFFICHE-CONSIGNES-.png\u00a0\u00bb _builder_version=\u00a0\u00bb4.27.4&Prime; _module_preset=\u00a0\u00bbdefault\u00a0\u00bb hover_enabled=\u00a0\u00bb0&Prime; sticky_enabled=\u00a0\u00bb0&Prime;][\/et_pb_image][\/et_pb_column][\/et_pb_row][et_pb_row column_structure=\u00a0\u00bb2_5,3_5&Prime; _builder_version=\u00a0\u00bb4.27.4&Prime; _module_preset=\u00a0\u00bbdefault\u00a0\u00bb global_colors_info=\u00a0\u00bb{}\u00a0\u00bb][et_pb_column type=\u00a0\u00bb2_5&Prime; _builder_version=\u00a0\u00bb4.27.4&Prime; _module_preset=\u00a0\u00bbdefault\u00a0\u00bb global_colors_info=\u00a0\u00bb{}\u00a0\u00bb][et_pb_image src=\u00a0\u00bbhttps:\/\/3sport2025.ppawebdesign.com\/d1\/wp-content\/uploads\/sites\/16\/2025\/12\/LOTS-.png\u00a0\u00bb _builder_version=\u00a0\u00bb4.27.4&Prime; _module_preset=\u00a0\u00bbdefault\u00a0\u00bb hover_enabled=\u00a0\u00bb0&Prime; sticky_enabled=\u00a0\u00bb0&Prime;][\/et_pb_image][\/et_pb_column][et_pb_column type=\u00a0\u00bb3_5&Prime; _builder_version=\u00a0\u00bb4.27.4&Prime; _module_preset=\u00a0\u00bbdefault\u00a0\u00bb global_colors_info=\u00a0\u00bb{}\u00a0\u00bb][et_pb_text _builder_version=\u00a0\u00bb4.27.4&Prime; _module_preset=\u00a0\u00bbdefault\u00a0\u00bb global_colors_info=\u00a0\u00bb{}\u00a0\u00bb]<\/p>\n<p><span style=\"color: #ffffff\"><\/span><\/p>\n<p><span style=\"color: #ffffff\"><\/span><\/p>\n<p><span style=\"color: #ffffff\"><\/span><\/p>\n<p><span style=\"color: #ffffff\"><\/span><\/p>\n<p><span style=\"color: #ffffff;font-size: large\"><\/span><\/p>\n<p><span style=\"color: #ffffff;font-size: large\"><\/span><\/p>\n<p><span style=\"color: #ffffff;font-size: large\"><\/span><\/p>\n<p><span style=\"color: #ffffff;font-size: large\"><\/span><\/p>\n<p><span style=\"color: #ffffff;font-size: large\"><\/span><\/p>\n<p><span style=\"color: #ffffff;font-size: large\">Diff\u00e9rents lots sont \u00e0 la cl\u00e9. Pour la troisi\u00e8me place, les gagnants b\u00e9n\u00e9ficieront d&rsquo;un menu gratuit chez Poulet Brais\u00e9. Pour la deuxi\u00e8me place, deux places pour aller voir un match du Paris Basket. Et enfin pour les gagnants, un maillot du PSG de la saison 2025\/2026 !<\/span><\/p>\n<p>_____________________________________________________________________________________________________<span style=\"color: #ffffff;font-size: large\"><\/span><\/p>\n<p><span style=\"color: #ffffff\"><\/span><\/p>\n<p><span style=\"color: #ffffff\"><\/span><\/p>\n<p>[\/et_pb_text][\/et_pb_column][\/et_pb_row][\/et_pb_section]<\/p>\n","protected":false},"excerpt":{"rendered":"<p>NOTRE EVENEMENT : FOOTBACC\u00a0 &nbsp; Le premier \u00e9v\u00e8nement organiser par notre agence s&rsquo;appelle \u00ab\u00a0FootBacc\u00a0\u00bb. C&rsquo;est un jeu d\u00e9di\u00e9 aux \u00e9tudiants et qui m\u00e9lange r\u00e9flexion et sport. Le concept est simple : R\u00e9aliser un parcours de \u201cBaccalaur\u00e9at sportif\u201d le plus rapidement possible. Chaque groupe tire une lettre, puis r\u00e9alise les \u00e9preuves correspondant aux cat\u00e9gories sportives. L\u2019\u00e9quipe [&hellip;]<\/p>\n","protected":false},"author":84,"featured_media":0,"parent":0,"menu_order":0,"comment_status":"closed","ping_status":"closed","template":"","meta":{"_et_pb_use_builder":"on","_et_pb_old_content":"","_et_gb_content_width":"","footnotes":""},"class_list":["post-15","page","type-page","status-publish","hentry"],"yoast_head":"<!-- This site is optimized with the Yoast SEO plugin v26.5 - https:\/\/yoast.com\/wordpress\/plugins\/seo\/ -->\n<title>All Play - \u00e9v\u00e9nement FOOTBACC<\/title>\n<meta name=\"description\" content=\"Participez \u00e0 Footbacc avec All Play Events : \u00e9v\u00e9nement sportif immersif autour du football, pour vivre des exp\u00e9riences uniques et collectives.\" \/>\n<meta name=\"robots\" content=\"index, follow, max-snippet:-1, max-image-preview:large, max-video-preview:-1\" \/>\n<link rel=\"canonical\" href=\"https:\/\/3sport2025.ppawebdesign.com\/d1\/realisations\/\" \/>\n<meta property=\"og:locale\" content=\"fr_FR\" \/>\n<meta property=\"og:type\" content=\"article\" \/>\n<meta property=\"og:title\" content=\"All Play - \u00e9v\u00e9nement FOOTBACC\" \/>\n<meta property=\"og:description\" content=\"Participez \u00e0 Footbacc avec All Play Events : \u00e9v\u00e9nement sportif immersif autour du football, pour vivre des exp\u00e9riences uniques et collectives.\" \/>\n<meta property=\"og:url\" content=\"https:\/\/3sport2025.ppawebdesign.com\/d1\/realisations\/\" \/>\n<meta property=\"og:site_name\" content=\"D1\" \/>\n<meta property=\"article:modified_time\" content=\"2025-12-04T18:48:53+00:00\" \/>\n<meta name=\"twitter:card\" content=\"summary_large_image\" \/>\n<meta name=\"twitter:label1\" content=\"Dur\u00e9e de lecture estim\u00e9e\" \/>\n\t<meta name=\"twitter:data1\" content=\"2 minutes\" \/>\n<script type=\"application\/ld+json\" class=\"yoast-schema-graph\">{\"@context\":\"https:\/\/schema.org\",\"@graph\":[{\"@type\":\"WebPage\",\"@id\":\"https:\/\/3sport2025.ppawebdesign.com\/d1\/realisations\/\",\"url\":\"https:\/\/3sport2025.ppawebdesign.com\/d1\/realisations\/\",\"name\":\"All Play - \u00e9v\u00e9nement FOOTBACC\",\"isPartOf\":{\"@id\":\"https:\/\/3sport2025.ppawebdesign.com\/d1\/#website\"},\"datePublished\":\"2025-12-02T10:03:39+00:00\",\"dateModified\":\"2025-12-04T18:48:53+00:00\",\"description\":\"Participez \u00e0 Footbacc avec All Play Events : \u00e9v\u00e9nement sportif immersif autour du football, pour vivre des exp\u00e9riences uniques et collectives.\",\"breadcrumb\":{\"@id\":\"https:\/\/3sport2025.ppawebdesign.com\/d1\/realisations\/#breadcrumb\"},\"inLanguage\":\"fr-FR\",\"potentialAction\":[{\"@type\":\"ReadAction\",\"target\":[\"https:\/\/3sport2025.ppawebdesign.com\/d1\/realisations\/\"]}]},{\"@type\":\"BreadcrumbList\",\"@id\":\"https:\/\/3sport2025.ppawebdesign.com\/d1\/realisations\/#breadcrumb\",\"itemListElement\":[{\"@type\":\"ListItem\",\"position\":1,\"name\":\"Accueil\",\"item\":\"https:\/\/3sport2025.ppawebdesign.com\/d1\/\"},{\"@type\":\"ListItem\",\"position\":2,\"name\":\"FOOTBACC\"}]},{\"@type\":\"WebSite\",\"@id\":\"https:\/\/3sport2025.ppawebdesign.com\/d1\/#website\",\"url\":\"https:\/\/3sport2025.ppawebdesign.com\/d1\/\",\"name\":\"D1\",\"description\":\"\",\"potentialAction\":[{\"@type\":\"SearchAction\",\"target\":{\"@type\":\"EntryPoint\",\"urlTemplate\":\"https:\/\/3sport2025.ppawebdesign.com\/d1\/?s={search_term_string}\"},\"query-input\":{\"@type\":\"PropertyValueSpecification\",\"valueRequired\":true,\"valueName\":\"search_term_string\"}}],\"inLanguage\":\"fr-FR\"}]}<\/script>\n<!-- \/ Yoast SEO plugin. -->","yoast_head_json":{"title":"All Play - \u00e9v\u00e9nement FOOTBACC","description":"Participez \u00e0 Footbacc avec All Play Events : \u00e9v\u00e9nement sportif immersif autour du football, pour vivre des exp\u00e9riences uniques et collectives.","robots":{"index":"index","follow":"follow","max-snippet":"max-snippet:-1","max-image-preview":"max-image-preview:large","max-video-preview":"max-video-preview:-1"},"canonical":"https:\/\/3sport2025.ppawebdesign.com\/d1\/realisations\/","og_locale":"fr_FR","og_type":"article","og_title":"All Play - \u00e9v\u00e9nement FOOTBACC","og_description":"Participez \u00e0 Footbacc avec All Play Events : \u00e9v\u00e9nement sportif immersif autour du football, pour vivre des exp\u00e9riences uniques et collectives.","og_url":"https:\/\/3sport2025.ppawebdesign.com\/d1\/realisations\/","og_site_name":"D1","article_modified_time":"2025-12-04T18:48:53+00:00","twitter_card":"summary_large_image","twitter_misc":{"Dur\u00e9e de lecture estim\u00e9e":"2 minutes"},"schema":{"@context":"https:\/\/schema.org","@graph":[{"@type":"WebPage","@id":"https:\/\/3sport2025.ppawebdesign.com\/d1\/realisations\/","url":"https:\/\/3sport2025.ppawebdesign.com\/d1\/realisations\/","name":"All Play - \u00e9v\u00e9nement FOOTBACC","isPartOf":{"@id":"https:\/\/3sport2025.ppawebdesign.com\/d1\/#website"},"datePublished":"2025-12-02T10:03:39+00:00","dateModified":"2025-12-04T18:48:53+00:00","description":"Participez \u00e0 Footbacc avec All Play Events : \u00e9v\u00e9nement sportif immersif autour du football, pour vivre des exp\u00e9riences uniques et collectives.","breadcrumb":{"@id":"https:\/\/3sport2025.ppawebdesign.com\/d1\/realisations\/#breadcrumb"},"inLanguage":"fr-FR","potentialAction":[{"@type":"ReadAction","target":["https:\/\/3sport2025.ppawebdesign.com\/d1\/realisations\/"]}]},{"@type":"BreadcrumbList","@id":"https:\/\/3sport2025.ppawebdesign.com\/d1\/realisations\/#breadcrumb","itemListElement":[{"@type":"ListItem","position":1,"name":"Accueil","item":"https:\/\/3sport2025.ppawebdesign.com\/d1\/"},{"@type":"ListItem","position":2,"name":"FOOTBACC"}]},{"@type":"WebSite","@id":"https:\/\/3sport2025.ppawebdesign.com\/d1\/#website","url":"https:\/\/3sport2025.ppawebdesign.com\/d1\/","name":"D1","description":"","potentialAction":[{"@type":"SearchAction","target":{"@type":"EntryPoint","urlTemplate":"https:\/\/3sport2025.ppawebdesign.com\/d1\/?s={search_term_string}"},"query-input":{"@type":"PropertyValueSpecification","valueRequired":true,"valueName":"search_term_string"}}],"inLanguage":"fr-FR"}]}},"_links":{"self":[{"href":"https:\/\/3sport2025.ppawebdesign.com\/d1\/wp-json\/wp\/v2\/pages\/15","targetHints":{"allow":["GET"]}}],"collection":[{"href":"https:\/\/3sport2025.ppawebdesign.com\/d1\/wp-json\/wp\/v2\/pages"}],"about":[{"href":"https:\/\/3sport2025.ppawebdesign.com\/d1\/wp-json\/wp\/v2\/types\/page"}],"author":[{"embeddable":true,"href":"https:\/\/3sport2025.ppawebdesign.com\/d1\/wp-json\/wp\/v2\/users\/84"}],"replies":[{"embeddable":true,"href":"https:\/\/3sport2025.ppawebdesign.com\/d1\/wp-json\/wp\/v2\/comments?post=15"}],"version-history":[{"count":31,"href":"https:\/\/3sport2025.ppawebdesign.com\/d1\/wp-json\/wp\/v2\/pages\/15\/revisions"}],"predecessor-version":[{"id":586,"href":"https:\/\/3sport2025.ppawebdesign.com\/d1\/wp-json\/wp\/v2\/pages\/15\/revisions\/586"}],"wp:attachment":[{"href":"https:\/\/3sport2025.ppawebdesign.com\/d1\/wp-json\/wp\/v2\/media?parent=15"}],"curies":[{"name":"wp","href":"https:\/\/api.w.org\/{rel}","templated":true}]}}