{"id":17,"date":"2025-12-02T11:03:49","date_gmt":"2025-12-02T10:03:49","guid":{"rendered":"https:\/\/3sport2025.ppawebdesign.com\/d1\/?page_id=17"},"modified":"2025-12-04T20:36:54","modified_gmt":"2025-12-04T19:36:54","slug":"contact","status":"publish","type":"page","link":"https:\/\/3sport2025.ppawebdesign.com\/d1\/contact\/","title":{"rendered":"QUI SOMMES-NOUS ?"},"content":{"rendered":"<p>[et_pb_section fb_built=\u00a0\u00bb1&Prime; _builder_version=\u00a0\u00bb4.27.4&Prime; _module_preset=\u00a0\u00bbdefault\u00a0\u00bb background_enable_image=\u00a0\u00bboff\u00a0\u00bb background_enable_video_mp4=\u00a0\u00bboff\u00a0\u00bb global_colors_info=\u00a0\u00bb{}\u00a0\u00bb][et_pb_row _builder_version=\u00a0\u00bb4.27.4&Prime; _module_preset=\u00a0\u00bbdefault\u00a0\u00bb min_height=\u00a0\u00bb146.8px\u00a0\u00bb custom_margin=\u00a0\u00bb|auto|-66px|auto||\u00a0\u00bb custom_padding=\u00a0\u00bb||113px|||\u00a0\u00bb global_colors_info=\u00a0\u00bb{}\u00a0\u00bb][et_pb_column type=\u00a0\u00bb4_4&Prime; _builder_version=\u00a0\u00bb4.27.4&Prime; _module_preset=\u00a0\u00bbdefault\u00a0\u00bb global_colors_info=\u00a0\u00bb{}\u00a0\u00bb][et_pb_text _builder_version=\u00a0\u00bb4.27.4&Prime; _module_preset=\u00a0\u00bbdefault\u00a0\u00bb inline_fonts=\u00a0\u00bbAboreto\u00a0\u00bb global_colors_info=\u00a0\u00bb{}\u00a0\u00bb]<\/p>\n<h4 style=\"text-align: center\"><span style=\"color: #000000;font-family: Aboreto;font-weight: normal\"><strong><span style=\"font-size: xx-large\">D\u00e9couvrez l\u2019\u00e9quipe<\/span><\/strong><\/span><\/h4>\n<p>[\/et_pb_text][et_pb_icon font_icon=\u00a0\u00bb&#x3b;||divi||400&Prime; icon_color=\u00a0\u00bb#000000&Prime; icon_width=\u00a0\u00bb53px\u00a0\u00bb icon_width_tablet=\u00a0\u00bb53px\u00a0\u00bb icon_width_phone=\u00a0\u00bb53px\u00a0\u00bb icon_width_last_edited=\u00a0\u00bbon|desktop\u00a0\u00bb _builder_version=\u00a0\u00bb4.27.4&Prime; _module_preset=\u00a0\u00bbdefault\u00a0\u00bb transform_scale=\u00a0\u00bb104%|104%\u00a0\u00bb animation_style=\u00a0\u00bbzoom\u00a0\u00bb global_colors_info=\u00a0\u00bb{}\u00a0\u00bb][\/et_pb_icon][\/et_pb_column][\/et_pb_row][et_pb_row column_structure=\u00a0\u00bb1_3,1_3,1_3&Prime; _builder_version=\u00a0\u00bb4.27.4&Prime; _module_preset=\u00a0\u00bbdefault\u00a0\u00bb min_height=\u00a0\u00bb427px\u00a0\u00bb global_colors_info=\u00a0\u00bb{}\u00a0\u00bb][et_pb_column type=\u00a0\u00bb1_3&Prime; _builder_version=\u00a0\u00bb4.27.4&Prime; _module_preset=\u00a0\u00bbdefault\u00a0\u00bb global_colors_info=\u00a0\u00bb{}\u00a0\u00bb][et_pb_team_member name=\u00a0\u00bbMyriam NAJAR\u00a0\u00bb position=\u00a0\u00bbResponsable communication \u00a0\u00bb image_url=\u00a0\u00bbhttps:\/\/3sport2025.ppawebdesign.com\/d1\/wp-content\/uploads\/sites\/16\/2025\/12\/IMG_0015-1-scaled.png\u00a0\u00bb name_tablet=\u00a0\u00bbMyriam NAJAR\u00a0\u00bb name_phone=\u00a0\u00bbMyriam NAJAR\u00a0\u00bb name_last_edited=\u00a0\u00bbon|phone\u00a0\u00bb _builder_version=\u00a0\u00bb4.27.4&Prime; _module_preset=\u00a0\u00bbdefault\u00a0\u00bb text_orientation=\u00a0\u00bbcenter\u00a0\u00bb width=\u00a0\u00bb100%\u00a0\u00bb custom_padding=\u00a0\u00bb|63px||||\u00a0\u00bb link_option_url=\u00a0\u00bbhttps:\/\/3sport2025.ppawebdesign.com\/d1\/services\/\u00a0\u00bb border_radii_image=\u00a0\u00bboff|10px|10px||\u00a0\u00bb box_shadow_style_image=\u00a0\u00bbpreset6&Prime; box_shadow_color_image=\u00a0\u00bb#FF9523&Prime; global_colors_info=\u00a0\u00bb{}\u00a0\u00bb name__hover_enabled=\u00a0\u00bbon|desktop\u00a0\u00bb name__hover=\u00a0\u00bbMyriam NAJAR\u00a0\u00bb]<\/p>\n<p>Je con\u00e7ois la strat\u00e9gie de communication de notre agence afin de valoriser nos projets et notre expertise. J\u2019assure la coh\u00e9rence de notre image sur l\u2019ensemble de nos supports.<\/p>\n<p>[\/et_pb_team_member][\/et_pb_column][et_pb_column type=\u00a0\u00bb1_3&Prime; _builder_version=\u00a0\u00bb4.27.4&Prime; _module_preset=\u00a0\u00bbdefault\u00a0\u00bb global_colors_info=\u00a0\u00bb{}\u00a0\u00bb][et_pb_team_member name=\u00a0\u00bbAya GHARBI\u00a0\u00bb position=\u00a0\u00bbResponsable logistique\u00a0\u00bb image_url=\u00a0\u00bbhttps:\/\/3sport2025.ppawebdesign.com\/d1\/wp-content\/uploads\/sites\/16\/2025\/12\/IMG_0013-1.png\u00a0\u00bb _builder_version=\u00a0\u00bb4.27.4&Prime; _module_preset=\u00a0\u00bbdefault\u00a0\u00bb header_text_color=\u00a0\u00bb#474747&Prime; body_text_color=\u00a0\u00bb#000000&Prime; text_orientation=\u00a0\u00bbcenter\u00a0\u00bb width=\u00a0\u00bb95.2%\u00a0\u00bb custom_padding=\u00a0\u00bb|2px||||\u00a0\u00bb link_option_url=\u00a0\u00bbhttps:\/\/3sport2025.ppawebdesign.com\/d1\/nous-contacter\/\u00a0\u00bb box_shadow_style_image=\u00a0\u00bbpreset6&Prime; box_shadow_color_image=\u00a0\u00bb#0015FF\u00a0\u00bb global_colors_info=\u00a0\u00bb{}\u00a0\u00bb]<\/p>\n<p><span style=\"color: #666666\">Je coordonne le mat\u00e9riel, la s\u00e9curit\u00e9, la restauration et les prestataires, puis je supervise le jour J pour que tout se passe parfaitement.<\/span><br \/>.<\/p>\n<p>[\/et_pb_team_member][\/et_pb_column][et_pb_column type=\u00a0\u00bb1_3&Prime; _builder_version=\u00a0\u00bb4.27.4&Prime; _module_preset=\u00a0\u00bbdefault\u00a0\u00bb global_colors_info=\u00a0\u00bb{}\u00a0\u00bb][et_pb_team_member name=\u00a0\u00bbJade DEMASSOUET\u00a0\u00bb position=\u00a0\u00bbCommunity manager\u00a0\u00bb image_url=\u00a0\u00bbhttps:\/\/3sport2025.ppawebdesign.com\/d1\/wp-content\/uploads\/sites\/16\/2025\/12\/IMG_0016.png\u00a0\u00bb _builder_version=\u00a0\u00bb4.27.4&Prime; _module_preset=\u00a0\u00bbdefault\u00a0\u00bb text_orientation=\u00a0\u00bbcenter\u00a0\u00bb width=\u00a0\u00bb100%\u00a0\u00bb box_shadow_style_image=\u00a0\u00bbpreset6&Prime; box_shadow_color_image=\u00a0\u00bb#FF9523&Prime; global_colors_info=\u00a0\u00bb{}\u00a0\u00bb]<\/p>\n<p>Je cr\u00e9e du contenu attractif pour nos \u00e9v\u00e9nements sportifs en ligne et anime nos communaut\u00e9s sur les r\u00e9seaux sociaux.\u00a0Mon r\u00f4le est de renforcer l\u2019impact et la notori\u00e9t\u00e9 de chaque action.<\/p>\n<p>[\/et_pb_team_member][\/et_pb_column][\/et_pb_row][\/et_pb_section][et_pb_section fb_built=\u00a0\u00bb1&Prime; _builder_version=\u00a0\u00bb4.27.4&Prime; _module_preset=\u00a0\u00bbdefault\u00a0\u00bb min_height=\u00a0\u00bb715px\u00a0\u00bb global_colors_info=\u00a0\u00bb{}\u00a0\u00bb][et_pb_row column_structure=\u00a0\u00bb1_3,1_3,1_3&Prime; _builder_version=\u00a0\u00bb4.27.4&Prime; _module_preset=\u00a0\u00bbdefault\u00a0\u00bb custom_margin=\u00a0\u00bb-31px|auto||auto||\u00a0\u00bb global_colors_info=\u00a0\u00bb{}\u00a0\u00bb][et_pb_column type=\u00a0\u00bb1_3&Prime; _builder_version=\u00a0\u00bb4.27.4&Prime; _module_preset=\u00a0\u00bbdefault\u00a0\u00bb global_colors_info=\u00a0\u00bb{}\u00a0\u00bb][et_pb_team_member name=\u00a0\u00bbLaura DUVAL\u00a0\u00bb position=\u00a0\u00bbResponsable \u00e9v\u00e8nementiel \u00a0\u00bb image_url=\u00a0\u00bbhttps:\/\/3sport2025.ppawebdesign.com\/d1\/wp-content\/uploads\/sites\/16\/2025\/12\/IMG_0018.png\u00a0\u00bb _builder_version=\u00a0\u00bb4.27.4&Prime; _module_preset=\u00a0\u00bbdefault\u00a0\u00bb text_orientation=\u00a0\u00bbcenter\u00a0\u00bb width=\u00a0\u00bb100%\u00a0\u00bb border_color_all_image=\u00a0\u00bb#0015FF\u00a0\u00bb box_shadow_style_image=\u00a0\u00bbpreset6&Prime; box_shadow_color_image=\u00a0\u00bb#0015FF\u00a0\u00bb global_colors_info=\u00a0\u00bb{}\u00a0\u00bb]<\/p>\n<p><span>Je con\u00e7ois, organise et coordonne les \u00e9v\u00e9nements de l\u2019agence.\u00a0<\/span><span>Mon objectif est de garantir des exp\u00e9riences fluides et impactantes, du brief au jour J.<\/span><\/p>\n<p>[\/et_pb_team_member][\/et_pb_column][et_pb_column type=\u00a0\u00bb1_3&Prime; _builder_version=\u00a0\u00bb4.27.4&Prime; _module_preset=\u00a0\u00bbdefault\u00a0\u00bb global_colors_info=\u00a0\u00bb{}\u00a0\u00bb][et_pb_team_member name=\u00a0\u00bbIbtissam LAMA\u00a0\u00bb position=\u00a0\u00bbResponsable administrative \u00a0\u00bb image_url=\u00a0\u00bbhttps:\/\/3sport2025.ppawebdesign.com\/d1\/wp-content\/uploads\/sites\/16\/2025\/12\/IMG_0020.png\u00a0\u00bb _builder_version=\u00a0\u00bb4.27.4&Prime; _module_preset=\u00a0\u00bbdefault\u00a0\u00bb text_orientation=\u00a0\u00bbcenter\u00a0\u00bb module_alignment=\u00a0\u00bbcenter\u00a0\u00bb custom_padding=\u00a0\u00bb|11px||||\u00a0\u00bb box_shadow_style_image=\u00a0\u00bbpreset6&Prime; box_shadow_color_image=\u00a0\u00bb#FF9523&Prime; global_colors_info=\u00a0\u00bb{}\u00a0\u00bb]<\/p>\n<p><span>Je g\u00e8re l\u2019organisation : dossiers, contrats et facturation.\u00a0<\/span><span>Mon r\u00f4le est d\u2019assurer une base claire et structur\u00e9e pour que l\u2019agence puisse se concentrer sur le terrain.<\/span><\/p>\n<p>[\/et_pb_team_member][\/et_pb_column][et_pb_column type=\u00a0\u00bb1_3&Prime; _builder_version=\u00a0\u00bb4.27.4&Prime; _module_preset=\u00a0\u00bbdefault\u00a0\u00bb global_colors_info=\u00a0\u00bb{}\u00a0\u00bb][et_pb_team_member name=\u00a0\u00bbThea CARRIERE\u00a0\u00bb position=\u00a0\u00bbResponsable commerciale \u00a0\u00bb image_url=\u00a0\u00bbhttps:\/\/3sport2025.ppawebdesign.com\/d1\/wp-content\/uploads\/sites\/16\/2025\/12\/IMG_0023.png\u00a0\u00bb _builder_version=\u00a0\u00bb4.27.4&Prime; _module_preset=\u00a0\u00bbdefault\u00a0\u00bb text_orientation=\u00a0\u00bbcenter\u00a0\u00bb width=\u00a0\u00bb93.9%\u00a0\u00bb custom_padding=\u00a0\u00bb|0px||||\u00a0\u00bb box_shadow_style_image=\u00a0\u00bbpreset6&Prime; box_shadow_color_image=\u00a0\u00bb#0015FF\u00a0\u00bb global_colors_info=\u00a0\u00bb{}\u00a0\u00bb]<\/p>\n<p class=\"p1\"><span class=\"s1\">En tant que responsable commercial je d\u00e9veloppe les partenariats et je vends nos \u00e9v\u00e9nements. Je conseille les clients et je m\u2019assure que chaque projet r\u00e9ponde \u00e0 leurs besoins.<\/span><\/p>\n<p>[\/et_pb_team_member][\/et_pb_column][\/et_pb_row][\/et_pb_section]<\/p>\n","protected":false},"excerpt":{"rendered":"<p>D\u00e9couvrez l\u2019\u00e9quipeJe con\u00e7ois la strat\u00e9gie de communication de notre agence afin de valoriser nos projets et notre expertise. J\u2019assure la coh\u00e9rence de notre image sur l\u2019ensemble de nos supports.Je coordonne le mat\u00e9riel, la s\u00e9curit\u00e9, la restauration et les prestataires, puis je supervise le jour J pour que tout se passe parfaitement..Je cr\u00e9e du contenu attractif [&hellip;]<\/p>\n","protected":false},"author":84,"featured_media":0,"parent":0,"menu_order":0,"comment_status":"closed","ping_status":"closed","template":"","meta":{"_et_pb_use_builder":"on","_et_pb_old_content":"","_et_gb_content_width":"","footnotes":""},"class_list":["post-17","page","type-page","status-publish","hentry"],"yoast_head":"<!-- This site is optimized with the Yoast SEO plugin v26.5 - https:\/\/yoast.com\/wordpress\/plugins\/seo\/ -->\n<title>All Play - L\u2019\u00e9quipe<\/title>\n<meta name=\"description\" content=\"Notre \u00e9quipe All Play Events ; Qui sommes nous ? Votre agence \u00e9v\u00e9nementielle sportif : \u00e9quipe disponible pour vos projets \u00e9v\u00e9nementiels !\" \/>\n<meta name=\"robots\" content=\"index, follow, max-snippet:-1, max-image-preview:large, max-video-preview:-1\" \/>\n<link rel=\"canonical\" href=\"https:\/\/3sport2025.ppawebdesign.com\/d1\/contact\/\" \/>\n<meta property=\"og:locale\" content=\"fr_FR\" \/>\n<meta property=\"og:type\" content=\"article\" \/>\n<meta property=\"og:title\" content=\"All Play - L\u2019\u00e9quipe\" \/>\n<meta property=\"og:description\" content=\"Notre \u00e9quipe All Play Events ; Qui sommes nous ? Votre agence \u00e9v\u00e9nementielle sportif : \u00e9quipe disponible pour vos projets \u00e9v\u00e9nementiels !\" \/>\n<meta property=\"og:url\" content=\"https:\/\/3sport2025.ppawebdesign.com\/d1\/contact\/\" \/>\n<meta property=\"og:site_name\" content=\"D1\" \/>\n<meta property=\"article:modified_time\" content=\"2025-12-04T19:36:54+00:00\" \/>\n<meta name=\"twitter:card\" content=\"summary_large_image\" \/>\n<meta name=\"twitter:label1\" content=\"Dur\u00e9e de lecture estim\u00e9e\" \/>\n\t<meta name=\"twitter:data1\" content=\"3 minutes\" \/>\n<script type=\"application\/ld+json\" class=\"yoast-schema-graph\">{\"@context\":\"https:\/\/schema.org\",\"@graph\":[{\"@type\":\"WebPage\",\"@id\":\"https:\/\/3sport2025.ppawebdesign.com\/d1\/contact\/\",\"url\":\"https:\/\/3sport2025.ppawebdesign.com\/d1\/contact\/\",\"name\":\"All Play - L\u2019\u00e9quipe\",\"isPartOf\":{\"@id\":\"https:\/\/3sport2025.ppawebdesign.com\/d1\/#website\"},\"datePublished\":\"2025-12-02T10:03:49+00:00\",\"dateModified\":\"2025-12-04T19:36:54+00:00\",\"description\":\"Notre \u00e9quipe All Play Events ; Qui sommes nous ? Votre agence \u00e9v\u00e9nementielle sportif : \u00e9quipe disponible pour vos projets \u00e9v\u00e9nementiels !\",\"breadcrumb\":{\"@id\":\"https:\/\/3sport2025.ppawebdesign.com\/d1\/contact\/#breadcrumb\"},\"inLanguage\":\"fr-FR\",\"potentialAction\":[{\"@type\":\"ReadAction\",\"target\":[\"https:\/\/3sport2025.ppawebdesign.com\/d1\/contact\/\"]}]},{\"@type\":\"BreadcrumbList\",\"@id\":\"https:\/\/3sport2025.ppawebdesign.com\/d1\/contact\/#breadcrumb\",\"itemListElement\":[{\"@type\":\"ListItem\",\"position\":1,\"name\":\"Accueil\",\"item\":\"https:\/\/3sport2025.ppawebdesign.com\/d1\/\"},{\"@type\":\"ListItem\",\"position\":2,\"name\":\"QUI SOMMES-NOUS ?\"}]},{\"@type\":\"WebSite\",\"@id\":\"https:\/\/3sport2025.ppawebdesign.com\/d1\/#website\",\"url\":\"https:\/\/3sport2025.ppawebdesign.com\/d1\/\",\"name\":\"D1\",\"description\":\"\",\"potentialAction\":[{\"@type\":\"SearchAction\",\"target\":{\"@type\":\"EntryPoint\",\"urlTemplate\":\"https:\/\/3sport2025.ppawebdesign.com\/d1\/?s={search_term_string}\"},\"query-input\":{\"@type\":\"PropertyValueSpecification\",\"valueRequired\":true,\"valueName\":\"search_term_string\"}}],\"inLanguage\":\"fr-FR\"}]}<\/script>\n<!-- \/ Yoast SEO plugin. -->","yoast_head_json":{"title":"All Play - L\u2019\u00e9quipe","description":"Notre \u00e9quipe All Play Events ; Qui sommes nous ? Votre agence \u00e9v\u00e9nementielle sportif : \u00e9quipe disponible pour vos projets \u00e9v\u00e9nementiels !","robots":{"index":"index","follow":"follow","max-snippet":"max-snippet:-1","max-image-preview":"max-image-preview:large","max-video-preview":"max-video-preview:-1"},"canonical":"https:\/\/3sport2025.ppawebdesign.com\/d1\/contact\/","og_locale":"fr_FR","og_type":"article","og_title":"All Play - L\u2019\u00e9quipe","og_description":"Notre \u00e9quipe All Play Events ; Qui sommes nous ? Votre agence \u00e9v\u00e9nementielle sportif : \u00e9quipe disponible pour vos projets \u00e9v\u00e9nementiels !","og_url":"https:\/\/3sport2025.ppawebdesign.com\/d1\/contact\/","og_site_name":"D1","article_modified_time":"2025-12-04T19:36:54+00:00","twitter_card":"summary_large_image","twitter_misc":{"Dur\u00e9e de lecture estim\u00e9e":"3 minutes"},"schema":{"@context":"https:\/\/schema.org","@graph":[{"@type":"WebPage","@id":"https:\/\/3sport2025.ppawebdesign.com\/d1\/contact\/","url":"https:\/\/3sport2025.ppawebdesign.com\/d1\/contact\/","name":"All Play - L\u2019\u00e9quipe","isPartOf":{"@id":"https:\/\/3sport2025.ppawebdesign.com\/d1\/#website"},"datePublished":"2025-12-02T10:03:49+00:00","dateModified":"2025-12-04T19:36:54+00:00","description":"Notre \u00e9quipe All Play Events ; Qui sommes nous ? Votre agence \u00e9v\u00e9nementielle sportif : \u00e9quipe disponible pour vos projets \u00e9v\u00e9nementiels !","breadcrumb":{"@id":"https:\/\/3sport2025.ppawebdesign.com\/d1\/contact\/#breadcrumb"},"inLanguage":"fr-FR","potentialAction":[{"@type":"ReadAction","target":["https:\/\/3sport2025.ppawebdesign.com\/d1\/contact\/"]}]},{"@type":"BreadcrumbList","@id":"https:\/\/3sport2025.ppawebdesign.com\/d1\/contact\/#breadcrumb","itemListElement":[{"@type":"ListItem","position":1,"name":"Accueil","item":"https:\/\/3sport2025.ppawebdesign.com\/d1\/"},{"@type":"ListItem","position":2,"name":"QUI SOMMES-NOUS ?"}]},{"@type":"WebSite","@id":"https:\/\/3sport2025.ppawebdesign.com\/d1\/#website","url":"https:\/\/3sport2025.ppawebdesign.com\/d1\/","name":"D1","description":"","potentialAction":[{"@type":"SearchAction","target":{"@type":"EntryPoint","urlTemplate":"https:\/\/3sport2025.ppawebdesign.com\/d1\/?s={search_term_string}"},"query-input":{"@type":"PropertyValueSpecification","valueRequired":true,"valueName":"search_term_string"}}],"inLanguage":"fr-FR"}]}},"_links":{"self":[{"href":"https:\/\/3sport2025.ppawebdesign.com\/d1\/wp-json\/wp\/v2\/pages\/17","targetHints":{"allow":["GET"]}}],"collection":[{"href":"https:\/\/3sport2025.ppawebdesign.com\/d1\/wp-json\/wp\/v2\/pages"}],"about":[{"href":"https:\/\/3sport2025.ppawebdesign.com\/d1\/wp-json\/wp\/v2\/types\/page"}],"author":[{"embeddable":true,"href":"https:\/\/3sport2025.ppawebdesign.com\/d1\/wp-json\/wp\/v2\/users\/84"}],"replies":[{"embeddable":true,"href":"https:\/\/3sport2025.ppawebdesign.com\/d1\/wp-json\/wp\/v2\/comments?post=17"}],"version-history":[{"count":25,"href":"https:\/\/3sport2025.ppawebdesign.com\/d1\/wp-json\/wp\/v2\/pages\/17\/revisions"}],"predecessor-version":[{"id":621,"href":"https:\/\/3sport2025.ppawebdesign.com\/d1\/wp-json\/wp\/v2\/pages\/17\/revisions\/621"}],"wp:attachment":[{"href":"https:\/\/3sport2025.ppawebdesign.com\/d1\/wp-json\/wp\/v2\/media?parent=17"}],"curies":[{"name":"wp","href":"https:\/\/api.w.org\/{rel}","templated":true}]}}