{"id":110,"date":"2025-12-02T14:40:40","date_gmt":"2025-12-02T13:40:40","guid":{"rendered":"https:\/\/3sport2025.ppawebdesign.com\/d2\/?page_id=110"},"modified":"2025-12-04T15:55:44","modified_gmt":"2025-12-04T14:55:44","slug":"contacter-nos-reseaux","status":"publish","type":"page","link":"https:\/\/3sport2025.ppawebdesign.com\/d2\/contacter-nos-reseaux\/","title":{"rendered":"Contact"},"content":{"rendered":"<p>[et_pb_section fb_built=\u00a0\u00bb1&Prime; _builder_version=\u00a0\u00bb4.27.4&Prime; _module_preset=\u00a0\u00bbdefault\u00a0\u00bb background_image=\u00a0\u00bbhttps:\/\/3sport2025.ppawebdesign.com\/d2\/wp-content\/uploads\/sites\/17\/2025\/12\/BANNIERE.jpg\u00a0\u00bb width=\u00a0\u00bb100%\u00a0\u00bb max_width=\u00a0\u00bb100%\u00a0\u00bb module_alignment=\u00a0\u00bbleft\u00a0\u00bb min_height=\u00a0\u00bb252px\u00a0\u00bb height=\u00a0\u00bb235px\u00a0\u00bb custom_padding=\u00a0\u00bb10px||||false|false\u00a0\u00bb locked=\u00a0\u00bboff\u00a0\u00bb global_colors_info=\u00a0\u00bb{}\u00a0\u00bb][et_pb_row _builder_version=\u00a0\u00bb4.27.4&Prime; _module_preset=\u00a0\u00bbdefault\u00a0\u00bb global_colors_info=\u00a0\u00bb{}\u00a0\u00bb][et_pb_column type=\u00a0\u00bb4_4&Prime; _builder_version=\u00a0\u00bb4.27.4&Prime; _module_preset=\u00a0\u00bbdefault\u00a0\u00bb global_colors_info=\u00a0\u00bb{}\u00a0\u00bb][et_pb_button button_url=\u00a0\u00bbhttps:\/\/3sport2025.ppawebdesign.com\/d2\/page-daccueil\/\u00a0\u00bb button_text=\u00a0\u00bbAccueil\u00a0\u00bb _builder_version=\u00a0\u00bb4.27.4&Prime; _module_preset=\u00a0\u00bbdefault\u00a0\u00bb custom_button=\u00a0\u00bbon\u00a0\u00bb button_text_color=\u00a0\u00bb#FFFFFF\u00a0\u00bb button_bg_color=\u00a0\u00bbRGBA(255,255,255,0)\u00a0\u00bb button_border_color=\u00a0\u00bbRGBA(255,255,255,0)\u00a0\u00bb button_icon=\u00a0\u00bb&#x23;||divi||400&Prime; button_icon_placement=\u00a0\u00bbleft\u00a0\u00bb button_on_hover=\u00a0\u00bboff\u00a0\u00bb global_colors_info=\u00a0\u00bb{}\u00a0\u00bb][\/et_pb_button][et_pb_text _builder_version=\u00a0\u00bb4.27.4&Prime; _module_preset=\u00a0\u00bbdefault\u00a0\u00bb header_font=\u00a0\u00bbPoppins|800|||||||\u00a0\u00bb header_text_color=\u00a0\u00bb#FFFFFF\u00a0\u00bb header_font_size=\u00a0\u00bb45px\u00a0\u00bb global_colors_info=\u00a0\u00bb{}\u00a0\u00bb]<\/p>\n<h1>Nous contactez<\/h1>\n<p><span style=\"color: #ffffff\">Les diff\u00e9rents moyen de nous contacter !<\/span><\/p>\n<p>[\/et_pb_text][\/et_pb_column][\/et_pb_row][\/et_pb_section][et_pb_section fb_built=\u00a0\u00bb1&Prime; _builder_version=\u00a0\u00bb4.27.4&Prime; _module_preset=\u00a0\u00bbdefault\u00a0\u00bb background_color=\u00a0\u00bb#E9541D\u00a0\u00bb width=\u00a0\u00bb100%\u00a0\u00bb global_colors_info=\u00a0\u00bb{}\u00a0\u00bb][et_pb_row column_structure=\u00a0\u00bb1_3,1_3,1_3&Prime; _builder_version=\u00a0\u00bb4.27.4&Prime; _module_preset=\u00a0\u00bbdefault\u00a0\u00bb min_height=\u00a0\u00bb398.4px\u00a0\u00bb custom_margin=\u00a0\u00bb|auto|-53px|220px||\u00a0\u00bb custom_padding=\u00a0\u00bb1px||62px|||\u00a0\u00bb global_colors_info=\u00a0\u00bb{}\u00a0\u00bb][et_pb_column type=\u00a0\u00bb1_3&Prime; _builder_version=\u00a0\u00bb4.27.4&Prime; _module_preset=\u00a0\u00bbdefault\u00a0\u00bb global_colors_info=\u00a0\u00bb{}\u00a0\u00bb][et_pb_image src=\u00a0\u00bbhttps:\/\/3sport2025.ppawebdesign.com\/d2\/wp-content\/uploads\/sites\/17\/2025\/12\/tiktok-icon2.png\u00a0\u00bb alt=\u00a0\u00bbContacter sur Tiktok\u00a0\u00bb title_text=\u00a0\u00bbtiktok-icon2&Prime; url=\u00a0\u00bbhttps:\/\/www.tiktok.com\/@bpm_agency\u00a0\u00bb _builder_version=\u00a0\u00bb4.27.4&Prime; _module_preset=\u00a0\u00bbdefault\u00a0\u00bb width=\u00a0\u00bb90%\u00a0\u00bb min_height=\u00a0\u00bb239.1px\u00a0\u00bb custom_margin=\u00a0\u00bb|40px|34px|||\u00a0\u00bb custom_padding=\u00a0\u00bb|12px||2px||\u00a0\u00bb border_radii=\u00a0\u00bbon|75px|75px|75px|75px\u00a0\u00bb global_colors_info=\u00a0\u00bb{}\u00a0\u00bb][\/et_pb_image][\/et_pb_column][et_pb_column type=\u00a0\u00bb1_3&Prime; _builder_version=\u00a0\u00bb4.27.4&Prime; _module_preset=\u00a0\u00bbdefault\u00a0\u00bb global_colors_info=\u00a0\u00bb{}\u00a0\u00bb][et_pb_image src=\u00a0\u00bbhttps:\/\/3sport2025.ppawebdesign.com\/d2\/wp-content\/uploads\/sites\/17\/2025\/12\/Instagram_icon-scaled.png\u00a0\u00bb alt=\u00a0\u00bbApplication Instagram\u00a0\u00bb title_text=\u00a0\u00bbInstagram_icon\u00a0\u00bb url=\u00a0\u00bbhttps:\/\/www.instagram.com\/bpm_agency_\/\u00a0\u00bb _builder_version=\u00a0\u00bb4.27.4&Prime; _module_preset=\u00a0\u00bbdefault\u00a0\u00bb width=\u00a0\u00bb90%\u00a0\u00bb custom_margin=\u00a0\u00bb|77px||12px||\u00a0\u00bb custom_padding=\u00a0\u00bb|9px||4px||\u00a0\u00bb global_colors_info=\u00a0\u00bb{}\u00a0\u00bb][\/et_pb_image][\/et_pb_column][et_pb_column type=\u00a0\u00bb1_3&Prime; _builder_version=\u00a0\u00bb4.27.4&Prime; _module_preset=\u00a0\u00bbdefault\u00a0\u00bb global_colors_info=\u00a0\u00bb{}\u00a0\u00bb][et_pb_image src=\u00a0\u00bbhttps:\/\/3sport2025.ppawebdesign.com\/d2\/wp-content\/uploads\/sites\/17\/2025\/12\/linkedin.jpg\u00a0\u00bb alt=\u00a0\u00bbApplication LinkedIn\u00a0\u00bb title_text=\u00a0\u00bblinkedin\u00a0\u00bb url=\u00a0\u00bbhttps:\/\/www.linkedin.com\/company\/bpm-agency-event\/\u00a0\u00bb _builder_version=\u00a0\u00bb4.27.4&Prime; _module_preset=\u00a0\u00bbdefault\u00a0\u00bb width=\u00a0\u00bb90%\u00a0\u00bb custom_margin=\u00a0\u00bb|80px||2px||\u00a0\u00bb custom_padding=\u00a0\u00bb|9px||5px||\u00a0\u00bb border_radii=\u00a0\u00bbon|59px|59px|59px|59px\u00a0\u00bb global_colors_info=\u00a0\u00bb{}\u00a0\u00bb][\/et_pb_image][\/et_pb_column][\/et_pb_row][et_pb_row _builder_version=\u00a0\u00bb4.27.4&Prime; _module_preset=\u00a0\u00bbdefault\u00a0\u00bb global_colors_info=\u00a0\u00bb{}\u00a0\u00bb][et_pb_column type=\u00a0\u00bb4_4&Prime; _builder_version=\u00a0\u00bb4.27.4&Prime; _module_preset=\u00a0\u00bbdefault\u00a0\u00bb global_colors_info=\u00a0\u00bb{}\u00a0\u00bb][et_pb_divider color=\u00a0\u00bb#FFFFFF\u00a0\u00bb divider_style=\u00a0\u00bbdashed\u00a0\u00bb _builder_version=\u00a0\u00bb4.27.4&Prime; _module_preset=\u00a0\u00bbdefault\u00a0\u00bb global_colors_info=\u00a0\u00bb{}\u00a0\u00bb][\/et_pb_divider][\/et_pb_column][\/et_pb_row][et_pb_row _builder_version=\u00a0\u00bb4.27.4&Prime; _module_preset=\u00a0\u00bbdefault\u00a0\u00bb min_height=\u00a0\u00bb85px\u00a0\u00bb global_colors_info=\u00a0\u00bb{}\u00a0\u00bb][et_pb_column type=\u00a0\u00bb4_4&Prime; _builder_version=\u00a0\u00bb4.27.4&Prime; _module_preset=\u00a0\u00bbdefault\u00a0\u00bb global_colors_info=\u00a0\u00bb{}\u00a0\u00bb][et_pb_text _builder_version=\u00a0\u00bb4.27.4&Prime; _module_preset=\u00a0\u00bbdefault\u00a0\u00bb custom_padding=\u00a0\u00bb||0px|||\u00a0\u00bb global_colors_info=\u00a0\u00bb{}\u00a0\u00bb]<\/p>\n<h1><span style=\"color: #ffffff\"><strong>Formulaire<\/strong><\/span>\u00a0<\/h1>\n<p>[\/et_pb_text][\/et_pb_column][\/et_pb_row][et_pb_row _builder_version=\u00a0\u00bb4.27.4&Prime; _module_preset=\u00a0\u00bbdefault\u00a0\u00bb custom_margin=\u00a0\u00bb-49px|auto||auto||\u00a0\u00bb global_colors_info=\u00a0\u00bb{}\u00a0\u00bb][et_pb_column type=\u00a0\u00bb4_4&Prime; _builder_version=\u00a0\u00bb4.27.4&Prime; _module_preset=\u00a0\u00bbdefault\u00a0\u00bb global_colors_info=\u00a0\u00bb{}\u00a0\u00bb][et_pb_contact_form submit_button_text=\u00a0\u00bbEnvoyer\u00a0\u00bb _builder_version=\u00a0\u00bb4.27.4&Prime; _module_preset=\u00a0\u00bbdefault\u00a0\u00bb _unique_id=\u00a0\u00bb82e5c2dd-a99e-4098-923c-e9b3558af7e7&Prime; captcha_font=\u00a0\u00bb||||||||\u00a0\u00bb captcha_text_color=\u00a0\u00bb#FFFFFF\u00a0\u00bb captcha_font_size=\u00a0\u00bb15px\u00a0\u00bb captcha_line_height=\u00a0\u00bb1em\u00a0\u00bb custom_button=\u00a0\u00bbon\u00a0\u00bb button_text_color=\u00a0\u00bb#FFFFFF\u00a0\u00bb global_colors_info=\u00a0\u00bb{}\u00a0\u00bb][et_pb_contact_field field_id=\u00a0\u00bbName\u00a0\u00bb field_title=\u00a0\u00bbNom\u00a0\u00bb _builder_version=\u00a0\u00bb4.16&Prime; global_colors_info=\u00a0\u00bb{}\u00a0\u00bb button_text_size__hover_enabled=\u00a0\u00bboff\u00a0\u00bb button_one_text_size__hover_enabled=\u00a0\u00bboff\u00a0\u00bb button_two_text_size__hover_enabled=\u00a0\u00bboff\u00a0\u00bb button_text_color__hover_enabled=\u00a0\u00bboff\u00a0\u00bb button_one_text_color__hover_enabled=\u00a0\u00bboff\u00a0\u00bb button_two_text_color__hover_enabled=\u00a0\u00bboff\u00a0\u00bb button_border_width__hover_enabled=\u00a0\u00bboff\u00a0\u00bb button_one_border_width__hover_enabled=\u00a0\u00bboff\u00a0\u00bb button_two_border_width__hover_enabled=\u00a0\u00bboff\u00a0\u00bb button_border_color__hover_enabled=\u00a0\u00bboff\u00a0\u00bb button_one_border_color__hover_enabled=\u00a0\u00bboff\u00a0\u00bb button_two_border_color__hover_enabled=\u00a0\u00bboff\u00a0\u00bb button_border_radius__hover_enabled=\u00a0\u00bboff\u00a0\u00bb button_one_border_radius__hover_enabled=\u00a0\u00bboff\u00a0\u00bb button_two_border_radius__hover_enabled=\u00a0\u00bboff\u00a0\u00bb button_letter_spacing__hover_enabled=\u00a0\u00bboff\u00a0\u00bb button_one_letter_spacing__hover_enabled=\u00a0\u00bboff\u00a0\u00bb button_two_letter_spacing__hover_enabled=\u00a0\u00bboff\u00a0\u00bb button_bg_color__hover_enabled=\u00a0\u00bboff\u00a0\u00bb button_one_bg_color__hover_enabled=\u00a0\u00bboff\u00a0\u00bb button_two_bg_color__hover_enabled=\u00a0\u00bboff\u00a0\u00bb][\/et_pb_contact_field][et_pb_contact_field field_id=\u00a0\u00bbEmail\u00a0\u00bb field_title=\u00a0\u00bbAdresse e-mail\u00a0\u00bb field_type=\u00a0\u00bbemail\u00a0\u00bb _builder_version=\u00a0\u00bb4.16&Prime; global_colors_info=\u00a0\u00bb{}\u00a0\u00bb button_text_size__hover_enabled=\u00a0\u00bboff\u00a0\u00bb button_one_text_size__hover_enabled=\u00a0\u00bboff\u00a0\u00bb button_two_text_size__hover_enabled=\u00a0\u00bboff\u00a0\u00bb button_text_color__hover_enabled=\u00a0\u00bboff\u00a0\u00bb button_one_text_color__hover_enabled=\u00a0\u00bboff\u00a0\u00bb button_two_text_color__hover_enabled=\u00a0\u00bboff\u00a0\u00bb button_border_width__hover_enabled=\u00a0\u00bboff\u00a0\u00bb button_one_border_width__hover_enabled=\u00a0\u00bboff\u00a0\u00bb button_two_border_width__hover_enabled=\u00a0\u00bboff\u00a0\u00bb button_border_color__hover_enabled=\u00a0\u00bboff\u00a0\u00bb button_one_border_color__hover_enabled=\u00a0\u00bboff\u00a0\u00bb button_two_border_color__hover_enabled=\u00a0\u00bboff\u00a0\u00bb button_border_radius__hover_enabled=\u00a0\u00bboff\u00a0\u00bb button_one_border_radius__hover_enabled=\u00a0\u00bboff\u00a0\u00bb button_two_border_radius__hover_enabled=\u00a0\u00bboff\u00a0\u00bb button_letter_spacing__hover_enabled=\u00a0\u00bboff\u00a0\u00bb button_one_letter_spacing__hover_enabled=\u00a0\u00bboff\u00a0\u00bb button_two_letter_spacing__hover_enabled=\u00a0\u00bboff\u00a0\u00bb button_bg_color__hover_enabled=\u00a0\u00bboff\u00a0\u00bb button_one_bg_color__hover_enabled=\u00a0\u00bboff\u00a0\u00bb button_two_bg_color__hover_enabled=\u00a0\u00bboff\u00a0\u00bb][\/et_pb_contact_field][et_pb_contact_field field_id=\u00a0\u00bbMessage\u00a0\u00bb field_title=\u00a0\u00bbMessage\u00a0\u00bb field_type=\u00a0\u00bbtext\u00a0\u00bb fullwidth_field=\u00a0\u00bbon\u00a0\u00bb _builder_version=\u00a0\u00bb4.16&Prime; global_colors_info=\u00a0\u00bb{}\u00a0\u00bb button_text_size__hover_enabled=\u00a0\u00bboff\u00a0\u00bb button_one_text_size__hover_enabled=\u00a0\u00bboff\u00a0\u00bb button_two_text_size__hover_enabled=\u00a0\u00bboff\u00a0\u00bb button_text_color__hover_enabled=\u00a0\u00bboff\u00a0\u00bb button_one_text_color__hover_enabled=\u00a0\u00bboff\u00a0\u00bb button_two_text_color__hover_enabled=\u00a0\u00bboff\u00a0\u00bb button_border_width__hover_enabled=\u00a0\u00bboff\u00a0\u00bb button_one_border_width__hover_enabled=\u00a0\u00bboff\u00a0\u00bb button_two_border_width__hover_enabled=\u00a0\u00bboff\u00a0\u00bb button_border_color__hover_enabled=\u00a0\u00bboff\u00a0\u00bb button_one_border_color__hover_enabled=\u00a0\u00bboff\u00a0\u00bb button_two_border_color__hover_enabled=\u00a0\u00bboff\u00a0\u00bb button_border_radius__hover_enabled=\u00a0\u00bboff\u00a0\u00bb button_one_border_radius__hover_enabled=\u00a0\u00bboff\u00a0\u00bb button_two_border_radius__hover_enabled=\u00a0\u00bboff\u00a0\u00bb button_letter_spacing__hover_enabled=\u00a0\u00bboff\u00a0\u00bb button_one_letter_spacing__hover_enabled=\u00a0\u00bboff\u00a0\u00bb button_two_letter_spacing__hover_enabled=\u00a0\u00bboff\u00a0\u00bb button_bg_color__hover_enabled=\u00a0\u00bboff\u00a0\u00bb button_one_bg_color__hover_enabled=\u00a0\u00bboff\u00a0\u00bb button_two_bg_color__hover_enabled=\u00a0\u00bboff\u00a0\u00bb][\/et_pb_contact_field][\/et_pb_contact_form][\/et_pb_column][\/et_pb_row][et_pb_row _builder_version=\u00a0\u00bb4.27.4&Prime; _module_preset=\u00a0\u00bbdefault\u00a0\u00bb global_colors_info=\u00a0\u00bb{}\u00a0\u00bb][et_pb_column type=\u00a0\u00bb4_4&Prime; _builder_version=\u00a0\u00bb4.27.4&Prime; _module_preset=\u00a0\u00bbdefault\u00a0\u00bb global_colors_info=\u00a0\u00bb{}\u00a0\u00bb][et_pb_text _builder_version=\u00a0\u00bb4.27.4&Prime; _module_preset=\u00a0\u00bbdefault\u00a0\u00bb global_colors_info=\u00a0\u00bb{}\u00a0\u00bb][\/et_pb_text][et_pb_text _builder_version=\u00a0\u00bb4.27.4&Prime; _module_preset=\u00a0\u00bbdefault\u00a0\u00bb min_height=\u00a0\u00bb269px\u00a0\u00bb hover_enabled=\u00a0\u00bb0&Prime; global_colors_info=\u00a0\u00bb{}\u00a0\u00bb text_font_size=\u00a0\u00bb16px\u00a0\u00bb sticky_enabled=\u00a0\u00bb0&Prime;]<\/p>\n<p data-start=\"141\" data-end=\"453\" style=\"text-align: justify\"><span style=\"color: #ffffff\">Vous souhaitez organiser un \u00e9v\u00e9nement sportif simple, fun ou marquant ? BPM Agency est l\u00e0 pour vous aider.<\/span><span> <\/span><span style=\"color: #ffffff\">Notre \u00e9quipe vous accompagne pour cr\u00e9er un moment unique, adapt\u00e9 \u00e0 vos envies et \u00e0 votre budget.<\/span><span> <\/span><span style=\"color: #ffffff\">Nous aimons imaginer des exp\u00e9riences sportives qui rassemblent, motivent et laissent de beaux souvenirs.<\/span><\/p>\n<p data-start=\"455\" data-end=\"704\" style=\"text-align: justify\"><span style=\"color: #ffffff\">Pour nous contacter, rien de plus facile.<\/span><span> <\/span><span style=\"color: #ffffff\">Vous pouvez remplir le <strong data-start=\"522\" data-end=\"547\">formulaire ci-dessous<\/strong>.<\/span><span> <\/span><span style=\"color: #ffffff\">Nous vous r\u00e9pondrons rapidement pour comprendre votre demande et vous guider.<\/span><span> <\/span><span style=\"color: #ffffff\">Nous sommes l\u00e0 pour vous conseiller, m\u00eame si votre id\u00e9e est encore floue. <\/span><span style=\"color: #ffffff\">Vous pouvez aussi nous suivre sur nos <strong data-start=\"744\" data-end=\"763\">r\u00e9seaux sociaux<\/strong>.<\/span><span> <\/span><span style=\"color: #ffffff\">Nous y partageons nos projets, nos coulisses et nos \u00e9v\u00e9nements du moment.<\/span><span> <\/span><span style=\"color: #ffffff\">N\u2019h\u00e9sitez pas \u00e0 nous envoyer un message directement.<\/span><span> <\/span><span style=\"color: #ffffff\">Nous aimons \u00e9changer et d\u00e9couvrir de nouveaux projets.<\/span><\/p>\n<p data-start=\"954\" data-end=\"1268\" style=\"text-align: justify\"><span style=\"color: #ffffff\">Chez BPM Agency, chaque \u00e9v\u00e9nement compte.<\/span><span> <\/span><span style=\"color: #ffffff\">Qu\u2019il s\u2019agisse d\u2019une f\u00eate sportive, d\u2019un tournoi, d\u2019une animation ou d\u2019un challenge, nous mettons toute notre \u00e9nergie pour vous offrir la meilleure exp\u00e9rience possible.<\/span><span> <\/span><span style=\"color: #ffffff\">Notre objectif est simple : vous aider \u00e0 vivre un moment sportif r\u00e9ussi, agr\u00e9able et bien organis\u00e9. <\/span><span style=\"color: #ffffff\">Pr\u00eat \u00e0 vous lancer ?<\/span><span> <\/span><span style=\"color: #ffffff\"><strong data-start=\"1293\" data-end=\"1326\">Contactez-nous d\u00e8s maintenant<\/strong>.<\/span><span> <\/span><span style=\"color: #ffffff\">Cr\u00e9ons ensemble un \u00e9v\u00e9nement \u00e0 votre image.<\/span><\/p>\n<p>[\/et_pb_text][\/et_pb_column][\/et_pb_row][\/et_pb_section]<\/p>\n","protected":false},"excerpt":{"rendered":"<p>Nous contactez Les diff\u00e9rents moyen de nous contacter !Formulaire\u00a0Vous souhaitez organiser un \u00e9v\u00e9nement sportif simple, fun ou marquant ? BPM Agency est l\u00e0 pour vous aider. Notre \u00e9quipe vous accompagne pour cr\u00e9er un moment unique, adapt\u00e9 \u00e0 vos envies et \u00e0 votre budget. Nous aimons imaginer des exp\u00e9riences sportives qui rassemblent, motivent et laissent de [&hellip;]<\/p>\n","protected":false},"author":95,"featured_media":0,"parent":0,"menu_order":0,"comment_status":"closed","ping_status":"closed","template":"","meta":{"_et_pb_use_builder":"on","_et_pb_old_content":"","_et_gb_content_width":"","footnotes":""},"class_list":["post-110","page","type-page","status-publish","hentry"],"yoast_head":"<!-- This site is optimized with the Yoast SEO plugin v26.5 - https:\/\/yoast.com\/wordpress\/plugins\/seo\/ -->\n<title>Contacter - BPM Agency<\/title>\n<meta name=\"description\" content=\"Nous contacter via nos r\u00e9seaux sociaux ou notre adresse mail et \u00e9galement le formulaire pour nous \u00e9crire un message et prendre.\" \/>\n<meta name=\"robots\" content=\"index, follow, max-snippet:-1, max-image-preview:large, max-video-preview:-1\" \/>\n<link rel=\"canonical\" href=\"https:\/\/3sport2025.ppawebdesign.com\/d2\/contacter-nos-reseaux\/\" \/>\n<meta property=\"og:locale\" content=\"fr_FR\" \/>\n<meta property=\"og:type\" content=\"article\" \/>\n<meta property=\"og:title\" content=\"Contacter - BPM Agency\" \/>\n<meta property=\"og:description\" content=\"Nous contacter via nos r\u00e9seaux sociaux ou notre adresse mail et \u00e9galement le formulaire pour nous \u00e9crire un message et prendre.\" \/>\n<meta property=\"og:url\" content=\"https:\/\/3sport2025.ppawebdesign.com\/d2\/contacter-nos-reseaux\/\" \/>\n<meta property=\"og:site_name\" content=\"BPM Agency\" \/>\n<meta property=\"article:modified_time\" content=\"2025-12-04T14:55:44+00:00\" \/>\n<meta name=\"twitter:card\" content=\"summary_large_image\" \/>\n<meta name=\"twitter:label1\" content=\"Dur\u00e9e de lecture estim\u00e9e\" \/>\n\t<meta name=\"twitter:data1\" content=\"2 minutes\" \/>\n<script type=\"application\/ld+json\" class=\"yoast-schema-graph\">{\"@context\":\"https:\/\/schema.org\",\"@graph\":[{\"@type\":\"WebPage\",\"@id\":\"https:\/\/3sport2025.ppawebdesign.com\/d2\/contacter-nos-reseaux\/\",\"url\":\"https:\/\/3sport2025.ppawebdesign.com\/d2\/contacter-nos-reseaux\/\",\"name\":\"Contacter - BPM Agency\",\"isPartOf\":{\"@id\":\"https:\/\/3sport2025.ppawebdesign.com\/d2\/#website\"},\"datePublished\":\"2025-12-02T13:40:40+00:00\",\"dateModified\":\"2025-12-04T14:55:44+00:00\",\"description\":\"Nous contacter via nos r\u00e9seaux sociaux ou notre adresse mail et \u00e9galement le formulaire pour nous \u00e9crire un message et prendre.\",\"breadcrumb\":{\"@id\":\"https:\/\/3sport2025.ppawebdesign.com\/d2\/contacter-nos-reseaux\/#breadcrumb\"},\"inLanguage\":\"fr-FR\",\"potentialAction\":[{\"@type\":\"ReadAction\",\"target\":[\"https:\/\/3sport2025.ppawebdesign.com\/d2\/contacter-nos-reseaux\/\"]}]},{\"@type\":\"BreadcrumbList\",\"@id\":\"https:\/\/3sport2025.ppawebdesign.com\/d2\/contacter-nos-reseaux\/#breadcrumb\",\"itemListElement\":[{\"@type\":\"ListItem\",\"position\":1,\"name\":\"Accueil\",\"item\":\"https:\/\/3sport2025.ppawebdesign.com\/d2\/\"},{\"@type\":\"ListItem\",\"position\":2,\"name\":\"Contact\"}]},{\"@type\":\"WebSite\",\"@id\":\"https:\/\/3sport2025.ppawebdesign.com\/d2\/#website\",\"url\":\"https:\/\/3sport2025.ppawebdesign.com\/d2\/\",\"name\":\"BPM Agency\",\"description\":\"\u201cParce qu\u2019un bon \u00e9v\u00e9nement se voit. Mais un grand \u00e9v\u00e9nement\u2026 se ressent.\u201d\",\"publisher\":{\"@id\":\"https:\/\/3sport2025.ppawebdesign.com\/d2\/#organization\"},\"potentialAction\":[{\"@type\":\"SearchAction\",\"target\":{\"@type\":\"EntryPoint\",\"urlTemplate\":\"https:\/\/3sport2025.ppawebdesign.com\/d2\/?s={search_term_string}\"},\"query-input\":{\"@type\":\"PropertyValueSpecification\",\"valueRequired\":true,\"valueName\":\"search_term_string\"}}],\"inLanguage\":\"fr-FR\"},{\"@type\":\"Organization\",\"@id\":\"https:\/\/3sport2025.ppawebdesign.com\/d2\/#organization\",\"name\":\"BPM Agency\",\"url\":\"https:\/\/3sport2025.ppawebdesign.com\/d2\/\",\"logo\":{\"@type\":\"ImageObject\",\"inLanguage\":\"fr-FR\",\"@id\":\"https:\/\/3sport2025.ppawebdesign.com\/d2\/#\/schema\/logo\/image\/\",\"url\":\"https:\/\/3sport2025.ppawebdesign.com\/d2\/wp-content\/uploads\/sites\/17\/2025\/12\/Logo_BPM_Agency_Blanc.png\",\"contentUrl\":\"https:\/\/3sport2025.ppawebdesign.com\/d2\/wp-content\/uploads\/sites\/17\/2025\/12\/Logo_BPM_Agency_Blanc.png\",\"width\":581,\"height\":842,\"caption\":\"BPM Agency\"},\"image\":{\"@id\":\"https:\/\/3sport2025.ppawebdesign.com\/d2\/#\/schema\/logo\/image\/\"}}]}<\/script>\n<!-- \/ Yoast SEO plugin. -->","yoast_head_json":{"title":"Contacter - BPM Agency","description":"Nous contacter via nos r\u00e9seaux sociaux ou notre adresse mail et \u00e9galement le formulaire pour nous \u00e9crire un message et prendre.","robots":{"index":"index","follow":"follow","max-snippet":"max-snippet:-1","max-image-preview":"max-image-preview:large","max-video-preview":"max-video-preview:-1"},"canonical":"https:\/\/3sport2025.ppawebdesign.com\/d2\/contacter-nos-reseaux\/","og_locale":"fr_FR","og_type":"article","og_title":"Contacter - BPM Agency","og_description":"Nous contacter via nos r\u00e9seaux sociaux ou notre adresse mail et \u00e9galement le formulaire pour nous \u00e9crire un message et prendre.","og_url":"https:\/\/3sport2025.ppawebdesign.com\/d2\/contacter-nos-reseaux\/","og_site_name":"BPM Agency","article_modified_time":"2025-12-04T14:55:44+00:00","twitter_card":"summary_large_image","twitter_misc":{"Dur\u00e9e de lecture estim\u00e9e":"2 minutes"},"schema":{"@context":"https:\/\/schema.org","@graph":[{"@type":"WebPage","@id":"https:\/\/3sport2025.ppawebdesign.com\/d2\/contacter-nos-reseaux\/","url":"https:\/\/3sport2025.ppawebdesign.com\/d2\/contacter-nos-reseaux\/","name":"Contacter - BPM Agency","isPartOf":{"@id":"https:\/\/3sport2025.ppawebdesign.com\/d2\/#website"},"datePublished":"2025-12-02T13:40:40+00:00","dateModified":"2025-12-04T14:55:44+00:00","description":"Nous contacter via nos r\u00e9seaux sociaux ou notre adresse mail et \u00e9galement le formulaire pour nous \u00e9crire un message et prendre.","breadcrumb":{"@id":"https:\/\/3sport2025.ppawebdesign.com\/d2\/contacter-nos-reseaux\/#breadcrumb"},"inLanguage":"fr-FR","potentialAction":[{"@type":"ReadAction","target":["https:\/\/3sport2025.ppawebdesign.com\/d2\/contacter-nos-reseaux\/"]}]},{"@type":"BreadcrumbList","@id":"https:\/\/3sport2025.ppawebdesign.com\/d2\/contacter-nos-reseaux\/#breadcrumb","itemListElement":[{"@type":"ListItem","position":1,"name":"Accueil","item":"https:\/\/3sport2025.ppawebdesign.com\/d2\/"},{"@type":"ListItem","position":2,"name":"Contact"}]},{"@type":"WebSite","@id":"https:\/\/3sport2025.ppawebdesign.com\/d2\/#website","url":"https:\/\/3sport2025.ppawebdesign.com\/d2\/","name":"BPM Agency","description":"\u201cParce qu\u2019un bon \u00e9v\u00e9nement se voit. Mais un grand \u00e9v\u00e9nement\u2026 se ressent.\u201d","publisher":{"@id":"https:\/\/3sport2025.ppawebdesign.com\/d2\/#organization"},"potentialAction":[{"@type":"SearchAction","target":{"@type":"EntryPoint","urlTemplate":"https:\/\/3sport2025.ppawebdesign.com\/d2\/?s={search_term_string}"},"query-input":{"@type":"PropertyValueSpecification","valueRequired":true,"valueName":"search_term_string"}}],"inLanguage":"fr-FR"},{"@type":"Organization","@id":"https:\/\/3sport2025.ppawebdesign.com\/d2\/#organization","name":"BPM Agency","url":"https:\/\/3sport2025.ppawebdesign.com\/d2\/","logo":{"@type":"ImageObject","inLanguage":"fr-FR","@id":"https:\/\/3sport2025.ppawebdesign.com\/d2\/#\/schema\/logo\/image\/","url":"https:\/\/3sport2025.ppawebdesign.com\/d2\/wp-content\/uploads\/sites\/17\/2025\/12\/Logo_BPM_Agency_Blanc.png","contentUrl":"https:\/\/3sport2025.ppawebdesign.com\/d2\/wp-content\/uploads\/sites\/17\/2025\/12\/Logo_BPM_Agency_Blanc.png","width":581,"height":842,"caption":"BPM Agency"},"image":{"@id":"https:\/\/3sport2025.ppawebdesign.com\/d2\/#\/schema\/logo\/image\/"}}]}},"_links":{"self":[{"href":"https:\/\/3sport2025.ppawebdesign.com\/d2\/wp-json\/wp\/v2\/pages\/110","targetHints":{"allow":["GET"]}}],"collection":[{"href":"https:\/\/3sport2025.ppawebdesign.com\/d2\/wp-json\/wp\/v2\/pages"}],"about":[{"href":"https:\/\/3sport2025.ppawebdesign.com\/d2\/wp-json\/wp\/v2\/types\/page"}],"author":[{"embeddable":true,"href":"https:\/\/3sport2025.ppawebdesign.com\/d2\/wp-json\/wp\/v2\/users\/95"}],"replies":[{"embeddable":true,"href":"https:\/\/3sport2025.ppawebdesign.com\/d2\/wp-json\/wp\/v2\/comments?post=110"}],"version-history":[{"count":32,"href":"https:\/\/3sport2025.ppawebdesign.com\/d2\/wp-json\/wp\/v2\/pages\/110\/revisions"}],"predecessor-version":[{"id":580,"href":"https:\/\/3sport2025.ppawebdesign.com\/d2\/wp-json\/wp\/v2\/pages\/110\/revisions\/580"}],"wp:attachment":[{"href":"https:\/\/3sport2025.ppawebdesign.com\/d2\/wp-json\/wp\/v2\/media?parent=110"}],"curies":[{"name":"wp","href":"https:\/\/api.w.org\/{rel}","templated":true}]}}