{"id":125,"date":"2025-12-02T13:02:29","date_gmt":"2025-12-02T12:02:29","guid":{"rendered":"https:\/\/3sport2025.ppawebdesign.com\/d2\/?page_id=125"},"modified":"2025-12-03T15:02:25","modified_gmt":"2025-12-03T14:02:25","slug":"aide","status":"publish","type":"page","link":"https:\/\/3sport2025.ppawebdesign.com\/d2\/aide\/","title":{"rendered":"Aide"},"content":{"rendered":"[et_pb_section admin_label=\u00a0\u00bbsection\u00a0\u00bb]\n\t\t\t[et_pb_row admin_label=\u00a0\u00bbrow\u00a0\u00bb]\n\t\t\t\t[et_pb_column type=\u00a0\u00bb4_4&Prime;][et_pb_text admin_label=\u00a0\u00bbText\u00a0\u00bb][\/et_pb_text][\/et_pb_column]\n\t\t\t[\/et_pb_row]\n\t\t[\/et_pb_section]","protected":false},"excerpt":{"rendered":"","protected":false},"author":93,"featured_media":0,"parent":0,"menu_order":0,"comment_status":"closed","ping_status":"closed","template":"","meta":{"_et_pb_use_builder":"on","_et_pb_old_content":"<!-- wp:divi\/placeholder \/-->","_et_gb_content_width":"","footnotes":""},"class_list":["post-125","page","type-page","status-publish","hentry"],"yoast_head":"<!-- This site is optimized with the Yoast SEO plugin v26.5 - https:\/\/yoast.com\/wordpress\/plugins\/seo\/ -->\n<title>Aide - BPM Agency<\/title>\n<meta name=\"robots\" content=\"index, follow, max-snippet:-1, max-image-preview:large, max-video-preview:-1\" \/>\n<link rel=\"canonical\" href=\"https:\/\/3sport2025.ppawebdesign.com\/d2\/aide\/\" \/>\n<meta property=\"og:locale\" content=\"fr_FR\" \/>\n<meta property=\"og:type\" content=\"article\" \/>\n<meta property=\"og:title\" content=\"Aide - BPM Agency\" \/>\n<meta property=\"og:url\" content=\"https:\/\/3sport2025.ppawebdesign.com\/d2\/aide\/\" \/>\n<meta property=\"og:site_name\" content=\"BPM Agency\" \/>\n<meta property=\"article:modified_time\" content=\"2025-12-03T14:02:25+00:00\" \/>\n<meta name=\"twitter:card\" content=\"summary_large_image\" \/>\n<script type=\"application\/ld+json\" class=\"yoast-schema-graph\">{\"@context\":\"https:\/\/schema.org\",\"@graph\":[{\"@type\":\"WebPage\",\"@id\":\"https:\/\/3sport2025.ppawebdesign.com\/d2\/aide\/\",\"url\":\"https:\/\/3sport2025.ppawebdesign.com\/d2\/aide\/\",\"name\":\"Aide - BPM Agency\",\"isPartOf\":{\"@id\":\"https:\/\/3sport2025.ppawebdesign.com\/d2\/#website\"},\"datePublished\":\"2025-12-02T12:02:29+00:00\",\"dateModified\":\"2025-12-03T14:02:25+00:00\",\"breadcrumb\":{\"@id\":\"https:\/\/3sport2025.ppawebdesign.com\/d2\/aide\/#breadcrumb\"},\"inLanguage\":\"fr-FR\",\"potentialAction\":[{\"@type\":\"ReadAction\",\"target\":[\"https:\/\/3sport2025.ppawebdesign.com\/d2\/aide\/\"]}]},{\"@type\":\"BreadcrumbList\",\"@id\":\"https:\/\/3sport2025.ppawebdesign.com\/d2\/aide\/#breadcrumb\",\"itemListElement\":[{\"@type\":\"ListItem\",\"position\":1,\"name\":\"Accueil\",\"item\":\"https:\/\/3sport2025.ppawebdesign.com\/d2\/\"},{\"@type\":\"ListItem\",\"position\":2,\"name\":\"Aide\"}]},{\"@type\":\"WebSite\",\"@id\":\"https:\/\/3sport2025.ppawebdesign.com\/d2\/#website\",\"url\":\"https:\/\/3sport2025.ppawebdesign.com\/d2\/\",\"name\":\"BPM Agency\",\"description\":\"\u201cParce qu\u2019un bon \u00e9v\u00e9nement se voit. Mais un grand \u00e9v\u00e9nement\u2026 se ressent.\u201d\",\"publisher\":{\"@id\":\"https:\/\/3sport2025.ppawebdesign.com\/d2\/#organization\"},\"potentialAction\":[{\"@type\":\"SearchAction\",\"target\":{\"@type\":\"EntryPoint\",\"urlTemplate\":\"https:\/\/3sport2025.ppawebdesign.com\/d2\/?s={search_term_string}\"},\"query-input\":{\"@type\":\"PropertyValueSpecification\",\"valueRequired\":true,\"valueName\":\"search_term_string\"}}],\"inLanguage\":\"fr-FR\"},{\"@type\":\"Organization\",\"@id\":\"https:\/\/3sport2025.ppawebdesign.com\/d2\/#organization\",\"name\":\"BPM Agency\",\"url\":\"https:\/\/3sport2025.ppawebdesign.com\/d2\/\",\"logo\":{\"@type\":\"ImageObject\",\"inLanguage\":\"fr-FR\",\"@id\":\"https:\/\/3sport2025.ppawebdesign.com\/d2\/#\/schema\/logo\/image\/\",\"url\":\"https:\/\/3sport2025.ppawebdesign.com\/d2\/wp-content\/uploads\/sites\/17\/2025\/12\/Logo_BPM_Agency_Blanc.png\",\"contentUrl\":\"https:\/\/3sport2025.ppawebdesign.com\/d2\/wp-content\/uploads\/sites\/17\/2025\/12\/Logo_BPM_Agency_Blanc.png\",\"width\":581,\"height\":842,\"caption\":\"BPM Agency\"},\"image\":{\"@id\":\"https:\/\/3sport2025.ppawebdesign.com\/d2\/#\/schema\/logo\/image\/\"}}]}<\/script>\n<!-- \/ Yoast SEO plugin. -->","yoast_head_json":{"title":"Aide - BPM Agency","robots":{"index":"index","follow":"follow","max-snippet":"max-snippet:-1","max-image-preview":"max-image-preview:large","max-video-preview":"max-video-preview:-1"},"canonical":"https:\/\/3sport2025.ppawebdesign.com\/d2\/aide\/","og_locale":"fr_FR","og_type":"article","og_title":"Aide - BPM Agency","og_url":"https:\/\/3sport2025.ppawebdesign.com\/d2\/aide\/","og_site_name":"BPM Agency","article_modified_time":"2025-12-03T14:02:25+00:00","twitter_card":"summary_large_image","schema":{"@context":"https:\/\/schema.org","@graph":[{"@type":"WebPage","@id":"https:\/\/3sport2025.ppawebdesign.com\/d2\/aide\/","url":"https:\/\/3sport2025.ppawebdesign.com\/d2\/aide\/","name":"Aide - BPM Agency","isPartOf":{"@id":"https:\/\/3sport2025.ppawebdesign.com\/d2\/#website"},"datePublished":"2025-12-02T12:02:29+00:00","dateModified":"2025-12-03T14:02:25+00:00","breadcrumb":{"@id":"https:\/\/3sport2025.ppawebdesign.com\/d2\/aide\/#breadcrumb"},"inLanguage":"fr-FR","potentialAction":[{"@type":"ReadAction","target":["https:\/\/3sport2025.ppawebdesign.com\/d2\/aide\/"]}]},{"@type":"BreadcrumbList","@id":"https:\/\/3sport2025.ppawebdesign.com\/d2\/aide\/#breadcrumb","itemListElement":[{"@type":"ListItem","position":1,"name":"Accueil","item":"https:\/\/3sport2025.ppawebdesign.com\/d2\/"},{"@type":"ListItem","position":2,"name":"Aide"}]},{"@type":"WebSite","@id":"https:\/\/3sport2025.ppawebdesign.com\/d2\/#website","url":"https:\/\/3sport2025.ppawebdesign.com\/d2\/","name":"BPM Agency","description":"\u201cParce qu\u2019un bon \u00e9v\u00e9nement se voit. Mais un grand \u00e9v\u00e9nement\u2026 se ressent.\u201d","publisher":{"@id":"https:\/\/3sport2025.ppawebdesign.com\/d2\/#organization"},"potentialAction":[{"@type":"SearchAction","target":{"@type":"EntryPoint","urlTemplate":"https:\/\/3sport2025.ppawebdesign.com\/d2\/?s={search_term_string}"},"query-input":{"@type":"PropertyValueSpecification","valueRequired":true,"valueName":"search_term_string"}}],"inLanguage":"fr-FR"},{"@type":"Organization","@id":"https:\/\/3sport2025.ppawebdesign.com\/d2\/#organization","name":"BPM Agency","url":"https:\/\/3sport2025.ppawebdesign.com\/d2\/","logo":{"@type":"ImageObject","inLanguage":"fr-FR","@id":"https:\/\/3sport2025.ppawebdesign.com\/d2\/#\/schema\/logo\/image\/","url":"https:\/\/3sport2025.ppawebdesign.com\/d2\/wp-content\/uploads\/sites\/17\/2025\/12\/Logo_BPM_Agency_Blanc.png","contentUrl":"https:\/\/3sport2025.ppawebdesign.com\/d2\/wp-content\/uploads\/sites\/17\/2025\/12\/Logo_BPM_Agency_Blanc.png","width":581,"height":842,"caption":"BPM Agency"},"image":{"@id":"https:\/\/3sport2025.ppawebdesign.com\/d2\/#\/schema\/logo\/image\/"}}]}},"_links":{"self":[{"href":"https:\/\/3sport2025.ppawebdesign.com\/d2\/wp-json\/wp\/v2\/pages\/125","targetHints":{"allow":["GET"]}}],"collection":[{"href":"https:\/\/3sport2025.ppawebdesign.com\/d2\/wp-json\/wp\/v2\/pages"}],"about":[{"href":"https:\/\/3sport2025.ppawebdesign.com\/d2\/wp-json\/wp\/v2\/types\/page"}],"author":[{"embeddable":true,"href":"https:\/\/3sport2025.ppawebdesign.com\/d2\/wp-json\/wp\/v2\/users\/93"}],"replies":[{"embeddable":true,"href":"https:\/\/3sport2025.ppawebdesign.com\/d2\/wp-json\/wp\/v2\/comments?post=125"}],"version-history":[{"count":2,"href":"https:\/\/3sport2025.ppawebdesign.com\/d2\/wp-json\/wp\/v2\/pages\/125\/revisions"}],"predecessor-version":[{"id":319,"href":"https:\/\/3sport2025.ppawebdesign.com\/d2\/wp-json\/wp\/v2\/pages\/125\/revisions\/319"}],"wp:attachment":[{"href":"https:\/\/3sport2025.ppawebdesign.com\/d2\/wp-json\/wp\/v2\/media?parent=125"}],"curies":[{"name":"wp","href":"https:\/\/api.w.org\/{rel}","templated":true}]}}