{"id":129,"date":"2025-12-02T13:02:44","date_gmt":"2025-12-02T12:02:44","guid":{"rendered":"https:\/\/3sport2025.ppawebdesign.com\/d2\/?page_id=129"},"modified":"2025-12-04T15:45:48","modified_gmt":"2025-12-04T14:45:48","slug":"mentions-legales","status":"publish","type":"page","link":"https:\/\/3sport2025.ppawebdesign.com\/d2\/mentions-legales\/","title":{"rendered":"Mentions l\u00e9gales"},"content":{"rendered":"<p>[et_pb_section fb_built=\u00a0\u00bb1&Prime; _builder_version=\u00a0\u00bb4.27.4&Prime; _module_preset=\u00a0\u00bbdefault\u00a0\u00bb background_color=\u00a0\u00bb#000000&Prime; custom_padding=\u00a0\u00bb0px||0px|||\u00a0\u00bb global_colors_info=\u00a0\u00bb{}\u00a0\u00bb][et_pb_row column_structure=\u00a0\u00bb1_3,1_3,1_3&Prime; _builder_version=\u00a0\u00bb4.27.4&Prime; _module_preset=\u00a0\u00bbdefault\u00a0\u00bb global_colors_info=\u00a0\u00bb{}\u00a0\u00bb][et_pb_column type=\u00a0\u00bb1_3&Prime; _builder_version=\u00a0\u00bb4.27.4&Prime; _module_preset=\u00a0\u00bbdefault\u00a0\u00bb global_colors_info=\u00a0\u00bb{}\u00a0\u00bb][et_pb_image src=\u00a0\u00bbhttps:\/\/3sport2025.ppawebdesign.com\/d2\/wp-content\/uploads\/sites\/17\/2025\/12\/Logo_BPM_Agency_Blanc.png\u00a0\u00bb title_text=\u00a0\u00bbLogo_BPM_Agency_Blanc\u00a0\u00bb align=\u00a0\u00bbcenter\u00a0\u00bb _builder_version=\u00a0\u00bb4.27.4&Prime; _module_preset=\u00a0\u00bbdefault\u00a0\u00bb height=\u00a0\u00bb191px\u00a0\u00bb custom_margin=\u00a0\u00bb||16px||false|false\u00a0\u00bb custom_padding=\u00a0\u00bb||11px||false|false\u00a0\u00bb global_colors_info=\u00a0\u00bb{}\u00a0\u00bb][\/et_pb_image][\/et_pb_column][et_pb_column type=\u00a0\u00bb1_3&Prime; _builder_version=\u00a0\u00bb4.27.4&Prime; _module_preset=\u00a0\u00bbdefault\u00a0\u00bb global_colors_info=\u00a0\u00bb{}\u00a0\u00bb][et_pb_menu active_link_color=\u00a0\u00bb#E9541D\u00a0\u00bb _builder_version=\u00a0\u00bb4.27.4&Prime; _module_preset=\u00a0\u00bbdefault\u00a0\u00bb menu_font=\u00a0\u00bbPoppins||||||||\u00a0\u00bb menu_text_color=\u00a0\u00bb#E9541D\u00a0\u00bb background_color=\u00a0\u00bb#000000&Prime; min_height=\u00a0\u00bb35px\u00a0\u00bb custom_padding=\u00a0\u00bb80px|||||\u00a0\u00bb global_colors_info=\u00a0\u00bb{}\u00a0\u00bb][\/et_pb_menu][\/et_pb_column][et_pb_column type=\u00a0\u00bb1_3&Prime; _builder_version=\u00a0\u00bb4.27.4&Prime; _module_preset=\u00a0\u00bbdefault\u00a0\u00bb global_colors_info=\u00a0\u00bb{}\u00a0\u00bb][et_pb_menu menu_id=\u00a0\u00bb9&Prime; active_link_color=\u00a0\u00bb#E9541D\u00a0\u00bb _builder_version=\u00a0\u00bb4.27.4&Prime; _module_preset=\u00a0\u00bbdefault\u00a0\u00bb menu_font=\u00a0\u00bbPoppins||||||||\u00a0\u00bb menu_text_color=\u00a0\u00bb#E9541D\u00a0\u00bb menu_font_size=\u00a0\u00bb13px\u00a0\u00bb background_color=\u00a0\u00bb#000000&Prime; custom_margin=\u00a0\u00bb0px||3px||false|false\u00a0\u00bb custom_padding=\u00a0\u00bb80px|||||\u00a0\u00bb global_colors_info=\u00a0\u00bb{}\u00a0\u00bb][\/et_pb_menu][\/et_pb_column][\/et_pb_row][\/et_pb_section][et_pb_section fb_built=\u00a0\u00bb1&Prime; _builder_version=\u00a0\u00bb4.27.4&Prime; _module_preset=\u00a0\u00bbdefault\u00a0\u00bb background_color=\u00a0\u00bb#E9541D\u00a0\u00bb global_colors_info=\u00a0\u00bb{}\u00a0\u00bb][et_pb_row _builder_version=\u00a0\u00bb4.27.4&Prime; _module_preset=\u00a0\u00bbdefault\u00a0\u00bb global_colors_info=\u00a0\u00bb{}\u00a0\u00bb][et_pb_column type=\u00a0\u00bb4_4&Prime; _builder_version=\u00a0\u00bb4.27.4&Prime; _module_preset=\u00a0\u00bbdefault\u00a0\u00bb global_colors_info=\u00a0\u00bb{}\u00a0\u00bb][et_pb_text _builder_version=\u00a0\u00bb4.27.4&Prime; _module_preset=\u00a0\u00bbdefault\u00a0\u00bb text_text_color=\u00a0\u00bb#FFFFFF\u00a0\u00bb header_text_color=\u00a0\u00bb#FFFFFF\u00a0\u00bb header_2_text_color=\u00a0\u00bb#FFFFFF\u00a0\u00bb global_colors_info=\u00a0\u00bb{}\u00a0\u00bb]<\/p>\n<h1 data-start=\"120\" data-end=\"160\">Mentions l\u00e9gales \u2013 BPM Agency<\/h1>\n<p>&nbsp;<\/p>\n<h2 data-start=\"162\" data-end=\"185\">1. \u00c9diteur du site<\/h2>\n<p data-start=\"186\" data-end=\"438\"><strong data-start=\"186\" data-end=\"200\">BPM Agency<\/strong><br data-start=\"200\" data-end=\"203\" \/>Forme juridique : <strong data-start=\"221\" data-end=\"228\">SAS<\/strong><br data-start=\"228\" data-end=\"231\" \/>Activit\u00e9 : Agence \u00e9v\u00e9nementielle sportive<br data-start=\"272\" data-end=\"275\" \/>Adresse du si\u00e8ge social : <strong data-start=\"301\" data-end=\"326\">34 rue Amiral Mouchez<\/strong><br data-start=\"326\" data-end=\"329\" \/>T\u00e9l\u00e9phone : <strong data-start=\"341\" data-end=\"359\">06 67 08 73 51<\/strong><br data-start=\"359\" data-end=\"362\" \/>Directeur de la publication : <strong data-start=\"392\" data-end=\"406\">Hugo Blanc<\/strong><br data-start=\"406\" data-end=\"409\" \/>Capital social : <strong data-start=\"426\" data-end=\"438\">83 000 $<\/strong><\/p>\n<p data-start=\"186\" data-end=\"438\"><strong data-start=\"426\" data-end=\"438\"><\/strong><\/p>\n<h2 data-start=\"440\" data-end=\"457\">2. H\u00e9bergeur<\/h2>\n<p data-start=\"458\" data-end=\"572\">L&rsquo;h\u00e9bergeur du site est :<br data-start=\"483\" data-end=\"486\" \/><strong data-start=\"486\" data-end=\"497\">OVH SAS<\/strong><br data-start=\"497\" data-end=\"500\" \/>2 rue Kellermann \u2013 59100 Roubaix \u2013 France<br data-start=\"541\" data-end=\"544\" \/>T\u00e9l\u00e9phone : 09 72 10 10 07<\/p>\n<h2 data-start=\"574\" data-end=\"606\">3. Propri\u00e9t\u00e9 intellectuelle<\/h2>\n<p data-start=\"607\" data-end=\"847\">L\u2019ensemble des \u00e9l\u00e9ments pr\u00e9sents sur le site (textes, images, vid\u00e9os, logos, graphismes\u2026) sont prot\u00e9g\u00e9s par le Code de la propri\u00e9t\u00e9 intellectuelle.<br data-start=\"754\" data-end=\"757\" \/>Toute reproduction, modification ou diffusion sans autorisation est strictement interdite.<\/p>\n<h2 data-start=\"849\" data-end=\"871\">4. Responsabilit\u00e9<\/h2>\n<p data-start=\"872\" data-end=\"1123\">BPM Agency veille \u00e0 la qualit\u00e9 et \u00e0 la fiabilit\u00e9 des informations publi\u00e9es mais ne peut garantir l\u2019absence d\u2019erreurs ou d\u2019omissions.<br data-start=\"1004\" data-end=\"1007\" \/>Des liens externes peuvent \u00eatre pr\u00e9sents ; BPM Agency d\u00e9cline toute responsabilit\u00e9 quant au contenu des sites tiers.<\/p>\n<h2 data-start=\"1125\" data-end=\"1160\">5. Donn\u00e9es personnelles (RGPD)<\/h2>\n<p data-start=\"1161\" data-end=\"1283\">Certaines donn\u00e9es peuvent \u00eatre collect\u00e9es via les formulaires du site (contact, demande d\u2019informations, demande de devis).<\/p>\n<p data-start=\"1285\" data-end=\"1340\">Responsable du traitement : <strong data-start=\"1313\" data-end=\"1340\">BPM Agency \u2013 Hugo Blanc<\/strong><\/p>\n<p data-start=\"1342\" data-end=\"1453\">Finalit\u00e9s :<br data-start=\"1353\" data-end=\"1356\" \/>\u2013 gestion des demandes et communications,<br data-start=\"1397\" data-end=\"1400\" \/>\u2013 suivi des prestations,<br data-start=\"1424\" data-end=\"1427\" \/>\u2013 statistiques d\u2019audience.<\/p>\n<p data-start=\"1455\" data-end=\"1670\">Conform\u00e9ment au RGPD, l\u2019utilisateur dispose des droits d\u2019acc\u00e8s, rectification, suppression, opposition et portabilit\u00e9.<br data-start=\"1573\" data-end=\"1576\" \/>Pour exercer ces droits, une demande peut \u00eatre faite par courrier \u00e0 l\u2019adresse du si\u00e8ge social.<\/p>\n<p data-start=\"1672\" data-end=\"1723\">Aucune donn\u00e9e personnelle n\u2019est vendue \u00e0 des tiers.<\/p>\n<h2 data-start=\"1725\" data-end=\"1740\">6. Cookies<\/h2>\n<p data-start=\"1741\" data-end=\"1969\">Le site utilise des cookies pour son fonctionnement, pour l\u2019analyse d\u2019audience et pour am\u00e9liorer l\u2019exp\u00e9rience utilisateur.<br data-start=\"1863\" data-end=\"1866\" \/>Vous pouvez accepter ou refuser les cookies via le bandeau d\u2019information ou les r\u00e9glages du navigateur.<\/p>\n<h2 data-start=\"1971\" data-end=\"2003\">7. Conditions d\u2019utilisation<\/h2>\n<p data-start=\"2004\" data-end=\"2155\">En acc\u00e9dant \u00e0 ce site, l\u2019utilisateur accepte de respecter les pr\u00e9sentes mentions l\u00e9gales et s\u2019engage \u00e0 ne pas porter atteinte \u00e0 son bon fonctionnement.<\/p>\n<h2 data-start=\"2157\" data-end=\"2181\">8. Droit applicable<\/h2>\n<p data-start=\"2182\" data-end=\"2355\">Les pr\u00e9sentes mentions sont r\u00e9gies par le droit fran\u00e7ais.<br data-start=\"2239\" data-end=\"2242\" \/>En cas de litige, les tribunaux comp\u00e9tents seront ceux du si\u00e8ge social de BPM Agency, sauf disposition contraire.<\/p>\n<p>[\/et_pb_text][\/et_pb_column][\/et_pb_row][\/et_pb_section]<\/p>\n","protected":false},"excerpt":{"rendered":"<p>Mentions l\u00e9gales \u2013 BPM Agency &nbsp; 1. \u00c9diteur du site BPM AgencyForme juridique : SASActivit\u00e9 : Agence \u00e9v\u00e9nementielle sportiveAdresse du si\u00e8ge social : 34 rue Amiral MouchezT\u00e9l\u00e9phone : 06 67 08 73 51Directeur de la publication : Hugo BlancCapital social : 83 000 $ 2. H\u00e9bergeur L&rsquo;h\u00e9bergeur du site est :OVH SAS2 rue Kellermann \u2013 [&hellip;]<\/p>\n","protected":false},"author":93,"featured_media":0,"parent":0,"menu_order":0,"comment_status":"closed","ping_status":"closed","template":"","meta":{"_et_pb_use_builder":"on","_et_pb_old_content":"<!-- wp:divi\/placeholder \/-->","_et_gb_content_width":"","footnotes":""},"class_list":["post-129","page","type-page","status-publish","hentry"],"yoast_head":"<!-- This site is optimized with the Yoast SEO plugin v26.5 - https:\/\/yoast.com\/wordpress\/plugins\/seo\/ -->\n<title>Mentions l\u00e9gales - BPM Agency<\/title>\n<meta name=\"robots\" content=\"index, follow, max-snippet:-1, max-image-preview:large, max-video-preview:-1\" \/>\n<link rel=\"canonical\" href=\"https:\/\/3sport2025.ppawebdesign.com\/d2\/mentions-legales\/\" \/>\n<meta property=\"og:locale\" content=\"fr_FR\" \/>\n<meta property=\"og:type\" content=\"article\" \/>\n<meta property=\"og:title\" content=\"Mentions l\u00e9gales - BPM Agency\" \/>\n<meta property=\"og:description\" content=\"Mentions l\u00e9gales \u2013 BPM Agency &nbsp; 1. \u00c9diteur du site BPM AgencyForme juridique : SASActivit\u00e9 : Agence \u00e9v\u00e9nementielle sportiveAdresse du si\u00e8ge social : 34 rue Amiral MouchezT\u00e9l\u00e9phone : 06 67 08 73 51Directeur de la publication : Hugo BlancCapital social : 83 000 $ 2. H\u00e9bergeur L&#039;h\u00e9bergeur du site est :OVH SAS2 rue Kellermann \u2013 [&hellip;]\" \/>\n<meta property=\"og:url\" content=\"https:\/\/3sport2025.ppawebdesign.com\/d2\/mentions-legales\/\" \/>\n<meta property=\"og:site_name\" content=\"BPM Agency\" \/>\n<meta property=\"article:modified_time\" content=\"2025-12-04T14:45:48+00:00\" \/>\n<meta name=\"twitter:card\" content=\"summary_large_image\" \/>\n<meta name=\"twitter:label1\" content=\"Dur\u00e9e de lecture estim\u00e9e\" \/>\n\t<meta name=\"twitter:data1\" content=\"2 minutes\" \/>\n<script type=\"application\/ld+json\" class=\"yoast-schema-graph\">{\"@context\":\"https:\/\/schema.org\",\"@graph\":[{\"@type\":\"WebPage\",\"@id\":\"https:\/\/3sport2025.ppawebdesign.com\/d2\/mentions-legales\/\",\"url\":\"https:\/\/3sport2025.ppawebdesign.com\/d2\/mentions-legales\/\",\"name\":\"Mentions l\u00e9gales - BPM Agency\",\"isPartOf\":{\"@id\":\"https:\/\/3sport2025.ppawebdesign.com\/d2\/#website\"},\"datePublished\":\"2025-12-02T12:02:44+00:00\",\"dateModified\":\"2025-12-04T14:45:48+00:00\",\"breadcrumb\":{\"@id\":\"https:\/\/3sport2025.ppawebdesign.com\/d2\/mentions-legales\/#breadcrumb\"},\"inLanguage\":\"fr-FR\",\"potentialAction\":[{\"@type\":\"ReadAction\",\"target\":[\"https:\/\/3sport2025.ppawebdesign.com\/d2\/mentions-legales\/\"]}]},{\"@type\":\"BreadcrumbList\",\"@id\":\"https:\/\/3sport2025.ppawebdesign.com\/d2\/mentions-legales\/#breadcrumb\",\"itemListElement\":[{\"@type\":\"ListItem\",\"position\":1,\"name\":\"Accueil\",\"item\":\"https:\/\/3sport2025.ppawebdesign.com\/d2\/\"},{\"@type\":\"ListItem\",\"position\":2,\"name\":\"Mentions l\u00e9gales\"}]},{\"@type\":\"WebSite\",\"@id\":\"https:\/\/3sport2025.ppawebdesign.com\/d2\/#website\",\"url\":\"https:\/\/3sport2025.ppawebdesign.com\/d2\/\",\"name\":\"BPM Agency\",\"description\":\"\u201cParce qu\u2019un bon \u00e9v\u00e9nement se voit. Mais un grand \u00e9v\u00e9nement\u2026 se ressent.\u201d\",\"publisher\":{\"@id\":\"https:\/\/3sport2025.ppawebdesign.com\/d2\/#organization\"},\"potentialAction\":[{\"@type\":\"SearchAction\",\"target\":{\"@type\":\"EntryPoint\",\"urlTemplate\":\"https:\/\/3sport2025.ppawebdesign.com\/d2\/?s={search_term_string}\"},\"query-input\":{\"@type\":\"PropertyValueSpecification\",\"valueRequired\":true,\"valueName\":\"search_term_string\"}}],\"inLanguage\":\"fr-FR\"},{\"@type\":\"Organization\",\"@id\":\"https:\/\/3sport2025.ppawebdesign.com\/d2\/#organization\",\"name\":\"BPM Agency\",\"url\":\"https:\/\/3sport2025.ppawebdesign.com\/d2\/\",\"logo\":{\"@type\":\"ImageObject\",\"inLanguage\":\"fr-FR\",\"@id\":\"https:\/\/3sport2025.ppawebdesign.com\/d2\/#\/schema\/logo\/image\/\",\"url\":\"https:\/\/3sport2025.ppawebdesign.com\/d2\/wp-content\/uploads\/sites\/17\/2025\/12\/Logo_BPM_Agency_Blanc.png\",\"contentUrl\":\"https:\/\/3sport2025.ppawebdesign.com\/d2\/wp-content\/uploads\/sites\/17\/2025\/12\/Logo_BPM_Agency_Blanc.png\",\"width\":581,\"height\":842,\"caption\":\"BPM Agency\"},\"image\":{\"@id\":\"https:\/\/3sport2025.ppawebdesign.com\/d2\/#\/schema\/logo\/image\/\"}}]}<\/script>\n<!-- \/ Yoast SEO plugin. -->","yoast_head_json":{"title":"Mentions l\u00e9gales - BPM Agency","robots":{"index":"index","follow":"follow","max-snippet":"max-snippet:-1","max-image-preview":"max-image-preview:large","max-video-preview":"max-video-preview:-1"},"canonical":"https:\/\/3sport2025.ppawebdesign.com\/d2\/mentions-legales\/","og_locale":"fr_FR","og_type":"article","og_title":"Mentions l\u00e9gales - BPM Agency","og_description":"Mentions l\u00e9gales \u2013 BPM Agency &nbsp; 1. \u00c9diteur du site BPM AgencyForme juridique : SASActivit\u00e9 : Agence \u00e9v\u00e9nementielle sportiveAdresse du si\u00e8ge social : 34 rue Amiral MouchezT\u00e9l\u00e9phone : 06 67 08 73 51Directeur de la publication : Hugo BlancCapital social : 83 000 $ 2. H\u00e9bergeur L'h\u00e9bergeur du site est :OVH SAS2 rue Kellermann \u2013 [&hellip;]","og_url":"https:\/\/3sport2025.ppawebdesign.com\/d2\/mentions-legales\/","og_site_name":"BPM Agency","article_modified_time":"2025-12-04T14:45:48+00:00","twitter_card":"summary_large_image","twitter_misc":{"Dur\u00e9e de lecture estim\u00e9e":"2 minutes"},"schema":{"@context":"https:\/\/schema.org","@graph":[{"@type":"WebPage","@id":"https:\/\/3sport2025.ppawebdesign.com\/d2\/mentions-legales\/","url":"https:\/\/3sport2025.ppawebdesign.com\/d2\/mentions-legales\/","name":"Mentions l\u00e9gales - BPM Agency","isPartOf":{"@id":"https:\/\/3sport2025.ppawebdesign.com\/d2\/#website"},"datePublished":"2025-12-02T12:02:44+00:00","dateModified":"2025-12-04T14:45:48+00:00","breadcrumb":{"@id":"https:\/\/3sport2025.ppawebdesign.com\/d2\/mentions-legales\/#breadcrumb"},"inLanguage":"fr-FR","potentialAction":[{"@type":"ReadAction","target":["https:\/\/3sport2025.ppawebdesign.com\/d2\/mentions-legales\/"]}]},{"@type":"BreadcrumbList","@id":"https:\/\/3sport2025.ppawebdesign.com\/d2\/mentions-legales\/#breadcrumb","itemListElement":[{"@type":"ListItem","position":1,"name":"Accueil","item":"https:\/\/3sport2025.ppawebdesign.com\/d2\/"},{"@type":"ListItem","position":2,"name":"Mentions l\u00e9gales"}]},{"@type":"WebSite","@id":"https:\/\/3sport2025.ppawebdesign.com\/d2\/#website","url":"https:\/\/3sport2025.ppawebdesign.com\/d2\/","name":"BPM Agency","description":"\u201cParce qu\u2019un bon \u00e9v\u00e9nement se voit. Mais un grand \u00e9v\u00e9nement\u2026 se ressent.\u201d","publisher":{"@id":"https:\/\/3sport2025.ppawebdesign.com\/d2\/#organization"},"potentialAction":[{"@type":"SearchAction","target":{"@type":"EntryPoint","urlTemplate":"https:\/\/3sport2025.ppawebdesign.com\/d2\/?s={search_term_string}"},"query-input":{"@type":"PropertyValueSpecification","valueRequired":true,"valueName":"search_term_string"}}],"inLanguage":"fr-FR"},{"@type":"Organization","@id":"https:\/\/3sport2025.ppawebdesign.com\/d2\/#organization","name":"BPM Agency","url":"https:\/\/3sport2025.ppawebdesign.com\/d2\/","logo":{"@type":"ImageObject","inLanguage":"fr-FR","@id":"https:\/\/3sport2025.ppawebdesign.com\/d2\/#\/schema\/logo\/image\/","url":"https:\/\/3sport2025.ppawebdesign.com\/d2\/wp-content\/uploads\/sites\/17\/2025\/12\/Logo_BPM_Agency_Blanc.png","contentUrl":"https:\/\/3sport2025.ppawebdesign.com\/d2\/wp-content\/uploads\/sites\/17\/2025\/12\/Logo_BPM_Agency_Blanc.png","width":581,"height":842,"caption":"BPM Agency"},"image":{"@id":"https:\/\/3sport2025.ppawebdesign.com\/d2\/#\/schema\/logo\/image\/"}}]}},"_links":{"self":[{"href":"https:\/\/3sport2025.ppawebdesign.com\/d2\/wp-json\/wp\/v2\/pages\/129","targetHints":{"allow":["GET"]}}],"collection":[{"href":"https:\/\/3sport2025.ppawebdesign.com\/d2\/wp-json\/wp\/v2\/pages"}],"about":[{"href":"https:\/\/3sport2025.ppawebdesign.com\/d2\/wp-json\/wp\/v2\/types\/page"}],"author":[{"embeddable":true,"href":"https:\/\/3sport2025.ppawebdesign.com\/d2\/wp-json\/wp\/v2\/users\/93"}],"replies":[{"embeddable":true,"href":"https:\/\/3sport2025.ppawebdesign.com\/d2\/wp-json\/wp\/v2\/comments?post=129"}],"version-history":[{"count":6,"href":"https:\/\/3sport2025.ppawebdesign.com\/d2\/wp-json\/wp\/v2\/pages\/129\/revisions"}],"predecessor-version":[{"id":563,"href":"https:\/\/3sport2025.ppawebdesign.com\/d2\/wp-json\/wp\/v2\/pages\/129\/revisions\/563"}],"wp:attachment":[{"href":"https:\/\/3sport2025.ppawebdesign.com\/d2\/wp-json\/wp\/v2\/media?parent=129"}],"curies":[{"name":"wp","href":"https:\/\/api.w.org\/{rel}","templated":true}]}}