{"id":13,"date":"2025-12-02T11:14:07","date_gmt":"2025-12-02T10:14:07","guid":{"rendered":"https:\/\/3sport2025.ppawebdesign.com\/d2\/?page_id=13"},"modified":"2025-12-04T15:51:13","modified_gmt":"2025-12-04T14:51:13","slug":"l-evenement","status":"publish","type":"page","link":"https:\/\/3sport2025.ppawebdesign.com\/d2\/l-evenement\/","title":{"rendered":"L&rsquo;\u00e9v\u00e9nement"},"content":{"rendered":"<p>[et_pb_section fb_built=\u00a0\u00bb1&Prime; _builder_version=\u00a0\u00bb4.27.4&Prime; _module_preset=\u00a0\u00bbdefault\u00a0\u00bb background_image=\u00a0\u00bbhttps:\/\/3sport2025.ppawebdesign.com\/d2\/wp-content\/uploads\/sites\/17\/2025\/12\/BANNIERE.jpg\u00a0\u00bb width=\u00a0\u00bb100%\u00a0\u00bb max_width=\u00a0\u00bb100%\u00a0\u00bb module_alignment=\u00a0\u00bbleft\u00a0\u00bb min_height=\u00a0\u00bb252px\u00a0\u00bb height=\u00a0\u00bb235px\u00a0\u00bb custom_padding=\u00a0\u00bb10px||||false|false\u00a0\u00bb locked=\u00a0\u00bboff\u00a0\u00bb global_colors_info=\u00a0\u00bb{}\u00a0\u00bb][et_pb_row _builder_version=\u00a0\u00bb4.27.4&Prime; _module_preset=\u00a0\u00bbdefault\u00a0\u00bb global_colors_info=\u00a0\u00bb{}\u00a0\u00bb][et_pb_column type=\u00a0\u00bb4_4&Prime; _builder_version=\u00a0\u00bb4.27.4&Prime; _module_preset=\u00a0\u00bbdefault\u00a0\u00bb global_colors_info=\u00a0\u00bb{}\u00a0\u00bb][et_pb_button button_url=\u00a0\u00bbhttps:\/\/3sport2025.ppawebdesign.com\/d2\/page-daccueil\/\u00a0\u00bb button_text=\u00a0\u00bbAccueil\u00a0\u00bb _builder_version=\u00a0\u00bb4.27.4&Prime; _module_preset=\u00a0\u00bbdefault\u00a0\u00bb custom_button=\u00a0\u00bbon\u00a0\u00bb button_text_color=\u00a0\u00bb#FFFFFF\u00a0\u00bb button_bg_color=\u00a0\u00bbRGBA(255,255,255,0)\u00a0\u00bb button_border_color=\u00a0\u00bbRGBA(255,255,255,0)\u00a0\u00bb button_icon=\u00a0\u00bb&#x23;||divi||400&Prime; button_icon_placement=\u00a0\u00bbleft\u00a0\u00bb button_on_hover=\u00a0\u00bboff\u00a0\u00bb global_colors_info=\u00a0\u00bb{}\u00a0\u00bb][\/et_pb_button][et_pb_text _builder_version=\u00a0\u00bb4.27.4&Prime; _module_preset=\u00a0\u00bbdefault\u00a0\u00bb header_font=\u00a0\u00bbPoppins|800|||||||\u00a0\u00bb header_text_color=\u00a0\u00bb#FFFFFF\u00a0\u00bb header_font_size=\u00a0\u00bb45px\u00a0\u00bb global_colors_info=\u00a0\u00bb{}\u00a0\u00bb]<\/p>\n<h1>L&rsquo;\u00e9v\u00e9nement<\/h1>\n<p><span style=\"color: #ffffff\">D\u00e9couvrez notre \u00e9v\u00e9nement \u00ab\u00a0La Roue du BPM\u00a0\u00bb, si vous aimez le fitness vous serez conquis !<\/span><\/p>\n<p>[\/et_pb_text][\/et_pb_column][\/et_pb_row][\/et_pb_section][et_pb_section fb_built=\u00a0\u00bb1&Prime; next_background_color=\u00a0\u00bb#ffffff\u00a0\u00bb _builder_version=\u00a0\u00bb4.27.4&Prime; _module_preset=\u00a0\u00bbdefault\u00a0\u00bb background_color=\u00a0\u00bb#E9541D\u00a0\u00bb use_background_color_gradient=\u00a0\u00bbon\u00a0\u00bb background_color_gradient_stops=\u00a0\u00bb#edf000 1%|#e9541d 16%|rgba(233, 84, 29, 1) 89%|#e9541d 100%\u00a0\u00bb bottom_divider_style=\u00a0\u00bbwaves2&Prime; bottom_divider_height=\u00a0\u00bb39px\u00a0\u00bb global_colors_info=\u00a0\u00bb{}\u00a0\u00bb][et_pb_row _builder_version=\u00a0\u00bb4.27.4&Prime; _module_preset=\u00a0\u00bbdefault\u00a0\u00bb custom_margin=\u00a0\u00bb63px|auto||auto||\u00a0\u00bb global_colors_info=\u00a0\u00bb{}\u00a0\u00bb][et_pb_column type=\u00a0\u00bb4_4&Prime; _builder_version=\u00a0\u00bb4.27.4&Prime; _module_preset=\u00a0\u00bbdefault\u00a0\u00bb global_colors_info=\u00a0\u00bb{}\u00a0\u00bb][et_pb_countdown_timer title=\u00a0\u00bbL&rsquo;\u00e9v\u00e9nement commence dans \u00a0\u00bb date_time=\u00a0\u00bb2025-12-09 13:00&Prime; _builder_version=\u00a0\u00bb4.27.4&Prime; _module_preset=\u00a0\u00bbdefault\u00a0\u00bb header_font=\u00a0\u00bbPoppins||||||||\u00a0\u00bb numbers_font=\u00a0\u00bbPoppins||||||||\u00a0\u00bb background_color=\u00a0\u00bbRGBA(255,255,255,0)\u00a0\u00bb custom_padding=\u00a0\u00bb75px|||||\u00a0\u00bb global_colors_info=\u00a0\u00bb{}\u00a0\u00bb][\/et_pb_countdown_timer][\/et_pb_column][\/et_pb_row][et_pb_row _builder_version=\u00a0\u00bb4.27.4&Prime; _module_preset=\u00a0\u00bbdefault\u00a0\u00bb global_colors_info=\u00a0\u00bb{}\u00a0\u00bb][et_pb_column type=\u00a0\u00bb4_4&Prime; _builder_version=\u00a0\u00bb4.27.4&Prime; _module_preset=\u00a0\u00bbdefault\u00a0\u00bb global_colors_info=\u00a0\u00bb{}\u00a0\u00bb][et_pb_text _builder_version=\u00a0\u00bb4.27.4&Prime; _module_preset=\u00a0\u00bbdefault\u00a0\u00bb text_font=\u00a0\u00bbPoppins||||||||\u00a0\u00bb text_text_color=\u00a0\u00bb#FFFFFF\u00a0\u00bb text_font_size=\u00a0\u00bb16px\u00a0\u00bb header_text_color=\u00a0\u00bb#FFFFFF\u00a0\u00bb header_font_size=\u00a0\u00bb33px\u00a0\u00bb background_color=\u00a0\u00bbRGBA(255,255,255,0)\u00a0\u00bb hover_enabled=\u00a0\u00bb0&Prime; global_colors_info=\u00a0\u00bb{}\u00a0\u00bb header_font=\u00a0\u00bbPoppins|700|||||||\u00a0\u00bb sticky_enabled=\u00a0\u00bb0&Prime;]<\/p>\n<h1><strong>La Roue du BPM<\/strong><\/h1>\n<p>&nbsp;<\/p>\n<p><span class=\"a_GcMg font-feature-liga-off font-feature-clig-off font-feature-calt-off text-decoration-none text-strikethrough-none\">Bienvenue \u201c<\/span><span class=\"a_GcMg font-feature-liga-off font-feature-clig-off font-feature-calt-off text-decoration-none text-strikethrough-none\">La Roue du BPM<\/span><span class=\"a_GcMg font-feature-liga-off font-feature-clig-off font-feature-calt-off text-decoration-none text-strikethrough-none\">\u201d un \u00e9v\u00e9nement interactif de fitness au poid du corps. Nous avons cr\u00e9ent un roue avec diff\u00e9rents challenge physique \u00e0 relev\u00e9s.<\/span><span class=\"a_GcMg font-feature-liga-off font-feature-clig-off font-feature-calt-off text-decoration-none text-strikethrough-none white-space-prewrap\"> <\/span><\/p>\n<p>[\/et_pb_text][\/et_pb_column][\/et_pb_row][et_pb_row _builder_version=\u00a0\u00bb4.27.4&Prime; _module_preset=\u00a0\u00bbdefault\u00a0\u00bb global_colors_info=\u00a0\u00bb{}\u00a0\u00bb][et_pb_column type=\u00a0\u00bb4_4&Prime; _builder_version=\u00a0\u00bb4.27.4&Prime; _module_preset=\u00a0\u00bbdefault\u00a0\u00bb global_colors_info=\u00a0\u00bb{}\u00a0\u00bb][et_pb_image src=\u00a0\u00bbhttps:\/\/3sport2025.ppawebdesign.com\/d2\/wp-content\/uploads\/sites\/17\/2025\/12\/BPM_ROUE_LOGO.png\u00a0\u00bb alt=\u00a0\u00bbLogo de l&rsquo;\u00e9v\u00e9nement\u00a0\u00bb title_text=\u00a0\u00bbBPM_ROUE_LOGO\u00a0\u00bb align=\u00a0\u00bbcenter\u00a0\u00bb _builder_version=\u00a0\u00bb4.27.4&Prime; _module_preset=\u00a0\u00bbdefault\u00a0\u00bb box_shadow_style=\u00a0\u00bbpreset2&Prime; box_shadow_horizontal=\u00a0\u00bb15px\u00a0\u00bb box_shadow_vertical=\u00a0\u00bb16px\u00a0\u00bb global_colors_info=\u00a0\u00bb{}\u00a0\u00bb][\/et_pb_image][\/et_pb_column][\/et_pb_row][\/et_pb_section][et_pb_section fb_built=\u00a0\u00bb1&Prime; _builder_version=\u00a0\u00bb4.27.4&Prime; _module_preset=\u00a0\u00bbdefault\u00a0\u00bb global_colors_info=\u00a0\u00bb{}\u00a0\u00bb][et_pb_row _builder_version=\u00a0\u00bb4.27.4&Prime; _module_preset=\u00a0\u00bbdefault\u00a0\u00bb locked=\u00a0\u00bboff\u00a0\u00bb global_colors_info=\u00a0\u00bb{}\u00a0\u00bb][et_pb_column type=\u00a0\u00bb4_4&Prime; _builder_version=\u00a0\u00bb4.27.4&Prime; _module_preset=\u00a0\u00bbdefault\u00a0\u00bb global_colors_info=\u00a0\u00bb{}\u00a0\u00bb][et_pb_text _builder_version=\u00a0\u00bb4.27.4&Prime; _module_preset=\u00a0\u00bbdefault\u00a0\u00bb text_font=\u00a0\u00bbPoppins||||||||\u00a0\u00bb text_text_color=\u00a0\u00bb#000000&Prime; text_font_size=\u00a0\u00bb16px\u00a0\u00bb header_text_color=\u00a0\u00bb#000000&Prime; hover_enabled=\u00a0\u00bb0&Prime; global_colors_info=\u00a0\u00bb{}\u00a0\u00bb sticky_enabled=\u00a0\u00bb0&Prime;]<\/p>\n<p class=\"cvGsUA direction-ltr align-justify para-style-body\"><span class=\"a_GcMg font-feature-liga-off font-feature-clig-off font-feature-calt-off text-decoration-none text-strikethrough-none\">Chaque d\u00e9fi est un challenge, par exemple la case des pompes vous demandra de faire 20 pompes pour r\u00e9ussir.<\/span><\/p>\n<p class=\"cvGsUA direction-ltr align-justify para-style-body\"><span class=\"a_GcMg font-feature-liga-off font-feature-clig-off font-feature-calt-off text-decoration-none text-strikethrough-none\">Les participants devront donc tourner la roue pour d\u00e9couvrir leur exercice surprise. Vous devrez vous mettre \u00e0 l\u2019\u00e9preuve et vous en remettre au hasard.<\/span><span class=\"a_GcMg font-feature-liga-off font-feature-clig-off font-feature-calt-off text-decoration-none text-strikethrough-none white-space-prewrap\"> <\/span><\/p>\n<p class=\"cvGsUA direction-ltr align-justify para-style-body\"><span class=\"a_GcMg font-feature-liga-off font-feature-clig-off font-feature-calt-off text-decoration-none text-strikethrough-none\">Vous pouvez tomber sur des pompes, squats, burpies, jumping jacks, ect<\/span><\/p>\n<p class=\"cvGsUA direction-ltr align-justify para-style-body\"><span class=\"a_GcMg font-feature-liga-off font-feature-clig-off font-feature-calt-off text-decoration-none text-strikethrough-none\">Cet \u00e9v\u00e9nement \u00e0 aussi pour but de montrer au gens qu\u2019il peuvent pratiquer un activit\u00e9 sportive r\u00e9guli\u00e8re directement depuis chez eux.<\/span><\/p>\n<p>[\/et_pb_text][\/et_pb_column][\/et_pb_row][\/et_pb_section][et_pb_section fb_built=\u00a0\u00bb1&Prime; _builder_version=\u00a0\u00bb4.27.4&Prime; _module_preset=\u00a0\u00bbdefault\u00a0\u00bb background_enable_image=\u00a0\u00bboff\u00a0\u00bb top_divider_style=\u00a0\u00bbwaves2&Prime; top_divider_color=\u00a0\u00bbRGBA(255,255,255,0)\u00a0\u00bb top_divider_height=\u00a0\u00bb42px\u00a0\u00bb bottom_divider_style=\u00a0\u00bbwaves2&Prime; bottom_divider_color=\u00a0\u00bb#E9541D\u00a0\u00bb bottom_divider_height=\u00a0\u00bb44px\u00a0\u00bb bottom_divider_flip=\u00a0\u00bbhorizontal\u00a0\u00bb locked=\u00a0\u00bboff\u00a0\u00bb global_colors_info=\u00a0\u00bb{}\u00a0\u00bb][et_pb_row _builder_version=\u00a0\u00bb4.27.4&Prime; _module_preset=\u00a0\u00bbdefault\u00a0\u00bb global_colors_info=\u00a0\u00bb{}\u00a0\u00bb][et_pb_column type=\u00a0\u00bb4_4&Prime; _builder_version=\u00a0\u00bb4.27.4&Prime; _module_preset=\u00a0\u00bbdefault\u00a0\u00bb global_colors_info=\u00a0\u00bb{}\u00a0\u00bb][et_pb_text _builder_version=\u00a0\u00bb4.27.4&Prime; _module_preset=\u00a0\u00bbdefault\u00a0\u00bb text_font=\u00a0\u00bbPoppins||||||||\u00a0\u00bb header_font=\u00a0\u00bbPoppins|800|||||||\u00a0\u00bb global_colors_info=\u00a0\u00bb{}\u00a0\u00bb]<\/p>\n<h2 class=\"cvGsUA direction-ltr align-justify para-style-body\" style=\"--8sd0kg: none;font-family: YAFdJjbTu24_1, _fb_, auto;--cyv3zq: 46.6665px;--gjplxq: 1.2;text-transform: none;line-height: 55px;text-align: center\"><strong>\u00ab\u00a01 roue, 1 d\u00e9fi et 1 minute pour te d\u00e9passer !<span class=\"a_GcMg font-feature-liga-off font-feature-clig-off font-feature-calt-off text-decoration-none text-strikethrough-none\">\u201d<\/span><\/strong><\/h2>\n<p>[\/et_pb_text][\/et_pb_column][\/et_pb_row][\/et_pb_section][et_pb_section fb_built=\u00a0\u00bb1&Prime; _builder_version=\u00a0\u00bb4.27.4&Prime; _module_preset=\u00a0\u00bbdefault\u00a0\u00bb background_color=\u00a0\u00bb#E9541D\u00a0\u00bb global_colors_info=\u00a0\u00bb{}\u00a0\u00bb][et_pb_row column_structure=\u00a0\u00bb1_2,1_2&Prime; _builder_version=\u00a0\u00bb4.27.4&Prime; _module_preset=\u00a0\u00bbdefault\u00a0\u00bb locked=\u00a0\u00bboff\u00a0\u00bb global_colors_info=\u00a0\u00bb{}\u00a0\u00bb][et_pb_column type=\u00a0\u00bb1_2&Prime; _builder_version=\u00a0\u00bb4.27.4&Prime; _module_preset=\u00a0\u00bbdefault\u00a0\u00bb global_colors_info=\u00a0\u00bb{}\u00a0\u00bb][et_pb_text _builder_version=\u00a0\u00bb4.27.4&Prime; _module_preset=\u00a0\u00bbdefault\u00a0\u00bb text_font=\u00a0\u00bbPoppins||||||||\u00a0\u00bb text_text_color=\u00a0\u00bb#FFFFFF\u00a0\u00bb text_font_size=\u00a0\u00bb16px\u00a0\u00bb text_orientation=\u00a0\u00bbjustified\u00a0\u00bb module_alignment=\u00a0\u00bbcenter\u00a0\u00bb custom_padding=\u00a0\u00bb12px|||||\u00a0\u00bb hover_enabled=\u00a0\u00bb0&Prime; global_colors_info=\u00a0\u00bb{}\u00a0\u00bb sticky_enabled=\u00a0\u00bb0&Prime;]<\/p>\n<p data-start=\"217\" data-end=\"674\">Chaque d\u00e9fi repr\u00e9sente un v\u00e9ritable challenge : par exemple, la case \u00ab pompes \u00bb vous invitera \u00e0 r\u00e9aliser 20 pompes pour valider votre \u00e9preuve. Le principe est simple : les participants devront tourner la roue pour d\u00e9couvrir l\u2019exercice surprise qui les attend. Une fois la roue lanc\u00e9e, impossible de revenir en arri\u00e8re : vous devrez accepter le r\u00e9sultat, relever le d\u00e9fi qui tombe et vous surpasser, en laissant le hasard d\u00e9cider de votre prochain mouvement.<\/p>\n<p data-start=\"676\" data-end=\"1147\">La roue peut vous mener vers diff\u00e9rents exercices vari\u00e9s et accessibles \u00e0 tous : pompes, squats, burpees, jumping jacks, et bien d\u2019autres mouvements destin\u00e9s \u00e0 solliciter le corps entier. Chaque case propose un effort diff\u00e9rent, ce qui rend le jeu dynamique, impr\u00e9visible et motivant. Ce format ludique transforme l\u2019activit\u00e9 physique en un moment interactif o\u00f9 chaque tour cr\u00e9e de l\u2019excitation et un esprit de comp\u00e9tition positive, que vous participiez seul ou en groupe.<\/p>\n<p data-start=\"1652\" data-end=\"2059\" data-is-last-node=\"\" data-is-only-node=\"\">Que vous soyez d\u00e9butant ou d\u00e9j\u00e0 habitu\u00e9 \u00e0 faire du sport, chaque tour de roue vous permet de tester vos limites, de sortir de votre zone de confort et d\u2019introduire une dose de fun dans votre entra\u00eenement.<\/p>\n<p data-start=\"1652\" data-end=\"2059\" data-is-last-node=\"\" data-is-only-node=\"\">Vous pouvez retrouver nos diff\u00e9rents projets sur la page de notre agence.<\/p>\n<p>[\/et_pb_text][et_pb_button button_url=\u00a0\u00bbhttps:\/\/3sport2025.ppawebdesign.com\/d2\/bpm-agency-agence-sportive-evenementielle\/\u00a0\u00bb button_text=\u00a0\u00bbEn savoir plus !\u00a0\u00bb button_alignment=\u00a0\u00bbcenter\u00a0\u00bb _builder_version=\u00a0\u00bb4.27.4&Prime; _module_preset=\u00a0\u00bbdefault\u00a0\u00bb custom_button=\u00a0\u00bbon\u00a0\u00bb button_text_color=\u00a0\u00bb#FFFFFF\u00a0\u00bb button_bg_color=\u00a0\u00bbRGBA(255,255,255,0)\u00a0\u00bb button_border_width=\u00a0\u00bb5px\u00a0\u00bb button_border_color=\u00a0\u00bbRGBA(255,255,255,0)\u00a0\u00bb button_border_radius=\u00a0\u00bb3px\u00a0\u00bb button_font=\u00a0\u00bbPoppins||||||||\u00a0\u00bb button_icon=\u00a0\u00bb&#x23;||divi||400&Prime; button_icon_color=\u00a0\u00bb#FFFFFF\u00a0\u00bb button_icon_placement=\u00a0\u00bbleft\u00a0\u00bb button_on_hover=\u00a0\u00bboff\u00a0\u00bb global_colors_info=\u00a0\u00bb{}\u00a0\u00bb][\/et_pb_button][\/et_pb_column][et_pb_column type=\u00a0\u00bb1_2&Prime; _builder_version=\u00a0\u00bb4.27.4&Prime; _module_preset=\u00a0\u00bbdefault\u00a0\u00bb global_colors_info=\u00a0\u00bb{}\u00a0\u00bb][et_pb_image src=\u00a0\u00bbhttps:\/\/3sport2025.ppawebdesign.com\/d2\/wp-content\/uploads\/sites\/17\/2025\/12\/La_Roue_du_BPM_AFFICHE_BASSE_QUALITE-scaled.jpg\u00a0\u00bb alt=\u00a0\u00bbAffiche de l&rsquo;\u00e9v\u00e9nement\u00a0\u00bb title_text=\u00a0\u00bbLa_Roue_du_BPM_AFFICHE_BASSE_QUALITE\u00a0\u00bb url=\u00a0\u00bbhttps:\/\/www.linkedin.com\/company\/bpm-agency-event\/\u00a0\u00bb _builder_version=\u00a0\u00bb4.27.4&Prime; _module_preset=\u00a0\u00bbdefault\u00a0\u00bb global_colors_info=\u00a0\u00bb{}\u00a0\u00bb][\/et_pb_image][\/et_pb_column][\/et_pb_row][\/et_pb_section]<\/p>\n","protected":false},"excerpt":{"rendered":"<p>L&rsquo;\u00e9v\u00e9nement D\u00e9couvrez notre \u00e9v\u00e9nement \u00ab\u00a0La Roue du BPM\u00a0\u00bb, si vous aimez le fitness vous serez conquis !La Roue du BPM &nbsp; Bienvenue \u201cLa Roue du BPM\u201d un \u00e9v\u00e9nement interactif de fitness au poid du corps. Nous avons cr\u00e9ent un roue avec diff\u00e9rents challenge physique \u00e0 relev\u00e9s. Chaque d\u00e9fi est un challenge, par exemple la case [&hellip;]<\/p>\n","protected":false},"author":93,"featured_media":0,"parent":0,"menu_order":0,"comment_status":"closed","ping_status":"closed","template":"","meta":{"_et_pb_use_builder":"on","_et_pb_old_content":"","_et_gb_content_width":"","footnotes":""},"class_list":["post-13","page","type-page","status-publish","hentry"],"yoast_head":"<!-- This site is optimized with the Yoast SEO plugin v26.5 - https:\/\/yoast.com\/wordpress\/plugins\/seo\/ -->\n<title>L&#039;\u00e9v\u00e9nement - BPM Agency<\/title>\n<meta name=\"description\" content=\"L&#039;\u00e9v\u00e9nement de BPM Agency : La roue du BPM ! Une roue, plusieurs d\u00e9fis de fitness pour permettre aux participants de faire du sport.\" \/>\n<meta name=\"robots\" content=\"index, follow, max-snippet:-1, max-image-preview:large, max-video-preview:-1\" \/>\n<link rel=\"canonical\" href=\"https:\/\/3sport2025.ppawebdesign.com\/d2\/l-evenement\/\" \/>\n<meta property=\"og:locale\" content=\"fr_FR\" \/>\n<meta property=\"og:type\" content=\"article\" \/>\n<meta property=\"og:title\" content=\"L&#039;\u00e9v\u00e9nement - BPM Agency\" \/>\n<meta property=\"og:description\" content=\"L&#039;\u00e9v\u00e9nement de BPM Agency : La roue du BPM ! Une roue, plusieurs d\u00e9fis de fitness pour permettre aux participants de faire du sport.\" \/>\n<meta property=\"og:url\" content=\"https:\/\/3sport2025.ppawebdesign.com\/d2\/l-evenement\/\" \/>\n<meta property=\"og:site_name\" content=\"BPM Agency\" \/>\n<meta property=\"article:modified_time\" content=\"2025-12-04T14:51:13+00:00\" \/>\n<meta name=\"twitter:card\" content=\"summary_large_image\" \/>\n<meta name=\"twitter:label1\" content=\"Dur\u00e9e de lecture estim\u00e9e\" \/>\n\t<meta name=\"twitter:data1\" content=\"2 minutes\" \/>\n<script type=\"application\/ld+json\" class=\"yoast-schema-graph\">{\"@context\":\"https:\/\/schema.org\",\"@graph\":[{\"@type\":\"WebPage\",\"@id\":\"https:\/\/3sport2025.ppawebdesign.com\/d2\/l-evenement\/\",\"url\":\"https:\/\/3sport2025.ppawebdesign.com\/d2\/l-evenement\/\",\"name\":\"L'\u00e9v\u00e9nement - BPM Agency\",\"isPartOf\":{\"@id\":\"https:\/\/3sport2025.ppawebdesign.com\/d2\/#website\"},\"datePublished\":\"2025-12-02T10:14:07+00:00\",\"dateModified\":\"2025-12-04T14:51:13+00:00\",\"description\":\"L'\u00e9v\u00e9nement de BPM Agency : La roue du BPM ! Une roue, plusieurs d\u00e9fis de fitness pour permettre aux participants de faire du sport.\",\"breadcrumb\":{\"@id\":\"https:\/\/3sport2025.ppawebdesign.com\/d2\/l-evenement\/#breadcrumb\"},\"inLanguage\":\"fr-FR\",\"potentialAction\":[{\"@type\":\"ReadAction\",\"target\":[\"https:\/\/3sport2025.ppawebdesign.com\/d2\/l-evenement\/\"]}]},{\"@type\":\"BreadcrumbList\",\"@id\":\"https:\/\/3sport2025.ppawebdesign.com\/d2\/l-evenement\/#breadcrumb\",\"itemListElement\":[{\"@type\":\"ListItem\",\"position\":1,\"name\":\"Accueil\",\"item\":\"https:\/\/3sport2025.ppawebdesign.com\/d2\/\"},{\"@type\":\"ListItem\",\"position\":2,\"name\":\"L&rsquo;\u00e9v\u00e9nement\"}]},{\"@type\":\"WebSite\",\"@id\":\"https:\/\/3sport2025.ppawebdesign.com\/d2\/#website\",\"url\":\"https:\/\/3sport2025.ppawebdesign.com\/d2\/\",\"name\":\"BPM Agency\",\"description\":\"\u201cParce qu\u2019un bon \u00e9v\u00e9nement se voit. Mais un grand \u00e9v\u00e9nement\u2026 se ressent.\u201d\",\"publisher\":{\"@id\":\"https:\/\/3sport2025.ppawebdesign.com\/d2\/#organization\"},\"potentialAction\":[{\"@type\":\"SearchAction\",\"target\":{\"@type\":\"EntryPoint\",\"urlTemplate\":\"https:\/\/3sport2025.ppawebdesign.com\/d2\/?s={search_term_string}\"},\"query-input\":{\"@type\":\"PropertyValueSpecification\",\"valueRequired\":true,\"valueName\":\"search_term_string\"}}],\"inLanguage\":\"fr-FR\"},{\"@type\":\"Organization\",\"@id\":\"https:\/\/3sport2025.ppawebdesign.com\/d2\/#organization\",\"name\":\"BPM Agency\",\"url\":\"https:\/\/3sport2025.ppawebdesign.com\/d2\/\",\"logo\":{\"@type\":\"ImageObject\",\"inLanguage\":\"fr-FR\",\"@id\":\"https:\/\/3sport2025.ppawebdesign.com\/d2\/#\/schema\/logo\/image\/\",\"url\":\"https:\/\/3sport2025.ppawebdesign.com\/d2\/wp-content\/uploads\/sites\/17\/2025\/12\/Logo_BPM_Agency_Blanc.png\",\"contentUrl\":\"https:\/\/3sport2025.ppawebdesign.com\/d2\/wp-content\/uploads\/sites\/17\/2025\/12\/Logo_BPM_Agency_Blanc.png\",\"width\":581,\"height\":842,\"caption\":\"BPM Agency\"},\"image\":{\"@id\":\"https:\/\/3sport2025.ppawebdesign.com\/d2\/#\/schema\/logo\/image\/\"}}]}<\/script>\n<!-- \/ Yoast SEO plugin. -->","yoast_head_json":{"title":"L'\u00e9v\u00e9nement - BPM Agency","description":"L'\u00e9v\u00e9nement de BPM Agency : La roue du BPM ! Une roue, plusieurs d\u00e9fis de fitness pour permettre aux participants de faire du sport.","robots":{"index":"index","follow":"follow","max-snippet":"max-snippet:-1","max-image-preview":"max-image-preview:large","max-video-preview":"max-video-preview:-1"},"canonical":"https:\/\/3sport2025.ppawebdesign.com\/d2\/l-evenement\/","og_locale":"fr_FR","og_type":"article","og_title":"L'\u00e9v\u00e9nement - BPM Agency","og_description":"L'\u00e9v\u00e9nement de BPM Agency : La roue du BPM ! Une roue, plusieurs d\u00e9fis de fitness pour permettre aux participants de faire du sport.","og_url":"https:\/\/3sport2025.ppawebdesign.com\/d2\/l-evenement\/","og_site_name":"BPM Agency","article_modified_time":"2025-12-04T14:51:13+00:00","twitter_card":"summary_large_image","twitter_misc":{"Dur\u00e9e de lecture estim\u00e9e":"2 minutes"},"schema":{"@context":"https:\/\/schema.org","@graph":[{"@type":"WebPage","@id":"https:\/\/3sport2025.ppawebdesign.com\/d2\/l-evenement\/","url":"https:\/\/3sport2025.ppawebdesign.com\/d2\/l-evenement\/","name":"L'\u00e9v\u00e9nement - BPM Agency","isPartOf":{"@id":"https:\/\/3sport2025.ppawebdesign.com\/d2\/#website"},"datePublished":"2025-12-02T10:14:07+00:00","dateModified":"2025-12-04T14:51:13+00:00","description":"L'\u00e9v\u00e9nement de BPM Agency : La roue du BPM ! Une roue, plusieurs d\u00e9fis de fitness pour permettre aux participants de faire du sport.","breadcrumb":{"@id":"https:\/\/3sport2025.ppawebdesign.com\/d2\/l-evenement\/#breadcrumb"},"inLanguage":"fr-FR","potentialAction":[{"@type":"ReadAction","target":["https:\/\/3sport2025.ppawebdesign.com\/d2\/l-evenement\/"]}]},{"@type":"BreadcrumbList","@id":"https:\/\/3sport2025.ppawebdesign.com\/d2\/l-evenement\/#breadcrumb","itemListElement":[{"@type":"ListItem","position":1,"name":"Accueil","item":"https:\/\/3sport2025.ppawebdesign.com\/d2\/"},{"@type":"ListItem","position":2,"name":"L&rsquo;\u00e9v\u00e9nement"}]},{"@type":"WebSite","@id":"https:\/\/3sport2025.ppawebdesign.com\/d2\/#website","url":"https:\/\/3sport2025.ppawebdesign.com\/d2\/","name":"BPM Agency","description":"\u201cParce qu\u2019un bon \u00e9v\u00e9nement se voit. Mais un grand \u00e9v\u00e9nement\u2026 se ressent.\u201d","publisher":{"@id":"https:\/\/3sport2025.ppawebdesign.com\/d2\/#organization"},"potentialAction":[{"@type":"SearchAction","target":{"@type":"EntryPoint","urlTemplate":"https:\/\/3sport2025.ppawebdesign.com\/d2\/?s={search_term_string}"},"query-input":{"@type":"PropertyValueSpecification","valueRequired":true,"valueName":"search_term_string"}}],"inLanguage":"fr-FR"},{"@type":"Organization","@id":"https:\/\/3sport2025.ppawebdesign.com\/d2\/#organization","name":"BPM Agency","url":"https:\/\/3sport2025.ppawebdesign.com\/d2\/","logo":{"@type":"ImageObject","inLanguage":"fr-FR","@id":"https:\/\/3sport2025.ppawebdesign.com\/d2\/#\/schema\/logo\/image\/","url":"https:\/\/3sport2025.ppawebdesign.com\/d2\/wp-content\/uploads\/sites\/17\/2025\/12\/Logo_BPM_Agency_Blanc.png","contentUrl":"https:\/\/3sport2025.ppawebdesign.com\/d2\/wp-content\/uploads\/sites\/17\/2025\/12\/Logo_BPM_Agency_Blanc.png","width":581,"height":842,"caption":"BPM Agency"},"image":{"@id":"https:\/\/3sport2025.ppawebdesign.com\/d2\/#\/schema\/logo\/image\/"}}]}},"_links":{"self":[{"href":"https:\/\/3sport2025.ppawebdesign.com\/d2\/wp-json\/wp\/v2\/pages\/13","targetHints":{"allow":["GET"]}}],"collection":[{"href":"https:\/\/3sport2025.ppawebdesign.com\/d2\/wp-json\/wp\/v2\/pages"}],"about":[{"href":"https:\/\/3sport2025.ppawebdesign.com\/d2\/wp-json\/wp\/v2\/types\/page"}],"author":[{"embeddable":true,"href":"https:\/\/3sport2025.ppawebdesign.com\/d2\/wp-json\/wp\/v2\/users\/93"}],"replies":[{"embeddable":true,"href":"https:\/\/3sport2025.ppawebdesign.com\/d2\/wp-json\/wp\/v2\/comments?post=13"}],"version-history":[{"count":42,"href":"https:\/\/3sport2025.ppawebdesign.com\/d2\/wp-json\/wp\/v2\/pages\/13\/revisions"}],"predecessor-version":[{"id":572,"href":"https:\/\/3sport2025.ppawebdesign.com\/d2\/wp-json\/wp\/v2\/pages\/13\/revisions\/572"}],"wp:attachment":[{"href":"https:\/\/3sport2025.ppawebdesign.com\/d2\/wp-json\/wp\/v2\/media?parent=13"}],"curies":[{"name":"wp","href":"https:\/\/api.w.org\/{rel}","templated":true}]}}