{"id":135,"date":"2025-12-02T13:03:50","date_gmt":"2025-12-02T12:03:50","guid":{"rendered":"https:\/\/3sport2025.ppawebdesign.com\/d2\/?page_id=135"},"modified":"2025-12-04T15:43:45","modified_gmt":"2025-12-04T14:43:45","slug":"partenaires","status":"publish","type":"page","link":"https:\/\/3sport2025.ppawebdesign.com\/d2\/partenaires\/","title":{"rendered":"Partenaires"},"content":{"rendered":"\n[et_pb_section fb_built=\u00a0\u00bb1&Prime; _builder_version=\u00a0\u00bb4.27.4&Prime; _module_preset=\u00a0\u00bbdefault\u00a0\u00bb background_color=\u00a0\u00bb#E9541D\u00a0\u00bb global_colors_info=\u00a0\u00bb{}\u00a0\u00bb][et_pb_row _builder_version=\u00a0\u00bb4.27.4&Prime; _module_preset=\u00a0\u00bbdefault\u00a0\u00bb custom_padding=\u00a0\u00bb1px|||||\u00a0\u00bb hover_enabled=\u00a0\u00bb0&Prime; sticky_enabled=\u00a0\u00bb0&Prime;][et_pb_column _builder_version=\u00a0\u00bb4.27.4&Prime; _module_preset=\u00a0\u00bbdefault\u00a0\u00bb type=\u00a0\u00bb4_4&Prime;][et_pb_text _builder_version=\u00a0\u00bb4.27.4&Prime; _module_preset=\u00a0\u00bbdefault\u00a0\u00bb hover_enabled=\u00a0\u00bb0&Prime; sticky_enabled=\u00a0\u00bb0&Prime; custom_padding=\u00a0\u00bb||30px|||\u00a0\u00bb]<h1><span style=\"color: #ffffff;font-size: xx-large\"><strong>Nos partenaires<\/strong><\/span><\/h1>\n<p><span style=\"color: #ffffff;font-size: medium\">D\u00e9couvrez ci-dessous les diff\u00e9rents partenaires qui accompagnent BPM Agency !<\/span><span style=\"color: #ffffff;font-size: x-large\"><strong><\/strong><\/span><\/p>\n<p><span style=\"color: #ffffff;font-size: x-large\"><strong><\/strong><\/span><\/p>[\/et_pb_text][\/et_pb_column][\/et_pb_row][et_pb_row column_structure=\u00a0\u00bb1_3,1_3,1_3&Prime; _builder_version=\u00a0\u00bb4.27.4&Prime; _module_preset=\u00a0\u00bbdefault\u00a0\u00bb global_colors_info=\u00a0\u00bb{}\u00a0\u00bb][et_pb_column type=\u00a0\u00bb1_3&Prime; _builder_version=\u00a0\u00bb4.27.4&Prime; _module_preset=\u00a0\u00bbdefault\u00a0\u00bb global_colors_info=\u00a0\u00bb{}\u00a0\u00bb][et_pb_image src=\u00a0\u00bbhttps:\/\/3sport2025.ppawebdesign.com\/d2\/wp-content\/uploads\/sites\/17\/2025\/12\/logo-cultura.webp\u00a0\u00bb title_text=\u00a0\u00bblogo-cultura\u00a0\u00bb _builder_version=\u00a0\u00bb4.27.4&Prime; _module_preset=\u00a0\u00bbdefault\u00a0\u00bb hover_enabled=\u00a0\u00bb0&Prime; global_colors_info=\u00a0\u00bb{}\u00a0\u00bb url=\u00a0\u00bbhttps:\/\/www.cultura.com\u00a0\u00bb sticky_enabled=\u00a0\u00bb0&Prime;][\/et_pb_image][\/et_pb_column][et_pb_column type=\u00a0\u00bb1_3&Prime; _builder_version=\u00a0\u00bb4.27.4&Prime; _module_preset=\u00a0\u00bbdefault\u00a0\u00bb global_colors_info=\u00a0\u00bb{}\u00a0\u00bb][et_pb_image src=\u00a0\u00bbhttps:\/\/3sport2025.ppawebdesign.com\/d2\/wp-content\/uploads\/sites\/17\/2025\/12\/logo-Arc-En-Ciel-retina.png\u00a0\u00bb title_text=\u00a0\u00bblogo-Arc-En-Ciel-retina\u00a0\u00bb _builder_version=\u00a0\u00bb4.27.4&Prime; _module_preset=\u00a0\u00bbdefault\u00a0\u00bb hover_enabled=\u00a0\u00bb0&Prime; global_colors_info=\u00a0\u00bb{}\u00a0\u00bb url=\u00a0\u00bbhttps:\/\/www.arc-en-ciel.com\u00a0\u00bb sticky_enabled=\u00a0\u00bb0&Prime;][\/et_pb_image][\/et_pb_column][et_pb_column type=\u00a0\u00bb1_3&Prime; _builder_version=\u00a0\u00bb4.27.4&Prime; _module_preset=\u00a0\u00bbdefault\u00a0\u00bb global_colors_info=\u00a0\u00bb{}\u00a0\u00bb][et_pb_image src=\u00a0\u00bbhttps:\/\/3sport2025.ppawebdesign.com\/d2\/wp-content\/uploads\/sites\/17\/2025\/12\/Vittel_brand_logo.svg_.png\u00a0\u00bb title_text=\u00a0\u00bbVittel_brand_logo.svg\u00a0\u00bb _builder_version=\u00a0\u00bb4.27.4&Prime; _module_preset=\u00a0\u00bbdefault\u00a0\u00bb hover_enabled=\u00a0\u00bb0&Prime; global_colors_info=\u00a0\u00bb{}\u00a0\u00bb url=\u00a0\u00bbhttps:\/\/www.vittel.fr\u00a0\u00bb sticky_enabled=\u00a0\u00bb0&Prime;][\/et_pb_image][\/et_pb_column][\/et_pb_row][et_pb_row column_structure=\u00a0\u00bb1_3,1_3,1_3&Prime; _builder_version=\u00a0\u00bb4.27.4&Prime; _module_preset=\u00a0\u00bbdefault\u00a0\u00bb global_colors_info=\u00a0\u00bb{}\u00a0\u00bb custom_padding=\u00a0\u00bb0px|||||\u00a0\u00bb][et_pb_column type=\u00a0\u00bb1_3&Prime; _builder_version=\u00a0\u00bb4.27.4&Prime; _module_preset=\u00a0\u00bbdefault\u00a0\u00bb global_colors_info=\u00a0\u00bb{}\u00a0\u00bb][et_pb_text _builder_version=\u00a0\u00bb4.27.4&Prime; _module_preset=\u00a0\u00bbdefault\u00a0\u00bb text_text_color=\u00a0\u00bb#FFFFFF\u00a0\u00bb text_font_size=\u00a0\u00bb20px\u00a0\u00bb background_color=\u00a0\u00bb#E9541D\u00a0\u00bb global_colors_info=\u00a0\u00bb{}\u00a0\u00bb]<p style=\"text-align: justify\"><span style=\"font-size: medium\">Aux c\u00f4t\u00e9s de notre agence, Cultura apporte sa dimension cr\u00e9ative et culturelle \u00e0 nos \u00e9v\u00e9nements sportifs. Ce partenaire nous permet d\u2019offrir au public des exp\u00e9riences enrichissantes qui allient dynamisme, d\u00e9couverte et convivialit\u00e9.<\/span><\/p>[\/et_pb_text][\/et_pb_column][et_pb_column type=\u00a0\u00bb1_3&Prime; _builder_version=\u00a0\u00bb4.27.4&Prime; _module_preset=\u00a0\u00bbdefault\u00a0\u00bb global_colors_info=\u00a0\u00bb{}\u00a0\u00bb][et_pb_text _builder_version=\u00a0\u00bb4.27.4&Prime; _module_preset=\u00a0\u00bbdefault\u00a0\u00bb text_text_color=\u00a0\u00bb#FFFFFF\u00a0\u00bb text_font_size=\u00a0\u00bb20px\u00a0\u00bb global_colors_info=\u00a0\u00bb{}\u00a0\u00bb]<p style=\"text-align: justify\"><span style=\"font-size: medium\">Partenaire solidaire de notre agence, l\u2019association ARC en Ciel nous accompagne pour rendre nos \u00e9v\u00e9nements sportifs encore plus inclusifs et humains. Ensemble, nous mettons en place des actions qui favorisent le partage, l\u2019entraide et l\u2019acc\u00e8s au sport pour tous.<\/span><\/p>[\/et_pb_text][\/et_pb_column][et_pb_column type=\u00a0\u00bb1_3&Prime; _builder_version=\u00a0\u00bb4.27.4&Prime; _module_preset=\u00a0\u00bbdefault\u00a0\u00bb global_colors_info=\u00a0\u00bb{}\u00a0\u00bb][et_pb_text _builder_version=\u00a0\u00bb4.27.4&Prime; _module_preset=\u00a0\u00bbdefault\u00a0\u00bb text_text_color=\u00a0\u00bb#FFFFFF\u00a0\u00bb text_font_size=\u00a0\u00bb20px\u00a0\u00bb hover_enabled=\u00a0\u00bb0&Prime; global_colors_info=\u00a0\u00bb{}\u00a0\u00bb sticky_enabled=\u00a0\u00bb0&Prime;]<p style=\"text-align: justify\"><span style=\"font-size: medium\">Partenaire de nos \u00e9v\u00e9nements sportifs, Vittel nous accompagne pour offrir aux participants hydratation, \u00e9nergie et bien-\u00eatre. Ensemble, nous soutenons un sport dynamique, sain et accessible \u00e0 tous.<\/span><\/p>[\/et_pb_text][\/et_pb_column][\/et_pb_row][\/et_pb_section]\n","protected":false},"excerpt":{"rendered":"<p>Nos partenaires D\u00e9couvrez ci-dessous les diff\u00e9rents partenaires qui accompagnent BPM Agency ! Aux c\u00f4t\u00e9s de notre agence, Cultura apporte sa dimension cr\u00e9ative et culturelle \u00e0 nos \u00e9v\u00e9nements sportifs. Ce partenaire nous permet d\u2019offrir au public des exp\u00e9riences enrichissantes qui allient dynamisme, d\u00e9couverte et convivialit\u00e9.Partenaire solidaire de notre agence, l\u2019association ARC en Ciel nous accompagne pour [&hellip;]<\/p>\n","protected":false},"author":93,"featured_media":0,"parent":0,"menu_order":0,"comment_status":"closed","ping_status":"closed","template":"","meta":{"_et_pb_use_builder":"on","_et_pb_old_content":"<!-- wp:divi\/placeholder \/-->","_et_gb_content_width":"","footnotes":""},"class_list":["post-135","page","type-page","status-publish","hentry"],"yoast_head":"<!-- This site is optimized with the Yoast SEO plugin v26.5 - https:\/\/yoast.com\/wordpress\/plugins\/seo\/ -->\n<title>Partenaires - BPM Agency<\/title>\n<meta name=\"description\" content=\"Les diff\u00e9rents partenaires qui accompagnent BPM Agency lors de la pr\u00e9paration et pendant nos diff\u00e9rents \u00e9v\u00e9nements.\" \/>\n<meta name=\"robots\" content=\"index, follow, max-snippet:-1, max-image-preview:large, max-video-preview:-1\" \/>\n<link rel=\"canonical\" href=\"https:\/\/3sport2025.ppawebdesign.com\/d2\/partenaires\/\" \/>\n<meta property=\"og:locale\" content=\"fr_FR\" \/>\n<meta property=\"og:type\" content=\"article\" \/>\n<meta property=\"og:title\" content=\"Partenaires - BPM Agency\" \/>\n<meta property=\"og:description\" content=\"Les diff\u00e9rents partenaires qui accompagnent BPM Agency lors de la pr\u00e9paration et pendant nos diff\u00e9rents \u00e9v\u00e9nements.\" \/>\n<meta property=\"og:url\" content=\"https:\/\/3sport2025.ppawebdesign.com\/d2\/partenaires\/\" \/>\n<meta property=\"og:site_name\" content=\"BPM Agency\" \/>\n<meta property=\"article:modified_time\" content=\"2025-12-04T14:43:45+00:00\" \/>\n<meta name=\"twitter:card\" content=\"summary_large_image\" \/>\n<meta name=\"twitter:label1\" content=\"Dur\u00e9e de lecture estim\u00e9e\" \/>\n\t<meta name=\"twitter:data1\" content=\"2 minutes\" \/>\n<script type=\"application\/ld+json\" class=\"yoast-schema-graph\">{\"@context\":\"https:\/\/schema.org\",\"@graph\":[{\"@type\":\"WebPage\",\"@id\":\"https:\/\/3sport2025.ppawebdesign.com\/d2\/partenaires\/\",\"url\":\"https:\/\/3sport2025.ppawebdesign.com\/d2\/partenaires\/\",\"name\":\"Partenaires - BPM Agency\",\"isPartOf\":{\"@id\":\"https:\/\/3sport2025.ppawebdesign.com\/d2\/#website\"},\"datePublished\":\"2025-12-02T12:03:50+00:00\",\"dateModified\":\"2025-12-04T14:43:45+00:00\",\"description\":\"Les diff\u00e9rents partenaires qui accompagnent BPM Agency lors de la pr\u00e9paration et pendant nos diff\u00e9rents \u00e9v\u00e9nements.\",\"breadcrumb\":{\"@id\":\"https:\/\/3sport2025.ppawebdesign.com\/d2\/partenaires\/#breadcrumb\"},\"inLanguage\":\"fr-FR\",\"potentialAction\":[{\"@type\":\"ReadAction\",\"target\":[\"https:\/\/3sport2025.ppawebdesign.com\/d2\/partenaires\/\"]}]},{\"@type\":\"BreadcrumbList\",\"@id\":\"https:\/\/3sport2025.ppawebdesign.com\/d2\/partenaires\/#breadcrumb\",\"itemListElement\":[{\"@type\":\"ListItem\",\"position\":1,\"name\":\"Accueil\",\"item\":\"https:\/\/3sport2025.ppawebdesign.com\/d2\/\"},{\"@type\":\"ListItem\",\"position\":2,\"name\":\"Partenaires\"}]},{\"@type\":\"WebSite\",\"@id\":\"https:\/\/3sport2025.ppawebdesign.com\/d2\/#website\",\"url\":\"https:\/\/3sport2025.ppawebdesign.com\/d2\/\",\"name\":\"BPM Agency\",\"description\":\"\u201cParce qu\u2019un bon \u00e9v\u00e9nement se voit. Mais un grand \u00e9v\u00e9nement\u2026 se ressent.\u201d\",\"publisher\":{\"@id\":\"https:\/\/3sport2025.ppawebdesign.com\/d2\/#organization\"},\"potentialAction\":[{\"@type\":\"SearchAction\",\"target\":{\"@type\":\"EntryPoint\",\"urlTemplate\":\"https:\/\/3sport2025.ppawebdesign.com\/d2\/?s={search_term_string}\"},\"query-input\":{\"@type\":\"PropertyValueSpecification\",\"valueRequired\":true,\"valueName\":\"search_term_string\"}}],\"inLanguage\":\"fr-FR\"},{\"@type\":\"Organization\",\"@id\":\"https:\/\/3sport2025.ppawebdesign.com\/d2\/#organization\",\"name\":\"BPM Agency\",\"url\":\"https:\/\/3sport2025.ppawebdesign.com\/d2\/\",\"logo\":{\"@type\":\"ImageObject\",\"inLanguage\":\"fr-FR\",\"@id\":\"https:\/\/3sport2025.ppawebdesign.com\/d2\/#\/schema\/logo\/image\/\",\"url\":\"https:\/\/3sport2025.ppawebdesign.com\/d2\/wp-content\/uploads\/sites\/17\/2025\/12\/Logo_BPM_Agency_Blanc.png\",\"contentUrl\":\"https:\/\/3sport2025.ppawebdesign.com\/d2\/wp-content\/uploads\/sites\/17\/2025\/12\/Logo_BPM_Agency_Blanc.png\",\"width\":581,\"height\":842,\"caption\":\"BPM Agency\"},\"image\":{\"@id\":\"https:\/\/3sport2025.ppawebdesign.com\/d2\/#\/schema\/logo\/image\/\"}}]}<\/script>\n<!-- \/ Yoast SEO plugin. -->","yoast_head_json":{"title":"Partenaires - BPM Agency","description":"Les diff\u00e9rents partenaires qui accompagnent BPM Agency lors de la pr\u00e9paration et pendant nos diff\u00e9rents \u00e9v\u00e9nements.","robots":{"index":"index","follow":"follow","max-snippet":"max-snippet:-1","max-image-preview":"max-image-preview:large","max-video-preview":"max-video-preview:-1"},"canonical":"https:\/\/3sport2025.ppawebdesign.com\/d2\/partenaires\/","og_locale":"fr_FR","og_type":"article","og_title":"Partenaires - BPM Agency","og_description":"Les diff\u00e9rents partenaires qui accompagnent BPM Agency lors de la pr\u00e9paration et pendant nos diff\u00e9rents \u00e9v\u00e9nements.","og_url":"https:\/\/3sport2025.ppawebdesign.com\/d2\/partenaires\/","og_site_name":"BPM Agency","article_modified_time":"2025-12-04T14:43:45+00:00","twitter_card":"summary_large_image","twitter_misc":{"Dur\u00e9e de lecture estim\u00e9e":"2 minutes"},"schema":{"@context":"https:\/\/schema.org","@graph":[{"@type":"WebPage","@id":"https:\/\/3sport2025.ppawebdesign.com\/d2\/partenaires\/","url":"https:\/\/3sport2025.ppawebdesign.com\/d2\/partenaires\/","name":"Partenaires - BPM Agency","isPartOf":{"@id":"https:\/\/3sport2025.ppawebdesign.com\/d2\/#website"},"datePublished":"2025-12-02T12:03:50+00:00","dateModified":"2025-12-04T14:43:45+00:00","description":"Les diff\u00e9rents partenaires qui accompagnent BPM Agency lors de la pr\u00e9paration et pendant nos diff\u00e9rents \u00e9v\u00e9nements.","breadcrumb":{"@id":"https:\/\/3sport2025.ppawebdesign.com\/d2\/partenaires\/#breadcrumb"},"inLanguage":"fr-FR","potentialAction":[{"@type":"ReadAction","target":["https:\/\/3sport2025.ppawebdesign.com\/d2\/partenaires\/"]}]},{"@type":"BreadcrumbList","@id":"https:\/\/3sport2025.ppawebdesign.com\/d2\/partenaires\/#breadcrumb","itemListElement":[{"@type":"ListItem","position":1,"name":"Accueil","item":"https:\/\/3sport2025.ppawebdesign.com\/d2\/"},{"@type":"ListItem","position":2,"name":"Partenaires"}]},{"@type":"WebSite","@id":"https:\/\/3sport2025.ppawebdesign.com\/d2\/#website","url":"https:\/\/3sport2025.ppawebdesign.com\/d2\/","name":"BPM Agency","description":"\u201cParce qu\u2019un bon \u00e9v\u00e9nement se voit. Mais un grand \u00e9v\u00e9nement\u2026 se ressent.\u201d","publisher":{"@id":"https:\/\/3sport2025.ppawebdesign.com\/d2\/#organization"},"potentialAction":[{"@type":"SearchAction","target":{"@type":"EntryPoint","urlTemplate":"https:\/\/3sport2025.ppawebdesign.com\/d2\/?s={search_term_string}"},"query-input":{"@type":"PropertyValueSpecification","valueRequired":true,"valueName":"search_term_string"}}],"inLanguage":"fr-FR"},{"@type":"Organization","@id":"https:\/\/3sport2025.ppawebdesign.com\/d2\/#organization","name":"BPM Agency","url":"https:\/\/3sport2025.ppawebdesign.com\/d2\/","logo":{"@type":"ImageObject","inLanguage":"fr-FR","@id":"https:\/\/3sport2025.ppawebdesign.com\/d2\/#\/schema\/logo\/image\/","url":"https:\/\/3sport2025.ppawebdesign.com\/d2\/wp-content\/uploads\/sites\/17\/2025\/12\/Logo_BPM_Agency_Blanc.png","contentUrl":"https:\/\/3sport2025.ppawebdesign.com\/d2\/wp-content\/uploads\/sites\/17\/2025\/12\/Logo_BPM_Agency_Blanc.png","width":581,"height":842,"caption":"BPM Agency"},"image":{"@id":"https:\/\/3sport2025.ppawebdesign.com\/d2\/#\/schema\/logo\/image\/"}}]}},"_links":{"self":[{"href":"https:\/\/3sport2025.ppawebdesign.com\/d2\/wp-json\/wp\/v2\/pages\/135","targetHints":{"allow":["GET"]}}],"collection":[{"href":"https:\/\/3sport2025.ppawebdesign.com\/d2\/wp-json\/wp\/v2\/pages"}],"about":[{"href":"https:\/\/3sport2025.ppawebdesign.com\/d2\/wp-json\/wp\/v2\/types\/page"}],"author":[{"embeddable":true,"href":"https:\/\/3sport2025.ppawebdesign.com\/d2\/wp-json\/wp\/v2\/users\/93"}],"replies":[{"embeddable":true,"href":"https:\/\/3sport2025.ppawebdesign.com\/d2\/wp-json\/wp\/v2\/comments?post=135"}],"version-history":[{"count":13,"href":"https:\/\/3sport2025.ppawebdesign.com\/d2\/wp-json\/wp\/v2\/pages\/135\/revisions"}],"predecessor-version":[{"id":560,"href":"https:\/\/3sport2025.ppawebdesign.com\/d2\/wp-json\/wp\/v2\/pages\/135\/revisions\/560"}],"wp:attachment":[{"href":"https:\/\/3sport2025.ppawebdesign.com\/d2\/wp-json\/wp\/v2\/media?parent=135"}],"curies":[{"name":"wp","href":"https:\/\/api.w.org\/{rel}","templated":true}]}}