{"id":12,"date":"2025-12-02T11:13:12","date_gmt":"2025-12-02T10:13:12","guid":{"rendered":"https:\/\/3sport2025.ppawebdesign.com\/d3\/?page_id=12"},"modified":"2025-12-05T10:12:28","modified_gmt":"2025-12-05T09:12:28","slug":"phevent-agence-evenementielle-sportive","status":"publish","type":"page","link":"https:\/\/3sport2025.ppawebdesign.com\/d3\/","title":{"rendered":"accueil"},"content":{"rendered":"\n[et_pb_section fb_built=\u00a0\u00bb1&Prime; _builder_version=\u00a0\u00bb4.27.4&Prime; _module_preset=\u00a0\u00bbdefault\u00a0\u00bb background_color=\u00a0\u00bb#121212&Prime; background_enable_image=\u00a0\u00bboff\u00a0\u00bb global_colors_info=\u00a0\u00bb{}\u00a0\u00bb][et_pb_row _builder_version=\u00a0\u00bb4.27.4&Prime; _module_preset=\u00a0\u00bbdefault\u00a0\u00bb global_colors_info=\u00a0\u00bb{}\u00a0\u00bb][et_pb_column type=\u00a0\u00bb4_4&Prime; _builder_version=\u00a0\u00bb4.27.4&Prime; _module_preset=\u00a0\u00bbdefault\u00a0\u00bb global_colors_info=\u00a0\u00bb{}\u00a0\u00bb][et_pb_text _builder_version=\u00a0\u00bb4.27.4&Prime; _module_preset=\u00a0\u00bbdefault\u00a0\u00bb text_text_color=\u00a0\u00bb#FFFFFF\u00a0\u00bb text_font_size=\u00a0\u00bb26px\u00a0\u00bb header_text_color=\u00a0\u00bb#E02B20&Prime; header_font_size=\u00a0\u00bb58px\u00a0\u00bb header_2_text_color=\u00a0\u00bb#E02B20&Prime; header_2_font_size=\u00a0\u00bb58px\u00a0\u00bb hover_enabled=\u00a0\u00bb0&Prime; global_colors_info=\u00a0\u00bb{}\u00a0\u00bb sticky_enabled=\u00a0\u00bb0&Prime;]<h1 style=\"text-align: center\">PHEVENT &#8211; Agence <b>\u00c9<\/b>v\u00e9nementielle Sportive<\/h1>\n<p style=\"text-align: center\"><strong>Agence specialis\u00e9e dans l&rsquo;organisation d&rsquo;\u00e9v\u00e9nement sportive<\/strong><\/p>[\/et_pb_text][et_pb_slider _builder_version=\u00a0\u00bb4.27.4&Prime; _module_preset=\u00a0\u00bbdefault\u00a0\u00bb background_image=\u00a0\u00bbhttps:\/\/3sport2025.ppawebdesign.com\/d3\/wp-content\/uploads\/sites\/18\/2025\/12\/Top-Boy-Tournament-1.jpg\u00a0\u00bb global_colors_info=\u00a0\u00bb{}\u00a0\u00bb][et_pb_slide button_text=\u00a0\u00bb@ET-DC@eyJkeW5hbWljIjp0cnVlLCJjb250ZW50IjoicG9zdF9saW5rIiwic2V0dGluZ3MiOnsiYmVmb3JlIjoiVE9QIEJPWSIsImFmdGVyIjoiIiwidGV4dCI6ImN1c3RvbSIsImN1c3RvbV90ZXh0IjoiIiwiZW5hYmxlX2h0bWwiOiJvZmYifX0=@\u00a0\u00bb button_link=\u00a0\u00bb@ET-DC@eyJkeW5hbWljIjp0cnVlLCJjb250ZW50IjoicG9zdF9saW5rX3VybF9wYWdlIiwic2V0dGluZ3MiOnsicG9zdF9pZCI6IjI4IiwiZW5hYmxlX2h0bWwiOiJvZmYifX0=@\u00a0\u00bb _builder_version=\u00a0\u00bb4.27.4&Prime; _dynamic_attributes=\u00a0\u00bbbutton_link,button_text\u00a0\u00bb _module_preset=\u00a0\u00bbdefault\u00a0\u00bb body_font_size=\u00a0\u00bb48px\u00a0\u00bb global_colors_info=\u00a0\u00bb{}\u00a0\u00bb sticky_transition=\u00a0\u00bbon\u00a0\u00bb]<p><strong>TOP BOY TOURNAMENT<\/strong><\/p>[\/et_pb_slide][\/et_pb_slider][\/et_pb_column][\/et_pb_row][et_pb_row column_structure=\u00a0\u00bb1_3,1_3,1_3&Prime; _builder_version=\u00a0\u00bb4.27.4&Prime; _module_preset=\u00a0\u00bbdefault\u00a0\u00bb global_colors_info=\u00a0\u00bb{}\u00a0\u00bb][et_pb_column type=\u00a0\u00bb1_3&Prime; _builder_version=\u00a0\u00bb4.27.4&Prime; _module_preset=\u00a0\u00bbdefault\u00a0\u00bb global_colors_info=\u00a0\u00bb{}\u00a0\u00bb][et_pb_slider _builder_version=\u00a0\u00bb4.27.4&Prime; _module_preset=\u00a0\u00bbdefault\u00a0\u00bb background_color=\u00a0\u00bb#1e1e1e\u00a0\u00bb border_radii=\u00a0\u00bbon|2px|2px|2px|2px\u00a0\u00bb border_width_all=\u00a0\u00bb5px\u00a0\u00bb global_colors_info=\u00a0\u00bb{}\u00a0\u00bb][et_pb_slide _builder_version=\u00a0\u00bb4.27.4&Prime; _module_preset=\u00a0\u00bbdefault\u00a0\u00bb background_color=\u00a0\u00bb#1e1e1e\u00a0\u00bb background_enable_color=\u00a0\u00bbon\u00a0\u00bb global_colors_info=\u00a0\u00bb{}\u00a0\u00bb sticky_transition=\u00a0\u00bbon\u00a0\u00bb]<h4><span style=\"color: #ff6600\">TOURNOIS<\/span><\/h4>\n<p><span style=\"color: #ffffff\">Nous organisons des comp\u00e9titions de grande envergure, g\u00e9rant tout de A \u00e0 Z : de la recherche de lieux homologu\u00e9s \u00e0 l&rsquo;arbitrage officiel, en passant par la gestion des inscriptions et la remise des prix. Nos tournois sont con\u00e7us pour offrir aux joueurs des conditions quasi-professionnelles.<\/span><\/p>[\/et_pb_slide][\/et_pb_slider][\/et_pb_column][et_pb_column type=\u00a0\u00bb1_3&Prime; _builder_version=\u00a0\u00bb4.27.4&Prime; _module_preset=\u00a0\u00bbdefault\u00a0\u00bb global_colors_info=\u00a0\u00bb{}\u00a0\u00bb][et_pb_slider _builder_version=\u00a0\u00bb4.27.4&Prime; _module_preset=\u00a0\u00bbdefault\u00a0\u00bb background_color=\u00a0\u00bb#1e1e1e\u00a0\u00bb border_radii=\u00a0\u00bbon|2px|2px|2px|2px\u00a0\u00bb border_width_all=\u00a0\u00bb5px\u00a0\u00bb global_colors_info=\u00a0\u00bb{}\u00a0\u00bb][et_pb_slide _builder_version=\u00a0\u00bb4.27.4&Prime; _module_preset=\u00a0\u00bbdefault\u00a0\u00bb background_color=\u00a0\u00bb#1e1e1e\u00a0\u00bb background_enable_color=\u00a0\u00bbon\u00a0\u00bb global_colors_info=\u00a0\u00bb{}\u00a0\u00bb sticky_transition=\u00a0\u00bbon\u00a0\u00bb]<h4><span style=\"color: #ff6600\">MATCHS<\/span><\/h4>\n<p><span>Au-del\u00e0 des tournois, nous prenons en charge la gestion logistique compl\u00e8te de rencontres sportives ponctuelles ou r\u00e9guli\u00e8res. Que ce soit pour des ligues amateurs ou des matchs de gala, nous assurons une organisation fluide, s\u00e9curis\u00e9e et spectaculaire pour les participants comme pour le public.<\/span><\/p>[\/et_pb_slide][\/et_pb_slider][\/et_pb_column][et_pb_column type=\u00a0\u00bb1_3&Prime; _builder_version=\u00a0\u00bb4.27.4&Prime; _module_preset=\u00a0\u00bbdefault\u00a0\u00bb global_colors_info=\u00a0\u00bb{}\u00a0\u00bb][et_pb_slider _builder_version=\u00a0\u00bb4.27.4&Prime; _module_preset=\u00a0\u00bbdefault\u00a0\u00bb background_color=\u00a0\u00bb#1e1e1e\u00a0\u00bb border_radii=\u00a0\u00bbon|2px|2px|2px|2px\u00a0\u00bb border_width_all=\u00a0\u00bb5px\u00a0\u00bb global_colors_info=\u00a0\u00bb{}\u00a0\u00bb][et_pb_slide _builder_version=\u00a0\u00bb4.27.4&Prime; _module_preset=\u00a0\u00bbdefault\u00a0\u00bb background_color=\u00a0\u00bb#1e1e1e\u00a0\u00bb background_enable_color=\u00a0\u00bbon\u00a0\u00bb global_colors_info=\u00a0\u00bb{}\u00a0\u00bb sticky_transition=\u00a0\u00bbon\u00a0\u00bb]<h4><span style=\"color: #ff6600\">JOURNEES SPORTIVES<\/span><\/h4>\n<p><span>Pour renforcer l&rsquo;esprit d&rsquo;\u00e9quipe, nous cr\u00e9ons des \u00e9v\u00e9nements sur-mesure pour f\u00e9d\u00e9rer vos collaborateurs ou vos adh\u00e9rents. Olympiades, d\u00e9fis multisports ou challenges th\u00e9matiques : nous concevons des journ\u00e9es inoubliables qui dynamisent votre communaut\u00e9 et renforcent les liens.<\/span><\/p>[\/et_pb_slide][\/et_pb_slider][\/et_pb_column][\/et_pb_row][et_pb_row _builder_version=\u00a0\u00bb4.27.4&Prime; _module_preset=\u00a0\u00bbdefault\u00a0\u00bb global_colors_info=\u00a0\u00bb{}\u00a0\u00bb][et_pb_column type=\u00a0\u00bb4_4&Prime; _builder_version=\u00a0\u00bb4.27.4&Prime; _module_preset=\u00a0\u00bbdefault\u00a0\u00bb global_colors_info=\u00a0\u00bb{}\u00a0\u00bb][et_pb_text _builder_version=\u00a0\u00bb4.27.4&Prime; _module_preset=\u00a0\u00bbdefault\u00a0\u00bb global_colors_info=\u00a0\u00bb{}\u00a0\u00bb]<h3 class=\"subtitle\" style=\"text-align: center\"><span style=\"color: #ff6600\">NOUS CONCEVONS ET COORDONNONS DES PROJETS SUR MESURE POUR CHAQUE ENTIT\u00c9 SP\u00c9CIFIQUE<\/span><\/h3>[\/et_pb_text][et_pb_slider _builder_version=\u00a0\u00bb4.27.4&Prime; _module_preset=\u00a0\u00bbdefault\u00a0\u00bb background_color=\u00a0\u00bb#1e1e1e\u00a0\u00bb custom_padding=\u00a0\u00bb14px||14px||true|\u00a0\u00bb border_radii=\u00a0\u00bbon|2px|2px|2px|2px\u00a0\u00bb border_width_all=\u00a0\u00bb5px\u00a0\u00bb global_colors_info=\u00a0\u00bb{}\u00a0\u00bb][et_pb_slide _builder_version=\u00a0\u00bb4.27.4&Prime; _module_preset=\u00a0\u00bbdefault\u00a0\u00bb background_color=\u00a0\u00bb#1e1e1e\u00a0\u00bb background_enable_color=\u00a0\u00bbon\u00a0\u00bb global_colors_info=\u00a0\u00bb{}\u00a0\u00bb sticky_transition=\u00a0\u00bbon\u00a0\u00bb]<p><strong><span style=\"color: #ff6600\"><span style=\"color: #ffffff\">ASSOCIATIONS :<\/span> <\/span><\/strong>Nous aidons les associations \u00e0 dynamiser leur vie communautaire par le sport.<\/p>\n<div class=\"target-item\">\n<p>&nbsp;<\/p>\n<\/div>\n<div class=\"target-item\">\n<p><strong>ENTREPRISES : <\/strong>Des solutions de Team Building cl\u00e9 en main pour souder vos \u00e9quipes et am\u00e9liorer le bien-\u00eatre.<\/p>\n<p>&nbsp;<\/p>\n<\/div>\n<div class=\"target-item\">\n<p><strong>COLLECTIVIT\u00c9S : <\/strong>Animation des territoires et engagement des jeunes \u00e0 travers des \u00e9v\u00e9nements citoyens.<\/p>\n<\/div>[\/et_pb_slide][\/et_pb_slider][et_pb_slider _builder_version=\u00a0\u00bb4.27.4&Prime; _module_preset=\u00a0\u00bbdefault\u00a0\u00bb background_color=\u00a0\u00bb#1e1e1e\u00a0\u00bb custom_padding=\u00a0\u00bb14px||14px||true|\u00a0\u00bb border_radii=\u00a0\u00bbon|2px|2px|2px|2px\u00a0\u00bb border_width_all=\u00a0\u00bb5px\u00a0\u00bb global_colors_info=\u00a0\u00bb{}\u00a0\u00bb][et_pb_slide _builder_version=\u00a0\u00bb4.27.4&Prime; _module_preset=\u00a0\u00bbdefault\u00a0\u00bb background_color=\u00a0\u00bb#1e1e1e\u00a0\u00bb background_enable_color=\u00a0\u00bbon\u00a0\u00bb global_colors_info=\u00a0\u00bb{}\u00a0\u00bb sticky_transition=\u00a0\u00bbon\u00a0\u00bb]<h4><span style=\"color: #ff6600\">NOTRE MISSION :\u00a0\u00bbOffrir aux participants une exp\u00e9rience sportive unique, alliant comp\u00e9tition, convivialit\u00e9 et passion.\u00a0\u00bb<\/span><span><\/span><\/h4>\n<p class=\"mission-text\">Chez PHEVENT, nous ne nous contentons pas de poser des ballons sur un terrain. Notre mission est de cr\u00e9er des souvenirs. Nous voulons que chaque dribble, chaque panier et chaque victoire r\u00e9sonne comme un moment fort. En alliant l&rsquo;exigence de la comp\u00e9tition \u00e0 la chaleur de la convivialit\u00e9, nous permettons \u00e0 chacun, amateur ou confirm\u00e9, de vivre sa passion intens\u00e9ment. C&rsquo;est cette alchimie unique qui fait la signature de nos \u00e9v\u00e9nements.<\/p>[\/et_pb_slide][\/et_pb_slider][\/et_pb_column][\/et_pb_row][et_pb_row column_structure=\u00a0\u00bb1_2,1_2&Prime; _builder_version=\u00a0\u00bb4.27.4&Prime; _module_preset=\u00a0\u00bbdefault\u00a0\u00bb global_colors_info=\u00a0\u00bb{}\u00a0\u00bb][et_pb_column type=\u00a0\u00bb1_2&Prime; _builder_version=\u00a0\u00bb4.27.4&Prime; _module_preset=\u00a0\u00bbdefault\u00a0\u00bb global_colors_info=\u00a0\u00bb{}\u00a0\u00bb][et_pb_slider use_bg_overlay=\u00a0\u00bboff\u00a0\u00bb _builder_version=\u00a0\u00bb4.27.4&Prime; _dynamic_attributes=\u00a0\u00bblink_option_url\u00a0\u00bb _module_preset=\u00a0\u00bbdefault\u00a0\u00bb background_color=\u00a0\u00bb#1e1e1e\u00a0\u00bb link_option_url=\u00a0\u00bb@ET-DC@eyJkeW5hbWljIjp0cnVlLCJjb250ZW50IjoicG9zdF9saW5rX3VybF9wYWdlIiwic2V0dGluZ3MiOnsicG9zdF9pZCI6IjI2IiwiZW5hYmxlX2h0bWwiOiJvZmYifX0=@\u00a0\u00bb border_radii=\u00a0\u00bbon|2px|2px|2px|2px\u00a0\u00bb border_width_all=\u00a0\u00bb5px\u00a0\u00bb global_colors_info=\u00a0\u00bb{}\u00a0\u00bb background__hover_enabled=\u00a0\u00bbon|hover\u00a0\u00bb background_color__hover=\u00a0\u00bb#E02B20&Prime; background_enable_color__hover=\u00a0\u00bbon\u00a0\u00bb][et_pb_slide _builder_version=\u00a0\u00bb4.27.4&Prime; _module_preset=\u00a0\u00bbdefault\u00a0\u00bb background_color=\u00a0\u00bb#1e1e1e\u00a0\u00bb background_enable_color=\u00a0\u00bbon\u00a0\u00bb global_colors_info=\u00a0\u00bb{}\u00a0\u00bb sticky_transition=\u00a0\u00bbon\u00a0\u00bb]<h4>L&rsquo;AGENCE<\/h4>\n<p><span style=\"color: #999999\">PHEVENT : qui sommes-nous ? Notre \u00e9quipe et notre mission<\/span><\/p>[\/et_pb_slide][\/et_pb_slider][\/et_pb_column][et_pb_column type=\u00a0\u00bb1_2&Prime; _builder_version=\u00a0\u00bb4.27.4&Prime; _module_preset=\u00a0\u00bbdefault\u00a0\u00bb global_colors_info=\u00a0\u00bb{}\u00a0\u00bb][et_pb_slider _builder_version=\u00a0\u00bb4.27.4&Prime; _dynamic_attributes=\u00a0\u00bblink_option_url\u00a0\u00bb _module_preset=\u00a0\u00bbdefault\u00a0\u00bb background_color=\u00a0\u00bb#1e1e1e\u00a0\u00bb link_option_url=\u00a0\u00bb@ET-DC@eyJkeW5hbWljIjp0cnVlLCJjb250ZW50IjoicG9zdF9saW5rX3VybF9wYWdlIiwic2V0dGluZ3MiOnsicG9zdF9pZCI6IjIwIiwiZW5hYmxlX2h0bWwiOiJvZmYifX0=@\u00a0\u00bb border_radii=\u00a0\u00bbon|2px|2px|2px|2px\u00a0\u00bb border_width_all=\u00a0\u00bb5px\u00a0\u00bb global_colors_info=\u00a0\u00bb{}\u00a0\u00bb background__hover_enabled=\u00a0\u00bbon|hover\u00a0\u00bb background_color__hover=\u00a0\u00bb#E02B20&Prime; background_enable_color__hover=\u00a0\u00bbon\u00a0\u00bb][et_pb_slide _builder_version=\u00a0\u00bb4.27.4&Prime; _module_preset=\u00a0\u00bbdefault\u00a0\u00bb background_color=\u00a0\u00bb#1e1e1e\u00a0\u00bb background_enable_color=\u00a0\u00bbon\u00a0\u00bb global_colors_info=\u00a0\u00bb{}\u00a0\u00bb sticky_transition=\u00a0\u00bbon\u00a0\u00bb]<h4>CONTACT<\/h4>\n<p><span style=\"color: #999999\">Entreprises, Clubs, Partenaires. Ecrivez-nous pour collaborer.<\/span><\/p>[\/et_pb_slide][\/et_pb_slider][\/et_pb_column][\/et_pb_row][et_pb_row _builder_version=\u00a0\u00bb4.27.4&Prime; _module_preset=\u00a0\u00bbdefault\u00a0\u00bb global_colors_info=\u00a0\u00bb{}\u00a0\u00bb][et_pb_column type=\u00a0\u00bb4_4&Prime; _builder_version=\u00a0\u00bb4.27.4&Prime; _module_preset=\u00a0\u00bbdefault\u00a0\u00bb global_colors_info=\u00a0\u00bb{}\u00a0\u00bb][et_pb_text _builder_version=\u00a0\u00bb4.27.4&Prime; _module_preset=\u00a0\u00bbdefault\u00a0\u00bb header_2_text_color=\u00a0\u00bb#FFFFFF\u00a0\u00bb header_2_font_size=\u00a0\u00bb47px\u00a0\u00bb header_4_text_color=\u00a0\u00bb#FFFFFF\u00a0\u00bb header_4_font_size=\u00a0\u00bb52px\u00a0\u00bb global_colors_info=\u00a0\u00bb{}\u00a0\u00bb]<h4 style=\"text-align: center\">NOS PARTENAIRES<\/h4>[\/et_pb_text][\/et_pb_column][\/et_pb_row][et_pb_row column_structure=\u00a0\u00bb1_3,1_3,1_3&Prime; _builder_version=\u00a0\u00bb4.27.4&Prime; _module_preset=\u00a0\u00bbdefault\u00a0\u00bb global_colors_info=\u00a0\u00bb{}\u00a0\u00bb][et_pb_column type=\u00a0\u00bb1_3&Prime; _builder_version=\u00a0\u00bb4.27.4&Prime; _module_preset=\u00a0\u00bbdefault\u00a0\u00bb global_colors_info=\u00a0\u00bb{}\u00a0\u00bb][et_pb_image src=\u00a0\u00bbhttps:\/\/3sport2025.ppawebdesign.com\/d3\/wp-content\/uploads\/sites\/18\/2025\/12\/Benchmark-6.png\u00a0\u00bb title_text=\u00a0\u00bb&amp;Benchmark\u00a0\u00bb url=\u00a0\u00bbhttps:\/\/www.instagram.com\/carpetballers\/\u00a0\u00bb _builder_version=\u00a0\u00bb4.27.4&Prime; _module_preset=\u00a0\u00bbdefault\u00a0\u00bb global_colors_info=\u00a0\u00bb{}\u00a0\u00bb][\/et_pb_image][\/et_pb_column][et_pb_column type=\u00a0\u00bb1_3&Prime; _builder_version=\u00a0\u00bb4.27.4&Prime; _module_preset=\u00a0\u00bbdefault\u00a0\u00bb global_colors_info=\u00a0\u00bb{}\u00a0\u00bb][et_pb_image src=\u00a0\u00bbhttps:\/\/3sport2025.ppawebdesign.com\/d3\/wp-content\/uploads\/sites\/18\/2025\/12\/Benchmark-5.png\u00a0\u00bb title_text=\u00a0\u00bbBenchmark&amp;\u00a0\u00bb url=\u00a0\u00bbhttps:\/\/www.redbull.com\/fr-fr\u00a0\u00bb _builder_version=\u00a0\u00bb4.27.4&Prime; _module_preset=\u00a0\u00bbdefault\u00a0\u00bb width=\u00a0\u00bb85%\u00a0\u00bb custom_padding=\u00a0\u00bb||1px|||\u00a0\u00bb global_colors_info=\u00a0\u00bb{}\u00a0\u00bb][\/et_pb_image][\/et_pb_column][et_pb_column type=\u00a0\u00bb1_3&Prime; _builder_version=\u00a0\u00bb4.27.4&Prime; _module_preset=\u00a0\u00bbdefault\u00a0\u00bb global_colors_info=\u00a0\u00bb{}\u00a0\u00bb][et_pb_image src=\u00a0\u00bbhttps:\/\/3sport2025.ppawebdesign.com\/d3\/wp-content\/uploads\/sites\/18\/2025\/12\/PHEVENT-8.png\u00a0\u00bb title_text=\u00a0\u00bbPHEVENT (8)\u00a0\u00bb url=\u00a0\u00bbhttps:\/\/studimove.fr\/\u00a0\u00bb _builder_version=\u00a0\u00bb4.27.4&Prime; _module_preset=\u00a0\u00bbdefault\u00a0\u00bb global_colors_info=\u00a0\u00bb{}\u00a0\u00bb][\/et_pb_image][\/et_pb_column][\/et_pb_row][\/et_pb_section]\n","protected":false},"excerpt":{"rendered":"<p>PHEVENT &#8211; Agence \u00c9v\u00e9nementielle Sportive Agence specialis\u00e9e dans l&rsquo;organisation d&rsquo;\u00e9v\u00e9nement sportiveTOP BOY TOURNAMENTTOURNOIS Nous organisons des comp\u00e9titions de grande envergure, g\u00e9rant tout de A \u00e0 Z : de la recherche de lieux homologu\u00e9s \u00e0 l&rsquo;arbitrage officiel, en passant par la gestion des inscriptions et la remise des prix. Nos tournois sont con\u00e7us pour offrir aux [&hellip;]<\/p>\n","protected":false},"author":96,"featured_media":0,"parent":0,"menu_order":0,"comment_status":"closed","ping_status":"closed","template":"","meta":{"_et_pb_use_builder":"on","_et_pb_old_content":"","_et_gb_content_width":"","footnotes":""},"class_list":["post-12","page","type-page","status-publish","hentry"],"yoast_head":"<!-- This site is optimized with the Yoast SEO plugin v26.5 - https:\/\/yoast.com\/wordpress\/plugins\/seo\/ -->\n<title>PHEVENT - Agence \u00c9v\u00e9nementielle Sportive<\/title>\n<meta name=\"description\" content=\"PHEVENT - Agence \u00e9v\u00e9nementielle sportive organise vos \u00e9v\u00e9nements sportifs \u00e0 Paris : tournois de basket, team building et journ\u00e9es sportives.\" \/>\n<meta name=\"robots\" content=\"index, follow, max-snippet:-1, max-image-preview:large, max-video-preview:-1\" \/>\n<link rel=\"canonical\" href=\"https:\/\/3sport2025.ppawebdesign.com\/d3\/\" \/>\n<meta property=\"og:locale\" content=\"fr_FR\" \/>\n<meta property=\"og:type\" content=\"article\" \/>\n<meta property=\"og:title\" content=\"PHEVENT - Agence \u00c9v\u00e9nementielle Sportive\" \/>\n<meta property=\"og:description\" content=\"PHEVENT - Agence \u00e9v\u00e9nementielle sportive organise vos \u00e9v\u00e9nements sportifs \u00e0 Paris : tournois de basket, team building et journ\u00e9es sportives.\" \/>\n<meta property=\"og:url\" content=\"https:\/\/3sport2025.ppawebdesign.com\/d3\/\" \/>\n<meta property=\"og:site_name\" content=\"Phevent Agency\" \/>\n<meta property=\"article:modified_time\" content=\"2025-12-05T09:12:28+00:00\" \/>\n<meta name=\"twitter:card\" content=\"summary_large_image\" \/>\n<meta name=\"twitter:label1\" content=\"Dur\u00e9e de lecture estim\u00e9e\" \/>\n\t<meta name=\"twitter:data1\" content=\"1 minute\" \/>\n<script type=\"application\/ld+json\" class=\"yoast-schema-graph\">{\"@context\":\"https:\/\/schema.org\",\"@graph\":[{\"@type\":\"WebPage\",\"@id\":\"https:\/\/3sport2025.ppawebdesign.com\/d3\/\",\"url\":\"https:\/\/3sport2025.ppawebdesign.com\/d3\/\",\"name\":\"PHEVENT - Agence \u00c9v\u00e9nementielle Sportive\",\"isPartOf\":{\"@id\":\"https:\/\/3sport2025.ppawebdesign.com\/d3\/#website\"},\"datePublished\":\"2025-12-02T10:13:12+00:00\",\"dateModified\":\"2025-12-05T09:12:28+00:00\",\"description\":\"PHEVENT - Agence \u00e9v\u00e9nementielle sportive organise vos \u00e9v\u00e9nements sportifs \u00e0 Paris : tournois de basket, team building et journ\u00e9es sportives.\",\"breadcrumb\":{\"@id\":\"https:\/\/3sport2025.ppawebdesign.com\/d3\/#breadcrumb\"},\"inLanguage\":\"fr-FR\",\"potentialAction\":[{\"@type\":\"ReadAction\",\"target\":[\"https:\/\/3sport2025.ppawebdesign.com\/d3\/\"]}]},{\"@type\":\"BreadcrumbList\",\"@id\":\"https:\/\/3sport2025.ppawebdesign.com\/d3\/#breadcrumb\",\"itemListElement\":[{\"@type\":\"ListItem\",\"position\":1,\"name\":\"Accueil\",\"item\":\"https:\/\/3sport2025.ppawebdesign.com\/d3\/\"},{\"@type\":\"ListItem\",\"position\":2,\"name\":\"accueil\"}]},{\"@type\":\"WebSite\",\"@id\":\"https:\/\/3sport2025.ppawebdesign.com\/d3\/#website\",\"url\":\"https:\/\/3sport2025.ppawebdesign.com\/d3\/\",\"name\":\"Phevent Agency\",\"description\":\"\",\"publisher\":{\"@id\":\"https:\/\/3sport2025.ppawebdesign.com\/d3\/#organization\"},\"potentialAction\":[{\"@type\":\"SearchAction\",\"target\":{\"@type\":\"EntryPoint\",\"urlTemplate\":\"https:\/\/3sport2025.ppawebdesign.com\/d3\/?s={search_term_string}\"},\"query-input\":{\"@type\":\"PropertyValueSpecification\",\"valueRequired\":true,\"valueName\":\"search_term_string\"}}],\"inLanguage\":\"fr-FR\"},{\"@type\":\"Organization\",\"@id\":\"https:\/\/3sport2025.ppawebdesign.com\/d3\/#organization\",\"name\":\"Phevent Agency\",\"url\":\"https:\/\/3sport2025.ppawebdesign.com\/d3\/\",\"logo\":{\"@type\":\"ImageObject\",\"inLanguage\":\"fr-FR\",\"@id\":\"https:\/\/3sport2025.ppawebdesign.com\/d3\/#\/schema\/logo\/image\/\",\"url\":\"https:\/\/3sport2025.ppawebdesign.com\/d3\/wp-content\/uploads\/sites\/18\/2025\/12\/cropped-Benchmark-2.png\",\"contentUrl\":\"https:\/\/3sport2025.ppawebdesign.com\/d3\/wp-content\/uploads\/sites\/18\/2025\/12\/cropped-Benchmark-2.png\",\"width\":512,\"height\":512,\"caption\":\"Phevent Agency\"},\"image\":{\"@id\":\"https:\/\/3sport2025.ppawebdesign.com\/d3\/#\/schema\/logo\/image\/\"},\"sameAs\":[\"https:\/\/www.instagram.com\/phevent.sport\/?utm_source=ig_web_button_share_sheet\"]}]}<\/script>\n<!-- \/ Yoast SEO plugin. -->","yoast_head_json":{"title":"PHEVENT - Agence \u00c9v\u00e9nementielle Sportive","description":"PHEVENT - Agence \u00e9v\u00e9nementielle sportive organise vos \u00e9v\u00e9nements sportifs \u00e0 Paris : tournois de basket, team building et journ\u00e9es sportives.","robots":{"index":"index","follow":"follow","max-snippet":"max-snippet:-1","max-image-preview":"max-image-preview:large","max-video-preview":"max-video-preview:-1"},"canonical":"https:\/\/3sport2025.ppawebdesign.com\/d3\/","og_locale":"fr_FR","og_type":"article","og_title":"PHEVENT - Agence \u00c9v\u00e9nementielle Sportive","og_description":"PHEVENT - Agence \u00e9v\u00e9nementielle sportive organise vos \u00e9v\u00e9nements sportifs \u00e0 Paris : tournois de basket, team building et journ\u00e9es sportives.","og_url":"https:\/\/3sport2025.ppawebdesign.com\/d3\/","og_site_name":"Phevent Agency","article_modified_time":"2025-12-05T09:12:28+00:00","twitter_card":"summary_large_image","twitter_misc":{"Dur\u00e9e de lecture estim\u00e9e":"1 minute"},"schema":{"@context":"https:\/\/schema.org","@graph":[{"@type":"WebPage","@id":"https:\/\/3sport2025.ppawebdesign.com\/d3\/","url":"https:\/\/3sport2025.ppawebdesign.com\/d3\/","name":"PHEVENT - Agence \u00c9v\u00e9nementielle Sportive","isPartOf":{"@id":"https:\/\/3sport2025.ppawebdesign.com\/d3\/#website"},"datePublished":"2025-12-02T10:13:12+00:00","dateModified":"2025-12-05T09:12:28+00:00","description":"PHEVENT - Agence \u00e9v\u00e9nementielle sportive organise vos \u00e9v\u00e9nements sportifs \u00e0 Paris : tournois de basket, team building et journ\u00e9es sportives.","breadcrumb":{"@id":"https:\/\/3sport2025.ppawebdesign.com\/d3\/#breadcrumb"},"inLanguage":"fr-FR","potentialAction":[{"@type":"ReadAction","target":["https:\/\/3sport2025.ppawebdesign.com\/d3\/"]}]},{"@type":"BreadcrumbList","@id":"https:\/\/3sport2025.ppawebdesign.com\/d3\/#breadcrumb","itemListElement":[{"@type":"ListItem","position":1,"name":"Accueil","item":"https:\/\/3sport2025.ppawebdesign.com\/d3\/"},{"@type":"ListItem","position":2,"name":"accueil"}]},{"@type":"WebSite","@id":"https:\/\/3sport2025.ppawebdesign.com\/d3\/#website","url":"https:\/\/3sport2025.ppawebdesign.com\/d3\/","name":"Phevent Agency","description":"","publisher":{"@id":"https:\/\/3sport2025.ppawebdesign.com\/d3\/#organization"},"potentialAction":[{"@type":"SearchAction","target":{"@type":"EntryPoint","urlTemplate":"https:\/\/3sport2025.ppawebdesign.com\/d3\/?s={search_term_string}"},"query-input":{"@type":"PropertyValueSpecification","valueRequired":true,"valueName":"search_term_string"}}],"inLanguage":"fr-FR"},{"@type":"Organization","@id":"https:\/\/3sport2025.ppawebdesign.com\/d3\/#organization","name":"Phevent Agency","url":"https:\/\/3sport2025.ppawebdesign.com\/d3\/","logo":{"@type":"ImageObject","inLanguage":"fr-FR","@id":"https:\/\/3sport2025.ppawebdesign.com\/d3\/#\/schema\/logo\/image\/","url":"https:\/\/3sport2025.ppawebdesign.com\/d3\/wp-content\/uploads\/sites\/18\/2025\/12\/cropped-Benchmark-2.png","contentUrl":"https:\/\/3sport2025.ppawebdesign.com\/d3\/wp-content\/uploads\/sites\/18\/2025\/12\/cropped-Benchmark-2.png","width":512,"height":512,"caption":"Phevent Agency"},"image":{"@id":"https:\/\/3sport2025.ppawebdesign.com\/d3\/#\/schema\/logo\/image\/"},"sameAs":["https:\/\/www.instagram.com\/phevent.sport\/?utm_source=ig_web_button_share_sheet"]}]}},"_links":{"self":[{"href":"https:\/\/3sport2025.ppawebdesign.com\/d3\/wp-json\/wp\/v2\/pages\/12","targetHints":{"allow":["GET"]}}],"collection":[{"href":"https:\/\/3sport2025.ppawebdesign.com\/d3\/wp-json\/wp\/v2\/pages"}],"about":[{"href":"https:\/\/3sport2025.ppawebdesign.com\/d3\/wp-json\/wp\/v2\/types\/page"}],"author":[{"embeddable":true,"href":"https:\/\/3sport2025.ppawebdesign.com\/d3\/wp-json\/wp\/v2\/users\/96"}],"replies":[{"embeddable":true,"href":"https:\/\/3sport2025.ppawebdesign.com\/d3\/wp-json\/wp\/v2\/comments?post=12"}],"version-history":[{"count":57,"href":"https:\/\/3sport2025.ppawebdesign.com\/d3\/wp-json\/wp\/v2\/pages\/12\/revisions"}],"predecessor-version":[{"id":408,"href":"https:\/\/3sport2025.ppawebdesign.com\/d3\/wp-json\/wp\/v2\/pages\/12\/revisions\/408"}],"wp:attachment":[{"href":"https:\/\/3sport2025.ppawebdesign.com\/d3\/wp-json\/wp\/v2\/media?parent=12"}],"curies":[{"name":"wp","href":"https:\/\/api.w.org\/{rel}","templated":true}]}}