{"id":18,"date":"2025-12-02T11:15:08","date_gmt":"2025-12-02T10:15:08","guid":{"rendered":"https:\/\/3sport2025.ppawebdesign.com\/d3\/?page_id=18"},"modified":"2025-12-05T00:00:37","modified_gmt":"2025-12-04T23:00:37","slug":"formats-basket","status":"publish","type":"page","link":"https:\/\/3sport2025.ppawebdesign.com\/d3\/formats-basket\/","title":{"rendered":"Basketball"},"content":{"rendered":"<p>[et_pb_section fb_built=\u00a0\u00bb1&Prime; _builder_version=\u00a0\u00bb4.27.4&Prime; _module_preset=\u00a0\u00bbdefault\u00a0\u00bb background_color=\u00a0\u00bb#121212&Prime; global_colors_info=\u00a0\u00bb{}\u00a0\u00bb][et_pb_row _builder_version=\u00a0\u00bb4.27.4&Prime; _module_preset=\u00a0\u00bbdefault\u00a0\u00bb global_colors_info=\u00a0\u00bb{}\u00a0\u00bb][et_pb_column type=\u00a0\u00bb4_4&Prime; _builder_version=\u00a0\u00bb4.27.4&Prime; _module_preset=\u00a0\u00bbdefault\u00a0\u00bb global_colors_info=\u00a0\u00bb{}\u00a0\u00bb][et_pb_text _builder_version=\u00a0\u00bb4.27.4&Prime; _module_preset=\u00a0\u00bbdefault\u00a0\u00bb custom_padding=\u00a0\u00bb||3px|||\u00a0\u00bb global_colors_info=\u00a0\u00bb{}\u00a0\u00bb]<\/p>\n<h1 style=\"text-align: center\"><span style=\"color: #f33d1b\">NOTRE EXPERTISE BASKET<\/span><\/h1>\n<p style=\"text-align: center\"><span style=\"color: #ffffff\">Plus qu&rsquo;un sport, une culture. PHEVENT ma\u00eetrise tous les formats de la balle orange pour dynamiser vos \u00e9v\u00e9nements.<\/span><\/p>\n<p>[\/et_pb_text][et_pb_text _builder_version=\u00a0\u00bb4.27.4&Prime; _module_preset=\u00a0\u00bbdefault\u00a0\u00bb header_text_color=\u00a0\u00bb#f33d1b\u00a0\u00bb header_2_text_color=\u00a0\u00bb#f33d1b\u00a0\u00bb header_4_text_color=\u00a0\u00bb#E02B20&Prime; header_4_font_size=\u00a0\u00bb30px\u00a0\u00bb global_colors_info=\u00a0\u00bb{}\u00a0\u00bb]<\/p>\n<h4 style=\"text-align: center\">NOS FORMAT BASKET<\/h4>\n<p style=\"text-align: center\"><span style=\"color: #ffffff\">Du duel intense au collectif strat\u00e9gique, nous adaptons le format \u00e0 vos objectifs.<\/span><\/p>\n<p>[\/et_pb_text][\/et_pb_column][\/et_pb_row][et_pb_row column_structure=\u00a0\u00bb1_3,1_3,1_3&Prime; _builder_version=\u00a0\u00bb4.27.4&Prime; _module_preset=\u00a0\u00bbdefault\u00a0\u00bb min_height=\u00a0\u00bb295.7px\u00a0\u00bb global_colors_info=\u00a0\u00bb{}\u00a0\u00bb][et_pb_column type=\u00a0\u00bb1_3&Prime; _builder_version=\u00a0\u00bb4.27.4&Prime; _module_preset=\u00a0\u00bbdefault\u00a0\u00bb global_colors_info=\u00a0\u00bb{}\u00a0\u00bb][et_pb_slider _builder_version=\u00a0\u00bb4.27.4&Prime; _module_preset=\u00a0\u00bbdefault\u00a0\u00bb background_color=\u00a0\u00bb#1e1e1e\u00a0\u00bb custom_padding=\u00a0\u00bb||58px|||\u00a0\u00bb border_width_top=\u00a0\u00bb2px\u00a0\u00bb border_color_top=\u00a0\u00bb#f33d1b\u00a0\u00bb global_colors_info=\u00a0\u00bb{}\u00a0\u00bb][et_pb_slide _builder_version=\u00a0\u00bb4.27.4&Prime; _module_preset=\u00a0\u00bbdefault\u00a0\u00bb global_colors_info=\u00a0\u00bb{}\u00a0\u00bb sticky_transition=\u00a0\u00bbon\u00a0\u00bb]<\/p>\n<h4 style=\"text-align: center\"><span style=\"color: #ffffff\">1 VS 1<\/span><\/h4>\n<p style=\"text-align: center\"><span style=\"color: #999999\"><strong>\u00ab\u00a0King of the Court\u00a0\u00bb<\/strong><\/span><br \/><span style=\"color: #999999\">Le duel \u00e0 l&rsquo;\u00e9tat pur. Id\u00e9al pour des activations rapides, des d\u00e9fis \u00ab\u00a0Beat the Pro\u00a0\u00bb ou des animations street marketing percutantes.<\/span><\/p>\n<p>[\/et_pb_slide][\/et_pb_slider][\/et_pb_column][et_pb_column type=\u00a0\u00bb1_3&Prime; _builder_version=\u00a0\u00bb4.27.4&Prime; _module_preset=\u00a0\u00bbdefault\u00a0\u00bb global_colors_info=\u00a0\u00bb{}\u00a0\u00bb][et_pb_slider _builder_version=\u00a0\u00bb4.27.4&Prime; _module_preset=\u00a0\u00bbdefault\u00a0\u00bb background_color=\u00a0\u00bb#1e1e1e\u00a0\u00bb min_height=\u00a0\u00bb251.4px\u00a0\u00bb border_width_top=\u00a0\u00bb2px\u00a0\u00bb border_color_top=\u00a0\u00bb#f33d1b\u00a0\u00bb global_colors_info=\u00a0\u00bb{}\u00a0\u00bb][et_pb_slide _builder_version=\u00a0\u00bb4.27.4&Prime; _module_preset=\u00a0\u00bbdefault\u00a0\u00bb global_colors_info=\u00a0\u00bb{}\u00a0\u00bb sticky_transition=\u00a0\u00bbon\u00a0\u00bb]<\/p>\n<h4 style=\"text-align: center\"><span style=\"color: #ffffff\">3 VS 3<\/span><\/h4>\n<p style=\"text-align: center\"><span style=\"color: #999999\"><strong>\u00ab\u00a0Urban &amp; Olympic\u00a0\u00bb<\/strong><\/span><br \/><span style=\"color: #999999\">Le format tendance. Dynamique, spectaculaire et n\u00e9cessitant peu d&rsquo;espace.<\/span><\/p>\n<p>[\/et_pb_slide][\/et_pb_slider][\/et_pb_column][et_pb_column type=\u00a0\u00bb1_3&Prime; _builder_version=\u00a0\u00bb4.27.4&Prime; _module_preset=\u00a0\u00bbdefault\u00a0\u00bb global_colors_info=\u00a0\u00bb{}\u00a0\u00bb][et_pb_slider _builder_version=\u00a0\u00bb4.27.4&Prime; _module_preset=\u00a0\u00bbdefault\u00a0\u00bb background_color=\u00a0\u00bb#1e1e1e\u00a0\u00bb custom_padding=\u00a0\u00bb||80px|||\u00a0\u00bb border_width_top=\u00a0\u00bb2px\u00a0\u00bb border_color_top=\u00a0\u00bb#f33d1b\u00a0\u00bb global_colors_info=\u00a0\u00bb{}\u00a0\u00bb][et_pb_slide _builder_version=\u00a0\u00bb4.27.4&Prime; _module_preset=\u00a0\u00bbdefault\u00a0\u00bb global_colors_info=\u00a0\u00bb{}\u00a0\u00bb sticky_transition=\u00a0\u00bbon\u00a0\u00bb]<\/p>\n<h4 style=\"text-align: center\">5 VS 5<\/h4>\n<p style=\"text-align: center\"><span style=\"color: #999999\"><strong>\u00ab\u00a0The Classic\u00a0\u00bb<\/strong><\/span><br \/><span style=\"color: #999999\">Le basket traditionnel. Parfait pour les ligues d&rsquo;entreprises, les tournois inter-\u00e9coles et le Team Building longue dur\u00e9e.<\/span><\/p>\n<p>[\/et_pb_slide][\/et_pb_slider][\/et_pb_column][\/et_pb_row][et_pb_row column_structure=\u00a0\u00bb1_2,1_2&Prime; _builder_version=\u00a0\u00bb4.27.4&Prime; _module_preset=\u00a0\u00bbdefault\u00a0\u00bb global_colors_info=\u00a0\u00bb{}\u00a0\u00bb][et_pb_column type=\u00a0\u00bb1_2&Prime; _builder_version=\u00a0\u00bb4.27.4&Prime; _module_preset=\u00a0\u00bbdefault\u00a0\u00bb global_colors_info=\u00a0\u00bb{}\u00a0\u00bb][et_pb_text _builder_version=\u00a0\u00bb4.27.4&Prime; _module_preset=\u00a0\u00bbdefault\u00a0\u00bb header_4_font_size=\u00a0\u00bb30px\u00a0\u00bb min_height=\u00a0\u00bb499.4px\u00a0\u00bb custom_margin=\u00a0\u00bb||-4px|||\u00a0\u00bb custom_padding=\u00a0\u00bb22px|||||\u00a0\u00bb global_colors_info=\u00a0\u00bb{}\u00a0\u00bb]<\/p>\n<h4><span style=\"color: #f33d1b\">POURQUOI CHOISIR LE BASKET ?<\/span><\/h4>\n<p data-path-to-node=\"15\"><strong><span style=\"color: #ffffff\">Le basketball repr\u00e9sente le sport urbain par excellence. En effet, il v\u00e9hicule des valeurs fortes. Ces derni\u00e8res r\u00e9sonnent aussi bien avec le monde de l\u2019entreprise qu&rsquo;avec la jeunesse.<\/span><\/strong><\/p>\n<p data-path-to-node=\"16\"><strong><span style=\"color: #ffffff\">Le choix du basketball pour notre \u00e9v\u00e9nement n\u2019est pas un hasard. Car c\u2019est un sport qui rassemble et inspire. Il cr\u00e9e ainsi une \u00e9nergie unique. Parmi les sports urbains, le basket incarne le mieux la culture street. De plus, il refl\u00e8te l\u2019intensit\u00e9 des playgrounds. Enfin, il capture l\u2019esprit de comp\u00e9tition qui anime les jeunes d\u2019aujourd\u2019hui.<\/span><\/strong><\/p>\n<p data-path-to-node=\"17\"><strong><span style=\"color: #ffffff\">Le basketball s\u2019impose \u00e9galement comme un sport universel. Il est accessible \u00e0 tous et ancr\u00e9 dans la culture populaire. D&rsquo;ailleurs, des millions de fans le suivent. Gr\u00e2ce \u00e0 son lien avec la musique ou la mode, le basket permet de cr\u00e9er un \u00e9v\u00e9nement riche. Il devient alors immersif et f\u00e9d\u00e9rateur.<\/span><\/strong><\/p>\n<p data-path-to-node=\"18\"><strong><span style=\"color: #ffffff\">Aujourd\u2019hui, la communaut\u00e9 basket grandit sans cesse en France. Par cons\u00e9quent, les tournois attirent plus de participants. Les spectateurs cherchent aussi des exp\u00e9riences originales. Proposer un tournoi urbain r\u00e9pond donc \u00e0 une demande r\u00e9elle. C&rsquo;est une dynamique culturelle forte.<\/span><\/strong><\/p>\n<p data-path-to-node=\"19\"><strong><span style=\"color: #ffffff\">De plus, ce sport se pr\u00eate parfaitement \u00e0 un \u00e9v\u00e9nement innovant. Cela est d\u00fb \u00e0 son format flexible et ses r\u00e8gles simples. Son intensit\u00e9 est spectaculaire. Il permet aussi de cr\u00e9er une ambiance visuelle marquante. C&rsquo;est id\u00e9al pour la communication digitale ou les highlights vid\u00e9o.<\/span><\/strong><\/p>\n<p data-path-to-node=\"20\"><strong><span style=\"color: #ffffff\">En choisissant ce sport, nous offrons une exp\u00e9rience authentique. Elle est \u00e0 la fois comp\u00e9titive et moderne. Ainsi, elle valorise les joueurs autant que le public. Plus qu\u2019un choix, le basketball est le c\u0153ur de notre identit\u00e9. C&rsquo;est un v\u00e9ritable vecteur de passion et de culture urbaine.<\/span><\/strong><\/p>\n<ul><\/ul>\n<p>[\/et_pb_text][\/et_pb_column][et_pb_column type=\u00a0\u00bb1_2&Prime; _builder_version=\u00a0\u00bb4.27.4&Prime; _module_preset=\u00a0\u00bbdefault\u00a0\u00bb global_colors_info=\u00a0\u00bb{}\u00a0\u00bb][et_pb_image src=\u00a0\u00bbhttps:\/\/3sport2025.ppawebdesign.com\/d3\/wp-content\/uploads\/sites\/18\/2025\/12\/stephen-baker-qax5ylx-lko-unsplash-scaled-1707&#215;1707-1.jpg\u00a0\u00bb title_text=\u00a0\u00bbstephen-baker-qax5ylx-lko-unsplash-scaled-1707&#215;1707&Prime; _builder_version=\u00a0\u00bb4.27.4&Prime; _module_preset=\u00a0\u00bbdefault\u00a0\u00bb custom_margin=\u00a0\u00bb|-24px||||\u00a0\u00bb custom_padding=\u00a0\u00bb58px||||false|false\u00a0\u00bb locked=\u00a0\u00bboff\u00a0\u00bb global_colors_info=\u00a0\u00bb{}\u00a0\u00bb][\/et_pb_image][\/et_pb_column][\/et_pb_row][\/et_pb_section]<\/p>\n","protected":false},"excerpt":{"rendered":"<p>NOTRE EXPERTISE BASKET Plus qu&rsquo;un sport, une culture. PHEVENT ma\u00eetrise tous les formats de la balle orange pour dynamiser vos \u00e9v\u00e9nements.NOS FORMAT BASKET Du duel intense au collectif strat\u00e9gique, nous adaptons le format \u00e0 vos objectifs.1 VS 1 \u00ab\u00a0King of the Court\u00a0\u00bbLe duel \u00e0 l&rsquo;\u00e9tat pur. Id\u00e9al pour des activations rapides, des d\u00e9fis \u00ab\u00a0Beat the [&hellip;]<\/p>\n","protected":false},"author":96,"featured_media":0,"parent":0,"menu_order":0,"comment_status":"closed","ping_status":"closed","template":"","meta":{"_et_pb_use_builder":"on","_et_pb_old_content":"<!-- wp:paragraph -->\n<p><\/p>\n<!-- \/wp:paragraph -->\n\n<!-- wp:image -->\n<figure class=\"wp-block-image\"><img alt=\"\" \/><\/figure>\n<!-- \/wp:image -->\n\n<!-- wp:image {\"sizeSlug\":\"large\"} -->\n<figure class=\"wp-block-image size-large\"><img src=\"https:\/\/3sport2025.ppawebdesign.com\/d3\/wp-content\/uploads\/sites\/18\/2025\/12\/Benchmark-1.jpg\" alt=\"\" \/><\/figure>\n<!-- \/wp:image -->","_et_gb_content_width":"","footnotes":""},"class_list":["post-18","page","type-page","status-publish","hentry"],"yoast_head":"<!-- This site is optimized with the Yoast SEO plugin v26.5 - https:\/\/yoast.com\/wordpress\/plugins\/seo\/ -->\n<title>Nos Formats Basket : pour vos \u00c9v\u00e9nements | PHEVENT<\/title>\n<meta name=\"description\" content=\"D\u00e9couvrez PHEVENT par nos \u00c9v\u00e9nements et Formats Basket adapt\u00e9s \u00e0 tous les niveaux :1v1,5v5 et 3x3. Id\u00e9al pour clubs et entreprises.\" \/>\n<meta name=\"robots\" content=\"index, follow, max-snippet:-1, max-image-preview:large, max-video-preview:-1\" \/>\n<link rel=\"canonical\" href=\"https:\/\/3sport2025.ppawebdesign.com\/d3\/formats-basket\/\" \/>\n<meta property=\"og:locale\" content=\"fr_FR\" \/>\n<meta property=\"og:type\" content=\"article\" \/>\n<meta property=\"og:title\" content=\"Nos Formats Basket : pour vos \u00c9v\u00e9nements | PHEVENT\" \/>\n<meta property=\"og:description\" content=\"D\u00e9couvrez PHEVENT par nos \u00c9v\u00e9nements et Formats Basket adapt\u00e9s \u00e0 tous les niveaux :1v1,5v5 et 3x3. Id\u00e9al pour clubs et entreprises.\" \/>\n<meta property=\"og:url\" content=\"https:\/\/3sport2025.ppawebdesign.com\/d3\/formats-basket\/\" \/>\n<meta property=\"og:site_name\" content=\"Phevent Agency\" \/>\n<meta property=\"article:modified_time\" content=\"2025-12-04T23:00:37+00:00\" \/>\n<meta name=\"twitter:card\" content=\"summary_large_image\" \/>\n<meta name=\"twitter:label1\" content=\"Dur\u00e9e de lecture estim\u00e9e\" \/>\n\t<meta name=\"twitter:data1\" content=\"3 minutes\" \/>\n<script type=\"application\/ld+json\" class=\"yoast-schema-graph\">{\"@context\":\"https:\/\/schema.org\",\"@graph\":[{\"@type\":\"WebPage\",\"@id\":\"https:\/\/3sport2025.ppawebdesign.com\/d3\/formats-basket\/\",\"url\":\"https:\/\/3sport2025.ppawebdesign.com\/d3\/formats-basket\/\",\"name\":\"Nos Formats Basket : pour vos \u00c9v\u00e9nements | PHEVENT\",\"isPartOf\":{\"@id\":\"https:\/\/3sport2025.ppawebdesign.com\/d3\/#website\"},\"datePublished\":\"2025-12-02T10:15:08+00:00\",\"dateModified\":\"2025-12-04T23:00:37+00:00\",\"description\":\"D\u00e9couvrez PHEVENT par nos \u00c9v\u00e9nements et Formats Basket adapt\u00e9s \u00e0 tous les niveaux :1v1,5v5 et 3x3. Id\u00e9al pour clubs et entreprises.\",\"breadcrumb\":{\"@id\":\"https:\/\/3sport2025.ppawebdesign.com\/d3\/formats-basket\/#breadcrumb\"},\"inLanguage\":\"fr-FR\",\"potentialAction\":[{\"@type\":\"ReadAction\",\"target\":[\"https:\/\/3sport2025.ppawebdesign.com\/d3\/formats-basket\/\"]}]},{\"@type\":\"BreadcrumbList\",\"@id\":\"https:\/\/3sport2025.ppawebdesign.com\/d3\/formats-basket\/#breadcrumb\",\"itemListElement\":[{\"@type\":\"ListItem\",\"position\":1,\"name\":\"Accueil\",\"item\":\"https:\/\/3sport2025.ppawebdesign.com\/d3\/\"},{\"@type\":\"ListItem\",\"position\":2,\"name\":\"Basketball\"}]},{\"@type\":\"WebSite\",\"@id\":\"https:\/\/3sport2025.ppawebdesign.com\/d3\/#website\",\"url\":\"https:\/\/3sport2025.ppawebdesign.com\/d3\/\",\"name\":\"Phevent Agency\",\"description\":\"\",\"publisher\":{\"@id\":\"https:\/\/3sport2025.ppawebdesign.com\/d3\/#organization\"},\"potentialAction\":[{\"@type\":\"SearchAction\",\"target\":{\"@type\":\"EntryPoint\",\"urlTemplate\":\"https:\/\/3sport2025.ppawebdesign.com\/d3\/?s={search_term_string}\"},\"query-input\":{\"@type\":\"PropertyValueSpecification\",\"valueRequired\":true,\"valueName\":\"search_term_string\"}}],\"inLanguage\":\"fr-FR\"},{\"@type\":\"Organization\",\"@id\":\"https:\/\/3sport2025.ppawebdesign.com\/d3\/#organization\",\"name\":\"Phevent Agency\",\"url\":\"https:\/\/3sport2025.ppawebdesign.com\/d3\/\",\"logo\":{\"@type\":\"ImageObject\",\"inLanguage\":\"fr-FR\",\"@id\":\"https:\/\/3sport2025.ppawebdesign.com\/d3\/#\/schema\/logo\/image\/\",\"url\":\"https:\/\/3sport2025.ppawebdesign.com\/d3\/wp-content\/uploads\/sites\/18\/2025\/12\/cropped-Benchmark-2.png\",\"contentUrl\":\"https:\/\/3sport2025.ppawebdesign.com\/d3\/wp-content\/uploads\/sites\/18\/2025\/12\/cropped-Benchmark-2.png\",\"width\":512,\"height\":512,\"caption\":\"Phevent Agency\"},\"image\":{\"@id\":\"https:\/\/3sport2025.ppawebdesign.com\/d3\/#\/schema\/logo\/image\/\"},\"sameAs\":[\"https:\/\/www.instagram.com\/phevent.sport\/?utm_source=ig_web_button_share_sheet\"]}]}<\/script>\n<!-- \/ Yoast SEO plugin. -->","yoast_head_json":{"title":"Nos Formats Basket : pour vos \u00c9v\u00e9nements | PHEVENT","description":"D\u00e9couvrez PHEVENT par nos \u00c9v\u00e9nements et Formats Basket adapt\u00e9s \u00e0 tous les niveaux :1v1,5v5 et 3x3. Id\u00e9al pour clubs et entreprises.","robots":{"index":"index","follow":"follow","max-snippet":"max-snippet:-1","max-image-preview":"max-image-preview:large","max-video-preview":"max-video-preview:-1"},"canonical":"https:\/\/3sport2025.ppawebdesign.com\/d3\/formats-basket\/","og_locale":"fr_FR","og_type":"article","og_title":"Nos Formats Basket : pour vos \u00c9v\u00e9nements | PHEVENT","og_description":"D\u00e9couvrez PHEVENT par nos \u00c9v\u00e9nements et Formats Basket adapt\u00e9s \u00e0 tous les niveaux :1v1,5v5 et 3x3. Id\u00e9al pour clubs et entreprises.","og_url":"https:\/\/3sport2025.ppawebdesign.com\/d3\/formats-basket\/","og_site_name":"Phevent Agency","article_modified_time":"2025-12-04T23:00:37+00:00","twitter_card":"summary_large_image","twitter_misc":{"Dur\u00e9e de lecture estim\u00e9e":"3 minutes"},"schema":{"@context":"https:\/\/schema.org","@graph":[{"@type":"WebPage","@id":"https:\/\/3sport2025.ppawebdesign.com\/d3\/formats-basket\/","url":"https:\/\/3sport2025.ppawebdesign.com\/d3\/formats-basket\/","name":"Nos Formats Basket : pour vos \u00c9v\u00e9nements | PHEVENT","isPartOf":{"@id":"https:\/\/3sport2025.ppawebdesign.com\/d3\/#website"},"datePublished":"2025-12-02T10:15:08+00:00","dateModified":"2025-12-04T23:00:37+00:00","description":"D\u00e9couvrez PHEVENT par nos \u00c9v\u00e9nements et Formats Basket adapt\u00e9s \u00e0 tous les niveaux :1v1,5v5 et 3x3. Id\u00e9al pour clubs et entreprises.","breadcrumb":{"@id":"https:\/\/3sport2025.ppawebdesign.com\/d3\/formats-basket\/#breadcrumb"},"inLanguage":"fr-FR","potentialAction":[{"@type":"ReadAction","target":["https:\/\/3sport2025.ppawebdesign.com\/d3\/formats-basket\/"]}]},{"@type":"BreadcrumbList","@id":"https:\/\/3sport2025.ppawebdesign.com\/d3\/formats-basket\/#breadcrumb","itemListElement":[{"@type":"ListItem","position":1,"name":"Accueil","item":"https:\/\/3sport2025.ppawebdesign.com\/d3\/"},{"@type":"ListItem","position":2,"name":"Basketball"}]},{"@type":"WebSite","@id":"https:\/\/3sport2025.ppawebdesign.com\/d3\/#website","url":"https:\/\/3sport2025.ppawebdesign.com\/d3\/","name":"Phevent Agency","description":"","publisher":{"@id":"https:\/\/3sport2025.ppawebdesign.com\/d3\/#organization"},"potentialAction":[{"@type":"SearchAction","target":{"@type":"EntryPoint","urlTemplate":"https:\/\/3sport2025.ppawebdesign.com\/d3\/?s={search_term_string}"},"query-input":{"@type":"PropertyValueSpecification","valueRequired":true,"valueName":"search_term_string"}}],"inLanguage":"fr-FR"},{"@type":"Organization","@id":"https:\/\/3sport2025.ppawebdesign.com\/d3\/#organization","name":"Phevent Agency","url":"https:\/\/3sport2025.ppawebdesign.com\/d3\/","logo":{"@type":"ImageObject","inLanguage":"fr-FR","@id":"https:\/\/3sport2025.ppawebdesign.com\/d3\/#\/schema\/logo\/image\/","url":"https:\/\/3sport2025.ppawebdesign.com\/d3\/wp-content\/uploads\/sites\/18\/2025\/12\/cropped-Benchmark-2.png","contentUrl":"https:\/\/3sport2025.ppawebdesign.com\/d3\/wp-content\/uploads\/sites\/18\/2025\/12\/cropped-Benchmark-2.png","width":512,"height":512,"caption":"Phevent Agency"},"image":{"@id":"https:\/\/3sport2025.ppawebdesign.com\/d3\/#\/schema\/logo\/image\/"},"sameAs":["https:\/\/www.instagram.com\/phevent.sport\/?utm_source=ig_web_button_share_sheet"]}]}},"_links":{"self":[{"href":"https:\/\/3sport2025.ppawebdesign.com\/d3\/wp-json\/wp\/v2\/pages\/18","targetHints":{"allow":["GET"]}}],"collection":[{"href":"https:\/\/3sport2025.ppawebdesign.com\/d3\/wp-json\/wp\/v2\/pages"}],"about":[{"href":"https:\/\/3sport2025.ppawebdesign.com\/d3\/wp-json\/wp\/v2\/types\/page"}],"author":[{"embeddable":true,"href":"https:\/\/3sport2025.ppawebdesign.com\/d3\/wp-json\/wp\/v2\/users\/96"}],"replies":[{"embeddable":true,"href":"https:\/\/3sport2025.ppawebdesign.com\/d3\/wp-json\/wp\/v2\/comments?post=18"}],"version-history":[{"count":23,"href":"https:\/\/3sport2025.ppawebdesign.com\/d3\/wp-json\/wp\/v2\/pages\/18\/revisions"}],"predecessor-version":[{"id":385,"href":"https:\/\/3sport2025.ppawebdesign.com\/d3\/wp-json\/wp\/v2\/pages\/18\/revisions\/385"}],"wp:attachment":[{"href":"https:\/\/3sport2025.ppawebdesign.com\/d3\/wp-json\/wp\/v2\/media?parent=18"}],"curies":[{"name":"wp","href":"https:\/\/api.w.org\/{rel}","templated":true}]}}