{"id":20,"date":"2025-12-02T11:14:17","date_gmt":"2025-12-02T10:14:17","guid":{"rendered":"https:\/\/3sport2025.ppawebdesign.com\/d3\/?page_id=20"},"modified":"2025-12-05T10:11:57","modified_gmt":"2025-12-05T09:11:57","slug":"contact-nous","status":"publish","type":"page","link":"https:\/\/3sport2025.ppawebdesign.com\/d3\/contact-nous\/","title":{"rendered":"contact nous"},"content":{"rendered":"<p>[et_pb_section fb_built=\u00a0\u00bb1&Prime; _builder_version=\u00a0\u00bb4.27.4&Prime; _module_preset=\u00a0\u00bbdefault\u00a0\u00bb background_color=\u00a0\u00bb#121212&Prime; background_enable_image=\u00a0\u00bboff\u00a0\u00bb min_height=\u00a0\u00bb811.6px\u00a0\u00bb custom_margin=\u00a0\u00bb-1px||-1px||true|\u00a0\u00bb custom_padding=\u00a0\u00bb||95px|||\u00a0\u00bb global_colors_info=\u00a0\u00bb{}\u00a0\u00bb][et_pb_row disabled_on=\u00a0\u00bbon|on|off\u00a0\u00bb _builder_version=\u00a0\u00bb4.27.4&Prime; _module_preset=\u00a0\u00bbdefault\u00a0\u00bb global_colors_info=\u00a0\u00bb{}\u00a0\u00bb][et_pb_column type=\u00a0\u00bb4_4&Prime; _builder_version=\u00a0\u00bb4.27.4&Prime; _module_preset=\u00a0\u00bbdefault\u00a0\u00bb global_colors_info=\u00a0\u00bb{}\u00a0\u00bb][et_pb_cta title=\u00a0\u00bbNOUS CONTACTER\u00a0\u00bb button_text=\u00a0\u00bbClics\u00a0\u00bb _builder_version=\u00a0\u00bb4.27.4&Prime; _module_preset=\u00a0\u00bbdefault\u00a0\u00bb background_color=\u00a0\u00bb#1e1e1e\u00a0\u00bb border_width_all=\u00a0\u00bb5px\u00a0\u00bb global_colors_info=\u00a0\u00bb{}\u00a0\u00bb]<\/p>\n<p>Une question, un projet ou besoin d\u2019informations ? Notre \u00e9quipe est \u00e0 votre \u00e9coute.<br data-start=\"327\" data-end=\"330\" \/>Remplissez le formulaire ci-dessous ou \u00e9crivez-nous directement : nous vous r\u00e9pondrons dans les plus brefs d\u00e9lais.<\/p>\n<p>[\/et_pb_cta][et_pb_contact_form email=\u00a0\u00bbpheventagency@gmail.com\u00a0\u00bb use_redirect=\u00a0\u00bbon\u00a0\u00bb submit_button_text=\u00a0\u00bbenvoyer\u00a0\u00bb submit_button_text_tablet=\u00a0\u00bbenvoyer\u00a0\u00bb submit_button_text_phone=\u00a0\u00bbenvoyer\u00a0\u00bb submit_button_text_last_edited=\u00a0\u00bbon|desktop\u00a0\u00bb _builder_version=\u00a0\u00bb4.27.4&Prime; _module_preset=\u00a0\u00bbdefault\u00a0\u00bb _unique_id=\u00a0\u00bb2382f9e4-9eea-4db8-b682-003780e0a7c7&Prime; title_text_align=\u00a0\u00bbleft\u00a0\u00bb title_text_color=\u00a0\u00bb#FFFFFF\u00a0\u00bb custom_button=\u00a0\u00bbon\u00a0\u00bb button_text_size=\u00a0\u00bb19px\u00a0\u00bb button_text_color=\u00a0\u00bb#E02B20&Prime; button_bg_color=\u00a0\u00bbRGBA(255,255,255,0)\u00a0\u00bb button_border_color=\u00a0\u00bb#E02B20&Prime; button_border_radius=\u00a0\u00bb100px\u00a0\u00bb min_height=\u00a0\u00bb369.5px\u00a0\u00bb custom_margin=\u00a0\u00bb|2px|-81px|||\u00a0\u00bb custom_padding=\u00a0\u00bb|2px||||\u00a0\u00bb captcha_text_shadow_style=\u00a0\u00bbpreset3&Prime; global_colors_info=\u00a0\u00bb{}\u00a0\u00bb][et_pb_contact_field field_id=\u00a0\u00bbName\u00a0\u00bb field_title=\u00a0\u00bbNom\u00a0\u00bb _builder_version=\u00a0\u00bb4.16&Prime; global_colors_info=\u00a0\u00bb{}\u00a0\u00bb button_text_size__hover_enabled=\u00a0\u00bboff\u00a0\u00bb button_one_text_size__hover_enabled=\u00a0\u00bboff\u00a0\u00bb button_two_text_size__hover_enabled=\u00a0\u00bboff\u00a0\u00bb button_text_color__hover_enabled=\u00a0\u00bboff\u00a0\u00bb button_one_text_color__hover_enabled=\u00a0\u00bboff\u00a0\u00bb button_two_text_color__hover_enabled=\u00a0\u00bboff\u00a0\u00bb button_border_width__hover_enabled=\u00a0\u00bboff\u00a0\u00bb button_one_border_width__hover_enabled=\u00a0\u00bboff\u00a0\u00bb button_two_border_width__hover_enabled=\u00a0\u00bboff\u00a0\u00bb button_border_color__hover_enabled=\u00a0\u00bboff\u00a0\u00bb button_one_border_color__hover_enabled=\u00a0\u00bboff\u00a0\u00bb button_two_border_color__hover_enabled=\u00a0\u00bboff\u00a0\u00bb button_border_radius__hover_enabled=\u00a0\u00bboff\u00a0\u00bb button_one_border_radius__hover_enabled=\u00a0\u00bboff\u00a0\u00bb button_two_border_radius__hover_enabled=\u00a0\u00bboff\u00a0\u00bb button_letter_spacing__hover_enabled=\u00a0\u00bboff\u00a0\u00bb button_one_letter_spacing__hover_enabled=\u00a0\u00bboff\u00a0\u00bb button_two_letter_spacing__hover_enabled=\u00a0\u00bboff\u00a0\u00bb button_bg_color__hover_enabled=\u00a0\u00bboff\u00a0\u00bb button_one_bg_color__hover_enabled=\u00a0\u00bboff\u00a0\u00bb button_two_bg_color__hover_enabled=\u00a0\u00bboff\u00a0\u00bb][\/et_pb_contact_field][et_pb_contact_field field_id=\u00a0\u00bbPr\u00e9nom\u00a0\u00bb field_title=\u00a0\u00bbPr\u00e9nom\u00a0\u00bb fullwidth_field=\u00a0\u00bbon\u00a0\u00bb _builder_version=\u00a0\u00bb4.27.4&Prime; _module_preset=\u00a0\u00bbdefault\u00a0\u00bb global_colors_info=\u00a0\u00bb{}\u00a0\u00bb][\/et_pb_contact_field][et_pb_contact_field field_id=\u00a0\u00bbEmail\u00a0\u00bb field_title=\u00a0\u00bbAdresse e-mail\u00a0\u00bb field_type=\u00a0\u00bbemail\u00a0\u00bb _builder_version=\u00a0\u00bb4.16&Prime; global_colors_info=\u00a0\u00bb{}\u00a0\u00bb button_text_size__hover_enabled=\u00a0\u00bboff\u00a0\u00bb button_one_text_size__hover_enabled=\u00a0\u00bboff\u00a0\u00bb button_two_text_size__hover_enabled=\u00a0\u00bboff\u00a0\u00bb button_text_color__hover_enabled=\u00a0\u00bboff\u00a0\u00bb button_one_text_color__hover_enabled=\u00a0\u00bboff\u00a0\u00bb button_two_text_color__hover_enabled=\u00a0\u00bboff\u00a0\u00bb button_border_width__hover_enabled=\u00a0\u00bboff\u00a0\u00bb button_one_border_width__hover_enabled=\u00a0\u00bboff\u00a0\u00bb button_two_border_width__hover_enabled=\u00a0\u00bboff\u00a0\u00bb button_border_color__hover_enabled=\u00a0\u00bboff\u00a0\u00bb button_one_border_color__hover_enabled=\u00a0\u00bboff\u00a0\u00bb button_two_border_color__hover_enabled=\u00a0\u00bboff\u00a0\u00bb button_border_radius__hover_enabled=\u00a0\u00bboff\u00a0\u00bb button_one_border_radius__hover_enabled=\u00a0\u00bboff\u00a0\u00bb button_two_border_radius__hover_enabled=\u00a0\u00bboff\u00a0\u00bb button_letter_spacing__hover_enabled=\u00a0\u00bboff\u00a0\u00bb button_one_letter_spacing__hover_enabled=\u00a0\u00bboff\u00a0\u00bb button_two_letter_spacing__hover_enabled=\u00a0\u00bboff\u00a0\u00bb button_bg_color__hover_enabled=\u00a0\u00bboff\u00a0\u00bb button_one_bg_color__hover_enabled=\u00a0\u00bboff\u00a0\u00bb button_two_bg_color__hover_enabled=\u00a0\u00bboff\u00a0\u00bb][\/et_pb_contact_field][et_pb_contact_field field_id=\u00a0\u00bbMessage\u00a0\u00bb field_title=\u00a0\u00bbMessage\u00a0\u00bb field_type=\u00a0\u00bbtext\u00a0\u00bb fullwidth_field=\u00a0\u00bbon\u00a0\u00bb _builder_version=\u00a0\u00bb4.16&Prime; global_colors_info=\u00a0\u00bb{}\u00a0\u00bb button_text_size__hover_enabled=\u00a0\u00bboff\u00a0\u00bb button_one_text_size__hover_enabled=\u00a0\u00bboff\u00a0\u00bb button_two_text_size__hover_enabled=\u00a0\u00bboff\u00a0\u00bb button_text_color__hover_enabled=\u00a0\u00bboff\u00a0\u00bb button_one_text_color__hover_enabled=\u00a0\u00bboff\u00a0\u00bb button_two_text_color__hover_enabled=\u00a0\u00bboff\u00a0\u00bb button_border_width__hover_enabled=\u00a0\u00bboff\u00a0\u00bb button_one_border_width__hover_enabled=\u00a0\u00bboff\u00a0\u00bb button_two_border_width__hover_enabled=\u00a0\u00bboff\u00a0\u00bb button_border_color__hover_enabled=\u00a0\u00bboff\u00a0\u00bb button_one_border_color__hover_enabled=\u00a0\u00bboff\u00a0\u00bb button_two_border_color__hover_enabled=\u00a0\u00bboff\u00a0\u00bb button_border_radius__hover_enabled=\u00a0\u00bboff\u00a0\u00bb button_one_border_radius__hover_enabled=\u00a0\u00bboff\u00a0\u00bb button_two_border_radius__hover_enabled=\u00a0\u00bboff\u00a0\u00bb button_letter_spacing__hover_enabled=\u00a0\u00bboff\u00a0\u00bb button_one_letter_spacing__hover_enabled=\u00a0\u00bboff\u00a0\u00bb button_two_letter_spacing__hover_enabled=\u00a0\u00bboff\u00a0\u00bb button_bg_color__hover_enabled=\u00a0\u00bboff\u00a0\u00bb button_one_bg_color__hover_enabled=\u00a0\u00bboff\u00a0\u00bb button_two_bg_color__hover_enabled=\u00a0\u00bboff\u00a0\u00bb][\/et_pb_contact_field][\/et_pb_contact_form][\/et_pb_column][\/et_pb_row][et_pb_row _builder_version=\u00a0\u00bb4.27.4&Prime; _module_preset=\u00a0\u00bbdefault\u00a0\u00bb global_colors_info=\u00a0\u00bb{}\u00a0\u00bb][et_pb_column type=\u00a0\u00bb4_4&Prime; _builder_version=\u00a0\u00bb4.27.4&Prime; _module_preset=\u00a0\u00bbdefault\u00a0\u00bb global_colors_info=\u00a0\u00bb{}\u00a0\u00bb][et_pb_cta title=\u00a0\u00bbMERCI !\u00a0\u00bb button_text=\u00a0\u00bbClics\u00a0\u00bb _builder_version=\u00a0\u00bb4.27.4&Prime; _module_preset=\u00a0\u00bbdefault\u00a0\u00bb background_color=\u00a0\u00bb#1e1e1e\u00a0\u00bb border_width_all=\u00a0\u00bb5px\u00a0\u00bb global_colors_info=\u00a0\u00bb{}\u00a0\u00bb]<\/p>\n<p><span style=\"color: #999999\">Nous sommes fiers d\u2019accompagner athl\u00e8tes, clubs et passionn\u00e9s dans leurs projets sportifs. Si vous souhaitez en savoir plus sur nos services, rejoindre notre \u00e9quipe ou lancer une nouvelle collaboration, notre agence est l\u00e0 pour vous. N\u2019h\u00e9sitez pas \u00e0 nous contacter : l\u2019aventure commence ici. \u00c0 tr\u00e8s bient\u00f4t sur le terrain !<\/span><\/p>\n<p>[\/et_pb_cta][\/et_pb_column][\/et_pb_row][et_pb_row column_structure=\u00a0\u00bb1_3,1_3,1_3&Prime; _builder_version=\u00a0\u00bb4.27.4&Prime; _module_preset=\u00a0\u00bbdefault\u00a0\u00bb global_colors_info=\u00a0\u00bb{}\u00a0\u00bb][et_pb_column type=\u00a0\u00bb1_3&Prime; _builder_version=\u00a0\u00bb4.27.4&Prime; _module_preset=\u00a0\u00bbdefault\u00a0\u00bb global_colors_info=\u00a0\u00bb{}\u00a0\u00bb][et_pb_image src=\u00a0\u00bbhttps:\/\/3sport2025.ppawebdesign.com\/d3\/wp-content\/uploads\/sites\/18\/2025\/12\/IMG_8397.jpeg\u00a0\u00bb title_text=\u00a0\u00bbIMG_8397&Prime; _builder_version=\u00a0\u00bb4.27.4&Prime; _module_preset=\u00a0\u00bbdefault\u00a0\u00bb hover_enabled=\u00a0\u00bb0&Prime; global_colors_info=\u00a0\u00bb{}\u00a0\u00bb sticky_enabled=\u00a0\u00bb0&Prime;][\/et_pb_image][\/et_pb_column][et_pb_column type=\u00a0\u00bb1_3&Prime; _builder_version=\u00a0\u00bb4.27.4&Prime; _module_preset=\u00a0\u00bbdefault\u00a0\u00bb global_colors_info=\u00a0\u00bb{}\u00a0\u00bb][et_pb_image src=\u00a0\u00bbhttps:\/\/3sport2025.ppawebdesign.com\/d3\/wp-content\/uploads\/sites\/18\/2025\/12\/IMG_2472-1-1.jpeg\u00a0\u00bb title_text=\u00a0\u00bbIMG_2472 (1) (1)\u00a0\u00bb _builder_version=\u00a0\u00bb4.27.4&Prime; _module_preset=\u00a0\u00bbdefault\u00a0\u00bb hover_enabled=\u00a0\u00bb0&Prime; global_colors_info=\u00a0\u00bb{}\u00a0\u00bb sticky_enabled=\u00a0\u00bb0&Prime;][\/et_pb_image][\/et_pb_column][et_pb_column type=\u00a0\u00bb1_3&Prime; _builder_version=\u00a0\u00bb4.27.4&Prime; _module_preset=\u00a0\u00bbdefault\u00a0\u00bb global_colors_info=\u00a0\u00bb{}\u00a0\u00bb][et_pb_image src=\u00a0\u00bbhttps:\/\/3sport2025.ppawebdesign.com\/d3\/wp-content\/uploads\/sites\/18\/2025\/12\/IMG_8405.jpeg\u00a0\u00bb title_text=\u00a0\u00bbIMG_8405&Prime; _builder_version=\u00a0\u00bb4.27.4&Prime; _module_preset=\u00a0\u00bbdefault\u00a0\u00bb hover_enabled=\u00a0\u00bb0&Prime; global_colors_info=\u00a0\u00bb{}\u00a0\u00bb sticky_enabled=\u00a0\u00bb0&Prime;][\/et_pb_image][\/et_pb_column][\/et_pb_row][\/et_pb_section]<\/p>\n","protected":false},"excerpt":{"rendered":"<p>Une question, un projet ou besoin d\u2019informations ? Notre \u00e9quipe est \u00e0 votre \u00e9coute.Remplissez le formulaire ci-dessous ou \u00e9crivez-nous directement : nous vous r\u00e9pondrons dans les plus brefs d\u00e9lais.Nous sommes fiers d\u2019accompagner athl\u00e8tes, clubs et passionn\u00e9s dans leurs projets sportifs. Si vous souhaitez en savoir plus sur nos services, rejoindre notre \u00e9quipe ou lancer une [&hellip;]<\/p>\n","protected":false},"author":96,"featured_media":0,"parent":0,"menu_order":0,"comment_status":"closed","ping_status":"closed","template":"","meta":{"_et_pb_use_builder":"on","_et_pb_old_content":"","_et_gb_content_width":"","footnotes":""},"class_list":["post-20","page","type-page","status-publish","hentry"],"yoast_head":"<!-- This site is optimized with the Yoast SEO plugin v26.5 - https:\/\/yoast.com\/wordpress\/plugins\/seo\/ -->\n<title>Contact PHEVENT - question? projet d&#039;\u00e9v\u00e9nement?<\/title>\n<meta name=\"description\" content=\"Une question sur le Top Boy Tournament ou un projet d&#039;\u00e9v\u00e9nement ? Contactez l&#039;\u00e9quipe PHEVENT. Formulaire de contact.\" \/>\n<meta name=\"robots\" content=\"index, follow, max-snippet:-1, max-image-preview:large, max-video-preview:-1\" \/>\n<link rel=\"canonical\" href=\"https:\/\/3sport2025.ppawebdesign.com\/d3\/contact-nous\/\" \/>\n<meta property=\"og:locale\" content=\"fr_FR\" \/>\n<meta property=\"og:type\" content=\"article\" \/>\n<meta property=\"og:title\" content=\"Contact PHEVENT - question? projet d&#039;\u00e9v\u00e9nement?\" \/>\n<meta property=\"og:description\" content=\"Une question sur le Top Boy Tournament ou un projet d&#039;\u00e9v\u00e9nement ? Contactez l&#039;\u00e9quipe PHEVENT. Formulaire de contact.\" \/>\n<meta property=\"og:url\" content=\"https:\/\/3sport2025.ppawebdesign.com\/d3\/contact-nous\/\" \/>\n<meta property=\"og:site_name\" content=\"Phevent Agency\" \/>\n<meta property=\"article:modified_time\" content=\"2025-12-05T09:11:57+00:00\" \/>\n<meta name=\"twitter:card\" content=\"summary_large_image\" \/>\n<meta name=\"twitter:label1\" content=\"Dur\u00e9e de lecture estim\u00e9e\" \/>\n\t<meta name=\"twitter:data1\" content=\"2 minutes\" \/>\n<script type=\"application\/ld+json\" class=\"yoast-schema-graph\">{\"@context\":\"https:\/\/schema.org\",\"@graph\":[{\"@type\":\"WebPage\",\"@id\":\"https:\/\/3sport2025.ppawebdesign.com\/d3\/contact-nous\/\",\"url\":\"https:\/\/3sport2025.ppawebdesign.com\/d3\/contact-nous\/\",\"name\":\"Contact PHEVENT - question? projet d'\u00e9v\u00e9nement?\",\"isPartOf\":{\"@id\":\"https:\/\/3sport2025.ppawebdesign.com\/d3\/#website\"},\"datePublished\":\"2025-12-02T10:14:17+00:00\",\"dateModified\":\"2025-12-05T09:11:57+00:00\",\"description\":\"Une question sur le Top Boy Tournament ou un projet d'\u00e9v\u00e9nement ? Contactez l'\u00e9quipe PHEVENT. Formulaire de contact.\",\"breadcrumb\":{\"@id\":\"https:\/\/3sport2025.ppawebdesign.com\/d3\/contact-nous\/#breadcrumb\"},\"inLanguage\":\"fr-FR\",\"potentialAction\":[{\"@type\":\"ReadAction\",\"target\":[\"https:\/\/3sport2025.ppawebdesign.com\/d3\/contact-nous\/\"]}]},{\"@type\":\"BreadcrumbList\",\"@id\":\"https:\/\/3sport2025.ppawebdesign.com\/d3\/contact-nous\/#breadcrumb\",\"itemListElement\":[{\"@type\":\"ListItem\",\"position\":1,\"name\":\"Accueil\",\"item\":\"https:\/\/3sport2025.ppawebdesign.com\/d3\/\"},{\"@type\":\"ListItem\",\"position\":2,\"name\":\"contact nous\"}]},{\"@type\":\"WebSite\",\"@id\":\"https:\/\/3sport2025.ppawebdesign.com\/d3\/#website\",\"url\":\"https:\/\/3sport2025.ppawebdesign.com\/d3\/\",\"name\":\"Phevent Agency\",\"description\":\"\",\"publisher\":{\"@id\":\"https:\/\/3sport2025.ppawebdesign.com\/d3\/#organization\"},\"potentialAction\":[{\"@type\":\"SearchAction\",\"target\":{\"@type\":\"EntryPoint\",\"urlTemplate\":\"https:\/\/3sport2025.ppawebdesign.com\/d3\/?s={search_term_string}\"},\"query-input\":{\"@type\":\"PropertyValueSpecification\",\"valueRequired\":true,\"valueName\":\"search_term_string\"}}],\"inLanguage\":\"fr-FR\"},{\"@type\":\"Organization\",\"@id\":\"https:\/\/3sport2025.ppawebdesign.com\/d3\/#organization\",\"name\":\"Phevent Agency\",\"url\":\"https:\/\/3sport2025.ppawebdesign.com\/d3\/\",\"logo\":{\"@type\":\"ImageObject\",\"inLanguage\":\"fr-FR\",\"@id\":\"https:\/\/3sport2025.ppawebdesign.com\/d3\/#\/schema\/logo\/image\/\",\"url\":\"https:\/\/3sport2025.ppawebdesign.com\/d3\/wp-content\/uploads\/sites\/18\/2025\/12\/cropped-Benchmark-2.png\",\"contentUrl\":\"https:\/\/3sport2025.ppawebdesign.com\/d3\/wp-content\/uploads\/sites\/18\/2025\/12\/cropped-Benchmark-2.png\",\"width\":512,\"height\":512,\"caption\":\"Phevent Agency\"},\"image\":{\"@id\":\"https:\/\/3sport2025.ppawebdesign.com\/d3\/#\/schema\/logo\/image\/\"},\"sameAs\":[\"https:\/\/www.instagram.com\/phevent.sport\/?utm_source=ig_web_button_share_sheet\"]}]}<\/script>\n<!-- \/ Yoast SEO plugin. -->","yoast_head_json":{"title":"Contact PHEVENT - question? projet d'\u00e9v\u00e9nement?","description":"Une question sur le Top Boy Tournament ou un projet d'\u00e9v\u00e9nement ? Contactez l'\u00e9quipe PHEVENT. Formulaire de contact.","robots":{"index":"index","follow":"follow","max-snippet":"max-snippet:-1","max-image-preview":"max-image-preview:large","max-video-preview":"max-video-preview:-1"},"canonical":"https:\/\/3sport2025.ppawebdesign.com\/d3\/contact-nous\/","og_locale":"fr_FR","og_type":"article","og_title":"Contact PHEVENT - question? projet d'\u00e9v\u00e9nement?","og_description":"Une question sur le Top Boy Tournament ou un projet d'\u00e9v\u00e9nement ? Contactez l'\u00e9quipe PHEVENT. Formulaire de contact.","og_url":"https:\/\/3sport2025.ppawebdesign.com\/d3\/contact-nous\/","og_site_name":"Phevent Agency","article_modified_time":"2025-12-05T09:11:57+00:00","twitter_card":"summary_large_image","twitter_misc":{"Dur\u00e9e de lecture estim\u00e9e":"2 minutes"},"schema":{"@context":"https:\/\/schema.org","@graph":[{"@type":"WebPage","@id":"https:\/\/3sport2025.ppawebdesign.com\/d3\/contact-nous\/","url":"https:\/\/3sport2025.ppawebdesign.com\/d3\/contact-nous\/","name":"Contact PHEVENT - question? projet d'\u00e9v\u00e9nement?","isPartOf":{"@id":"https:\/\/3sport2025.ppawebdesign.com\/d3\/#website"},"datePublished":"2025-12-02T10:14:17+00:00","dateModified":"2025-12-05T09:11:57+00:00","description":"Une question sur le Top Boy Tournament ou un projet d'\u00e9v\u00e9nement ? Contactez l'\u00e9quipe PHEVENT. Formulaire de contact.","breadcrumb":{"@id":"https:\/\/3sport2025.ppawebdesign.com\/d3\/contact-nous\/#breadcrumb"},"inLanguage":"fr-FR","potentialAction":[{"@type":"ReadAction","target":["https:\/\/3sport2025.ppawebdesign.com\/d3\/contact-nous\/"]}]},{"@type":"BreadcrumbList","@id":"https:\/\/3sport2025.ppawebdesign.com\/d3\/contact-nous\/#breadcrumb","itemListElement":[{"@type":"ListItem","position":1,"name":"Accueil","item":"https:\/\/3sport2025.ppawebdesign.com\/d3\/"},{"@type":"ListItem","position":2,"name":"contact nous"}]},{"@type":"WebSite","@id":"https:\/\/3sport2025.ppawebdesign.com\/d3\/#website","url":"https:\/\/3sport2025.ppawebdesign.com\/d3\/","name":"Phevent Agency","description":"","publisher":{"@id":"https:\/\/3sport2025.ppawebdesign.com\/d3\/#organization"},"potentialAction":[{"@type":"SearchAction","target":{"@type":"EntryPoint","urlTemplate":"https:\/\/3sport2025.ppawebdesign.com\/d3\/?s={search_term_string}"},"query-input":{"@type":"PropertyValueSpecification","valueRequired":true,"valueName":"search_term_string"}}],"inLanguage":"fr-FR"},{"@type":"Organization","@id":"https:\/\/3sport2025.ppawebdesign.com\/d3\/#organization","name":"Phevent Agency","url":"https:\/\/3sport2025.ppawebdesign.com\/d3\/","logo":{"@type":"ImageObject","inLanguage":"fr-FR","@id":"https:\/\/3sport2025.ppawebdesign.com\/d3\/#\/schema\/logo\/image\/","url":"https:\/\/3sport2025.ppawebdesign.com\/d3\/wp-content\/uploads\/sites\/18\/2025\/12\/cropped-Benchmark-2.png","contentUrl":"https:\/\/3sport2025.ppawebdesign.com\/d3\/wp-content\/uploads\/sites\/18\/2025\/12\/cropped-Benchmark-2.png","width":512,"height":512,"caption":"Phevent Agency"},"image":{"@id":"https:\/\/3sport2025.ppawebdesign.com\/d3\/#\/schema\/logo\/image\/"},"sameAs":["https:\/\/www.instagram.com\/phevent.sport\/?utm_source=ig_web_button_share_sheet"]}]}},"_links":{"self":[{"href":"https:\/\/3sport2025.ppawebdesign.com\/d3\/wp-json\/wp\/v2\/pages\/20","targetHints":{"allow":["GET"]}}],"collection":[{"href":"https:\/\/3sport2025.ppawebdesign.com\/d3\/wp-json\/wp\/v2\/pages"}],"about":[{"href":"https:\/\/3sport2025.ppawebdesign.com\/d3\/wp-json\/wp\/v2\/types\/page"}],"author":[{"embeddable":true,"href":"https:\/\/3sport2025.ppawebdesign.com\/d3\/wp-json\/wp\/v2\/users\/96"}],"replies":[{"embeddable":true,"href":"https:\/\/3sport2025.ppawebdesign.com\/d3\/wp-json\/wp\/v2\/comments?post=20"}],"version-history":[{"count":30,"href":"https:\/\/3sport2025.ppawebdesign.com\/d3\/wp-json\/wp\/v2\/pages\/20\/revisions"}],"predecessor-version":[{"id":407,"href":"https:\/\/3sport2025.ppawebdesign.com\/d3\/wp-json\/wp\/v2\/pages\/20\/revisions\/407"}],"wp:attachment":[{"href":"https:\/\/3sport2025.ppawebdesign.com\/d3\/wp-json\/wp\/v2\/media?parent=20"}],"curies":[{"name":"wp","href":"https:\/\/api.w.org\/{rel}","templated":true}]}}