{"id":26,"date":"2025-12-02T11:14:04","date_gmt":"2025-12-02T10:14:04","guid":{"rendered":"https:\/\/3sport2025.ppawebdesign.com\/d3\/?page_id=26"},"modified":"2025-12-05T10:08:38","modified_gmt":"2025-12-05T09:08:38","slug":"equipe","status":"publish","type":"page","link":"https:\/\/3sport2025.ppawebdesign.com\/d3\/equipe\/","title":{"rendered":"\u00e9quipe"},"content":{"rendered":"<p>[et_pb_section fb_built=\u00a0\u00bb1&Prime; _builder_version=\u00a0\u00bb4.27.4&Prime; _module_preset=\u00a0\u00bbdefault\u00a0\u00bb background_color=\u00a0\u00bb#121212&Prime; global_colors_info=\u00a0\u00bb{}\u00a0\u00bb][et_pb_row _builder_version=\u00a0\u00bb4.27.4&Prime; _module_preset=\u00a0\u00bbdefault\u00a0\u00bb hover_enabled=\u00a0\u00bb0&Prime; global_colors_info=\u00a0\u00bb{}\u00a0\u00bb sticky_enabled=\u00a0\u00bb0&Prime;][et_pb_column type=\u00a0\u00bb4_4&Prime; _builder_version=\u00a0\u00bb4.27.4&Prime; _module_preset=\u00a0\u00bbdefault\u00a0\u00bb hover_enabled=\u00a0\u00bb0&Prime; global_colors_info=\u00a0\u00bb{}\u00a0\u00bb sticky_enabled=\u00a0\u00bb0&Prime;][et_pb_text _builder_version=\u00a0\u00bb4.27.4&Prime; _module_preset=\u00a0\u00bbdefault\u00a0\u00bb background_color=\u00a0\u00bbRGBA(255,255,255,0)\u00a0\u00bb hover_enabled=\u00a0\u00bb0&Prime; global_colors_info=\u00a0\u00bb{}\u00a0\u00bb sticky_enabled=\u00a0\u00bb0&Prime;]<\/p>\n<h1 style=\"text-align: center\"><span style=\"color: #ff6600\">L&rsquo;AGENCE PHEVENT<\/span><\/h1>\n<p style=\"text-align: center\"><span style=\"color: #ffffff\">\u00ab\u00a0Anciens sportifs qui r\u00eavaient plus grand. nous vous faisons vivre l&rsquo;\u00e9motion du sport \u00e0 travers des \u00e9v\u00e9nements uniques.\u00a0\u00bb<\/span><\/p>\n<p>[\/et_pb_text][et_pb_text _builder_version=\u00a0\u00bb4.27.4&Prime; _module_preset=\u00a0\u00bbdefault\u00a0\u00bb min_height=\u00a0\u00bb35px\u00a0\u00bb global_colors_info=\u00a0\u00bb{}\u00a0\u00bb]<\/p>\n<h1 style=\"text-align: center\"><strong><span style=\"color: #ffffff\">L&rsquo;EQUIPE<\/span><\/strong><\/h1>\n<p>[\/et_pb_text][\/et_pb_column][\/et_pb_row][et_pb_row column_structure=\u00a0\u00bb1_2,1_2&Prime; _builder_version=\u00a0\u00bb4.27.4&Prime; _module_preset=\u00a0\u00bbdefault\u00a0\u00bb custom_margin=\u00a0\u00bb|auto|-117px|auto||\u00a0\u00bb custom_padding=\u00a0\u00bb5px|||||\u00a0\u00bb global_colors_info=\u00a0\u00bb{}\u00a0\u00bb][et_pb_column type=\u00a0\u00bb1_2&Prime; _builder_version=\u00a0\u00bb4.27.4&Prime; _module_preset=\u00a0\u00bbdefault\u00a0\u00bb global_colors_info=\u00a0\u00bb{}\u00a0\u00bb][et_pb_image src=\u00a0\u00bbhttps:\/\/3sport2025.ppawebdesign.com\/d3\/wp-content\/uploads\/sites\/18\/2025\/12\/PHEVENT-1-1.png\u00a0\u00bb title_text=\u00a0\u00bbPHEVENT (1)\u00a0\u00bb _builder_version=\u00a0\u00bb4.27.4&Prime; _module_preset=\u00a0\u00bbdefault\u00a0\u00bb background_color=\u00a0\u00bb#000000&Prime; width=\u00a0\u00bb100%\u00a0\u00bb custom_margin=\u00a0\u00bb|-302px|0px||false|false\u00a0\u00bb custom_padding=\u00a0\u00bb|0px||0px||\u00a0\u00bb border_radii=\u00a0\u00bbon|3px|3px|3px|3px\u00a0\u00bb border_width_all=\u00a0\u00bb5px\u00a0\u00bb global_colors_info=\u00a0\u00bb{}\u00a0\u00bb][\/et_pb_image][et_pb_image src=\u00a0\u00bbhttps:\/\/3sport2025.ppawebdesign.com\/d3\/wp-content\/uploads\/sites\/18\/2025\/12\/PHEVENT-6.png\u00a0\u00bb title_text=\u00a0\u00bbPHEVENT (6)\u00a0\u00bb _builder_version=\u00a0\u00bb4.27.4&Prime; _module_preset=\u00a0\u00bbdefault\u00a0\u00bb background_color=\u00a0\u00bb#000000&Prime; width=\u00a0\u00bb100%\u00a0\u00bb custom_margin=\u00a0\u00bb|-302px|0px||false|false\u00a0\u00bb custom_padding=\u00a0\u00bb|0px|0px|0px||\u00a0\u00bb border_radii=\u00a0\u00bbon|3px|3px|3px|3px\u00a0\u00bb border_width_all=\u00a0\u00bb5px\u00a0\u00bb global_colors_info=\u00a0\u00bb{}\u00a0\u00bb][\/et_pb_image][et_pb_image src=\u00a0\u00bbhttps:\/\/3sport2025.ppawebdesign.com\/d3\/wp-content\/uploads\/sites\/18\/2025\/12\/PHEVENT-7.png\u00a0\u00bb title_text=\u00a0\u00bbPHEVENT (7)\u00a0\u00bb _builder_version=\u00a0\u00bb4.27.4&Prime; _module_preset=\u00a0\u00bbdefault\u00a0\u00bb background_color=\u00a0\u00bb#000000&Prime; custom_padding=\u00a0\u00bb0px||||false|false\u00a0\u00bb border_radii=\u00a0\u00bbon|3px|3px|3px|3px\u00a0\u00bb border_width_all=\u00a0\u00bb5px\u00a0\u00bb global_colors_info=\u00a0\u00bb{}\u00a0\u00bb][\/et_pb_image][\/et_pb_column][et_pb_column type=\u00a0\u00bb1_2&Prime; _builder_version=\u00a0\u00bb4.27.4&Prime; _module_preset=\u00a0\u00bbdefault\u00a0\u00bb global_colors_info=\u00a0\u00bb{}\u00a0\u00bb][et_pb_image src=\u00a0\u00bbhttps:\/\/3sport2025.ppawebdesign.com\/d3\/wp-content\/uploads\/sites\/18\/2025\/12\/PHEVENT-2.png\u00a0\u00bb title_text=\u00a0\u00bbPHEVENT (2)\u00a0\u00bb _builder_version=\u00a0\u00bb4.27.4&Prime; _module_preset=\u00a0\u00bbdefault\u00a0\u00bb background_color=\u00a0\u00bb#000000&Prime; custom_margin=\u00a0\u00bb0px||0px||false|false\u00a0\u00bb custom_padding=\u00a0\u00bb0px|||||\u00a0\u00bb border_radii=\u00a0\u00bbon|3px|3px|3px|3px\u00a0\u00bb border_width_all=\u00a0\u00bb5px\u00a0\u00bb global_colors_info=\u00a0\u00bb{}\u00a0\u00bb][\/et_pb_image][et_pb_image src=\u00a0\u00bbhttps:\/\/3sport2025.ppawebdesign.com\/d3\/wp-content\/uploads\/sites\/18\/2025\/12\/PHEVENT-3.png\u00a0\u00bb title_text=\u00a0\u00bbPHEVENT (3)\u00a0\u00bb _builder_version=\u00a0\u00bb4.27.4&Prime; _module_preset=\u00a0\u00bbdefault\u00a0\u00bb background_color=\u00a0\u00bb#000000&Prime; custom_margin=\u00a0\u00bb||0px||false|false\u00a0\u00bb custom_padding=\u00a0\u00bb0px||0px||false|false\u00a0\u00bb border_radii=\u00a0\u00bbon|3px|3px|3px|3px\u00a0\u00bb border_width_all=\u00a0\u00bb5px\u00a0\u00bb global_colors_info=\u00a0\u00bb{}\u00a0\u00bb][\/et_pb_image][et_pb_image src=\u00a0\u00bbhttps:\/\/3sport2025.ppawebdesign.com\/d3\/wp-content\/uploads\/sites\/18\/2025\/12\/PHEVENT-4.png\u00a0\u00bb title_text=\u00a0\u00bbPHEVENT (4)\u00a0\u00bb _builder_version=\u00a0\u00bb4.27.4&Prime; _module_preset=\u00a0\u00bbdefault\u00a0\u00bb background_color=\u00a0\u00bb#000000&Prime; custom_margin=\u00a0\u00bb0px||0px||false|false\u00a0\u00bb border_radii=\u00a0\u00bbon|3px|3px|3px|3px\u00a0\u00bb border_width_all=\u00a0\u00bb5px\u00a0\u00bb global_colors_info=\u00a0\u00bb{}\u00a0\u00bb][\/et_pb_image][\/et_pb_column][\/et_pb_row][et_pb_row _builder_version=\u00a0\u00bb4.27.4&Prime; _module_preset=\u00a0\u00bbdefault\u00a0\u00bb global_colors_info=\u00a0\u00bb{}\u00a0\u00bb][et_pb_column type=\u00a0\u00bb4_4&Prime; _builder_version=\u00a0\u00bb4.27.4&Prime; _module_preset=\u00a0\u00bbdefault\u00a0\u00bb global_colors_info=\u00a0\u00bb{}\u00a0\u00bb][et_pb_image src=\u00a0\u00bbhttps:\/\/3sport2025.ppawebdesign.com\/d3\/wp-content\/uploads\/sites\/18\/2025\/12\/PHEVENT-5.png\u00a0\u00bb title_text=\u00a0\u00bbPHEVENT (5)\u00a0\u00bb _builder_version=\u00a0\u00bb4.27.4&Prime; _module_preset=\u00a0\u00bbdefault\u00a0\u00bb background_color=\u00a0\u00bb#000000&Prime; width=\u00a0\u00bb46.4%\u00a0\u00bb custom_padding=\u00a0\u00bb||0px|||\u00a0\u00bb border_width_all=\u00a0\u00bb5px\u00a0\u00bb global_colors_info=\u00a0\u00bb{}\u00a0\u00bb][\/et_pb_image][\/et_pb_column][\/et_pb_row][et_pb_row _builder_version=\u00a0\u00bb4.27.4&Prime; _module_preset=\u00a0\u00bbdefault\u00a0\u00bb global_colors_info=\u00a0\u00bb{}\u00a0\u00bb][et_pb_column type=\u00a0\u00bb4_4&Prime; _builder_version=\u00a0\u00bb4.27.4&Prime; _module_preset=\u00a0\u00bbdefault\u00a0\u00bb global_colors_info=\u00a0\u00bb{}\u00a0\u00bb][et_pb_text _builder_version=\u00a0\u00bb4.27.4&Prime; _module_preset=\u00a0\u00bbdefault\u00a0\u00bb min_height=\u00a0\u00bb35px\u00a0\u00bb global_colors_info=\u00a0\u00bb{}\u00a0\u00bb]<\/p>\n<h1 style=\"text-align: center\"><strong><span style=\"color: #ffffff\">ILS NOUS SOUTIENNENT<\/span><\/strong><\/h1>\n<p>[\/et_pb_text][\/et_pb_column][\/et_pb_row][et_pb_row column_structure=\u00a0\u00bb1_3,1_3,1_3&Prime; _builder_version=\u00a0\u00bb4.27.4&Prime; _module_preset=\u00a0\u00bbdefault\u00a0\u00bb custom_padding=\u00a0\u00bb2px|||||\u00a0\u00bb global_colors_info=\u00a0\u00bb{}\u00a0\u00bb][et_pb_column type=\u00a0\u00bb1_3&Prime; _builder_version=\u00a0\u00bb4.27.4&Prime; _module_preset=\u00a0\u00bbdefault\u00a0\u00bb global_colors_info=\u00a0\u00bb{}\u00a0\u00bb][et_pb_image src=\u00a0\u00bbhttps:\/\/3sport2025.ppawebdesign.com\/d3\/wp-content\/uploads\/sites\/18\/2025\/12\/Benchmark-6.png\u00a0\u00bb title_text=\u00a0\u00bb&amp;Benchmark\u00a0\u00bb url=\u00a0\u00bbhttps:\/\/www.instagram.com\/carpetballers\/\u00a0\u00bb _builder_version=\u00a0\u00bb4.27.4&Prime; _module_preset=\u00a0\u00bbdefault\u00a0\u00bb custom_padding=\u00a0\u00bb0px|||||\u00a0\u00bb global_colors_info=\u00a0\u00bb{}\u00a0\u00bb][\/et_pb_image][\/et_pb_column][et_pb_column type=\u00a0\u00bb1_3&Prime; _builder_version=\u00a0\u00bb4.27.4&Prime; _module_preset=\u00a0\u00bbdefault\u00a0\u00bb global_colors_info=\u00a0\u00bb{}\u00a0\u00bb][et_pb_image src=\u00a0\u00bbhttps:\/\/3sport2025.ppawebdesign.com\/d3\/wp-content\/uploads\/sites\/18\/2025\/12\/Benchmark-5.png\u00a0\u00bb title_text=\u00a0\u00bbBenchmark&amp;\u00a0\u00bb url=\u00a0\u00bbhttps:\/\/www.redbull.com\/fr-fr\u00a0\u00bb align=\u00a0\u00bbcenter\u00a0\u00bb _builder_version=\u00a0\u00bb4.27.4&Prime; _module_preset=\u00a0\u00bbdefault\u00a0\u00bb width=\u00a0\u00bb77%\u00a0\u00bb max_width=\u00a0\u00bb64%\u00a0\u00bb min_height=\u00a0\u00bb169px\u00a0\u00bb height=\u00a0\u00bb100px\u00a0\u00bb custom_margin=\u00a0\u00bb-33px||-29px|||\u00a0\u00bb custom_padding=\u00a0\u00bb34px||0px|||\u00a0\u00bb global_colors_info=\u00a0\u00bb{}\u00a0\u00bb][\/et_pb_image][\/et_pb_column][et_pb_column type=\u00a0\u00bb1_3&Prime; _builder_version=\u00a0\u00bb4.27.4&Prime; _module_preset=\u00a0\u00bbdefault\u00a0\u00bb global_colors_info=\u00a0\u00bb{}\u00a0\u00bb][et_pb_image src=\u00a0\u00bbhttps:\/\/3sport2025.ppawebdesign.com\/d3\/wp-content\/uploads\/sites\/18\/2025\/12\/PHEVENT-8.png\u00a0\u00bb title_text=\u00a0\u00bbPHEVENT (8)\u00a0\u00bb url=\u00a0\u00bbhttps:\/\/studimove.fr\/\u00a0\u00bb _builder_version=\u00a0\u00bb4.27.4&Prime; _module_preset=\u00a0\u00bbdefault\u00a0\u00bb global_colors_info=\u00a0\u00bb{}\u00a0\u00bb][\/et_pb_image][\/et_pb_column][\/et_pb_row][\/et_pb_section]<\/p>\n","protected":false},"excerpt":{"rendered":"<p>L&rsquo;AGENCE PHEVENT \u00ab\u00a0Anciens sportifs qui r\u00eavaient plus grand. nous vous faisons vivre l&rsquo;\u00e9motion du sport \u00e0 travers des \u00e9v\u00e9nements uniques.\u00a0\u00bbL&rsquo;EQUIPEILS NOUS SOUTIENNENT<\/p>\n","protected":false},"author":96,"featured_media":0,"parent":0,"menu_order":0,"comment_status":"closed","ping_status":"closed","template":"","meta":{"_et_pb_use_builder":"on","_et_pb_old_content":"","_et_gb_content_width":"","footnotes":""},"class_list":["post-26","page","type-page","status-publish","hentry"],"yoast_head":"<!-- This site is optimized with the Yoast SEO plugin v26.5 - https:\/\/yoast.com\/wordpress\/plugins\/seo\/ -->\n<title>L&#039;\u00c9quipe - Experts en Organisation d&#039;\u00c9v\u00e9nements Sportifs<\/title>\n<meta name=\"description\" content=\"Rencontrez l&#039;\u00e9quipe derri\u00e8re PHEVENT. Des passionn\u00e9s de sport experts en communication et d&#039;Organisation d&#039;\u00c9v\u00e9nements Sportifs\" \/>\n<meta name=\"robots\" content=\"index, follow, max-snippet:-1, max-image-preview:large, max-video-preview:-1\" \/>\n<link rel=\"canonical\" href=\"https:\/\/3sport2025.ppawebdesign.com\/d3\/equipe\/\" \/>\n<meta property=\"og:locale\" content=\"fr_FR\" \/>\n<meta property=\"og:type\" content=\"article\" \/>\n<meta property=\"og:title\" content=\"L&#039;\u00c9quipe - Experts en Organisation d&#039;\u00c9v\u00e9nements Sportifs\" \/>\n<meta property=\"og:description\" content=\"Rencontrez l&#039;\u00e9quipe derri\u00e8re PHEVENT. Des passionn\u00e9s de sport experts en communication et d&#039;Organisation d&#039;\u00c9v\u00e9nements Sportifs\" \/>\n<meta property=\"og:url\" content=\"https:\/\/3sport2025.ppawebdesign.com\/d3\/equipe\/\" \/>\n<meta property=\"og:site_name\" content=\"Phevent Agency\" \/>\n<meta property=\"article:modified_time\" content=\"2025-12-05T09:08:38+00:00\" \/>\n<meta name=\"twitter:card\" content=\"summary_large_image\" \/>\n<meta name=\"twitter:label1\" content=\"Dur\u00e9e de lecture estim\u00e9e\" \/>\n\t<meta name=\"twitter:data1\" content=\"3 minutes\" \/>\n<script type=\"application\/ld+json\" class=\"yoast-schema-graph\">{\"@context\":\"https:\/\/schema.org\",\"@graph\":[{\"@type\":\"WebPage\",\"@id\":\"https:\/\/3sport2025.ppawebdesign.com\/d3\/equipe\/\",\"url\":\"https:\/\/3sport2025.ppawebdesign.com\/d3\/equipe\/\",\"name\":\"L'\u00c9quipe - Experts en Organisation d'\u00c9v\u00e9nements Sportifs\",\"isPartOf\":{\"@id\":\"https:\/\/3sport2025.ppawebdesign.com\/d3\/#website\"},\"datePublished\":\"2025-12-02T10:14:04+00:00\",\"dateModified\":\"2025-12-05T09:08:38+00:00\",\"description\":\"Rencontrez l'\u00e9quipe derri\u00e8re PHEVENT. Des passionn\u00e9s de sport experts en communication et d'Organisation d'\u00c9v\u00e9nements Sportifs\",\"breadcrumb\":{\"@id\":\"https:\/\/3sport2025.ppawebdesign.com\/d3\/equipe\/#breadcrumb\"},\"inLanguage\":\"fr-FR\",\"potentialAction\":[{\"@type\":\"ReadAction\",\"target\":[\"https:\/\/3sport2025.ppawebdesign.com\/d3\/equipe\/\"]}]},{\"@type\":\"BreadcrumbList\",\"@id\":\"https:\/\/3sport2025.ppawebdesign.com\/d3\/equipe\/#breadcrumb\",\"itemListElement\":[{\"@type\":\"ListItem\",\"position\":1,\"name\":\"Accueil\",\"item\":\"https:\/\/3sport2025.ppawebdesign.com\/d3\/\"},{\"@type\":\"ListItem\",\"position\":2,\"name\":\"\u00e9quipe\"}]},{\"@type\":\"WebSite\",\"@id\":\"https:\/\/3sport2025.ppawebdesign.com\/d3\/#website\",\"url\":\"https:\/\/3sport2025.ppawebdesign.com\/d3\/\",\"name\":\"Phevent Agency\",\"description\":\"\",\"publisher\":{\"@id\":\"https:\/\/3sport2025.ppawebdesign.com\/d3\/#organization\"},\"potentialAction\":[{\"@type\":\"SearchAction\",\"target\":{\"@type\":\"EntryPoint\",\"urlTemplate\":\"https:\/\/3sport2025.ppawebdesign.com\/d3\/?s={search_term_string}\"},\"query-input\":{\"@type\":\"PropertyValueSpecification\",\"valueRequired\":true,\"valueName\":\"search_term_string\"}}],\"inLanguage\":\"fr-FR\"},{\"@type\":\"Organization\",\"@id\":\"https:\/\/3sport2025.ppawebdesign.com\/d3\/#organization\",\"name\":\"Phevent Agency\",\"url\":\"https:\/\/3sport2025.ppawebdesign.com\/d3\/\",\"logo\":{\"@type\":\"ImageObject\",\"inLanguage\":\"fr-FR\",\"@id\":\"https:\/\/3sport2025.ppawebdesign.com\/d3\/#\/schema\/logo\/image\/\",\"url\":\"https:\/\/3sport2025.ppawebdesign.com\/d3\/wp-content\/uploads\/sites\/18\/2025\/12\/cropped-Benchmark-2.png\",\"contentUrl\":\"https:\/\/3sport2025.ppawebdesign.com\/d3\/wp-content\/uploads\/sites\/18\/2025\/12\/cropped-Benchmark-2.png\",\"width\":512,\"height\":512,\"caption\":\"Phevent Agency\"},\"image\":{\"@id\":\"https:\/\/3sport2025.ppawebdesign.com\/d3\/#\/schema\/logo\/image\/\"},\"sameAs\":[\"https:\/\/www.instagram.com\/phevent.sport\/?utm_source=ig_web_button_share_sheet\"]}]}<\/script>\n<!-- \/ Yoast SEO plugin. -->","yoast_head_json":{"title":"L'\u00c9quipe - Experts en Organisation d'\u00c9v\u00e9nements Sportifs","description":"Rencontrez l'\u00e9quipe derri\u00e8re PHEVENT. Des passionn\u00e9s de sport experts en communication et d'Organisation d'\u00c9v\u00e9nements Sportifs","robots":{"index":"index","follow":"follow","max-snippet":"max-snippet:-1","max-image-preview":"max-image-preview:large","max-video-preview":"max-video-preview:-1"},"canonical":"https:\/\/3sport2025.ppawebdesign.com\/d3\/equipe\/","og_locale":"fr_FR","og_type":"article","og_title":"L'\u00c9quipe - Experts en Organisation d'\u00c9v\u00e9nements Sportifs","og_description":"Rencontrez l'\u00e9quipe derri\u00e8re PHEVENT. Des passionn\u00e9s de sport experts en communication et d'Organisation d'\u00c9v\u00e9nements Sportifs","og_url":"https:\/\/3sport2025.ppawebdesign.com\/d3\/equipe\/","og_site_name":"Phevent Agency","article_modified_time":"2025-12-05T09:08:38+00:00","twitter_card":"summary_large_image","twitter_misc":{"Dur\u00e9e de lecture estim\u00e9e":"3 minutes"},"schema":{"@context":"https:\/\/schema.org","@graph":[{"@type":"WebPage","@id":"https:\/\/3sport2025.ppawebdesign.com\/d3\/equipe\/","url":"https:\/\/3sport2025.ppawebdesign.com\/d3\/equipe\/","name":"L'\u00c9quipe - Experts en Organisation d'\u00c9v\u00e9nements Sportifs","isPartOf":{"@id":"https:\/\/3sport2025.ppawebdesign.com\/d3\/#website"},"datePublished":"2025-12-02T10:14:04+00:00","dateModified":"2025-12-05T09:08:38+00:00","description":"Rencontrez l'\u00e9quipe derri\u00e8re PHEVENT. Des passionn\u00e9s de sport experts en communication et d'Organisation d'\u00c9v\u00e9nements Sportifs","breadcrumb":{"@id":"https:\/\/3sport2025.ppawebdesign.com\/d3\/equipe\/#breadcrumb"},"inLanguage":"fr-FR","potentialAction":[{"@type":"ReadAction","target":["https:\/\/3sport2025.ppawebdesign.com\/d3\/equipe\/"]}]},{"@type":"BreadcrumbList","@id":"https:\/\/3sport2025.ppawebdesign.com\/d3\/equipe\/#breadcrumb","itemListElement":[{"@type":"ListItem","position":1,"name":"Accueil","item":"https:\/\/3sport2025.ppawebdesign.com\/d3\/"},{"@type":"ListItem","position":2,"name":"\u00e9quipe"}]},{"@type":"WebSite","@id":"https:\/\/3sport2025.ppawebdesign.com\/d3\/#website","url":"https:\/\/3sport2025.ppawebdesign.com\/d3\/","name":"Phevent Agency","description":"","publisher":{"@id":"https:\/\/3sport2025.ppawebdesign.com\/d3\/#organization"},"potentialAction":[{"@type":"SearchAction","target":{"@type":"EntryPoint","urlTemplate":"https:\/\/3sport2025.ppawebdesign.com\/d3\/?s={search_term_string}"},"query-input":{"@type":"PropertyValueSpecification","valueRequired":true,"valueName":"search_term_string"}}],"inLanguage":"fr-FR"},{"@type":"Organization","@id":"https:\/\/3sport2025.ppawebdesign.com\/d3\/#organization","name":"Phevent Agency","url":"https:\/\/3sport2025.ppawebdesign.com\/d3\/","logo":{"@type":"ImageObject","inLanguage":"fr-FR","@id":"https:\/\/3sport2025.ppawebdesign.com\/d3\/#\/schema\/logo\/image\/","url":"https:\/\/3sport2025.ppawebdesign.com\/d3\/wp-content\/uploads\/sites\/18\/2025\/12\/cropped-Benchmark-2.png","contentUrl":"https:\/\/3sport2025.ppawebdesign.com\/d3\/wp-content\/uploads\/sites\/18\/2025\/12\/cropped-Benchmark-2.png","width":512,"height":512,"caption":"Phevent Agency"},"image":{"@id":"https:\/\/3sport2025.ppawebdesign.com\/d3\/#\/schema\/logo\/image\/"},"sameAs":["https:\/\/www.instagram.com\/phevent.sport\/?utm_source=ig_web_button_share_sheet"]}]}},"_links":{"self":[{"href":"https:\/\/3sport2025.ppawebdesign.com\/d3\/wp-json\/wp\/v2\/pages\/26","targetHints":{"allow":["GET"]}}],"collection":[{"href":"https:\/\/3sport2025.ppawebdesign.com\/d3\/wp-json\/wp\/v2\/pages"}],"about":[{"href":"https:\/\/3sport2025.ppawebdesign.com\/d3\/wp-json\/wp\/v2\/types\/page"}],"author":[{"embeddable":true,"href":"https:\/\/3sport2025.ppawebdesign.com\/d3\/wp-json\/wp\/v2\/users\/96"}],"replies":[{"embeddable":true,"href":"https:\/\/3sport2025.ppawebdesign.com\/d3\/wp-json\/wp\/v2\/comments?post=26"}],"version-history":[{"count":19,"href":"https:\/\/3sport2025.ppawebdesign.com\/d3\/wp-json\/wp\/v2\/pages\/26\/revisions"}],"predecessor-version":[{"id":402,"href":"https:\/\/3sport2025.ppawebdesign.com\/d3\/wp-json\/wp\/v2\/pages\/26\/revisions\/402"}],"wp:attachment":[{"href":"https:\/\/3sport2025.ppawebdesign.com\/d3\/wp-json\/wp\/v2\/media?parent=26"}],"curies":[{"name":"wp","href":"https:\/\/api.w.org\/{rel}","templated":true}]}}